{"id":26570,"date":"2025-06-27T09:19:48","date_gmt":"2025-06-27T07:19:48","guid":{"rendered":"https:\/\/9staedte.de\/foerklaring-om-tillgaenglighet\/"},"modified":"2025-06-27T09:19:48","modified_gmt":"2025-06-27T07:19:48","slug":"foerklaring-om-tillgaenglighet","status":"publish","type":"page","link":"https:\/\/9staedte.de\/sv\/foerklaring-om-tillgaenglighet\/","title":{"rendered":"F\u00f6rklaring om tillg\u00e4nglighet"},"content":{"rendered":"\n<p>Operat\u00f6rerna av webbplatsen https:\/\/9staedte.de l\u00e4gger stor vikt vid att s\u00e5 m\u00e5nga m\u00e4nniskor som m\u00f6jligt &#8211; oavsett individuella f\u00f6rm\u00e5gor eller tekniska hj\u00e4lpmedel &#8211; ska kunna anv\u00e4nda v\u00e5rt inneh\u00e5ll utan problem.<\/p>\n\n<p>Vi str\u00e4var efter att utforma v\u00e5r webbplats s\u00e5 att den \u00e4r hinderfri i enlighet med de r\u00e4ttsliga kraven, i synnerhet i enlighet med kraven i den tyska dataskyddslagen:<\/p>\n\n<p>&#8211; F\u00f6rordning om hinderfri informationsteknik (BITV 2.0)<br\/>&#8211; Riktlinjer f\u00f6r riktlinjer f\u00f6r tillg\u00e4nglighet till webbinneh\u00e5ll (WCAG) 2.1, \u00f6verensst\u00e4mmelse niv\u00e5 AA<br\/>&#8211; Avsnitt 12 ff. i lagen om diskriminering av funktionshindrade (BGG)<\/p>\n\n<div style=\"height:16px\" aria-hidden=\"true\" class=\"wp-block-spacer\"><\/div>\n\n<h2 class=\"wp-block-heading\">Status f\u00f6r tillg\u00e4nglighet<\/h2>\n\n<p>Webbplatsen \u00e4r<strong> delvis tillg\u00e4nglig<\/strong>.<\/p>\n\n<p>En del inneh\u00e5ll och funktioner uppfyller redan kraven i BITV 2.0, andra \u00e4r fortfarande under omarbetning.<\/p>\n\n<h3 class=\"wp-block-heading\">Hinder som fortfarande finns kvar<\/h3>\n\n<p>Trots v\u00e5ra anstr\u00e4ngningar kan f\u00f6ljande hinder f\u00f6r n\u00e4rvarande f\u00f6rekomma:<\/p>\n\n<p>&#8211; Alla bilder inneh\u00e5ller inte <strong>alternativa texter<\/strong><br\/>&#8211; Vissa<strong> PDF-dokument<\/strong> \u00e4r inte hinderfria<br\/>&#8211; <strong>Tangentbordsfunktionen<\/strong> \u00e4r fortfarande begr\u00e4nsad i vissa delar<br\/>&#8211; <strong>Kontraster<\/strong> och <strong>fokusindikatorer<\/strong> \u00e4r inte optimala \u00f6verallt<br\/>&#8211; <strong>Videor <\/strong>har f\u00f6r n\u00e4rvarande inte <strong>undertexter eller ljudbeskrivningar<\/strong> i hela<\/p>\n\n<p>Vi arbetar st\u00e4ndigt med att f\u00f6rb\u00e4ttra tillg\u00e4ngligheten till v\u00e5rt inneh\u00e5ll.<\/p>\n\n<div style=\"height:16px\" aria-hidden=\"true\" class=\"wp-block-spacer\"><\/div>\n\n<h2 class=\"wp-block-heading\">Feedback och kontakt<\/h2>\n\n<p>Om du uppt\u00e4cker n\u00e5gra hinder p\u00e5 v\u00e5r webbplats eller om du har n\u00e5gra f\u00f6rslag, ser vi fram emot att h\u00f6ra fr\u00e5n dig.<\/p>\n\n<p>V\u00e4nligen kontakta oss:<\/p>\n\n<p><strong>9 st\u00e4der i Niedersachsen<br\/><\/strong>c\/o G\u00f6ttingen Tourismus und Marketing e. V.<br\/>Markt 9<br\/>37073 G\u00f6ttingen<br\/>Telefon: +49 (0)551 499 80 12<br\/>E-post: <a href=\"mailto:info@9staedte.de\">info@9staedte.de<\/a><\/p>\n\n<h3 class=\"wp-block-heading\">Skiljedomsf\u00f6rfarande<\/h3>\n\n<p>Om du anser att vi inte har svarat p\u00e5 ett l\u00e4mpligt s\u00e4tt p\u00e5 din information har du m\u00f6jlighet att kontakta skiljen\u00e4mnden i enlighet med \u00a7 16 BGG.<\/p>\n\n<h4 class=\"wp-block-heading\"><strong>Kontakta BGG:s f\u00f6rlikningsorgan:<\/strong><\/h4>\n\n<p>BGG:s f\u00f6rlikningsorgan<br\/>hos f\u00f6rbundsregeringens kommission\u00e4r f\u00f6r fr\u00e5gor som r\u00f6r personer med funktionsneds\u00e4ttning<br\/>Mauerstra\u00dfe 53<br\/>10117 Berlin<br\/>Telefon: 030 18 527 2805<br\/>E-post: info@schlichtungsstelle-bgg.de<br\/>Webbplats: www.schlichtungsstelle-bgg.de<\/p>\n\n<div style=\"height:16px\" aria-hidden=\"true\" class=\"wp-block-spacer\"><\/div>\n\n<p><strong>Status f\u00f6r denna f\u00f6rklaring:<\/strong> 25 juni 2025<\/p>\n","protected":false},"excerpt":{"rendered":"<p>Operat\u00f6rerna av webbplatsen https:\/\/9staedte.de l\u00e4gger stor vikt vid att s\u00e5 m\u00e5nga m\u00e4nniskor som m\u00f6jligt &#8211; oavsett individuella f\u00f6rm\u00e5gor eller tekniska hj\u00e4lpmedel &#8211; ska kunna anv\u00e4nda v\u00e5rt inneh\u00e5ll utan problem. Vi str\u00e4var efter att utforma v\u00e5r webbplats s\u00e5 att den \u00e4r hinderfri i enlighet med de r\u00e4ttsliga kraven, i synnerhet i enlighet med kraven i den [&hellip;]<\/p>\n","protected":false},"author":11,"featured_media":0,"parent":0,"menu_order":0,"comment_status":"closed","ping_status":"closed","template":"","meta":{"_acf_changed":false,"footnotes":""},"categories":[],"tags":[],"ncap_cities_tax":[],"class_list":["post-26570","page","type-page","status-publish","hentry"],"acf":[],"yoast_head":"<!-- This site is optimized with the Yoast SEO plugin v26.8 - https:\/\/yoast.com\/product\/yoast-seo-wordpress\/ -->\n<title>F\u00f6rklaring om tillg\u00e4nglighet - 9 St\u00e4dte in Niedersachsen<\/title>\n<meta name=\"robots\" content=\"index, follow, max-snippet:-1, max-image-preview:large, max-video-preview:-1\" \/>\n<link rel=\"canonical\" href=\"https:\/\/9staedte.de\/sv\/foerklaring-om-tillgaenglighet\/\" \/>\n<meta property=\"og:locale\" content=\"sv_SE\" \/>\n<meta property=\"og:type\" content=\"article\" \/>\n<meta property=\"og:title\" content=\"F\u00f6rklaring om tillg\u00e4nglighet - 9 St\u00e4dte in Niedersachsen\" \/>\n<meta property=\"og:description\" content=\"Operat\u00f6rerna av webbplatsen https:\/\/9staedte.de l\u00e4gger stor vikt vid att s\u00e5 m\u00e5nga m\u00e4nniskor som m\u00f6jligt &#8211; oavsett individuella f\u00f6rm\u00e5gor eller tekniska hj\u00e4lpmedel &#8211; ska kunna anv\u00e4nda v\u00e5rt inneh\u00e5ll utan problem. Vi str\u00e4var efter att utforma v\u00e5r webbplats s\u00e5 att den \u00e4r hinderfri i enlighet med de r\u00e4ttsliga kraven, i synnerhet i enlighet med kraven i den [&hellip;]\" \/>\n<meta property=\"og:url\" content=\"https:\/\/9staedte.de\/sv\/foerklaring-om-tillgaenglighet\/\" \/>\n<meta property=\"og:site_name\" content=\"9 St\u00e4dte in Niedersachsen\" \/>\n<meta name=\"twitter:card\" content=\"summary_large_image\" \/>\n<meta name=\"twitter:label1\" content=\"Ber\u00e4knad l\u00e4stid\" \/>\n\t<meta name=\"twitter:data1\" content=\"2 minuter\" \/>\n<script type=\"application\/ld+json\" class=\"yoast-schema-graph\">{\"@context\":\"https:\/\/schema.org\",\"@graph\":[{\"@type\":\"WebPage\",\"@id\":\"https:\/\/9staedte.de\/sv\/foerklaring-om-tillgaenglighet\/\",\"url\":\"https:\/\/9staedte.de\/sv\/foerklaring-om-tillgaenglighet\/\",\"name\":\"F\u00f6rklaring om tillg\u00e4nglighet - 9 St\u00e4dte in Niedersachsen\",\"isPartOf\":{\"@id\":\"https:\/\/9staedte.de\/sv\/#website\"},\"datePublished\":\"2025-06-27T07:19:48+00:00\",\"breadcrumb\":{\"@id\":\"https:\/\/9staedte.de\/sv\/foerklaring-om-tillgaenglighet\/#breadcrumb\"},\"inLanguage\":\"sv-SE\",\"potentialAction\":[{\"@type\":\"ReadAction\",\"target\":[\"https:\/\/9staedte.de\/sv\/foerklaring-om-tillgaenglighet\/\"]}]},{\"@type\":\"BreadcrumbList\",\"@id\":\"https:\/\/9staedte.de\/sv\/foerklaring-om-tillgaenglighet\/#breadcrumb\",\"itemListElement\":[{\"@type\":\"ListItem\",\"position\":1,\"name\":\"Startseite\",\"item\":\"https:\/\/9staedte.de\/sv\/\"},{\"@type\":\"ListItem\",\"position\":2,\"name\":\"F\u00f6rklaring om tillg\u00e4nglighet\"}]},{\"@type\":\"WebSite\",\"@id\":\"https:\/\/9staedte.de\/sv\/#website\",\"url\":\"https:\/\/9staedte.de\/sv\/\",\"name\":\"9 St\u00e4dte in Niedersachsen\",\"description\":\"\",\"publisher\":{\"@id\":\"https:\/\/9staedte.de\/sv\/#organization\"},\"potentialAction\":[{\"@type\":\"SearchAction\",\"target\":{\"@type\":\"EntryPoint\",\"urlTemplate\":\"https:\/\/9staedte.de\/sv\/?s={search_term_string}\"},\"query-input\":{\"@type\":\"PropertyValueSpecification\",\"valueRequired\":true,\"valueName\":\"search_term_string\"}}],\"inLanguage\":\"sv-SE\"},{\"@type\":\"Organization\",\"@id\":\"https:\/\/9staedte.de\/sv\/#organization\",\"name\":\"9 St\u00e4dte in Niedersachsen\",\"url\":\"https:\/\/9staedte.de\/sv\/\",\"logo\":{\"@type\":\"ImageObject\",\"inLanguage\":\"sv-SE\",\"@id\":\"https:\/\/9staedte.de\/sv\/#\/schema\/logo\/image\/\",\"url\":\"https:\/\/9staedte.de\/wp-content\/uploads\/2025\/01\/9-neg-deutsch-2-1.png\",\"contentUrl\":\"https:\/\/9staedte.de\/wp-content\/uploads\/2025\/01\/9-neg-deutsch-2-1.png\",\"width\":190,\"height\":114,\"caption\":\"9 St\u00e4dte in Niedersachsen\"},\"image\":{\"@id\":\"https:\/\/9staedte.de\/sv\/#\/schema\/logo\/image\/\"}}]}<\/script>\n<!-- \/ Yoast SEO plugin. -->","yoast_head_json":{"title":"F\u00f6rklaring om tillg\u00e4nglighet - 9 St\u00e4dte in Niedersachsen","robots":{"index":"index","follow":"follow","max-snippet":"max-snippet:-1","max-image-preview":"max-image-preview:large","max-video-preview":"max-video-preview:-1"},"canonical":"https:\/\/9staedte.de\/sv\/foerklaring-om-tillgaenglighet\/","og_locale":"sv_SE","og_type":"article","og_title":"F\u00f6rklaring om tillg\u00e4nglighet - 9 St\u00e4dte in Niedersachsen","og_description":"Operat\u00f6rerna av webbplatsen https:\/\/9staedte.de l\u00e4gger stor vikt vid att s\u00e5 m\u00e5nga m\u00e4nniskor som m\u00f6jligt &#8211; oavsett individuella f\u00f6rm\u00e5gor eller tekniska hj\u00e4lpmedel &#8211; ska kunna anv\u00e4nda v\u00e5rt inneh\u00e5ll utan problem. Vi str\u00e4var efter att utforma v\u00e5r webbplats s\u00e5 att den \u00e4r hinderfri i enlighet med de r\u00e4ttsliga kraven, i synnerhet i enlighet med kraven i den [&hellip;]","og_url":"https:\/\/9staedte.de\/sv\/foerklaring-om-tillgaenglighet\/","og_site_name":"9 St\u00e4dte in Niedersachsen","twitter_card":"summary_large_image","twitter_misc":{"Ber\u00e4knad l\u00e4stid":"2 minuter"},"schema":{"@context":"https:\/\/schema.org","@graph":[{"@type":"WebPage","@id":"https:\/\/9staedte.de\/sv\/foerklaring-om-tillgaenglighet\/","url":"https:\/\/9staedte.de\/sv\/foerklaring-om-tillgaenglighet\/","name":"F\u00f6rklaring om tillg\u00e4nglighet - 9 St\u00e4dte in Niedersachsen","isPartOf":{"@id":"https:\/\/9staedte.de\/sv\/#website"},"datePublished":"2025-06-27T07:19:48+00:00","breadcrumb":{"@id":"https:\/\/9staedte.de\/sv\/foerklaring-om-tillgaenglighet\/#breadcrumb"},"inLanguage":"sv-SE","potentialAction":[{"@type":"ReadAction","target":["https:\/\/9staedte.de\/sv\/foerklaring-om-tillgaenglighet\/"]}]},{"@type":"BreadcrumbList","@id":"https:\/\/9staedte.de\/sv\/foerklaring-om-tillgaenglighet\/#breadcrumb","itemListElement":[{"@type":"ListItem","position":1,"name":"Startseite","item":"https:\/\/9staedte.de\/sv\/"},{"@type":"ListItem","position":2,"name":"F\u00f6rklaring om tillg\u00e4nglighet"}]},{"@type":"WebSite","@id":"https:\/\/9staedte.de\/sv\/#website","url":"https:\/\/9staedte.de\/sv\/","name":"9 St\u00e4dte in Niedersachsen","description":"","publisher":{"@id":"https:\/\/9staedte.de\/sv\/#organization"},"potentialAction":[{"@type":"SearchAction","target":{"@type":"EntryPoint","urlTemplate":"https:\/\/9staedte.de\/sv\/?s={search_term_string}"},"query-input":{"@type":"PropertyValueSpecification","valueRequired":true,"valueName":"search_term_string"}}],"inLanguage":"sv-SE"},{"@type":"Organization","@id":"https:\/\/9staedte.de\/sv\/#organization","name":"9 St\u00e4dte in Niedersachsen","url":"https:\/\/9staedte.de\/sv\/","logo":{"@type":"ImageObject","inLanguage":"sv-SE","@id":"https:\/\/9staedte.de\/sv\/#\/schema\/logo\/image\/","url":"https:\/\/9staedte.de\/wp-content\/uploads\/2025\/01\/9-neg-deutsch-2-1.png","contentUrl":"https:\/\/9staedte.de\/wp-content\/uploads\/2025\/01\/9-neg-deutsch-2-1.png","width":190,"height":114,"caption":"9 St\u00e4dte in Niedersachsen"},"image":{"@id":"https:\/\/9staedte.de\/sv\/#\/schema\/logo\/image\/"}}]}},"_links":{"self":[{"href":"https:\/\/9staedte.de\/sv\/wp-json\/wp\/v2\/pages\/26570","targetHints":{"allow":["GET"]}}],"collection":[{"href":"https:\/\/9staedte.de\/sv\/wp-json\/wp\/v2\/pages"}],"about":[{"href":"https:\/\/9staedte.de\/sv\/wp-json\/wp\/v2\/types\/page"}],"author":[{"embeddable":true,"href":"https:\/\/9staedte.de\/sv\/wp-json\/wp\/v2\/users\/11"}],"replies":[{"embeddable":true,"href":"https:\/\/9staedte.de\/sv\/wp-json\/wp\/v2\/comments?post=26570"}],"version-history":[{"count":1,"href":"https:\/\/9staedte.de\/sv\/wp-json\/wp\/v2\/pages\/26570\/revisions"}],"predecessor-version":[{"id":26571,"href":"https:\/\/9staedte.de\/sv\/wp-json\/wp\/v2\/pages\/26570\/revisions\/26571"}],"wp:attachment":[{"href":"https:\/\/9staedte.de\/sv\/wp-json\/wp\/v2\/media?parent=26570"}],"wp:term":[{"taxonomy":"category","embeddable":true,"href":"https:\/\/9staedte.de\/sv\/wp-json\/wp\/v2\/categories?post=26570"},{"taxonomy":"post_tag","embeddable":true,"href":"https:\/\/9staedte.de\/sv\/wp-json\/wp\/v2\/tags?post=26570"},{"taxonomy":"ncap_cities_tax","embeddable":true,"href":"https:\/\/9staedte.de\/sv\/wp-json\/wp\/v2\/ncap_cities_tax?post=26570"}],"curies":[{"name":"wp","href":"https:\/\/api.w.org\/{rel}","templated":true}]}}