{"id":25219,"date":"2025-04-10T08:59:35","date_gmt":"2025-04-10T06:59:35","guid":{"rendered":"https:\/\/9staedte.de\/unterwegs-durch-die-9-staedte\/"},"modified":"2025-07-10T11:35:56","modified_gmt":"2025-07-10T09:35:56","slug":"unterwegs-durch-die-9-staedte","status":"publish","type":"page","link":"https:\/\/9staedte.de\/sv\/unterwegs-durch-die-9-staedte\/","title":{"rendered":"Unterwegs durch die 9 St\u00e4dte"},"content":{"rendered":"\n<div class=\"wp-block-columns is-layout-flex wp-container-core-columns-is-layout-9d6595d7 wp-block-columns-is-layout-flex\">\n<div class=\"wp-block-column is-layout-flow wp-block-column-is-layout-flow\">\n<h2 class=\"wp-block-heading has-text-color has-link-color wp-elements-76aa914e4c164b4e89ad988b58d12574\" style=\"color:#003770\">Mit dem Rad von Stadt zu Stadt<\/h2>\n\n\n\n<div class=\"wp-block-group\"><div class=\"wp-block-group__inner-container is-layout-constrained wp-block-group-is-layout-constrained\">\n<p class=\"has-text-color has-link-color wp-elements-d48baf7df164c0e82d09567e54dcb76d\" style=\"color:#003770\">Ob als gro\u00dfe Rundtour oder regionale Etappen \u2013 entdeckt die <strong>9 St\u00e4dte <\/strong>und die Autostadt ganz nach Eurem Tempo und Geschmack! Euch erwarten historische Sehensw\u00fcrdigkeiten, charmante Altst\u00e4dte und kulinarische Gen\u00fcsse. Absolut empfehlenswert: Ein Abstecher in die Welt der Mobilit\u00e4t in der <strong>Autostadt in Wolfsburg<\/strong>. Hier geht es zu unserer <a href=\"https:\/\/www.komoot.com\/de-de\/collection\/3202001\/auf-zwei-raedern-9-staedte-%2B-2-in-niedersachsen\">Komoot Fahrrad Collection<\/a>.<\/p>\n<\/div><\/div>\n<\/div>\n\n\n\n<div class=\"wp-block-column is-layout-flow wp-block-column-is-layout-flow\">\n<figure class=\"wp-block-image size-full\"><a href=\"https:\/\/www.komoot.com\/de-de\/collection\/3202001\/auf-zwei-raedern-9-staedte-%2B-2-in-niedersachsen\"><img loading=\"lazy\" decoding=\"async\" width=\"663\" height=\"444\" src=\"https:\/\/9staedte.de\/wp-content\/smush-webp\/2025\/03\/9Staedte_Fahrradtour_Collection_Ausschnitt.png.webp\" alt=\"\" class=\"wp-image-24981\" srcset=\"https:\/\/9staedte.de\/wp-content\/smush-webp\/2025\/03\/9Staedte_Fahrradtour_Collection_Ausschnitt.png.webp 663w, https:\/\/9staedte.de\/wp-content\/smush-webp\/2025\/03\/9Staedte_Fahrradtour_Collection_Ausschnitt-300x201.png.webp 300w\" sizes=\"auto, (max-width: 663px) 100vw, 663px\" \/><\/a><\/figure>\n<\/div>\n<\/div>\n\n\n\n<h2 class=\"wp-block-heading\">Fahrradfahren in den 9 St\u00e4dten<\/h2>\n\n\n    <div class=\"nr-bike-tours-grid\">\n                    <a href=\"https:\/\/9staedte.de\/sv\/radtouren\/hannover\/\"\n               class=\"nr-bike-tour\"\n               style=\"background-image:url('https:\/\/9staedte.de\/wp-content\/smush-webp\/2025\/03\/Maschpark-Hannover-c-HMTG-Lars-Gerhardts.jpg.webp');\"\n            >\n                <span class=\"name\">\n                    Hannover                <\/span>\n            <\/a>\n                    <a href=\"https:\/\/9staedte.de\/sv\/radtouren\/hameln\/\"\n               class=\"nr-bike-tour\"\n               style=\"background-image:url('https:\/\/9staedte.de\/wp-content\/smush-webp\/2025\/03\/Hameln-Weser-E-Bike-Tour-c-Hameln-Marketing-und-Tourismus-GmbH.jpg.webp');\"\n            >\n                <span class=\"name\">\n                    Hameln                <\/span>\n            <\/a>\n                    <a href=\"https:\/\/9staedte.de\/sv\/radtouren\/goslar\/\"\n               class=\"nr-bike-tour\"\n               style=\"background-image:url('https:\/\/9staedte.de\/wp-content\/smush-webp\/2025\/03\/Fahrradtour-durch-die-Goslarer-Altstadt_GOSLAR-marketing-gmbh_Fotograf-diedrehen.jpg.webp');\"\n            >\n                <span class=\"name\">\n                    Goslar                <\/span>\n            <\/a>\n                    <a href=\"https:\/\/9staedte.de\/sv\/radtouren\/goettingen\/\"\n               class=\"nr-bike-tour\"\n               style=\"background-image:url('https:\/\/9staedte.de\/wp-content\/smush-webp\/2025\/03\/Goettingen-Johannisstrasse-c-Lars-Gerhardts.jpg.webp');\"\n            >\n                <span class=\"name\">\n                    Goettingen                <\/span>\n            <\/a>\n                    <a href=\"https:\/\/9staedte.de\/sv\/radtouren\/celle\/\"\n               class=\"nr-bike-tour\"\n               style=\"background-image:url('https:\/\/9staedte.de\/wp-content\/smush-webp\/2025\/03\/2404_tm_celle_radfahren_Altstadt_Poststrasse-scaled.jpg.webp');\"\n            >\n                <span class=\"name\">\n                    Celle                <\/span>\n            <\/a>\n                    <a href=\"https:\/\/9staedte.de\/sv\/radtouren\/braunschweig\/\"\n               class=\"nr-bike-tour\"\n               style=\"background-image:url('https:\/\/9staedte.de\/wp-content\/smush-webp\/2025\/03\/Braunschweig-Radfahrmotiv_2_BSM_Christian_Bierwagen-scaled.jpg.webp');\"\n            >\n                <span class=\"name\">\n                    Braunschweig                <\/span>\n            <\/a>\n                    <a href=\"https:\/\/9staedte.de\/sv\/radtouren\/hildesheim\/\"\n               class=\"nr-bike-tour\"\n               style=\"background-image:url('https:\/\/9staedte.de\/wp-content\/smush-webp\/2025\/03\/St-Michaelis-Dagmar-Schwelle.jpg.webp');\"\n            >\n                <span class=\"name\">\n                    Hildesheim                <\/span>\n            <\/a>\n                    <a href=\"https:\/\/9staedte.de\/sv\/radtouren\/einbeck\/\"\n               class=\"nr-bike-tour\"\n               style=\"background-image:url('https:\/\/9staedte.de\/wp-content\/smush-webp\/2025\/03\/Einbeck-TangoBruecke-bei-Tag-CC0.jpg.webp');\"\n            >\n                <span class=\"name\">\n                    Einbeck                <\/span>\n            <\/a>\n                    <a href=\"https:\/\/9staedte.de\/sv\/radtouren\/wolfenbuettel\/\"\n               class=\"nr-bike-tour\"\n               style=\"background-image:url('https:\/\/9staedte.de\/wp-content\/smush-webp\/2025\/03\/Radfahren-Residenzschloss-Wolfenbuettel-Fotograf-Christian-Bierwagen-Rechte-Lessingstadt-Wolfenbuettel-scaled.jpg.webp');\"\n            >\n                <span class=\"name\">\n                    Wolfenbuettel                <\/span>\n            <\/a>\n            <\/div>\n    \n\n\n\n\n<div class=\"banner-wrapper is-info-card\">\n    <h2 class=\"headline\">\n        Mit der Bahn von Stadt zu Stadt    <\/h2>\n    <div class=\"banner-inner\">\n\t\t            <div class=\"img-container\">\n                <div class=\"img-wrapper\">\n                    <img decoding=\"async\" src=\"https:\/\/9staedte.de\/wp-content\/smush-webp\/2025\/04\/DB_Juergen-Hoerstel.jpg.webp\" alt=\"c) DB J\u00fcrgen H\u00f6rstel\"\/>\n\t\t\t\t\t                        <div class=\"thumbnail-label\">\n                            <span>c) DB J\u00fcrgen H\u00f6rstel<\/span>\n                        <\/div>\n\t\t\t\t\t                <\/div>\n            <\/div>\n\t\t\t\t            <div class=\"text-container\">\n                <div class=\"content\">\n\t\t\t\t\t<p class=\"h3\"><strong>Einfach unterwegs mit dem Niedersachsen-Ticket<\/strong><\/p>\n<p>Mit bis zu f\u00fcnf Personen die 9 St\u00e4dte und die Autostadt erkunden. Das Niedersachsenticket ist ein Tagesticket f\u00fcr Regionalz\u00fcge, Busse und Bahnen in Niedersachsen und ist ideal f\u00fcr Ausfl\u00fcge und Rundreisen durch die 9 St\u00e4dte. Unter der Woche ab 9 Uhr, am Wochenende ganzt\u00e4gig nutzbar. Erh\u00e4ltlich online, am Automaten oder im DB-Reisezentrum.<\/p>\n<p><a href=\"https:\/\/niedersachsenticket.de\/?https%3A%2F%2Fniedersachsenticket_de%2F%3Futm_source=Google&amp;utm_medium=Search&amp;utm_campaign=Google%20Ads%20Traffic&amp;mtm_campaign=Google%20Ads%20Traffic&amp;mtm_source=Google&amp;mtm_medium=Search&amp;gad_source=1&amp;gclid=CjwKCAiA5eC9BhAuEiwA3CKwQtRGEo0rwPLn3WlB1KjFrYOnb6bolHyeZTaHX5bVAYvEngZYTjEBeBoCoDQQAvD_BwE\">Weitere Informationen<\/a><\/p>\n                <\/div>\n            <\/div>\n\t\t    <\/div>\n<\/div>\n\n\n\n\n\n<div class=\"banner-wrapper is-info-card\">\n    <h2 class=\"headline\">\n        Unterwegs mit dem Wohnmobil    <\/h2>\n    <div class=\"banner-inner\">\n\t\t            <div class=\"img-container\">\n                <div class=\"img-wrapper\">\n                    <img decoding=\"async\" src=\"https:\/\/9staedte.de\/wp-content\/smush-webp\/2024\/06\/Einbeck-Wohnmobilstellplatz-\u00a9-Stadtwerke-Einbeck-1.jpg.webp\" alt=\"Einbeck-Wohnmobilstellplatz-\u00a9-Stadtwerke-Einbeck-1\"\/>\n\t\t\t\t\t                        <div class=\"thumbnail-label\">\n                            <span>Einbeck-Wohnmobilstellplatz-\u00a9-Stadtwerke-Einbeck-1<\/span>\n                        <\/div>\n\t\t\t\t\t                <\/div>\n            <\/div>\n\t\t\t\t            <div class=\"text-container\">\n                <div class=\"content\">\n\t\t\t\t\t<p class=\"h3\" data-start=\"105\" data-end=\"162\"><strong>Mit dem Wohnmobil durch die 9 St\u00e4dte in Niedersachsen<\/strong><\/p>\n<p class=\"\" data-start=\"164\" data-end=\"947\">Eine Reise mit dem Wohnmobil durch die 9 St\u00e4dte in Niedersachsen ist ein echtes Erlebnis f\u00fcr Kultur- und Stadtliebhaber. Dank gut ausgebauter Stellpl\u00e4tze, moderner Infrastruktur und kurzer Wege lassen sich die St\u00e4dte perfekt im eigenen Tempo erkunden. Unterwegs erwarten euch wundersch\u00f6ne Altst\u00e4dte, kulinarische Highlights, spannende Museen und einladende Fu\u00dfg\u00e4ngerzonen \u2013 ideal f\u00fcr eine flexible und komfortable Wohnmobiltour.<\/p>\n<p data-start=\"164\" data-end=\"947\"><a href=\"https:\/\/9staedte.de\/sv\/mit-dem-wohnmobil-in-die-9-staedte\/\">Mehr Informationen<\/a><\/p>\n                <\/div>\n            <\/div>\n\t\t    <\/div>\n<\/div>\n\n\n\n\n<p><\/p>\n","protected":false},"excerpt":{"rendered":"<p>Mit dem Rad von Stadt zu Stadt Ob als gro\u00dfe Rundtour oder regionale Etappen \u2013 entdeckt die 9 St\u00e4dte und die Autostadt ganz nach Eurem Tempo und Geschmack! Euch erwarten historische Sehensw\u00fcrdigkeiten, charmante Altst\u00e4dte und kulinarische Gen\u00fcsse. Absolut empfehlenswert: Ein Abstecher in die Welt der Mobilit\u00e4t in der Autostadt in Wolfsburg. Hier geht es zu [&hellip;]<\/p>\n","protected":false},"author":10,"featured_media":24969,"parent":0,"menu_order":0,"comment_status":"closed","ping_status":"closed","template":"","meta":{"_acf_changed":false,"footnotes":""},"categories":[],"tags":[],"ncap_cities_tax":[],"class_list":["post-25219","page","type-page","status-publish","has-post-thumbnail","hentry"],"acf":[],"yoast_head":"<!-- This site is optimized with the Yoast SEO plugin v27.4 - https:\/\/yoast.com\/product\/yoast-seo-wordpress\/ -->\n<title>Unterwegs durch die 9 St\u00e4dte - 9 St\u00e4dte in Niedersachsen<\/title>\n<meta name=\"robots\" content=\"index, follow, max-snippet:-1, max-image-preview:large, max-video-preview:-1\" \/>\n<link rel=\"canonical\" href=\"https:\/\/9staedte.de\/sv\/unterwegs-durch-die-9-staedte\/\" \/>\n<meta property=\"og:locale\" content=\"sv_SE\" \/>\n<meta property=\"og:type\" content=\"article\" \/>\n<meta property=\"og:title\" content=\"Unterwegs durch die 9 St\u00e4dte - 9 St\u00e4dte in Niedersachsen\" \/>\n<meta property=\"og:description\" content=\"Mit dem Rad von Stadt zu Stadt Ob als gro\u00dfe Rundtour oder regionale Etappen \u2013 entdeckt die 9 St\u00e4dte und die Autostadt ganz nach Eurem Tempo und Geschmack! Euch erwarten historische Sehensw\u00fcrdigkeiten, charmante Altst\u00e4dte und kulinarische Gen\u00fcsse. Absolut empfehlenswert: Ein Abstecher in die Welt der Mobilit\u00e4t in der Autostadt in Wolfsburg. Hier geht es zu [&hellip;]\" \/>\n<meta property=\"og:url\" content=\"https:\/\/9staedte.de\/sv\/unterwegs-durch-die-9-staedte\/\" \/>\n<meta property=\"og:site_name\" content=\"9 St\u00e4dte in Niedersachsen\" \/>\n<meta property=\"article:modified_time\" content=\"2025-07-10T09:35:56+00:00\" \/>\n<meta property=\"og:image\" content=\"https:\/\/9staedte.de\/wp-content\/uploads\/2025\/03\/Radfahren-in-Hannover_Lars-Gerhardts-75-scaled.jpg\" \/>\n\t<meta property=\"og:image:width\" content=\"1200\" \/>\n\t<meta property=\"og:image:height\" content=\"870\" \/>\n\t<meta property=\"og:image:type\" content=\"image\/jpeg\" \/>\n<meta name=\"twitter:card\" content=\"summary_large_image\" \/>\n<meta name=\"twitter:label1\" content=\"Ber\u00e4knad l\u00e4stid\" \/>\n\t<meta name=\"twitter:data1\" content=\"1 minut\" \/>\n<script type=\"application\/ld+json\" class=\"yoast-schema-graph\">{\"@context\":\"https:\\\/\\\/schema.org\",\"@graph\":[{\"@type\":\"WebPage\",\"@id\":\"https:\\\/\\\/9staedte.de\\\/sv\\\/unterwegs-durch-die-9-staedte\\\/\",\"url\":\"https:\\\/\\\/9staedte.de\\\/sv\\\/unterwegs-durch-die-9-staedte\\\/\",\"name\":\"Unterwegs durch die 9 St\u00e4dte - 9 St\u00e4dte in Niedersachsen\",\"isPartOf\":{\"@id\":\"https:\\\/\\\/9staedte.de\\\/sv\\\/#website\"},\"primaryImageOfPage\":{\"@id\":\"https:\\\/\\\/9staedte.de\\\/sv\\\/unterwegs-durch-die-9-staedte\\\/#primaryimage\"},\"image\":{\"@id\":\"https:\\\/\\\/9staedte.de\\\/sv\\\/unterwegs-durch-die-9-staedte\\\/#primaryimage\"},\"thumbnailUrl\":\"https:\\\/\\\/9staedte.de\\\/wp-content\\\/uploads\\\/2025\\\/03\\\/Radfahren-in-Hannover_Lars-Gerhardts-75-scaled.jpg\",\"datePublished\":\"2025-04-10T06:59:35+00:00\",\"dateModified\":\"2025-07-10T09:35:56+00:00\",\"breadcrumb\":{\"@id\":\"https:\\\/\\\/9staedte.de\\\/sv\\\/unterwegs-durch-die-9-staedte\\\/#breadcrumb\"},\"inLanguage\":\"sv-SE\",\"potentialAction\":[{\"@type\":\"ReadAction\",\"target\":[\"https:\\\/\\\/9staedte.de\\\/sv\\\/unterwegs-durch-die-9-staedte\\\/\"]}]},{\"@type\":\"ImageObject\",\"inLanguage\":\"sv-SE\",\"@id\":\"https:\\\/\\\/9staedte.de\\\/sv\\\/unterwegs-durch-die-9-staedte\\\/#primaryimage\",\"url\":\"https:\\\/\\\/9staedte.de\\\/wp-content\\\/uploads\\\/2025\\\/03\\\/Radfahren-in-Hannover_Lars-Gerhardts-75-scaled.jpg\",\"contentUrl\":\"https:\\\/\\\/9staedte.de\\\/wp-content\\\/uploads\\\/2025\\\/03\\\/Radfahren-in-Hannover_Lars-Gerhardts-75-scaled.jpg\",\"width\":1200,\"height\":870,\"caption\":\"Radfahren in Hannover_Lars Gerhardts (75)\"},{\"@type\":\"BreadcrumbList\",\"@id\":\"https:\\\/\\\/9staedte.de\\\/sv\\\/unterwegs-durch-die-9-staedte\\\/#breadcrumb\",\"itemListElement\":[{\"@type\":\"ListItem\",\"position\":1,\"name\":\"Startseite\",\"item\":\"https:\\\/\\\/9staedte.de\\\/sv\\\/\"},{\"@type\":\"ListItem\",\"position\":2,\"name\":\"Unterwegs durch die 9 St\u00e4dte\"}]},{\"@type\":\"WebSite\",\"@id\":\"https:\\\/\\\/9staedte.de\\\/sv\\\/#website\",\"url\":\"https:\\\/\\\/9staedte.de\\\/sv\\\/\",\"name\":\"9 St\u00e4dte in Niedersachsen\",\"description\":\"\",\"publisher\":{\"@id\":\"https:\\\/\\\/9staedte.de\\\/sv\\\/#organization\"},\"potentialAction\":[{\"@type\":\"SearchAction\",\"target\":{\"@type\":\"EntryPoint\",\"urlTemplate\":\"https:\\\/\\\/9staedte.de\\\/sv\\\/?s={search_term_string}\"},\"query-input\":{\"@type\":\"PropertyValueSpecification\",\"valueRequired\":true,\"valueName\":\"search_term_string\"}}],\"inLanguage\":\"sv-SE\"},{\"@type\":\"Organization\",\"@id\":\"https:\\\/\\\/9staedte.de\\\/sv\\\/#organization\",\"name\":\"9 St\u00e4dte in Niedersachsen\",\"url\":\"https:\\\/\\\/9staedte.de\\\/sv\\\/\",\"logo\":{\"@type\":\"ImageObject\",\"inLanguage\":\"sv-SE\",\"@id\":\"https:\\\/\\\/9staedte.de\\\/sv\\\/#\\\/schema\\\/logo\\\/image\\\/\",\"url\":\"https:\\\/\\\/9staedte.de\\\/wp-content\\\/uploads\\\/2025\\\/01\\\/9-neg-deutsch-2-1.png\",\"contentUrl\":\"https:\\\/\\\/9staedte.de\\\/wp-content\\\/uploads\\\/2025\\\/01\\\/9-neg-deutsch-2-1.png\",\"width\":190,\"height\":114,\"caption\":\"9 St\u00e4dte in Niedersachsen\"},\"image\":{\"@id\":\"https:\\\/\\\/9staedte.de\\\/sv\\\/#\\\/schema\\\/logo\\\/image\\\/\"}}]}<\/script>\n<!-- \/ Yoast SEO plugin. -->","yoast_head_json":{"title":"Unterwegs durch die 9 St\u00e4dte - 9 St\u00e4dte in Niedersachsen","robots":{"index":"index","follow":"follow","max-snippet":"max-snippet:-1","max-image-preview":"max-image-preview:large","max-video-preview":"max-video-preview:-1"},"canonical":"https:\/\/9staedte.de\/sv\/unterwegs-durch-die-9-staedte\/","og_locale":"sv_SE","og_type":"article","og_title":"Unterwegs durch die 9 St\u00e4dte - 9 St\u00e4dte in Niedersachsen","og_description":"Mit dem Rad von Stadt zu Stadt Ob als gro\u00dfe Rundtour oder regionale Etappen \u2013 entdeckt die 9 St\u00e4dte und die Autostadt ganz nach Eurem Tempo und Geschmack! Euch erwarten historische Sehensw\u00fcrdigkeiten, charmante Altst\u00e4dte und kulinarische Gen\u00fcsse. Absolut empfehlenswert: Ein Abstecher in die Welt der Mobilit\u00e4t in der Autostadt in Wolfsburg. Hier geht es zu [&hellip;]","og_url":"https:\/\/9staedte.de\/sv\/unterwegs-durch-die-9-staedte\/","og_site_name":"9 St\u00e4dte in Niedersachsen","article_modified_time":"2025-07-10T09:35:56+00:00","og_image":[{"width":1200,"height":870,"url":"https:\/\/9staedte.de\/wp-content\/uploads\/2025\/03\/Radfahren-in-Hannover_Lars-Gerhardts-75-scaled.jpg","type":"image\/jpeg"}],"twitter_card":"summary_large_image","twitter_misc":{"Ber\u00e4knad l\u00e4stid":"1 minut"},"schema":{"@context":"https:\/\/schema.org","@graph":[{"@type":"WebPage","@id":"https:\/\/9staedte.de\/sv\/unterwegs-durch-die-9-staedte\/","url":"https:\/\/9staedte.de\/sv\/unterwegs-durch-die-9-staedte\/","name":"Unterwegs durch die 9 St\u00e4dte - 9 St\u00e4dte in Niedersachsen","isPartOf":{"@id":"https:\/\/9staedte.de\/sv\/#website"},"primaryImageOfPage":{"@id":"https:\/\/9staedte.de\/sv\/unterwegs-durch-die-9-staedte\/#primaryimage"},"image":{"@id":"https:\/\/9staedte.de\/sv\/unterwegs-durch-die-9-staedte\/#primaryimage"},"thumbnailUrl":"https:\/\/9staedte.de\/wp-content\/uploads\/2025\/03\/Radfahren-in-Hannover_Lars-Gerhardts-75-scaled.jpg","datePublished":"2025-04-10T06:59:35+00:00","dateModified":"2025-07-10T09:35:56+00:00","breadcrumb":{"@id":"https:\/\/9staedte.de\/sv\/unterwegs-durch-die-9-staedte\/#breadcrumb"},"inLanguage":"sv-SE","potentialAction":[{"@type":"ReadAction","target":["https:\/\/9staedte.de\/sv\/unterwegs-durch-die-9-staedte\/"]}]},{"@type":"ImageObject","inLanguage":"sv-SE","@id":"https:\/\/9staedte.de\/sv\/unterwegs-durch-die-9-staedte\/#primaryimage","url":"https:\/\/9staedte.de\/wp-content\/uploads\/2025\/03\/Radfahren-in-Hannover_Lars-Gerhardts-75-scaled.jpg","contentUrl":"https:\/\/9staedte.de\/wp-content\/uploads\/2025\/03\/Radfahren-in-Hannover_Lars-Gerhardts-75-scaled.jpg","width":1200,"height":870,"caption":"Radfahren in Hannover_Lars Gerhardts (75)"},{"@type":"BreadcrumbList","@id":"https:\/\/9staedte.de\/sv\/unterwegs-durch-die-9-staedte\/#breadcrumb","itemListElement":[{"@type":"ListItem","position":1,"name":"Startseite","item":"https:\/\/9staedte.de\/sv\/"},{"@type":"ListItem","position":2,"name":"Unterwegs durch die 9 St\u00e4dte"}]},{"@type":"WebSite","@id":"https:\/\/9staedte.de\/sv\/#website","url":"https:\/\/9staedte.de\/sv\/","name":"9 St\u00e4dte in Niedersachsen","description":"","publisher":{"@id":"https:\/\/9staedte.de\/sv\/#organization"},"potentialAction":[{"@type":"SearchAction","target":{"@type":"EntryPoint","urlTemplate":"https:\/\/9staedte.de\/sv\/?s={search_term_string}"},"query-input":{"@type":"PropertyValueSpecification","valueRequired":true,"valueName":"search_term_string"}}],"inLanguage":"sv-SE"},{"@type":"Organization","@id":"https:\/\/9staedte.de\/sv\/#organization","name":"9 St\u00e4dte in Niedersachsen","url":"https:\/\/9staedte.de\/sv\/","logo":{"@type":"ImageObject","inLanguage":"sv-SE","@id":"https:\/\/9staedte.de\/sv\/#\/schema\/logo\/image\/","url":"https:\/\/9staedte.de\/wp-content\/uploads\/2025\/01\/9-neg-deutsch-2-1.png","contentUrl":"https:\/\/9staedte.de\/wp-content\/uploads\/2025\/01\/9-neg-deutsch-2-1.png","width":190,"height":114,"caption":"9 St\u00e4dte in Niedersachsen"},"image":{"@id":"https:\/\/9staedte.de\/sv\/#\/schema\/logo\/image\/"}}]}},"_links":{"self":[{"href":"https:\/\/9staedte.de\/sv\/wp-json\/wp\/v2\/pages\/25219","targetHints":{"allow":["GET"]}}],"collection":[{"href":"https:\/\/9staedte.de\/sv\/wp-json\/wp\/v2\/pages"}],"about":[{"href":"https:\/\/9staedte.de\/sv\/wp-json\/wp\/v2\/types\/page"}],"author":[{"embeddable":true,"href":"https:\/\/9staedte.de\/sv\/wp-json\/wp\/v2\/users\/10"}],"replies":[{"embeddable":true,"href":"https:\/\/9staedte.de\/sv\/wp-json\/wp\/v2\/comments?post=25219"}],"version-history":[{"count":2,"href":"https:\/\/9staedte.de\/sv\/wp-json\/wp\/v2\/pages\/25219\/revisions"}],"predecessor-version":[{"id":26456,"href":"https:\/\/9staedte.de\/sv\/wp-json\/wp\/v2\/pages\/25219\/revisions\/26456"}],"wp:featuredmedia":[{"embeddable":true,"href":"https:\/\/9staedte.de\/sv\/wp-json\/wp\/v2\/media\/24969"}],"wp:attachment":[{"href":"https:\/\/9staedte.de\/sv\/wp-json\/wp\/v2\/media?parent=25219"}],"wp:term":[{"taxonomy":"category","embeddable":true,"href":"https:\/\/9staedte.de\/sv\/wp-json\/wp\/v2\/categories?post=25219"},{"taxonomy":"post_tag","embeddable":true,"href":"https:\/\/9staedte.de\/sv\/wp-json\/wp\/v2\/tags?post=25219"},{"taxonomy":"ncap_cities_tax","embeddable":true,"href":"https:\/\/9staedte.de\/sv\/wp-json\/wp\/v2\/ncap_cities_tax?post=25219"}],"curies":[{"name":"wp","href":"https:\/\/api.w.org\/{rel}","templated":true}]}}