{"id":23082,"date":"2024-07-11T14:09:39","date_gmt":"2024-07-11T12:09:39","guid":{"rendered":"https:\/\/9staedte.de\/med-husbilen-till-goettingen\/"},"modified":"2025-05-15T17:07:53","modified_gmt":"2025-05-15T15:07:53","slug":"med-husbilen-till-goettingen","status":"publish","type":"page","link":"https:\/\/9staedte.de\/sv\/goettingen-staden-som-skapar-kunskap\/med-husbilen-till-goettingen\/","title":{"rendered":"Med husbilen till G\u00f6ttingen"},"content":{"rendered":"\n<p><strong>Husbilshamn G\u00f6ttingen: &#8221;B\u00e4sta platsen&#8221; n\u00e4ra stadens centrum<\/strong><\/p>\n\n<p>G\u00f6ttingens husbilshamn \u00e4r ett lyckat exempel p\u00e5 hur husbils\u00e4garnas intressen kan kombineras med f\u00f6ruts\u00e4ttningarna i en storstad som \u00e4r attraktiv f\u00f6r turister.<\/p>\n\n<p>Husbilsplatsen Eiswiese, som \u00e4r inh\u00e4gnad och belyst p\u00e5 alla sidor, har ett utm\u00e4rkt l\u00e4ge: Den ligger i ett gr\u00f6nt b\u00e4lte n\u00e4ra Kiessee, direkt intill floden Leine, i ett mycket lugnt l\u00e4ge och \u00e4nd\u00e5 n\u00e4ra G\u00f6ttingens historiska stadsk\u00e4rna. Det \u00e4r bara 10 minuters promenad till gamla stan, d\u00e4r det medeltida r\u00e5dhuset, kyrkorna, korsvirkeshusen, pubarna, gatukaf\u00e9erna och de m\u00e5nga butikerna inbjuder till promenader och bes\u00f6k. Sist men inte minst \u00e4r ett bes\u00f6k hos G\u00e4nseliesel, &#8221;v\u00e4rldens mest kyssade flicka&#8221; som h\u00e4lsar dig v\u00e4lkommen fr\u00e5n marknadsfont\u00e4nen, ett absolut m\u00e5ste.<\/p>\n\n<p>De totalt 28 plana och asfalterade parkeringsplatserna \u00e4r gener\u00f6st f\u00f6rdelade med en bredd p\u00e5 5,50 m och en l\u00e4ngd p\u00e5 10 till 12 m \u00f6verallt, och milj\u00f6v\u00e4nliga f\u00f6rs\u00f6rjnings- och avfallsanl\u00e4ggningar finns naturligtvis tillg\u00e4ngliga. Badparadiset Eiswiese med sin stora bastuavdelning och utomhuspoolen Brauweg ligger precis intill torget, medan G\u00f6ttingen Sports Park och Kiessee-sj\u00f6n med b\u00e5tuthyrning, fiske och vattensporter erbjuder m\u00e5nga fritidsaktiviteter i n\u00e4rheten. Shoppingm\u00f6jligheter, stormarknader, apotek, bank, sparbank finns inom max g\u00e5ngavst\u00e5nd. 1 km radie.<\/p>\n\n<figure class=\"wp-block-image size-full\"><img loading=\"lazy\" decoding=\"async\" width=\"1020\" height=\"560\" src=\"https:\/\/9staedte.de\/wp-content\/smush-webp\/2024\/06\/Goettingen-Reisemobilhafen-c-Goettingen-Tourismus.jpg.webp\" alt=\"G&#xF6;ttingen-Mobilhamnen-c-G&#xF6;ttingen-Turism\" class=\"wp-image-22560\" srcset=\"https:\/\/9staedte.de\/wp-content\/smush-webp\/2024\/06\/Goettingen-Reisemobilhafen-c-Goettingen-Tourismus.jpg.webp 1020w, https:\/\/9staedte.de\/wp-content\/smush-webp\/2024\/06\/Goettingen-Reisemobilhafen-c-Goettingen-Tourismus-300x165.jpg.webp 300w, https:\/\/9staedte.de\/wp-content\/smush-webp\/2024\/06\/Goettingen-Reisemobilhafen-c-Goettingen-Tourismus-768x422.jpg.webp 768w\" sizes=\"auto, (max-width: 1020px) 100vw, 1020px\" \/><figcaption class=\"wp-element-caption\">G\u00f6ttingen-Mobilhamnen-c-G\u00f6ttingen-Turism<\/figcaption><\/figure>\n\n<p>Kontakt:<br\/>G\u00f6ttinger Sport- und Freizeit GmbH<br\/>Vindriktning 60<br\/>37073 G\u00f6ttingen<br\/>Tfn. +49 (0) 551 \/ 50709-0<br\/>Fax +49 (0) 5 51 \/ 50709-161<br\/>E-post: <a href=\"mailto:info@goesf.de\">info@goesf.de<\/a><br\/>Internet: <a href=\"http:\/\/www.goesf.de\/\" target=\"_blank\" rel=\"noreferrer noopener\">www.goesf.de<\/a><\/p>\n\n <div class=\"brlbs-cmpnt-container brlbs-cmpnt-content-blocker brlbs-cmpnt-with-individual-styles\" data-borlabs-cookie-content-blocker-id=\"google-maps\" data-borlabs-cookie-content=\"PGlmcmFtZSBzcmM9Imh0dHBzOi8vd3d3Lmdvb2dsZS5jb20vbWFwcy9kL2VtYmVkP21pZD0xWnlKcEkxU1pzQXZCTUtzc29GdG1zeDNVM3BlQmtNNCZlaGJjPTJFMzEyRiIgd2lkdGg9IjY0MCIgaGVpZ2h0PSI0ODAiPjwvaWZyYW1lPg==\"><div class=\"brlbs-cmpnt-cb-preset-b brlbs-cmpnt-cb-google-maps\"> <div class=\"brlbs-cmpnt-cb-thumbnail\" style=\"background-image: url('https:\/\/9staedte.de\/wp-content\/uploads\/borlabs-cookie\/1\/brlbs-cb-google-maps-main.png')\"><\/div> <div class=\"brlbs-cmpnt-cb-main\"> <div class=\"brlbs-cmpnt-cb-content\"> <p class=\"brlbs-cmpnt-cb-description\">You are currently viewing a placeholder content from <strong>Google Maps<\/strong>. To access the actual content, click the button below. Please note that doing so will share data with third-party providers.<\/p> <a class=\"brlbs-cmpnt-cb-provider-toggle\" href=\"#\" data-borlabs-cookie-show-provider-information role=\"button\">More Information<\/a> <\/div> <div class=\"brlbs-cmpnt-cb-buttons\"> <a class=\"brlbs-cmpnt-cb-btn\" href=\"#\" data-borlabs-cookie-unblock role=\"button\">Unblock content<\/a> <a class=\"brlbs-cmpnt-cb-btn\" href=\"#\" data-borlabs-cookie-accept-service role=\"button\" style=\"display: inherit\">Accept required service and unblock content<\/a> <\/div> <\/div> <\/div><\/div>\n\n<p><strong>9 tips f\u00f6r din husbilsresa till G\u00f6ttingen:<\/strong><\/p>\n\n<ol class=\"wp-block-list\" start=\"1\">\n<li>Njut av ett avkopplande dopp i badparadiset Eiswiese<\/li>\n\n\n\n<li>Ta en promenad runt den n\u00e4rliggande grussj\u00f6n<\/li>\n\n\n\n<li>Se en film p\u00e5 utomhusbion i Brauweg i augusti<\/li>\n\n\n\n<li>Ta en cykeltur l\u00e4ngs cykelv\u00e4gen Leine-Heide<\/li>\n\n\n\n<li>Ta en paus p\u00e5 Cafe Kredo och njut av utsikten \u00f6ver sj\u00f6n<\/li>\n\n\n\n<li>Hyr en trampb\u00e5t p\u00e5 Kiessee-sj\u00f6n<\/li>\n\n\n\n<li>Utforska den n\u00e4rliggande gamla staden G\u00f6ttingen<\/li>\n\n\n\n<li>Uppt\u00e4ck den gamla botaniska tr\u00e4dg\u00e5rden p\u00e5 Stadtwall<\/li>\n\n\n\n<li>Njut av den livliga kulturscenen  <\/li>\n<\/ol>\n","protected":false},"excerpt":{"rendered":"<p>Husbilshamn G\u00f6ttingen: &#8221;B\u00e4sta platsen&#8221; n\u00e4ra stadens centrum G\u00f6ttingens husbilshamn \u00e4r ett lyckat exempel p\u00e5 hur husbils\u00e4garnas intressen kan kombineras med f\u00f6ruts\u00e4ttningarna i en storstad som \u00e4r attraktiv f\u00f6r turister. Husbilsplatsen Eiswiese, som \u00e4r inh\u00e4gnad och belyst p\u00e5 alla sidor, har ett utm\u00e4rkt l\u00e4ge: Den ligger i ett gr\u00f6nt b\u00e4lte n\u00e4ra Kiessee, direkt intill floden Leine, [&hellip;]<\/p>\n","protected":false},"author":6,"featured_media":14286,"parent":14552,"menu_order":0,"comment_status":"closed","ping_status":"closed","template":"","meta":{"_acf_changed":false,"footnotes":""},"categories":[],"tags":[],"ncap_cities_tax":[435,1411],"class_list":["post-23082","page","type-page","status-publish","has-post-thumbnail","hentry","ncap_cities_tax-goettingen-sv","ncap_cities_tax-reisemobilstellplatze-goettingen-sv"],"acf":[],"yoast_head":"<!-- This site is optimized with the Yoast SEO plugin v26.8 - https:\/\/yoast.com\/product\/yoast-seo-wordpress\/ -->\n<title>Med husbilen till G\u00f6ttingen - 9 St\u00e4dte in Niedersachsen<\/title>\n<meta name=\"robots\" content=\"index, follow, max-snippet:-1, max-image-preview:large, max-video-preview:-1\" \/>\n<link rel=\"canonical\" href=\"https:\/\/9staedte.de\/sv\/goettingen-staden-som-skapar-kunskap\/med-husbilen-till-goettingen\/\" \/>\n<meta property=\"og:locale\" content=\"sv_SE\" \/>\n<meta property=\"og:type\" content=\"article\" \/>\n<meta property=\"og:title\" content=\"Med husbilen till G\u00f6ttingen - 9 St\u00e4dte in Niedersachsen\" \/>\n<meta property=\"og:description\" content=\"Husbilshamn G\u00f6ttingen: &#8221;B\u00e4sta platsen&#8221; n\u00e4ra stadens centrum G\u00f6ttingens husbilshamn \u00e4r ett lyckat exempel p\u00e5 hur husbils\u00e4garnas intressen kan kombineras med f\u00f6ruts\u00e4ttningarna i en storstad som \u00e4r attraktiv f\u00f6r turister. Husbilsplatsen Eiswiese, som \u00e4r inh\u00e4gnad och belyst p\u00e5 alla sidor, har ett utm\u00e4rkt l\u00e4ge: Den ligger i ett gr\u00f6nt b\u00e4lte n\u00e4ra Kiessee, direkt intill floden Leine, [&hellip;]\" \/>\n<meta property=\"og:url\" content=\"https:\/\/9staedte.de\/sv\/goettingen-staden-som-skapar-kunskap\/med-husbilen-till-goettingen\/\" \/>\n<meta property=\"og:site_name\" content=\"9 St\u00e4dte in Niedersachsen\" \/>\n<meta property=\"article:modified_time\" content=\"2025-05-15T15:07:53+00:00\" \/>\n<meta property=\"og:image\" content=\"https:\/\/9staedte.de\/wp-content\/uploads\/2023\/02\/Goettingen_Johanniskirche-c-Goettingen-Tourismus-Lars-Gerhardts.jpg\" \/>\n\t<meta property=\"og:image:width\" content=\"1020\" \/>\n\t<meta property=\"og:image:height\" content=\"559\" \/>\n\t<meta property=\"og:image:type\" content=\"image\/jpeg\" \/>\n<meta name=\"twitter:card\" content=\"summary_large_image\" \/>\n<meta name=\"twitter:label1\" content=\"Ber\u00e4knad l\u00e4stid\" \/>\n\t<meta name=\"twitter:data1\" content=\"3 minuter\" \/>\n<script type=\"application\/ld+json\" class=\"yoast-schema-graph\">{\"@context\":\"https:\/\/schema.org\",\"@graph\":[{\"@type\":\"WebPage\",\"@id\":\"https:\/\/9staedte.de\/sv\/goettingen-staden-som-skapar-kunskap\/med-husbilen-till-goettingen\/\",\"url\":\"https:\/\/9staedte.de\/sv\/goettingen-staden-som-skapar-kunskap\/med-husbilen-till-goettingen\/\",\"name\":\"Med husbilen till G\u00f6ttingen - 9 St\u00e4dte in Niedersachsen\",\"isPartOf\":{\"@id\":\"https:\/\/9staedte.de\/sv\/#website\"},\"primaryImageOfPage\":{\"@id\":\"https:\/\/9staedte.de\/sv\/goettingen-staden-som-skapar-kunskap\/med-husbilen-till-goettingen\/#primaryimage\"},\"image\":{\"@id\":\"https:\/\/9staedte.de\/sv\/goettingen-staden-som-skapar-kunskap\/med-husbilen-till-goettingen\/#primaryimage\"},\"thumbnailUrl\":\"https:\/\/9staedte.de\/wp-content\/uploads\/2023\/02\/Goettingen_Johanniskirche-c-Goettingen-Tourismus-Lars-Gerhardts.jpg\",\"datePublished\":\"2024-07-11T12:09:39+00:00\",\"dateModified\":\"2025-05-15T15:07:53+00:00\",\"breadcrumb\":{\"@id\":\"https:\/\/9staedte.de\/sv\/goettingen-staden-som-skapar-kunskap\/med-husbilen-till-goettingen\/#breadcrumb\"},\"inLanguage\":\"sv-SE\",\"potentialAction\":[{\"@type\":\"ReadAction\",\"target\":[\"https:\/\/9staedte.de\/sv\/goettingen-staden-som-skapar-kunskap\/med-husbilen-till-goettingen\/\"]}]},{\"@type\":\"ImageObject\",\"inLanguage\":\"sv-SE\",\"@id\":\"https:\/\/9staedte.de\/sv\/goettingen-staden-som-skapar-kunskap\/med-husbilen-till-goettingen\/#primaryimage\",\"url\":\"https:\/\/9staedte.de\/wp-content\/uploads\/2023\/02\/Goettingen_Johanniskirche-c-Goettingen-Tourismus-Lars-Gerhardts.jpg\",\"contentUrl\":\"https:\/\/9staedte.de\/wp-content\/uploads\/2023\/02\/Goettingen_Johanniskirche-c-Goettingen-Tourismus-Lars-Gerhardts.jpg\",\"width\":1020,\"height\":559,\"caption\":\"Goettingen Johanniskirche c) G\u00f6ttingen Marketing GmbH Lars Gerhardts\"},{\"@type\":\"BreadcrumbList\",\"@id\":\"https:\/\/9staedte.de\/sv\/goettingen-staden-som-skapar-kunskap\/med-husbilen-till-goettingen\/#breadcrumb\",\"itemListElement\":[{\"@type\":\"ListItem\",\"position\":1,\"name\":\"Startseite\",\"item\":\"https:\/\/9staedte.de\/sv\/\"},{\"@type\":\"ListItem\",\"position\":2,\"name\":\"G\u00f6ttingen &#8211; Staden som skapar kunskap\",\"item\":\"https:\/\/9staedte.de\/sv\/goettingen-staden-som-skapar-kunskap\/\"},{\"@type\":\"ListItem\",\"position\":3,\"name\":\"Med husbilen till G\u00f6ttingen\"}]},{\"@type\":\"WebSite\",\"@id\":\"https:\/\/9staedte.de\/sv\/#website\",\"url\":\"https:\/\/9staedte.de\/sv\/\",\"name\":\"9 St\u00e4dte in Niedersachsen\",\"description\":\"\",\"publisher\":{\"@id\":\"https:\/\/9staedte.de\/sv\/#organization\"},\"potentialAction\":[{\"@type\":\"SearchAction\",\"target\":{\"@type\":\"EntryPoint\",\"urlTemplate\":\"https:\/\/9staedte.de\/sv\/?s={search_term_string}\"},\"query-input\":{\"@type\":\"PropertyValueSpecification\",\"valueRequired\":true,\"valueName\":\"search_term_string\"}}],\"inLanguage\":\"sv-SE\"},{\"@type\":\"Organization\",\"@id\":\"https:\/\/9staedte.de\/sv\/#organization\",\"name\":\"9 St\u00e4dte in Niedersachsen\",\"url\":\"https:\/\/9staedte.de\/sv\/\",\"logo\":{\"@type\":\"ImageObject\",\"inLanguage\":\"sv-SE\",\"@id\":\"https:\/\/9staedte.de\/sv\/#\/schema\/logo\/image\/\",\"url\":\"https:\/\/9staedte.de\/wp-content\/uploads\/2025\/01\/9-neg-deutsch-2-1.png\",\"contentUrl\":\"https:\/\/9staedte.de\/wp-content\/uploads\/2025\/01\/9-neg-deutsch-2-1.png\",\"width\":190,\"height\":114,\"caption\":\"9 St\u00e4dte in Niedersachsen\"},\"image\":{\"@id\":\"https:\/\/9staedte.de\/sv\/#\/schema\/logo\/image\/\"}}]}<\/script>\n<!-- \/ Yoast SEO plugin. -->","yoast_head_json":{"title":"Med husbilen till G\u00f6ttingen - 9 St\u00e4dte in Niedersachsen","robots":{"index":"index","follow":"follow","max-snippet":"max-snippet:-1","max-image-preview":"max-image-preview:large","max-video-preview":"max-video-preview:-1"},"canonical":"https:\/\/9staedte.de\/sv\/goettingen-staden-som-skapar-kunskap\/med-husbilen-till-goettingen\/","og_locale":"sv_SE","og_type":"article","og_title":"Med husbilen till G\u00f6ttingen - 9 St\u00e4dte in Niedersachsen","og_description":"Husbilshamn G\u00f6ttingen: &#8221;B\u00e4sta platsen&#8221; n\u00e4ra stadens centrum G\u00f6ttingens husbilshamn \u00e4r ett lyckat exempel p\u00e5 hur husbils\u00e4garnas intressen kan kombineras med f\u00f6ruts\u00e4ttningarna i en storstad som \u00e4r attraktiv f\u00f6r turister. Husbilsplatsen Eiswiese, som \u00e4r inh\u00e4gnad och belyst p\u00e5 alla sidor, har ett utm\u00e4rkt l\u00e4ge: Den ligger i ett gr\u00f6nt b\u00e4lte n\u00e4ra Kiessee, direkt intill floden Leine, [&hellip;]","og_url":"https:\/\/9staedte.de\/sv\/goettingen-staden-som-skapar-kunskap\/med-husbilen-till-goettingen\/","og_site_name":"9 St\u00e4dte in Niedersachsen","article_modified_time":"2025-05-15T15:07:53+00:00","og_image":[{"width":1020,"height":559,"url":"https:\/\/9staedte.de\/wp-content\/uploads\/2023\/02\/Goettingen_Johanniskirche-c-Goettingen-Tourismus-Lars-Gerhardts.jpg","type":"image\/jpeg"}],"twitter_card":"summary_large_image","twitter_misc":{"Ber\u00e4knad l\u00e4stid":"3 minuter"},"schema":{"@context":"https:\/\/schema.org","@graph":[{"@type":"WebPage","@id":"https:\/\/9staedte.de\/sv\/goettingen-staden-som-skapar-kunskap\/med-husbilen-till-goettingen\/","url":"https:\/\/9staedte.de\/sv\/goettingen-staden-som-skapar-kunskap\/med-husbilen-till-goettingen\/","name":"Med husbilen till G\u00f6ttingen - 9 St\u00e4dte in Niedersachsen","isPartOf":{"@id":"https:\/\/9staedte.de\/sv\/#website"},"primaryImageOfPage":{"@id":"https:\/\/9staedte.de\/sv\/goettingen-staden-som-skapar-kunskap\/med-husbilen-till-goettingen\/#primaryimage"},"image":{"@id":"https:\/\/9staedte.de\/sv\/goettingen-staden-som-skapar-kunskap\/med-husbilen-till-goettingen\/#primaryimage"},"thumbnailUrl":"https:\/\/9staedte.de\/wp-content\/uploads\/2023\/02\/Goettingen_Johanniskirche-c-Goettingen-Tourismus-Lars-Gerhardts.jpg","datePublished":"2024-07-11T12:09:39+00:00","dateModified":"2025-05-15T15:07:53+00:00","breadcrumb":{"@id":"https:\/\/9staedte.de\/sv\/goettingen-staden-som-skapar-kunskap\/med-husbilen-till-goettingen\/#breadcrumb"},"inLanguage":"sv-SE","potentialAction":[{"@type":"ReadAction","target":["https:\/\/9staedte.de\/sv\/goettingen-staden-som-skapar-kunskap\/med-husbilen-till-goettingen\/"]}]},{"@type":"ImageObject","inLanguage":"sv-SE","@id":"https:\/\/9staedte.de\/sv\/goettingen-staden-som-skapar-kunskap\/med-husbilen-till-goettingen\/#primaryimage","url":"https:\/\/9staedte.de\/wp-content\/uploads\/2023\/02\/Goettingen_Johanniskirche-c-Goettingen-Tourismus-Lars-Gerhardts.jpg","contentUrl":"https:\/\/9staedte.de\/wp-content\/uploads\/2023\/02\/Goettingen_Johanniskirche-c-Goettingen-Tourismus-Lars-Gerhardts.jpg","width":1020,"height":559,"caption":"Goettingen Johanniskirche c) G\u00f6ttingen Marketing GmbH Lars Gerhardts"},{"@type":"BreadcrumbList","@id":"https:\/\/9staedte.de\/sv\/goettingen-staden-som-skapar-kunskap\/med-husbilen-till-goettingen\/#breadcrumb","itemListElement":[{"@type":"ListItem","position":1,"name":"Startseite","item":"https:\/\/9staedte.de\/sv\/"},{"@type":"ListItem","position":2,"name":"G\u00f6ttingen &#8211; Staden som skapar kunskap","item":"https:\/\/9staedte.de\/sv\/goettingen-staden-som-skapar-kunskap\/"},{"@type":"ListItem","position":3,"name":"Med husbilen till G\u00f6ttingen"}]},{"@type":"WebSite","@id":"https:\/\/9staedte.de\/sv\/#website","url":"https:\/\/9staedte.de\/sv\/","name":"9 St\u00e4dte in Niedersachsen","description":"","publisher":{"@id":"https:\/\/9staedte.de\/sv\/#organization"},"potentialAction":[{"@type":"SearchAction","target":{"@type":"EntryPoint","urlTemplate":"https:\/\/9staedte.de\/sv\/?s={search_term_string}"},"query-input":{"@type":"PropertyValueSpecification","valueRequired":true,"valueName":"search_term_string"}}],"inLanguage":"sv-SE"},{"@type":"Organization","@id":"https:\/\/9staedte.de\/sv\/#organization","name":"9 St\u00e4dte in Niedersachsen","url":"https:\/\/9staedte.de\/sv\/","logo":{"@type":"ImageObject","inLanguage":"sv-SE","@id":"https:\/\/9staedte.de\/sv\/#\/schema\/logo\/image\/","url":"https:\/\/9staedte.de\/wp-content\/uploads\/2025\/01\/9-neg-deutsch-2-1.png","contentUrl":"https:\/\/9staedte.de\/wp-content\/uploads\/2025\/01\/9-neg-deutsch-2-1.png","width":190,"height":114,"caption":"9 St\u00e4dte in Niedersachsen"},"image":{"@id":"https:\/\/9staedte.de\/sv\/#\/schema\/logo\/image\/"}}]}},"_links":{"self":[{"href":"https:\/\/9staedte.de\/sv\/wp-json\/wp\/v2\/pages\/23082","targetHints":{"allow":["GET"]}}],"collection":[{"href":"https:\/\/9staedte.de\/sv\/wp-json\/wp\/v2\/pages"}],"about":[{"href":"https:\/\/9staedte.de\/sv\/wp-json\/wp\/v2\/types\/page"}],"author":[{"embeddable":true,"href":"https:\/\/9staedte.de\/sv\/wp-json\/wp\/v2\/users\/6"}],"replies":[{"embeddable":true,"href":"https:\/\/9staedte.de\/sv\/wp-json\/wp\/v2\/comments?post=23082"}],"version-history":[{"count":2,"href":"https:\/\/9staedte.de\/sv\/wp-json\/wp\/v2\/pages\/23082\/revisions"}],"predecessor-version":[{"id":25901,"href":"https:\/\/9staedte.de\/sv\/wp-json\/wp\/v2\/pages\/23082\/revisions\/25901"}],"up":[{"embeddable":true,"href":"https:\/\/9staedte.de\/sv\/wp-json\/wp\/v2\/pages\/14552"}],"wp:featuredmedia":[{"embeddable":true,"href":"https:\/\/9staedte.de\/sv\/wp-json\/wp\/v2\/media\/14286"}],"wp:attachment":[{"href":"https:\/\/9staedte.de\/sv\/wp-json\/wp\/v2\/media?parent=23082"}],"wp:term":[{"taxonomy":"category","embeddable":true,"href":"https:\/\/9staedte.de\/sv\/wp-json\/wp\/v2\/categories?post=23082"},{"taxonomy":"post_tag","embeddable":true,"href":"https:\/\/9staedte.de\/sv\/wp-json\/wp\/v2\/tags?post=23082"},{"taxonomy":"ncap_cities_tax","embeddable":true,"href":"https:\/\/9staedte.de\/sv\/wp-json\/wp\/v2\/ncap_cities_tax?post=23082"}],"curies":[{"name":"wp","href":"https:\/\/api.w.org\/{rel}","templated":true}]}}