{"id":23047,"date":"2024-07-08T13:13:57","date_gmt":"2024-07-08T11:13:57","guid":{"rendered":"https:\/\/9staedte.de\/wohnmobilstellplatz-celle\/"},"modified":"2025-05-08T15:14:35","modified_gmt":"2025-05-08T13:14:35","slug":"wohnmobilstellplatz-celle","status":"publish","type":"page","link":"https:\/\/9staedte.de\/sv\/celle-vacker-residensstad\/wohnmobilstellplatz-celle\/","title":{"rendered":"Husvagnsplats Celle"},"content":{"rendered":"\n<h2 class=\"wp-block-heading\">Med husbilen till Celle<\/h2>\n\n<p>Den pittoreska gamla stan och det inbjudande Badeland kunde knappast vara n\u00e4rmare: Staden Celle har tr\u00e4ffat mitt i prick med placeringen av parkeringshuset. Den attraktiva designen och den bekv\u00e4ma inredningen f\u00e5r camparnas hj\u00e4rtan att sl\u00e5 snabbare.<\/p>\n\n<p><strong>PARKERINGSPLATS OCH OMGIVNINGAR<\/strong><\/p>\n\n<p>Modern husbilshamn f\u00f6r 45 husbilar precis intill Celle Badeland, bara 5 till 10 minuters promenad fr\u00e5n gamla stan med \u00f6ver 500 korsvirkeshus, slott och g\u00e5gata. Lugnt l\u00e4ge bort fr\u00e5n huvudv\u00e4garna. Avsk\u00e4rmad fr\u00e5n gatans buller av en minigolfbana framf\u00f6r, gr\u00e4nsar till en idrottsplats, \u00f6ppna \u00e4ngar och den lilla Fuhse-floden p\u00e5 sidan och baksidan. Breda, v\u00e4lbelagda uppfarter, n\u00e4stan plana tomter belagda med gr\u00e4ssten, oftast 5 x 10 meter stora med en gr\u00f6n remsa p\u00e5 framsidan. 8 st\u00f6rre tomter \u00e4r ocks\u00e5 l\u00e4mpliga f\u00f6r liners.<\/p>\n\n<p>Hundar: V\u00e4lkomna, men v\u00e4nligen h\u00e5ll dem kopplade. S\u00e4song: \u00d6ppet \u00e5ret runt.<\/p>\n\n<p><strong>UTRUSTNING OCH SERVICE<\/strong><\/p>\n\n<p>Incheckning i en flerspr\u00e5kig terminal. Turistinformation och br\u00f6dservering i det nya pitchkontoret i en sidoflygel av sanitetsbyggnaden (\u00f6ppet kl. 8-13, 15-18). Handikappanpassad servicebyggnad med toaletter, duschar, tv\u00e4ttmaskin, torktumlare och diskrum. Elanslutning finns p\u00e5 alla 45 tomter, samt ett separat serviceomr\u00e5de med f\u00e4rskvattenpelare, kassett\u00f6mning och golvbrunn f\u00f6r gr\u00e5vatten. Grillplats, sophantering tillg\u00e4nglig, gratis W-Lan tillg\u00e4ngligt. Utbyte av gasflaskor, webbkamera och nyhetsbrev via platsens hemsida, bokningar m\u00f6jliga.<\/p>\n\n<div class=\"wp-block-media-text is-stacked-on-mobile\"><figure class=\"wp-block-media-text__media\"><img loading=\"lazy\" decoding=\"async\" width=\"1020\" height=\"560\" src=\"https:\/\/9staedte.de\/wp-content\/smush-webp\/2023\/02\/Celle-Huths-kaffee-c-Celle-Tourismus-und-Marketing-GmbH.jpg.webp\" alt=\"Celle-Huths-kaffe c) Celle Tourismus und Marketing GmbH\" class=\"wp-image-3584 size-full\" srcset=\"https:\/\/9staedte.de\/wp-content\/smush-webp\/2023\/02\/Celle-Huths-kaffee-c-Celle-Tourismus-und-Marketing-GmbH.jpg.webp 1020w, https:\/\/9staedte.de\/wp-content\/smush-webp\/2023\/02\/Celle-Huths-kaffee-c-Celle-Tourismus-und-Marketing-GmbH-300x165.jpg.webp 300w, https:\/\/9staedte.de\/wp-content\/smush-webp\/2023\/02\/Celle-Huths-kaffee-c-Celle-Tourismus-und-Marketing-GmbH-768x422.jpg.webp 768w\" sizes=\"auto, (max-width: 1020px) 100vw, 1020px\" \/><\/figure><div class=\"wp-block-media-text__content\">\n<p><strong>9 tips f\u00f6r husbilsresen\u00e4rer i Celle<\/strong><\/p>\n\n\n\n<ul class=\"wp-block-list\">\n<li>Offentlig stadsrundtur<\/li>\n\n\n\n<li>Celles residenspalats \/ residensmuseum<\/li>\n\n\n\n<li>TimeRide-guide<\/li>\n\n\n\n<li>Bomann Museum\/Art Museum<\/li>\n\n\n\n<li>Hoppener House \/ Stechinelli House \/ Am Heiligen Kreuz<\/li>\n\n\n\n<li>Stechbahn och Kalandgasse<\/li>\n\n\n\n<li>St Mary&#8217;s Church \/ Uppstigning av tornet<\/li>\n\n\n\n<li>Celle barockslottsteater<\/li>\n\n\n\n<li>Haesler-museet<\/li>\n<\/ul>\n<\/div><\/div>\n\n<p><strong>AVGIFTER OCH KRINGKOSTNADER<\/strong><\/p>\n\n<p>15 Euro per mobil och 24 timmar inkl. av alla personer och W-Lan. El: 0,70 euro per kWh, f\u00e4rskvatten: 1 euro\/80 liter.<\/p>\n\n<p>Kontantfri betalning vid incheckningsterminalen med EC- eller kreditkort. Br\u00f6drullar i kontanter fr\u00e5n pitchteamet.<\/p>\n\n<p>INFORMATION OCH INTERNET<\/p>\n\n<p>Husvagnsplats Am Badeland<br\/>77er Street 36<br\/>29221 Celle<br\/>T: 0 51 41\/ 9 51 93 88<br\/>E: <a href=\"mailto:info@womo-celle.de\">info@womo-celle.de<\/a><br\/><a href=\"http:\/\/www.momo-celle.de\">www.womo-celle.de<\/a><\/p>\n\n <div class=\"brlbs-cmpnt-container brlbs-cmpnt-content-blocker brlbs-cmpnt-with-individual-styles\" data-borlabs-cookie-content-blocker-id=\"google-maps\" data-borlabs-cookie-content=\"PGlmcmFtZSBzcmM9Imh0dHBzOi8vd3d3Lmdvb2dsZS5jb20vbWFwcy9kL2VtYmVkP21pZD0xYXpwWWxZQWxINVNTVHlGXy14UDdTZFpNb1pPdWpWayZlaGJjPTJFMzEyRiIgd2lkdGg9IjY0MCIgaGVpZ2h0PSI0ODAiPjwvaWZyYW1lPg==\"><div class=\"brlbs-cmpnt-cb-preset-b brlbs-cmpnt-cb-google-maps\"> <div class=\"brlbs-cmpnt-cb-thumbnail\" style=\"background-image: url('https:\/\/9staedte.de\/wp-content\/uploads\/borlabs-cookie\/1\/brlbs-cb-google-maps-main.png')\"><\/div> <div class=\"brlbs-cmpnt-cb-main\"> <div class=\"brlbs-cmpnt-cb-content\"> <p class=\"brlbs-cmpnt-cb-description\">You are currently viewing a placeholder content from <strong>Google Maps<\/strong>. To access the actual content, click the button below. Please note that doing so will share data with third-party providers.<\/p> <a class=\"brlbs-cmpnt-cb-provider-toggle\" href=\"#\" data-borlabs-cookie-show-provider-information role=\"button\">More Information<\/a> <\/div> <div class=\"brlbs-cmpnt-cb-buttons\"> <a class=\"brlbs-cmpnt-cb-btn\" href=\"#\" data-borlabs-cookie-unblock role=\"button\">Unblock content<\/a> <a class=\"brlbs-cmpnt-cb-btn\" href=\"#\" data-borlabs-cookie-accept-service role=\"button\" style=\"display: inherit\">Accept required service and unblock content<\/a> <\/div> <\/div> <\/div><\/div>\n","protected":false},"excerpt":{"rendered":"<p>Med husbilen till Celle Den pittoreska gamla stan och det inbjudande Badeland kunde knappast vara n\u00e4rmare: Staden Celle har tr\u00e4ffat mitt i prick med placeringen av parkeringshuset. Den attraktiva designen och den bekv\u00e4ma inredningen f\u00e5r camparnas hj\u00e4rtan att sl\u00e5 snabbare. PARKERINGSPLATS OCH OMGIVNINGAR Modern husbilshamn f\u00f6r 45 husbilar precis intill Celle Badeland, bara 5 till [&hellip;]<\/p>\n","protected":false},"author":6,"featured_media":23033,"parent":14588,"menu_order":0,"comment_status":"closed","ping_status":"closed","template":"pagetemplates\/template-stadtthema.php","meta":{"_acf_changed":false,"footnotes":""},"categories":[],"tags":[],"ncap_cities_tax":[428,1404],"class_list":["post-23047","page","type-page","status-publish","has-post-thumbnail","hentry","ncap_cities_tax-celle-sv","ncap_cities_tax-reisemobilstellplatze-celle-sv"],"acf":[],"yoast_head":"<!-- This site is optimized with the Yoast SEO plugin v26.8 - https:\/\/yoast.com\/product\/yoast-seo-wordpress\/ -->\n<title>Husvagnsplats Celle - 9 St\u00e4dte in Niedersachsen<\/title>\n<meta name=\"description\" content=\"Husvagnscamping Celle. Information f\u00f6r din husbilsresa till det f\u00f6rtrollande residenset och korsvirkesstaden Celle.\" \/>\n<meta name=\"robots\" content=\"index, follow, max-snippet:-1, max-image-preview:large, max-video-preview:-1\" \/>\n<link rel=\"canonical\" href=\"https:\/\/9staedte.de\/sv\/celle-vacker-residensstad\/wohnmobilstellplatz-celle\/\" \/>\n<meta property=\"og:locale\" content=\"sv_SE\" \/>\n<meta property=\"og:type\" content=\"article\" \/>\n<meta property=\"og:title\" content=\"Husvagnsplats Celle - 9 St\u00e4dte in Niedersachsen\" \/>\n<meta property=\"og:description\" content=\"Husvagnscamping Celle. Information f\u00f6r din husbilsresa till det f\u00f6rtrollande residenset och korsvirkesstaden Celle.\" \/>\n<meta property=\"og:url\" content=\"https:\/\/9staedte.de\/sv\/celle-vacker-residensstad\/wohnmobilstellplatz-celle\/\" \/>\n<meta property=\"og:site_name\" content=\"9 St\u00e4dte in Niedersachsen\" \/>\n<meta property=\"article:modified_time\" content=\"2025-05-08T13:14:35+00:00\" \/>\n<meta property=\"og:image\" content=\"https:\/\/9staedte.de\/wp-content\/uploads\/2024\/07\/Wohnmobilstellplatz-Celle-Luftbild-c-Celle-Tourismus.jpg\" \/>\n\t<meta property=\"og:image:width\" content=\"1020\" \/>\n\t<meta property=\"og:image:height\" content=\"560\" \/>\n\t<meta property=\"og:image:type\" content=\"image\/jpeg\" \/>\n<meta name=\"twitter:card\" content=\"summary_large_image\" \/>\n<meta name=\"twitter:label1\" content=\"Ber\u00e4knad l\u00e4stid\" \/>\n\t<meta name=\"twitter:data1\" content=\"3 minuter\" \/>\n<script type=\"application\/ld+json\" class=\"yoast-schema-graph\">{\"@context\":\"https:\/\/schema.org\",\"@graph\":[{\"@type\":\"WebPage\",\"@id\":\"https:\/\/9staedte.de\/sv\/celle-vacker-residensstad\/wohnmobilstellplatz-celle\/\",\"url\":\"https:\/\/9staedte.de\/sv\/celle-vacker-residensstad\/wohnmobilstellplatz-celle\/\",\"name\":\"Husvagnsplats Celle - 9 St\u00e4dte in Niedersachsen\",\"isPartOf\":{\"@id\":\"https:\/\/9staedte.de\/sv\/#website\"},\"primaryImageOfPage\":{\"@id\":\"https:\/\/9staedte.de\/sv\/celle-vacker-residensstad\/wohnmobilstellplatz-celle\/#primaryimage\"},\"image\":{\"@id\":\"https:\/\/9staedte.de\/sv\/celle-vacker-residensstad\/wohnmobilstellplatz-celle\/#primaryimage\"},\"thumbnailUrl\":\"https:\/\/9staedte.de\/wp-content\/uploads\/2024\/07\/Wohnmobilstellplatz-Celle-Luftbild-c-Celle-Tourismus.jpg\",\"datePublished\":\"2024-07-08T11:13:57+00:00\",\"dateModified\":\"2025-05-08T13:14:35+00:00\",\"description\":\"Husvagnscamping Celle. Information f\u00f6r din husbilsresa till det f\u00f6rtrollande residenset och korsvirkesstaden Celle.\",\"breadcrumb\":{\"@id\":\"https:\/\/9staedte.de\/sv\/celle-vacker-residensstad\/wohnmobilstellplatz-celle\/#breadcrumb\"},\"inLanguage\":\"sv-SE\",\"potentialAction\":[{\"@type\":\"ReadAction\",\"target\":[\"https:\/\/9staedte.de\/sv\/celle-vacker-residensstad\/wohnmobilstellplatz-celle\/\"]}]},{\"@type\":\"ImageObject\",\"inLanguage\":\"sv-SE\",\"@id\":\"https:\/\/9staedte.de\/sv\/celle-vacker-residensstad\/wohnmobilstellplatz-celle\/#primaryimage\",\"url\":\"https:\/\/9staedte.de\/wp-content\/uploads\/2024\/07\/Wohnmobilstellplatz-Celle-Luftbild-c-Celle-Tourismus.jpg\",\"contentUrl\":\"https:\/\/9staedte.de\/wp-content\/uploads\/2024\/07\/Wohnmobilstellplatz-Celle-Luftbild-c-Celle-Tourismus.jpg\",\"width\":1020,\"height\":560,\"caption\":\"Wohnmobilstellplatz Celle Luftbild c) Celle Tourismus\"},{\"@type\":\"BreadcrumbList\",\"@id\":\"https:\/\/9staedte.de\/sv\/celle-vacker-residensstad\/wohnmobilstellplatz-celle\/#breadcrumb\",\"itemListElement\":[{\"@type\":\"ListItem\",\"position\":1,\"name\":\"Startseite\",\"item\":\"https:\/\/9staedte.de\/sv\/\"},{\"@type\":\"ListItem\",\"position\":2,\"name\":\"Celle &#8211; Vacker residensstad\",\"item\":\"https:\/\/9staedte.de\/sv\/celle-vacker-residensstad\/\"},{\"@type\":\"ListItem\",\"position\":3,\"name\":\"Husvagnsplats Celle\"}]},{\"@type\":\"WebSite\",\"@id\":\"https:\/\/9staedte.de\/sv\/#website\",\"url\":\"https:\/\/9staedte.de\/sv\/\",\"name\":\"9 St\u00e4dte in Niedersachsen\",\"description\":\"\",\"publisher\":{\"@id\":\"https:\/\/9staedte.de\/sv\/#organization\"},\"potentialAction\":[{\"@type\":\"SearchAction\",\"target\":{\"@type\":\"EntryPoint\",\"urlTemplate\":\"https:\/\/9staedte.de\/sv\/?s={search_term_string}\"},\"query-input\":{\"@type\":\"PropertyValueSpecification\",\"valueRequired\":true,\"valueName\":\"search_term_string\"}}],\"inLanguage\":\"sv-SE\"},{\"@type\":\"Organization\",\"@id\":\"https:\/\/9staedte.de\/sv\/#organization\",\"name\":\"9 St\u00e4dte in Niedersachsen\",\"url\":\"https:\/\/9staedte.de\/sv\/\",\"logo\":{\"@type\":\"ImageObject\",\"inLanguage\":\"sv-SE\",\"@id\":\"https:\/\/9staedte.de\/sv\/#\/schema\/logo\/image\/\",\"url\":\"https:\/\/9staedte.de\/wp-content\/uploads\/2025\/01\/9-neg-deutsch-2-1.png\",\"contentUrl\":\"https:\/\/9staedte.de\/wp-content\/uploads\/2025\/01\/9-neg-deutsch-2-1.png\",\"width\":190,\"height\":114,\"caption\":\"9 St\u00e4dte in Niedersachsen\"},\"image\":{\"@id\":\"https:\/\/9staedte.de\/sv\/#\/schema\/logo\/image\/\"}}]}<\/script>\n<!-- \/ Yoast SEO plugin. -->","yoast_head_json":{"title":"Husvagnsplats Celle - 9 St\u00e4dte in Niedersachsen","description":"Husvagnscamping Celle. Information f\u00f6r din husbilsresa till det f\u00f6rtrollande residenset och korsvirkesstaden Celle.","robots":{"index":"index","follow":"follow","max-snippet":"max-snippet:-1","max-image-preview":"max-image-preview:large","max-video-preview":"max-video-preview:-1"},"canonical":"https:\/\/9staedte.de\/sv\/celle-vacker-residensstad\/wohnmobilstellplatz-celle\/","og_locale":"sv_SE","og_type":"article","og_title":"Husvagnsplats Celle - 9 St\u00e4dte in Niedersachsen","og_description":"Husvagnscamping Celle. Information f\u00f6r din husbilsresa till det f\u00f6rtrollande residenset och korsvirkesstaden Celle.","og_url":"https:\/\/9staedte.de\/sv\/celle-vacker-residensstad\/wohnmobilstellplatz-celle\/","og_site_name":"9 St\u00e4dte in Niedersachsen","article_modified_time":"2025-05-08T13:14:35+00:00","og_image":[{"width":1020,"height":560,"url":"https:\/\/9staedte.de\/wp-content\/uploads\/2024\/07\/Wohnmobilstellplatz-Celle-Luftbild-c-Celle-Tourismus.jpg","type":"image\/jpeg"}],"twitter_card":"summary_large_image","twitter_misc":{"Ber\u00e4knad l\u00e4stid":"3 minuter"},"schema":{"@context":"https:\/\/schema.org","@graph":[{"@type":"WebPage","@id":"https:\/\/9staedte.de\/sv\/celle-vacker-residensstad\/wohnmobilstellplatz-celle\/","url":"https:\/\/9staedte.de\/sv\/celle-vacker-residensstad\/wohnmobilstellplatz-celle\/","name":"Husvagnsplats Celle - 9 St\u00e4dte in Niedersachsen","isPartOf":{"@id":"https:\/\/9staedte.de\/sv\/#website"},"primaryImageOfPage":{"@id":"https:\/\/9staedte.de\/sv\/celle-vacker-residensstad\/wohnmobilstellplatz-celle\/#primaryimage"},"image":{"@id":"https:\/\/9staedte.de\/sv\/celle-vacker-residensstad\/wohnmobilstellplatz-celle\/#primaryimage"},"thumbnailUrl":"https:\/\/9staedte.de\/wp-content\/uploads\/2024\/07\/Wohnmobilstellplatz-Celle-Luftbild-c-Celle-Tourismus.jpg","datePublished":"2024-07-08T11:13:57+00:00","dateModified":"2025-05-08T13:14:35+00:00","description":"Husvagnscamping Celle. Information f\u00f6r din husbilsresa till det f\u00f6rtrollande residenset och korsvirkesstaden Celle.","breadcrumb":{"@id":"https:\/\/9staedte.de\/sv\/celle-vacker-residensstad\/wohnmobilstellplatz-celle\/#breadcrumb"},"inLanguage":"sv-SE","potentialAction":[{"@type":"ReadAction","target":["https:\/\/9staedte.de\/sv\/celle-vacker-residensstad\/wohnmobilstellplatz-celle\/"]}]},{"@type":"ImageObject","inLanguage":"sv-SE","@id":"https:\/\/9staedte.de\/sv\/celle-vacker-residensstad\/wohnmobilstellplatz-celle\/#primaryimage","url":"https:\/\/9staedte.de\/wp-content\/uploads\/2024\/07\/Wohnmobilstellplatz-Celle-Luftbild-c-Celle-Tourismus.jpg","contentUrl":"https:\/\/9staedte.de\/wp-content\/uploads\/2024\/07\/Wohnmobilstellplatz-Celle-Luftbild-c-Celle-Tourismus.jpg","width":1020,"height":560,"caption":"Wohnmobilstellplatz Celle Luftbild c) Celle Tourismus"},{"@type":"BreadcrumbList","@id":"https:\/\/9staedte.de\/sv\/celle-vacker-residensstad\/wohnmobilstellplatz-celle\/#breadcrumb","itemListElement":[{"@type":"ListItem","position":1,"name":"Startseite","item":"https:\/\/9staedte.de\/sv\/"},{"@type":"ListItem","position":2,"name":"Celle &#8211; Vacker residensstad","item":"https:\/\/9staedte.de\/sv\/celle-vacker-residensstad\/"},{"@type":"ListItem","position":3,"name":"Husvagnsplats Celle"}]},{"@type":"WebSite","@id":"https:\/\/9staedte.de\/sv\/#website","url":"https:\/\/9staedte.de\/sv\/","name":"9 St\u00e4dte in Niedersachsen","description":"","publisher":{"@id":"https:\/\/9staedte.de\/sv\/#organization"},"potentialAction":[{"@type":"SearchAction","target":{"@type":"EntryPoint","urlTemplate":"https:\/\/9staedte.de\/sv\/?s={search_term_string}"},"query-input":{"@type":"PropertyValueSpecification","valueRequired":true,"valueName":"search_term_string"}}],"inLanguage":"sv-SE"},{"@type":"Organization","@id":"https:\/\/9staedte.de\/sv\/#organization","name":"9 St\u00e4dte in Niedersachsen","url":"https:\/\/9staedte.de\/sv\/","logo":{"@type":"ImageObject","inLanguage":"sv-SE","@id":"https:\/\/9staedte.de\/sv\/#\/schema\/logo\/image\/","url":"https:\/\/9staedte.de\/wp-content\/uploads\/2025\/01\/9-neg-deutsch-2-1.png","contentUrl":"https:\/\/9staedte.de\/wp-content\/uploads\/2025\/01\/9-neg-deutsch-2-1.png","width":190,"height":114,"caption":"9 St\u00e4dte in Niedersachsen"},"image":{"@id":"https:\/\/9staedte.de\/sv\/#\/schema\/logo\/image\/"}}]}},"_links":{"self":[{"href":"https:\/\/9staedte.de\/sv\/wp-json\/wp\/v2\/pages\/23047","targetHints":{"allow":["GET"]}}],"collection":[{"href":"https:\/\/9staedte.de\/sv\/wp-json\/wp\/v2\/pages"}],"about":[{"href":"https:\/\/9staedte.de\/sv\/wp-json\/wp\/v2\/types\/page"}],"author":[{"embeddable":true,"href":"https:\/\/9staedte.de\/sv\/wp-json\/wp\/v2\/users\/6"}],"replies":[{"embeddable":true,"href":"https:\/\/9staedte.de\/sv\/wp-json\/wp\/v2\/comments?post=23047"}],"version-history":[{"count":3,"href":"https:\/\/9staedte.de\/sv\/wp-json\/wp\/v2\/pages\/23047\/revisions"}],"predecessor-version":[{"id":25425,"href":"https:\/\/9staedte.de\/sv\/wp-json\/wp\/v2\/pages\/23047\/revisions\/25425"}],"up":[{"embeddable":true,"href":"https:\/\/9staedte.de\/sv\/wp-json\/wp\/v2\/pages\/14588"}],"wp:featuredmedia":[{"embeddable":true,"href":"https:\/\/9staedte.de\/sv\/wp-json\/wp\/v2\/media\/23033"}],"wp:attachment":[{"href":"https:\/\/9staedte.de\/sv\/wp-json\/wp\/v2\/media?parent=23047"}],"wp:term":[{"taxonomy":"category","embeddable":true,"href":"https:\/\/9staedte.de\/sv\/wp-json\/wp\/v2\/categories?post=23047"},{"taxonomy":"post_tag","embeddable":true,"href":"https:\/\/9staedte.de\/sv\/wp-json\/wp\/v2\/tags?post=23047"},{"taxonomy":"ncap_cities_tax","embeddable":true,"href":"https:\/\/9staedte.de\/sv\/wp-json\/wp\/v2\/ncap_cities_tax?post=23047"}],"curies":[{"name":"wp","href":"https:\/\/api.w.org\/{rel}","templated":true}]}}