{"id":22983,"date":"2024-07-04T11:03:50","date_gmt":"2024-07-04T09:03:50","guid":{"rendered":"https:\/\/9staedte.de\/wohnmobilstellplaetze-in-braunschweig-2\/"},"modified":"2024-07-04T11:32:39","modified_gmt":"2024-07-04T09:32:39","slug":"wohnmobilstellplaetze-in-braunschweig-2","status":"publish","type":"page","link":"https:\/\/9staedte.de\/sv\/braunschweig-lejonstaden\/wohnmobilstellplaetze-in-braunschweig-2\/","title":{"rendered":"St\u00e4llplatser f\u00f6r husbilar i Braunschweig"},"content":{"rendered":"\n<h2 class=\"wp-block-heading\">Med husbilen till Braunschweig<\/h2>\n\n<p>Uppt\u00e4ck Lejonstaden p\u00e5 ett spontant s\u00e4tt, n\u00e4ra naturen och mobilen: St\u00e4llplatser f\u00f6r husbilar n\u00e4ra stadens centrum inbjuder dig att njuta av en varierad vistelse i Braunschweig. Med sina korta avst\u00e5nd till sev\u00e4rdheter, kulturinstitutioner som Herzog Anton Ulrich-museet, ett stort utbud av evenemang, rekreation n\u00e4ra stadsk\u00e4rnan p\u00e5 landsbygden och sin n\u00e4stan 1000-\u00e5riga historia \u00e4r Lejonstaden det perfekta resm\u00e5let f\u00f6r en stadsresa med husbil. Braunschweig Stadtmarketing GmbH hj\u00e4lper dig g\u00e4rna att planera ditt bes\u00f6k. Mer information om Braunschweig som turistm\u00e5l finns p\u00e5 <a href=\"http:\/\/www.braunschweig.de\/tourismus\">n\u00e4tet<\/a> eller p\u00e5 turistinformationscentret p\u00e5 Kleine Burg 14.<\/p>\n\n<figure class=\"wp-block-image size-full is-resized\"><img loading=\"lazy\" decoding=\"async\" width=\"1019\" height=\"561\" src=\"https:\/\/9staedte.de\/wp-content\/smush-webp\/2024\/07\/Braunschweig-Paddeln-auf-der-Oker-c-Braunschweig-Stadtmarketing-Daniel-Moeller.jpg.webp\" alt=\"\" class=\"wp-image-22966\" style=\"width:314px;height:auto\" srcset=\"https:\/\/9staedte.de\/wp-content\/smush-webp\/2024\/07\/Braunschweig-Paddeln-auf-der-Oker-c-Braunschweig-Stadtmarketing-Daniel-Moeller.jpg.webp 1019w, https:\/\/9staedte.de\/wp-content\/smush-webp\/2024\/07\/Braunschweig-Paddeln-auf-der-Oker-c-Braunschweig-Stadtmarketing-Daniel-Moeller-300x165.jpg.webp 300w, https:\/\/9staedte.de\/wp-content\/smush-webp\/2024\/07\/Braunschweig-Paddeln-auf-der-Oker-c-Braunschweig-Stadtmarketing-Daniel-Moeller-768x423.jpg.webp 768w\" sizes=\"auto, (max-width: 1019px) 100vw, 1019px\" \/><\/figure>\n\n<h3 class=\"wp-block-heading\"><strong>Tips f\u00f6r husbilsresen\u00e4rer i Braunschweig<\/strong><\/h3>\n\n<ol class=\"wp-block-list\">\n<li>Fr\u00e5n operaf\u00f6rest\u00e4llningar precis intill Braunschweig Lion till utomhuskonserter och internationella sportevenemang p\u00e5 toppniv\u00e5 &#8211; det h\u00e4nder alltid n\u00e5got i Braunschweig. Planera in n\u00e5got av de m\u00e5nga evenemangen i din semester. Du hittar en \u00f6versikt och mer information i <a href=\"https:\/\/www.braunschweig.de\/kultur\/veranstaltungen\/index.php\">evenemangskalendern<\/a>.<\/li>\n\n\n\n<li>Upplev kultur i Braunschweig: utforska f\u00f6rstklassiga utst\u00e4llningar och samtida konst i \u00f6ver tio museer och m\u00e5nga gallerier eller njut av teater, opera och operett, dans eller symfonikonserter i statsteatern eller p\u00e5 n\u00e5gon av de mindre scenerna.<\/li>\n\n\n\n<li>Du kan f\u00e5 underh\u00e5llande information om Lejonstaden och dess varierande historia fr\u00e5n guelferna till Hansan p\u00e5 en guidad tur i staden &#8211; antingen p\u00e5 traditionellt s\u00e4tt, p\u00e5 cykel eller tillsammans med Braunschweigs nattvakt.<\/li>\n\n\n\n<li>Utforska staden p\u00e5 egen hand: olika <a href=\"https:\/\/www.braunschweig.de\/tourismus\/rundgaenge\/index.php\">turer<\/a> tar dig genom Braunschweigs parker, l\u00e4ngs den historiska ringleden eller genom stadsk\u00e4rnan. Appen &#8221;Discover Braunschweig&#8221; ger dig information om sev\u00e4rdheter, lekplatser och matst\u00e4llen n\u00e4r du \u00e4r ute och r\u00f6r p\u00e5 dig. F\u00f6rresten: du kan ocks\u00e5 uppt\u00e4cka konst i Braunschweig p\u00e5 egen hand, gratis och dygnet runt p\u00e5 offentliga platser. Fr\u00e5n den 15 juni till den 6 oktober bjuder Lichtparcours 2024 in till en kv\u00e4llspromenad l\u00e4ngs Okerumflut. I stadsk\u00e4rnan hittar du en m\u00e4ngd olika verk, allt fr\u00e5n gatukonst till Happy Rizzi House med sin f\u00e4rgglada popkonstfasad.<\/li>\n\n\n\n<li>Strosa genom medeltida gr\u00e4nder, botanisera bland charmiga boutiquer, \u00e4garledda butiker och internationella butikskedjor och njut sedan av solskenet med en glass eller en kopp kaffe: Braunschweigs stadsk\u00e4rna kombinerar storstadsk\u00e4nsla med korta avst\u00e5nd. Mer \u00e4n 700 butiker fr\u00e5n \u00f6ver 50 branscher inbjuder till en promenad och de m\u00e5nga kaf\u00e9erna, barerna och restaurangerna \u00e4r perfekta f\u00f6r en trevlig paus n\u00e4r som helst p\u00e5 \u00e5ret.<\/li>\n\n\n\n<li>Floden Oker omger Braunschweigs stadsk\u00e4rna som en ring. Njut av utsikten \u00f6ver imponerande villor och vidstr\u00e4ckta parker fr\u00e5n vattnet p\u00e5 en guidad flottf\u00e4rd eller utforska floden p\u00e5 egen hand i en kanot, trampb\u00e5t eller stand-up paddle board. Du kan f\u00e5 l\u00e4mplig utrustning p\u00e5 flera uthyrningsstationer.<\/li>\n\n\n\n<li>F\u00e5gelperspektiv p\u00e5 Braunschweig: Du kan njuta av en imponerande utsikt \u00f6ver stadens tak fr\u00e5n r\u00e5dhustornet, tornet p\u00e5 St Andrews kyrka eller bes\u00f6ksplattformen Quadriga p\u00e5 Braunschweigs slott.<\/li>\n\n\n\n<li>Ta en cykeltur, t.ex. p\u00e5 ringleden. Den cirka 22,5 kilometer l\u00e5nga rundan g\u00e5r l\u00e4ngs historiska j\u00e4rnv\u00e4gssp\u00e5r och l\u00e4ngs den fortfarande anv\u00e4nda sp\u00e5rringen runt staden och har blivit ett popul\u00e4rt fritidsstr\u00e5k. Historiska sev\u00e4rdheter, ett brett utbud av fritidsaktiviteter och cateringm\u00f6jligheter v\u00e4ntar p\u00e5 dig l\u00e4ngs v\u00e4gen. St\u00e5lcontainrar l\u00e4ngs v\u00e4gen ger information om Braunschweigs industrihistoria.<\/li>\n\n\n\n<li>Uppt\u00e4ck <a href=\"https:\/\/www.braunschweig.de\/tourismus\/ueber-braunschweig\/rausinsgruene.php\">Braunschweigs gr\u00f6na sida<\/a>. Rymliga parker runt stadsk\u00e4rnan inbjuder till picknick, promenader och discgolf. F\u00f6r l\u00e5nga promenader rekommenderar vi ett bes\u00f6k i Riddagshausen-distriktet med klosterkyrkan St Mariae, pittoreska korsvirkeshus och det angr\u00e4nsande naturreservatet.<\/li>\n<\/ol>\n\n<p><strong>St\u00e4llplatser f\u00f6r husbilar<\/strong><\/p>\n\n<ul class=\"wp-block-list\">\n<li><a href=\"https:\/\/www.kennel-bad.de\/camping.html\"><\/a><a href=\"https:\/\/www.kennel-bad.de\/camping.html\">Stabilt Kennelbad<\/a><\/li>\n\n\n\n<li><a href=\"https:\/\/www.braunschweig.de\/vv\/produkte\/VII\/20\/20_2\/reisemobilstellplatz.php\"><\/a><a href=\"https:\/\/www.braunschweig.de\/vv\/produkte\/VII\/20\/20_2\/reisemobilstellplatz.php\">Parkeringshus p\u00e5 Theodor-Heuss-Stra\u00dfe<\/a><\/li>\n\n\n\n<li><a href=\"https:\/\/www.stadtbad-bs.de\/baeder\/wasserwelt\/wasserwelt-reisemobilstellplatz\"><\/a><a href=\"https:\/\/www.stadtbad-bs.de\/baeder\/wasserwelt\/wasserwelt-reisemobilstellplatz\">Pitch vid Wasserwelt<\/a><\/li>\n<\/ul>\n\n <div class=\"brlbs-cmpnt-container brlbs-cmpnt-content-blocker brlbs-cmpnt-with-individual-styles\" data-borlabs-cookie-content-blocker-id=\"google-maps\" data-borlabs-cookie-content=\"PGlmcmFtZSBzcmM9Imh0dHBzOi8vd3d3Lmdvb2dsZS5jb20vbWFwcy9kL2VtYmVkP21pZD0xSFpKSzJ2SHo2RnJjUzhIMGVmN3BQZ3hQaXkwb2VZNCZlaGJjPTJFMzEyRiIgd2lkdGg9IjY0MCIgaGVpZ2h0PSI0ODAiPjwvaWZyYW1lPg==\"><div class=\"brlbs-cmpnt-cb-preset-b brlbs-cmpnt-cb-google-maps\"> <div class=\"brlbs-cmpnt-cb-thumbnail\" style=\"background-image: url('https:\/\/9staedte.de\/wp-content\/uploads\/borlabs-cookie\/1\/brlbs-cb-google-maps-main.png')\"><\/div> <div class=\"brlbs-cmpnt-cb-main\"> <div class=\"brlbs-cmpnt-cb-content\"> <p class=\"brlbs-cmpnt-cb-description\">You are currently viewing a placeholder content from <strong>Google Maps<\/strong>. To access the actual content, click the button below. Please note that doing so will share data with third-party providers.<\/p> <a class=\"brlbs-cmpnt-cb-provider-toggle\" href=\"#\" data-borlabs-cookie-show-provider-information role=\"button\">More Information<\/a> <\/div> <div class=\"brlbs-cmpnt-cb-buttons\"> <a class=\"brlbs-cmpnt-cb-btn\" href=\"#\" data-borlabs-cookie-unblock role=\"button\">Unblock content<\/a> <a class=\"brlbs-cmpnt-cb-btn\" href=\"#\" data-borlabs-cookie-accept-service role=\"button\" style=\"display: inherit\">Accept required service and unblock content<\/a> <\/div> <\/div> <\/div><\/div>\n","protected":false},"excerpt":{"rendered":"<p>Med husbilen till Braunschweig Uppt\u00e4ck Lejonstaden p\u00e5 ett spontant s\u00e4tt, n\u00e4ra naturen och mobilen: St\u00e4llplatser f\u00f6r husbilar n\u00e4ra stadens centrum inbjuder dig att njuta av en varierad vistelse i Braunschweig. Med sina korta avst\u00e5nd till sev\u00e4rdheter, kulturinstitutioner som Herzog Anton Ulrich-museet, ett stort utbud av evenemang, rekreation n\u00e4ra stadsk\u00e4rnan p\u00e5 landsbygden och sin n\u00e4stan 1000-\u00e5riga [&hellip;]<\/p>\n","protected":false},"author":6,"featured_media":22961,"parent":14382,"menu_order":0,"comment_status":"closed","ping_status":"closed","template":"pagetemplates\/template-stadtthema.php","meta":{"_acf_changed":false,"footnotes":""},"categories":[],"tags":[],"ncap_cities_tax":[421,1397],"class_list":["post-22983","page","type-page","status-publish","has-post-thumbnail","hentry","ncap_cities_tax-braunschweig-sv","ncap_cities_tax-reisemobilstellplatze-braunschweig-sv"],"acf":[],"yoast_head":"<!-- This site is optimized with the Yoast SEO plugin v27.4 - https:\/\/yoast.com\/product\/yoast-seo-wordpress\/ -->\n<title>St\u00e4llplatser f\u00f6r husbilar i Braunschweig - 9 St\u00e4dte in Niedersachsen<\/title>\n<meta name=\"robots\" content=\"index, follow, max-snippet:-1, max-image-preview:large, max-video-preview:-1\" \/>\n<link rel=\"canonical\" href=\"https:\/\/9staedte.de\/sv\/braunschweig-lejonstaden\/wohnmobilstellplaetze-in-braunschweig-2\/\" \/>\n<meta property=\"og:locale\" content=\"sv_SE\" \/>\n<meta property=\"og:type\" content=\"article\" \/>\n<meta property=\"og:title\" content=\"St\u00e4llplatser f\u00f6r husbilar i Braunschweig - 9 St\u00e4dte in Niedersachsen\" \/>\n<meta property=\"og:description\" content=\"Med husbilen till Braunschweig Uppt\u00e4ck Lejonstaden p\u00e5 ett spontant s\u00e4tt, n\u00e4ra naturen och mobilen: St\u00e4llplatser f\u00f6r husbilar n\u00e4ra stadens centrum inbjuder dig att njuta av en varierad vistelse i Braunschweig. Med sina korta avst\u00e5nd till sev\u00e4rdheter, kulturinstitutioner som Herzog Anton Ulrich-museet, ett stort utbud av evenemang, rekreation n\u00e4ra stadsk\u00e4rnan p\u00e5 landsbygden och sin n\u00e4stan 1000-\u00e5riga [&hellip;]\" \/>\n<meta property=\"og:url\" content=\"https:\/\/9staedte.de\/sv\/braunschweig-lejonstaden\/wohnmobilstellplaetze-in-braunschweig-2\/\" \/>\n<meta property=\"og:site_name\" content=\"9 St\u00e4dte in Niedersachsen\" \/>\n<meta property=\"article:modified_time\" content=\"2024-07-04T09:32:39+00:00\" \/>\n<meta property=\"og:image\" content=\"https:\/\/9staedte.de\/wp-content\/uploads\/2024\/07\/Braunschweig-Magniviertel-c-Braunschweig-Stadtmarketing-Christian-Bierwagen.jpg\" \/>\n\t<meta property=\"og:image:width\" content=\"1018\" \/>\n\t<meta property=\"og:image:height\" content=\"560\" \/>\n\t<meta property=\"og:image:type\" content=\"image\/jpeg\" \/>\n<meta name=\"twitter:card\" content=\"summary_large_image\" \/>\n<meta name=\"twitter:label1\" content=\"Ber\u00e4knad l\u00e4stid\" \/>\n\t<meta name=\"twitter:data1\" content=\"4 minuter\" \/>\n<script type=\"application\/ld+json\" class=\"yoast-schema-graph\">{\"@context\":\"https:\\\/\\\/schema.org\",\"@graph\":[{\"@type\":\"WebPage\",\"@id\":\"https:\\\/\\\/9staedte.de\\\/sv\\\/braunschweig-lejonstaden\\\/wohnmobilstellplaetze-in-braunschweig-2\\\/\",\"url\":\"https:\\\/\\\/9staedte.de\\\/sv\\\/braunschweig-lejonstaden\\\/wohnmobilstellplaetze-in-braunschweig-2\\\/\",\"name\":\"St\u00e4llplatser f\u00f6r husbilar i Braunschweig - 9 St\u00e4dte in Niedersachsen\",\"isPartOf\":{\"@id\":\"https:\\\/\\\/9staedte.de\\\/sv\\\/#website\"},\"primaryImageOfPage\":{\"@id\":\"https:\\\/\\\/9staedte.de\\\/sv\\\/braunschweig-lejonstaden\\\/wohnmobilstellplaetze-in-braunschweig-2\\\/#primaryimage\"},\"image\":{\"@id\":\"https:\\\/\\\/9staedte.de\\\/sv\\\/braunschweig-lejonstaden\\\/wohnmobilstellplaetze-in-braunschweig-2\\\/#primaryimage\"},\"thumbnailUrl\":\"https:\\\/\\\/9staedte.de\\\/wp-content\\\/uploads\\\/2024\\\/07\\\/Braunschweig-Magniviertel-c-Braunschweig-Stadtmarketing-Christian-Bierwagen.jpg\",\"datePublished\":\"2024-07-04T09:03:50+00:00\",\"dateModified\":\"2024-07-04T09:32:39+00:00\",\"breadcrumb\":{\"@id\":\"https:\\\/\\\/9staedte.de\\\/sv\\\/braunschweig-lejonstaden\\\/wohnmobilstellplaetze-in-braunschweig-2\\\/#breadcrumb\"},\"inLanguage\":\"sv-SE\",\"potentialAction\":[{\"@type\":\"ReadAction\",\"target\":[\"https:\\\/\\\/9staedte.de\\\/sv\\\/braunschweig-lejonstaden\\\/wohnmobilstellplaetze-in-braunschweig-2\\\/\"]}]},{\"@type\":\"ImageObject\",\"inLanguage\":\"sv-SE\",\"@id\":\"https:\\\/\\\/9staedte.de\\\/sv\\\/braunschweig-lejonstaden\\\/wohnmobilstellplaetze-in-braunschweig-2\\\/#primaryimage\",\"url\":\"https:\\\/\\\/9staedte.de\\\/wp-content\\\/uploads\\\/2024\\\/07\\\/Braunschweig-Magniviertel-c-Braunschweig-Stadtmarketing-Christian-Bierwagen.jpg\",\"contentUrl\":\"https:\\\/\\\/9staedte.de\\\/wp-content\\\/uploads\\\/2024\\\/07\\\/Braunschweig-Magniviertel-c-Braunschweig-Stadtmarketing-Christian-Bierwagen.jpg\",\"width\":1018,\"height\":560,\"caption\":\"Braunschweig Magniviertel c) Braunschweig Stadtmarketing Christian Bierwagen\"},{\"@type\":\"BreadcrumbList\",\"@id\":\"https:\\\/\\\/9staedte.de\\\/sv\\\/braunschweig-lejonstaden\\\/wohnmobilstellplaetze-in-braunschweig-2\\\/#breadcrumb\",\"itemListElement\":[{\"@type\":\"ListItem\",\"position\":1,\"name\":\"Startseite\",\"item\":\"https:\\\/\\\/9staedte.de\\\/sv\\\/\"},{\"@type\":\"ListItem\",\"position\":2,\"name\":\"St\u00e4llplatser f\u00f6r husbilar i Braunschweig\"}]},{\"@type\":\"WebSite\",\"@id\":\"https:\\\/\\\/9staedte.de\\\/sv\\\/#website\",\"url\":\"https:\\\/\\\/9staedte.de\\\/sv\\\/\",\"name\":\"9 St\u00e4dte in Niedersachsen\",\"description\":\"\",\"publisher\":{\"@id\":\"https:\\\/\\\/9staedte.de\\\/sv\\\/#organization\"},\"potentialAction\":[{\"@type\":\"SearchAction\",\"target\":{\"@type\":\"EntryPoint\",\"urlTemplate\":\"https:\\\/\\\/9staedte.de\\\/sv\\\/?s={search_term_string}\"},\"query-input\":{\"@type\":\"PropertyValueSpecification\",\"valueRequired\":true,\"valueName\":\"search_term_string\"}}],\"inLanguage\":\"sv-SE\"},{\"@type\":\"Organization\",\"@id\":\"https:\\\/\\\/9staedte.de\\\/sv\\\/#organization\",\"name\":\"9 St\u00e4dte in Niedersachsen\",\"url\":\"https:\\\/\\\/9staedte.de\\\/sv\\\/\",\"logo\":{\"@type\":\"ImageObject\",\"inLanguage\":\"sv-SE\",\"@id\":\"https:\\\/\\\/9staedte.de\\\/sv\\\/#\\\/schema\\\/logo\\\/image\\\/\",\"url\":\"https:\\\/\\\/9staedte.de\\\/wp-content\\\/uploads\\\/2025\\\/01\\\/9-neg-deutsch-2-1.png\",\"contentUrl\":\"https:\\\/\\\/9staedte.de\\\/wp-content\\\/uploads\\\/2025\\\/01\\\/9-neg-deutsch-2-1.png\",\"width\":190,\"height\":114,\"caption\":\"9 St\u00e4dte in Niedersachsen\"},\"image\":{\"@id\":\"https:\\\/\\\/9staedte.de\\\/sv\\\/#\\\/schema\\\/logo\\\/image\\\/\"}}]}<\/script>\n<!-- \/ Yoast SEO plugin. -->","yoast_head_json":{"title":"St\u00e4llplatser f\u00f6r husbilar i Braunschweig - 9 St\u00e4dte in Niedersachsen","robots":{"index":"index","follow":"follow","max-snippet":"max-snippet:-1","max-image-preview":"max-image-preview:large","max-video-preview":"max-video-preview:-1"},"canonical":"https:\/\/9staedte.de\/sv\/braunschweig-lejonstaden\/wohnmobilstellplaetze-in-braunschweig-2\/","og_locale":"sv_SE","og_type":"article","og_title":"St\u00e4llplatser f\u00f6r husbilar i Braunschweig - 9 St\u00e4dte in Niedersachsen","og_description":"Med husbilen till Braunschweig Uppt\u00e4ck Lejonstaden p\u00e5 ett spontant s\u00e4tt, n\u00e4ra naturen och mobilen: St\u00e4llplatser f\u00f6r husbilar n\u00e4ra stadens centrum inbjuder dig att njuta av en varierad vistelse i Braunschweig. Med sina korta avst\u00e5nd till sev\u00e4rdheter, kulturinstitutioner som Herzog Anton Ulrich-museet, ett stort utbud av evenemang, rekreation n\u00e4ra stadsk\u00e4rnan p\u00e5 landsbygden och sin n\u00e4stan 1000-\u00e5riga [&hellip;]","og_url":"https:\/\/9staedte.de\/sv\/braunschweig-lejonstaden\/wohnmobilstellplaetze-in-braunschweig-2\/","og_site_name":"9 St\u00e4dte in Niedersachsen","article_modified_time":"2024-07-04T09:32:39+00:00","og_image":[{"width":1018,"height":560,"url":"https:\/\/9staedte.de\/wp-content\/uploads\/2024\/07\/Braunschweig-Magniviertel-c-Braunschweig-Stadtmarketing-Christian-Bierwagen.jpg","type":"image\/jpeg"}],"twitter_card":"summary_large_image","twitter_misc":{"Ber\u00e4knad l\u00e4stid":"4 minuter"},"schema":{"@context":"https:\/\/schema.org","@graph":[{"@type":"WebPage","@id":"https:\/\/9staedte.de\/sv\/braunschweig-lejonstaden\/wohnmobilstellplaetze-in-braunschweig-2\/","url":"https:\/\/9staedte.de\/sv\/braunschweig-lejonstaden\/wohnmobilstellplaetze-in-braunschweig-2\/","name":"St\u00e4llplatser f\u00f6r husbilar i Braunschweig - 9 St\u00e4dte in Niedersachsen","isPartOf":{"@id":"https:\/\/9staedte.de\/sv\/#website"},"primaryImageOfPage":{"@id":"https:\/\/9staedte.de\/sv\/braunschweig-lejonstaden\/wohnmobilstellplaetze-in-braunschweig-2\/#primaryimage"},"image":{"@id":"https:\/\/9staedte.de\/sv\/braunschweig-lejonstaden\/wohnmobilstellplaetze-in-braunschweig-2\/#primaryimage"},"thumbnailUrl":"https:\/\/9staedte.de\/wp-content\/uploads\/2024\/07\/Braunschweig-Magniviertel-c-Braunschweig-Stadtmarketing-Christian-Bierwagen.jpg","datePublished":"2024-07-04T09:03:50+00:00","dateModified":"2024-07-04T09:32:39+00:00","breadcrumb":{"@id":"https:\/\/9staedte.de\/sv\/braunschweig-lejonstaden\/wohnmobilstellplaetze-in-braunschweig-2\/#breadcrumb"},"inLanguage":"sv-SE","potentialAction":[{"@type":"ReadAction","target":["https:\/\/9staedte.de\/sv\/braunschweig-lejonstaden\/wohnmobilstellplaetze-in-braunschweig-2\/"]}]},{"@type":"ImageObject","inLanguage":"sv-SE","@id":"https:\/\/9staedte.de\/sv\/braunschweig-lejonstaden\/wohnmobilstellplaetze-in-braunschweig-2\/#primaryimage","url":"https:\/\/9staedte.de\/wp-content\/uploads\/2024\/07\/Braunschweig-Magniviertel-c-Braunschweig-Stadtmarketing-Christian-Bierwagen.jpg","contentUrl":"https:\/\/9staedte.de\/wp-content\/uploads\/2024\/07\/Braunschweig-Magniviertel-c-Braunschweig-Stadtmarketing-Christian-Bierwagen.jpg","width":1018,"height":560,"caption":"Braunschweig Magniviertel c) Braunschweig Stadtmarketing Christian Bierwagen"},{"@type":"BreadcrumbList","@id":"https:\/\/9staedte.de\/sv\/braunschweig-lejonstaden\/wohnmobilstellplaetze-in-braunschweig-2\/#breadcrumb","itemListElement":[{"@type":"ListItem","position":1,"name":"Startseite","item":"https:\/\/9staedte.de\/sv\/"},{"@type":"ListItem","position":2,"name":"St\u00e4llplatser f\u00f6r husbilar i Braunschweig"}]},{"@type":"WebSite","@id":"https:\/\/9staedte.de\/sv\/#website","url":"https:\/\/9staedte.de\/sv\/","name":"9 St\u00e4dte in Niedersachsen","description":"","publisher":{"@id":"https:\/\/9staedte.de\/sv\/#organization"},"potentialAction":[{"@type":"SearchAction","target":{"@type":"EntryPoint","urlTemplate":"https:\/\/9staedte.de\/sv\/?s={search_term_string}"},"query-input":{"@type":"PropertyValueSpecification","valueRequired":true,"valueName":"search_term_string"}}],"inLanguage":"sv-SE"},{"@type":"Organization","@id":"https:\/\/9staedte.de\/sv\/#organization","name":"9 St\u00e4dte in Niedersachsen","url":"https:\/\/9staedte.de\/sv\/","logo":{"@type":"ImageObject","inLanguage":"sv-SE","@id":"https:\/\/9staedte.de\/sv\/#\/schema\/logo\/image\/","url":"https:\/\/9staedte.de\/wp-content\/uploads\/2025\/01\/9-neg-deutsch-2-1.png","contentUrl":"https:\/\/9staedte.de\/wp-content\/uploads\/2025\/01\/9-neg-deutsch-2-1.png","width":190,"height":114,"caption":"9 St\u00e4dte in Niedersachsen"},"image":{"@id":"https:\/\/9staedte.de\/sv\/#\/schema\/logo\/image\/"}}]}},"_links":{"self":[{"href":"https:\/\/9staedte.de\/sv\/wp-json\/wp\/v2\/pages\/22983","targetHints":{"allow":["GET"]}}],"collection":[{"href":"https:\/\/9staedte.de\/sv\/wp-json\/wp\/v2\/pages"}],"about":[{"href":"https:\/\/9staedte.de\/sv\/wp-json\/wp\/v2\/types\/page"}],"author":[{"embeddable":true,"href":"https:\/\/9staedte.de\/sv\/wp-json\/wp\/v2\/users\/6"}],"replies":[{"embeddable":true,"href":"https:\/\/9staedte.de\/sv\/wp-json\/wp\/v2\/comments?post=22983"}],"version-history":[{"count":2,"href":"https:\/\/9staedte.de\/sv\/wp-json\/wp\/v2\/pages\/22983\/revisions"}],"predecessor-version":[{"id":22997,"href":"https:\/\/9staedte.de\/sv\/wp-json\/wp\/v2\/pages\/22983\/revisions\/22997"}],"up":[{"embeddable":true,"href":"https:\/\/9staedte.de\/sv\/wp-json\/wp\/v2\/pages\/14382"}],"wp:featuredmedia":[{"embeddable":true,"href":"https:\/\/9staedte.de\/sv\/wp-json\/wp\/v2\/media\/22961"}],"wp:attachment":[{"href":"https:\/\/9staedte.de\/sv\/wp-json\/wp\/v2\/media?parent=22983"}],"wp:term":[{"taxonomy":"category","embeddable":true,"href":"https:\/\/9staedte.de\/sv\/wp-json\/wp\/v2\/categories?post=22983"},{"taxonomy":"post_tag","embeddable":true,"href":"https:\/\/9staedte.de\/sv\/wp-json\/wp\/v2\/tags?post=22983"},{"taxonomy":"ncap_cities_tax","embeddable":true,"href":"https:\/\/9staedte.de\/sv\/wp-json\/wp\/v2\/ncap_cities_tax?post=22983"}],"curies":[{"name":"wp","href":"https:\/\/api.w.org\/{rel}","templated":true}]}}