{"id":22734,"date":"2024-06-14T14:27:02","date_gmt":"2024-06-14T12:27:02","guid":{"rendered":"https:\/\/9staedte.de\/mit-dem-wohnmobil-nach-wolfenbuettel\/"},"modified":"2024-06-14T14:30:34","modified_gmt":"2024-06-14T12:30:34","slug":"mit-dem-wohnmobil-nach-wolfenbuettel","status":"publish","type":"page","link":"https:\/\/9staedte.de\/sv\/wolfenbuettel-lessings-stad\/mit-dem-wohnmobil-nach-wolfenbuettel\/","title":{"rendered":"Med husbilen till Wolfenb\u00fcttel"},"content":{"rendered":"\n<h3 class=\"wp-block-heading\">Husbilsparkeringen Wolfenb\u00fcttel<\/h3>\n\n<p>Den bekv\u00e4ma husbilsparkeringen Wolfenb\u00fcttel ***** \u00e4r idylliskt bel\u00e4gen vid floden Okers strand och \u00e4r \u00f6ppen \u00e5ret runt. Totalt 40 rymliga parkeringsplatser inbjuder dig att dr\u00f6ja dig kvar. Tomterna \u00e4r utrustade med elanslutning, ett sanitetsblock med duschar finns tillg\u00e4ngligt utan kostnad, liksom en praktisk station f\u00f6r gr\u00e5- och f\u00e4rskvatten och toalettkassetten. P\u00e5 fina dagar kan du anv\u00e4nda grillplatsen p\u00e5 plats. Wolfenb\u00fcttels gamla stad med sina mer \u00e4n 1.000 korsvirkeshus ligger bara n\u00e5gra minuters promenad bort, liksom vallarna och stadsgraven, som \u00e4r idealiska f\u00f6r promenader eller morgonjogging<\/p>\n\n<figure class=\"wp-block-image size-full\"><img decoding=\"async\" src=\"https:\/\/9staedte.de\/wp-content\/uploads\/2024\/06\/Resiemobilstellplatz-Wolfenbuettel&#xA9;-Anna-Meurer-CC-B-Y-SA.jpg\" alt=\"Husvagnsplats Wolfenb&#xFC;ttel, Niedersachsen\" class=\"wp-image-22719\"\/><figcaption class=\"wp-element-caption\">St\u00e4llplats f\u00f6r husbil Wolfenb\u00fcttel, Niedersachsen<\/figcaption><\/figure>\n\n <div class=\"brlbs-cmpnt-container brlbs-cmpnt-content-blocker brlbs-cmpnt-with-individual-styles\" data-borlabs-cookie-content-blocker-id=\"google-maps\" data-borlabs-cookie-content=\"PGlmcmFtZSBzcmM9Imh0dHBzOi8vd3d3Lmdvb2dsZS5jb20vbWFwcy9kL2VtYmVkP21pZD0xazhoanVCQW1zejlCOVR0NU1WTHNSQm9SNlU5REsyRSZlaGJjPTJFMzEyRiIgd2lkdGg9IjY0MCIgaGVpZ2h0PSI0ODAiPjwvaWZyYW1lPg==\"><div class=\"brlbs-cmpnt-cb-preset-b brlbs-cmpnt-cb-google-maps\"> <div class=\"brlbs-cmpnt-cb-thumbnail\" style=\"background-image: url('https:\/\/9staedte.de\/wp-content\/uploads\/borlabs-cookie\/1\/brlbs-cb-google-maps-main.png')\"><\/div> <div class=\"brlbs-cmpnt-cb-main\"> <div class=\"brlbs-cmpnt-cb-content\"> <p class=\"brlbs-cmpnt-cb-description\">You are currently viewing a placeholder content from <strong>Google Maps<\/strong>. To access the actual content, click the button below. Please note that doing so will share data with third-party providers.<\/p> <a class=\"brlbs-cmpnt-cb-provider-toggle\" href=\"#\" data-borlabs-cookie-show-provider-information role=\"button\">More Information<\/a> <\/div> <div class=\"brlbs-cmpnt-cb-buttons\"> <a class=\"brlbs-cmpnt-cb-btn\" href=\"#\" data-borlabs-cookie-unblock role=\"button\">Unblock content<\/a> <a class=\"brlbs-cmpnt-cb-btn\" href=\"#\" data-borlabs-cookie-accept-service role=\"button\" style=\"display: inherit\">Accept required service and unblock content<\/a> <\/div> <\/div> <\/div><\/div>\n\n<p><strong>9 tips f\u00f6r husbilsresen\u00e4rer:<\/strong><\/p>\n\n<ul class=\"wp-block-list\">\n<li>50 % rabatt vid deltagande i en offentlig stadsrundtur med 2 personer &#8211; dagligen till och med 3 oktober<\/li>\n\n\n\n<li>Allv\u00e4derspool med bastuomr\u00e5de och catering direkt p\u00e5 plats<\/li>\n\n\n\n<li>Kanotbrygga med uthyrning direkt p\u00e5 plats<\/li>\n\n\n\n<li>Shoppingpromenad genom den historiska stadsk\u00e4rnan &#8211; onsdagar och l\u00f6rdagar \u00e4r alltid marknadsdagar!<\/li>\n\n\n\n<li>\u00c4ventyrsgolf &#8211; en blandning av minigolf och klassisk golf<\/li>\n\n\n\n<li>Lessingtheater med ett varierat kulturprogram inom synh\u00e5ll<\/li>\n\n\n\n<li>Promenad runt stadens vallgrav med ett stopp vid Komm Beach Club<\/li>\n\n\n\n<li>M\u00e5nga cykelv\u00e4gar i norra Harz f\u00f6rland &#8211; f\u00f6r nyb\u00f6rjare och cykelproffs<\/li>\n\n\n\n<li>Wolfenb\u00fcttels slottsmuseum med levande Guelph och samh\u00e4llshistoria<\/li>\n<\/ul>\n","protected":false},"excerpt":{"rendered":"<p>Husbilsparkeringen Wolfenb\u00fcttel Den bekv\u00e4ma husbilsparkeringen Wolfenb\u00fcttel ***** \u00e4r idylliskt bel\u00e4gen vid floden Okers strand och \u00e4r \u00f6ppen \u00e5ret runt. Totalt 40 rymliga parkeringsplatser inbjuder dig att dr\u00f6ja dig kvar. Tomterna \u00e4r utrustade med elanslutning, ett sanitetsblock med duschar finns tillg\u00e4ngligt utan kostnad, liksom en praktisk station f\u00f6r gr\u00e5- och f\u00e4rskvatten och toalettkassetten. P\u00e5 fina dagar [&hellip;]<\/p>\n","protected":false},"author":6,"featured_media":22718,"parent":14542,"menu_order":0,"comment_status":"closed","ping_status":"closed","template":"","meta":{"_acf_changed":false,"footnotes":""},"categories":[],"tags":[],"ncap_cities_tax":[1446,470],"class_list":["post-22734","page","type-page","status-publish","has-post-thumbnail","hentry","ncap_cities_tax-reisemobilstellplatze-wolfenbuettel-sv","ncap_cities_tax-wolfenbuettel-sv"],"acf":[],"yoast_head":"<!-- This site is optimized with the Yoast SEO plugin v27.4 - https:\/\/yoast.com\/product\/yoast-seo-wordpress\/ -->\n<title>Med husbilen till Wolfenb\u00fcttel - 9 St\u00e4dte in Niedersachsen<\/title>\n<meta name=\"robots\" content=\"index, follow, max-snippet:-1, max-image-preview:large, max-video-preview:-1\" \/>\n<link rel=\"canonical\" href=\"https:\/\/9staedte.de\/sv\/wolfenbuettel-lessings-stad\/mit-dem-wohnmobil-nach-wolfenbuettel\/\" \/>\n<meta property=\"og:locale\" content=\"sv_SE\" \/>\n<meta property=\"og:type\" content=\"article\" \/>\n<meta property=\"og:title\" content=\"Med husbilen till Wolfenb\u00fcttel - 9 St\u00e4dte in Niedersachsen\" \/>\n<meta property=\"og:description\" content=\"Husbilsparkeringen Wolfenb\u00fcttel Den bekv\u00e4ma husbilsparkeringen Wolfenb\u00fcttel ***** \u00e4r idylliskt bel\u00e4gen vid floden Okers strand och \u00e4r \u00f6ppen \u00e5ret runt. Totalt 40 rymliga parkeringsplatser inbjuder dig att dr\u00f6ja dig kvar. Tomterna \u00e4r utrustade med elanslutning, ett sanitetsblock med duschar finns tillg\u00e4ngligt utan kostnad, liksom en praktisk station f\u00f6r gr\u00e5- och f\u00e4rskvatten och toalettkassetten. P\u00e5 fina dagar [&hellip;]\" \/>\n<meta property=\"og:url\" content=\"https:\/\/9staedte.de\/sv\/wolfenbuettel-lessings-stad\/mit-dem-wohnmobil-nach-wolfenbuettel\/\" \/>\n<meta property=\"og:site_name\" content=\"9 St\u00e4dte in Niedersachsen\" \/>\n<meta property=\"article:modified_time\" content=\"2024-06-14T12:30:34+00:00\" \/>\n<meta property=\"og:image\" content=\"https:\/\/9staedte.de\/wp-content\/uploads\/2024\/06\/Wohnmobilstellplatz-Wolfenbuettel-\u00a9-Flyingarms.de-CC-0.jpg\" \/>\n\t<meta property=\"og:image:width\" content=\"1020\" \/>\n\t<meta property=\"og:image:height\" content=\"565\" \/>\n\t<meta property=\"og:image:type\" content=\"image\/jpeg\" \/>\n<meta name=\"twitter:card\" content=\"summary_large_image\" \/>\n<meta name=\"twitter:label1\" content=\"Ber\u00e4knad l\u00e4stid\" \/>\n\t<meta name=\"twitter:data1\" content=\"2 minuter\" \/>\n<script type=\"application\/ld+json\" class=\"yoast-schema-graph\">{\"@context\":\"https:\\\/\\\/schema.org\",\"@graph\":[{\"@type\":\"WebPage\",\"@id\":\"https:\\\/\\\/9staedte.de\\\/sv\\\/wolfenbuettel-lessings-stad\\\/mit-dem-wohnmobil-nach-wolfenbuettel\\\/\",\"url\":\"https:\\\/\\\/9staedte.de\\\/sv\\\/wolfenbuettel-lessings-stad\\\/mit-dem-wohnmobil-nach-wolfenbuettel\\\/\",\"name\":\"Med husbilen till Wolfenb\u00fcttel - 9 St\u00e4dte in Niedersachsen\",\"isPartOf\":{\"@id\":\"https:\\\/\\\/9staedte.de\\\/sv\\\/#website\"},\"primaryImageOfPage\":{\"@id\":\"https:\\\/\\\/9staedte.de\\\/sv\\\/wolfenbuettel-lessings-stad\\\/mit-dem-wohnmobil-nach-wolfenbuettel\\\/#primaryimage\"},\"image\":{\"@id\":\"https:\\\/\\\/9staedte.de\\\/sv\\\/wolfenbuettel-lessings-stad\\\/mit-dem-wohnmobil-nach-wolfenbuettel\\\/#primaryimage\"},\"thumbnailUrl\":\"https:\\\/\\\/9staedte.de\\\/wp-content\\\/uploads\\\/2024\\\/06\\\/Wohnmobilstellplatz-Wolfenbuettel-\u00a9-Flyingarms.de-CC-0.jpg\",\"datePublished\":\"2024-06-14T12:27:02+00:00\",\"dateModified\":\"2024-06-14T12:30:34+00:00\",\"breadcrumb\":{\"@id\":\"https:\\\/\\\/9staedte.de\\\/sv\\\/wolfenbuettel-lessings-stad\\\/mit-dem-wohnmobil-nach-wolfenbuettel\\\/#breadcrumb\"},\"inLanguage\":\"sv-SE\",\"potentialAction\":[{\"@type\":\"ReadAction\",\"target\":[\"https:\\\/\\\/9staedte.de\\\/sv\\\/wolfenbuettel-lessings-stad\\\/mit-dem-wohnmobil-nach-wolfenbuettel\\\/\"]}]},{\"@type\":\"ImageObject\",\"inLanguage\":\"sv-SE\",\"@id\":\"https:\\\/\\\/9staedte.de\\\/sv\\\/wolfenbuettel-lessings-stad\\\/mit-dem-wohnmobil-nach-wolfenbuettel\\\/#primaryimage\",\"url\":\"https:\\\/\\\/9staedte.de\\\/wp-content\\\/uploads\\\/2024\\\/06\\\/Wohnmobilstellplatz-Wolfenbuettel-\u00a9-Flyingarms.de-CC-0.jpg\",\"contentUrl\":\"https:\\\/\\\/9staedte.de\\\/wp-content\\\/uploads\\\/2024\\\/06\\\/Wohnmobilstellplatz-Wolfenbuettel-\u00a9-Flyingarms.de-CC-0.jpg\",\"width\":1020,\"height\":565,\"caption\":\"Wohnmobilstellplatz Wolfenb\u00fcttel \u00a9 Flyingarms.de (CC-0)\"},{\"@type\":\"BreadcrumbList\",\"@id\":\"https:\\\/\\\/9staedte.de\\\/sv\\\/wolfenbuettel-lessings-stad\\\/mit-dem-wohnmobil-nach-wolfenbuettel\\\/#breadcrumb\",\"itemListElement\":[{\"@type\":\"ListItem\",\"position\":1,\"name\":\"Startseite\",\"item\":\"https:\\\/\\\/9staedte.de\\\/sv\\\/\"},{\"@type\":\"ListItem\",\"position\":2,\"name\":\"Med husbilen till Wolfenb\u00fcttel\"}]},{\"@type\":\"WebSite\",\"@id\":\"https:\\\/\\\/9staedte.de\\\/sv\\\/#website\",\"url\":\"https:\\\/\\\/9staedte.de\\\/sv\\\/\",\"name\":\"9 St\u00e4dte in Niedersachsen\",\"description\":\"\",\"publisher\":{\"@id\":\"https:\\\/\\\/9staedte.de\\\/sv\\\/#organization\"},\"potentialAction\":[{\"@type\":\"SearchAction\",\"target\":{\"@type\":\"EntryPoint\",\"urlTemplate\":\"https:\\\/\\\/9staedte.de\\\/sv\\\/?s={search_term_string}\"},\"query-input\":{\"@type\":\"PropertyValueSpecification\",\"valueRequired\":true,\"valueName\":\"search_term_string\"}}],\"inLanguage\":\"sv-SE\"},{\"@type\":\"Organization\",\"@id\":\"https:\\\/\\\/9staedte.de\\\/sv\\\/#organization\",\"name\":\"9 St\u00e4dte in Niedersachsen\",\"url\":\"https:\\\/\\\/9staedte.de\\\/sv\\\/\",\"logo\":{\"@type\":\"ImageObject\",\"inLanguage\":\"sv-SE\",\"@id\":\"https:\\\/\\\/9staedte.de\\\/sv\\\/#\\\/schema\\\/logo\\\/image\\\/\",\"url\":\"https:\\\/\\\/9staedte.de\\\/wp-content\\\/uploads\\\/2025\\\/01\\\/9-neg-deutsch-2-1.png\",\"contentUrl\":\"https:\\\/\\\/9staedte.de\\\/wp-content\\\/uploads\\\/2025\\\/01\\\/9-neg-deutsch-2-1.png\",\"width\":190,\"height\":114,\"caption\":\"9 St\u00e4dte in Niedersachsen\"},\"image\":{\"@id\":\"https:\\\/\\\/9staedte.de\\\/sv\\\/#\\\/schema\\\/logo\\\/image\\\/\"}}]}<\/script>\n<!-- \/ Yoast SEO plugin. -->","yoast_head_json":{"title":"Med husbilen till Wolfenb\u00fcttel - 9 St\u00e4dte in Niedersachsen","robots":{"index":"index","follow":"follow","max-snippet":"max-snippet:-1","max-image-preview":"max-image-preview:large","max-video-preview":"max-video-preview:-1"},"canonical":"https:\/\/9staedte.de\/sv\/wolfenbuettel-lessings-stad\/mit-dem-wohnmobil-nach-wolfenbuettel\/","og_locale":"sv_SE","og_type":"article","og_title":"Med husbilen till Wolfenb\u00fcttel - 9 St\u00e4dte in Niedersachsen","og_description":"Husbilsparkeringen Wolfenb\u00fcttel Den bekv\u00e4ma husbilsparkeringen Wolfenb\u00fcttel ***** \u00e4r idylliskt bel\u00e4gen vid floden Okers strand och \u00e4r \u00f6ppen \u00e5ret runt. Totalt 40 rymliga parkeringsplatser inbjuder dig att dr\u00f6ja dig kvar. Tomterna \u00e4r utrustade med elanslutning, ett sanitetsblock med duschar finns tillg\u00e4ngligt utan kostnad, liksom en praktisk station f\u00f6r gr\u00e5- och f\u00e4rskvatten och toalettkassetten. P\u00e5 fina dagar [&hellip;]","og_url":"https:\/\/9staedte.de\/sv\/wolfenbuettel-lessings-stad\/mit-dem-wohnmobil-nach-wolfenbuettel\/","og_site_name":"9 St\u00e4dte in Niedersachsen","article_modified_time":"2024-06-14T12:30:34+00:00","og_image":[{"width":1020,"height":565,"url":"https:\/\/9staedte.de\/wp-content\/uploads\/2024\/06\/Wohnmobilstellplatz-Wolfenbuettel-\u00a9-Flyingarms.de-CC-0.jpg","type":"image\/jpeg"}],"twitter_card":"summary_large_image","twitter_misc":{"Ber\u00e4knad l\u00e4stid":"2 minuter"},"schema":{"@context":"https:\/\/schema.org","@graph":[{"@type":"WebPage","@id":"https:\/\/9staedte.de\/sv\/wolfenbuettel-lessings-stad\/mit-dem-wohnmobil-nach-wolfenbuettel\/","url":"https:\/\/9staedte.de\/sv\/wolfenbuettel-lessings-stad\/mit-dem-wohnmobil-nach-wolfenbuettel\/","name":"Med husbilen till Wolfenb\u00fcttel - 9 St\u00e4dte in Niedersachsen","isPartOf":{"@id":"https:\/\/9staedte.de\/sv\/#website"},"primaryImageOfPage":{"@id":"https:\/\/9staedte.de\/sv\/wolfenbuettel-lessings-stad\/mit-dem-wohnmobil-nach-wolfenbuettel\/#primaryimage"},"image":{"@id":"https:\/\/9staedte.de\/sv\/wolfenbuettel-lessings-stad\/mit-dem-wohnmobil-nach-wolfenbuettel\/#primaryimage"},"thumbnailUrl":"https:\/\/9staedte.de\/wp-content\/uploads\/2024\/06\/Wohnmobilstellplatz-Wolfenbuettel-\u00a9-Flyingarms.de-CC-0.jpg","datePublished":"2024-06-14T12:27:02+00:00","dateModified":"2024-06-14T12:30:34+00:00","breadcrumb":{"@id":"https:\/\/9staedte.de\/sv\/wolfenbuettel-lessings-stad\/mit-dem-wohnmobil-nach-wolfenbuettel\/#breadcrumb"},"inLanguage":"sv-SE","potentialAction":[{"@type":"ReadAction","target":["https:\/\/9staedte.de\/sv\/wolfenbuettel-lessings-stad\/mit-dem-wohnmobil-nach-wolfenbuettel\/"]}]},{"@type":"ImageObject","inLanguage":"sv-SE","@id":"https:\/\/9staedte.de\/sv\/wolfenbuettel-lessings-stad\/mit-dem-wohnmobil-nach-wolfenbuettel\/#primaryimage","url":"https:\/\/9staedte.de\/wp-content\/uploads\/2024\/06\/Wohnmobilstellplatz-Wolfenbuettel-\u00a9-Flyingarms.de-CC-0.jpg","contentUrl":"https:\/\/9staedte.de\/wp-content\/uploads\/2024\/06\/Wohnmobilstellplatz-Wolfenbuettel-\u00a9-Flyingarms.de-CC-0.jpg","width":1020,"height":565,"caption":"Wohnmobilstellplatz Wolfenb\u00fcttel \u00a9 Flyingarms.de (CC-0)"},{"@type":"BreadcrumbList","@id":"https:\/\/9staedte.de\/sv\/wolfenbuettel-lessings-stad\/mit-dem-wohnmobil-nach-wolfenbuettel\/#breadcrumb","itemListElement":[{"@type":"ListItem","position":1,"name":"Startseite","item":"https:\/\/9staedte.de\/sv\/"},{"@type":"ListItem","position":2,"name":"Med husbilen till Wolfenb\u00fcttel"}]},{"@type":"WebSite","@id":"https:\/\/9staedte.de\/sv\/#website","url":"https:\/\/9staedte.de\/sv\/","name":"9 St\u00e4dte in Niedersachsen","description":"","publisher":{"@id":"https:\/\/9staedte.de\/sv\/#organization"},"potentialAction":[{"@type":"SearchAction","target":{"@type":"EntryPoint","urlTemplate":"https:\/\/9staedte.de\/sv\/?s={search_term_string}"},"query-input":{"@type":"PropertyValueSpecification","valueRequired":true,"valueName":"search_term_string"}}],"inLanguage":"sv-SE"},{"@type":"Organization","@id":"https:\/\/9staedte.de\/sv\/#organization","name":"9 St\u00e4dte in Niedersachsen","url":"https:\/\/9staedte.de\/sv\/","logo":{"@type":"ImageObject","inLanguage":"sv-SE","@id":"https:\/\/9staedte.de\/sv\/#\/schema\/logo\/image\/","url":"https:\/\/9staedte.de\/wp-content\/uploads\/2025\/01\/9-neg-deutsch-2-1.png","contentUrl":"https:\/\/9staedte.de\/wp-content\/uploads\/2025\/01\/9-neg-deutsch-2-1.png","width":190,"height":114,"caption":"9 St\u00e4dte in Niedersachsen"},"image":{"@id":"https:\/\/9staedte.de\/sv\/#\/schema\/logo\/image\/"}}]}},"_links":{"self":[{"href":"https:\/\/9staedte.de\/sv\/wp-json\/wp\/v2\/pages\/22734","targetHints":{"allow":["GET"]}}],"collection":[{"href":"https:\/\/9staedte.de\/sv\/wp-json\/wp\/v2\/pages"}],"about":[{"href":"https:\/\/9staedte.de\/sv\/wp-json\/wp\/v2\/types\/page"}],"author":[{"embeddable":true,"href":"https:\/\/9staedte.de\/sv\/wp-json\/wp\/v2\/users\/6"}],"replies":[{"embeddable":true,"href":"https:\/\/9staedte.de\/sv\/wp-json\/wp\/v2\/comments?post=22734"}],"version-history":[{"count":2,"href":"https:\/\/9staedte.de\/sv\/wp-json\/wp\/v2\/pages\/22734\/revisions"}],"predecessor-version":[{"id":22750,"href":"https:\/\/9staedte.de\/sv\/wp-json\/wp\/v2\/pages\/22734\/revisions\/22750"}],"up":[{"embeddable":true,"href":"https:\/\/9staedte.de\/sv\/wp-json\/wp\/v2\/pages\/14542"}],"wp:featuredmedia":[{"embeddable":true,"href":"https:\/\/9staedte.de\/sv\/wp-json\/wp\/v2\/media\/22718"}],"wp:attachment":[{"href":"https:\/\/9staedte.de\/sv\/wp-json\/wp\/v2\/media?parent=22734"}],"wp:term":[{"taxonomy":"category","embeddable":true,"href":"https:\/\/9staedte.de\/sv\/wp-json\/wp\/v2\/categories?post=22734"},{"taxonomy":"post_tag","embeddable":true,"href":"https:\/\/9staedte.de\/sv\/wp-json\/wp\/v2\/tags?post=22734"},{"taxonomy":"ncap_cities_tax","embeddable":true,"href":"https:\/\/9staedte.de\/sv\/wp-json\/wp\/v2\/ncap_cities_tax?post=22734"}],"curies":[{"name":"wp","href":"https:\/\/api.w.org\/{rel}","templated":true}]}}