{"id":22695,"date":"2024-06-14T13:27:25","date_gmt":"2024-06-14T11:27:25","guid":{"rendered":"https:\/\/9staedte.de\/mit-dem-wohnmobil-nach-hildesheim\/"},"modified":"2024-06-14T13:31:49","modified_gmt":"2024-06-14T11:31:49","slug":"mit-dem-wohnmobil-nach-hildesheim","status":"publish","type":"page","link":"https:\/\/9staedte.de\/sv\/hildesheim-stad-paa-unescos-vaerldsarvslista\/mit-dem-wohnmobil-nach-hildesheim\/","title":{"rendered":"Med husbilen till Hildesheim"},"content":{"rendered":"\n<h2 class=\"wp-block-heading\">Utforska staden som finns p\u00e5 UNESCO:s v\u00e4rldsarvslista<\/h2>\n\n<p>Parkeringsanl\u00e4ggningen \u00e4r vackert bel\u00e4gen vid den \u00f6stra stranden av sj\u00f6n Hohnsensee i Hildesheim, med goda f\u00f6rbindelser till motorv\u00e4gen via B1 och B6. Du kan bo d\u00e4r i upp till tv\u00e5 n\u00e4tter utan kostnad p\u00e5 landsbygden precis vid vattnet. Den historiska stadsk\u00e4rnan ligger bara ett stenkast bort. Du kan b\u00f6rja en cykeltur l\u00e4ngs den pittoreska floden Innerste direkt fr\u00e5n planen eller sippa p\u00e5 svalkande drycker med f\u00f6tterna i sanden under palmerna vid den n\u00e4rliggande utomhuspoolen JoWiese.<\/p>\n\n<p>Lite l\u00e4ngre bort fr\u00e5n Hildesheims centrum, men mycket n\u00e4ra motorv\u00e4g A7, ligger den enkla parkeringsplatsen vid Berliner Kreisel, v\u00e4l l\u00e4mpad f\u00f6r en kort mellanlandning tack vare n\u00e4rheten till restauranger och en bussh\u00e5llplats p\u00e5 linje 5, som leder till stadens centrum.<\/p>\n\n<figure class=\"wp-block-image size-full\"><img loading=\"lazy\" decoding=\"async\" width=\"1020\" height=\"561\" src=\"https:\/\/9staedte.de\/wp-content\/smush-webp\/2024\/06\/Wohnmobilstellplatz-Hohnsensee-CC0.jpg.webp\" alt=\"Husvagnscamping Hohnsensee CC0\" class=\"wp-image-22680\" srcset=\"https:\/\/9staedte.de\/wp-content\/smush-webp\/2024\/06\/Wohnmobilstellplatz-Hohnsensee-CC0.jpg.webp 1020w, https:\/\/9staedte.de\/wp-content\/smush-webp\/2024\/06\/Wohnmobilstellplatz-Hohnsensee-CC0-300x165.jpg.webp 300w, https:\/\/9staedte.de\/wp-content\/smush-webp\/2024\/06\/Wohnmobilstellplatz-Hohnsensee-CC0-768x422.jpg.webp 768w\" sizes=\"auto, (max-width: 1020px) 100vw, 1020px\" \/><figcaption class=\"wp-element-caption\">Husvagnscamping Hohnsensee CC0<\/figcaption><\/figure>\n\n<p><a href=\"https:\/\/www.hildesheim-tourismus.de\/anreise\/wohnmobil\">Mer information om husbilar och camping i Hildesheim:<\/a><\/p>\n\n <div class=\"brlbs-cmpnt-container brlbs-cmpnt-content-blocker brlbs-cmpnt-with-individual-styles\" data-borlabs-cookie-content-blocker-id=\"google-maps\" data-borlabs-cookie-content=\"PGlmcmFtZSBzcmM9Imh0dHBzOi8vd3d3Lmdvb2dsZS5jb20vbWFwcy9kL2VtYmVkP21pZD0xeTFiZmtOeWw4WnhyZzJJd3hlQU1nZjBjM1pRbDhLRSZlaGJjPTJFMzEyRiIgd2lkdGg9IjY0MCIgaGVpZ2h0PSI0ODAiPjwvaWZyYW1lPg==\"><div class=\"brlbs-cmpnt-cb-preset-b brlbs-cmpnt-cb-google-maps\"> <div class=\"brlbs-cmpnt-cb-thumbnail\" style=\"background-image: url('https:\/\/9staedte.de\/wp-content\/uploads\/borlabs-cookie\/1\/brlbs-cb-google-maps-main.png')\"><\/div> <div class=\"brlbs-cmpnt-cb-main\"> <div class=\"brlbs-cmpnt-cb-content\"> <p class=\"brlbs-cmpnt-cb-description\">You are currently viewing a placeholder content from <strong>Google Maps<\/strong>. To access the actual content, click the button below. Please note that doing so will share data with third-party providers.<\/p> <a class=\"brlbs-cmpnt-cb-provider-toggle\" href=\"#\" data-borlabs-cookie-show-provider-information role=\"button\">More Information<\/a> <\/div> <div class=\"brlbs-cmpnt-cb-buttons\"> <a class=\"brlbs-cmpnt-cb-btn\" href=\"#\" data-borlabs-cookie-unblock role=\"button\">Unblock content<\/a> <a class=\"brlbs-cmpnt-cb-btn\" href=\"#\" data-borlabs-cookie-accept-service role=\"button\" style=\"display: inherit\">Accept required service and unblock content<\/a> <\/div> <\/div> <\/div><\/div>\n\n<h2 class=\"wp-block-heading\">9 tips f\u00f6r husbilsresen\u00e4rer i Hildesheim<\/h2>\n\n<figure class=\"wp-block-table\"><table><tbody><tr><td>1. en cykeltur l\u00e4ngs Innerste till <a href=\"https:\/\/www.facebook.com\/p\/Hofcaf%C3%A9-Dom%C3%A4ne-Marienburg-100063732454567\/?locale=de_DE\">g\u00e5rdscaf\u00e9et Dom\u00e4ne Marienburg<\/a> <br\/>2. Kombinera husbilsresan med en <a href=\"https:\/\/www.hildesheim-tourismus.de\/veranstaltungen\">evenemangsh\u00f6jdpunkt<\/a> i Hildesheim: fr\u00e5n vinfestival till jazztid, fr\u00e5n sj\u00f6festival vid Hohnsen till trottoarmagi  <br\/>3. utforska Hildesheims stadsk\u00e4rna: en fika p\u00e5 det historiska torget, panoramautsikten fr\u00e5n St Andrews kyrktorn och kyrkorna St Mary&#8217;s Cathedral och St Michael&#8217;s, som finns med p\u00e5 UNESCO:s v\u00e4rldsarvslista, \u00e4r ett m\u00e5ste!<br\/>4. Uppt\u00e4ck Hildesheims museer: <a href=\"https:\/\/www.hildesheim-tourismus.de\/poi\/dommuseum-hildesheim\">Dommseum<\/a> med domkyrkans skattkammare och Tysklands n\u00e4st st\u00f6rsta egyptologiska samling i <a href=\"https:\/\/www.hildesheim-tourismus.de\/poi\/roemer-und-pelizaeus-museum\">Roemer- och Pelizaeus-museet<\/a>. <br\/>5. utforska st\u00e4derna i regionen fr\u00e5n din husbil: t.ex. <a href=\"https:\/\/www.hildesheim-tourismus.de\/ausflugsziele-in-der-region\/kurort-bad-salzdetfurth\">kurorten Bad Salzdetfurth<\/a> eller <a href=\"https:\/\/www.hildesheim-tourismus.de\/poi\/kloster-und-klosterpark-lamspringe\">Lamspringe kloster och klosterpark<\/a> <br\/>6. en utflykt till <a href=\"https:\/\/www.hildesheim-tourismus.de\/poi\/unesco-welterbe-fagus-werk\">Fagus Factory, som finns med p\u00e5 UNESCO:s v\u00e4rldsarvslista<\/a>, i Alfeld  <br\/>7. En tur till Holle till <a href=\"https:\/\/www.hildesheim-tourismus.de\/poi\/kunstmuseum-schloss-derneburg\">konstmuseet Derneburg Castle<\/a>, f\u00f6ljt av en kort vandring l\u00e4ngs Laves kulturstig och kaffe och kaka p\u00e5 Holle Glass House  <br\/>8. plaska runt och ligga i solen p\u00e5 <a href=\"https:\/\/jo-wiese.de\/\">JoWiese-stranden<\/a> och utomhuspoolen &#8211; beundra \u00f6ver 300 djur i det n\u00e4rliggande viltreservatet som t\u00e4cker cirka 60 000 m\u00b2  <br\/>9. L\u00e5t hundar springa l\u00f6sa: Hundar kan tas l\u00f6sa \u00e5ret runt i <a href=\"https:\/\/www.stadt-hildesheim.de\/portal\/seiten\/hundefreilaufflaechen-900000562-33610.html\">\u00f6versv\u00e4mningsbass\u00e4ngen<\/a> vid Hohnsensee, som ligger n\u00e4ra planen, och kan springa ordentligt p\u00e5 gr\u00f6nomr\u00e5det.<\/td><\/tr><\/tbody><\/table><\/figure>\n","protected":false},"excerpt":{"rendered":"<p>Utforska staden som finns p\u00e5 UNESCO:s v\u00e4rldsarvslista Parkeringsanl\u00e4ggningen \u00e4r vackert bel\u00e4gen vid den \u00f6stra stranden av sj\u00f6n Hohnsensee i Hildesheim, med goda f\u00f6rbindelser till motorv\u00e4gen via B1 och B6. Du kan bo d\u00e4r i upp till tv\u00e5 n\u00e4tter utan kostnad p\u00e5 landsbygden precis vid vattnet. Den historiska stadsk\u00e4rnan ligger bara ett stenkast bort. Du kan [&hellip;]<\/p>\n","protected":false},"author":6,"featured_media":22679,"parent":14541,"menu_order":0,"comment_status":"closed","ping_status":"closed","template":"","meta":{"_acf_changed":false,"footnotes":""},"categories":[],"tags":[],"ncap_cities_tax":[463,1439],"class_list":["post-22695","page","type-page","status-publish","has-post-thumbnail","hentry","ncap_cities_tax-hildesheim-sv","ncap_cities_tax-reisemobilstellplatze-hildesheim-sv"],"acf":[],"yoast_head":"<!-- This site is optimized with the Yoast SEO plugin v26.8 - https:\/\/yoast.com\/product\/yoast-seo-wordpress\/ -->\n<title>Med husbilen till Hildesheim - 9 St\u00e4dte in Niedersachsen<\/title>\n<meta name=\"robots\" content=\"index, follow, max-snippet:-1, max-image-preview:large, max-video-preview:-1\" \/>\n<link rel=\"canonical\" href=\"https:\/\/9staedte.de\/sv\/hildesheim-stad-paa-unescos-vaerldsarvslista\/mit-dem-wohnmobil-nach-hildesheim\/\" \/>\n<meta property=\"og:locale\" content=\"sv_SE\" \/>\n<meta property=\"og:type\" content=\"article\" \/>\n<meta property=\"og:title\" content=\"Med husbilen till Hildesheim - 9 St\u00e4dte in Niedersachsen\" \/>\n<meta property=\"og:description\" content=\"Utforska staden som finns p\u00e5 UNESCO:s v\u00e4rldsarvslista Parkeringsanl\u00e4ggningen \u00e4r vackert bel\u00e4gen vid den \u00f6stra stranden av sj\u00f6n Hohnsensee i Hildesheim, med goda f\u00f6rbindelser till motorv\u00e4gen via B1 och B6. Du kan bo d\u00e4r i upp till tv\u00e5 n\u00e4tter utan kostnad p\u00e5 landsbygden precis vid vattnet. Den historiska stadsk\u00e4rnan ligger bara ett stenkast bort. Du kan [&hellip;]\" \/>\n<meta property=\"og:url\" content=\"https:\/\/9staedte.de\/sv\/hildesheim-stad-paa-unescos-vaerldsarvslista\/mit-dem-wohnmobil-nach-hildesheim\/\" \/>\n<meta property=\"og:site_name\" content=\"9 St\u00e4dte in Niedersachsen\" \/>\n<meta property=\"article:modified_time\" content=\"2024-06-14T11:31:49+00:00\" \/>\n<meta property=\"og:image\" content=\"https:\/\/9staedte.de\/wp-content\/uploads\/2024\/06\/Hildesheim-Mariendom_Foto-Max-Wiesenbach-CC-BY-min.jpg\" \/>\n\t<meta property=\"og:image:width\" content=\"1019\" \/>\n\t<meta property=\"og:image:height\" content=\"559\" \/>\n\t<meta property=\"og:image:type\" content=\"image\/jpeg\" \/>\n<meta name=\"twitter:card\" content=\"summary_large_image\" \/>\n<meta name=\"twitter:label1\" content=\"Ber\u00e4knad l\u00e4stid\" \/>\n\t<meta name=\"twitter:data1\" content=\"3 minuter\" \/>\n<script type=\"application\/ld+json\" class=\"yoast-schema-graph\">{\"@context\":\"https:\/\/schema.org\",\"@graph\":[{\"@type\":\"WebPage\",\"@id\":\"https:\/\/9staedte.de\/sv\/hildesheim-stad-paa-unescos-vaerldsarvslista\/mit-dem-wohnmobil-nach-hildesheim\/\",\"url\":\"https:\/\/9staedte.de\/sv\/hildesheim-stad-paa-unescos-vaerldsarvslista\/mit-dem-wohnmobil-nach-hildesheim\/\",\"name\":\"Med husbilen till Hildesheim - 9 St\u00e4dte in Niedersachsen\",\"isPartOf\":{\"@id\":\"https:\/\/9staedte.de\/sv\/#website\"},\"primaryImageOfPage\":{\"@id\":\"https:\/\/9staedte.de\/sv\/hildesheim-stad-paa-unescos-vaerldsarvslista\/mit-dem-wohnmobil-nach-hildesheim\/#primaryimage\"},\"image\":{\"@id\":\"https:\/\/9staedte.de\/sv\/hildesheim-stad-paa-unescos-vaerldsarvslista\/mit-dem-wohnmobil-nach-hildesheim\/#primaryimage\"},\"thumbnailUrl\":\"https:\/\/9staedte.de\/wp-content\/uploads\/2024\/06\/Hildesheim-Mariendom_Foto-Max-Wiesenbach-CC-BY-min.jpg\",\"datePublished\":\"2024-06-14T11:27:25+00:00\",\"dateModified\":\"2024-06-14T11:31:49+00:00\",\"breadcrumb\":{\"@id\":\"https:\/\/9staedte.de\/sv\/hildesheim-stad-paa-unescos-vaerldsarvslista\/mit-dem-wohnmobil-nach-hildesheim\/#breadcrumb\"},\"inLanguage\":\"sv-SE\",\"potentialAction\":[{\"@type\":\"ReadAction\",\"target\":[\"https:\/\/9staedte.de\/sv\/hildesheim-stad-paa-unescos-vaerldsarvslista\/mit-dem-wohnmobil-nach-hildesheim\/\"]}]},{\"@type\":\"ImageObject\",\"inLanguage\":\"sv-SE\",\"@id\":\"https:\/\/9staedte.de\/sv\/hildesheim-stad-paa-unescos-vaerldsarvslista\/mit-dem-wohnmobil-nach-hildesheim\/#primaryimage\",\"url\":\"https:\/\/9staedte.de\/wp-content\/uploads\/2024\/06\/Hildesheim-Mariendom_Foto-Max-Wiesenbach-CC-BY-min.jpg\",\"contentUrl\":\"https:\/\/9staedte.de\/wp-content\/uploads\/2024\/06\/Hildesheim-Mariendom_Foto-Max-Wiesenbach-CC-BY-min.jpg\",\"width\":1019,\"height\":559,\"caption\":\"Hildesheim Mariendom_Foto Max Wiesenbach (CC-BY)-min\"},{\"@type\":\"BreadcrumbList\",\"@id\":\"https:\/\/9staedte.de\/sv\/hildesheim-stad-paa-unescos-vaerldsarvslista\/mit-dem-wohnmobil-nach-hildesheim\/#breadcrumb\",\"itemListElement\":[{\"@type\":\"ListItem\",\"position\":1,\"name\":\"Startseite\",\"item\":\"https:\/\/9staedte.de\/sv\/\"},{\"@type\":\"ListItem\",\"position\":2,\"name\":\"Med husbilen till Hildesheim\"}]},{\"@type\":\"WebSite\",\"@id\":\"https:\/\/9staedte.de\/sv\/#website\",\"url\":\"https:\/\/9staedte.de\/sv\/\",\"name\":\"9 St\u00e4dte in Niedersachsen\",\"description\":\"\",\"publisher\":{\"@id\":\"https:\/\/9staedte.de\/sv\/#organization\"},\"potentialAction\":[{\"@type\":\"SearchAction\",\"target\":{\"@type\":\"EntryPoint\",\"urlTemplate\":\"https:\/\/9staedte.de\/sv\/?s={search_term_string}\"},\"query-input\":{\"@type\":\"PropertyValueSpecification\",\"valueRequired\":true,\"valueName\":\"search_term_string\"}}],\"inLanguage\":\"sv-SE\"},{\"@type\":\"Organization\",\"@id\":\"https:\/\/9staedte.de\/sv\/#organization\",\"name\":\"9 St\u00e4dte in Niedersachsen\",\"url\":\"https:\/\/9staedte.de\/sv\/\",\"logo\":{\"@type\":\"ImageObject\",\"inLanguage\":\"sv-SE\",\"@id\":\"https:\/\/9staedte.de\/sv\/#\/schema\/logo\/image\/\",\"url\":\"https:\/\/9staedte.de\/wp-content\/uploads\/2025\/01\/9-neg-deutsch-2-1.png\",\"contentUrl\":\"https:\/\/9staedte.de\/wp-content\/uploads\/2025\/01\/9-neg-deutsch-2-1.png\",\"width\":190,\"height\":114,\"caption\":\"9 St\u00e4dte in Niedersachsen\"},\"image\":{\"@id\":\"https:\/\/9staedte.de\/sv\/#\/schema\/logo\/image\/\"}}]}<\/script>\n<!-- \/ Yoast SEO plugin. -->","yoast_head_json":{"title":"Med husbilen till Hildesheim - 9 St\u00e4dte in Niedersachsen","robots":{"index":"index","follow":"follow","max-snippet":"max-snippet:-1","max-image-preview":"max-image-preview:large","max-video-preview":"max-video-preview:-1"},"canonical":"https:\/\/9staedte.de\/sv\/hildesheim-stad-paa-unescos-vaerldsarvslista\/mit-dem-wohnmobil-nach-hildesheim\/","og_locale":"sv_SE","og_type":"article","og_title":"Med husbilen till Hildesheim - 9 St\u00e4dte in Niedersachsen","og_description":"Utforska staden som finns p\u00e5 UNESCO:s v\u00e4rldsarvslista Parkeringsanl\u00e4ggningen \u00e4r vackert bel\u00e4gen vid den \u00f6stra stranden av sj\u00f6n Hohnsensee i Hildesheim, med goda f\u00f6rbindelser till motorv\u00e4gen via B1 och B6. Du kan bo d\u00e4r i upp till tv\u00e5 n\u00e4tter utan kostnad p\u00e5 landsbygden precis vid vattnet. Den historiska stadsk\u00e4rnan ligger bara ett stenkast bort. Du kan [&hellip;]","og_url":"https:\/\/9staedte.de\/sv\/hildesheim-stad-paa-unescos-vaerldsarvslista\/mit-dem-wohnmobil-nach-hildesheim\/","og_site_name":"9 St\u00e4dte in Niedersachsen","article_modified_time":"2024-06-14T11:31:49+00:00","og_image":[{"width":1019,"height":559,"url":"https:\/\/9staedte.de\/wp-content\/uploads\/2024\/06\/Hildesheim-Mariendom_Foto-Max-Wiesenbach-CC-BY-min.jpg","type":"image\/jpeg"}],"twitter_card":"summary_large_image","twitter_misc":{"Ber\u00e4knad l\u00e4stid":"3 minuter"},"schema":{"@context":"https:\/\/schema.org","@graph":[{"@type":"WebPage","@id":"https:\/\/9staedte.de\/sv\/hildesheim-stad-paa-unescos-vaerldsarvslista\/mit-dem-wohnmobil-nach-hildesheim\/","url":"https:\/\/9staedte.de\/sv\/hildesheim-stad-paa-unescos-vaerldsarvslista\/mit-dem-wohnmobil-nach-hildesheim\/","name":"Med husbilen till Hildesheim - 9 St\u00e4dte in Niedersachsen","isPartOf":{"@id":"https:\/\/9staedte.de\/sv\/#website"},"primaryImageOfPage":{"@id":"https:\/\/9staedte.de\/sv\/hildesheim-stad-paa-unescos-vaerldsarvslista\/mit-dem-wohnmobil-nach-hildesheim\/#primaryimage"},"image":{"@id":"https:\/\/9staedte.de\/sv\/hildesheim-stad-paa-unescos-vaerldsarvslista\/mit-dem-wohnmobil-nach-hildesheim\/#primaryimage"},"thumbnailUrl":"https:\/\/9staedte.de\/wp-content\/uploads\/2024\/06\/Hildesheim-Mariendom_Foto-Max-Wiesenbach-CC-BY-min.jpg","datePublished":"2024-06-14T11:27:25+00:00","dateModified":"2024-06-14T11:31:49+00:00","breadcrumb":{"@id":"https:\/\/9staedte.de\/sv\/hildesheim-stad-paa-unescos-vaerldsarvslista\/mit-dem-wohnmobil-nach-hildesheim\/#breadcrumb"},"inLanguage":"sv-SE","potentialAction":[{"@type":"ReadAction","target":["https:\/\/9staedte.de\/sv\/hildesheim-stad-paa-unescos-vaerldsarvslista\/mit-dem-wohnmobil-nach-hildesheim\/"]}]},{"@type":"ImageObject","inLanguage":"sv-SE","@id":"https:\/\/9staedte.de\/sv\/hildesheim-stad-paa-unescos-vaerldsarvslista\/mit-dem-wohnmobil-nach-hildesheim\/#primaryimage","url":"https:\/\/9staedte.de\/wp-content\/uploads\/2024\/06\/Hildesheim-Mariendom_Foto-Max-Wiesenbach-CC-BY-min.jpg","contentUrl":"https:\/\/9staedte.de\/wp-content\/uploads\/2024\/06\/Hildesheim-Mariendom_Foto-Max-Wiesenbach-CC-BY-min.jpg","width":1019,"height":559,"caption":"Hildesheim Mariendom_Foto Max Wiesenbach (CC-BY)-min"},{"@type":"BreadcrumbList","@id":"https:\/\/9staedte.de\/sv\/hildesheim-stad-paa-unescos-vaerldsarvslista\/mit-dem-wohnmobil-nach-hildesheim\/#breadcrumb","itemListElement":[{"@type":"ListItem","position":1,"name":"Startseite","item":"https:\/\/9staedte.de\/sv\/"},{"@type":"ListItem","position":2,"name":"Med husbilen till Hildesheim"}]},{"@type":"WebSite","@id":"https:\/\/9staedte.de\/sv\/#website","url":"https:\/\/9staedte.de\/sv\/","name":"9 St\u00e4dte in Niedersachsen","description":"","publisher":{"@id":"https:\/\/9staedte.de\/sv\/#organization"},"potentialAction":[{"@type":"SearchAction","target":{"@type":"EntryPoint","urlTemplate":"https:\/\/9staedte.de\/sv\/?s={search_term_string}"},"query-input":{"@type":"PropertyValueSpecification","valueRequired":true,"valueName":"search_term_string"}}],"inLanguage":"sv-SE"},{"@type":"Organization","@id":"https:\/\/9staedte.de\/sv\/#organization","name":"9 St\u00e4dte in Niedersachsen","url":"https:\/\/9staedte.de\/sv\/","logo":{"@type":"ImageObject","inLanguage":"sv-SE","@id":"https:\/\/9staedte.de\/sv\/#\/schema\/logo\/image\/","url":"https:\/\/9staedte.de\/wp-content\/uploads\/2025\/01\/9-neg-deutsch-2-1.png","contentUrl":"https:\/\/9staedte.de\/wp-content\/uploads\/2025\/01\/9-neg-deutsch-2-1.png","width":190,"height":114,"caption":"9 St\u00e4dte in Niedersachsen"},"image":{"@id":"https:\/\/9staedte.de\/sv\/#\/schema\/logo\/image\/"}}]}},"_links":{"self":[{"href":"https:\/\/9staedte.de\/sv\/wp-json\/wp\/v2\/pages\/22695","targetHints":{"allow":["GET"]}}],"collection":[{"href":"https:\/\/9staedte.de\/sv\/wp-json\/wp\/v2\/pages"}],"about":[{"href":"https:\/\/9staedte.de\/sv\/wp-json\/wp\/v2\/types\/page"}],"author":[{"embeddable":true,"href":"https:\/\/9staedte.de\/sv\/wp-json\/wp\/v2\/users\/6"}],"replies":[{"embeddable":true,"href":"https:\/\/9staedte.de\/sv\/wp-json\/wp\/v2\/comments?post=22695"}],"version-history":[{"count":2,"href":"https:\/\/9staedte.de\/sv\/wp-json\/wp\/v2\/pages\/22695\/revisions"}],"predecessor-version":[{"id":22709,"href":"https:\/\/9staedte.de\/sv\/wp-json\/wp\/v2\/pages\/22695\/revisions\/22709"}],"up":[{"embeddable":true,"href":"https:\/\/9staedte.de\/sv\/wp-json\/wp\/v2\/pages\/14541"}],"wp:featuredmedia":[{"embeddable":true,"href":"https:\/\/9staedte.de\/sv\/wp-json\/wp\/v2\/media\/22679"}],"wp:attachment":[{"href":"https:\/\/9staedte.de\/sv\/wp-json\/wp\/v2\/media?parent=22695"}],"wp:term":[{"taxonomy":"category","embeddable":true,"href":"https:\/\/9staedte.de\/sv\/wp-json\/wp\/v2\/categories?post=22695"},{"taxonomy":"post_tag","embeddable":true,"href":"https:\/\/9staedte.de\/sv\/wp-json\/wp\/v2\/tags?post=22695"},{"taxonomy":"ncap_cities_tax","embeddable":true,"href":"https:\/\/9staedte.de\/sv\/wp-json\/wp\/v2\/ncap_cities_tax?post=22695"}],"curies":[{"name":"wp","href":"https:\/\/api.w.org\/{rel}","templated":true}]}}