{"id":22656,"date":"2024-06-14T12:50:59","date_gmt":"2024-06-14T10:50:59","guid":{"rendered":"https:\/\/9staedte.de\/mit-dem-wohnmobil-nach-hannover\/"},"modified":"2024-06-14T12:53:50","modified_gmt":"2024-06-14T10:53:50","slug":"mit-dem-wohnmobil-nach-hannover","status":"publish","type":"page","link":"https:\/\/9staedte.de\/sv\/hannover-huvudstad-i-niedersachsen\/mit-dem-wohnmobil-nach-hannover\/","title":{"rendered":"Med husbilen till Hannover"},"content":{"rendered":"\n<h2 class=\"wp-block-heading\">Brett utbud av m\u00f6jligheter<\/h2>\n\n<p>Hannover \u00e4r inte f\u00f6r stort, inte f\u00f6r litet, varken f\u00f6r h\u00f6gljutt eller f\u00f6r tyst, urbant och gr\u00f6nt, med m\u00e5nga kultur- och naturattraktioner. Delstatshuvudstaden i Niedersachsen med sina attraktiva omgivningar erbjuder en m\u00e4ngd olika alternativ f\u00f6r campingentusiaster. Knappast n\u00e5gon annan region erbjuder ett s\u00e5 stort utbud av fritidsaktiviteter. Strosa genom Herrnhausens tr\u00e4dg\u00e5rdar eller njut av en shoppingrunda p\u00e5 en av Tysklands st\u00f6rsta g\u00e5gator. Vandra i bergskedjan Deister eller koppla av vid Steinhuder Meer, den st\u00f6rsta sj\u00f6n i Niedersachsen.<\/p>\n\n<figure class=\"wp-block-image size-full\"><img loading=\"lazy\" decoding=\"async\" width=\"1020\" height=\"557\" src=\"https:\/\/9staedte.de\/wp-content\/smush-webp\/2024\/06\/Steinhuder-Meer-c-HMTG-Hans-Zaglitsch.jpg.webp\" alt=\"Steinhuder Meer c) HMTG Hans Zaglitsch\" class=\"wp-image-22641\" srcset=\"https:\/\/9staedte.de\/wp-content\/smush-webp\/2024\/06\/Steinhuder-Meer-c-HMTG-Hans-Zaglitsch.jpg.webp 1020w, https:\/\/9staedte.de\/wp-content\/smush-webp\/2024\/06\/Steinhuder-Meer-c-HMTG-Hans-Zaglitsch-300x164.jpg.webp 300w, https:\/\/9staedte.de\/wp-content\/smush-webp\/2024\/06\/Steinhuder-Meer-c-HMTG-Hans-Zaglitsch-768x419.jpg.webp 768w\" sizes=\"auto, (max-width: 1020px) 100vw, 1020px\" \/><figcaption class=\"wp-element-caption\">Steinhuder Meer c) HMTG Hans Zaglitsch<\/figcaption><\/figure>\n\n<p>V\u00e5ra tips f\u00f6r din camping- eller husbilssemester i och runt Hannover:<\/p>\n\n<ul class=\"wp-block-list\">\n<li><a href=\"https:\/\/www.visit-hannover.com\/Sehensw%C3%BCrdigkeiten-Stadttouren\/Hannover-Urlaubsregion\/Ausflugsziele-in-der-Region\/Camping-Region-Hannover\/Wohnmobilstellplatz-Hannover-Nord\">St\u00e4llplats f\u00f6r husbil Hannover North<\/a><\/li>\n\n\n\n<li><a href=\"https:\/\/www.visit-hannover.com\/Sehensw%C3%BCrdigkeiten-Stadttouren\/Hannover-Urlaubsregion\/Ausflugsziele-in-der-Region\/Natur-Landschaft\/Steinhuder-Meer\/Camping-am-Steinhuder-Meer\">Camping- och husbilsplatser runt Steinhuder Meer<\/a><\/li>\n\n\n\n<li><a href=\"https:\/\/www.visit-hannover.com\/Sehensw%C3%BCrdigkeiten-Stadttouren\/Tourist-Information-Hannover\/Service-Mobilit%C3%A4t\/Aktuelles\/Hannover-bei-gutem-Wetter\/Deister\">Vandring i Deister<\/a><\/li>\n\n\n\n<li><a href=\"https:\/\/www.visit-hannover.com\/Sehensw%C3%BCrdigkeiten-Stadttouren\/Sehensw%C3%BCrdigkeiten\/Die-Herrenh%C3%A4user-G%C3%A4rten\">Tr\u00e4dg\u00e5rdskonst i perfektion i Herrenhausens tr\u00e4dg\u00e5rdar<\/a><\/li>\n\n\n\n<li><a href=\"https:\/\/hannover-living.de\/restaurants\/\">Kulinariska l\u00e4ckerheter i Hannover<\/a><\/li>\n\n\n\n<li>Utforska staden l\u00e4ngs den r\u00f6da tr\u00e5den<\/li>\n\n\n\n<li>Cykling i Hannover-regionen<\/li>\n\n\n\n<li>\u00c5k p\u00e5 en resa runt jorden p\u00e5 <a href=\"https:\/\/www.zoo-hannover.de\/\">Hannover Adventure Zoo<\/a><\/li>\n<\/ul>\n\n<p>Du hittar en \u00f6versikt \u00f6ver camping- och husbilsplatserna <a href=\"https:\/\/www.visit-hannover.com\/Sehensw%C3%BCrdigkeiten-Stadttouren\/Hannover-Urlaubsregion\/Camping-Region-Hannover\">h\u00e4r<\/a>:<\/p>\n\n <div class=\"brlbs-cmpnt-container brlbs-cmpnt-content-blocker brlbs-cmpnt-with-individual-styles\" data-borlabs-cookie-content-blocker-id=\"google-maps\" data-borlabs-cookie-content=\"PGlmcmFtZSBzcmM9Imh0dHBzOi8vd3d3Lmdvb2dsZS5jb20vbWFwcy9kL2VtYmVkP21pZD0xR2RXaXMzS2I3VU9XNFhyVG1lTmRqUTM3clBDVVBCcyZlaGJjPTJFMzEyRiIgd2lkdGg9IjY0MCIgaGVpZ2h0PSI0ODAiPjwvaWZyYW1lPg==\"><div class=\"brlbs-cmpnt-cb-preset-b brlbs-cmpnt-cb-google-maps\"> <div class=\"brlbs-cmpnt-cb-thumbnail\" style=\"background-image: url('https:\/\/9staedte.de\/wp-content\/uploads\/borlabs-cookie\/1\/brlbs-cb-google-maps-main.png')\"><\/div> <div class=\"brlbs-cmpnt-cb-main\"> <div class=\"brlbs-cmpnt-cb-content\"> <p class=\"brlbs-cmpnt-cb-description\">You are currently viewing a placeholder content from <strong>Google Maps<\/strong>. To access the actual content, click the button below. Please note that doing so will share data with third-party providers.<\/p> <a class=\"brlbs-cmpnt-cb-provider-toggle\" href=\"#\" data-borlabs-cookie-show-provider-information role=\"button\">More Information<\/a> <\/div> <div class=\"brlbs-cmpnt-cb-buttons\"> <a class=\"brlbs-cmpnt-cb-btn\" href=\"#\" data-borlabs-cookie-unblock role=\"button\">Unblock content<\/a> <a class=\"brlbs-cmpnt-cb-btn\" href=\"#\" data-borlabs-cookie-accept-service role=\"button\" style=\"display: inherit\">Accept required service and unblock content<\/a> <\/div> <\/div> <\/div><\/div>\n","protected":false},"excerpt":{"rendered":"<p>Brett utbud av m\u00f6jligheter Hannover \u00e4r inte f\u00f6r stort, inte f\u00f6r litet, varken f\u00f6r h\u00f6gljutt eller f\u00f6r tyst, urbant och gr\u00f6nt, med m\u00e5nga kultur- och naturattraktioner. Delstatshuvudstaden i Niedersachsen med sina attraktiva omgivningar erbjuder en m\u00e4ngd olika alternativ f\u00f6r campingentusiaster. Knappast n\u00e5gon annan region erbjuder ett s\u00e5 stort utbud av fritidsaktiviteter. Strosa genom Herrnhausens tr\u00e4dg\u00e5rdar [&hellip;]<\/p>\n","protected":false},"author":6,"featured_media":22640,"parent":14577,"menu_order":0,"comment_status":"closed","ping_status":"closed","template":"","meta":{"_acf_changed":false,"footnotes":""},"categories":[],"tags":[],"ncap_cities_tax":[456,1432],"class_list":["post-22656","page","type-page","status-publish","has-post-thumbnail","hentry","ncap_cities_tax-hannover-sv","ncap_cities_tax-reisemobilstellplatze-hannover-sv"],"acf":[],"yoast_head":"<!-- This site is optimized with the Yoast SEO plugin v26.8 - https:\/\/yoast.com\/product\/yoast-seo-wordpress\/ -->\n<title>Med husbilen till Hannover - 9 St\u00e4dte in Niedersachsen<\/title>\n<meta name=\"robots\" content=\"index, follow, max-snippet:-1, max-image-preview:large, max-video-preview:-1\" \/>\n<link rel=\"canonical\" href=\"https:\/\/9staedte.de\/sv\/hannover-huvudstad-i-niedersachsen\/mit-dem-wohnmobil-nach-hannover\/\" \/>\n<meta property=\"og:locale\" content=\"sv_SE\" \/>\n<meta property=\"og:type\" content=\"article\" \/>\n<meta property=\"og:title\" content=\"Med husbilen till Hannover - 9 St\u00e4dte in Niedersachsen\" \/>\n<meta property=\"og:description\" content=\"Brett utbud av m\u00f6jligheter Hannover \u00e4r inte f\u00f6r stort, inte f\u00f6r litet, varken f\u00f6r h\u00f6gljutt eller f\u00f6r tyst, urbant och gr\u00f6nt, med m\u00e5nga kultur- och naturattraktioner. Delstatshuvudstaden i Niedersachsen med sina attraktiva omgivningar erbjuder en m\u00e4ngd olika alternativ f\u00f6r campingentusiaster. Knappast n\u00e5gon annan region erbjuder ett s\u00e5 stort utbud av fritidsaktiviteter. Strosa genom Herrnhausens tr\u00e4dg\u00e5rdar [&hellip;]\" \/>\n<meta property=\"og:url\" content=\"https:\/\/9staedte.de\/sv\/hannover-huvudstad-i-niedersachsen\/mit-dem-wohnmobil-nach-hannover\/\" \/>\n<meta property=\"og:site_name\" content=\"9 St\u00e4dte in Niedersachsen\" \/>\n<meta property=\"article:modified_time\" content=\"2024-06-14T10:53:50+00:00\" \/>\n<meta property=\"og:image\" content=\"https:\/\/9staedte.de\/wp-content\/uploads\/2024\/06\/Altstadt-Hohes-Ufer-c-HMTG-Axel-Heise.jpg\" \/>\n\t<meta property=\"og:image:width\" content=\"1020\" \/>\n\t<meta property=\"og:image:height\" content=\"559\" \/>\n\t<meta property=\"og:image:type\" content=\"image\/jpeg\" \/>\n<meta name=\"twitter:card\" content=\"summary_large_image\" \/>\n<meta name=\"twitter:label1\" content=\"Ber\u00e4knad l\u00e4stid\" \/>\n\t<meta name=\"twitter:data1\" content=\"2 minuter\" \/>\n<script type=\"application\/ld+json\" class=\"yoast-schema-graph\">{\"@context\":\"https:\/\/schema.org\",\"@graph\":[{\"@type\":\"WebPage\",\"@id\":\"https:\/\/9staedte.de\/sv\/hannover-huvudstad-i-niedersachsen\/mit-dem-wohnmobil-nach-hannover\/\",\"url\":\"https:\/\/9staedte.de\/sv\/hannover-huvudstad-i-niedersachsen\/mit-dem-wohnmobil-nach-hannover\/\",\"name\":\"Med husbilen till Hannover - 9 St\u00e4dte in Niedersachsen\",\"isPartOf\":{\"@id\":\"https:\/\/9staedte.de\/sv\/#website\"},\"primaryImageOfPage\":{\"@id\":\"https:\/\/9staedte.de\/sv\/hannover-huvudstad-i-niedersachsen\/mit-dem-wohnmobil-nach-hannover\/#primaryimage\"},\"image\":{\"@id\":\"https:\/\/9staedte.de\/sv\/hannover-huvudstad-i-niedersachsen\/mit-dem-wohnmobil-nach-hannover\/#primaryimage\"},\"thumbnailUrl\":\"https:\/\/9staedte.de\/wp-content\/uploads\/2024\/06\/Altstadt-Hohes-Ufer-c-HMTG-Axel-Heise.jpg\",\"datePublished\":\"2024-06-14T10:50:59+00:00\",\"dateModified\":\"2024-06-14T10:53:50+00:00\",\"breadcrumb\":{\"@id\":\"https:\/\/9staedte.de\/sv\/hannover-huvudstad-i-niedersachsen\/mit-dem-wohnmobil-nach-hannover\/#breadcrumb\"},\"inLanguage\":\"sv-SE\",\"potentialAction\":[{\"@type\":\"ReadAction\",\"target\":[\"https:\/\/9staedte.de\/sv\/hannover-huvudstad-i-niedersachsen\/mit-dem-wohnmobil-nach-hannover\/\"]}]},{\"@type\":\"ImageObject\",\"inLanguage\":\"sv-SE\",\"@id\":\"https:\/\/9staedte.de\/sv\/hannover-huvudstad-i-niedersachsen\/mit-dem-wohnmobil-nach-hannover\/#primaryimage\",\"url\":\"https:\/\/9staedte.de\/wp-content\/uploads\/2024\/06\/Altstadt-Hohes-Ufer-c-HMTG-Axel-Heise.jpg\",\"contentUrl\":\"https:\/\/9staedte.de\/wp-content\/uploads\/2024\/06\/Altstadt-Hohes-Ufer-c-HMTG-Axel-Heise.jpg\",\"width\":1020,\"height\":559,\"caption\":\"Altstadt Hohes Ufer c) HMTG Axel Heise\"},{\"@type\":\"BreadcrumbList\",\"@id\":\"https:\/\/9staedte.de\/sv\/hannover-huvudstad-i-niedersachsen\/mit-dem-wohnmobil-nach-hannover\/#breadcrumb\",\"itemListElement\":[{\"@type\":\"ListItem\",\"position\":1,\"name\":\"Startseite\",\"item\":\"https:\/\/9staedte.de\/sv\/\"},{\"@type\":\"ListItem\",\"position\":2,\"name\":\"Med husbilen till Hannover\"}]},{\"@type\":\"WebSite\",\"@id\":\"https:\/\/9staedte.de\/sv\/#website\",\"url\":\"https:\/\/9staedte.de\/sv\/\",\"name\":\"9 St\u00e4dte in Niedersachsen\",\"description\":\"\",\"publisher\":{\"@id\":\"https:\/\/9staedte.de\/sv\/#organization\"},\"potentialAction\":[{\"@type\":\"SearchAction\",\"target\":{\"@type\":\"EntryPoint\",\"urlTemplate\":\"https:\/\/9staedte.de\/sv\/?s={search_term_string}\"},\"query-input\":{\"@type\":\"PropertyValueSpecification\",\"valueRequired\":true,\"valueName\":\"search_term_string\"}}],\"inLanguage\":\"sv-SE\"},{\"@type\":\"Organization\",\"@id\":\"https:\/\/9staedte.de\/sv\/#organization\",\"name\":\"9 St\u00e4dte in Niedersachsen\",\"url\":\"https:\/\/9staedte.de\/sv\/\",\"logo\":{\"@type\":\"ImageObject\",\"inLanguage\":\"sv-SE\",\"@id\":\"https:\/\/9staedte.de\/sv\/#\/schema\/logo\/image\/\",\"url\":\"https:\/\/9staedte.de\/wp-content\/uploads\/2025\/01\/9-neg-deutsch-2-1.png\",\"contentUrl\":\"https:\/\/9staedte.de\/wp-content\/uploads\/2025\/01\/9-neg-deutsch-2-1.png\",\"width\":190,\"height\":114,\"caption\":\"9 St\u00e4dte in Niedersachsen\"},\"image\":{\"@id\":\"https:\/\/9staedte.de\/sv\/#\/schema\/logo\/image\/\"}}]}<\/script>\n<!-- \/ Yoast SEO plugin. -->","yoast_head_json":{"title":"Med husbilen till Hannover - 9 St\u00e4dte in Niedersachsen","robots":{"index":"index","follow":"follow","max-snippet":"max-snippet:-1","max-image-preview":"max-image-preview:large","max-video-preview":"max-video-preview:-1"},"canonical":"https:\/\/9staedte.de\/sv\/hannover-huvudstad-i-niedersachsen\/mit-dem-wohnmobil-nach-hannover\/","og_locale":"sv_SE","og_type":"article","og_title":"Med husbilen till Hannover - 9 St\u00e4dte in Niedersachsen","og_description":"Brett utbud av m\u00f6jligheter Hannover \u00e4r inte f\u00f6r stort, inte f\u00f6r litet, varken f\u00f6r h\u00f6gljutt eller f\u00f6r tyst, urbant och gr\u00f6nt, med m\u00e5nga kultur- och naturattraktioner. Delstatshuvudstaden i Niedersachsen med sina attraktiva omgivningar erbjuder en m\u00e4ngd olika alternativ f\u00f6r campingentusiaster. Knappast n\u00e5gon annan region erbjuder ett s\u00e5 stort utbud av fritidsaktiviteter. Strosa genom Herrnhausens tr\u00e4dg\u00e5rdar [&hellip;]","og_url":"https:\/\/9staedte.de\/sv\/hannover-huvudstad-i-niedersachsen\/mit-dem-wohnmobil-nach-hannover\/","og_site_name":"9 St\u00e4dte in Niedersachsen","article_modified_time":"2024-06-14T10:53:50+00:00","og_image":[{"width":1020,"height":559,"url":"https:\/\/9staedte.de\/wp-content\/uploads\/2024\/06\/Altstadt-Hohes-Ufer-c-HMTG-Axel-Heise.jpg","type":"image\/jpeg"}],"twitter_card":"summary_large_image","twitter_misc":{"Ber\u00e4knad l\u00e4stid":"2 minuter"},"schema":{"@context":"https:\/\/schema.org","@graph":[{"@type":"WebPage","@id":"https:\/\/9staedte.de\/sv\/hannover-huvudstad-i-niedersachsen\/mit-dem-wohnmobil-nach-hannover\/","url":"https:\/\/9staedte.de\/sv\/hannover-huvudstad-i-niedersachsen\/mit-dem-wohnmobil-nach-hannover\/","name":"Med husbilen till Hannover - 9 St\u00e4dte in Niedersachsen","isPartOf":{"@id":"https:\/\/9staedte.de\/sv\/#website"},"primaryImageOfPage":{"@id":"https:\/\/9staedte.de\/sv\/hannover-huvudstad-i-niedersachsen\/mit-dem-wohnmobil-nach-hannover\/#primaryimage"},"image":{"@id":"https:\/\/9staedte.de\/sv\/hannover-huvudstad-i-niedersachsen\/mit-dem-wohnmobil-nach-hannover\/#primaryimage"},"thumbnailUrl":"https:\/\/9staedte.de\/wp-content\/uploads\/2024\/06\/Altstadt-Hohes-Ufer-c-HMTG-Axel-Heise.jpg","datePublished":"2024-06-14T10:50:59+00:00","dateModified":"2024-06-14T10:53:50+00:00","breadcrumb":{"@id":"https:\/\/9staedte.de\/sv\/hannover-huvudstad-i-niedersachsen\/mit-dem-wohnmobil-nach-hannover\/#breadcrumb"},"inLanguage":"sv-SE","potentialAction":[{"@type":"ReadAction","target":["https:\/\/9staedte.de\/sv\/hannover-huvudstad-i-niedersachsen\/mit-dem-wohnmobil-nach-hannover\/"]}]},{"@type":"ImageObject","inLanguage":"sv-SE","@id":"https:\/\/9staedte.de\/sv\/hannover-huvudstad-i-niedersachsen\/mit-dem-wohnmobil-nach-hannover\/#primaryimage","url":"https:\/\/9staedte.de\/wp-content\/uploads\/2024\/06\/Altstadt-Hohes-Ufer-c-HMTG-Axel-Heise.jpg","contentUrl":"https:\/\/9staedte.de\/wp-content\/uploads\/2024\/06\/Altstadt-Hohes-Ufer-c-HMTG-Axel-Heise.jpg","width":1020,"height":559,"caption":"Altstadt Hohes Ufer c) HMTG Axel Heise"},{"@type":"BreadcrumbList","@id":"https:\/\/9staedte.de\/sv\/hannover-huvudstad-i-niedersachsen\/mit-dem-wohnmobil-nach-hannover\/#breadcrumb","itemListElement":[{"@type":"ListItem","position":1,"name":"Startseite","item":"https:\/\/9staedte.de\/sv\/"},{"@type":"ListItem","position":2,"name":"Med husbilen till Hannover"}]},{"@type":"WebSite","@id":"https:\/\/9staedte.de\/sv\/#website","url":"https:\/\/9staedte.de\/sv\/","name":"9 St\u00e4dte in Niedersachsen","description":"","publisher":{"@id":"https:\/\/9staedte.de\/sv\/#organization"},"potentialAction":[{"@type":"SearchAction","target":{"@type":"EntryPoint","urlTemplate":"https:\/\/9staedte.de\/sv\/?s={search_term_string}"},"query-input":{"@type":"PropertyValueSpecification","valueRequired":true,"valueName":"search_term_string"}}],"inLanguage":"sv-SE"},{"@type":"Organization","@id":"https:\/\/9staedte.de\/sv\/#organization","name":"9 St\u00e4dte in Niedersachsen","url":"https:\/\/9staedte.de\/sv\/","logo":{"@type":"ImageObject","inLanguage":"sv-SE","@id":"https:\/\/9staedte.de\/sv\/#\/schema\/logo\/image\/","url":"https:\/\/9staedte.de\/wp-content\/uploads\/2025\/01\/9-neg-deutsch-2-1.png","contentUrl":"https:\/\/9staedte.de\/wp-content\/uploads\/2025\/01\/9-neg-deutsch-2-1.png","width":190,"height":114,"caption":"9 St\u00e4dte in Niedersachsen"},"image":{"@id":"https:\/\/9staedte.de\/sv\/#\/schema\/logo\/image\/"}}]}},"_links":{"self":[{"href":"https:\/\/9staedte.de\/sv\/wp-json\/wp\/v2\/pages\/22656","targetHints":{"allow":["GET"]}}],"collection":[{"href":"https:\/\/9staedte.de\/sv\/wp-json\/wp\/v2\/pages"}],"about":[{"href":"https:\/\/9staedte.de\/sv\/wp-json\/wp\/v2\/types\/page"}],"author":[{"embeddable":true,"href":"https:\/\/9staedte.de\/sv\/wp-json\/wp\/v2\/users\/6"}],"replies":[{"embeddable":true,"href":"https:\/\/9staedte.de\/sv\/wp-json\/wp\/v2\/comments?post=22656"}],"version-history":[{"count":2,"href":"https:\/\/9staedte.de\/sv\/wp-json\/wp\/v2\/pages\/22656\/revisions"}],"predecessor-version":[{"id":22670,"href":"https:\/\/9staedte.de\/sv\/wp-json\/wp\/v2\/pages\/22656\/revisions\/22670"}],"up":[{"embeddable":true,"href":"https:\/\/9staedte.de\/sv\/wp-json\/wp\/v2\/pages\/14577"}],"wp:featuredmedia":[{"embeddable":true,"href":"https:\/\/9staedte.de\/sv\/wp-json\/wp\/v2\/media\/22640"}],"wp:attachment":[{"href":"https:\/\/9staedte.de\/sv\/wp-json\/wp\/v2\/media?parent=22656"}],"wp:term":[{"taxonomy":"category","embeddable":true,"href":"https:\/\/9staedte.de\/sv\/wp-json\/wp\/v2\/categories?post=22656"},{"taxonomy":"post_tag","embeddable":true,"href":"https:\/\/9staedte.de\/sv\/wp-json\/wp\/v2\/tags?post=22656"},{"taxonomy":"ncap_cities_tax","embeddable":true,"href":"https:\/\/9staedte.de\/sv\/wp-json\/wp\/v2\/ncap_cities_tax?post=22656"}],"curies":[{"name":"wp","href":"https:\/\/api.w.org\/{rel}","templated":true}]}}