{"id":22615,"date":"2024-06-14T12:12:29","date_gmt":"2024-06-14T10:12:29","guid":{"rendered":"https:\/\/9staedte.de\/mit-dem-wohnmobil-nach-hameln\/"},"modified":"2024-07-04T14:11:31","modified_gmt":"2024-07-04T12:11:31","slug":"mit-dem-wohnmobil-nach-hameln","status":"publish","type":"page","link":"https:\/\/9staedte.de\/sv\/hameln-legendarisk-raattfaangarstad\/mit-dem-wohnmobil-nach-hameln\/","title":{"rendered":"Med husbilen till Hameln"},"content":{"rendered":"\n<h2 class=\"wp-block-heading\">Tomter med utsikt \u00f6ver Weser<\/h2>\n\n<p>Hameln ligger till v\u00e4nster och h\u00f6ger om Weser, inb\u00e4ddad i de b\u00f6ljande kullarna i Weserbergland. M\u00e5nga bes\u00f6kare dras till staden. F\u00f6rst och fr\u00e4mst p\u00e5 grund av den legendariska historia som s\u00e4gs ha utspelat sig i Hameln, men gamla stan \u00e4r ocks\u00e5 en riktig publikmagnet.<\/p>\n\n<p>De som reser med husbil hittar platser med utsikt \u00f6ver Weser bara 15 minuters promenad fr\u00e5n gamla stan p\u00e5 campingplatsen &#8221;Campingplatz Hameln an der Weser&#8221;.<\/p>\n\n<figure class=\"wp-block-image size-full\"><img loading=\"lazy\" decoding=\"async\" width=\"1019\" height=\"558\" src=\"https:\/\/9staedte.de\/wp-content\/smush-webp\/2024\/06\/Wohnmobile-auf-dem-Campingplatz-Hameln-an-der-Weser-c-HMT.jpg.webp\" alt=\"\" class=\"wp-image-22596\" srcset=\"https:\/\/9staedte.de\/wp-content\/smush-webp\/2024\/06\/Wohnmobile-auf-dem-Campingplatz-Hameln-an-der-Weser-c-HMT.jpg.webp 1019w, https:\/\/9staedte.de\/wp-content\/smush-webp\/2024\/06\/Wohnmobile-auf-dem-Campingplatz-Hameln-an-der-Weser-c-HMT-300x164.jpg.webp 300w, https:\/\/9staedte.de\/wp-content\/smush-webp\/2024\/06\/Wohnmobile-auf-dem-Campingplatz-Hameln-an-der-Weser-c-HMT-768x421.jpg.webp 768w\" sizes=\"auto, (max-width: 1019px) 100vw, 1019px\" \/><\/figure>\n\n<p><a href=\"https:\/\/www.campingplatz-hameln.de\/camping\">H\u00e4r hittar du all information om campingplatsen Hameln an der Weser<\/a><\/p>\n\n <div class=\"brlbs-cmpnt-container brlbs-cmpnt-content-blocker brlbs-cmpnt-with-individual-styles\" data-borlabs-cookie-content-blocker-id=\"google-maps\" data-borlabs-cookie-content=\"PGlmcmFtZSBzcmM9Imh0dHBzOi8vd3d3Lmdvb2dsZS5jb20vbWFwcy9kL2VtYmVkP21pZD0xRWtkdV9LczNzSDluSVFfWVl2Y091S1ltN2lIZlNNZyZlaGJjPTJFMzEyRiIgd2lkdGg9IjY0MCIgaGVpZ2h0PSI0ODAiPjwvaWZyYW1lPg==\"><div class=\"brlbs-cmpnt-cb-preset-b brlbs-cmpnt-cb-google-maps\"> <div class=\"brlbs-cmpnt-cb-thumbnail\" style=\"background-image: url('https:\/\/9staedte.de\/wp-content\/uploads\/borlabs-cookie\/1\/brlbs-cb-google-maps-main.png')\"><\/div> <div class=\"brlbs-cmpnt-cb-main\"> <div class=\"brlbs-cmpnt-cb-content\"> <p class=\"brlbs-cmpnt-cb-description\">You are currently viewing a placeholder content from <strong>Google Maps<\/strong>. To access the actual content, click the button below. Please note that doing so will share data with third-party providers.<\/p> <a class=\"brlbs-cmpnt-cb-provider-toggle\" href=\"#\" data-borlabs-cookie-show-provider-information role=\"button\">More Information<\/a> <\/div> <div class=\"brlbs-cmpnt-cb-buttons\"> <a class=\"brlbs-cmpnt-cb-btn\" href=\"#\" data-borlabs-cookie-unblock role=\"button\">Unblock content<\/a> <a class=\"brlbs-cmpnt-cb-btn\" href=\"#\" data-borlabs-cookie-accept-service role=\"button\" style=\"display: inherit\">Accept required service and unblock content<\/a> <\/div> <\/div> <\/div><\/div>\n\n<h2 class=\"wp-block-heading\"><strong>9 tips f\u00f6r husbilsresen\u00e4rer i Hameln:<\/strong><\/h2>\n\n<ul class=\"wp-block-list\">\n<li>Stadstur med R\u00e5ttf\u00e5ngaren (<a href=\"https:\/\/www.hameln.de\/de\/tourismus\/reise-erlebnisse\/erlebnisse\/erlebnisse\">Upplevelser (hameln.de<\/a>)<\/li>\n\n\n\n<li>Hamelns museum med den mekaniska R\u00e5ttf\u00e5ngarteatern (<a href=\"http:\/\/www.museumhameln.de\">www.museumhameln.de)<\/a><\/li>\n\n\n\n<li>Pied Piper dockteater p\u00e5 Wedding House, dagligen 13:05, 15:35 och 17:35<\/li>\n\n\n\n<li>Pied Piper friluftsteater, mitten av maj till mitten av september, varje s\u00f6n. kl. 12.00, kostnadsfritt<\/li>\n\n\n\n<li>Pied Piper-musikalen RATS, slutet av maj till b\u00f6rjan av september, varje ons. 16:30, kostnadsfritt<\/li>\n\n\n\n<li>B\u00e5tturer och schemalagda turer med Weserflottan (<a href=\"http:\/\/www.flotte-weser.de\">www.flotte-weser.de)<\/a> <\/li>\n\n\n\n<li>Veckovis marknad p\u00e5 r\u00e5dhustorget, varje onsdag. och l\u00f6rdagar fr\u00e5n 7:00 till 13:00<\/li>\n\n\n\n<li>Utsikt \u00f6ver staden Pied Piper fr\u00e5n Hamelns lokala berg &#8221;Kl\u00fct&#8221;<\/li>\n\n\n\n<li>Cykelturer p\u00e5 Tysklands mest popul\u00e4ra l\u00e5ngdistanscykelled, Wesercykelleden<\/li>\n<\/ul>\n\n<p><\/p>\n","protected":false},"excerpt":{"rendered":"<p>Tomter med utsikt \u00f6ver Weser Hameln ligger till v\u00e4nster och h\u00f6ger om Weser, inb\u00e4ddad i de b\u00f6ljande kullarna i Weserbergland. M\u00e5nga bes\u00f6kare dras till staden. F\u00f6rst och fr\u00e4mst p\u00e5 grund av den legendariska historia som s\u00e4gs ha utspelat sig i Hameln, men gamla stan \u00e4r ocks\u00e5 en riktig publikmagnet. De som reser med husbil hittar [&hellip;]<\/p>\n","protected":false},"author":6,"featured_media":22595,"parent":14554,"menu_order":0,"comment_status":"closed","ping_status":"closed","template":"","meta":{"_acf_changed":false,"footnotes":""},"categories":[],"tags":[],"ncap_cities_tax":[449,1425],"class_list":["post-22615","page","type-page","status-publish","has-post-thumbnail","hentry","ncap_cities_tax-hameln-sv","ncap_cities_tax-reisemobilstellplatze-hameln-sv"],"acf":[],"yoast_head":"<!-- This site is optimized with the Yoast SEO plugin v26.8 - https:\/\/yoast.com\/product\/yoast-seo-wordpress\/ -->\n<title>Med husbilen till Hameln - 9 St\u00e4dte in Niedersachsen<\/title>\n<meta name=\"robots\" content=\"index, follow, max-snippet:-1, max-image-preview:large, max-video-preview:-1\" \/>\n<link rel=\"canonical\" href=\"https:\/\/9staedte.de\/sv\/hameln-legendarisk-raattfaangarstad\/mit-dem-wohnmobil-nach-hameln\/\" \/>\n<meta property=\"og:locale\" content=\"sv_SE\" \/>\n<meta property=\"og:type\" content=\"article\" \/>\n<meta property=\"og:title\" content=\"Med husbilen till Hameln - 9 St\u00e4dte in Niedersachsen\" \/>\n<meta property=\"og:description\" content=\"Tomter med utsikt \u00f6ver Weser Hameln ligger till v\u00e4nster och h\u00f6ger om Weser, inb\u00e4ddad i de b\u00f6ljande kullarna i Weserbergland. M\u00e5nga bes\u00f6kare dras till staden. F\u00f6rst och fr\u00e4mst p\u00e5 grund av den legendariska historia som s\u00e4gs ha utspelat sig i Hameln, men gamla stan \u00e4r ocks\u00e5 en riktig publikmagnet. De som reser med husbil hittar [&hellip;]\" \/>\n<meta property=\"og:url\" content=\"https:\/\/9staedte.de\/sv\/hameln-legendarisk-raattfaangarstad\/mit-dem-wohnmobil-nach-hameln\/\" \/>\n<meta property=\"og:site_name\" content=\"9 St\u00e4dte in Niedersachsen\" \/>\n<meta property=\"article:modified_time\" content=\"2024-07-04T12:11:31+00:00\" \/>\n<meta property=\"og:image\" content=\"https:\/\/9staedte.de\/wp-content\/uploads\/2024\/06\/Altstadt-Hameln-c-Hameln-Marketing-und-Tourismus-GmbH.jpg\" \/>\n\t<meta property=\"og:image:width\" content=\"1018\" \/>\n\t<meta property=\"og:image:height\" content=\"564\" \/>\n\t<meta property=\"og:image:type\" content=\"image\/jpeg\" \/>\n<meta name=\"twitter:card\" content=\"summary_large_image\" \/>\n<meta name=\"twitter:label1\" content=\"Ber\u00e4knad l\u00e4stid\" \/>\n\t<meta name=\"twitter:data1\" content=\"2 minuter\" \/>\n<script type=\"application\/ld+json\" class=\"yoast-schema-graph\">{\"@context\":\"https:\/\/schema.org\",\"@graph\":[{\"@type\":\"WebPage\",\"@id\":\"https:\/\/9staedte.de\/sv\/hameln-legendarisk-raattfaangarstad\/mit-dem-wohnmobil-nach-hameln\/\",\"url\":\"https:\/\/9staedte.de\/sv\/hameln-legendarisk-raattfaangarstad\/mit-dem-wohnmobil-nach-hameln\/\",\"name\":\"Med husbilen till Hameln - 9 St\u00e4dte in Niedersachsen\",\"isPartOf\":{\"@id\":\"https:\/\/9staedte.de\/sv\/#website\"},\"primaryImageOfPage\":{\"@id\":\"https:\/\/9staedte.de\/sv\/hameln-legendarisk-raattfaangarstad\/mit-dem-wohnmobil-nach-hameln\/#primaryimage\"},\"image\":{\"@id\":\"https:\/\/9staedte.de\/sv\/hameln-legendarisk-raattfaangarstad\/mit-dem-wohnmobil-nach-hameln\/#primaryimage\"},\"thumbnailUrl\":\"https:\/\/9staedte.de\/wp-content\/uploads\/2024\/06\/Altstadt-Hameln-c-Hameln-Marketing-und-Tourismus-GmbH.jpg\",\"datePublished\":\"2024-06-14T10:12:29+00:00\",\"dateModified\":\"2024-07-04T12:11:31+00:00\",\"breadcrumb\":{\"@id\":\"https:\/\/9staedte.de\/sv\/hameln-legendarisk-raattfaangarstad\/mit-dem-wohnmobil-nach-hameln\/#breadcrumb\"},\"inLanguage\":\"sv-SE\",\"potentialAction\":[{\"@type\":\"ReadAction\",\"target\":[\"https:\/\/9staedte.de\/sv\/hameln-legendarisk-raattfaangarstad\/mit-dem-wohnmobil-nach-hameln\/\"]}]},{\"@type\":\"ImageObject\",\"inLanguage\":\"sv-SE\",\"@id\":\"https:\/\/9staedte.de\/sv\/hameln-legendarisk-raattfaangarstad\/mit-dem-wohnmobil-nach-hameln\/#primaryimage\",\"url\":\"https:\/\/9staedte.de\/wp-content\/uploads\/2024\/06\/Altstadt-Hameln-c-Hameln-Marketing-und-Tourismus-GmbH.jpg\",\"contentUrl\":\"https:\/\/9staedte.de\/wp-content\/uploads\/2024\/06\/Altstadt-Hameln-c-Hameln-Marketing-und-Tourismus-GmbH.jpg\",\"width\":1018,\"height\":564,\"caption\":\"Altstadt Hameln c) Hameln Marketing und Tourismus GmbH\"},{\"@type\":\"BreadcrumbList\",\"@id\":\"https:\/\/9staedte.de\/sv\/hameln-legendarisk-raattfaangarstad\/mit-dem-wohnmobil-nach-hameln\/#breadcrumb\",\"itemListElement\":[{\"@type\":\"ListItem\",\"position\":1,\"name\":\"Startseite\",\"item\":\"https:\/\/9staedte.de\/sv\/\"},{\"@type\":\"ListItem\",\"position\":2,\"name\":\"Med husbilen till Hameln\"}]},{\"@type\":\"WebSite\",\"@id\":\"https:\/\/9staedte.de\/sv\/#website\",\"url\":\"https:\/\/9staedte.de\/sv\/\",\"name\":\"9 St\u00e4dte in Niedersachsen\",\"description\":\"\",\"publisher\":{\"@id\":\"https:\/\/9staedte.de\/sv\/#organization\"},\"potentialAction\":[{\"@type\":\"SearchAction\",\"target\":{\"@type\":\"EntryPoint\",\"urlTemplate\":\"https:\/\/9staedte.de\/sv\/?s={search_term_string}\"},\"query-input\":{\"@type\":\"PropertyValueSpecification\",\"valueRequired\":true,\"valueName\":\"search_term_string\"}}],\"inLanguage\":\"sv-SE\"},{\"@type\":\"Organization\",\"@id\":\"https:\/\/9staedte.de\/sv\/#organization\",\"name\":\"9 St\u00e4dte in Niedersachsen\",\"url\":\"https:\/\/9staedte.de\/sv\/\",\"logo\":{\"@type\":\"ImageObject\",\"inLanguage\":\"sv-SE\",\"@id\":\"https:\/\/9staedte.de\/sv\/#\/schema\/logo\/image\/\",\"url\":\"https:\/\/9staedte.de\/wp-content\/uploads\/2025\/01\/9-neg-deutsch-2-1.png\",\"contentUrl\":\"https:\/\/9staedte.de\/wp-content\/uploads\/2025\/01\/9-neg-deutsch-2-1.png\",\"width\":190,\"height\":114,\"caption\":\"9 St\u00e4dte in Niedersachsen\"},\"image\":{\"@id\":\"https:\/\/9staedte.de\/sv\/#\/schema\/logo\/image\/\"}}]}<\/script>\n<!-- \/ Yoast SEO plugin. -->","yoast_head_json":{"title":"Med husbilen till Hameln - 9 St\u00e4dte in Niedersachsen","robots":{"index":"index","follow":"follow","max-snippet":"max-snippet:-1","max-image-preview":"max-image-preview:large","max-video-preview":"max-video-preview:-1"},"canonical":"https:\/\/9staedte.de\/sv\/hameln-legendarisk-raattfaangarstad\/mit-dem-wohnmobil-nach-hameln\/","og_locale":"sv_SE","og_type":"article","og_title":"Med husbilen till Hameln - 9 St\u00e4dte in Niedersachsen","og_description":"Tomter med utsikt \u00f6ver Weser Hameln ligger till v\u00e4nster och h\u00f6ger om Weser, inb\u00e4ddad i de b\u00f6ljande kullarna i Weserbergland. M\u00e5nga bes\u00f6kare dras till staden. F\u00f6rst och fr\u00e4mst p\u00e5 grund av den legendariska historia som s\u00e4gs ha utspelat sig i Hameln, men gamla stan \u00e4r ocks\u00e5 en riktig publikmagnet. De som reser med husbil hittar [&hellip;]","og_url":"https:\/\/9staedte.de\/sv\/hameln-legendarisk-raattfaangarstad\/mit-dem-wohnmobil-nach-hameln\/","og_site_name":"9 St\u00e4dte in Niedersachsen","article_modified_time":"2024-07-04T12:11:31+00:00","og_image":[{"width":1018,"height":564,"url":"https:\/\/9staedte.de\/wp-content\/uploads\/2024\/06\/Altstadt-Hameln-c-Hameln-Marketing-und-Tourismus-GmbH.jpg","type":"image\/jpeg"}],"twitter_card":"summary_large_image","twitter_misc":{"Ber\u00e4knad l\u00e4stid":"2 minuter"},"schema":{"@context":"https:\/\/schema.org","@graph":[{"@type":"WebPage","@id":"https:\/\/9staedte.de\/sv\/hameln-legendarisk-raattfaangarstad\/mit-dem-wohnmobil-nach-hameln\/","url":"https:\/\/9staedte.de\/sv\/hameln-legendarisk-raattfaangarstad\/mit-dem-wohnmobil-nach-hameln\/","name":"Med husbilen till Hameln - 9 St\u00e4dte in Niedersachsen","isPartOf":{"@id":"https:\/\/9staedte.de\/sv\/#website"},"primaryImageOfPage":{"@id":"https:\/\/9staedte.de\/sv\/hameln-legendarisk-raattfaangarstad\/mit-dem-wohnmobil-nach-hameln\/#primaryimage"},"image":{"@id":"https:\/\/9staedte.de\/sv\/hameln-legendarisk-raattfaangarstad\/mit-dem-wohnmobil-nach-hameln\/#primaryimage"},"thumbnailUrl":"https:\/\/9staedte.de\/wp-content\/uploads\/2024\/06\/Altstadt-Hameln-c-Hameln-Marketing-und-Tourismus-GmbH.jpg","datePublished":"2024-06-14T10:12:29+00:00","dateModified":"2024-07-04T12:11:31+00:00","breadcrumb":{"@id":"https:\/\/9staedte.de\/sv\/hameln-legendarisk-raattfaangarstad\/mit-dem-wohnmobil-nach-hameln\/#breadcrumb"},"inLanguage":"sv-SE","potentialAction":[{"@type":"ReadAction","target":["https:\/\/9staedte.de\/sv\/hameln-legendarisk-raattfaangarstad\/mit-dem-wohnmobil-nach-hameln\/"]}]},{"@type":"ImageObject","inLanguage":"sv-SE","@id":"https:\/\/9staedte.de\/sv\/hameln-legendarisk-raattfaangarstad\/mit-dem-wohnmobil-nach-hameln\/#primaryimage","url":"https:\/\/9staedte.de\/wp-content\/uploads\/2024\/06\/Altstadt-Hameln-c-Hameln-Marketing-und-Tourismus-GmbH.jpg","contentUrl":"https:\/\/9staedte.de\/wp-content\/uploads\/2024\/06\/Altstadt-Hameln-c-Hameln-Marketing-und-Tourismus-GmbH.jpg","width":1018,"height":564,"caption":"Altstadt Hameln c) Hameln Marketing und Tourismus GmbH"},{"@type":"BreadcrumbList","@id":"https:\/\/9staedte.de\/sv\/hameln-legendarisk-raattfaangarstad\/mit-dem-wohnmobil-nach-hameln\/#breadcrumb","itemListElement":[{"@type":"ListItem","position":1,"name":"Startseite","item":"https:\/\/9staedte.de\/sv\/"},{"@type":"ListItem","position":2,"name":"Med husbilen till Hameln"}]},{"@type":"WebSite","@id":"https:\/\/9staedte.de\/sv\/#website","url":"https:\/\/9staedte.de\/sv\/","name":"9 St\u00e4dte in Niedersachsen","description":"","publisher":{"@id":"https:\/\/9staedte.de\/sv\/#organization"},"potentialAction":[{"@type":"SearchAction","target":{"@type":"EntryPoint","urlTemplate":"https:\/\/9staedte.de\/sv\/?s={search_term_string}"},"query-input":{"@type":"PropertyValueSpecification","valueRequired":true,"valueName":"search_term_string"}}],"inLanguage":"sv-SE"},{"@type":"Organization","@id":"https:\/\/9staedte.de\/sv\/#organization","name":"9 St\u00e4dte in Niedersachsen","url":"https:\/\/9staedte.de\/sv\/","logo":{"@type":"ImageObject","inLanguage":"sv-SE","@id":"https:\/\/9staedte.de\/sv\/#\/schema\/logo\/image\/","url":"https:\/\/9staedte.de\/wp-content\/uploads\/2025\/01\/9-neg-deutsch-2-1.png","contentUrl":"https:\/\/9staedte.de\/wp-content\/uploads\/2025\/01\/9-neg-deutsch-2-1.png","width":190,"height":114,"caption":"9 St\u00e4dte in Niedersachsen"},"image":{"@id":"https:\/\/9staedte.de\/sv\/#\/schema\/logo\/image\/"}}]}},"_links":{"self":[{"href":"https:\/\/9staedte.de\/sv\/wp-json\/wp\/v2\/pages\/22615","targetHints":{"allow":["GET"]}}],"collection":[{"href":"https:\/\/9staedte.de\/sv\/wp-json\/wp\/v2\/pages"}],"about":[{"href":"https:\/\/9staedte.de\/sv\/wp-json\/wp\/v2\/types\/page"}],"author":[{"embeddable":true,"href":"https:\/\/9staedte.de\/sv\/wp-json\/wp\/v2\/users\/6"}],"replies":[{"embeddable":true,"href":"https:\/\/9staedte.de\/sv\/wp-json\/wp\/v2\/comments?post=22615"}],"version-history":[{"count":2,"href":"https:\/\/9staedte.de\/sv\/wp-json\/wp\/v2\/pages\/22615\/revisions"}],"predecessor-version":[{"id":22631,"href":"https:\/\/9staedte.de\/sv\/wp-json\/wp\/v2\/pages\/22615\/revisions\/22631"}],"up":[{"embeddable":true,"href":"https:\/\/9staedte.de\/sv\/wp-json\/wp\/v2\/pages\/14554"}],"wp:featuredmedia":[{"embeddable":true,"href":"https:\/\/9staedte.de\/sv\/wp-json\/wp\/v2\/media\/22595"}],"wp:attachment":[{"href":"https:\/\/9staedte.de\/sv\/wp-json\/wp\/v2\/media?parent=22615"}],"wp:term":[{"taxonomy":"category","embeddable":true,"href":"https:\/\/9staedte.de\/sv\/wp-json\/wp\/v2\/categories?post=22615"},{"taxonomy":"post_tag","embeddable":true,"href":"https:\/\/9staedte.de\/sv\/wp-json\/wp\/v2\/tags?post=22615"},{"taxonomy":"ncap_cities_tax","embeddable":true,"href":"https:\/\/9staedte.de\/sv\/wp-json\/wp\/v2\/ncap_cities_tax?post=22615"}],"curies":[{"name":"wp","href":"https:\/\/api.w.org\/{rel}","templated":true}]}}