{"id":22530,"date":"2024-06-13T16:58:05","date_gmt":"2024-06-13T14:58:05","guid":{"rendered":"https:\/\/9staedte.de\/?page_id=22530"},"modified":"2024-07-11T14:29:58","modified_gmt":"2024-07-11T12:29:58","slug":"mit-dem-wohnmobil-nach-goslar","status":"publish","type":"page","link":"https:\/\/9staedte.de\/sv\/mit-dem-wohnmobil-nach-goslar\/","title":{"rendered":"Med husbilen till Goslar"},"content":{"rendered":"\n<h2 class=\"wp-block-heading\">Husbilssemester i Goslar<\/h2>\n\n\n\n<p>Njut av friheten och ha \u00e4nd\u00e5 ditt eget hem med dig p\u00e5 semestern: Husbilsresen\u00e4rer har denna f\u00f6rdel \u00f6verallt och p\u00e5 v\u00e4gen. Goslar \u00e4r det perfekta semesterm\u00e5let f\u00f6r en resa med husbil, eftersom de korta avst\u00e5nden, stadens n\u00e4rhet till naturen och det stora kulturutbudet ger ren semestergl\u00e4dje. Husbilssemesterfirare kan f\u00f6rtrollas av Harz-landskapet och njuta av den of\u00f6rgl\u00f6mliga sk\u00f6nheten i den historiska gamla stan p\u00e5 sitt eget s\u00e4tt. V\u00e4lkommen till en husbilssemester i Goslar!<\/p>\n\n\n\n<figure class=\"wp-block-image size-full\"><img loading=\"lazy\" decoding=\"async\" width=\"1019\" height=\"560\" src=\"https:\/\/9staedte.de\/wp-content\/smush-webp\/2024\/06\/Fachwerkgasse_GOSLAR_arketing_gmbh_Fotograf_Stefan_Schiefer.jpg.webp\" alt=\"Fachwerkgasse_GOSLAR marketing gmbh_Fotograf_Stefan_Schiefer\" class=\"wp-image-22531\" srcset=\"https:\/\/9staedte.de\/wp-content\/smush-webp\/2024\/06\/Fachwerkgasse_GOSLAR_arketing_gmbh_Fotograf_Stefan_Schiefer.jpg.webp 1019w, https:\/\/9staedte.de\/wp-content\/smush-webp\/2024\/06\/Fachwerkgasse_GOSLAR_arketing_gmbh_Fotograf_Stefan_Schiefer-300x165.jpg.webp 300w, https:\/\/9staedte.de\/wp-content\/smush-webp\/2024\/06\/Fachwerkgasse_GOSLAR_arketing_gmbh_Fotograf_Stefan_Schiefer-768x422.jpg.webp 768w\" sizes=\"auto, (max-width: 1019px) 100vw, 1019px\" \/><figcaption class=\"wp-element-caption\">Fachwerkgasse GOSLAR marketing gmbh_Fotograf_Stefan_Schiefer<\/figcaption><\/figure>\n\n\n\n <div class=\"brlbs-cmpnt-container brlbs-cmpnt-content-blocker brlbs-cmpnt-with-individual-styles\" data-borlabs-cookie-content-blocker-id=\"google-maps\" data-borlabs-cookie-content=\"PGlmcmFtZSBzcmM9Imh0dHBzOi8vd3d3Lmdvb2dsZS5jb20vbWFwcy9kL2VtYmVkP21pZD0xb2Y3X2p0RkdzcDZ0V2hNckFxdVJEcFVzdkRKVGtvMCZlaGJjPTJFMzEyRiIgd2lkdGg9IjY0MCIgaGVpZ2h0PSI0ODAiPjwvaWZyYW1lPg==\"><div class=\"brlbs-cmpnt-cb-preset-b brlbs-cmpnt-cb-google-maps\"> <div class=\"brlbs-cmpnt-cb-thumbnail\" style=\"background-image: url('https:\/\/9staedte.de\/wp-content\/uploads\/borlabs-cookie\/1\/brlbs-cb-google-maps-main.png')\"><\/div> <div class=\"brlbs-cmpnt-cb-main\"> <div class=\"brlbs-cmpnt-cb-content\"> <p class=\"brlbs-cmpnt-cb-description\">You are currently viewing a placeholder content from <strong>Google Maps<\/strong>. To access the actual content, click the button below. Please note that doing so will share data with third-party providers.<\/p> <a class=\"brlbs-cmpnt-cb-provider-toggle\" href=\"#\" data-borlabs-cookie-show-provider-information role=\"button\">More Information<\/a> <\/div> <div class=\"brlbs-cmpnt-cb-buttons\"> <a class=\"brlbs-cmpnt-cb-btn\" href=\"#\" data-borlabs-cookie-unblock role=\"button\">Unblock content<\/a> <a class=\"brlbs-cmpnt-cb-btn\" href=\"#\" data-borlabs-cookie-accept-service role=\"button\" style=\"display: inherit\">Accept required service and unblock content<\/a> <\/div> <\/div> <\/div><\/div>\n\n\n\n<p><strong>9 tips f\u00f6r husbilsresen\u00e4rer<\/strong><\/p>\n\n\n\n<ol class=\"wp-block-list\">\n<li>Bes\u00f6k staden Goslar, som finns med p\u00e5 UNESCO:s v\u00e4rldsarvslista, och utforska den imponerande gamla stan med sina korsvirkeshus och historiska sev\u00e4rdheter, t.ex. genom en tur med Bimmelbahn (linbanan)<\/li>\n\n\n\n<li>Njut av en hisnande utsikt fr\u00e5n tornet i marknadskyrkan<\/li>\n\n\n\n<li>Upplev en av de dagliga guidade turerna genom Goslars gamla stadsk\u00e4rna<\/li>\n\n\n\n<li>Bes\u00f6k Rammelsberg-gruvan och f\u00f6rdjupa dig i gruvdriftens historia i regionen, t.ex. p\u00e5 en guidad tur ovan eller under jord.<\/li>\n\n\n\n<li>P\u00e5 Goslar Museum och Tin Figures Museum kan du l\u00e4ra dig sp\u00e4nnande och intressanta fakta om staden Goslars 1100-\u00e5riga historia<\/li>\n\n\n\n<li>Uppt\u00e4ck kejsarpalatset, som \u00e4r en del av gamla stan och finns med p\u00e5 UNESCO:s v\u00e4rldsarvslista<\/li>\n\n\n\n<li>F\u00f6lj med p\u00e5 en resa genom olika arkitektoniska stilar och epoker genom det historiska r\u00e5dhuset med dagliga guidade turer, under vilka du ocks\u00e5 kan uppleva den nya multimediautst\u00e4llningen i Hall of Homage<\/li>\n\n\n\n<li>Det finns m\u00e5nga kaf\u00e9er och restauranger i den gamla stadsk\u00e4rnan, d\u00e4r du hittar ett brett urval som str\u00e4cker sig fr\u00e5n veganskt \/ vegetariskt k\u00f6k till hj\u00e4rtliga, typiska Harzr\u00e4tter som passar alla smaker<\/li>\n\n\n\n<li>Parkeringsm\u00f6jligheterna f\u00f6r husbilar \u00e4r mycket centrala och finns p\u00e5 Osterfeld eller i parkeringshuset &#8221;F\u00fcllekuhle&#8221; i Bertha-von-Suttner-Stra\u00dfe, varifr\u00e5n du kan n\u00e5 gamla stan till fots<\/li>\n<\/ol>\n\n\n\n<ul class=\"wp-block-list\">\n<li><a href=\"https:\/\/www.camping-harz.com\/\">https:\/\/www.camping-harz.com\/<\/a>&nbsp;&nbsp;&nbsp;<\/li>\n\n\n\n<li><a href=\"https:\/\/www.harz-camp-goslar.de\/\">https:\/\/www.harz-camp-goslar.de\/<\/a><\/li>\n\n\n\n<li><a href=\"https:\/\/www.meingoslar.de\/planen-und-buchen\/camping\">https:\/\/www.meingoslar.de\/planen-und-buchen\/camping<\/a><\/li>\n\n\n\n<li>Wohnmobilstellplatz F\u00fcllekuhle in Goslar<\/li>\n<\/ul>\n\n\n\n<p><\/p>\n\n\n\n<p><\/p>\n","protected":false},"excerpt":{"rendered":"<p>Husbilssemester i Goslar Njut av friheten och ha \u00e4nd\u00e5 ditt eget hem med dig p\u00e5 semestern: Husbilsresen\u00e4rer har denna f\u00f6rdel \u00f6verallt och p\u00e5 v\u00e4gen. Goslar \u00e4r det perfekta semesterm\u00e5let f\u00f6r en resa med husbil, eftersom de korta avst\u00e5nden, stadens n\u00e4rhet till naturen och det stora kulturutbudet ger ren semestergl\u00e4dje. Husbilssemesterfirare kan f\u00f6rtrollas av Harz-landskapet och [&hellip;]<\/p>\n","protected":false},"author":6,"featured_media":0,"parent":0,"menu_order":0,"comment_status":"closed","ping_status":"closed","template":"","meta":{"_acf_changed":false,"footnotes":""},"categories":[],"tags":[],"ncap_cities_tax":[442,410],"class_list":["post-22530","page","type-page","status-publish","hentry","ncap_cities_tax-goslar-sv","ncap_cities_tax-reisemobilstellplatze-goslar"],"acf":[],"yoast_head":"<!-- This site is optimized with the Yoast SEO plugin v26.8 - https:\/\/yoast.com\/product\/yoast-seo-wordpress\/ -->\n<title>Med husbilen till Goslar - 9 St\u00e4dte in Niedersachsen<\/title>\n<meta name=\"robots\" content=\"index, follow, max-snippet:-1, max-image-preview:large, max-video-preview:-1\" \/>\n<link rel=\"canonical\" href=\"https:\/\/9staedte.de\/sv\/mit-dem-wohnmobil-nach-goslar\/\" \/>\n<meta property=\"og:locale\" content=\"sv_SE\" \/>\n<meta property=\"og:type\" content=\"article\" \/>\n<meta property=\"og:title\" content=\"Med husbilen till Goslar - 9 St\u00e4dte in Niedersachsen\" \/>\n<meta property=\"og:description\" content=\"Husbilssemester i Goslar Njut av friheten och ha \u00e4nd\u00e5 ditt eget hem med dig p\u00e5 semestern: Husbilsresen\u00e4rer har denna f\u00f6rdel \u00f6verallt och p\u00e5 v\u00e4gen. Goslar \u00e4r det perfekta semesterm\u00e5let f\u00f6r en resa med husbil, eftersom de korta avst\u00e5nden, stadens n\u00e4rhet till naturen och det stora kulturutbudet ger ren semestergl\u00e4dje. Husbilssemesterfirare kan f\u00f6rtrollas av Harz-landskapet och [&hellip;]\" \/>\n<meta property=\"og:url\" content=\"https:\/\/9staedte.de\/sv\/mit-dem-wohnmobil-nach-goslar\/\" \/>\n<meta property=\"og:site_name\" content=\"9 St\u00e4dte in Niedersachsen\" \/>\n<meta property=\"article:modified_time\" content=\"2024-07-11T12:29:58+00:00\" \/>\n<meta property=\"og:image\" content=\"https:\/\/9staedte.de\/wp-content\/uploads\/2024\/06\/Fachwerkgasse_GOSLAR_arketing_gmbh_Fotograf_Stefan_Schiefer.jpg\" \/>\n<meta name=\"twitter:card\" content=\"summary_large_image\" \/>\n<meta name=\"twitter:label1\" content=\"Ber\u00e4knad l\u00e4stid\" \/>\n\t<meta name=\"twitter:data1\" content=\"2 minuter\" \/>\n<script type=\"application\/ld+json\" class=\"yoast-schema-graph\">{\"@context\":\"https:\/\/schema.org\",\"@graph\":[{\"@type\":\"WebPage\",\"@id\":\"https:\/\/9staedte.de\/sv\/mit-dem-wohnmobil-nach-goslar\/\",\"url\":\"https:\/\/9staedte.de\/sv\/mit-dem-wohnmobil-nach-goslar\/\",\"name\":\"Med husbilen till Goslar - 9 St\u00e4dte in Niedersachsen\",\"isPartOf\":{\"@id\":\"https:\/\/9staedte.de\/sv\/#website\"},\"primaryImageOfPage\":{\"@id\":\"https:\/\/9staedte.de\/sv\/mit-dem-wohnmobil-nach-goslar\/#primaryimage\"},\"image\":{\"@id\":\"https:\/\/9staedte.de\/sv\/mit-dem-wohnmobil-nach-goslar\/#primaryimage\"},\"thumbnailUrl\":\"https:\/\/9staedte.de\/wp-content\/uploads\/2024\/06\/Fachwerkgasse_GOSLAR_arketing_gmbh_Fotograf_Stefan_Schiefer.jpg\",\"datePublished\":\"2024-06-13T14:58:05+00:00\",\"dateModified\":\"2024-07-11T12:29:58+00:00\",\"breadcrumb\":{\"@id\":\"https:\/\/9staedte.de\/sv\/mit-dem-wohnmobil-nach-goslar\/#breadcrumb\"},\"inLanguage\":\"sv-SE\",\"potentialAction\":[{\"@type\":\"ReadAction\",\"target\":[\"https:\/\/9staedte.de\/sv\/mit-dem-wohnmobil-nach-goslar\/\"]}]},{\"@type\":\"ImageObject\",\"inLanguage\":\"sv-SE\",\"@id\":\"https:\/\/9staedte.de\/sv\/mit-dem-wohnmobil-nach-goslar\/#primaryimage\",\"url\":\"https:\/\/9staedte.de\/wp-content\/uploads\/2024\/06\/Fachwerkgasse_GOSLAR_arketing_gmbh_Fotograf_Stefan_Schiefer.jpg\",\"contentUrl\":\"https:\/\/9staedte.de\/wp-content\/uploads\/2024\/06\/Fachwerkgasse_GOSLAR_arketing_gmbh_Fotograf_Stefan_Schiefer.jpg\"},{\"@type\":\"BreadcrumbList\",\"@id\":\"https:\/\/9staedte.de\/sv\/mit-dem-wohnmobil-nach-goslar\/#breadcrumb\",\"itemListElement\":[{\"@type\":\"ListItem\",\"position\":1,\"name\":\"Startseite\",\"item\":\"https:\/\/9staedte.de\/sv\/\"},{\"@type\":\"ListItem\",\"position\":2,\"name\":\"Med husbilen till Goslar\"}]},{\"@type\":\"WebSite\",\"@id\":\"https:\/\/9staedte.de\/sv\/#website\",\"url\":\"https:\/\/9staedte.de\/sv\/\",\"name\":\"9 St\u00e4dte in Niedersachsen\",\"description\":\"\",\"publisher\":{\"@id\":\"https:\/\/9staedte.de\/sv\/#organization\"},\"potentialAction\":[{\"@type\":\"SearchAction\",\"target\":{\"@type\":\"EntryPoint\",\"urlTemplate\":\"https:\/\/9staedte.de\/sv\/?s={search_term_string}\"},\"query-input\":{\"@type\":\"PropertyValueSpecification\",\"valueRequired\":true,\"valueName\":\"search_term_string\"}}],\"inLanguage\":\"sv-SE\"},{\"@type\":\"Organization\",\"@id\":\"https:\/\/9staedte.de\/sv\/#organization\",\"name\":\"9 St\u00e4dte in Niedersachsen\",\"url\":\"https:\/\/9staedte.de\/sv\/\",\"logo\":{\"@type\":\"ImageObject\",\"inLanguage\":\"sv-SE\",\"@id\":\"https:\/\/9staedte.de\/sv\/#\/schema\/logo\/image\/\",\"url\":\"https:\/\/9staedte.de\/wp-content\/uploads\/2025\/01\/9-neg-deutsch-2-1.png\",\"contentUrl\":\"https:\/\/9staedte.de\/wp-content\/uploads\/2025\/01\/9-neg-deutsch-2-1.png\",\"width\":190,\"height\":114,\"caption\":\"9 St\u00e4dte in Niedersachsen\"},\"image\":{\"@id\":\"https:\/\/9staedte.de\/sv\/#\/schema\/logo\/image\/\"}}]}<\/script>\n<!-- \/ Yoast SEO plugin. -->","yoast_head_json":{"title":"Med husbilen till Goslar - 9 St\u00e4dte in Niedersachsen","robots":{"index":"index","follow":"follow","max-snippet":"max-snippet:-1","max-image-preview":"max-image-preview:large","max-video-preview":"max-video-preview:-1"},"canonical":"https:\/\/9staedte.de\/sv\/mit-dem-wohnmobil-nach-goslar\/","og_locale":"sv_SE","og_type":"article","og_title":"Med husbilen till Goslar - 9 St\u00e4dte in Niedersachsen","og_description":"Husbilssemester i Goslar Njut av friheten och ha \u00e4nd\u00e5 ditt eget hem med dig p\u00e5 semestern: Husbilsresen\u00e4rer har denna f\u00f6rdel \u00f6verallt och p\u00e5 v\u00e4gen. Goslar \u00e4r det perfekta semesterm\u00e5let f\u00f6r en resa med husbil, eftersom de korta avst\u00e5nden, stadens n\u00e4rhet till naturen och det stora kulturutbudet ger ren semestergl\u00e4dje. Husbilssemesterfirare kan f\u00f6rtrollas av Harz-landskapet och [&hellip;]","og_url":"https:\/\/9staedte.de\/sv\/mit-dem-wohnmobil-nach-goslar\/","og_site_name":"9 St\u00e4dte in Niedersachsen","article_modified_time":"2024-07-11T12:29:58+00:00","og_image":[{"url":"https:\/\/9staedte.de\/wp-content\/uploads\/2024\/06\/Fachwerkgasse_GOSLAR_arketing_gmbh_Fotograf_Stefan_Schiefer.jpg","type":"","width":"","height":""}],"twitter_card":"summary_large_image","twitter_misc":{"Ber\u00e4knad l\u00e4stid":"2 minuter"},"schema":{"@context":"https:\/\/schema.org","@graph":[{"@type":"WebPage","@id":"https:\/\/9staedte.de\/sv\/mit-dem-wohnmobil-nach-goslar\/","url":"https:\/\/9staedte.de\/sv\/mit-dem-wohnmobil-nach-goslar\/","name":"Med husbilen till Goslar - 9 St\u00e4dte in Niedersachsen","isPartOf":{"@id":"https:\/\/9staedte.de\/sv\/#website"},"primaryImageOfPage":{"@id":"https:\/\/9staedte.de\/sv\/mit-dem-wohnmobil-nach-goslar\/#primaryimage"},"image":{"@id":"https:\/\/9staedte.de\/sv\/mit-dem-wohnmobil-nach-goslar\/#primaryimage"},"thumbnailUrl":"https:\/\/9staedte.de\/wp-content\/uploads\/2024\/06\/Fachwerkgasse_GOSLAR_arketing_gmbh_Fotograf_Stefan_Schiefer.jpg","datePublished":"2024-06-13T14:58:05+00:00","dateModified":"2024-07-11T12:29:58+00:00","breadcrumb":{"@id":"https:\/\/9staedte.de\/sv\/mit-dem-wohnmobil-nach-goslar\/#breadcrumb"},"inLanguage":"sv-SE","potentialAction":[{"@type":"ReadAction","target":["https:\/\/9staedte.de\/sv\/mit-dem-wohnmobil-nach-goslar\/"]}]},{"@type":"ImageObject","inLanguage":"sv-SE","@id":"https:\/\/9staedte.de\/sv\/mit-dem-wohnmobil-nach-goslar\/#primaryimage","url":"https:\/\/9staedte.de\/wp-content\/uploads\/2024\/06\/Fachwerkgasse_GOSLAR_arketing_gmbh_Fotograf_Stefan_Schiefer.jpg","contentUrl":"https:\/\/9staedte.de\/wp-content\/uploads\/2024\/06\/Fachwerkgasse_GOSLAR_arketing_gmbh_Fotograf_Stefan_Schiefer.jpg"},{"@type":"BreadcrumbList","@id":"https:\/\/9staedte.de\/sv\/mit-dem-wohnmobil-nach-goslar\/#breadcrumb","itemListElement":[{"@type":"ListItem","position":1,"name":"Startseite","item":"https:\/\/9staedte.de\/sv\/"},{"@type":"ListItem","position":2,"name":"Med husbilen till Goslar"}]},{"@type":"WebSite","@id":"https:\/\/9staedte.de\/sv\/#website","url":"https:\/\/9staedte.de\/sv\/","name":"9 St\u00e4dte in Niedersachsen","description":"","publisher":{"@id":"https:\/\/9staedte.de\/sv\/#organization"},"potentialAction":[{"@type":"SearchAction","target":{"@type":"EntryPoint","urlTemplate":"https:\/\/9staedte.de\/sv\/?s={search_term_string}"},"query-input":{"@type":"PropertyValueSpecification","valueRequired":true,"valueName":"search_term_string"}}],"inLanguage":"sv-SE"},{"@type":"Organization","@id":"https:\/\/9staedte.de\/sv\/#organization","name":"9 St\u00e4dte in Niedersachsen","url":"https:\/\/9staedte.de\/sv\/","logo":{"@type":"ImageObject","inLanguage":"sv-SE","@id":"https:\/\/9staedte.de\/sv\/#\/schema\/logo\/image\/","url":"https:\/\/9staedte.de\/wp-content\/uploads\/2025\/01\/9-neg-deutsch-2-1.png","contentUrl":"https:\/\/9staedte.de\/wp-content\/uploads\/2025\/01\/9-neg-deutsch-2-1.png","width":190,"height":114,"caption":"9 St\u00e4dte in Niedersachsen"},"image":{"@id":"https:\/\/9staedte.de\/sv\/#\/schema\/logo\/image\/"}}]}},"_links":{"self":[{"href":"https:\/\/9staedte.de\/sv\/wp-json\/wp\/v2\/pages\/22530","targetHints":{"allow":["GET"]}}],"collection":[{"href":"https:\/\/9staedte.de\/sv\/wp-json\/wp\/v2\/pages"}],"about":[{"href":"https:\/\/9staedte.de\/sv\/wp-json\/wp\/v2\/types\/page"}],"author":[{"embeddable":true,"href":"https:\/\/9staedte.de\/sv\/wp-json\/wp\/v2\/users\/6"}],"replies":[{"embeddable":true,"href":"https:\/\/9staedte.de\/sv\/wp-json\/wp\/v2\/comments?post=22530"}],"version-history":[{"count":3,"href":"https:\/\/9staedte.de\/sv\/wp-json\/wp\/v2\/pages\/22530\/revisions"}],"predecessor-version":[{"id":22558,"href":"https:\/\/9staedte.de\/sv\/wp-json\/wp\/v2\/pages\/22530\/revisions\/22558"}],"wp:attachment":[{"href":"https:\/\/9staedte.de\/sv\/wp-json\/wp\/v2\/media?parent=22530"}],"wp:term":[{"taxonomy":"category","embeddable":true,"href":"https:\/\/9staedte.de\/sv\/wp-json\/wp\/v2\/categories?post=22530"},{"taxonomy":"post_tag","embeddable":true,"href":"https:\/\/9staedte.de\/sv\/wp-json\/wp\/v2\/tags?post=22530"},{"taxonomy":"ncap_cities_tax","embeddable":true,"href":"https:\/\/9staedte.de\/sv\/wp-json\/wp\/v2\/ncap_cities_tax?post=22530"}],"curies":[{"name":"wp","href":"https:\/\/api.w.org\/{rel}","templated":true}]}}