{"id":14577,"date":"2023-10-25T16:23:38","date_gmt":"2023-10-25T14:23:38","guid":{"rendered":"https:\/\/9staedte.de\/hannover-huvudstad-i-niedersachsen\/"},"modified":"2024-04-15T12:26:23","modified_gmt":"2024-04-15T10:26:23","slug":"hannover-huvudstad-i-niedersachsen","status":"publish","type":"page","link":"https:\/\/9staedte.de\/sv\/hannover-huvudstad-i-niedersachsen\/","title":{"rendered":"Hannover &#8211; huvudstad i Niedersachsen"},"content":{"rendered":"\n<h2 class=\"wp-block-heading\">Livskraftig och \u00e4lskv\u00e4rd<\/h2>\n\n\n\n<p>Autentiskt, genuint, avslappnat &#8211; Hannover erbjuder den perfekta mixen f\u00f6r bes\u00f6kare! Stadsk\u00e4rnan imponerar med sin storstadsk\u00e4nsla, i gamla stan kan man strosa genom medeltida gr\u00e4nder eller koppla av vid stranden av floden Leine. Upplev tr\u00e4dg\u00e5rdskonst i full\u00e4ndning i Herrenh\u00e4users tr\u00e4dg\u00e5rdar. F\u00f6lj med p\u00e5 en resa runt jorden genom unika temav\u00e4rldar p\u00e5 Adventure Zoo. Stadens olika stadsdelar \u00e4r livliga och charmiga. Evenemangsh\u00f6jdpunkter som den internationella fyrverkerit\u00e4vlingen, Maschsee-festivalen, v\u00e4rldens st\u00f6rsta skjutmatch eller julmarknaderna<br>lockar varje \u00e5r otaliga g\u00e4ster till Hannover.<\/p>\n\n\n\n<p>Via motorv\u00e4g, ICE eller flyg &#8211; Hannovers centrala l\u00e4ge \u00e4r en av dess m\u00e5nga f\u00f6rdelar.<\/p>\n\n\n\n<p><a href=\"http:\/\/www.visit-hannover.com\/\" target=\"_blank\" rel=\"noreferrer noopener\">www.visit-hannover.com<\/a><\/p>\n\n\n\n\n<div class=\"banner-wrapper\">\n  <div class=\"banner-inner \">\n      <div class=\"img-container\">\n      <div class=\"img-wrapper\">\n        <img decoding=\"async\" src=\"https:\/\/9staedte.de\/wp-content\/smush-webp\/2023\/04\/Hannover-Herrenhaeuser-Gaerten-im-Herbst-c-Lars-Gerhardts.jpg.webp\" alt=\"Bilden visar Herrenhausen-tr\u00e4dg\u00e5rdarna i Hannover p\u00e5 h\u00f6sten. Tr\u00e4dg\u00e5rdarna \u00e4r stora och prydligt anlagda. I mitten finns en font\u00e4n. I bakgrunden st\u00e5r en stor vit byggnad \u2013 det \u00e4r Herrenhausen-slottet. Tr\u00e4den har h\u00f6stf\u00e4rger. Himlen \u00e4r f\u00e4rgglad vid soluppg\u00e5ng eller solnedg\u00e5ng.\" \/>\n                  <div class=\"thumbnail-label\">\n            <span>Hannover Herrenh\u00e4user G\u00e4rten im Herbst c) Lars Gerhardts<\/span>\n          <\/div>\n              <\/div>\n    <\/div>\n        <div class=\"text-container\">\n      <div class=\"content\">\n        <h3><strong>S\u00e4rskilda tips<\/strong><\/h3>\n<ul>\n<li>Herrenhausens tr\u00e4dg\u00e5rdar med Herrenhausens slottmuseum och Niki de Saint Phalles grotta<\/li>\n<li>Utsikt fr\u00e5n kupolen p\u00e5 det nya r\u00e5dhuset<\/li>\n<li>Hop-on hop-off stadsrundtur i en dubbeld\u00e4ckad panoramabuss<\/li>\n<li>&#8221;Den r\u00f6da tr\u00e5den&#8221; till sev\u00e4rdheterna<\/li>\n<li>Maschsee &#8211; maritim k\u00e4nsla mitt i staden<\/li>\n<li>Leinewelle och gastronomi vid stranden av Leine i den historiska stadsk\u00e4rnan<\/li>\n<li>Hannovers museilandskap<\/li>\n<li>F\u00f6rstklassiga shower p\u00e5 GOP Variet\u00e9<\/li>\n<li>G\u00e5 ut i den trendiga stadsdelen Linden<\/li>\n<\/ul>\n      <\/div>\n    <\/div>\n    <\/div>\n<\/div>\n\n\n\n\n<div style=\"height:30px\" aria-hidden=\"true\" class=\"wp-block-spacer\"><\/div>\n\n\n\n<div class=\"wp-block-columns is-layout-flex wp-container-core-columns-is-layout-9d6595d7 wp-block-columns-is-layout-flex\">\n<div class=\"wp-block-column is-layout-flow wp-block-column-is-layout-flow\" style=\"flex-basis:66.66%\">\n <div class=\"brlbs-cmpnt-container brlbs-cmpnt-content-blocker brlbs-cmpnt-with-individual-styles\" data-borlabs-cookie-content-blocker-id=\"google-maps\" data-borlabs-cookie-content=\"PGlmcmFtZSBzcmM9Imh0dHBzOi8vd3d3Lmdvb2dsZS5jb20vbWFwcy9kL2VtYmVkP21pZD0xNDdQdzVueTFvQXRyTjZoZ1F0dmRRZmFKaXNNbjNndyZhbXA7ZWhiYz0yRTMxMkYiIHdpZHRoPSIxMDAlIiBoZWlnaHQ9IjQ1MCI+PC9pZnJhbWU+\"><div class=\"brlbs-cmpnt-cb-preset-b brlbs-cmpnt-cb-google-maps\"> <div class=\"brlbs-cmpnt-cb-thumbnail\" style=\"background-image: url('https:\/\/9staedte.de\/wp-content\/uploads\/borlabs-cookie\/1\/brlbs-cb-google-maps-main.png')\"><\/div> <div class=\"brlbs-cmpnt-cb-main\"> <div class=\"brlbs-cmpnt-cb-content\"> <p class=\"brlbs-cmpnt-cb-description\">You are currently viewing a placeholder content from <strong>Google Maps<\/strong>. To access the actual content, click the button below. Please note that doing so will share data with third-party providers.<\/p> <a class=\"brlbs-cmpnt-cb-provider-toggle\" href=\"#\" data-borlabs-cookie-show-provider-information role=\"button\">More Information<\/a> <\/div> <div class=\"brlbs-cmpnt-cb-buttons\"> <a class=\"brlbs-cmpnt-cb-btn\" href=\"#\" data-borlabs-cookie-unblock role=\"button\">Unblock content<\/a> <a class=\"brlbs-cmpnt-cb-btn\" href=\"#\" data-borlabs-cookie-accept-service role=\"button\" style=\"display: inherit\">Accept required service and unblock content<\/a> <\/div> <\/div> <\/div><\/div>\n<\/div>\n\n\n\n<div class=\"wp-block-column map-legend is-layout-flow wp-block-column-is-layout-flow\">\n<p><strong>Intressanta platser:<\/strong><\/p>\n\n\n\n<ul class=\"map-legend main-legend wp-block-list\">\n<li>Nytt stadshus  <\/li>\n\n\n\n<li>Leineschloss \/ Niedersachsens delstatsparlament  <\/li>\n\n\n\n<li>Nanas av Niki de Saint Phalle  <\/li>\n\n\n\n<li>Historisk gammal stad  <\/li>\n\n\n\n<li>Gamla r\u00e5dhuset och Marknadskyrkan  <\/li>\n\n\n\n<li>M\u00f6tesplats Kr\u00f6pcke  <\/li>\n\n\n\n<li>Opera  <\/li>\n\n\n\n<li>Aegidienkirche, minnesm\u00e4rke \u00f6ver offren f\u00f6r krigen  <\/li>\n\n\n\n<li>Maschsee<\/li>\n<\/ul>\n<\/div>\n<\/div>\n\n\n\n<div style=\"height:60px\" aria-hidden=\"true\" class=\"wp-block-spacer map-legend\"><\/div>\n\n\n\n<div class=\"content-grid\">\n\n\n  \n  <div class=\"grid\">\n                        \n                    \n          <div class=\"featured-themen-single\">\n            <div class=\"featured-themen-single-inner\" style=\"background-image: url('https:\/\/9staedte.de\/wp-content\/smush-webp\/2023\/02\/Stadtrundfahrt-c-HMTG-Christian-Wyrwa.jpg.webp')\">\n              \n              <a href=\"https:\/\/9staedte.de\/sv\/hannover-huvudstad-i-niedersachsen\/stadsrundturer-i-hannover\/\">\n                <span>Stadsrundturer i Hannover<\/span>\n              <\/a>\n            <\/div>\n          <\/div>\n    \n          \n                  \n                    \n          <div class=\"featured-themen-single\">\n            <div class=\"featured-themen-single-inner\" style=\"background-image: url('https:\/\/9staedte.de\/wp-content\/smush-webp\/2023\/02\/Hannover-Hauptbahnhof-c-HMTG-Stefan-Knaak.jpg.webp')\">\n              \n              <a href=\"https:\/\/9staedte.de\/sv\/hannover-huvudstad-i-niedersachsen\/boende-i-hanover\/\">\n                <span>Boende i Hanover<\/span>\n              <\/a>\n            <\/div>\n          <\/div>\n    \n          \n                  \n                    \n          <div class=\"featured-themen-single\">\n            <div class=\"featured-themen-single-inner\" style=\"background-image: url('https:\/\/9staedte.de\/wp-content\/smush-webp\/2023\/02\/Internationaler-Feuerwerkswettbewerb-c-Hannover-Marketing-und-Tourismus-GmbH-_-Lars-Gerhardts.jpg.webp')\">\n              \n              <a href=\"https:\/\/9staedte.de\/sv\/hannover-huvudstad-i-niedersachsen\/evenemang-i-hanover\/\">\n                <span>Evenemang i Hanover<\/span>\n              <\/a>\n            <\/div>\n          <\/div>\n    \n          \n                  \n                    \n          <div class=\"featured-themen-single\">\n            <div class=\"featured-themen-single-inner\" style=\"background-image: url('https:\/\/9staedte.de\/wp-content\/smush-webp\/2023\/02\/Herrenhaeuser-Gaertem-c-HMTG-Lars-Gerhardts.jpg.webp')\">\n              \n              <a href=\"https:\/\/9staedte.de\/sv\/hannover-huvudstad-i-niedersachsen\/slott-och-traedgaardar-i-hannover\/\">\n                <span>Slott och tr\u00e4dg\u00e5rdar i Hannover<\/span>\n              <\/a>\n            <\/div>\n          <\/div>\n    \n          \n                  \n                    \n          <div class=\"featured-themen-single\">\n            <div class=\"featured-themen-single-inner\" style=\"background-image: url('https:\/\/9staedte.de\/wp-content\/smush-webp\/2023\/02\/Museum-August-Kestner-Museum-August-Kestner-8.jpg.webp')\">\n              \n              <a href=\"https:\/\/9staedte.de\/sv\/hannover-huvudstad-i-niedersachsen\/museer-och-utstaellningar-hannover\/\">\n                <span>Museer och utst\u00e4llningar Hannover<\/span>\n              <\/a>\n            <\/div>\n          <\/div>\n    \n          \n                  \n                    \n          <div class=\"featured-themen-single\">\n            <div class=\"featured-themen-single-inner\" style=\"background-image: url('https:\/\/9staedte.de\/wp-content\/smush-webp\/2022\/02\/Hannover-Herrenhaeuser-Gaerten-c-HMTG-Lars-Gerhardts.jpg.webp')\">\n              \n              <a href=\"https:\/\/9staedte.de\/sv\/hannover-huvudstad-i-niedersachsen\/intryck-fraan-hannover\/\">\n                <span>Intryck fr\u00e5n Hannover<\/span>\n              <\/a>\n            <\/div>\n          <\/div>\n    \n          \n                          \n        <\/div>\n<\/div>","protected":false},"excerpt":{"rendered":"<p>Livskraftig och \u00e4lskv\u00e4rd Autentiskt, genuint, avslappnat &#8211; Hannover erbjuder den perfekta mixen f\u00f6r bes\u00f6kare! Stadsk\u00e4rnan imponerar med sin storstadsk\u00e4nsla, i gamla stan kan man strosa genom medeltida gr\u00e4nder eller koppla av vid stranden av floden Leine. Upplev tr\u00e4dg\u00e5rdskonst i full\u00e4ndning i Herrenh\u00e4users tr\u00e4dg\u00e5rdar. F\u00f6lj med p\u00e5 en resa runt jorden genom unika temav\u00e4rldar p\u00e5 Adventure [&hellip;]<\/p>\n","protected":false},"author":1,"featured_media":15079,"parent":0,"menu_order":0,"comment_status":"closed","ping_status":"closed","template":"pagetemplates\/template-stadtseite.php","meta":{"_acf_changed":false,"footnotes":""},"categories":[],"tags":[],"ncap_cities_tax":[456],"class_list":["post-14577","page","type-page","status-publish","has-post-thumbnail","hentry","ncap_cities_tax-hannover-sv"],"acf":[],"yoast_head":"<!-- This site is optimized with the Yoast SEO plugin v27.4 - https:\/\/yoast.com\/product\/yoast-seo-wordpress\/ -->\n<title>Hannover - huvudstad i Niedersachsen - 9 St\u00e4dte in Niedersachsen<\/title>\n<meta name=\"description\" content=\"Hannovers stadsk\u00e4rna imponerar med sin storstadsk\u00e4nsla och den gamla stadsdelen med sina historiska gr\u00e4nder. Herrenh\u00e4user tr\u00e4dg\u00e5rdar erbjuder tr\u00e4dg\u00e5rdskonst i perfektion.\" \/>\n<meta name=\"robots\" content=\"index, follow, max-snippet:-1, max-image-preview:large, max-video-preview:-1\" \/>\n<link rel=\"canonical\" href=\"https:\/\/9staedte.de\/sv\/hannover-huvudstad-i-niedersachsen\/\" \/>\n<meta property=\"og:locale\" content=\"sv_SE\" \/>\n<meta property=\"og:type\" content=\"article\" \/>\n<meta property=\"og:title\" content=\"Hannover - huvudstad i Niedersachsen - 9 St\u00e4dte in Niedersachsen\" \/>\n<meta property=\"og:description\" content=\"Hannovers stadsk\u00e4rna imponerar med sin storstadsk\u00e4nsla och den gamla stadsdelen med sina historiska gr\u00e4nder. Herrenh\u00e4user tr\u00e4dg\u00e5rdar erbjuder tr\u00e4dg\u00e5rdskonst i perfektion.\" \/>\n<meta property=\"og:url\" content=\"https:\/\/9staedte.de\/sv\/hannover-huvudstad-i-niedersachsen\/\" \/>\n<meta property=\"og:site_name\" content=\"9 St\u00e4dte in Niedersachsen\" \/>\n<meta property=\"article:modified_time\" content=\"2024-04-15T10:26:23+00:00\" \/>\n<meta property=\"og:image\" content=\"https:\/\/9staedte.de\/wp-content\/uploads\/2023\/07\/Hannover-Neues-Rathaus-Luftbild-c-HMTG-Lars-Gerhardts.jpg\" \/>\n\t<meta property=\"og:image:width\" content=\"2500\" \/>\n\t<meta property=\"og:image:height\" content=\"1498\" \/>\n\t<meta property=\"og:image:type\" content=\"image\/jpeg\" \/>\n<meta name=\"twitter:card\" content=\"summary_large_image\" \/>\n<meta name=\"twitter:label1\" content=\"Ber\u00e4knad l\u00e4stid\" \/>\n\t<meta name=\"twitter:data1\" content=\"1 minut\" \/>\n<script type=\"application\/ld+json\" class=\"yoast-schema-graph\">{\"@context\":\"https:\\\/\\\/schema.org\",\"@graph\":[{\"@type\":\"WebPage\",\"@id\":\"https:\\\/\\\/9staedte.de\\\/sv\\\/hannover-huvudstad-i-niedersachsen\\\/\",\"url\":\"https:\\\/\\\/9staedte.de\\\/sv\\\/hannover-huvudstad-i-niedersachsen\\\/\",\"name\":\"Hannover - huvudstad i Niedersachsen - 9 St\u00e4dte in Niedersachsen\",\"isPartOf\":{\"@id\":\"https:\\\/\\\/9staedte.de\\\/sv\\\/#website\"},\"primaryImageOfPage\":{\"@id\":\"https:\\\/\\\/9staedte.de\\\/sv\\\/hannover-huvudstad-i-niedersachsen\\\/#primaryimage\"},\"image\":{\"@id\":\"https:\\\/\\\/9staedte.de\\\/sv\\\/hannover-huvudstad-i-niedersachsen\\\/#primaryimage\"},\"thumbnailUrl\":\"https:\\\/\\\/9staedte.de\\\/wp-content\\\/uploads\\\/2023\\\/07\\\/Hannover-Abendstimmung-vor-der-Oper-c-HMTG-Hans-Zaglitsch.jpg\",\"datePublished\":\"2023-10-25T14:23:38+00:00\",\"dateModified\":\"2024-04-15T10:26:23+00:00\",\"description\":\"Hannovers stadsk\u00e4rna imponerar med sin storstadsk\u00e4nsla och den gamla stadsdelen med sina historiska gr\u00e4nder. Herrenh\u00e4user tr\u00e4dg\u00e5rdar erbjuder tr\u00e4dg\u00e5rdskonst i perfektion.\",\"breadcrumb\":{\"@id\":\"https:\\\/\\\/9staedte.de\\\/sv\\\/hannover-huvudstad-i-niedersachsen\\\/#breadcrumb\"},\"inLanguage\":\"sv-SE\",\"potentialAction\":[{\"@type\":\"ReadAction\",\"target\":[\"https:\\\/\\\/9staedte.de\\\/sv\\\/hannover-huvudstad-i-niedersachsen\\\/\"]}]},{\"@type\":\"ImageObject\",\"inLanguage\":\"sv-SE\",\"@id\":\"https:\\\/\\\/9staedte.de\\\/sv\\\/hannover-huvudstad-i-niedersachsen\\\/#primaryimage\",\"url\":\"https:\\\/\\\/9staedte.de\\\/wp-content\\\/uploads\\\/2023\\\/07\\\/Hannover-Abendstimmung-vor-der-Oper-c-HMTG-Hans-Zaglitsch.jpg\",\"contentUrl\":\"https:\\\/\\\/9staedte.de\\\/wp-content\\\/uploads\\\/2023\\\/07\\\/Hannover-Abendstimmung-vor-der-Oper-c-HMTG-Hans-Zaglitsch.jpg\",\"width\":2500,\"height\":1696,\"caption\":\"Hannover Abendstimmung vor der Oper c) HMTG Hans Zaglitsch\"},{\"@type\":\"BreadcrumbList\",\"@id\":\"https:\\\/\\\/9staedte.de\\\/sv\\\/hannover-huvudstad-i-niedersachsen\\\/#breadcrumb\",\"itemListElement\":[{\"@type\":\"ListItem\",\"position\":1,\"name\":\"Startseite\",\"item\":\"https:\\\/\\\/9staedte.de\\\/sv\\\/\"},{\"@type\":\"ListItem\",\"position\":2,\"name\":\"Hannover &#8211; huvudstad i Niedersachsen\"}]},{\"@type\":\"WebSite\",\"@id\":\"https:\\\/\\\/9staedte.de\\\/sv\\\/#website\",\"url\":\"https:\\\/\\\/9staedte.de\\\/sv\\\/\",\"name\":\"9 St\u00e4dte in Niedersachsen\",\"description\":\"\",\"publisher\":{\"@id\":\"https:\\\/\\\/9staedte.de\\\/sv\\\/#organization\"},\"potentialAction\":[{\"@type\":\"SearchAction\",\"target\":{\"@type\":\"EntryPoint\",\"urlTemplate\":\"https:\\\/\\\/9staedte.de\\\/sv\\\/?s={search_term_string}\"},\"query-input\":{\"@type\":\"PropertyValueSpecification\",\"valueRequired\":true,\"valueName\":\"search_term_string\"}}],\"inLanguage\":\"sv-SE\"},{\"@type\":\"Organization\",\"@id\":\"https:\\\/\\\/9staedte.de\\\/sv\\\/#organization\",\"name\":\"9 St\u00e4dte in Niedersachsen\",\"url\":\"https:\\\/\\\/9staedte.de\\\/sv\\\/\",\"logo\":{\"@type\":\"ImageObject\",\"inLanguage\":\"sv-SE\",\"@id\":\"https:\\\/\\\/9staedte.de\\\/sv\\\/#\\\/schema\\\/logo\\\/image\\\/\",\"url\":\"https:\\\/\\\/9staedte.de\\\/wp-content\\\/uploads\\\/2025\\\/01\\\/9-neg-deutsch-2-1.png\",\"contentUrl\":\"https:\\\/\\\/9staedte.de\\\/wp-content\\\/uploads\\\/2025\\\/01\\\/9-neg-deutsch-2-1.png\",\"width\":190,\"height\":114,\"caption\":\"9 St\u00e4dte in Niedersachsen\"},\"image\":{\"@id\":\"https:\\\/\\\/9staedte.de\\\/sv\\\/#\\\/schema\\\/logo\\\/image\\\/\"}}]}<\/script>\n<!-- \/ Yoast SEO plugin. -->","yoast_head_json":{"title":"Hannover - huvudstad i Niedersachsen - 9 St\u00e4dte in Niedersachsen","description":"Hannovers stadsk\u00e4rna imponerar med sin storstadsk\u00e4nsla och den gamla stadsdelen med sina historiska gr\u00e4nder. Herrenh\u00e4user tr\u00e4dg\u00e5rdar erbjuder tr\u00e4dg\u00e5rdskonst i perfektion.","robots":{"index":"index","follow":"follow","max-snippet":"max-snippet:-1","max-image-preview":"max-image-preview:large","max-video-preview":"max-video-preview:-1"},"canonical":"https:\/\/9staedte.de\/sv\/hannover-huvudstad-i-niedersachsen\/","og_locale":"sv_SE","og_type":"article","og_title":"Hannover - huvudstad i Niedersachsen - 9 St\u00e4dte in Niedersachsen","og_description":"Hannovers stadsk\u00e4rna imponerar med sin storstadsk\u00e4nsla och den gamla stadsdelen med sina historiska gr\u00e4nder. Herrenh\u00e4user tr\u00e4dg\u00e5rdar erbjuder tr\u00e4dg\u00e5rdskonst i perfektion.","og_url":"https:\/\/9staedte.de\/sv\/hannover-huvudstad-i-niedersachsen\/","og_site_name":"9 St\u00e4dte in Niedersachsen","article_modified_time":"2024-04-15T10:26:23+00:00","og_image":[{"width":2500,"height":1498,"url":"https:\/\/9staedte.de\/wp-content\/uploads\/2023\/07\/Hannover-Neues-Rathaus-Luftbild-c-HMTG-Lars-Gerhardts.jpg","type":"image\/jpeg"}],"twitter_card":"summary_large_image","twitter_misc":{"Ber\u00e4knad l\u00e4stid":"1 minut"},"schema":{"@context":"https:\/\/schema.org","@graph":[{"@type":"WebPage","@id":"https:\/\/9staedte.de\/sv\/hannover-huvudstad-i-niedersachsen\/","url":"https:\/\/9staedte.de\/sv\/hannover-huvudstad-i-niedersachsen\/","name":"Hannover - huvudstad i Niedersachsen - 9 St\u00e4dte in Niedersachsen","isPartOf":{"@id":"https:\/\/9staedte.de\/sv\/#website"},"primaryImageOfPage":{"@id":"https:\/\/9staedte.de\/sv\/hannover-huvudstad-i-niedersachsen\/#primaryimage"},"image":{"@id":"https:\/\/9staedte.de\/sv\/hannover-huvudstad-i-niedersachsen\/#primaryimage"},"thumbnailUrl":"https:\/\/9staedte.de\/wp-content\/uploads\/2023\/07\/Hannover-Abendstimmung-vor-der-Oper-c-HMTG-Hans-Zaglitsch.jpg","datePublished":"2023-10-25T14:23:38+00:00","dateModified":"2024-04-15T10:26:23+00:00","description":"Hannovers stadsk\u00e4rna imponerar med sin storstadsk\u00e4nsla och den gamla stadsdelen med sina historiska gr\u00e4nder. Herrenh\u00e4user tr\u00e4dg\u00e5rdar erbjuder tr\u00e4dg\u00e5rdskonst i perfektion.","breadcrumb":{"@id":"https:\/\/9staedte.de\/sv\/hannover-huvudstad-i-niedersachsen\/#breadcrumb"},"inLanguage":"sv-SE","potentialAction":[{"@type":"ReadAction","target":["https:\/\/9staedte.de\/sv\/hannover-huvudstad-i-niedersachsen\/"]}]},{"@type":"ImageObject","inLanguage":"sv-SE","@id":"https:\/\/9staedte.de\/sv\/hannover-huvudstad-i-niedersachsen\/#primaryimage","url":"https:\/\/9staedte.de\/wp-content\/uploads\/2023\/07\/Hannover-Abendstimmung-vor-der-Oper-c-HMTG-Hans-Zaglitsch.jpg","contentUrl":"https:\/\/9staedte.de\/wp-content\/uploads\/2023\/07\/Hannover-Abendstimmung-vor-der-Oper-c-HMTG-Hans-Zaglitsch.jpg","width":2500,"height":1696,"caption":"Hannover Abendstimmung vor der Oper c) HMTG Hans Zaglitsch"},{"@type":"BreadcrumbList","@id":"https:\/\/9staedte.de\/sv\/hannover-huvudstad-i-niedersachsen\/#breadcrumb","itemListElement":[{"@type":"ListItem","position":1,"name":"Startseite","item":"https:\/\/9staedte.de\/sv\/"},{"@type":"ListItem","position":2,"name":"Hannover &#8211; huvudstad i Niedersachsen"}]},{"@type":"WebSite","@id":"https:\/\/9staedte.de\/sv\/#website","url":"https:\/\/9staedte.de\/sv\/","name":"9 St\u00e4dte in Niedersachsen","description":"","publisher":{"@id":"https:\/\/9staedte.de\/sv\/#organization"},"potentialAction":[{"@type":"SearchAction","target":{"@type":"EntryPoint","urlTemplate":"https:\/\/9staedte.de\/sv\/?s={search_term_string}"},"query-input":{"@type":"PropertyValueSpecification","valueRequired":true,"valueName":"search_term_string"}}],"inLanguage":"sv-SE"},{"@type":"Organization","@id":"https:\/\/9staedte.de\/sv\/#organization","name":"9 St\u00e4dte in Niedersachsen","url":"https:\/\/9staedte.de\/sv\/","logo":{"@type":"ImageObject","inLanguage":"sv-SE","@id":"https:\/\/9staedte.de\/sv\/#\/schema\/logo\/image\/","url":"https:\/\/9staedte.de\/wp-content\/uploads\/2025\/01\/9-neg-deutsch-2-1.png","contentUrl":"https:\/\/9staedte.de\/wp-content\/uploads\/2025\/01\/9-neg-deutsch-2-1.png","width":190,"height":114,"caption":"9 St\u00e4dte in Niedersachsen"},"image":{"@id":"https:\/\/9staedte.de\/sv\/#\/schema\/logo\/image\/"}}]}},"_links":{"self":[{"href":"https:\/\/9staedte.de\/sv\/wp-json\/wp\/v2\/pages\/14577","targetHints":{"allow":["GET"]}}],"collection":[{"href":"https:\/\/9staedte.de\/sv\/wp-json\/wp\/v2\/pages"}],"about":[{"href":"https:\/\/9staedte.de\/sv\/wp-json\/wp\/v2\/types\/page"}],"author":[{"embeddable":true,"href":"https:\/\/9staedte.de\/sv\/wp-json\/wp\/v2\/users\/1"}],"replies":[{"embeddable":true,"href":"https:\/\/9staedte.de\/sv\/wp-json\/wp\/v2\/comments?post=14577"}],"version-history":[{"count":6,"href":"https:\/\/9staedte.de\/sv\/wp-json\/wp\/v2\/pages\/14577\/revisions"}],"predecessor-version":[{"id":22018,"href":"https:\/\/9staedte.de\/sv\/wp-json\/wp\/v2\/pages\/14577\/revisions\/22018"}],"wp:featuredmedia":[{"embeddable":true,"href":"https:\/\/9staedte.de\/sv\/wp-json\/wp\/v2\/media\/15079"}],"wp:attachment":[{"href":"https:\/\/9staedte.de\/sv\/wp-json\/wp\/v2\/media?parent=14577"}],"wp:term":[{"taxonomy":"category","embeddable":true,"href":"https:\/\/9staedte.de\/sv\/wp-json\/wp\/v2\/categories?post=14577"},{"taxonomy":"post_tag","embeddable":true,"href":"https:\/\/9staedte.de\/sv\/wp-json\/wp\/v2\/tags?post=14577"},{"taxonomy":"ncap_cities_tax","embeddable":true,"href":"https:\/\/9staedte.de\/sv\/wp-json\/wp\/v2\/ncap_cities_tax?post=14577"}],"curies":[{"name":"wp","href":"https:\/\/api.w.org\/{rel}","templated":true}]}}