{"id":14563,"date":"2023-10-25T16:22:50","date_gmt":"2023-10-25T14:22:50","guid":{"rendered":"https:\/\/9staedte.de\/goslar-vaerldsarv-i-harzbergen\/"},"modified":"2024-05-08T11:07:51","modified_gmt":"2024-05-08T09:07:51","slug":"goslar-vaerldsarv-i-harzbergen","status":"publish","type":"page","link":"https:\/\/9staedte.de\/sv\/goslar-vaerldsarv-i-harzbergen\/","title":{"rendered":"Goslar &#8211; v\u00e4rldsarv i Harzbergen"},"content":{"rendered":"\n<h2 class=\"wp-block-heading\">Kejsarstaden Goslar i Harzbergen<\/h2>\n\n\n\n<p>Goslar kan redan se tillbaka p\u00e5 1100 \u00e5r av stadshistoria och bjuder in sina bes\u00f6kare till en tidsresa genom gr\u00e4nderna i den gamla staden, som sedan 1992 tillsammans med Rammelsbergs malmgruva<br>finns med p\u00e5 UNESCO:s v\u00e4rldsarvslista. \u00d6ver 1500 korsvirkeshus, det historiska stadshuset med informationscentret f\u00f6r v\u00e4rldsarv och ett livligt caf\u00e9- och restaurangliv inbjuder till promenader och vistelse. Med Harzbergen precis utanf\u00f6r d\u00f6rren kommer natur- och vandrings\u00e4lskare ocks\u00e5 att f\u00e5 valuta f\u00f6r sina pengar! P\u00e5 vintern \u00e4r julmarknaden &amp; julskogen med sin historiska bakgrund en absolut h\u00f6jdpunkt och skapar varje \u00e5r en festlig st\u00e4mning.<\/p>\n\n\n\n<p><a href=\"https:\/\/www.meingoslar.de\/\">www.meingoslar.de<\/a><\/p>\n\n\n\n\n<div class=\"banner-wrapper\">\n  <div class=\"banner-inner \">\n      <div class=\"img-container\">\n      <div class=\"img-wrapper\">\n        <img decoding=\"async\" src=\"https:\/\/9staedte.de\/wp-content\/smush-webp\/2023\/02\/Schuhhof-Haeuserfassade_GOSLAR-marketing-gmbh_Fotograf-Stefan-Schiefer.jpg.webp\" alt=\"Bilden visar Schuhhof i staden Goslar. M\u00e5nga gamla korsvirkeshus st\u00e5r sida vid sida. Husen \u00e4r f\u00e4rgglada och vackert dekorerade. Framf\u00f6r husen sitter m\u00e4nniskor p\u00e5 ett caf\u00e9. De dricker n\u00e5got och njuter av solen. Det \u00e4r en solig dag och st\u00e4mningen \u00e4r avslappnad.\" \/>\n                  <div class=\"thumbnail-label\">\n            <span>Schuhhof H\u00e4userfassade_GOSLAR marketing gmbh_Fotograf Stefan Schiefer<\/span>\n          <\/div>\n              <\/div>\n    <\/div>\n        <div class=\"text-container\">\n      <div class=\"content\">\n        <p><strong>S\u00e4rskilda tips:<\/strong><\/p>\n<ul>\n<li>Uppt\u00e4ck det historiska r\u00e5dhuset p\u00e5 specialguidade turer<\/li>\n<li>&#8221;Upp p\u00e5 h\u00f6jden&#8221;: njut av utsikten fr\u00e5n tornet p\u00e5 kyrkan Marktkirche<\/li>\n<li>L\u00e4r dig historier om h\u00e4xor, nattv\u00e4ktare, b\u00f6dlar &amp; co. p\u00e5 kostymturer<\/li>\n<li>Prova specialiteter i W\u00f6ltingerode-klostrets destilleri p\u00e5 den &#8221;Stora klosterturen&#8221;<\/li>\n<li>Lyssna p\u00e5 Goslar: Utforska staden med hj\u00e4lp av en audioguide<\/li>\n<li>Upplev en gratis interaktiv utst\u00e4llning i informationscentret f\u00f6r v\u00e4rldsarv i det historiska r\u00e5dhuset<\/li>\n<li>Herzbergs damm: simma och koppla av i v\u00e4rldsarvet<\/li>\n<\/ul>\n      <\/div>\n    <\/div>\n    <\/div>\n<\/div>\n\n\n\n\n<div style=\"height:30px\" aria-hidden=\"true\" class=\"wp-block-spacer\"><\/div>\n\n\n\n<div class=\"wp-block-columns is-layout-flex wp-container-core-columns-is-layout-9d6595d7 wp-block-columns-is-layout-flex\">\n<div class=\"wp-block-column is-layout-flow wp-block-column-is-layout-flow\" style=\"flex-basis:66.66%\">\n <div class=\"brlbs-cmpnt-container brlbs-cmpnt-content-blocker brlbs-cmpnt-with-individual-styles\" data-borlabs-cookie-content-blocker-id=\"google-maps\" data-borlabs-cookie-content=\"PGlmcmFtZSBzcmM9Imh0dHBzOi8vd3d3Lmdvb2dsZS5jb20vbWFwcy9kL2VtYmVkP21pZD0xN012TmwzeVo3Q2kya1UtSGw0MVQzRXJjQm1RVzhsVSZhbXA7ZWhiYz0yRTMxMkYiIHdpZHRoPSIxMDAlIiBoZWlnaHQ9IjQ1MCI+PC9pZnJhbWU+\"><div class=\"brlbs-cmpnt-cb-preset-b brlbs-cmpnt-cb-google-maps\"> <div class=\"brlbs-cmpnt-cb-thumbnail\" style=\"background-image: url('https:\/\/9staedte.de\/wp-content\/uploads\/borlabs-cookie\/1\/brlbs-cb-google-maps-main.png')\"><\/div> <div class=\"brlbs-cmpnt-cb-main\"> <div class=\"brlbs-cmpnt-cb-content\"> <p class=\"brlbs-cmpnt-cb-description\">You are currently viewing a placeholder content from <strong>Google Maps<\/strong>. To access the actual content, click the button below. Please note that doing so will share data with third-party providers.<\/p> <a class=\"brlbs-cmpnt-cb-provider-toggle\" href=\"#\" data-borlabs-cookie-show-provider-information role=\"button\">More Information<\/a> <\/div> <div class=\"brlbs-cmpnt-cb-buttons\"> <a class=\"brlbs-cmpnt-cb-btn\" href=\"#\" data-borlabs-cookie-unblock role=\"button\">Unblock content<\/a> <a class=\"brlbs-cmpnt-cb-btn\" href=\"#\" data-borlabs-cookie-accept-service role=\"button\" style=\"display: inherit\">Accept required service and unblock content<\/a> <\/div> <\/div> <\/div><\/div>\n<\/div>\n\n\n\n<div class=\"wp-block-column is-layout-flow wp-block-column-is-layout-flow\" style=\"flex-basis:33.33%\">\n<p><strong>Intressanta platser:<\/strong><\/p>\n\n\n\n<ul class=\"map-legend main-legend wp-block-list\">\n<li>M\u00f6nchehaus Museum f\u00f6r modern konst  <\/li>\n\n\n\n<li>Market Square (med marknadskyrkan, r\u00e5dhuset och klockspelet)  <\/li>\n\n\n\n<li>St. Annes hus  <\/li>\n\n\n\n<li>Medeltidsmuseum i Zwinger  <\/li>\n\n\n\n<li>Museivallen med Goslar Museum och Pewter Figurine Museum<\/li>\n\n\n\n<li>Hantverkare i det stora heliga korset  <\/li>\n\n\n\n<li>Kejserliga palatset med Sankt Ulrichs kapell  <\/li>\n\n\n\n<li>UNESCO:s v\u00e4rldsarv Rammelsberg (museum och bes\u00f6ksgruva)<\/li>\n\n\n\n<li>Stavkyrka i distriktet Hahnenklee<\/li>\n<\/ul>\n<\/div>\n<\/div>\n\n\n\n<div style=\"height:60px\" aria-hidden=\"true\" class=\"wp-block-spacer\"><\/div>\n\n\n\n<div class=\"content-grid\">\n\n\n  \n  <div class=\"grid\">\n                        \n                    \n          <div class=\"featured-themen-single\">\n            <div class=\"featured-themen-single-inner\" style=\"background-image: url('https:\/\/9staedte.de\/wp-content\/smush-webp\/2023\/02\/04-Stadtfuehrung-Altstadt-Fotograf-Stefan-Schiefer-Quelle-GOSLAR-marketing-gmbh.jpg.webp')\">\n              \n              <a href=\"https:\/\/9staedte.de\/sv\/goslar-vaerldsarv-i-harzbergen\/guidade-turer-i-goslar\/\">\n                <span>Guidade turer i Goslar<\/span>\n              <\/a>\n            <\/div>\n          <\/div>\n    \n          \n                  \n                    \n          <div class=\"featured-themen-single\">\n            <div class=\"featured-themen-single-inner\" style=\"background-image: url('https:\/\/9staedte.de\/wp-content\/smush-webp\/2023\/02\/Goslar-Abendstimmung_GOSLAR-marketing-gmbh_MichaelAbid-1.jpg.webp')\">\n              \n              <a href=\"https:\/\/9staedte.de\/sv\/goslar-vaerldsarv-i-harzbergen\/boende-i-goslar\/\">\n                <span>Boende i Goslar<\/span>\n              <\/a>\n            <\/div>\n          <\/div>\n    \n          \n                  \n                    \n          <div class=\"featured-themen-single\">\n            <div class=\"featured-themen-single-inner\" style=\"background-image: url('https:\/\/9staedte.de\/wp-content\/smush-webp\/2023\/02\/Konzert-Neuwerksgarten_GOSLAR-marketing-gmbh_Fotograf-Stefan-Schiefer-1.jpg.webp')\">\n              \n              <a href=\"https:\/\/9staedte.de\/sv\/goslar-vaerldsarv-i-harzbergen\/evenemang-i-goslar\/\">\n                <span>Evenemang i Goslar<\/span>\n              <\/a>\n            <\/div>\n          <\/div>\n    \n          \n                  \n                    \n          <div class=\"featured-themen-single\">\n            <div class=\"featured-themen-single-inner\" style=\"background-image: url('https:\/\/9staedte.de\/wp-content\/smush-webp\/2025\/02\/Goslar-Christmas-Market-Blue-hour-c-GOSLAR-marketing-Michael-Abid.jpg.webp')\">\n              \n              <a href=\"https:\/\/9staedte.de\/sv\/goslar-vaerldsarv-i-harzbergen\/julmarknad-i-goslar\/\">\n                <span>Julmarknad i Goslar<\/span>\n              <\/a>\n            <\/div>\n          <\/div>\n    \n          \n                  \n                    \n          <div class=\"featured-themen-single\">\n            <div class=\"featured-themen-single-inner\" style=\"background-image: url('https:\/\/9staedte.de\/wp-content\/smush-webp\/2022\/03\/Museum-Goslar-c-GOSLAR-marketing-gmbh-Stefan-Schiefer-1.jpg.webp')\">\n              \n              <a href=\"https:\/\/9staedte.de\/sv\/goslar-vaerldsarv-i-harzbergen\/museer-och-utstaellningar-i-goslar\/\">\n                <span>Museer och utst\u00e4llningar i Goslar<\/span>\n              <\/a>\n            <\/div>\n          <\/div>\n    \n          \n                          \n        <\/div>\n<\/div>","protected":false},"excerpt":{"rendered":"<p>Kejsarstaden Goslar i Harzbergen Goslar kan redan se tillbaka p\u00e5 1100 \u00e5r av stadshistoria och bjuder in sina bes\u00f6kare till en tidsresa genom gr\u00e4nderna i den gamla staden, som sedan 1992 tillsammans med Rammelsbergs malmgruvafinns med p\u00e5 UNESCO:s v\u00e4rldsarvslista. \u00d6ver 1500 korsvirkeshus, det historiska stadshuset med informationscentret f\u00f6r v\u00e4rldsarv och ett livligt caf\u00e9- och restaurangliv [&hellip;]<\/p>\n","protected":false},"author":1,"featured_media":15065,"parent":0,"menu_order":0,"comment_status":"closed","ping_status":"closed","template":"pagetemplates\/template-stadtseite.php","meta":{"_acf_changed":false,"footnotes":""},"categories":[],"tags":[],"ncap_cities_tax":[442],"class_list":["post-14563","page","type-page","status-publish","has-post-thumbnail","hentry","ncap_cities_tax-goslar-sv"],"acf":[],"yoast_head":"<!-- This site is optimized with the Yoast SEO plugin v27.4 - https:\/\/yoast.com\/product\/yoast-seo-wordpress\/ -->\n<title>Goslar - v\u00e4rldsarv i Harzbergen - 9 St\u00e4dte in Niedersachsen<\/title>\n<meta name=\"description\" content=\"Goslar kan se tillbaka p\u00e5 \u00f6ver 1100 \u00e5r av stadshistoria och bjuder sina bes\u00f6kare p\u00e5 en resa genom tiden i gr\u00e4nderna i den gamla staden.\" \/>\n<meta name=\"robots\" content=\"index, follow, max-snippet:-1, max-image-preview:large, max-video-preview:-1\" \/>\n<link rel=\"canonical\" href=\"https:\/\/9staedte.de\/sv\/goslar-vaerldsarv-i-harzbergen\/\" \/>\n<meta property=\"og:locale\" content=\"sv_SE\" \/>\n<meta property=\"og:type\" content=\"article\" \/>\n<meta property=\"og:title\" content=\"Goslar - v\u00e4rldsarv i Harzbergen - 9 St\u00e4dte in Niedersachsen\" \/>\n<meta property=\"og:description\" content=\"Goslar kan se tillbaka p\u00e5 \u00f6ver 1100 \u00e5r av stadshistoria och bjuder sina bes\u00f6kare p\u00e5 en resa genom tiden i gr\u00e4nderna i den gamla staden.\" \/>\n<meta property=\"og:url\" content=\"https:\/\/9staedte.de\/sv\/goslar-vaerldsarv-i-harzbergen\/\" \/>\n<meta property=\"og:site_name\" content=\"9 St\u00e4dte in Niedersachsen\" \/>\n<meta property=\"article:modified_time\" content=\"2024-05-08T09:07:51+00:00\" \/>\n<meta property=\"og:image\" content=\"https:\/\/9staedte.de\/wp-content\/uploads\/2023\/02\/Blick-ueber-Goslar_GOSLAR-marketing-gmbh_filmpunktton.jpg\" \/>\n\t<meta property=\"og:image:width\" content=\"1020\" \/>\n\t<meta property=\"og:image:height\" content=\"560\" \/>\n\t<meta property=\"og:image:type\" content=\"image\/jpeg\" \/>\n<meta name=\"twitter:card\" content=\"summary_large_image\" \/>\n<meta name=\"twitter:label1\" content=\"Ber\u00e4knad l\u00e4stid\" \/>\n\t<meta name=\"twitter:data1\" content=\"2 minuter\" \/>\n<script type=\"application\/ld+json\" class=\"yoast-schema-graph\">{\"@context\":\"https:\\\/\\\/schema.org\",\"@graph\":[{\"@type\":\"WebPage\",\"@id\":\"https:\\\/\\\/9staedte.de\\\/sv\\\/goslar-vaerldsarv-i-harzbergen\\\/\",\"url\":\"https:\\\/\\\/9staedte.de\\\/sv\\\/goslar-vaerldsarv-i-harzbergen\\\/\",\"name\":\"Goslar - v\u00e4rldsarv i Harzbergen - 9 St\u00e4dte in Niedersachsen\",\"isPartOf\":{\"@id\":\"https:\\\/\\\/9staedte.de\\\/sv\\\/#website\"},\"primaryImageOfPage\":{\"@id\":\"https:\\\/\\\/9staedte.de\\\/sv\\\/goslar-vaerldsarv-i-harzbergen\\\/#primaryimage\"},\"image\":{\"@id\":\"https:\\\/\\\/9staedte.de\\\/sv\\\/goslar-vaerldsarv-i-harzbergen\\\/#primaryimage\"},\"thumbnailUrl\":\"https:\\\/\\\/9staedte.de\\\/wp-content\\\/uploads\\\/2023\\\/07\\\/Blick-ueber-Goslar_GOSLAR-marketing-gmbh_filmpunktton.jpg\",\"datePublished\":\"2023-10-25T14:22:50+00:00\",\"dateModified\":\"2024-05-08T09:07:51+00:00\",\"description\":\"Goslar kan se tillbaka p\u00e5 \u00f6ver 1100 \u00e5r av stadshistoria och bjuder sina bes\u00f6kare p\u00e5 en resa genom tiden i gr\u00e4nderna i den gamla staden.\",\"breadcrumb\":{\"@id\":\"https:\\\/\\\/9staedte.de\\\/sv\\\/goslar-vaerldsarv-i-harzbergen\\\/#breadcrumb\"},\"inLanguage\":\"sv-SE\",\"potentialAction\":[{\"@type\":\"ReadAction\",\"target\":[\"https:\\\/\\\/9staedte.de\\\/sv\\\/goslar-vaerldsarv-i-harzbergen\\\/\"]}]},{\"@type\":\"ImageObject\",\"inLanguage\":\"sv-SE\",\"@id\":\"https:\\\/\\\/9staedte.de\\\/sv\\\/goslar-vaerldsarv-i-harzbergen\\\/#primaryimage\",\"url\":\"https:\\\/\\\/9staedte.de\\\/wp-content\\\/uploads\\\/2023\\\/07\\\/Blick-ueber-Goslar_GOSLAR-marketing-gmbh_filmpunktton.jpg\",\"contentUrl\":\"https:\\\/\\\/9staedte.de\\\/wp-content\\\/uploads\\\/2023\\\/07\\\/Blick-ueber-Goslar_GOSLAR-marketing-gmbh_filmpunktton.jpg\",\"width\":2500,\"height\":1662,\"caption\":\"Blick \u00fcber Goslar c)GOSLAR marketing gmbh filmpunktton\"},{\"@type\":\"BreadcrumbList\",\"@id\":\"https:\\\/\\\/9staedte.de\\\/sv\\\/goslar-vaerldsarv-i-harzbergen\\\/#breadcrumb\",\"itemListElement\":[{\"@type\":\"ListItem\",\"position\":1,\"name\":\"Startseite\",\"item\":\"https:\\\/\\\/9staedte.de\\\/sv\\\/\"},{\"@type\":\"ListItem\",\"position\":2,\"name\":\"Goslar &#8211; v\u00e4rldsarv i Harzbergen\"}]},{\"@type\":\"WebSite\",\"@id\":\"https:\\\/\\\/9staedte.de\\\/sv\\\/#website\",\"url\":\"https:\\\/\\\/9staedte.de\\\/sv\\\/\",\"name\":\"9 St\u00e4dte in Niedersachsen\",\"description\":\"\",\"publisher\":{\"@id\":\"https:\\\/\\\/9staedte.de\\\/sv\\\/#organization\"},\"potentialAction\":[{\"@type\":\"SearchAction\",\"target\":{\"@type\":\"EntryPoint\",\"urlTemplate\":\"https:\\\/\\\/9staedte.de\\\/sv\\\/?s={search_term_string}\"},\"query-input\":{\"@type\":\"PropertyValueSpecification\",\"valueRequired\":true,\"valueName\":\"search_term_string\"}}],\"inLanguage\":\"sv-SE\"},{\"@type\":\"Organization\",\"@id\":\"https:\\\/\\\/9staedte.de\\\/sv\\\/#organization\",\"name\":\"9 St\u00e4dte in Niedersachsen\",\"url\":\"https:\\\/\\\/9staedte.de\\\/sv\\\/\",\"logo\":{\"@type\":\"ImageObject\",\"inLanguage\":\"sv-SE\",\"@id\":\"https:\\\/\\\/9staedte.de\\\/sv\\\/#\\\/schema\\\/logo\\\/image\\\/\",\"url\":\"https:\\\/\\\/9staedte.de\\\/wp-content\\\/uploads\\\/2025\\\/01\\\/9-neg-deutsch-2-1.png\",\"contentUrl\":\"https:\\\/\\\/9staedte.de\\\/wp-content\\\/uploads\\\/2025\\\/01\\\/9-neg-deutsch-2-1.png\",\"width\":190,\"height\":114,\"caption\":\"9 St\u00e4dte in Niedersachsen\"},\"image\":{\"@id\":\"https:\\\/\\\/9staedte.de\\\/sv\\\/#\\\/schema\\\/logo\\\/image\\\/\"}}]}<\/script>\n<!-- \/ Yoast SEO plugin. -->","yoast_head_json":{"title":"Goslar - v\u00e4rldsarv i Harzbergen - 9 St\u00e4dte in Niedersachsen","description":"Goslar kan se tillbaka p\u00e5 \u00f6ver 1100 \u00e5r av stadshistoria och bjuder sina bes\u00f6kare p\u00e5 en resa genom tiden i gr\u00e4nderna i den gamla staden.","robots":{"index":"index","follow":"follow","max-snippet":"max-snippet:-1","max-image-preview":"max-image-preview:large","max-video-preview":"max-video-preview:-1"},"canonical":"https:\/\/9staedte.de\/sv\/goslar-vaerldsarv-i-harzbergen\/","og_locale":"sv_SE","og_type":"article","og_title":"Goslar - v\u00e4rldsarv i Harzbergen - 9 St\u00e4dte in Niedersachsen","og_description":"Goslar kan se tillbaka p\u00e5 \u00f6ver 1100 \u00e5r av stadshistoria och bjuder sina bes\u00f6kare p\u00e5 en resa genom tiden i gr\u00e4nderna i den gamla staden.","og_url":"https:\/\/9staedte.de\/sv\/goslar-vaerldsarv-i-harzbergen\/","og_site_name":"9 St\u00e4dte in Niedersachsen","article_modified_time":"2024-05-08T09:07:51+00:00","og_image":[{"width":1020,"height":560,"url":"https:\/\/9staedte.de\/wp-content\/uploads\/2023\/02\/Blick-ueber-Goslar_GOSLAR-marketing-gmbh_filmpunktton.jpg","type":"image\/jpeg"}],"twitter_card":"summary_large_image","twitter_misc":{"Ber\u00e4knad l\u00e4stid":"2 minuter"},"schema":{"@context":"https:\/\/schema.org","@graph":[{"@type":"WebPage","@id":"https:\/\/9staedte.de\/sv\/goslar-vaerldsarv-i-harzbergen\/","url":"https:\/\/9staedte.de\/sv\/goslar-vaerldsarv-i-harzbergen\/","name":"Goslar - v\u00e4rldsarv i Harzbergen - 9 St\u00e4dte in Niedersachsen","isPartOf":{"@id":"https:\/\/9staedte.de\/sv\/#website"},"primaryImageOfPage":{"@id":"https:\/\/9staedte.de\/sv\/goslar-vaerldsarv-i-harzbergen\/#primaryimage"},"image":{"@id":"https:\/\/9staedte.de\/sv\/goslar-vaerldsarv-i-harzbergen\/#primaryimage"},"thumbnailUrl":"https:\/\/9staedte.de\/wp-content\/uploads\/2023\/07\/Blick-ueber-Goslar_GOSLAR-marketing-gmbh_filmpunktton.jpg","datePublished":"2023-10-25T14:22:50+00:00","dateModified":"2024-05-08T09:07:51+00:00","description":"Goslar kan se tillbaka p\u00e5 \u00f6ver 1100 \u00e5r av stadshistoria och bjuder sina bes\u00f6kare p\u00e5 en resa genom tiden i gr\u00e4nderna i den gamla staden.","breadcrumb":{"@id":"https:\/\/9staedte.de\/sv\/goslar-vaerldsarv-i-harzbergen\/#breadcrumb"},"inLanguage":"sv-SE","potentialAction":[{"@type":"ReadAction","target":["https:\/\/9staedte.de\/sv\/goslar-vaerldsarv-i-harzbergen\/"]}]},{"@type":"ImageObject","inLanguage":"sv-SE","@id":"https:\/\/9staedte.de\/sv\/goslar-vaerldsarv-i-harzbergen\/#primaryimage","url":"https:\/\/9staedte.de\/wp-content\/uploads\/2023\/07\/Blick-ueber-Goslar_GOSLAR-marketing-gmbh_filmpunktton.jpg","contentUrl":"https:\/\/9staedte.de\/wp-content\/uploads\/2023\/07\/Blick-ueber-Goslar_GOSLAR-marketing-gmbh_filmpunktton.jpg","width":2500,"height":1662,"caption":"Blick \u00fcber Goslar c)GOSLAR marketing gmbh filmpunktton"},{"@type":"BreadcrumbList","@id":"https:\/\/9staedte.de\/sv\/goslar-vaerldsarv-i-harzbergen\/#breadcrumb","itemListElement":[{"@type":"ListItem","position":1,"name":"Startseite","item":"https:\/\/9staedte.de\/sv\/"},{"@type":"ListItem","position":2,"name":"Goslar &#8211; v\u00e4rldsarv i Harzbergen"}]},{"@type":"WebSite","@id":"https:\/\/9staedte.de\/sv\/#website","url":"https:\/\/9staedte.de\/sv\/","name":"9 St\u00e4dte in Niedersachsen","description":"","publisher":{"@id":"https:\/\/9staedte.de\/sv\/#organization"},"potentialAction":[{"@type":"SearchAction","target":{"@type":"EntryPoint","urlTemplate":"https:\/\/9staedte.de\/sv\/?s={search_term_string}"},"query-input":{"@type":"PropertyValueSpecification","valueRequired":true,"valueName":"search_term_string"}}],"inLanguage":"sv-SE"},{"@type":"Organization","@id":"https:\/\/9staedte.de\/sv\/#organization","name":"9 St\u00e4dte in Niedersachsen","url":"https:\/\/9staedte.de\/sv\/","logo":{"@type":"ImageObject","inLanguage":"sv-SE","@id":"https:\/\/9staedte.de\/sv\/#\/schema\/logo\/image\/","url":"https:\/\/9staedte.de\/wp-content\/uploads\/2025\/01\/9-neg-deutsch-2-1.png","contentUrl":"https:\/\/9staedte.de\/wp-content\/uploads\/2025\/01\/9-neg-deutsch-2-1.png","width":190,"height":114,"caption":"9 St\u00e4dte in Niedersachsen"},"image":{"@id":"https:\/\/9staedte.de\/sv\/#\/schema\/logo\/image\/"}}]}},"_links":{"self":[{"href":"https:\/\/9staedte.de\/sv\/wp-json\/wp\/v2\/pages\/14563","targetHints":{"allow":["GET"]}}],"collection":[{"href":"https:\/\/9staedte.de\/sv\/wp-json\/wp\/v2\/pages"}],"about":[{"href":"https:\/\/9staedte.de\/sv\/wp-json\/wp\/v2\/types\/page"}],"author":[{"embeddable":true,"href":"https:\/\/9staedte.de\/sv\/wp-json\/wp\/v2\/users\/1"}],"replies":[{"embeddable":true,"href":"https:\/\/9staedte.de\/sv\/wp-json\/wp\/v2\/comments?post=14563"}],"version-history":[{"count":5,"href":"https:\/\/9staedte.de\/sv\/wp-json\/wp\/v2\/pages\/14563\/revisions"}],"predecessor-version":[{"id":22229,"href":"https:\/\/9staedte.de\/sv\/wp-json\/wp\/v2\/pages\/14563\/revisions\/22229"}],"wp:featuredmedia":[{"embeddable":true,"href":"https:\/\/9staedte.de\/sv\/wp-json\/wp\/v2\/media\/15065"}],"wp:attachment":[{"href":"https:\/\/9staedte.de\/sv\/wp-json\/wp\/v2\/media?parent=14563"}],"wp:term":[{"taxonomy":"category","embeddable":true,"href":"https:\/\/9staedte.de\/sv\/wp-json\/wp\/v2\/categories?post=14563"},{"taxonomy":"post_tag","embeddable":true,"href":"https:\/\/9staedte.de\/sv\/wp-json\/wp\/v2\/tags?post=14563"},{"taxonomy":"ncap_cities_tax","embeddable":true,"href":"https:\/\/9staedte.de\/sv\/wp-json\/wp\/v2\/ncap_cities_tax?post=14563"}],"curies":[{"name":"wp","href":"https:\/\/api.w.org\/{rel}","templated":true}]}}