{"id":14554,"date":"2023-10-25T16:23:32","date_gmt":"2023-10-25T14:23:32","guid":{"rendered":"https:\/\/9staedte.de\/hameln-legendarisk-raattfaangarstad\/"},"modified":"2024-03-25T16:44:04","modified_gmt":"2024-03-25T15:44:04","slug":"hameln-legendarisk-raattfaangarstad","status":"publish","type":"page","link":"https:\/\/9staedte.de\/sv\/hameln-legendarisk-raattfaangarstad\/","title":{"rendered":"Hameln &#8211; Legendarisk R\u00e5ttf\u00e5ngarstad"},"content":{"rendered":"\n<h2 class=\"wp-block-heading\">Mitt i Weserbergland<\/h2>\n\n\n\n<p>Till v\u00e4nster och h\u00f6ger om Weser, mellan kullarna i Weserbergland, ligger Hameln. Direkt p\u00e5 den tyska sagostradan finns en m\u00f6rk figur som \u00e4r hemma h\u00e4r &#8211; R\u00e5ttf\u00e5ngaren. Upplev den och dess magi, men ocks\u00e5 Hamelns makal\u00f6sa gamla stad med sina imponerande sandstens- och korsvirkesbyggnader med anor fr\u00e5n 1700-talet. Hameln lever upp till sin v\u00e4rldsomsp\u00e4nnande kulturella image i stadsbilden och vid m\u00e5nga evenemang och erbjudanden. Och i slutet av \u00e5ret lockar julmarknaden och MusicalWinter. Det vackra Weserbergland erbjuder imponerande<br>Kuliss f\u00f6r m\u00e5nga aktiviteter p\u00e5 vatten och p\u00e5 land.<\/p>\n\n\n\n<p><a href=\"http:\/\/www.hameln.de\/\">www.hameln.de<\/a><\/p>\n\n\n\n\n<div class=\"banner-wrapper\">\n  <div class=\"banner-inner \">\n      <div class=\"img-container\">\n      <div class=\"img-wrapper\">\n        <img decoding=\"async\" src=\"https:\/\/9staedte.de\/wp-content\/smush-webp\/2023\/01\/Hameln-Flotte-Weser-c-HMT-1.jpg.webp\" alt=\"Bilden visar tv\u00e5 personer vid floden Weser i Hameln. De tar en selfie med en mobiltelefon. I bakgrunden passerar en stor vit utflyktsb\u00e5t. P\u00e5 b\u00e5ten st\u00e5r det &quot;Hameln&quot;. Solen skiner och v\u00e4dret \u00e4r fint. St\u00e4mningen \u00e4r glad.\" \/>\n                  <div class=\"thumbnail-label\">\n            <span>Hameln Flotte Weser c) HMT<\/span>\n          <\/div>\n              <\/div>\n    <\/div>\n        <div class=\"text-container\">\n      <div class=\"content\">\n        <p><strong>S\u00e4rskilda tips:<\/strong><\/p>\n<ul>\n<li>R\u00e5ttf\u00e5ngarens friluftsteater och R\u00e5ttf\u00e5ngarens musikal &#8221;RATS&#8221;, b\u00e5da gratis f\u00f6r bes\u00f6kare, utomhus i centrum av gamla stan<\/li>\n<li>Guidade turer, \u00e4ven med R\u00e5ttf\u00e5ngaren<\/li>\n<li>Julmarknad<\/li>\n<li>MusikalVinter Hameln<\/li>\n<li>R\u00e5ttf\u00e5ngarens dockteaterf\u00f6rest\u00e4llning i br\u00f6llopshuset<\/li>\n<li>Hamelns museum med mekanisk R\u00e5ttf\u00e5ngarteater<\/li>\n<li>B\u00e5ttur p\u00e5 Weser<\/li>\n<li>Weser l\u00e5ngdistans cykelv\u00e4g<\/li>\n<\/ul>\n      <\/div>\n    <\/div>\n    <\/div>\n<\/div>\n\n\n\n\n<div style=\"height:30px\" aria-hidden=\"true\" class=\"wp-block-spacer\"><\/div>\n\n\n\n<div class=\"wp-block-columns is-layout-flex wp-container-core-columns-is-layout-9d6595d7 wp-block-columns-is-layout-flex\">\n<div class=\"wp-block-column is-layout-flow wp-block-column-is-layout-flow\" style=\"flex-basis:66.66%\">\n <div class=\"brlbs-cmpnt-container brlbs-cmpnt-content-blocker brlbs-cmpnt-with-individual-styles\" data-borlabs-cookie-content-blocker-id=\"google-maps\" data-borlabs-cookie-content=\"PGlmcmFtZSBzcmM9Imh0dHBzOi8vd3d3Lmdvb2dsZS5jb20vbWFwcy9kL2VtYmVkP21pZD0xbTBINGV1ejdYTGo4ZU1pb0ZobVFhWmRsWGxwLUV6TSZhbXA7ZWhiYz0yRTMxMkYiIHdpZHRoPSIxMDAlIiBoZWlnaHQ9IjQ1MCI+PC9pZnJhbWU+\"><div class=\"brlbs-cmpnt-cb-preset-b brlbs-cmpnt-cb-google-maps\"> <div class=\"brlbs-cmpnt-cb-thumbnail\" style=\"background-image: url('https:\/\/9staedte.de\/wp-content\/uploads\/borlabs-cookie\/1\/brlbs-cb-google-maps-main.png')\"><\/div> <div class=\"brlbs-cmpnt-cb-main\"> <div class=\"brlbs-cmpnt-cb-content\"> <p class=\"brlbs-cmpnt-cb-description\">You are currently viewing a placeholder content from <strong>Google Maps<\/strong>. To access the actual content, click the button below. Please note that doing so will share data with third-party providers.<\/p> <a class=\"brlbs-cmpnt-cb-provider-toggle\" href=\"#\" data-borlabs-cookie-show-provider-information role=\"button\">More Information<\/a> <\/div> <div class=\"brlbs-cmpnt-cb-buttons\"> <a class=\"brlbs-cmpnt-cb-btn\" href=\"#\" data-borlabs-cookie-unblock role=\"button\">Unblock content<\/a> <a class=\"brlbs-cmpnt-cb-btn\" href=\"#\" data-borlabs-cookie-accept-service role=\"button\" style=\"display: inherit\">Accept required service and unblock content<\/a> <\/div> <\/div> <\/div><\/div>\n<\/div>\n\n\n\n<div class=\"wp-block-column is-layout-flow wp-block-column-is-layout-flow\" style=\"flex-basis:33.33%\">\n<p><strong>Intressanta platser:<\/strong><\/p>\n\n\n\n<ul class=\"map-legend main-legend wp-block-list\">\n<li>Weserbergland centrum och teater  <\/li>\n\n\n\n<li>Information f\u00f6r turister<\/li>\n\n\n\n<li>Pied Piper-huset  <\/li>\n\n\n\n<li>Museum i Leist- och Stiftsherrenhaus<\/li>\n\n\n\n<li>Br\u00f6llopshus  <\/li>\n\n\n\n<li>Sankt Bonifatius kloster<\/li>\n\n\n\n<li>Pied Piper Hall<\/li>\n\n\n\n<li>Brygga  <\/li>\n\n\n\n<li>Hamelns lokala berg &#8221;Kl\u00fct<\/li>\n<\/ul>\n<\/div>\n<\/div>\n\n\n\n<div style=\"height:60px\" aria-hidden=\"true\" class=\"wp-block-spacer\"><\/div>\n\n\n\n<div class=\"content-grid\">\n\n\n  \n  <div class=\"grid\">\n                        \n                    \n          <div class=\"featured-themen-single\">\n            <div class=\"featured-themen-single-inner\" style=\"background-image: url('https:\/\/9staedte.de\/wp-content\/smush-webp\/2023\/07\/Hameln-Stadtfuehrung-c-Hameln-Marketing-und-Tourismus-GmbH.jpg.webp')\">\n              \n              <a href=\"https:\/\/9staedte.de\/sv\/hameln-legendarisk-raattfaangarstad\/stadsrundturer-i-hameln\/\">\n                <span>Stadsrundturer i Hameln<\/span>\n              <\/a>\n            <\/div>\n          <\/div>\n    \n          \n                  \n                    \n          <div class=\"featured-themen-single\">\n            <div class=\"featured-themen-single-inner\" style=\"background-image: url('https:\/\/9staedte.de\/wp-content\/smush-webp\/2023\/02\/Hameln-Christmas-Market-n-c-Hameln-Marketing-und-Tourismus-GmbH-1.jpg.webp')\">\n              \n              <a href=\"https:\/\/9staedte.de\/sv\/hameln-legendarisk-raattfaangarstad\/julmarknad-i-hameln\/\">\n                <span>Julmarknad i Hameln<\/span>\n              <\/a>\n            <\/div>\n          <\/div>\n    \n          \n                  \n                    \n          <div class=\"featured-themen-single\">\n            <div class=\"featured-themen-single-inner\" style=\"background-image: url('https:\/\/9staedte.de\/wp-content\/smush-webp\/2023\/01\/Hameln-Osterstrasse-c-HMT-1.jpg.webp')\">\n              \n              <a href=\"https:\/\/9staedte.de\/sv\/hameln-legendarisk-raattfaangarstad\/boende-i-hamelin\/\">\n                <span>Boende i Hamelin<\/span>\n              <\/a>\n            <\/div>\n          <\/div>\n    \n          \n                  \n                    \n          <div class=\"featured-themen-single\">\n            <div class=\"featured-themen-single-inner\" style=\"background-image: url('https:\/\/9staedte.de\/wp-content\/smush-webp\/2023\/01\/Rattenfaenger-vor-dem-Museum-Hameln-c-HMT.jpg.webp')\">\n              \n              <a href=\"https:\/\/9staedte.de\/sv\/hameln-legendarisk-raattfaangarstad\/museer-och-utstaellningar-i-hameln\/\">\n                <span>Museer och utst\u00e4llningar i Hameln<\/span>\n              <\/a>\n            <\/div>\n          <\/div>\n    \n          \n                  \n                    \n          <div class=\"featured-themen-single\">\n            <div class=\"featured-themen-single-inner\" style=\"background-image: url('https:\/\/9staedte.de\/wp-content\/smush-webp\/2023\/07\/Hameln-town-model-c-Hameln-Tourismus-und-Marketing-GmbH-Sabrina-Stoeckli.jpg.webp')\">\n              \n              <a href=\"https:\/\/9staedte.de\/sv\/hameln-legendarisk-raattfaangarstad\/intryck-fraan-hameln\/\">\n                <span>Intryck fr\u00e5n Hameln<\/span>\n              <\/a>\n            <\/div>\n          <\/div>\n    \n          \n                          \n        <\/div>\n<\/div>","protected":false},"excerpt":{"rendered":"<p>Mitt i Weserbergland Till v\u00e4nster och h\u00f6ger om Weser, mellan kullarna i Weserbergland, ligger Hameln. Direkt p\u00e5 den tyska sagostradan finns en m\u00f6rk figur som \u00e4r hemma h\u00e4r &#8211; R\u00e5ttf\u00e5ngaren. Upplev den och dess magi, men ocks\u00e5 Hamelns makal\u00f6sa gamla stad med sina imponerande sandstens- och korsvirkesbyggnader med anor fr\u00e5n 1700-talet. Hameln lever upp till [&hellip;]<\/p>\n","protected":false},"author":1,"featured_media":15074,"parent":0,"menu_order":0,"comment_status":"closed","ping_status":"closed","template":"pagetemplates\/template-stadtseite.php","meta":{"_acf_changed":false,"footnotes":""},"categories":[],"tags":[],"ncap_cities_tax":[449],"class_list":["post-14554","page","type-page","status-publish","has-post-thumbnail","hentry","ncap_cities_tax-hameln-sv"],"acf":[],"yoast_head":"<!-- This site is optimized with the Yoast SEO plugin v27.4 - https:\/\/yoast.com\/product\/yoast-seo-wordpress\/ -->\n<title>Hameln - Legendarisk R\u00e5ttf\u00e5ngarstad - 9 St\u00e4dte in Niedersachsen<\/title>\n<meta name=\"description\" content=\"Hameln, den legendariska R\u00e5ttf\u00e5ngarstaden, ligger i Weserbergland. Gamla stan imponerar med byggnader i Weserren\u00e4ssansstil.\" \/>\n<meta name=\"robots\" content=\"index, follow, max-snippet:-1, max-image-preview:large, max-video-preview:-1\" \/>\n<link rel=\"canonical\" href=\"https:\/\/9staedte.de\/sv\/hameln-legendarisk-raattfaangarstad\/\" \/>\n<meta property=\"og:locale\" content=\"sv_SE\" \/>\n<meta property=\"og:type\" content=\"article\" \/>\n<meta property=\"og:title\" content=\"Hameln - Legendarisk R\u00e5ttf\u00e5ngarstad - 9 St\u00e4dte in Niedersachsen\" \/>\n<meta property=\"og:description\" content=\"Hameln, den legendariska R\u00e5ttf\u00e5ngarstaden, ligger i Weserbergland. Gamla stan imponerar med byggnader i Weserren\u00e4ssansstil.\" \/>\n<meta property=\"og:url\" content=\"https:\/\/9staedte.de\/sv\/hameln-legendarisk-raattfaangarstad\/\" \/>\n<meta property=\"og:site_name\" content=\"9 St\u00e4dte in Niedersachsen\" \/>\n<meta property=\"article:modified_time\" content=\"2024-03-25T15:44:04+00:00\" \/>\n<meta property=\"og:image\" content=\"https:\/\/9staedte.de\/wp-content\/uploads\/2024\/03\/Rattenfaenger-Fuehrung-c-Hameln-Marketing-und-Tourismus-GmbhG.jpg\" \/>\n\t<meta property=\"og:image:width\" content=\"1020\" \/>\n\t<meta property=\"og:image:height\" content=\"551\" \/>\n\t<meta property=\"og:image:type\" content=\"image\/jpeg\" \/>\n<meta name=\"twitter:card\" content=\"summary_large_image\" \/>\n<meta name=\"twitter:label1\" content=\"Ber\u00e4knad l\u00e4stid\" \/>\n\t<meta name=\"twitter:data1\" content=\"1 minut\" \/>\n<script type=\"application\/ld+json\" class=\"yoast-schema-graph\">{\"@context\":\"https:\\\/\\\/schema.org\",\"@graph\":[{\"@type\":\"WebPage\",\"@id\":\"https:\\\/\\\/9staedte.de\\\/sv\\\/hameln-legendarisk-raattfaangarstad\\\/\",\"url\":\"https:\\\/\\\/9staedte.de\\\/sv\\\/hameln-legendarisk-raattfaangarstad\\\/\",\"name\":\"Hameln - Legendarisk R\u00e5ttf\u00e5ngarstad - 9 St\u00e4dte in Niedersachsen\",\"isPartOf\":{\"@id\":\"https:\\\/\\\/9staedte.de\\\/sv\\\/#website\"},\"primaryImageOfPage\":{\"@id\":\"https:\\\/\\\/9staedte.de\\\/sv\\\/hameln-legendarisk-raattfaangarstad\\\/#primaryimage\"},\"image\":{\"@id\":\"https:\\\/\\\/9staedte.de\\\/sv\\\/hameln-legendarisk-raattfaangarstad\\\/#primaryimage\"},\"thumbnailUrl\":\"https:\\\/\\\/9staedte.de\\\/wp-content\\\/uploads\\\/2023\\\/07\\\/Rattenfaenger-Fuehrung-c-Hameln-Marketing-und-Tourismus-GmbhG-scaled.jpg\",\"datePublished\":\"2023-10-25T14:23:32+00:00\",\"dateModified\":\"2024-03-25T15:44:04+00:00\",\"description\":\"Hameln, den legendariska R\u00e5ttf\u00e5ngarstaden, ligger i Weserbergland. Gamla stan imponerar med byggnader i Weserren\u00e4ssansstil.\",\"breadcrumb\":{\"@id\":\"https:\\\/\\\/9staedte.de\\\/sv\\\/hameln-legendarisk-raattfaangarstad\\\/#breadcrumb\"},\"inLanguage\":\"sv-SE\",\"potentialAction\":[{\"@type\":\"ReadAction\",\"target\":[\"https:\\\/\\\/9staedte.de\\\/sv\\\/hameln-legendarisk-raattfaangarstad\\\/\"]}]},{\"@type\":\"ImageObject\",\"inLanguage\":\"sv-SE\",\"@id\":\"https:\\\/\\\/9staedte.de\\\/sv\\\/hameln-legendarisk-raattfaangarstad\\\/#primaryimage\",\"url\":\"https:\\\/\\\/9staedte.de\\\/wp-content\\\/uploads\\\/2023\\\/07\\\/Rattenfaenger-Fuehrung-c-Hameln-Marketing-und-Tourismus-GmbhG-scaled.jpg\",\"contentUrl\":\"https:\\\/\\\/9staedte.de\\\/wp-content\\\/uploads\\\/2023\\\/07\\\/Rattenfaenger-Fuehrung-c-Hameln-Marketing-und-Tourismus-GmbhG-scaled.jpg\",\"width\":2560,\"height\":1385,\"caption\":\"Rattenf\u00e4nger-F\u00fchrung c) Hameln Marketing und Tourismus GmbH\"},{\"@type\":\"BreadcrumbList\",\"@id\":\"https:\\\/\\\/9staedte.de\\\/sv\\\/hameln-legendarisk-raattfaangarstad\\\/#breadcrumb\",\"itemListElement\":[{\"@type\":\"ListItem\",\"position\":1,\"name\":\"Startseite\",\"item\":\"https:\\\/\\\/9staedte.de\\\/sv\\\/\"},{\"@type\":\"ListItem\",\"position\":2,\"name\":\"Hameln &#8211; Legendarisk R\u00e5ttf\u00e5ngarstad\"}]},{\"@type\":\"WebSite\",\"@id\":\"https:\\\/\\\/9staedte.de\\\/sv\\\/#website\",\"url\":\"https:\\\/\\\/9staedte.de\\\/sv\\\/\",\"name\":\"9 St\u00e4dte in Niedersachsen\",\"description\":\"\",\"publisher\":{\"@id\":\"https:\\\/\\\/9staedte.de\\\/sv\\\/#organization\"},\"potentialAction\":[{\"@type\":\"SearchAction\",\"target\":{\"@type\":\"EntryPoint\",\"urlTemplate\":\"https:\\\/\\\/9staedte.de\\\/sv\\\/?s={search_term_string}\"},\"query-input\":{\"@type\":\"PropertyValueSpecification\",\"valueRequired\":true,\"valueName\":\"search_term_string\"}}],\"inLanguage\":\"sv-SE\"},{\"@type\":\"Organization\",\"@id\":\"https:\\\/\\\/9staedte.de\\\/sv\\\/#organization\",\"name\":\"9 St\u00e4dte in Niedersachsen\",\"url\":\"https:\\\/\\\/9staedte.de\\\/sv\\\/\",\"logo\":{\"@type\":\"ImageObject\",\"inLanguage\":\"sv-SE\",\"@id\":\"https:\\\/\\\/9staedte.de\\\/sv\\\/#\\\/schema\\\/logo\\\/image\\\/\",\"url\":\"https:\\\/\\\/9staedte.de\\\/wp-content\\\/uploads\\\/2025\\\/01\\\/9-neg-deutsch-2-1.png\",\"contentUrl\":\"https:\\\/\\\/9staedte.de\\\/wp-content\\\/uploads\\\/2025\\\/01\\\/9-neg-deutsch-2-1.png\",\"width\":190,\"height\":114,\"caption\":\"9 St\u00e4dte in Niedersachsen\"},\"image\":{\"@id\":\"https:\\\/\\\/9staedte.de\\\/sv\\\/#\\\/schema\\\/logo\\\/image\\\/\"}}]}<\/script>\n<!-- \/ Yoast SEO plugin. -->","yoast_head_json":{"title":"Hameln - Legendarisk R\u00e5ttf\u00e5ngarstad - 9 St\u00e4dte in Niedersachsen","description":"Hameln, den legendariska R\u00e5ttf\u00e5ngarstaden, ligger i Weserbergland. Gamla stan imponerar med byggnader i Weserren\u00e4ssansstil.","robots":{"index":"index","follow":"follow","max-snippet":"max-snippet:-1","max-image-preview":"max-image-preview:large","max-video-preview":"max-video-preview:-1"},"canonical":"https:\/\/9staedte.de\/sv\/hameln-legendarisk-raattfaangarstad\/","og_locale":"sv_SE","og_type":"article","og_title":"Hameln - Legendarisk R\u00e5ttf\u00e5ngarstad - 9 St\u00e4dte in Niedersachsen","og_description":"Hameln, den legendariska R\u00e5ttf\u00e5ngarstaden, ligger i Weserbergland. Gamla stan imponerar med byggnader i Weserren\u00e4ssansstil.","og_url":"https:\/\/9staedte.de\/sv\/hameln-legendarisk-raattfaangarstad\/","og_site_name":"9 St\u00e4dte in Niedersachsen","article_modified_time":"2024-03-25T15:44:04+00:00","og_image":[{"width":1020,"height":551,"url":"https:\/\/9staedte.de\/wp-content\/uploads\/2024\/03\/Rattenfaenger-Fuehrung-c-Hameln-Marketing-und-Tourismus-GmbhG.jpg","type":"image\/jpeg"}],"twitter_card":"summary_large_image","twitter_misc":{"Ber\u00e4knad l\u00e4stid":"1 minut"},"schema":{"@context":"https:\/\/schema.org","@graph":[{"@type":"WebPage","@id":"https:\/\/9staedte.de\/sv\/hameln-legendarisk-raattfaangarstad\/","url":"https:\/\/9staedte.de\/sv\/hameln-legendarisk-raattfaangarstad\/","name":"Hameln - Legendarisk R\u00e5ttf\u00e5ngarstad - 9 St\u00e4dte in Niedersachsen","isPartOf":{"@id":"https:\/\/9staedte.de\/sv\/#website"},"primaryImageOfPage":{"@id":"https:\/\/9staedte.de\/sv\/hameln-legendarisk-raattfaangarstad\/#primaryimage"},"image":{"@id":"https:\/\/9staedte.de\/sv\/hameln-legendarisk-raattfaangarstad\/#primaryimage"},"thumbnailUrl":"https:\/\/9staedte.de\/wp-content\/uploads\/2023\/07\/Rattenfaenger-Fuehrung-c-Hameln-Marketing-und-Tourismus-GmbhG-scaled.jpg","datePublished":"2023-10-25T14:23:32+00:00","dateModified":"2024-03-25T15:44:04+00:00","description":"Hameln, den legendariska R\u00e5ttf\u00e5ngarstaden, ligger i Weserbergland. Gamla stan imponerar med byggnader i Weserren\u00e4ssansstil.","breadcrumb":{"@id":"https:\/\/9staedte.de\/sv\/hameln-legendarisk-raattfaangarstad\/#breadcrumb"},"inLanguage":"sv-SE","potentialAction":[{"@type":"ReadAction","target":["https:\/\/9staedte.de\/sv\/hameln-legendarisk-raattfaangarstad\/"]}]},{"@type":"ImageObject","inLanguage":"sv-SE","@id":"https:\/\/9staedte.de\/sv\/hameln-legendarisk-raattfaangarstad\/#primaryimage","url":"https:\/\/9staedte.de\/wp-content\/uploads\/2023\/07\/Rattenfaenger-Fuehrung-c-Hameln-Marketing-und-Tourismus-GmbhG-scaled.jpg","contentUrl":"https:\/\/9staedte.de\/wp-content\/uploads\/2023\/07\/Rattenfaenger-Fuehrung-c-Hameln-Marketing-und-Tourismus-GmbhG-scaled.jpg","width":2560,"height":1385,"caption":"Rattenf\u00e4nger-F\u00fchrung c) Hameln Marketing und Tourismus GmbH"},{"@type":"BreadcrumbList","@id":"https:\/\/9staedte.de\/sv\/hameln-legendarisk-raattfaangarstad\/#breadcrumb","itemListElement":[{"@type":"ListItem","position":1,"name":"Startseite","item":"https:\/\/9staedte.de\/sv\/"},{"@type":"ListItem","position":2,"name":"Hameln &#8211; Legendarisk R\u00e5ttf\u00e5ngarstad"}]},{"@type":"WebSite","@id":"https:\/\/9staedte.de\/sv\/#website","url":"https:\/\/9staedte.de\/sv\/","name":"9 St\u00e4dte in Niedersachsen","description":"","publisher":{"@id":"https:\/\/9staedte.de\/sv\/#organization"},"potentialAction":[{"@type":"SearchAction","target":{"@type":"EntryPoint","urlTemplate":"https:\/\/9staedte.de\/sv\/?s={search_term_string}"},"query-input":{"@type":"PropertyValueSpecification","valueRequired":true,"valueName":"search_term_string"}}],"inLanguage":"sv-SE"},{"@type":"Organization","@id":"https:\/\/9staedte.de\/sv\/#organization","name":"9 St\u00e4dte in Niedersachsen","url":"https:\/\/9staedte.de\/sv\/","logo":{"@type":"ImageObject","inLanguage":"sv-SE","@id":"https:\/\/9staedte.de\/sv\/#\/schema\/logo\/image\/","url":"https:\/\/9staedte.de\/wp-content\/uploads\/2025\/01\/9-neg-deutsch-2-1.png","contentUrl":"https:\/\/9staedte.de\/wp-content\/uploads\/2025\/01\/9-neg-deutsch-2-1.png","width":190,"height":114,"caption":"9 St\u00e4dte in Niedersachsen"},"image":{"@id":"https:\/\/9staedte.de\/sv\/#\/schema\/logo\/image\/"}}]}},"_links":{"self":[{"href":"https:\/\/9staedte.de\/sv\/wp-json\/wp\/v2\/pages\/14554","targetHints":{"allow":["GET"]}}],"collection":[{"href":"https:\/\/9staedte.de\/sv\/wp-json\/wp\/v2\/pages"}],"about":[{"href":"https:\/\/9staedte.de\/sv\/wp-json\/wp\/v2\/types\/page"}],"author":[{"embeddable":true,"href":"https:\/\/9staedte.de\/sv\/wp-json\/wp\/v2\/users\/1"}],"replies":[{"embeddable":true,"href":"https:\/\/9staedte.de\/sv\/wp-json\/wp\/v2\/comments?post=14554"}],"version-history":[{"count":3,"href":"https:\/\/9staedte.de\/sv\/wp-json\/wp\/v2\/pages\/14554\/revisions"}],"predecessor-version":[{"id":21706,"href":"https:\/\/9staedte.de\/sv\/wp-json\/wp\/v2\/pages\/14554\/revisions\/21706"}],"wp:featuredmedia":[{"embeddable":true,"href":"https:\/\/9staedte.de\/sv\/wp-json\/wp\/v2\/media\/15074"}],"wp:attachment":[{"href":"https:\/\/9staedte.de\/sv\/wp-json\/wp\/v2\/media?parent=14554"}],"wp:term":[{"taxonomy":"category","embeddable":true,"href":"https:\/\/9staedte.de\/sv\/wp-json\/wp\/v2\/categories?post=14554"},{"taxonomy":"post_tag","embeddable":true,"href":"https:\/\/9staedte.de\/sv\/wp-json\/wp\/v2\/tags?post=14554"},{"taxonomy":"ncap_cities_tax","embeddable":true,"href":"https:\/\/9staedte.de\/sv\/wp-json\/wp\/v2\/ncap_cities_tax?post=14554"}],"curies":[{"name":"wp","href":"https:\/\/api.w.org\/{rel}","templated":true}]}}