{"id":14553,"date":"2023-10-25T16:22:05","date_gmt":"2023-10-25T14:22:05","guid":{"rendered":"https:\/\/9staedte.de\/autostadt-i-wolfsburg\/"},"modified":"2023-10-25T16:22:05","modified_gmt":"2023-10-25T14:22:05","slug":"autostadt-i-wolfsburg","status":"publish","type":"page","link":"https:\/\/9staedte.de\/sv\/autostadt-i-wolfsburg\/","title":{"rendered":"Autostadt i Wolfsburg"},"content":{"rendered":"\n<h2 class=\"wp-block-heading\">En resa in i mobilitetens v\u00e4rld<\/h2>\n\n\n\n<p>Tidsresor fr\u00e5n historien till framtidens mobilitet, en stor familjev\u00e4rld och extraordin\u00e4ra utst\u00e4llningar: P\u00e5 Autostadt i Wolfsburg avl\u00f6ser den ena upplevelsen den andra. F\u00f6rutom bilmuseet ZeitHaus erbjuder temaparken interaktiva utst\u00e4llningar, utbildningsm\u00f6jligheter f\u00f6r alla \u00e5ldersgrupper, ett m\u00e5ngsidigt evenemangs- och kulturprogram samt ett varierat kulinariskt koncept p\u00e5 mer \u00e4n 28 hektar park- och lagunlandskap. I mitten av parken presenterar sig Volkswagen-koncernens varum\u00e4rken i sina egna paviljonger.<\/p>\n\n\n\n<p><a href=\"http:\/\/www.autostadt.de\">www.autostadt.de<\/a><\/p>\n\n\n\n\n<div class=\"banner-wrapper\">\n  <div class=\"banner-inner \">\n      <div class=\"img-container\">\n      <div class=\"img-wrapper\">\n        <img decoding=\"async\" src=\"https:\/\/9staedte.de\/wp-content\/smush-webp\/2023\/07\/Autostadt-Uebersicht-c-Autostadt-GmbH-Klaus-Bossemeyer-1-scaled.jpg.webp\" alt=\"Bilden visar Autostadt i Wolfsburg p\u00e5 kv\u00e4llen. Framf\u00f6r finns en stor sj\u00f6. Moderna byggnader st\u00e5r vid vattnet. Allt \u00e4r vackert upplyst. Man ser stigar, tr\u00e4d och lampor. M\u00e5nen lyser p\u00e5 himlen. Det \u00e4r lugnt och vackert.\" \/>\n                  <div class=\"thumbnail-label\">\n            <span>Autostadt \u00dcbersicht c) Autostadt GmbH Klaus Bossemeyer<\/span>\n          <\/div>\n              <\/div>\n    <\/div>\n        <div class=\"text-container\">\n      <div class=\"content\">\n        <p><strong>9 besondere Tipps<\/strong><\/p>\n<ul>\n<li>Automobilmuseum ZeitHaus mit historischen Meilensteinen von mehr als 60 Herstellern<\/li>\n<li>Wahrzeichen der Autostadt und schnellstes automatisches Parksystem der Welt: die gl\u00e4sernen Autot\u00fcrme<\/li>\n<li>F\u00fchrungen in 13 verschiedenen Sprachen (nach Verf\u00fcgbarkeit)<\/li>\n<li>kostenlose Probefahrten mit Elektrofahrzeugen des Volkswagen Konzerns<\/li>\n<li>Fahrspa\u00df pur auf dem Gel\u00e4ndeParcours, bei Fahrtrainings oder am professionellen Renn-Simulator<\/li>\n<li>Familienangebote zum Staunen, Spielen, Entspannen und Entdecken<\/li>\n<li>Bildungsprogramm rund um die Themen Digitalisierung, Mobilit\u00e4t und Nachhaltigkeit<\/li>\n<li>kulinarische Vielfalt mit Leckereien aus hauseigenen Manufakturen in verschiedenen Restaurants und Caf\u00e9s<\/li>\n<li>einzigartige saisonale Inszenierungen<\/li>\n<\/ul>\n      <\/div>\n    <\/div>\n    <\/div>\n<\/div>\n\n\n\n\n<h3 class=\"wp-block-heading\">Sommar i Autostadt<\/h3>\n\n\n\n<p>I sommar kommer m\u00e5nga erbjudanden fr\u00e5n Autostadt i Wolfsburg \u00e5terigen att ge semesterk\u00e4nsla p\u00e5 Mittellandkanalen. F\u00f6rutom svalkande drycker p\u00e5 Cool Summer Island Beach Club och en m\u00e4ngd sommarl\u00e4ckerheter i restaurangerna och kaf\u00e9erna, kan du f\u00f6rv\u00e4nta dig massor av action f\u00f6r hela familjen, till exempel p\u00e5 ovanliga kl\u00e4ttringsanl\u00e4ggningar eller en gigantisk rutschkana. Naturligtvis \u00e4r mobilitet inte heller f\u00f6rsummat: segla p\u00e5 en elektrisk b\u00e5t, resa in i framtiden f\u00f6r mobilitet i interaktiva utst\u00e4llningar eller upplev k\u00f6rupplevelsen av elektrisk mobilitet p\u00e5 en provk\u00f6rning.  <\/p>\n\n\n\n<h3 class=\"wp-block-heading\">Vinter i Autostadt<\/h3>\n\n\n\n<p>N\u00e4r dagarna blir kortare b\u00f6rjar den b\u00e4sta tiden p\u00e5 \u00e5ret f\u00f6r m\u00e5nga &#8211; och i Autostadts vinterv\u00e4rld kan du verkligen njuta av denna tid: med festligt dekorerade parklandskap, en enorm isbana, en rej\u00e4l vintermarknad och mycket mer. Upplev action i sn\u00f6n och p\u00e5 isen eller tillbringa kontemplativa stunder med v\u00e4nner eller familj i det mjuka skenet av lampor och doften av kanel, kryddnejlika och apelsiner.<\/p>\n\n\n\n<div style=\"height:30px\" aria-hidden=\"true\" class=\"wp-block-spacer\"><\/div>\n\n\n\n<div class=\"content-grid\">\n\n\n  \n  <div class=\"grid\">\n                        \n                    \n          <div class=\"featured-themen-single\">\n            <div class=\"featured-themen-single-inner\" style=\"background-image: url('https:\/\/9staedte.de\/wp-content\/smush-webp\/2022\/03\/Autostadt-Uebersicht-c-Autostadt-GmbH-Klaus-Bosselmann-scaled.jpg.webp')\">\n              \n              <a href=\"https:\/\/9staedte.de\/sv\/boka-ditt-evenemang-paa-autostadt\/\">\n                <span>Boka ditt evenemang p\u00e5 Autostadt<\/span>\n              <\/a>\n            <\/div>\n          <\/div>\n    \n          \n                  \n                    \n          <div class=\"featured-themen-single\">\n            <div class=\"featured-themen-single-inner\" style=\"background-image: url('https:\/\/9staedte.de\/wp-content\/smush-webp\/2023\/01\/Autostadt-Uebersicht-c-Autostadt-GmbH-Nils-Hendrick-Mueller.jpg.webp')\">\n              \n              <a href=\"https:\/\/9staedte.de\/sv\/autostadt-i-wolfsburg\/intryck-fraan-autostadt\/\">\n                <span>Intryck fr\u00e5n Autostadt<\/span>\n              <\/a>\n            <\/div>\n          <\/div>\n    \n          \n                  \n                    \n          <div class=\"featured-themen-single\">\n            <div class=\"featured-themen-single-inner\" style=\"background-image: url('https:\/\/9staedte.de\/wp-content\/smush-webp\/2023\/01\/Zeit-Haus-c-Autostadt-GmbH-Nele-Martensen.jpg.webp')\">\n              \n              <a href=\"https:\/\/9staedte.de\/sv\/autostadt-i-wolfsburg\/museer-och-utstaellningar-i-autostadt\/\">\n                <span>Museer och utst\u00e4llningar i Autostadt<\/span>\n              <\/a>\n            <\/div>\n          <\/div>\n    \n          \n                          \n        <\/div>\n<\/div>\n\n\n<div class=\"wp-block-group\"><div class=\"wp-block-group__inner-container is-layout-constrained wp-block-group-is-layout-constrained\">\n<div style=\"height:32px\" aria-hidden=\"true\" class=\"wp-block-spacer\"><\/div>\n\n\n\n<h2 class=\"wp-block-heading\"><strong>Autostadt i Wolfsburg<\/strong><\/h2>\n\n\n\n <div class=\"brlbs-cmpnt-container brlbs-cmpnt-content-blocker brlbs-cmpnt-with-individual-styles\" data-borlabs-cookie-content-blocker-id=\"google-maps\" data-borlabs-cookie-content=\"PGlmcmFtZSBzcmM9Imh0dHBzOi8vd3d3Lmdvb2dsZS5jb20vbWFwcy9lbWJlZD9wYj0hMW0xOCExbTEyITFtMyExZDI0MzIuNTY1NjUwODU2MTM4NyEyZDEwLjc5MTYzMDM3NzMyNTQ1NCEzZDUyLjQzMjY2NzM3MjAzODUzITJtMyExZjAhMmYwITNmMCEzbTIhMWkxMDI0ITJpNzY4ITRmMTMuMSEzbTMhMW0yITFzMHg0N2FmOTNiN2I4OWJmYWNmJTNBMHg0ZGNkZjA3ZjRkMjM3ZmY4ITJzQXV0b3N0YWR0ITVlMCEzbTIhMXNkZSEyc2RlITR2MTY5MjE3NTAyMDMwNCE1bTIhMXNkZSEyc2RlIiB3aWR0aD0iNjAwIiBoZWlnaHQ9IjQ1MCIgc3R5bGU9ImJvcmRlcjowOyIgYWxsb3dmdWxsc2NyZWVuPSIiIGxvYWRpbmc9ImxhenkiIHJlZmVycmVycG9saWN5PSJuby1yZWZlcnJlci13aGVuLWRvd25ncmFkZSI+PC9pZnJhbWU+\"><div class=\"brlbs-cmpnt-cb-preset-b brlbs-cmpnt-cb-google-maps\"> <div class=\"brlbs-cmpnt-cb-thumbnail\" style=\"background-image: url('https:\/\/9staedte.de\/wp-content\/uploads\/borlabs-cookie\/1\/brlbs-cb-google-maps-main.png')\"><\/div> <div class=\"brlbs-cmpnt-cb-main\"> <div class=\"brlbs-cmpnt-cb-content\"> <p class=\"brlbs-cmpnt-cb-description\">You are currently viewing a placeholder content from <strong>Google Maps<\/strong>. To access the actual content, click the button below. Please note that doing so will share data with third-party providers.<\/p> <a class=\"brlbs-cmpnt-cb-provider-toggle\" href=\"#\" data-borlabs-cookie-show-provider-information role=\"button\">More Information<\/a> <\/div> <div class=\"brlbs-cmpnt-cb-buttons\"> <a class=\"brlbs-cmpnt-cb-btn\" href=\"#\" data-borlabs-cookie-unblock role=\"button\">Unblock content<\/a> <a class=\"brlbs-cmpnt-cb-btn\" href=\"#\" data-borlabs-cookie-accept-service role=\"button\" style=\"display: inherit\">Accept required service and unblock content<\/a> <\/div> <\/div> <\/div><\/div>\n\n\n\n<div style=\"height:34px\" aria-hidden=\"true\" class=\"wp-block-spacer\"><\/div>\n<\/div><\/div>\n","protected":false},"excerpt":{"rendered":"<p>En resa in i mobilitetens v\u00e4rld Tidsresor fr\u00e5n historien till framtidens mobilitet, en stor familjev\u00e4rld och extraordin\u00e4ra utst\u00e4llningar: P\u00e5 Autostadt i Wolfsburg avl\u00f6ser den ena upplevelsen den andra. F\u00f6rutom bilmuseet ZeitHaus erbjuder temaparken interaktiva utst\u00e4llningar, utbildningsm\u00f6jligheter f\u00f6r alla \u00e5ldersgrupper, ett m\u00e5ngsidigt evenemangs- och kulturprogram samt ett varierat kulinariskt koncept p\u00e5 mer \u00e4n 28 hektar park- [&hellip;]<\/p>\n","protected":false},"author":1,"featured_media":13747,"parent":0,"menu_order":0,"comment_status":"closed","ping_status":"closed","template":"pagetemplates\/template-stadtseite.php","meta":{"_acf_changed":false,"footnotes":""},"categories":[],"tags":[],"ncap_cities_tax":[484],"class_list":["post-14553","page","type-page","status-publish","has-post-thumbnail","hentry","ncap_cities_tax-autostadt-sv"],"acf":[],"yoast_head":"<!-- This site is optimized with the Yoast SEO plugin v27.4 - https:\/\/yoast.com\/product\/yoast-seo-wordpress\/ -->\n<title>Autostadt i Wolfsburg - 9 St\u00e4dte in Niedersachsen<\/title>\n<meta name=\"description\" content=\"Autostadt i Wolfsburg: tidsresor fr\u00e5n historien till framtidens mobilitet, en stor familjev\u00e4rld och extraordin\u00e4ra utst\u00e4llningar.\" \/>\n<meta name=\"robots\" content=\"index, follow, max-snippet:-1, max-image-preview:large, max-video-preview:-1\" \/>\n<link rel=\"canonical\" href=\"https:\/\/9staedte.de\/sv\/autostadt-i-wolfsburg\/\" \/>\n<meta property=\"og:locale\" content=\"sv_SE\" \/>\n<meta property=\"og:type\" content=\"article\" \/>\n<meta property=\"og:title\" content=\"Autostadt i Wolfsburg - 9 St\u00e4dte in Niedersachsen\" \/>\n<meta property=\"og:description\" content=\"Autostadt i Wolfsburg: tidsresor fr\u00e5n historien till framtidens mobilitet, en stor familjev\u00e4rld och extraordin\u00e4ra utst\u00e4llningar.\" \/>\n<meta property=\"og:url\" content=\"https:\/\/9staedte.de\/sv\/autostadt-i-wolfsburg\/\" \/>\n<meta property=\"og:site_name\" content=\"9 St\u00e4dte in Niedersachsen\" \/>\n<meta property=\"og:image\" content=\"https:\/\/9staedte.de\/wp-content\/uploads\/2023\/01\/Autostadt-Uebersicht-c-Autostadt-GmbH-Nils-Hendrick-Mueller.jpg\" \/>\n\t<meta property=\"og:image:width\" content=\"1020\" \/>\n\t<meta property=\"og:image:height\" content=\"560\" \/>\n\t<meta property=\"og:image:type\" content=\"image\/jpeg\" \/>\n<meta name=\"twitter:card\" content=\"summary_large_image\" \/>\n<meta name=\"twitter:label1\" content=\"Ber\u00e4knad l\u00e4stid\" \/>\n\t<meta name=\"twitter:data1\" content=\"1 minut\" \/>\n<script type=\"application\/ld+json\" class=\"yoast-schema-graph\">{\"@context\":\"https:\\\/\\\/schema.org\",\"@graph\":[{\"@type\":\"WebPage\",\"@id\":\"https:\\\/\\\/9staedte.de\\\/sv\\\/autostadt-i-wolfsburg\\\/\",\"url\":\"https:\\\/\\\/9staedte.de\\\/sv\\\/autostadt-i-wolfsburg\\\/\",\"name\":\"Autostadt i Wolfsburg - 9 St\u00e4dte in Niedersachsen\",\"isPartOf\":{\"@id\":\"https:\\\/\\\/9staedte.de\\\/sv\\\/#website\"},\"primaryImageOfPage\":{\"@id\":\"https:\\\/\\\/9staedte.de\\\/sv\\\/autostadt-i-wolfsburg\\\/#primaryimage\"},\"image\":{\"@id\":\"https:\\\/\\\/9staedte.de\\\/sv\\\/autostadt-i-wolfsburg\\\/#primaryimage\"},\"thumbnailUrl\":\"https:\\\/\\\/9staedte.de\\\/wp-content\\\/uploads\\\/2022\\\/03\\\/Autostadt-Uebersicht-c-Autostadt-GmbH-Klaus-Bosselmann-scaled.jpg\",\"datePublished\":\"2023-10-25T14:22:05+00:00\",\"description\":\"Autostadt i Wolfsburg: tidsresor fr\u00e5n historien till framtidens mobilitet, en stor familjev\u00e4rld och extraordin\u00e4ra utst\u00e4llningar.\",\"breadcrumb\":{\"@id\":\"https:\\\/\\\/9staedte.de\\\/sv\\\/autostadt-i-wolfsburg\\\/#breadcrumb\"},\"inLanguage\":\"sv-SE\",\"potentialAction\":[{\"@type\":\"ReadAction\",\"target\":[\"https:\\\/\\\/9staedte.de\\\/sv\\\/autostadt-i-wolfsburg\\\/\"]}]},{\"@type\":\"ImageObject\",\"inLanguage\":\"sv-SE\",\"@id\":\"https:\\\/\\\/9staedte.de\\\/sv\\\/autostadt-i-wolfsburg\\\/#primaryimage\",\"url\":\"https:\\\/\\\/9staedte.de\\\/wp-content\\\/uploads\\\/2022\\\/03\\\/Autostadt-Uebersicht-c-Autostadt-GmbH-Klaus-Bosselmann-scaled.jpg\",\"contentUrl\":\"https:\\\/\\\/9staedte.de\\\/wp-content\\\/uploads\\\/2022\\\/03\\\/Autostadt-Uebersicht-c-Autostadt-GmbH-Klaus-Bosselmann-scaled.jpg\",\"width\":2560,\"height\":1920,\"caption\":\"Autostadt \u00dcbersicht bei Nacht c) Autostadt GmbH _ Klauss Bossemeyer\"},{\"@type\":\"BreadcrumbList\",\"@id\":\"https:\\\/\\\/9staedte.de\\\/sv\\\/autostadt-i-wolfsburg\\\/#breadcrumb\",\"itemListElement\":[{\"@type\":\"ListItem\",\"position\":1,\"name\":\"Startseite\",\"item\":\"https:\\\/\\\/9staedte.de\\\/sv\\\/\"},{\"@type\":\"ListItem\",\"position\":2,\"name\":\"Autostadt i Wolfsburg\"}]},{\"@type\":\"WebSite\",\"@id\":\"https:\\\/\\\/9staedte.de\\\/sv\\\/#website\",\"url\":\"https:\\\/\\\/9staedte.de\\\/sv\\\/\",\"name\":\"9 St\u00e4dte in Niedersachsen\",\"description\":\"\",\"publisher\":{\"@id\":\"https:\\\/\\\/9staedte.de\\\/sv\\\/#organization\"},\"potentialAction\":[{\"@type\":\"SearchAction\",\"target\":{\"@type\":\"EntryPoint\",\"urlTemplate\":\"https:\\\/\\\/9staedte.de\\\/sv\\\/?s={search_term_string}\"},\"query-input\":{\"@type\":\"PropertyValueSpecification\",\"valueRequired\":true,\"valueName\":\"search_term_string\"}}],\"inLanguage\":\"sv-SE\"},{\"@type\":\"Organization\",\"@id\":\"https:\\\/\\\/9staedte.de\\\/sv\\\/#organization\",\"name\":\"9 St\u00e4dte in Niedersachsen\",\"url\":\"https:\\\/\\\/9staedte.de\\\/sv\\\/\",\"logo\":{\"@type\":\"ImageObject\",\"inLanguage\":\"sv-SE\",\"@id\":\"https:\\\/\\\/9staedte.de\\\/sv\\\/#\\\/schema\\\/logo\\\/image\\\/\",\"url\":\"https:\\\/\\\/9staedte.de\\\/wp-content\\\/uploads\\\/2025\\\/01\\\/9-neg-deutsch-2-1.png\",\"contentUrl\":\"https:\\\/\\\/9staedte.de\\\/wp-content\\\/uploads\\\/2025\\\/01\\\/9-neg-deutsch-2-1.png\",\"width\":190,\"height\":114,\"caption\":\"9 St\u00e4dte in Niedersachsen\"},\"image\":{\"@id\":\"https:\\\/\\\/9staedte.de\\\/sv\\\/#\\\/schema\\\/logo\\\/image\\\/\"}}]}<\/script>\n<!-- \/ Yoast SEO plugin. -->","yoast_head_json":{"title":"Autostadt i Wolfsburg - 9 St\u00e4dte in Niedersachsen","description":"Autostadt i Wolfsburg: tidsresor fr\u00e5n historien till framtidens mobilitet, en stor familjev\u00e4rld och extraordin\u00e4ra utst\u00e4llningar.","robots":{"index":"index","follow":"follow","max-snippet":"max-snippet:-1","max-image-preview":"max-image-preview:large","max-video-preview":"max-video-preview:-1"},"canonical":"https:\/\/9staedte.de\/sv\/autostadt-i-wolfsburg\/","og_locale":"sv_SE","og_type":"article","og_title":"Autostadt i Wolfsburg - 9 St\u00e4dte in Niedersachsen","og_description":"Autostadt i Wolfsburg: tidsresor fr\u00e5n historien till framtidens mobilitet, en stor familjev\u00e4rld och extraordin\u00e4ra utst\u00e4llningar.","og_url":"https:\/\/9staedte.de\/sv\/autostadt-i-wolfsburg\/","og_site_name":"9 St\u00e4dte in Niedersachsen","og_image":[{"width":1020,"height":560,"url":"https:\/\/9staedte.de\/wp-content\/uploads\/2023\/01\/Autostadt-Uebersicht-c-Autostadt-GmbH-Nils-Hendrick-Mueller.jpg","type":"image\/jpeg"}],"twitter_card":"summary_large_image","twitter_misc":{"Ber\u00e4knad l\u00e4stid":"1 minut"},"schema":{"@context":"https:\/\/schema.org","@graph":[{"@type":"WebPage","@id":"https:\/\/9staedte.de\/sv\/autostadt-i-wolfsburg\/","url":"https:\/\/9staedte.de\/sv\/autostadt-i-wolfsburg\/","name":"Autostadt i Wolfsburg - 9 St\u00e4dte in Niedersachsen","isPartOf":{"@id":"https:\/\/9staedte.de\/sv\/#website"},"primaryImageOfPage":{"@id":"https:\/\/9staedte.de\/sv\/autostadt-i-wolfsburg\/#primaryimage"},"image":{"@id":"https:\/\/9staedte.de\/sv\/autostadt-i-wolfsburg\/#primaryimage"},"thumbnailUrl":"https:\/\/9staedte.de\/wp-content\/uploads\/2022\/03\/Autostadt-Uebersicht-c-Autostadt-GmbH-Klaus-Bosselmann-scaled.jpg","datePublished":"2023-10-25T14:22:05+00:00","description":"Autostadt i Wolfsburg: tidsresor fr\u00e5n historien till framtidens mobilitet, en stor familjev\u00e4rld och extraordin\u00e4ra utst\u00e4llningar.","breadcrumb":{"@id":"https:\/\/9staedte.de\/sv\/autostadt-i-wolfsburg\/#breadcrumb"},"inLanguage":"sv-SE","potentialAction":[{"@type":"ReadAction","target":["https:\/\/9staedte.de\/sv\/autostadt-i-wolfsburg\/"]}]},{"@type":"ImageObject","inLanguage":"sv-SE","@id":"https:\/\/9staedte.de\/sv\/autostadt-i-wolfsburg\/#primaryimage","url":"https:\/\/9staedte.de\/wp-content\/uploads\/2022\/03\/Autostadt-Uebersicht-c-Autostadt-GmbH-Klaus-Bosselmann-scaled.jpg","contentUrl":"https:\/\/9staedte.de\/wp-content\/uploads\/2022\/03\/Autostadt-Uebersicht-c-Autostadt-GmbH-Klaus-Bosselmann-scaled.jpg","width":2560,"height":1920,"caption":"Autostadt \u00dcbersicht bei Nacht c) Autostadt GmbH _ Klauss Bossemeyer"},{"@type":"BreadcrumbList","@id":"https:\/\/9staedte.de\/sv\/autostadt-i-wolfsburg\/#breadcrumb","itemListElement":[{"@type":"ListItem","position":1,"name":"Startseite","item":"https:\/\/9staedte.de\/sv\/"},{"@type":"ListItem","position":2,"name":"Autostadt i Wolfsburg"}]},{"@type":"WebSite","@id":"https:\/\/9staedte.de\/sv\/#website","url":"https:\/\/9staedte.de\/sv\/","name":"9 St\u00e4dte in Niedersachsen","description":"","publisher":{"@id":"https:\/\/9staedte.de\/sv\/#organization"},"potentialAction":[{"@type":"SearchAction","target":{"@type":"EntryPoint","urlTemplate":"https:\/\/9staedte.de\/sv\/?s={search_term_string}"},"query-input":{"@type":"PropertyValueSpecification","valueRequired":true,"valueName":"search_term_string"}}],"inLanguage":"sv-SE"},{"@type":"Organization","@id":"https:\/\/9staedte.de\/sv\/#organization","name":"9 St\u00e4dte in Niedersachsen","url":"https:\/\/9staedte.de\/sv\/","logo":{"@type":"ImageObject","inLanguage":"sv-SE","@id":"https:\/\/9staedte.de\/sv\/#\/schema\/logo\/image\/","url":"https:\/\/9staedte.de\/wp-content\/uploads\/2025\/01\/9-neg-deutsch-2-1.png","contentUrl":"https:\/\/9staedte.de\/wp-content\/uploads\/2025\/01\/9-neg-deutsch-2-1.png","width":190,"height":114,"caption":"9 St\u00e4dte in Niedersachsen"},"image":{"@id":"https:\/\/9staedte.de\/sv\/#\/schema\/logo\/image\/"}}]}},"_links":{"self":[{"href":"https:\/\/9staedte.de\/sv\/wp-json\/wp\/v2\/pages\/14553","targetHints":{"allow":["GET"]}}],"collection":[{"href":"https:\/\/9staedte.de\/sv\/wp-json\/wp\/v2\/pages"}],"about":[{"href":"https:\/\/9staedte.de\/sv\/wp-json\/wp\/v2\/types\/page"}],"author":[{"embeddable":true,"href":"https:\/\/9staedte.de\/sv\/wp-json\/wp\/v2\/users\/1"}],"replies":[{"embeddable":true,"href":"https:\/\/9staedte.de\/sv\/wp-json\/wp\/v2\/comments?post=14553"}],"version-history":[{"count":1,"href":"https:\/\/9staedte.de\/sv\/wp-json\/wp\/v2\/pages\/14553\/revisions"}],"predecessor-version":[{"id":14558,"href":"https:\/\/9staedte.de\/sv\/wp-json\/wp\/v2\/pages\/14553\/revisions\/14558"}],"wp:featuredmedia":[{"embeddable":true,"href":"https:\/\/9staedte.de\/sv\/wp-json\/wp\/v2\/media\/13747"}],"wp:attachment":[{"href":"https:\/\/9staedte.de\/sv\/wp-json\/wp\/v2\/media?parent=14553"}],"wp:term":[{"taxonomy":"category","embeddable":true,"href":"https:\/\/9staedte.de\/sv\/wp-json\/wp\/v2\/categories?post=14553"},{"taxonomy":"post_tag","embeddable":true,"href":"https:\/\/9staedte.de\/sv\/wp-json\/wp\/v2\/tags?post=14553"},{"taxonomy":"ncap_cities_tax","embeddable":true,"href":"https:\/\/9staedte.de\/sv\/wp-json\/wp\/v2\/ncap_cities_tax?post=14553"}],"curies":[{"name":"wp","href":"https:\/\/api.w.org\/{rel}","templated":true}]}}