{"id":14542,"date":"2023-10-25T16:24:45","date_gmt":"2023-10-25T14:24:45","guid":{"rendered":"https:\/\/9staedte.de\/wolfenbuettel-lessings-stad\/"},"modified":"2024-03-25T16:26:40","modified_gmt":"2024-03-25T15:26:40","slug":"wolfenbuettel-lessings-stad","status":"publish","type":"page","link":"https:\/\/9staedte.de\/sv\/wolfenbuettel-lessings-stad\/","title":{"rendered":"Wolfenb\u00fcttel &#8211; Lessings stad"},"content":{"rendered":"\n<h2 class=\"wp-block-heading\">1.000 korsvirkeshus och J\u00e4germeister<\/h2>\n\n\n\n<p>Wolfenb\u00fcttel, k\u00e4nt som hemvist f\u00f6r J\u00c4GERMEISTER. Men visste du att det n\u00e4st st\u00f6rsta bevarade slottet i Niedersachsen ligger i Wolfenb\u00fcttel? Eller att Gotthold Ephraim Lessing skrev den sista<br>tillbringade flera \u00e5r av sitt liv i Wolfenb\u00fcttel? Nej? Wolfenb\u00fcttel var residens f\u00f6r de guelfiska hertigarna i \u00f6ver tre \u00e5rhundraden. I stort sett f\u00f6rskonad fr\u00e5n historiens krig, verkar<br>Gamla stan med slottet och det v\u00e4rldsber\u00f6mda Herzog August-biblioteket, Lessinghuset, den f\u00f6rsta protestantiskt byggda kyrkan i stort sett som den s\u00e5g ut under hovets dagar. Uppt\u00e4ck den<br>Lessingstadt Wolfenb\u00fcttel och sedan igen och igen.<\/p>\n\n\n\n<p><a href=\"http:\/\/www.lessingstadt-wolfenbuettel.de\/\">www.lessingstadt-wolfenb\u00fcttel.de<\/a><\/p>\n\n\n\n\n<div class=\"banner-wrapper\">\n  <div class=\"banner-inner \">\n      <div class=\"img-container\">\n      <div class=\"img-wrapper\">\n        <img decoding=\"async\" src=\"https:\/\/9staedte.de\/wp-content\/smush-webp\/2022\/03\/WolfenbuettelSchloss-Fotograf-Christian-Bierwagen-Rechte-Stadt-Wolfenbuettel.jpg.webp\" alt=\"\" \/>\n                  <div class=\"thumbnail-label\">\n            <span>Wolfenb\u00fcttelSchloss, Fotograf Christian Bierwagen, Rechte Stadt Wolfenb\u00fcttel<\/span>\n          <\/div>\n              <\/div>\n    <\/div>\n        <div class=\"text-container\">\n      <div class=\"content\">\n        <p><strong>S\u00e4rskilda tips<\/strong><\/p>\n<ul>\n<li>Stadsrundturer dagligen fr\u00e5n p\u00e5sk till 3 oktober<\/li>\n<li>J\u00e4germeister Fan Shop i turistinformationen<\/li>\n<li>Wolfenb\u00fcttels slottmuseum med de welfiska hertigarnas representationsrum<\/li>\n<li>Gamla stan med ca 1 000 korsvirkeshus<\/li>\n<li>SUP- och kanotturer p\u00e5 floden Oker<\/li>\n<li>Discgolf i Seeliger Park och Linden Estate Park<\/li>\n<li>Sagolik julmarknad i den gamla stadsk\u00e4rnan<\/li>\n<li>Wolfenb\u00fcttel APP f\u00f6r fritid och turism<\/li>\n<li>Pusselrunda genom gamla stan<\/li>\n<\/ul>\n      <\/div>\n    <\/div>\n    <\/div>\n<\/div>\n\n\n\n\n<div style=\"height:30px\" aria-hidden=\"true\" class=\"wp-block-spacer\"><\/div>\n\n\n\n<div class=\"wp-block-columns is-layout-flex wp-container-core-columns-is-layout-9d6595d7 wp-block-columns-is-layout-flex\">\n<div class=\"wp-block-column is-layout-flow wp-block-column-is-layout-flow\">\n <div class=\"brlbs-cmpnt-container brlbs-cmpnt-content-blocker brlbs-cmpnt-with-individual-styles\" data-borlabs-cookie-content-blocker-id=\"google-maps\" data-borlabs-cookie-content=\"PGlmcmFtZSBzcmM9Imh0dHBzOi8vd3d3Lmdvb2dsZS5jb20vbWFwcy9kL2VtYmVkP21pZD0xdVpDMjJYaFVJUjB5dTNCYS1mQUgtbFczUWlGMERxZyZhbXA7ZWhiYz0yRTMxMkYiIHdpZHRoPSIxMDAlIiBoZWlnaHQ9IjQ1MCI+PC9pZnJhbWU+\"><div class=\"brlbs-cmpnt-cb-preset-b brlbs-cmpnt-cb-google-maps\"> <div class=\"brlbs-cmpnt-cb-thumbnail\" style=\"background-image: url('https:\/\/9staedte.de\/wp-content\/uploads\/borlabs-cookie\/1\/brlbs-cb-google-maps-main.png')\"><\/div> <div class=\"brlbs-cmpnt-cb-main\"> <div class=\"brlbs-cmpnt-cb-content\"> <p class=\"brlbs-cmpnt-cb-description\">You are currently viewing a placeholder content from <strong>Google Maps<\/strong>. To access the actual content, click the button below. Please note that doing so will share data with third-party providers.<\/p> <a class=\"brlbs-cmpnt-cb-provider-toggle\" href=\"#\" data-borlabs-cookie-show-provider-information role=\"button\">More Information<\/a> <\/div> <div class=\"brlbs-cmpnt-cb-buttons\"> <a class=\"brlbs-cmpnt-cb-btn\" href=\"#\" data-borlabs-cookie-unblock role=\"button\">Unblock content<\/a> <a class=\"brlbs-cmpnt-cb-btn\" href=\"#\" data-borlabs-cookie-accept-service role=\"button\" style=\"display: inherit\">Accept required service and unblock content<\/a> <\/div> <\/div> <\/div><\/div>\n<\/div>\n\n\n\n<div class=\"wp-block-column is-layout-flow wp-block-column-is-layout-flow\" style=\"flex-basis:33.33%\">\n<p><strong>Intressanta platser:<\/strong><\/p>\n\n\n\n<ul class=\"map-legend main-legend wp-block-list\">\n<li>Hertigpalatset<\/li>\n\n\n\n<li>Lessinghaus <\/li>\n\n\n\n<li>Duke August bibliotek och vapenf\u00f6rr\u00e5d  <\/li>\n\n\n\n<li>Medborgarmuseet  <\/li>\n\n\n\n<li>Lilla Venedig  <\/li>\n\n\n\n<li>Stadshuset och stadsmarknaden<\/li>\n\n\n\n<li>Huvudkyrka Beatae Mariae Virginis  <\/li>\n\n\n\n<li>St Trinity-kyrkan  <\/li>\n\n\n\n<li>Krokig v\u00e4g<\/li>\n<\/ul>\n<\/div>\n<\/div>\n\n\n\n<div style=\"height:60px\" aria-hidden=\"true\" class=\"wp-block-spacer\"><\/div>\n\n\n\n<div class=\"content-grid\">\n\n\n  \n  <div class=\"grid\">\n                        \n                    \n          <div class=\"featured-themen-single\">\n            <div class=\"featured-themen-single-inner\" style=\"background-image: url('https:\/\/9staedte.de\/wp-content\/smush-webp\/2023\/07\/Wolfenbuettel-Kulturnacht-Foto-Uwe-Doehner-Missling-Rechte-Stadt-WF.jpg.webp')\">\n              \n              <a href=\"https:\/\/9staedte.de\/sv\/wolfenbuettel-lessings-stad\/evenemang-i-wolfenbuettel\/\">\n                <span>Evenemang i Wolfenb\u00fcttel<\/span>\n              <\/a>\n            <\/div>\n          <\/div>\n    \n          \n                  \n                    \n          <div class=\"featured-themen-single\">\n            <div class=\"featured-themen-single-inner\" style=\"background-image: url('https:\/\/9staedte.de\/wp-content\/smush-webp\/2023\/02\/161008-wf-marketing-087.jpg.webp')\">\n              \n              <a href=\"https:\/\/9staedte.de\/sv\/wolfenbuettel-lessings-stad\/stadsrundturer-i-wolfenbuettel\/\">\n                <span>Stadsrundturer i Wolfenb\u00fcttel<\/span>\n              <\/a>\n            <\/div>\n          <\/div>\n    \n          \n                  \n                    \n          <div class=\"featured-themen-single\">\n            <div class=\"featured-themen-single-inner\" style=\"background-image: url('https:\/\/9staedte.de\/wp-content\/smush-webp\/2023\/02\/Lessinghaus-und-Schloss-Fotograf-Christian-Bierwagen-Rechte-Stadt-Wolfenbuettel.jpg.webp')\">\n              \n              <a href=\"https:\/\/9staedte.de\/sv\/wolfenbuettel-lessings-stad\/slott-och-traedgaardar-i-wolfenbuettel\/\">\n                <span>Slott och tr\u00e4dg\u00e5rdar i Wolfenb\u00fcttel<\/span>\n              <\/a>\n            <\/div>\n          <\/div>\n    \n          \n                  \n                    \n          <div class=\"featured-themen-single\">\n            <div class=\"featured-themen-single-inner\" style=\"background-image: url('https:\/\/9staedte.de\/wp-content\/smush-webp\/2023\/02\/Herzog-August-Bibliothek-c-Stadt-Wolfenbuettel-Christian-Bierwagen.jpg.webp')\">\n              \n              <a href=\"https:\/\/9staedte.de\/sv\/wolfenbuettel-lessings-stad\/museer-och-utstaellningar-i-wolfenbuettel\/\">\n                <span>Museer och utst\u00e4llningar i Wolfenb\u00fcttel<\/span>\n              <\/a>\n            <\/div>\n          <\/div>\n    \n          \n                  \n                    \n          <div class=\"featured-themen-single\">\n            <div class=\"featured-themen-single-inner\" style=\"background-image: url('https:\/\/9staedte.de\/wp-content\/smush-webp\/2022\/03\/Schloss-Wolfenbuettel-Fotograf-Christian-Bierwagen-Rechte-Stadt-Wolfenbuettel.jpg.webp')\">\n              \n              <a href=\"https:\/\/9staedte.de\/sv\/wolfenbuettel-lessings-stad\/intryck-fraan-wolfenbuettel\/\">\n                <span>Intryck fr\u00e5n Wolfenb\u00fcttel<\/span>\n              <\/a>\n            <\/div>\n          <\/div>\n    \n          \n                          \n        <\/div>\n<\/div>","protected":false},"excerpt":{"rendered":"<p>1.000 korsvirkeshus och J\u00e4germeister Wolfenb\u00fcttel, k\u00e4nt som hemvist f\u00f6r J\u00c4GERMEISTER. Men visste du att det n\u00e4st st\u00f6rsta bevarade slottet i Niedersachsen ligger i Wolfenb\u00fcttel? Eller att Gotthold Ephraim Lessing skrev den sistatillbringade flera \u00e5r av sitt liv i Wolfenb\u00fcttel? Nej? Wolfenb\u00fcttel var residens f\u00f6r de guelfiska hertigarna i \u00f6ver tre \u00e5rhundraden. I stort sett f\u00f6rskonad [&hellip;]<\/p>\n","protected":false},"author":1,"featured_media":15101,"parent":0,"menu_order":0,"comment_status":"closed","ping_status":"closed","template":"pagetemplates\/template-stadtseite.php","meta":{"_acf_changed":false,"footnotes":""},"categories":[],"tags":[],"ncap_cities_tax":[470],"class_list":["post-14542","page","type-page","status-publish","has-post-thumbnail","hentry","ncap_cities_tax-wolfenbuettel-sv"],"acf":[],"yoast_head":"<!-- This site is optimized with the Yoast SEO plugin v26.8 - https:\/\/yoast.com\/product\/yoast-seo-wordpress\/ -->\n<title>Wolfenb\u00fcttel - Lessings stad - 9 St\u00e4dte in Niedersachsen<\/title>\n<meta name=\"description\" content=\"Wolfenb\u00fcttel, Lessings stad. I den gamla stadsdelen finns \u00f6ver 1.000 korsvirkeshus. Wolfenb\u00fcttel \u00e4r v\u00e4rldsber\u00f6mt som hemvist f\u00f6r &quot;J\u00e4germeister&quot;.\" \/>\n<meta name=\"robots\" content=\"index, follow, max-snippet:-1, max-image-preview:large, max-video-preview:-1\" \/>\n<link rel=\"canonical\" href=\"https:\/\/9staedte.de\/sv\/wolfenbuettel-lessings-stad\/\" \/>\n<meta property=\"og:locale\" content=\"sv_SE\" \/>\n<meta property=\"og:type\" content=\"article\" \/>\n<meta property=\"og:title\" content=\"Wolfenb\u00fcttel - Lessings stad - 9 St\u00e4dte in Niedersachsen\" \/>\n<meta property=\"og:description\" content=\"Wolfenb\u00fcttel, Lessings stad. I den gamla stadsdelen finns \u00f6ver 1.000 korsvirkeshus. Wolfenb\u00fcttel \u00e4r v\u00e4rldsber\u00f6mt som hemvist f\u00f6r &quot;J\u00e4germeister&quot;.\" \/>\n<meta property=\"og:url\" content=\"https:\/\/9staedte.de\/sv\/wolfenbuettel-lessings-stad\/\" \/>\n<meta property=\"og:site_name\" content=\"9 St\u00e4dte in Niedersachsen\" \/>\n<meta property=\"article:modified_time\" content=\"2024-03-25T15:26:40+00:00\" \/>\n<meta property=\"og:image\" content=\"https:\/\/9staedte.de\/wp-content\/uploads\/2024\/03\/Wolfenbuettel-Krambuden-Wasser-cStadt-Woflenbuette-Christian-Bierwagen.jpg\" \/>\n\t<meta property=\"og:image:width\" content=\"1019\" \/>\n\t<meta property=\"og:image:height\" content=\"561\" \/>\n\t<meta property=\"og:image:type\" content=\"image\/jpeg\" \/>\n<meta name=\"twitter:card\" content=\"summary_large_image\" \/>\n<meta name=\"twitter:label1\" content=\"Ber\u00e4knad l\u00e4stid\" \/>\n\t<meta name=\"twitter:data1\" content=\"1 minut\" \/>\n<script type=\"application\/ld+json\" class=\"yoast-schema-graph\">{\"@context\":\"https:\/\/schema.org\",\"@graph\":[{\"@type\":\"WebPage\",\"@id\":\"https:\/\/9staedte.de\/sv\/wolfenbuettel-lessings-stad\/\",\"url\":\"https:\/\/9staedte.de\/sv\/wolfenbuettel-lessings-stad\/\",\"name\":\"Wolfenb\u00fcttel - Lessings stad - 9 St\u00e4dte in Niedersachsen\",\"isPartOf\":{\"@id\":\"https:\/\/9staedte.de\/sv\/#website\"},\"primaryImageOfPage\":{\"@id\":\"https:\/\/9staedte.de\/sv\/wolfenbuettel-lessings-stad\/#primaryimage\"},\"image\":{\"@id\":\"https:\/\/9staedte.de\/sv\/wolfenbuettel-lessings-stad\/#primaryimage\"},\"thumbnailUrl\":\"https:\/\/9staedte.de\/wp-content\/uploads\/2023\/07\/Wolfenbuettel-Residenzschloss-c-Stadt-Wolfenbuettel-Christian-Bierwagen-scaled.jpg\",\"datePublished\":\"2023-10-25T14:24:45+00:00\",\"dateModified\":\"2024-03-25T15:26:40+00:00\",\"description\":\"Wolfenb\u00fcttel, Lessings stad. I den gamla stadsdelen finns \u00f6ver 1.000 korsvirkeshus. Wolfenb\u00fcttel \u00e4r v\u00e4rldsber\u00f6mt som hemvist f\u00f6r \\\"J\u00e4germeister\\\".\",\"breadcrumb\":{\"@id\":\"https:\/\/9staedte.de\/sv\/wolfenbuettel-lessings-stad\/#breadcrumb\"},\"inLanguage\":\"sv-SE\",\"potentialAction\":[{\"@type\":\"ReadAction\",\"target\":[\"https:\/\/9staedte.de\/sv\/wolfenbuettel-lessings-stad\/\"]}]},{\"@type\":\"ImageObject\",\"inLanguage\":\"sv-SE\",\"@id\":\"https:\/\/9staedte.de\/sv\/wolfenbuettel-lessings-stad\/#primaryimage\",\"url\":\"https:\/\/9staedte.de\/wp-content\/uploads\/2023\/07\/Wolfenbuettel-Residenzschloss-c-Stadt-Wolfenbuettel-Christian-Bierwagen-scaled.jpg\",\"contentUrl\":\"https:\/\/9staedte.de\/wp-content\/uploads\/2023\/07\/Wolfenbuettel-Residenzschloss-c-Stadt-Wolfenbuettel-Christian-Bierwagen-scaled.jpg\",\"width\":2560,\"height\":1707,\"caption\":\"Wolfenb\u00fcttel Residenzschloss c) Stadt Wolfenb\u00fcttel Christian Bierwagen\"},{\"@type\":\"BreadcrumbList\",\"@id\":\"https:\/\/9staedte.de\/sv\/wolfenbuettel-lessings-stad\/#breadcrumb\",\"itemListElement\":[{\"@type\":\"ListItem\",\"position\":1,\"name\":\"Startseite\",\"item\":\"https:\/\/9staedte.de\/sv\/\"},{\"@type\":\"ListItem\",\"position\":2,\"name\":\"Wolfenb\u00fcttel &#8211; Lessings stad\"}]},{\"@type\":\"WebSite\",\"@id\":\"https:\/\/9staedte.de\/sv\/#website\",\"url\":\"https:\/\/9staedte.de\/sv\/\",\"name\":\"9 St\u00e4dte in Niedersachsen\",\"description\":\"\",\"publisher\":{\"@id\":\"https:\/\/9staedte.de\/sv\/#organization\"},\"potentialAction\":[{\"@type\":\"SearchAction\",\"target\":{\"@type\":\"EntryPoint\",\"urlTemplate\":\"https:\/\/9staedte.de\/sv\/?s={search_term_string}\"},\"query-input\":{\"@type\":\"PropertyValueSpecification\",\"valueRequired\":true,\"valueName\":\"search_term_string\"}}],\"inLanguage\":\"sv-SE\"},{\"@type\":\"Organization\",\"@id\":\"https:\/\/9staedte.de\/sv\/#organization\",\"name\":\"9 St\u00e4dte in Niedersachsen\",\"url\":\"https:\/\/9staedte.de\/sv\/\",\"logo\":{\"@type\":\"ImageObject\",\"inLanguage\":\"sv-SE\",\"@id\":\"https:\/\/9staedte.de\/sv\/#\/schema\/logo\/image\/\",\"url\":\"https:\/\/9staedte.de\/wp-content\/uploads\/2025\/01\/9-neg-deutsch-2-1.png\",\"contentUrl\":\"https:\/\/9staedte.de\/wp-content\/uploads\/2025\/01\/9-neg-deutsch-2-1.png\",\"width\":190,\"height\":114,\"caption\":\"9 St\u00e4dte in Niedersachsen\"},\"image\":{\"@id\":\"https:\/\/9staedte.de\/sv\/#\/schema\/logo\/image\/\"}}]}<\/script>\n<!-- \/ Yoast SEO plugin. -->","yoast_head_json":{"title":"Wolfenb\u00fcttel - Lessings stad - 9 St\u00e4dte in Niedersachsen","description":"Wolfenb\u00fcttel, Lessings stad. I den gamla stadsdelen finns \u00f6ver 1.000 korsvirkeshus. Wolfenb\u00fcttel \u00e4r v\u00e4rldsber\u00f6mt som hemvist f\u00f6r \"J\u00e4germeister\".","robots":{"index":"index","follow":"follow","max-snippet":"max-snippet:-1","max-image-preview":"max-image-preview:large","max-video-preview":"max-video-preview:-1"},"canonical":"https:\/\/9staedte.de\/sv\/wolfenbuettel-lessings-stad\/","og_locale":"sv_SE","og_type":"article","og_title":"Wolfenb\u00fcttel - Lessings stad - 9 St\u00e4dte in Niedersachsen","og_description":"Wolfenb\u00fcttel, Lessings stad. I den gamla stadsdelen finns \u00f6ver 1.000 korsvirkeshus. Wolfenb\u00fcttel \u00e4r v\u00e4rldsber\u00f6mt som hemvist f\u00f6r \"J\u00e4germeister\".","og_url":"https:\/\/9staedte.de\/sv\/wolfenbuettel-lessings-stad\/","og_site_name":"9 St\u00e4dte in Niedersachsen","article_modified_time":"2024-03-25T15:26:40+00:00","og_image":[{"width":1019,"height":561,"url":"https:\/\/9staedte.de\/wp-content\/uploads\/2024\/03\/Wolfenbuettel-Krambuden-Wasser-cStadt-Woflenbuette-Christian-Bierwagen.jpg","type":"image\/jpeg"}],"twitter_card":"summary_large_image","twitter_misc":{"Ber\u00e4knad l\u00e4stid":"1 minut"},"schema":{"@context":"https:\/\/schema.org","@graph":[{"@type":"WebPage","@id":"https:\/\/9staedte.de\/sv\/wolfenbuettel-lessings-stad\/","url":"https:\/\/9staedte.de\/sv\/wolfenbuettel-lessings-stad\/","name":"Wolfenb\u00fcttel - Lessings stad - 9 St\u00e4dte in Niedersachsen","isPartOf":{"@id":"https:\/\/9staedte.de\/sv\/#website"},"primaryImageOfPage":{"@id":"https:\/\/9staedte.de\/sv\/wolfenbuettel-lessings-stad\/#primaryimage"},"image":{"@id":"https:\/\/9staedte.de\/sv\/wolfenbuettel-lessings-stad\/#primaryimage"},"thumbnailUrl":"https:\/\/9staedte.de\/wp-content\/uploads\/2023\/07\/Wolfenbuettel-Residenzschloss-c-Stadt-Wolfenbuettel-Christian-Bierwagen-scaled.jpg","datePublished":"2023-10-25T14:24:45+00:00","dateModified":"2024-03-25T15:26:40+00:00","description":"Wolfenb\u00fcttel, Lessings stad. I den gamla stadsdelen finns \u00f6ver 1.000 korsvirkeshus. Wolfenb\u00fcttel \u00e4r v\u00e4rldsber\u00f6mt som hemvist f\u00f6r \"J\u00e4germeister\".","breadcrumb":{"@id":"https:\/\/9staedte.de\/sv\/wolfenbuettel-lessings-stad\/#breadcrumb"},"inLanguage":"sv-SE","potentialAction":[{"@type":"ReadAction","target":["https:\/\/9staedte.de\/sv\/wolfenbuettel-lessings-stad\/"]}]},{"@type":"ImageObject","inLanguage":"sv-SE","@id":"https:\/\/9staedte.de\/sv\/wolfenbuettel-lessings-stad\/#primaryimage","url":"https:\/\/9staedte.de\/wp-content\/uploads\/2023\/07\/Wolfenbuettel-Residenzschloss-c-Stadt-Wolfenbuettel-Christian-Bierwagen-scaled.jpg","contentUrl":"https:\/\/9staedte.de\/wp-content\/uploads\/2023\/07\/Wolfenbuettel-Residenzschloss-c-Stadt-Wolfenbuettel-Christian-Bierwagen-scaled.jpg","width":2560,"height":1707,"caption":"Wolfenb\u00fcttel Residenzschloss c) Stadt Wolfenb\u00fcttel Christian Bierwagen"},{"@type":"BreadcrumbList","@id":"https:\/\/9staedte.de\/sv\/wolfenbuettel-lessings-stad\/#breadcrumb","itemListElement":[{"@type":"ListItem","position":1,"name":"Startseite","item":"https:\/\/9staedte.de\/sv\/"},{"@type":"ListItem","position":2,"name":"Wolfenb\u00fcttel &#8211; Lessings stad"}]},{"@type":"WebSite","@id":"https:\/\/9staedte.de\/sv\/#website","url":"https:\/\/9staedte.de\/sv\/","name":"9 St\u00e4dte in Niedersachsen","description":"","publisher":{"@id":"https:\/\/9staedte.de\/sv\/#organization"},"potentialAction":[{"@type":"SearchAction","target":{"@type":"EntryPoint","urlTemplate":"https:\/\/9staedte.de\/sv\/?s={search_term_string}"},"query-input":{"@type":"PropertyValueSpecification","valueRequired":true,"valueName":"search_term_string"}}],"inLanguage":"sv-SE"},{"@type":"Organization","@id":"https:\/\/9staedte.de\/sv\/#organization","name":"9 St\u00e4dte in Niedersachsen","url":"https:\/\/9staedte.de\/sv\/","logo":{"@type":"ImageObject","inLanguage":"sv-SE","@id":"https:\/\/9staedte.de\/sv\/#\/schema\/logo\/image\/","url":"https:\/\/9staedte.de\/wp-content\/uploads\/2025\/01\/9-neg-deutsch-2-1.png","contentUrl":"https:\/\/9staedte.de\/wp-content\/uploads\/2025\/01\/9-neg-deutsch-2-1.png","width":190,"height":114,"caption":"9 St\u00e4dte in Niedersachsen"},"image":{"@id":"https:\/\/9staedte.de\/sv\/#\/schema\/logo\/image\/"}}]}},"_links":{"self":[{"href":"https:\/\/9staedte.de\/sv\/wp-json\/wp\/v2\/pages\/14542","targetHints":{"allow":["GET"]}}],"collection":[{"href":"https:\/\/9staedte.de\/sv\/wp-json\/wp\/v2\/pages"}],"about":[{"href":"https:\/\/9staedte.de\/sv\/wp-json\/wp\/v2\/types\/page"}],"author":[{"embeddable":true,"href":"https:\/\/9staedte.de\/sv\/wp-json\/wp\/v2\/users\/1"}],"replies":[{"embeddable":true,"href":"https:\/\/9staedte.de\/sv\/wp-json\/wp\/v2\/comments?post=14542"}],"version-history":[{"count":3,"href":"https:\/\/9staedte.de\/sv\/wp-json\/wp\/v2\/pages\/14542\/revisions"}],"predecessor-version":[{"id":21682,"href":"https:\/\/9staedte.de\/sv\/wp-json\/wp\/v2\/pages\/14542\/revisions\/21682"}],"wp:featuredmedia":[{"embeddable":true,"href":"https:\/\/9staedte.de\/sv\/wp-json\/wp\/v2\/media\/15101"}],"wp:attachment":[{"href":"https:\/\/9staedte.de\/sv\/wp-json\/wp\/v2\/media?parent=14542"}],"wp:term":[{"taxonomy":"category","embeddable":true,"href":"https:\/\/9staedte.de\/sv\/wp-json\/wp\/v2\/categories?post=14542"},{"taxonomy":"post_tag","embeddable":true,"href":"https:\/\/9staedte.de\/sv\/wp-json\/wp\/v2\/tags?post=14542"},{"taxonomy":"ncap_cities_tax","embeddable":true,"href":"https:\/\/9staedte.de\/sv\/wp-json\/wp\/v2\/ncap_cities_tax?post=14542"}],"curies":[{"name":"wp","href":"https:\/\/api.w.org\/{rel}","templated":true}]}}