{"id":14541,"date":"2023-10-25T16:24:00","date_gmt":"2023-10-25T14:24:00","guid":{"rendered":"https:\/\/9staedte.de\/hildesheim-stad-paa-unescos-vaerldsarvslista\/"},"modified":"2025-05-09T10:05:38","modified_gmt":"2025-05-09T08:05:38","slug":"hildesheim-stad-paa-unescos-vaerldsarvslista","status":"publish","type":"page","link":"https:\/\/9staedte.de\/sv\/hildesheim-stad-paa-unescos-vaerldsarvslista\/","title":{"rendered":"Hildesheim &#8211; stad p\u00e5 UNESCO:s v\u00e4rldsarvslista"},"content":{"rendered":"\n<h2 class=\"wp-block-heading\">Korsvirkesstad full av kultur och historia<\/h2>\n\n\n\n<p>UNESCO:s v\u00e4rldsarvslista och historiska korsvirkeshus &#8211; sev\u00e4rdheterna i Hildesheim visar stadens m\u00e5ngfald och inbjuder dig att uppt\u00e4cka den. N\u00e5gra gator fr\u00e5n det historiska marknadstorget \u00e4r det v\u00e4rt att ta en titt p\u00e5 staden fr\u00e5n Niedersachsens h\u00f6gsta kyrktorn. Inte l\u00e5ngt fr\u00e5n katedralen i Hildesheim ligger det magnifika korsvirkeskvarteret som inbjuder till en promenad genom de gamla gr\u00e4nderna. Ett brett utbud av evenemang v\u00e4ntar p\u00e5 dig under hela \u00e5ret, friluftsevenemang under sommarm\u00e5naderna och p\u00e5 vintern v\u00e4ntar Hildesheims julmarknad p\u00e5 dig i en festligt dekorerad milj\u00f6!<\/p>\n\n\n\n\n<div class=\"banner-wrapper\">\n  <div class=\"banner-inner \">\n      <div class=\"img-container\">\n      <div class=\"img-wrapper\">\n        <img decoding=\"async\" src=\"https:\/\/9staedte.de\/wp-content\/smush-webp\/2023\/02\/St-Michaelis-Dagmar-Schwelle.jpg.webp\" alt=\"En person cyklar framf\u00f6r Sankt Mikaels kyrka i Hildesheim. Solen lyser genom tr\u00e4den och skapar ett varmt ljus\" \/>\n                  <div class=\"thumbnail-label\">\n            <span>St Michaelis Dagmar Schwelle<\/span>\n          <\/div>\n              <\/div>\n    <\/div>\n        <div class=\"text-container\">\n      <div class=\"content\">\n        <p><strong>S\u00e4rskilda tips:<\/strong><\/p>\n<ul>\n<li>Fr\u00e5n april till oktober: daglig offentlig stadsvandring \u201dL\u00e4r k\u00e4nna Hildesheim\u201d<\/li>\n<li>L\u00e4r k\u00e4nna Hildesheims matkultur med v\u00e5rt format &#8221;Kulinarisk resa genom tiden: S\u00e5 \u00e4ter man i Hildesheim&#8221;<\/li>\n<li>Individuell stadsuppt\u00e4ckt p\u00e5 rundresan &#8221;Hildesheim Rose Route&#8221;<\/li>\n<li>Hildesheim i dina \u00f6ron: Uppt\u00e4ck v\u00e5ra nya radioprogram med din smartphone i Lauschtour-appen<\/li>\n<\/ul>\n      <\/div>\n    <\/div>\n    <\/div>\n<\/div>\n\n\n\n\n<div style=\"height:30px\" aria-hidden=\"true\" class=\"wp-block-spacer\"><\/div>\n\n\n\n<div class=\"wp-block-columns is-layout-flex wp-container-core-columns-is-layout-9d6595d7 wp-block-columns-is-layout-flex\">\n<div class=\"wp-block-column is-layout-flow wp-block-column-is-layout-flow\" style=\"flex-basis:66.66%\">\n <div class=\"brlbs-cmpnt-container brlbs-cmpnt-content-blocker brlbs-cmpnt-with-individual-styles\" data-borlabs-cookie-content-blocker-id=\"google-maps\" data-borlabs-cookie-content=\"PGlmcmFtZSBzcmM9Imh0dHBzOi8vd3d3Lmdvb2dsZS5jb20vbWFwcy9kL2VtYmVkP21pZD0xMzNFaDlZbWVWVHEtNGpBM3NkMzA0R29kaFJwa0d1OCZhbXA7ZWhiYz0yRTMxMkYiIHdpZHRoPSIxMDAlIiBoZWlnaHQ9IjEwMCUiPjwvaWZyYW1lPg==\"><div class=\"brlbs-cmpnt-cb-preset-b brlbs-cmpnt-cb-google-maps\"> <div class=\"brlbs-cmpnt-cb-thumbnail\" style=\"background-image: url('https:\/\/9staedte.de\/wp-content\/uploads\/borlabs-cookie\/1\/brlbs-cb-google-maps-main.png')\"><\/div> <div class=\"brlbs-cmpnt-cb-main\"> <div class=\"brlbs-cmpnt-cb-content\"> <p class=\"brlbs-cmpnt-cb-description\">You are currently viewing a placeholder content from <strong>Google Maps<\/strong>. To access the actual content, click the button below. Please note that doing so will share data with third-party providers.<\/p> <a class=\"brlbs-cmpnt-cb-provider-toggle\" href=\"#\" data-borlabs-cookie-show-provider-information role=\"button\">More Information<\/a> <\/div> <div class=\"brlbs-cmpnt-cb-buttons\"> <a class=\"brlbs-cmpnt-cb-btn\" href=\"#\" data-borlabs-cookie-unblock role=\"button\">Unblock content<\/a> <a class=\"brlbs-cmpnt-cb-btn\" href=\"#\" data-borlabs-cookie-accept-service role=\"button\" style=\"display: inherit\">Accept required service and unblock content<\/a> <\/div> <\/div> <\/div><\/div>\n<\/div>\n\n\n\n<div class=\"wp-block-column is-layout-flow wp-block-column-is-layout-flow\" style=\"flex-basis:33.33%\">\n<p><strong>Intressanta platser:<\/strong><\/p>\n\n\n\n<ul class=\"wp-block-list map-legend main-legend\">\n<li>Historiska marknadstorget och Bonecutter&#8217;s House<\/li>\n\n\n\n<li>M\u00e4rkligt korsvirkeshus &#8221;sockerbiten v\u00e4nd ut och in<\/li>\n\n\n\n<li>H\u00f6gsta kyrktorn i Niedersachsen: St Andreas (uppstigning m\u00f6jlig)<\/li>\n\n\n\n<li>Historisk gammal stad med viktiga korsvirkesbyggnader  <\/li>\n\n\n\n<li>St. Godehard  <\/li>\n\n\n\n<li>UNESCO:s v\u00e4rldsarv: Katedralen och katedralmuseet  <\/li>\n\n\n\n<li>Samlingen av det antika Egypten p\u00e5 Roemer- und Pelizaeus-Museum<\/li>\n\n\n\n<li>Magdalenengarten, klostertr\u00e4dg\u00e5rd i barockstil<\/li>\n\n\n\n<li>UNESCO:s v\u00e4rldsarvslista: St. Michaelis<\/li>\n<\/ul>\n<\/div>\n<\/div>\n\n\n\n<div style=\"height:60px\" aria-hidden=\"true\" class=\"wp-block-spacer\"><\/div>\n\n\n\n<div class=\"content-grid\">\n\n\n  \n  <div class=\"grid\">\n                        \n                    \n          <div class=\"featured-themen-single\">\n            <div class=\"featured-themen-single-inner\" style=\"background-image: url('https:\/\/9staedte.de\/wp-content\/smush-webp\/2022\/06\/Stadtfuehrung-\u00a9-Hildesheim-Marketing-GmbH.jpg.webp')\">\n              \n              <a href=\"https:\/\/9staedte.de\/sv\/hildesheim-stad-paa-unescos-vaerldsarvslista\/stadsrundturer-i-hildesheim\/\">\n                <span>Stadsrundturer i Hildesheim<\/span>\n              <\/a>\n            <\/div>\n          <\/div>\n    \n          \n                  \n                    \n          <div class=\"featured-themen-single\">\n            <div class=\"featured-themen-single-inner\" style=\"background-image: url('https:\/\/9staedte.de\/wp-content\/smush-webp\/2023\/02\/Citybeach-in-Hildesheim-\u00a9-Hildesheim-Marketing-GmbH-Foto-Dagmar-Schwelle.jpg.webp')\">\n              \n              <a href=\"https:\/\/9staedte.de\/sv\/hildesheim-stad-paa-unescos-vaerldsarvslista\/evenemang-i-hildesheim\/\">\n                <span>Evenemang i Hildesheim<\/span>\n              <\/a>\n            <\/div>\n          <\/div>\n    \n          \n                  \n                    \n          <div class=\"featured-themen-single\">\n            <div class=\"featured-themen-single-inner\" style=\"background-image: url('https:\/\/9staedte.de\/wp-content\/smush-webp\/2024\/09\/Weihnachtsmarkt-Hildesheim-c-Hildesheim-Marketing-Foto-Lars-Griebner-CC-BY.jpg.webp')\">\n              \n              <a href=\"https:\/\/9staedte.de\/sv\/hildesheim-stad-paa-unescos-vaerldsarvslista\/julmarknad-i-hildesheim\/\">\n                <span>Julmarknad i Hildesheim<\/span>\n              <\/a>\n            <\/div>\n          <\/div>\n    \n          \n                  \n                    \n          <div class=\"featured-themen-single\">\n            <div class=\"featured-themen-single-inner\" style=\"background-image: url('https:\/\/9staedte.de\/wp-content\/smush-webp\/2023\/07\/Hildesheimer-Marktplatz_Foto-Max-Wiesenbach-1-1.jpg.webp')\">\n              \n              <a href=\"https:\/\/9staedte.de\/sv\/hildesheim-stad-paa-unescos-vaerldsarvslista\/intryck-fraan-hildesheim\/\">\n                <span>Intryck fr\u00e5n Hildesheim<\/span>\n              <\/a>\n            <\/div>\n          <\/div>\n    \n          \n                  \n                    \n          <div class=\"featured-themen-single\">\n            <div class=\"featured-themen-single-inner\" style=\"background-image: url('https:\/\/9staedte.de\/wp-content\/smush-webp\/2023\/02\/UNESCO-Welterbe-Dom-Foto-Max-Wiesenbach-CCBY.jpg.webp')\">\n              \n              <a href=\"https:\/\/9staedte.de\/sv\/hildesheim-stad-paa-unescos-vaerldsarvslista\/museer-och-utstaellningar-i-hildesheim\/\">\n                <span>Museer och utst\u00e4llningar i Hildesheim<\/span>\n              <\/a>\n            <\/div>\n          <\/div>\n    \n          \n                          \n        <\/div>\n<\/div>","protected":false},"excerpt":{"rendered":"<p>Korsvirkesstad full av kultur och historia UNESCO:s v\u00e4rldsarvslista och historiska korsvirkeshus &#8211; sev\u00e4rdheterna i Hildesheim visar stadens m\u00e5ngfald och inbjuder dig att uppt\u00e4cka den. N\u00e5gra gator fr\u00e5n det historiska marknadstorget \u00e4r det v\u00e4rt att ta en titt p\u00e5 staden fr\u00e5n Niedersachsens h\u00f6gsta kyrktorn. Inte l\u00e5ngt fr\u00e5n katedralen i Hildesheim ligger det magnifika korsvirkeskvarteret som inbjuder [&hellip;]<\/p>\n","protected":false},"author":1,"featured_media":14486,"parent":0,"menu_order":0,"comment_status":"closed","ping_status":"closed","template":"pagetemplates\/template-stadtseite.php","meta":{"_acf_changed":false,"footnotes":""},"categories":[],"tags":[],"ncap_cities_tax":[463],"class_list":["post-14541","page","type-page","status-publish","has-post-thumbnail","hentry","ncap_cities_tax-hildesheim-sv"],"acf":[],"yoast_head":"<!-- This site is optimized with the Yoast SEO plugin v27.4 - https:\/\/yoast.com\/product\/yoast-seo-wordpress\/ -->\n<title>Hildesheim - stad p\u00e5 UNESCO:s v\u00e4rldsarvslista - 9 St\u00e4dte in Niedersachsen<\/title>\n<meta name=\"description\" content=\"UNESCO:s v\u00e4rldsarvslista, kulturskatter, historiska korsvirkeshus - Hildesheims sev\u00e4rdheter bjuder in dig att uppt\u00e4cka dem.\" \/>\n<meta name=\"robots\" content=\"index, follow, max-snippet:-1, max-image-preview:large, max-video-preview:-1\" \/>\n<link rel=\"canonical\" href=\"https:\/\/9staedte.de\/sv\/hildesheim-stad-paa-unescos-vaerldsarvslista\/\" \/>\n<meta property=\"og:locale\" content=\"sv_SE\" \/>\n<meta property=\"og:type\" content=\"article\" \/>\n<meta property=\"og:title\" content=\"Hildesheim - stad p\u00e5 UNESCO:s v\u00e4rldsarvslista - 9 St\u00e4dte in Niedersachsen\" \/>\n<meta property=\"og:description\" content=\"UNESCO:s v\u00e4rldsarvslista, kulturskatter, historiska korsvirkeshus - Hildesheims sev\u00e4rdheter bjuder in dig att uppt\u00e4cka dem.\" \/>\n<meta property=\"og:url\" content=\"https:\/\/9staedte.de\/sv\/hildesheim-stad-paa-unescos-vaerldsarvslista\/\" \/>\n<meta property=\"og:site_name\" content=\"9 St\u00e4dte in Niedersachsen\" \/>\n<meta property=\"article:modified_time\" content=\"2025-05-09T08:05:38+00:00\" \/>\n<meta property=\"og:image\" content=\"https:\/\/9staedte.de\/wp-content\/uploads\/2024\/06\/Hildesheim-Mariendom_Foto-Max-Wiesenbach-CC-BY-min.jpg\" \/>\n\t<meta property=\"og:image:width\" content=\"1019\" \/>\n\t<meta property=\"og:image:height\" content=\"559\" \/>\n\t<meta property=\"og:image:type\" content=\"image\/jpeg\" \/>\n<meta name=\"twitter:card\" content=\"summary_large_image\" \/>\n<meta name=\"twitter:label1\" content=\"Ber\u00e4knad l\u00e4stid\" \/>\n\t<meta name=\"twitter:data1\" content=\"1 minut\" \/>\n<script type=\"application\/ld+json\" class=\"yoast-schema-graph\">{\"@context\":\"https:\\\/\\\/schema.org\",\"@graph\":[{\"@type\":\"WebPage\",\"@id\":\"https:\\\/\\\/9staedte.de\\\/sv\\\/hildesheim-stad-paa-unescos-vaerldsarvslista\\\/\",\"url\":\"https:\\\/\\\/9staedte.de\\\/sv\\\/hildesheim-stad-paa-unescos-vaerldsarvslista\\\/\",\"name\":\"Hildesheim - stad p\u00e5 UNESCO:s v\u00e4rldsarvslista - 9 St\u00e4dte in Niedersachsen\",\"isPartOf\":{\"@id\":\"https:\\\/\\\/9staedte.de\\\/sv\\\/#website\"},\"primaryImageOfPage\":{\"@id\":\"https:\\\/\\\/9staedte.de\\\/sv\\\/hildesheim-stad-paa-unescos-vaerldsarvslista\\\/#primaryimage\"},\"image\":{\"@id\":\"https:\\\/\\\/9staedte.de\\\/sv\\\/hildesheim-stad-paa-unescos-vaerldsarvslista\\\/#primaryimage\"},\"thumbnailUrl\":\"https:\\\/\\\/9staedte.de\\\/wp-content\\\/uploads\\\/2023\\\/07\\\/Hildesheim-Historic-Marketplace-with-Knochenhaueramtshaus-\u00a9-Hildesheim-Marketing-GmbH-Foto-Dagmar-Schwelle-1.jpg\",\"datePublished\":\"2023-10-25T14:24:00+00:00\",\"dateModified\":\"2025-05-09T08:05:38+00:00\",\"description\":\"UNESCO:s v\u00e4rldsarvslista, kulturskatter, historiska korsvirkeshus - Hildesheims sev\u00e4rdheter bjuder in dig att uppt\u00e4cka dem.\",\"breadcrumb\":{\"@id\":\"https:\\\/\\\/9staedte.de\\\/sv\\\/hildesheim-stad-paa-unescos-vaerldsarvslista\\\/#breadcrumb\"},\"inLanguage\":\"sv-SE\",\"potentialAction\":[{\"@type\":\"ReadAction\",\"target\":[\"https:\\\/\\\/9staedte.de\\\/sv\\\/hildesheim-stad-paa-unescos-vaerldsarvslista\\\/\"]}]},{\"@type\":\"ImageObject\",\"inLanguage\":\"sv-SE\",\"@id\":\"https:\\\/\\\/9staedte.de\\\/sv\\\/hildesheim-stad-paa-unescos-vaerldsarvslista\\\/#primaryimage\",\"url\":\"https:\\\/\\\/9staedte.de\\\/wp-content\\\/uploads\\\/2023\\\/07\\\/Hildesheim-Historic-Marketplace-with-Knochenhaueramtshaus-\u00a9-Hildesheim-Marketing-GmbH-Foto-Dagmar-Schwelle-1.jpg\",\"contentUrl\":\"https:\\\/\\\/9staedte.de\\\/wp-content\\\/uploads\\\/2023\\\/07\\\/Hildesheim-Historic-Marketplace-with-Knochenhaueramtshaus-\u00a9-Hildesheim-Marketing-GmbH-Foto-Dagmar-Schwelle-1.jpg\",\"width\":1020,\"height\":561,\"caption\":\"Hildesheim Historic Marketplace with Knochenhaueramtshaus \u00a9 Hildesheim Marketing GmbH, Foto Dagmar Schwelle\"},{\"@type\":\"BreadcrumbList\",\"@id\":\"https:\\\/\\\/9staedte.de\\\/sv\\\/hildesheim-stad-paa-unescos-vaerldsarvslista\\\/#breadcrumb\",\"itemListElement\":[{\"@type\":\"ListItem\",\"position\":1,\"name\":\"Startseite\",\"item\":\"https:\\\/\\\/9staedte.de\\\/sv\\\/\"},{\"@type\":\"ListItem\",\"position\":2,\"name\":\"Hildesheim &#8211; stad p\u00e5 UNESCO:s v\u00e4rldsarvslista\"}]},{\"@type\":\"WebSite\",\"@id\":\"https:\\\/\\\/9staedte.de\\\/sv\\\/#website\",\"url\":\"https:\\\/\\\/9staedte.de\\\/sv\\\/\",\"name\":\"9 St\u00e4dte in Niedersachsen\",\"description\":\"\",\"publisher\":{\"@id\":\"https:\\\/\\\/9staedte.de\\\/sv\\\/#organization\"},\"potentialAction\":[{\"@type\":\"SearchAction\",\"target\":{\"@type\":\"EntryPoint\",\"urlTemplate\":\"https:\\\/\\\/9staedte.de\\\/sv\\\/?s={search_term_string}\"},\"query-input\":{\"@type\":\"PropertyValueSpecification\",\"valueRequired\":true,\"valueName\":\"search_term_string\"}}],\"inLanguage\":\"sv-SE\"},{\"@type\":\"Organization\",\"@id\":\"https:\\\/\\\/9staedte.de\\\/sv\\\/#organization\",\"name\":\"9 St\u00e4dte in Niedersachsen\",\"url\":\"https:\\\/\\\/9staedte.de\\\/sv\\\/\",\"logo\":{\"@type\":\"ImageObject\",\"inLanguage\":\"sv-SE\",\"@id\":\"https:\\\/\\\/9staedte.de\\\/sv\\\/#\\\/schema\\\/logo\\\/image\\\/\",\"url\":\"https:\\\/\\\/9staedte.de\\\/wp-content\\\/uploads\\\/2025\\\/01\\\/9-neg-deutsch-2-1.png\",\"contentUrl\":\"https:\\\/\\\/9staedte.de\\\/wp-content\\\/uploads\\\/2025\\\/01\\\/9-neg-deutsch-2-1.png\",\"width\":190,\"height\":114,\"caption\":\"9 St\u00e4dte in Niedersachsen\"},\"image\":{\"@id\":\"https:\\\/\\\/9staedte.de\\\/sv\\\/#\\\/schema\\\/logo\\\/image\\\/\"}}]}<\/script>\n<!-- \/ Yoast SEO plugin. -->","yoast_head_json":{"title":"Hildesheim - stad p\u00e5 UNESCO:s v\u00e4rldsarvslista - 9 St\u00e4dte in Niedersachsen","description":"UNESCO:s v\u00e4rldsarvslista, kulturskatter, historiska korsvirkeshus - Hildesheims sev\u00e4rdheter bjuder in dig att uppt\u00e4cka dem.","robots":{"index":"index","follow":"follow","max-snippet":"max-snippet:-1","max-image-preview":"max-image-preview:large","max-video-preview":"max-video-preview:-1"},"canonical":"https:\/\/9staedte.de\/sv\/hildesheim-stad-paa-unescos-vaerldsarvslista\/","og_locale":"sv_SE","og_type":"article","og_title":"Hildesheim - stad p\u00e5 UNESCO:s v\u00e4rldsarvslista - 9 St\u00e4dte in Niedersachsen","og_description":"UNESCO:s v\u00e4rldsarvslista, kulturskatter, historiska korsvirkeshus - Hildesheims sev\u00e4rdheter bjuder in dig att uppt\u00e4cka dem.","og_url":"https:\/\/9staedte.de\/sv\/hildesheim-stad-paa-unescos-vaerldsarvslista\/","og_site_name":"9 St\u00e4dte in Niedersachsen","article_modified_time":"2025-05-09T08:05:38+00:00","og_image":[{"width":1019,"height":559,"url":"https:\/\/9staedte.de\/wp-content\/uploads\/2024\/06\/Hildesheim-Mariendom_Foto-Max-Wiesenbach-CC-BY-min.jpg","type":"image\/jpeg"}],"twitter_card":"summary_large_image","twitter_misc":{"Ber\u00e4knad l\u00e4stid":"1 minut"},"schema":{"@context":"https:\/\/schema.org","@graph":[{"@type":"WebPage","@id":"https:\/\/9staedte.de\/sv\/hildesheim-stad-paa-unescos-vaerldsarvslista\/","url":"https:\/\/9staedte.de\/sv\/hildesheim-stad-paa-unescos-vaerldsarvslista\/","name":"Hildesheim - stad p\u00e5 UNESCO:s v\u00e4rldsarvslista - 9 St\u00e4dte in Niedersachsen","isPartOf":{"@id":"https:\/\/9staedte.de\/sv\/#website"},"primaryImageOfPage":{"@id":"https:\/\/9staedte.de\/sv\/hildesheim-stad-paa-unescos-vaerldsarvslista\/#primaryimage"},"image":{"@id":"https:\/\/9staedte.de\/sv\/hildesheim-stad-paa-unescos-vaerldsarvslista\/#primaryimage"},"thumbnailUrl":"https:\/\/9staedte.de\/wp-content\/uploads\/2023\/07\/Hildesheim-Historic-Marketplace-with-Knochenhaueramtshaus-\u00a9-Hildesheim-Marketing-GmbH-Foto-Dagmar-Schwelle-1.jpg","datePublished":"2023-10-25T14:24:00+00:00","dateModified":"2025-05-09T08:05:38+00:00","description":"UNESCO:s v\u00e4rldsarvslista, kulturskatter, historiska korsvirkeshus - Hildesheims sev\u00e4rdheter bjuder in dig att uppt\u00e4cka dem.","breadcrumb":{"@id":"https:\/\/9staedte.de\/sv\/hildesheim-stad-paa-unescos-vaerldsarvslista\/#breadcrumb"},"inLanguage":"sv-SE","potentialAction":[{"@type":"ReadAction","target":["https:\/\/9staedte.de\/sv\/hildesheim-stad-paa-unescos-vaerldsarvslista\/"]}]},{"@type":"ImageObject","inLanguage":"sv-SE","@id":"https:\/\/9staedte.de\/sv\/hildesheim-stad-paa-unescos-vaerldsarvslista\/#primaryimage","url":"https:\/\/9staedte.de\/wp-content\/uploads\/2023\/07\/Hildesheim-Historic-Marketplace-with-Knochenhaueramtshaus-\u00a9-Hildesheim-Marketing-GmbH-Foto-Dagmar-Schwelle-1.jpg","contentUrl":"https:\/\/9staedte.de\/wp-content\/uploads\/2023\/07\/Hildesheim-Historic-Marketplace-with-Knochenhaueramtshaus-\u00a9-Hildesheim-Marketing-GmbH-Foto-Dagmar-Schwelle-1.jpg","width":1020,"height":561,"caption":"Hildesheim Historic Marketplace with Knochenhaueramtshaus \u00a9 Hildesheim Marketing GmbH, Foto Dagmar Schwelle"},{"@type":"BreadcrumbList","@id":"https:\/\/9staedte.de\/sv\/hildesheim-stad-paa-unescos-vaerldsarvslista\/#breadcrumb","itemListElement":[{"@type":"ListItem","position":1,"name":"Startseite","item":"https:\/\/9staedte.de\/sv\/"},{"@type":"ListItem","position":2,"name":"Hildesheim &#8211; stad p\u00e5 UNESCO:s v\u00e4rldsarvslista"}]},{"@type":"WebSite","@id":"https:\/\/9staedte.de\/sv\/#website","url":"https:\/\/9staedte.de\/sv\/","name":"9 St\u00e4dte in Niedersachsen","description":"","publisher":{"@id":"https:\/\/9staedte.de\/sv\/#organization"},"potentialAction":[{"@type":"SearchAction","target":{"@type":"EntryPoint","urlTemplate":"https:\/\/9staedte.de\/sv\/?s={search_term_string}"},"query-input":{"@type":"PropertyValueSpecification","valueRequired":true,"valueName":"search_term_string"}}],"inLanguage":"sv-SE"},{"@type":"Organization","@id":"https:\/\/9staedte.de\/sv\/#organization","name":"9 St\u00e4dte in Niedersachsen","url":"https:\/\/9staedte.de\/sv\/","logo":{"@type":"ImageObject","inLanguage":"sv-SE","@id":"https:\/\/9staedte.de\/sv\/#\/schema\/logo\/image\/","url":"https:\/\/9staedte.de\/wp-content\/uploads\/2025\/01\/9-neg-deutsch-2-1.png","contentUrl":"https:\/\/9staedte.de\/wp-content\/uploads\/2025\/01\/9-neg-deutsch-2-1.png","width":190,"height":114,"caption":"9 St\u00e4dte in Niedersachsen"},"image":{"@id":"https:\/\/9staedte.de\/sv\/#\/schema\/logo\/image\/"}}]}},"_links":{"self":[{"href":"https:\/\/9staedte.de\/sv\/wp-json\/wp\/v2\/pages\/14541","targetHints":{"allow":["GET"]}}],"collection":[{"href":"https:\/\/9staedte.de\/sv\/wp-json\/wp\/v2\/pages"}],"about":[{"href":"https:\/\/9staedte.de\/sv\/wp-json\/wp\/v2\/types\/page"}],"author":[{"embeddable":true,"href":"https:\/\/9staedte.de\/sv\/wp-json\/wp\/v2\/users\/1"}],"replies":[{"embeddable":true,"href":"https:\/\/9staedte.de\/sv\/wp-json\/wp\/v2\/comments?post=14541"}],"version-history":[{"count":4,"href":"https:\/\/9staedte.de\/sv\/wp-json\/wp\/v2\/pages\/14541\/revisions"}],"predecessor-version":[{"id":25542,"href":"https:\/\/9staedte.de\/sv\/wp-json\/wp\/v2\/pages\/14541\/revisions\/25542"}],"wp:featuredmedia":[{"embeddable":true,"href":"https:\/\/9staedte.de\/sv\/wp-json\/wp\/v2\/media\/14486"}],"wp:attachment":[{"href":"https:\/\/9staedte.de\/sv\/wp-json\/wp\/v2\/media?parent=14541"}],"wp:term":[{"taxonomy":"category","embeddable":true,"href":"https:\/\/9staedte.de\/sv\/wp-json\/wp\/v2\/categories?post=14541"},{"taxonomy":"post_tag","embeddable":true,"href":"https:\/\/9staedte.de\/sv\/wp-json\/wp\/v2\/tags?post=14541"},{"taxonomy":"ncap_cities_tax","embeddable":true,"href":"https:\/\/9staedte.de\/sv\/wp-json\/wp\/v2\/ncap_cities_tax?post=14541"}],"curies":[{"name":"wp","href":"https:\/\/api.w.org\/{rel}","templated":true}]}}