{"id":14526,"date":"2023-10-25T16:22:44","date_gmt":"2023-10-25T14:22:44","guid":{"rendered":"https:\/\/9staedte.de\/einbeck-klassiska-bilar-korsvirkeshus-oel\/"},"modified":"2025-05-21T14:14:55","modified_gmt":"2025-05-21T12:14:55","slug":"einbeck-klassiska-bilar-korsvirkeshus-oel","status":"publish","type":"page","link":"https:\/\/9staedte.de\/sv\/einbeck-klassiska-bilar-korsvirkeshus-oel\/","title":{"rendered":"Einbeck &#8211; klassiska bilar, korsvirkeshus, \u00f6l"},"content":{"rendered":"\n<h2 class=\"wp-block-heading\">Juvel mitt i Tyskland<\/h2>\n\n\n\n<p>Mitt i mellan &#8211; s\u00e5 kan man sammanfatta det om man tittar p\u00e5 en karta \u00f6ver Tyskland. Einbeck ligger idylliskt inb\u00e4ddat i b\u00f6ljande kullar i hj\u00e4rtat av landet, mellan Weserbergland, Harz och Solling. Med sina 231 kvadratkilometer \u00e4r Einbeck den st\u00f6rsta staden i s\u00f6dra Niedersachsen! Det finns massor av saker att uppt\u00e4cka, f\u00f6rundras \u00f6ver och uppleva h\u00e4r&nbsp;! I den f\u00f6re detta hansastaden finns m\u00e5nga vackert dekorerade historiska korsvirkeshus, det uts\u00f6kta Einbecker-\u00f6let och Europas st\u00f6rsta samling av klassiska bilar i PS.SPEICHER och dess samlingar, som rymmer mer \u00e4n 2.500 utst\u00e4llningsf\u00f6rem\u00e5l. Med Einbecks ritningar finns det till och med ett av UNESCO:s immateriella kulturarv mitt i den gamla staden.<\/p>\n\n\n\n<p>Semester i Einbeck?! Det \u00e4r det v\u00e4rt!<\/p>\n\n\n\n<p><a href=\"https:\/\/www.einbeck-tourismus.de\/\">Ytterligare information:<\/a><\/p>\n\n\n\n\n<div class=\"banner-wrapper\">\n  <div class=\"banner-inner \">\n      <div class=\"img-container\">\n      <div class=\"img-wrapper\">\n        <img decoding=\"async\" src=\"https:\/\/9staedte.de\/wp-content\/smush-webp\/2023\/02\/Einbeck-Beer-in-a-barrel-\u00a9Daniel-Li-Photography.jpg.webp\" alt=\"Bilden visar tv\u00e5 personer i Brodhaus i Einbeck. De sitter i en nisch som ser ut som ett stort \u00f6lfat. De sk\u00e5lar med \u00f6lglas. V\u00e4ggarna \u00e4r av tr\u00e4 och sten. Det ser mysigt och rustikt ut. St\u00e4mningen \u00e4r v\u00e4nlig och avslappnad.\" \/>\n                  <div class=\"thumbnail-label\">\n            <span>Einbeck Beer in a barrel, \u00a9Daniel Li Photography<\/span>\n          <\/div>\n              <\/div>\n    <\/div>\n        <div class=\"text-container\">\n      <div class=\"content\">\n        <p><strong>S\u00e4rskilda tips:<\/strong><\/p>\n<p>&#8211; St\u00f6rsta utomhusgalleriet f\u00f6r gatukonst i s\u00f6dra Niedersachsen i den historiska stadsk\u00e4rnan<br \/>\n&#8211; Traditionell tryckupplevelse i Einbeck blueprinting<br \/>\n&#8211; I bryggeritraditionens sp\u00e5r p\u00e5 Einbecks \u00f6lv\u00e4g<br \/>\n&#8211; Bes\u00f6k p\u00e5 Einbecks delikatessfabrik<br \/>\n&#8211; Kv\u00e4llstur &#8221;Ljust \u00f6l, m\u00f6rka skuggor&#8221; med uppstigning i kyrktornet<br \/>\n&#8211; Utflykt till slottet Heldenburg i Einbeck-Salzderhelden<\/p>\n      <\/div>\n    <\/div>\n    <\/div>\n<\/div>\n\n\n\n\n<div style=\"height:30px\" aria-hidden=\"true\" class=\"wp-block-spacer\"><\/div>\n\n\n\n<div class=\"wp-block-columns is-layout-flex wp-container-core-columns-is-layout-9d6595d7 wp-block-columns-is-layout-flex\">\n<div class=\"wp-block-column is-layout-flow wp-block-column-is-layout-flow\" style=\"flex-basis:66.66%\">\n <div class=\"brlbs-cmpnt-container brlbs-cmpnt-content-blocker brlbs-cmpnt-with-individual-styles\" data-borlabs-cookie-content-blocker-id=\"google-maps\" data-borlabs-cookie-content=\"PGlmcmFtZSBzcmM9Imh0dHBzOi8vd3d3Lmdvb2dsZS5jb20vbWFwcy9kL2VtYmVkP21pZD0xZ2k3Y1ZTdlRRbUQwNExLMktGcjB6QXAyMi1IQ3R5YyZhbXA7ZWhiYz0yRTMxMkYiIHdpZHRoPSIxMDAlIiBoZWlnaHQ9IjQ1MCI+PC9pZnJhbWU+\"><div class=\"brlbs-cmpnt-cb-preset-b brlbs-cmpnt-cb-google-maps\"> <div class=\"brlbs-cmpnt-cb-thumbnail\" style=\"background-image: url('https:\/\/9staedte.de\/wp-content\/uploads\/borlabs-cookie\/1\/brlbs-cb-google-maps-main.png')\"><\/div> <div class=\"brlbs-cmpnt-cb-main\"> <div class=\"brlbs-cmpnt-cb-content\"> <p class=\"brlbs-cmpnt-cb-description\">You are currently viewing a placeholder content from <strong>Google Maps<\/strong>. To access the actual content, click the button below. Please note that doing so will share data with third-party providers.<\/p> <a class=\"brlbs-cmpnt-cb-provider-toggle\" href=\"#\" data-borlabs-cookie-show-provider-information role=\"button\">More Information<\/a> <\/div> <div class=\"brlbs-cmpnt-cb-buttons\"> <a class=\"brlbs-cmpnt-cb-btn\" href=\"#\" data-borlabs-cookie-unblock role=\"button\">Unblock content<\/a> <a class=\"brlbs-cmpnt-cb-btn\" href=\"#\" data-borlabs-cookie-accept-service role=\"button\" style=\"display: inherit\">Accept required service and unblock content<\/a> <\/div> <\/div> <\/div><\/div>\n<\/div>\n\n\n\n<div class=\"wp-block-column is-layout-flow wp-block-column-is-layout-flow\" style=\"flex-basis:33.33%\">\n<p><strong>Intressanta platser:<\/strong><\/p>\n\n\n\n<ul class=\"wp-block-list map-legend main-legend\">\n<li>Font\u00e4nen Till Eulenspiegel<\/li>\n\n\n\n<li>Gamla r\u00e5dhuset <\/li>\n\n\n\n<li>Marknadskyrkan St. Jacobi<\/li>\n\n\n\n<li>Eickes hus  <\/li>\n\n\n\n<li>Einbecker Bryggeri<\/li>\n\n\n\n<li>PS.minne  <\/li>\n\n\n\n<li>Tiedexer Street<\/li>\n\n\n\n<li>Minsterkyrkan St. Alexandri<\/li>\n\n\n\n<li>Bl\u00e5kopia<\/li>\n<\/ul>\n<\/div>\n<\/div>\n\n\n\n<div style=\"height:60px\" aria-hidden=\"true\" class=\"wp-block-spacer\"><\/div>\n\n\n\n<div class=\"content-grid\">\n\n\n  \n  <div class=\"grid\">\n                        \n                    \n          <div class=\"featured-themen-single\">\n            <div class=\"featured-themen-single-inner\" style=\"background-image: url('https:\/\/9staedte.de\/wp-content\/smush-webp\/2023\/05\/Fuehrung-durch-die-Stadt-\u00a9Daniel-Li-Photography.jpg.webp')\">\n              \n              <a href=\"https:\/\/9staedte.de\/sv\/einbeck-klassiska-bilar-korsvirkeshus-oel\/stadsrundturer-i-einbeck\/\">\n                <span>Stadsrundturer i Einbeck<\/span>\n              <\/a>\n            <\/div>\n          <\/div>\n    \n          \n                  \n                    \n          <div class=\"featured-themen-single\">\n            <div class=\"featured-themen-single-inner\" style=\"background-image: url('https:\/\/9staedte.de\/wp-content\/smush-webp\/2023\/05\/Bierchen-vor-dem-Brodhaus-Einbeck-\u00a9Daniel-Li-Photography.jpg.webp')\">\n              \n              <a href=\"https:\/\/9staedte.de\/sv\/einbeck-klassiska-bilar-korsvirkeshus-oel\/paket-i-einbeck\/\">\n                <span>Paket i Einbeck<\/span>\n              <\/a>\n            <\/div>\n          <\/div>\n    \n          \n                  \n                    \n          <div class=\"featured-themen-single\">\n            <div class=\"featured-themen-single-inner\" style=\"background-image: url('https:\/\/9staedte.de\/wp-content\/smush-webp\/2023\/07\/Einbecker-Blaudruck-\u00a9mehle-hundertmark-Fotografie-scaled.jpg.webp')\">\n              \n              <a href=\"https:\/\/9staedte.de\/sv\/einbeck-klassiska-bilar-korsvirkeshus-oel\/shopping-och-noejen-i-einbeck\/\">\n                <span>Shopping och n\u00f6jen i Einbeck<\/span>\n              <\/a>\n            <\/div>\n          <\/div>\n    \n          \n                  \n                    \n          <div class=\"featured-themen-single\">\n            <div class=\"featured-themen-single-inner\" style=\"background-image: url('https:\/\/9staedte.de\/wp-content\/smush-webp\/2023\/07\/Einbeck-Eickesches-Haus-\u00a9Daniel-Li-Photography.jpg.webp')\">\n              \n              <a href=\"https:\/\/9staedte.de\/sv\/einbeck-klassiska-bilar-korsvirkeshus-oel\/intryck-fraan-einbeck\/\">\n                <span>Intryck fr\u00e5n Einbeck<\/span>\n              <\/a>\n            <\/div>\n          <\/div>\n    \n          \n                  \n                    \n          <div class=\"featured-themen-single\">\n            <div class=\"featured-themen-single-inner\" style=\"background-image: url('https:\/\/9staedte.de\/wp-content\/smush-webp\/2023\/02\/Einbeck-PS.Speicher-Aussenansicht-cc0.jpg.webp')\">\n              \n              <a href=\"https:\/\/9staedte.de\/sv\/einbeck-klassiska-bilar-korsvirkeshus-oel\/museer-och-utstaellningar-i-einbeck\/\">\n                <span>Museer och utst\u00e4llningar i Einbeck<\/span>\n              <\/a>\n            <\/div>\n          <\/div>\n    \n          \n                          \n        <\/div>\n<\/div>","protected":false},"excerpt":{"rendered":"<p>Juvel mitt i Tyskland Mitt i mellan &#8211; s\u00e5 kan man sammanfatta det om man tittar p\u00e5 en karta \u00f6ver Tyskland. Einbeck ligger idylliskt inb\u00e4ddat i b\u00f6ljande kullar i hj\u00e4rtat av landet, mellan Weserbergland, Harz och Solling. Med sina 231 kvadratkilometer \u00e4r Einbeck den st\u00f6rsta staden i s\u00f6dra Niedersachsen! Det finns massor av saker att [&hellip;]<\/p>\n","protected":false},"author":1,"featured_media":14442,"parent":0,"menu_order":0,"comment_status":"closed","ping_status":"closed","template":"pagetemplates\/template-stadtseite.php","meta":{"_acf_changed":false,"footnotes":""},"categories":[],"tags":[],"ncap_cities_tax":[477],"class_list":["post-14526","page","type-page","status-publish","has-post-thumbnail","hentry","ncap_cities_tax-einbeck-sv"],"acf":[],"yoast_head":"<!-- This site is optimized with the Yoast SEO plugin v26.8 - https:\/\/yoast.com\/product\/yoast-seo-wordpress\/ -->\n<title>Einbeck - klassiska bilar, korsvirkeshus, \u00f6l - 9 St\u00e4dte in Niedersachsen<\/title>\n<meta name=\"description\" content=\"I Einbeck finns m\u00e5nga vackert dekorerade korsvirkeshus, uts\u00f6kt Einbeck-\u00f6l och Europas st\u00f6rsta samling av klassiska bilar i PS.SPEICHER.\" \/>\n<meta name=\"robots\" content=\"index, follow, max-snippet:-1, max-image-preview:large, max-video-preview:-1\" \/>\n<link rel=\"canonical\" href=\"https:\/\/9staedte.de\/sv\/einbeck-klassiska-bilar-korsvirkeshus-oel\/\" \/>\n<meta property=\"og:locale\" content=\"sv_SE\" \/>\n<meta property=\"og:type\" content=\"article\" \/>\n<meta property=\"og:title\" content=\"Einbeck - klassiska bilar, korsvirkeshus, \u00f6l - 9 St\u00e4dte in Niedersachsen\" \/>\n<meta property=\"og:description\" content=\"I Einbeck finns m\u00e5nga vackert dekorerade korsvirkeshus, uts\u00f6kt Einbeck-\u00f6l och Europas st\u00f6rsta samling av klassiska bilar i PS.SPEICHER.\" \/>\n<meta property=\"og:url\" content=\"https:\/\/9staedte.de\/sv\/einbeck-klassiska-bilar-korsvirkeshus-oel\/\" \/>\n<meta property=\"og:site_name\" content=\"9 St\u00e4dte in Niedersachsen\" \/>\n<meta property=\"article:modified_time\" content=\"2025-05-21T12:14:55+00:00\" \/>\n<meta property=\"og:image\" content=\"https:\/\/9staedte.de\/wp-content\/uploads\/2023\/06\/Einbeck-Eickesches-Haus-2-c-Daniel-Li-Photography.jpg\" \/>\n\t<meta property=\"og:image:width\" content=\"1020\" \/>\n\t<meta property=\"og:image:height\" content=\"561\" \/>\n\t<meta property=\"og:image:type\" content=\"image\/jpeg\" \/>\n<meta name=\"twitter:card\" content=\"summary_large_image\" \/>\n<meta name=\"twitter:label1\" content=\"Ber\u00e4knad l\u00e4stid\" \/>\n\t<meta name=\"twitter:data1\" content=\"1 minut\" \/>\n<script type=\"application\/ld+json\" class=\"yoast-schema-graph\">{\"@context\":\"https:\/\/schema.org\",\"@graph\":[{\"@type\":\"WebPage\",\"@id\":\"https:\/\/9staedte.de\/sv\/einbeck-klassiska-bilar-korsvirkeshus-oel\/\",\"url\":\"https:\/\/9staedte.de\/sv\/einbeck-klassiska-bilar-korsvirkeshus-oel\/\",\"name\":\"Einbeck - klassiska bilar, korsvirkeshus, \u00f6l - 9 St\u00e4dte in Niedersachsen\",\"isPartOf\":{\"@id\":\"https:\/\/9staedte.de\/sv\/#website\"},\"primaryImageOfPage\":{\"@id\":\"https:\/\/9staedte.de\/sv\/einbeck-klassiska-bilar-korsvirkeshus-oel\/#primaryimage\"},\"image\":{\"@id\":\"https:\/\/9staedte.de\/sv\/einbeck-klassiska-bilar-korsvirkeshus-oel\/#primaryimage\"},\"thumbnailUrl\":\"https:\/\/9staedte.de\/wp-content\/uploads\/2023\/02\/Einbeck-PS.Speicher-Aussenansicht-cc0.jpg\",\"datePublished\":\"2023-10-25T14:22:44+00:00\",\"dateModified\":\"2025-05-21T12:14:55+00:00\",\"description\":\"I Einbeck finns m\u00e5nga vackert dekorerade korsvirkeshus, uts\u00f6kt Einbeck-\u00f6l och Europas st\u00f6rsta samling av klassiska bilar i PS.SPEICHER.\",\"breadcrumb\":{\"@id\":\"https:\/\/9staedte.de\/sv\/einbeck-klassiska-bilar-korsvirkeshus-oel\/#breadcrumb\"},\"inLanguage\":\"sv-SE\",\"potentialAction\":[{\"@type\":\"ReadAction\",\"target\":[\"https:\/\/9staedte.de\/sv\/einbeck-klassiska-bilar-korsvirkeshus-oel\/\"]}]},{\"@type\":\"ImageObject\",\"inLanguage\":\"sv-SE\",\"@id\":\"https:\/\/9staedte.de\/sv\/einbeck-klassiska-bilar-korsvirkeshus-oel\/#primaryimage\",\"url\":\"https:\/\/9staedte.de\/wp-content\/uploads\/2023\/02\/Einbeck-PS.Speicher-Aussenansicht-cc0.jpg\",\"contentUrl\":\"https:\/\/9staedte.de\/wp-content\/uploads\/2023\/02\/Einbeck-PS.Speicher-Aussenansicht-cc0.jpg\",\"width\":1020,\"height\":560,\"caption\":\"Einbeck PS.Speicher Au\u00dfenansicht cc0\"},{\"@type\":\"BreadcrumbList\",\"@id\":\"https:\/\/9staedte.de\/sv\/einbeck-klassiska-bilar-korsvirkeshus-oel\/#breadcrumb\",\"itemListElement\":[{\"@type\":\"ListItem\",\"position\":1,\"name\":\"Startseite\",\"item\":\"https:\/\/9staedte.de\/sv\/\"},{\"@type\":\"ListItem\",\"position\":2,\"name\":\"Einbeck &#8211; klassiska bilar, korsvirkeshus, \u00f6l\"}]},{\"@type\":\"WebSite\",\"@id\":\"https:\/\/9staedte.de\/sv\/#website\",\"url\":\"https:\/\/9staedte.de\/sv\/\",\"name\":\"9 St\u00e4dte in Niedersachsen\",\"description\":\"\",\"publisher\":{\"@id\":\"https:\/\/9staedte.de\/sv\/#organization\"},\"potentialAction\":[{\"@type\":\"SearchAction\",\"target\":{\"@type\":\"EntryPoint\",\"urlTemplate\":\"https:\/\/9staedte.de\/sv\/?s={search_term_string}\"},\"query-input\":{\"@type\":\"PropertyValueSpecification\",\"valueRequired\":true,\"valueName\":\"search_term_string\"}}],\"inLanguage\":\"sv-SE\"},{\"@type\":\"Organization\",\"@id\":\"https:\/\/9staedte.de\/sv\/#organization\",\"name\":\"9 St\u00e4dte in Niedersachsen\",\"url\":\"https:\/\/9staedte.de\/sv\/\",\"logo\":{\"@type\":\"ImageObject\",\"inLanguage\":\"sv-SE\",\"@id\":\"https:\/\/9staedte.de\/sv\/#\/schema\/logo\/image\/\",\"url\":\"https:\/\/9staedte.de\/wp-content\/uploads\/2025\/01\/9-neg-deutsch-2-1.png\",\"contentUrl\":\"https:\/\/9staedte.de\/wp-content\/uploads\/2025\/01\/9-neg-deutsch-2-1.png\",\"width\":190,\"height\":114,\"caption\":\"9 St\u00e4dte in Niedersachsen\"},\"image\":{\"@id\":\"https:\/\/9staedte.de\/sv\/#\/schema\/logo\/image\/\"}}]}<\/script>\n<!-- \/ Yoast SEO plugin. -->","yoast_head_json":{"title":"Einbeck - klassiska bilar, korsvirkeshus, \u00f6l - 9 St\u00e4dte in Niedersachsen","description":"I Einbeck finns m\u00e5nga vackert dekorerade korsvirkeshus, uts\u00f6kt Einbeck-\u00f6l och Europas st\u00f6rsta samling av klassiska bilar i PS.SPEICHER.","robots":{"index":"index","follow":"follow","max-snippet":"max-snippet:-1","max-image-preview":"max-image-preview:large","max-video-preview":"max-video-preview:-1"},"canonical":"https:\/\/9staedte.de\/sv\/einbeck-klassiska-bilar-korsvirkeshus-oel\/","og_locale":"sv_SE","og_type":"article","og_title":"Einbeck - klassiska bilar, korsvirkeshus, \u00f6l - 9 St\u00e4dte in Niedersachsen","og_description":"I Einbeck finns m\u00e5nga vackert dekorerade korsvirkeshus, uts\u00f6kt Einbeck-\u00f6l och Europas st\u00f6rsta samling av klassiska bilar i PS.SPEICHER.","og_url":"https:\/\/9staedte.de\/sv\/einbeck-klassiska-bilar-korsvirkeshus-oel\/","og_site_name":"9 St\u00e4dte in Niedersachsen","article_modified_time":"2025-05-21T12:14:55+00:00","og_image":[{"width":1020,"height":561,"url":"https:\/\/9staedte.de\/wp-content\/uploads\/2023\/06\/Einbeck-Eickesches-Haus-2-c-Daniel-Li-Photography.jpg","type":"image\/jpeg"}],"twitter_card":"summary_large_image","twitter_misc":{"Ber\u00e4knad l\u00e4stid":"1 minut"},"schema":{"@context":"https:\/\/schema.org","@graph":[{"@type":"WebPage","@id":"https:\/\/9staedte.de\/sv\/einbeck-klassiska-bilar-korsvirkeshus-oel\/","url":"https:\/\/9staedte.de\/sv\/einbeck-klassiska-bilar-korsvirkeshus-oel\/","name":"Einbeck - klassiska bilar, korsvirkeshus, \u00f6l - 9 St\u00e4dte in Niedersachsen","isPartOf":{"@id":"https:\/\/9staedte.de\/sv\/#website"},"primaryImageOfPage":{"@id":"https:\/\/9staedte.de\/sv\/einbeck-klassiska-bilar-korsvirkeshus-oel\/#primaryimage"},"image":{"@id":"https:\/\/9staedte.de\/sv\/einbeck-klassiska-bilar-korsvirkeshus-oel\/#primaryimage"},"thumbnailUrl":"https:\/\/9staedte.de\/wp-content\/uploads\/2023\/02\/Einbeck-PS.Speicher-Aussenansicht-cc0.jpg","datePublished":"2023-10-25T14:22:44+00:00","dateModified":"2025-05-21T12:14:55+00:00","description":"I Einbeck finns m\u00e5nga vackert dekorerade korsvirkeshus, uts\u00f6kt Einbeck-\u00f6l och Europas st\u00f6rsta samling av klassiska bilar i PS.SPEICHER.","breadcrumb":{"@id":"https:\/\/9staedte.de\/sv\/einbeck-klassiska-bilar-korsvirkeshus-oel\/#breadcrumb"},"inLanguage":"sv-SE","potentialAction":[{"@type":"ReadAction","target":["https:\/\/9staedte.de\/sv\/einbeck-klassiska-bilar-korsvirkeshus-oel\/"]}]},{"@type":"ImageObject","inLanguage":"sv-SE","@id":"https:\/\/9staedte.de\/sv\/einbeck-klassiska-bilar-korsvirkeshus-oel\/#primaryimage","url":"https:\/\/9staedte.de\/wp-content\/uploads\/2023\/02\/Einbeck-PS.Speicher-Aussenansicht-cc0.jpg","contentUrl":"https:\/\/9staedte.de\/wp-content\/uploads\/2023\/02\/Einbeck-PS.Speicher-Aussenansicht-cc0.jpg","width":1020,"height":560,"caption":"Einbeck PS.Speicher Au\u00dfenansicht cc0"},{"@type":"BreadcrumbList","@id":"https:\/\/9staedte.de\/sv\/einbeck-klassiska-bilar-korsvirkeshus-oel\/#breadcrumb","itemListElement":[{"@type":"ListItem","position":1,"name":"Startseite","item":"https:\/\/9staedte.de\/sv\/"},{"@type":"ListItem","position":2,"name":"Einbeck &#8211; klassiska bilar, korsvirkeshus, \u00f6l"}]},{"@type":"WebSite","@id":"https:\/\/9staedte.de\/sv\/#website","url":"https:\/\/9staedte.de\/sv\/","name":"9 St\u00e4dte in Niedersachsen","description":"","publisher":{"@id":"https:\/\/9staedte.de\/sv\/#organization"},"potentialAction":[{"@type":"SearchAction","target":{"@type":"EntryPoint","urlTemplate":"https:\/\/9staedte.de\/sv\/?s={search_term_string}"},"query-input":{"@type":"PropertyValueSpecification","valueRequired":true,"valueName":"search_term_string"}}],"inLanguage":"sv-SE"},{"@type":"Organization","@id":"https:\/\/9staedte.de\/sv\/#organization","name":"9 St\u00e4dte in Niedersachsen","url":"https:\/\/9staedte.de\/sv\/","logo":{"@type":"ImageObject","inLanguage":"sv-SE","@id":"https:\/\/9staedte.de\/sv\/#\/schema\/logo\/image\/","url":"https:\/\/9staedte.de\/wp-content\/uploads\/2025\/01\/9-neg-deutsch-2-1.png","contentUrl":"https:\/\/9staedte.de\/wp-content\/uploads\/2025\/01\/9-neg-deutsch-2-1.png","width":190,"height":114,"caption":"9 St\u00e4dte in Niedersachsen"},"image":{"@id":"https:\/\/9staedte.de\/sv\/#\/schema\/logo\/image\/"}}]}},"_links":{"self":[{"href":"https:\/\/9staedte.de\/sv\/wp-json\/wp\/v2\/pages\/14526","targetHints":{"allow":["GET"]}}],"collection":[{"href":"https:\/\/9staedte.de\/sv\/wp-json\/wp\/v2\/pages"}],"about":[{"href":"https:\/\/9staedte.de\/sv\/wp-json\/wp\/v2\/types\/page"}],"author":[{"embeddable":true,"href":"https:\/\/9staedte.de\/sv\/wp-json\/wp\/v2\/users\/1"}],"replies":[{"embeddable":true,"href":"https:\/\/9staedte.de\/sv\/wp-json\/wp\/v2\/comments?post=14526"}],"version-history":[{"count":5,"href":"https:\/\/9staedte.de\/sv\/wp-json\/wp\/v2\/pages\/14526\/revisions"}],"predecessor-version":[{"id":26269,"href":"https:\/\/9staedte.de\/sv\/wp-json\/wp\/v2\/pages\/14526\/revisions\/26269"}],"wp:featuredmedia":[{"embeddable":true,"href":"https:\/\/9staedte.de\/sv\/wp-json\/wp\/v2\/media\/14442"}],"wp:attachment":[{"href":"https:\/\/9staedte.de\/sv\/wp-json\/wp\/v2\/media?parent=14526"}],"wp:term":[{"taxonomy":"category","embeddable":true,"href":"https:\/\/9staedte.de\/sv\/wp-json\/wp\/v2\/categories?post=14526"},{"taxonomy":"post_tag","embeddable":true,"href":"https:\/\/9staedte.de\/sv\/wp-json\/wp\/v2\/tags?post=14526"},{"taxonomy":"ncap_cities_tax","embeddable":true,"href":"https:\/\/9staedte.de\/sv\/wp-json\/wp\/v2\/ncap_cities_tax?post=14526"}],"curies":[{"name":"wp","href":"https:\/\/api.w.org\/{rel}","templated":true}]}}