{"id":14510,"date":"2023-10-25T16:22:49","date_gmt":"2023-10-25T14:22:49","guid":{"rendered":"https:\/\/9staedte.de\/evenemang-i-korthet\/"},"modified":"2023-10-25T16:41:21","modified_gmt":"2023-10-25T14:41:21","slug":"evenemang-i-korthet","status":"publish","type":"page","link":"https:\/\/9staedte.de\/sv\/evenemang-i-korthet\/","title":{"rendered":"Evenemang i korthet"},"content":{"rendered":"\n<p><\/p>\n\n\n\n<h2 class=\"wp-block-heading\">H\u00f6jdpunkterna i de 9 st\u00e4derna + 2:<\/h2>\n","protected":false},"excerpt":{"rendered":"<p>H\u00f6jdpunkterna i de 9 st\u00e4derna + 2:<\/p>\n","protected":false},"author":1,"featured_media":15113,"parent":0,"menu_order":0,"comment_status":"closed","ping_status":"closed","template":"pagetemplates\/template-thema.php","meta":{"_acf_changed":false,"footnotes":""},"categories":[],"tags":[],"ncap_cities_tax":[],"class_list":["post-14510","page","type-page","status-publish","has-post-thumbnail","hentry"],"acf":[],"yoast_head":"<!-- This site is optimized with the Yoast SEO plugin v26.8 - https:\/\/yoast.com\/product\/yoast-seo-wordpress\/ -->\n<title>Evenemang i korthet - 9 St\u00e4dte in Niedersachsen<\/title>\n<meta name=\"description\" content=\"Evenemangsh\u00f6jdpunkter i de 9 st\u00e4derna, Det \u00e4r alltid s\u00e4song h\u00e4r. Oavsett om det \u00e4r sommarens friluftsevenemang eller f\u00f6rtrollande julmarknader\" \/>\n<meta name=\"robots\" content=\"index, follow, max-snippet:-1, max-image-preview:large, max-video-preview:-1\" \/>\n<link rel=\"canonical\" href=\"https:\/\/9staedte.de\/sv\/evenemang-i-korthet\/\" \/>\n<meta property=\"og:locale\" content=\"sv_SE\" \/>\n<meta property=\"og:type\" content=\"article\" \/>\n<meta property=\"og:title\" content=\"Evenemang i korthet - 9 St\u00e4dte in Niedersachsen\" \/>\n<meta property=\"og:description\" content=\"Evenemangsh\u00f6jdpunkter i de 9 st\u00e4derna, Det \u00e4r alltid s\u00e4song h\u00e4r. Oavsett om det \u00e4r sommarens friluftsevenemang eller f\u00f6rtrollande julmarknader\" \/>\n<meta property=\"og:url\" content=\"https:\/\/9staedte.de\/sv\/evenemang-i-korthet\/\" \/>\n<meta property=\"og:site_name\" content=\"9 St\u00e4dte in Niedersachsen\" \/>\n<meta property=\"article:modified_time\" content=\"2023-10-25T14:41:21+00:00\" \/>\n<meta property=\"og:image\" content=\"https:\/\/9staedte.de\/wp-content\/uploads\/2023\/07\/Hannover-Internationaler-Feuerwerkswettbewerb-c-HVG-Patrick-Graf-1024x683.jpg\" \/>\n\t<meta property=\"og:image:width\" content=\"1024\" \/>\n\t<meta property=\"og:image:height\" content=\"683\" \/>\n\t<meta property=\"og:image:type\" content=\"image\/jpeg\" \/>\n<meta name=\"twitter:card\" content=\"summary_large_image\" \/>\n<meta name=\"twitter:label1\" content=\"Ber\u00e4knad l\u00e4stid\" \/>\n\t<meta name=\"twitter:data1\" content=\"1 minut\" \/>\n<script type=\"application\/ld+json\" class=\"yoast-schema-graph\">{\"@context\":\"https:\/\/schema.org\",\"@graph\":[{\"@type\":\"WebPage\",\"@id\":\"https:\/\/9staedte.de\/sv\/evenemang-i-korthet\/\",\"url\":\"https:\/\/9staedte.de\/sv\/evenemang-i-korthet\/\",\"name\":\"Evenemang i korthet - 9 St\u00e4dte in Niedersachsen\",\"isPartOf\":{\"@id\":\"https:\/\/9staedte.de\/sv\/#website\"},\"primaryImageOfPage\":{\"@id\":\"https:\/\/9staedte.de\/sv\/evenemang-i-korthet\/#primaryimage\"},\"image\":{\"@id\":\"https:\/\/9staedte.de\/sv\/evenemang-i-korthet\/#primaryimage\"},\"thumbnailUrl\":\"https:\/\/9staedte.de\/wp-content\/uploads\/2023\/07\/Hildesheim-Pflasterzauber-\u00a9-Lars-Griebner.jpg\",\"datePublished\":\"2023-10-25T14:22:49+00:00\",\"dateModified\":\"2023-10-25T14:41:21+00:00\",\"description\":\"Evenemangsh\u00f6jdpunkter i de 9 st\u00e4derna, Det \u00e4r alltid s\u00e4song h\u00e4r. Oavsett om det \u00e4r sommarens friluftsevenemang eller f\u00f6rtrollande julmarknader\",\"breadcrumb\":{\"@id\":\"https:\/\/9staedte.de\/sv\/evenemang-i-korthet\/#breadcrumb\"},\"inLanguage\":\"sv-SE\",\"potentialAction\":[{\"@type\":\"ReadAction\",\"target\":[\"https:\/\/9staedte.de\/sv\/evenemang-i-korthet\/\"]}]},{\"@type\":\"ImageObject\",\"inLanguage\":\"sv-SE\",\"@id\":\"https:\/\/9staedte.de\/sv\/evenemang-i-korthet\/#primaryimage\",\"url\":\"https:\/\/9staedte.de\/wp-content\/uploads\/2023\/07\/Hildesheim-Pflasterzauber-\u00a9-Lars-Griebner.jpg\",\"contentUrl\":\"https:\/\/9staedte.de\/wp-content\/uploads\/2023\/07\/Hildesheim-Pflasterzauber-\u00a9-Lars-Griebner.jpg\",\"width\":1019,\"height\":558,\"caption\":\"Hildesheim Pflasterzauber \u00a9 Lars Griebner\"},{\"@type\":\"BreadcrumbList\",\"@id\":\"https:\/\/9staedte.de\/sv\/evenemang-i-korthet\/#breadcrumb\",\"itemListElement\":[{\"@type\":\"ListItem\",\"position\":1,\"name\":\"Startseite\",\"item\":\"https:\/\/9staedte.de\/sv\/\"},{\"@type\":\"ListItem\",\"position\":2,\"name\":\"Evenemang i korthet\"}]},{\"@type\":\"WebSite\",\"@id\":\"https:\/\/9staedte.de\/sv\/#website\",\"url\":\"https:\/\/9staedte.de\/sv\/\",\"name\":\"9 St\u00e4dte in Niedersachsen\",\"description\":\"\",\"publisher\":{\"@id\":\"https:\/\/9staedte.de\/sv\/#organization\"},\"potentialAction\":[{\"@type\":\"SearchAction\",\"target\":{\"@type\":\"EntryPoint\",\"urlTemplate\":\"https:\/\/9staedte.de\/sv\/?s={search_term_string}\"},\"query-input\":{\"@type\":\"PropertyValueSpecification\",\"valueRequired\":true,\"valueName\":\"search_term_string\"}}],\"inLanguage\":\"sv-SE\"},{\"@type\":\"Organization\",\"@id\":\"https:\/\/9staedte.de\/sv\/#organization\",\"name\":\"9 St\u00e4dte in Niedersachsen\",\"url\":\"https:\/\/9staedte.de\/sv\/\",\"logo\":{\"@type\":\"ImageObject\",\"inLanguage\":\"sv-SE\",\"@id\":\"https:\/\/9staedte.de\/sv\/#\/schema\/logo\/image\/\",\"url\":\"https:\/\/9staedte.de\/wp-content\/uploads\/2025\/01\/9-neg-deutsch-2-1.png\",\"contentUrl\":\"https:\/\/9staedte.de\/wp-content\/uploads\/2025\/01\/9-neg-deutsch-2-1.png\",\"width\":190,\"height\":114,\"caption\":\"9 St\u00e4dte in Niedersachsen\"},\"image\":{\"@id\":\"https:\/\/9staedte.de\/sv\/#\/schema\/logo\/image\/\"}}]}<\/script>\n<!-- \/ Yoast SEO plugin. -->","yoast_head_json":{"title":"Evenemang i korthet - 9 St\u00e4dte in Niedersachsen","description":"Evenemangsh\u00f6jdpunkter i de 9 st\u00e4derna, Det \u00e4r alltid s\u00e4song h\u00e4r. Oavsett om det \u00e4r sommarens friluftsevenemang eller f\u00f6rtrollande julmarknader","robots":{"index":"index","follow":"follow","max-snippet":"max-snippet:-1","max-image-preview":"max-image-preview:large","max-video-preview":"max-video-preview:-1"},"canonical":"https:\/\/9staedte.de\/sv\/evenemang-i-korthet\/","og_locale":"sv_SE","og_type":"article","og_title":"Evenemang i korthet - 9 St\u00e4dte in Niedersachsen","og_description":"Evenemangsh\u00f6jdpunkter i de 9 st\u00e4derna, Det \u00e4r alltid s\u00e4song h\u00e4r. Oavsett om det \u00e4r sommarens friluftsevenemang eller f\u00f6rtrollande julmarknader","og_url":"https:\/\/9staedte.de\/sv\/evenemang-i-korthet\/","og_site_name":"9 St\u00e4dte in Niedersachsen","article_modified_time":"2023-10-25T14:41:21+00:00","og_image":[{"width":1024,"height":683,"url":"https:\/\/9staedte.de\/wp-content\/uploads\/2023\/07\/Hannover-Internationaler-Feuerwerkswettbewerb-c-HVG-Patrick-Graf-1024x683.jpg","type":"image\/jpeg"}],"twitter_card":"summary_large_image","twitter_misc":{"Ber\u00e4knad l\u00e4stid":"1 minut"},"schema":{"@context":"https:\/\/schema.org","@graph":[{"@type":"WebPage","@id":"https:\/\/9staedte.de\/sv\/evenemang-i-korthet\/","url":"https:\/\/9staedte.de\/sv\/evenemang-i-korthet\/","name":"Evenemang i korthet - 9 St\u00e4dte in Niedersachsen","isPartOf":{"@id":"https:\/\/9staedte.de\/sv\/#website"},"primaryImageOfPage":{"@id":"https:\/\/9staedte.de\/sv\/evenemang-i-korthet\/#primaryimage"},"image":{"@id":"https:\/\/9staedte.de\/sv\/evenemang-i-korthet\/#primaryimage"},"thumbnailUrl":"https:\/\/9staedte.de\/wp-content\/uploads\/2023\/07\/Hildesheim-Pflasterzauber-\u00a9-Lars-Griebner.jpg","datePublished":"2023-10-25T14:22:49+00:00","dateModified":"2023-10-25T14:41:21+00:00","description":"Evenemangsh\u00f6jdpunkter i de 9 st\u00e4derna, Det \u00e4r alltid s\u00e4song h\u00e4r. Oavsett om det \u00e4r sommarens friluftsevenemang eller f\u00f6rtrollande julmarknader","breadcrumb":{"@id":"https:\/\/9staedte.de\/sv\/evenemang-i-korthet\/#breadcrumb"},"inLanguage":"sv-SE","potentialAction":[{"@type":"ReadAction","target":["https:\/\/9staedte.de\/sv\/evenemang-i-korthet\/"]}]},{"@type":"ImageObject","inLanguage":"sv-SE","@id":"https:\/\/9staedte.de\/sv\/evenemang-i-korthet\/#primaryimage","url":"https:\/\/9staedte.de\/wp-content\/uploads\/2023\/07\/Hildesheim-Pflasterzauber-\u00a9-Lars-Griebner.jpg","contentUrl":"https:\/\/9staedte.de\/wp-content\/uploads\/2023\/07\/Hildesheim-Pflasterzauber-\u00a9-Lars-Griebner.jpg","width":1019,"height":558,"caption":"Hildesheim Pflasterzauber \u00a9 Lars Griebner"},{"@type":"BreadcrumbList","@id":"https:\/\/9staedte.de\/sv\/evenemang-i-korthet\/#breadcrumb","itemListElement":[{"@type":"ListItem","position":1,"name":"Startseite","item":"https:\/\/9staedte.de\/sv\/"},{"@type":"ListItem","position":2,"name":"Evenemang i korthet"}]},{"@type":"WebSite","@id":"https:\/\/9staedte.de\/sv\/#website","url":"https:\/\/9staedte.de\/sv\/","name":"9 St\u00e4dte in Niedersachsen","description":"","publisher":{"@id":"https:\/\/9staedte.de\/sv\/#organization"},"potentialAction":[{"@type":"SearchAction","target":{"@type":"EntryPoint","urlTemplate":"https:\/\/9staedte.de\/sv\/?s={search_term_string}"},"query-input":{"@type":"PropertyValueSpecification","valueRequired":true,"valueName":"search_term_string"}}],"inLanguage":"sv-SE"},{"@type":"Organization","@id":"https:\/\/9staedte.de\/sv\/#organization","name":"9 St\u00e4dte in Niedersachsen","url":"https:\/\/9staedte.de\/sv\/","logo":{"@type":"ImageObject","inLanguage":"sv-SE","@id":"https:\/\/9staedte.de\/sv\/#\/schema\/logo\/image\/","url":"https:\/\/9staedte.de\/wp-content\/uploads\/2025\/01\/9-neg-deutsch-2-1.png","contentUrl":"https:\/\/9staedte.de\/wp-content\/uploads\/2025\/01\/9-neg-deutsch-2-1.png","width":190,"height":114,"caption":"9 St\u00e4dte in Niedersachsen"},"image":{"@id":"https:\/\/9staedte.de\/sv\/#\/schema\/logo\/image\/"}}]}},"_links":{"self":[{"href":"https:\/\/9staedte.de\/sv\/wp-json\/wp\/v2\/pages\/14510","targetHints":{"allow":["GET"]}}],"collection":[{"href":"https:\/\/9staedte.de\/sv\/wp-json\/wp\/v2\/pages"}],"about":[{"href":"https:\/\/9staedte.de\/sv\/wp-json\/wp\/v2\/types\/page"}],"author":[{"embeddable":true,"href":"https:\/\/9staedte.de\/sv\/wp-json\/wp\/v2\/users\/1"}],"replies":[{"embeddable":true,"href":"https:\/\/9staedte.de\/sv\/wp-json\/wp\/v2\/comments?post=14510"}],"version-history":[{"count":2,"href":"https:\/\/9staedte.de\/sv\/wp-json\/wp\/v2\/pages\/14510\/revisions"}],"predecessor-version":[{"id":14621,"href":"https:\/\/9staedte.de\/sv\/wp-json\/wp\/v2\/pages\/14510\/revisions\/14621"}],"wp:featuredmedia":[{"embeddable":true,"href":"https:\/\/9staedte.de\/sv\/wp-json\/wp\/v2\/media\/15113"}],"wp:attachment":[{"href":"https:\/\/9staedte.de\/sv\/wp-json\/wp\/v2\/media?parent=14510"}],"wp:term":[{"taxonomy":"category","embeddable":true,"href":"https:\/\/9staedte.de\/sv\/wp-json\/wp\/v2\/categories?post=14510"},{"taxonomy":"post_tag","embeddable":true,"href":"https:\/\/9staedte.de\/sv\/wp-json\/wp\/v2\/tags?post=14510"},{"taxonomy":"ncap_cities_tax","embeddable":true,"href":"https:\/\/9staedte.de\/sv\/wp-json\/wp\/v2\/ncap_cities_tax?post=14510"}],"curies":[{"name":"wp","href":"https:\/\/api.w.org\/{rel}","templated":true}]}}