{"id":14502,"date":"2023-10-25T16:23:59","date_gmt":"2023-10-25T14:23:59","guid":{"rendered":"https:\/\/9staedte.de\/hannover-airport-gateway-till-de-9-staederna\/"},"modified":"2023-10-25T16:23:59","modified_gmt":"2023-10-25T14:23:59","slug":"hannover-airport-gateway-till-de-9-staederna","status":"publish","type":"page","link":"https:\/\/9staedte.de\/sv\/hannover-airport-gateway-till-de-9-staederna\/","title":{"rendered":"Hannover Airport: Gateway till de 9 st\u00e4derna"},"content":{"rendered":"\n<h2 class=\"wp-block-heading\">Hannover Airport &#8211; partner till 9 st\u00e4der i Niedersachsen<\/h2>\n\n\n\n<p>Hannover Airport \u00e4r den centrala flygplatsen i norra Tyskland och ink\u00f6rsporten till de &#8221;9 st\u00e4derna i Niedersachsen&#8221;.<\/p>\n\n\n\n<p>Hannover Airport \u00e4r bokstavligen den f\u00f6rsta adressen f\u00f6r m\u00e5nga bes\u00f6kare till de 9 st\u00e4derna i Niedersachsen. Med sin egen anslutning till de viktiga huvudtrafiklederna A2 och A7 \u00e4r Hannover Airport den optimala utg\u00e5ngspunkten f\u00f6r vidare resor. S-Bahn-linjen S5 &#8221;Hannover Airport Line&#8221; tar dig ocks\u00e5 direkt fr\u00e5n terminal C till huvudj\u00e4rnv\u00e4gsstationen i delstatshuvudstaden Hannover och d\u00e4rmed till de omfattande j\u00e4rnv\u00e4gsf\u00f6rbindelserna. Alla 9 st\u00e4derna \u00e4r d\u00e4rf\u00f6r l\u00e4tta att n\u00e5 med t\u00e5g fr\u00e5n flygplatsen inom 30 till 110 minuter.<\/p>\n\n\n\n<p><a href=\"http:\/\/www.hannover-airport.de\/\" target=\"_blank\" rel=\"noreferrer noopener\">hannover-airport.de<\/a><\/p>\n\n\n\n\n<div class=\"banner-wrapper\">\n  <div class=\"banner-inner \">\n      <div class=\"img-container\">\n      <div class=\"img-wrapper\">\n        <img decoding=\"async\" src=\"https:\/\/9staedte.de\/wp-content\/smush-webp\/2023\/08\/131014_mkp_haj_989.jpg.webp\" alt=\"\" \/>\n                  <div class=\"thumbnail-label\">\n            <span>Reisendes P\u00e4rchen im Wartebereich c) Hannover Airport Kruzszewski<\/span>\n          <\/div>\n              <\/div>\n    <\/div>\n        <div class=\"text-container\">\n      <div class=\"content\">\n        <p><strong>Besondere Tipps<\/strong><\/p>\n<ul>\n<li>Nur 150 Meter vom Eingang bis zum Boarding \u2013 Einfach fliegen<\/li>\n<li>Direkter S-Bahn-Anschluss von Terminal C zum Hauptbahnhof<\/li>\n<li>Flughafenf\u00fchrungen<\/li>\n<li>Diverse Veranstaltungsm\u00f6glichkeiten \u2013 z.B. Tagungen inklusive Flughafenflair!<\/li>\n<li>Erlebniswelt mit Dauerausstellung \u201eWelt der Luftfahrt\u201c, Kid\u2018s Airport, Flugsimulatoren und 360\u00b0-Aussichtsterrasse mit Blick aus Vorfeld<\/li>\n<li>Action, Fitness und Entspannung mit VR-Xperiences<\/li>\n<li>Fliegen wie ein Vogel \u2013 mit dem VR-Simulator Birdly<\/li>\n<\/ul>\n      <\/div>\n    <\/div>\n    <\/div>\n<\/div>\n\n\n\n\n<h2 class=\"wp-block-heading\"><strong>Hanover Airport (HAJ)<\/strong><\/h2>\n\n\n\n <div class=\"brlbs-cmpnt-container brlbs-cmpnt-content-blocker brlbs-cmpnt-with-individual-styles\" data-borlabs-cookie-content-blocker-id=\"google-maps\" data-borlabs-cookie-content=\"PGlmcmFtZSBzcmM9Imh0dHBzOi8vd3d3Lmdvb2dsZS5jb20vbWFwcy9lbWJlZD9wYj0hMW0xOCExbTEyITFtMyExZDI0MzEuMDAyMzM1OTAzNzI5NSEyZDkuNjk1NTMzNDcwMDg4MDU1ITNkNTIuNDYwOTg1MTMzMDUxOTM1ITJtMyExZjAhMmYwITNmMCEzbTIhMWkxMDI0ITJpNzY4ITRmMTMuMSEzbTMhMW0yITFzMHg0N2IwNzIxNzUwOTA1NmIxJTNBMHhlNDQzNGI4NDRjNzNkMGU1ITJzRmx1Z2hhZmVuJTIwSGFubm92ZXIlMjAoSEFKKSE1ZTAhM20yITFzZGUhMnNkZSE0djE2OTIxNzQ2MDE1MzQhNW0yITFzZGUhMnNkZSIgd2lkdGg9IjYwMCIgaGVpZ2h0PSI0NTAiIHN0eWxlPSJib3JkZXI6MDsiIGFsbG93ZnVsbHNjcmVlbj0iIiBsb2FkaW5nPSJsYXp5IiByZWZlcnJlcnBvbGljeT0ibm8tcmVmZXJyZXItd2hlbi1kb3duZ3JhZGUiPjwvaWZyYW1lPg==\"><div class=\"brlbs-cmpnt-cb-preset-b brlbs-cmpnt-cb-google-maps\"> <div class=\"brlbs-cmpnt-cb-thumbnail\" style=\"background-image: url('https:\/\/9staedte.de\/wp-content\/uploads\/borlabs-cookie\/1\/brlbs-cb-google-maps-main.png')\"><\/div> <div class=\"brlbs-cmpnt-cb-main\"> <div class=\"brlbs-cmpnt-cb-content\"> <p class=\"brlbs-cmpnt-cb-description\">You are currently viewing a placeholder content from <strong>Google Maps<\/strong>. To access the actual content, click the button below. Please note that doing so will share data with third-party providers.<\/p> <a class=\"brlbs-cmpnt-cb-provider-toggle\" href=\"#\" data-borlabs-cookie-show-provider-information role=\"button\">More Information<\/a> <\/div> <div class=\"brlbs-cmpnt-cb-buttons\"> <a class=\"brlbs-cmpnt-cb-btn\" href=\"#\" data-borlabs-cookie-unblock role=\"button\">Unblock content<\/a> <a class=\"brlbs-cmpnt-cb-btn\" href=\"#\" data-borlabs-cookie-accept-service role=\"button\" style=\"display: inherit\">Accept required service and unblock content<\/a> <\/div> <\/div> <\/div><\/div>\n\n\n\n<div style=\"height:38px\" aria-hidden=\"true\" class=\"wp-block-spacer\"><\/div>\n","protected":false},"excerpt":{"rendered":"<p>Hannover Airport &#8211; partner till 9 st\u00e4der i Niedersachsen Hannover Airport \u00e4r den centrala flygplatsen i norra Tyskland och ink\u00f6rsporten till de &#8221;9 st\u00e4derna i Niedersachsen&#8221;. Hannover Airport \u00e4r bokstavligen den f\u00f6rsta adressen f\u00f6r m\u00e5nga bes\u00f6kare till de 9 st\u00e4derna i Niedersachsen. Med sin egen anslutning till de viktiga huvudtrafiklederna A2 och A7 \u00e4r Hannover [&hellip;]<\/p>\n","protected":false},"author":1,"featured_media":14504,"parent":0,"menu_order":0,"comment_status":"closed","ping_status":"closed","template":"","meta":{"_acf_changed":false,"footnotes":""},"categories":[],"tags":[],"ncap_cities_tax":[],"class_list":["post-14502","page","type-page","status-publish","has-post-thumbnail","hentry"],"acf":[],"yoast_head":"<!-- This site is optimized with the Yoast SEO plugin v27.4 - https:\/\/yoast.com\/product\/yoast-seo-wordpress\/ -->\n<title>Hannover Airport: Gateway till de 9 st\u00e4derna - 9 St\u00e4dte in Niedersachsen<\/title>\n<meta name=\"description\" content=\"Hannover Airport: Tack vare n\u00e4rheten till motorv\u00e4garna A7 och A2 och till S-Bahn (f\u00f6rortst\u00e5g) \u00e4r flygplatsen den perfekta utg\u00e5ngspunkten f\u00f6r vidare resor. till de 9 st\u00e4derna\" \/>\n<meta name=\"robots\" content=\"index, follow, max-snippet:-1, max-image-preview:large, max-video-preview:-1\" \/>\n<link rel=\"canonical\" href=\"https:\/\/9staedte.de\/sv\/hannover-airport-gateway-till-de-9-staederna\/\" \/>\n<meta property=\"og:locale\" content=\"sv_SE\" \/>\n<meta property=\"og:type\" content=\"article\" \/>\n<meta property=\"og:title\" content=\"Hannover Airport: Gateway till de 9 st\u00e4derna - 9 St\u00e4dte in Niedersachsen\" \/>\n<meta property=\"og:description\" content=\"Hannover Airport: Tack vare n\u00e4rheten till motorv\u00e4garna A7 och A2 och till S-Bahn (f\u00f6rortst\u00e5g) \u00e4r flygplatsen den perfekta utg\u00e5ngspunkten f\u00f6r vidare resor. till de 9 st\u00e4derna\" \/>\n<meta property=\"og:url\" content=\"https:\/\/9staedte.de\/sv\/hannover-airport-gateway-till-de-9-staederna\/\" \/>\n<meta property=\"og:site_name\" content=\"9 St\u00e4dte in Niedersachsen\" \/>\n<meta property=\"og:image\" content=\"https:\/\/9staedte.de\/wp-content\/uploads\/2023\/08\/Hannover-Airport-c-Michael-Thomas.jpg\" \/>\n\t<meta property=\"og:image:width\" content=\"1020\" \/>\n\t<meta property=\"og:image:height\" content=\"560\" \/>\n\t<meta property=\"og:image:type\" content=\"image\/jpeg\" \/>\n<meta name=\"twitter:card\" content=\"summary_large_image\" \/>\n<meta name=\"twitter:label1\" content=\"Ber\u00e4knad l\u00e4stid\" \/>\n\t<meta name=\"twitter:data1\" content=\"1 minut\" \/>\n<script type=\"application\/ld+json\" class=\"yoast-schema-graph\">{\"@context\":\"https:\\\/\\\/schema.org\",\"@graph\":[{\"@type\":\"WebPage\",\"@id\":\"https:\\\/\\\/9staedte.de\\\/sv\\\/hannover-airport-gateway-till-de-9-staederna\\\/\",\"url\":\"https:\\\/\\\/9staedte.de\\\/sv\\\/hannover-airport-gateway-till-de-9-staederna\\\/\",\"name\":\"Hannover Airport: Gateway till de 9 st\u00e4derna - 9 St\u00e4dte in Niedersachsen\",\"isPartOf\":{\"@id\":\"https:\\\/\\\/9staedte.de\\\/sv\\\/#website\"},\"primaryImageOfPage\":{\"@id\":\"https:\\\/\\\/9staedte.de\\\/sv\\\/hannover-airport-gateway-till-de-9-staederna\\\/#primaryimage\"},\"image\":{\"@id\":\"https:\\\/\\\/9staedte.de\\\/sv\\\/hannover-airport-gateway-till-de-9-staederna\\\/#primaryimage\"},\"thumbnailUrl\":\"https:\\\/\\\/9staedte.de\\\/wp-content\\\/uploads\\\/2023\\\/08\\\/Hannover-Airport-c-Michael-Thomas.jpg\",\"datePublished\":\"2023-10-25T14:23:59+00:00\",\"description\":\"Hannover Airport: Tack vare n\u00e4rheten till motorv\u00e4garna A7 och A2 och till S-Bahn (f\u00f6rortst\u00e5g) \u00e4r flygplatsen den perfekta utg\u00e5ngspunkten f\u00f6r vidare resor. till de 9 st\u00e4derna\",\"breadcrumb\":{\"@id\":\"https:\\\/\\\/9staedte.de\\\/sv\\\/hannover-airport-gateway-till-de-9-staederna\\\/#breadcrumb\"},\"inLanguage\":\"sv-SE\",\"potentialAction\":[{\"@type\":\"ReadAction\",\"target\":[\"https:\\\/\\\/9staedte.de\\\/sv\\\/hannover-airport-gateway-till-de-9-staederna\\\/\"]}]},{\"@type\":\"ImageObject\",\"inLanguage\":\"sv-SE\",\"@id\":\"https:\\\/\\\/9staedte.de\\\/sv\\\/hannover-airport-gateway-till-de-9-staederna\\\/#primaryimage\",\"url\":\"https:\\\/\\\/9staedte.de\\\/wp-content\\\/uploads\\\/2023\\\/08\\\/Hannover-Airport-c-Michael-Thomas.jpg\",\"contentUrl\":\"https:\\\/\\\/9staedte.de\\\/wp-content\\\/uploads\\\/2023\\\/08\\\/Hannover-Airport-c-Michael-Thomas.jpg\",\"width\":1020,\"height\":560,\"caption\":\"Hannover Airport Luftbild Foto: Michael Thomas\"},{\"@type\":\"BreadcrumbList\",\"@id\":\"https:\\\/\\\/9staedte.de\\\/sv\\\/hannover-airport-gateway-till-de-9-staederna\\\/#breadcrumb\",\"itemListElement\":[{\"@type\":\"ListItem\",\"position\":1,\"name\":\"Startseite\",\"item\":\"https:\\\/\\\/9staedte.de\\\/sv\\\/\"},{\"@type\":\"ListItem\",\"position\":2,\"name\":\"Hannover Airport: Gateway till de 9 st\u00e4derna\"}]},{\"@type\":\"WebSite\",\"@id\":\"https:\\\/\\\/9staedte.de\\\/sv\\\/#website\",\"url\":\"https:\\\/\\\/9staedte.de\\\/sv\\\/\",\"name\":\"9 St\u00e4dte in Niedersachsen\",\"description\":\"\",\"publisher\":{\"@id\":\"https:\\\/\\\/9staedte.de\\\/sv\\\/#organization\"},\"potentialAction\":[{\"@type\":\"SearchAction\",\"target\":{\"@type\":\"EntryPoint\",\"urlTemplate\":\"https:\\\/\\\/9staedte.de\\\/sv\\\/?s={search_term_string}\"},\"query-input\":{\"@type\":\"PropertyValueSpecification\",\"valueRequired\":true,\"valueName\":\"search_term_string\"}}],\"inLanguage\":\"sv-SE\"},{\"@type\":\"Organization\",\"@id\":\"https:\\\/\\\/9staedte.de\\\/sv\\\/#organization\",\"name\":\"9 St\u00e4dte in Niedersachsen\",\"url\":\"https:\\\/\\\/9staedte.de\\\/sv\\\/\",\"logo\":{\"@type\":\"ImageObject\",\"inLanguage\":\"sv-SE\",\"@id\":\"https:\\\/\\\/9staedte.de\\\/sv\\\/#\\\/schema\\\/logo\\\/image\\\/\",\"url\":\"https:\\\/\\\/9staedte.de\\\/wp-content\\\/uploads\\\/2025\\\/01\\\/9-neg-deutsch-2-1.png\",\"contentUrl\":\"https:\\\/\\\/9staedte.de\\\/wp-content\\\/uploads\\\/2025\\\/01\\\/9-neg-deutsch-2-1.png\",\"width\":190,\"height\":114,\"caption\":\"9 St\u00e4dte in Niedersachsen\"},\"image\":{\"@id\":\"https:\\\/\\\/9staedte.de\\\/sv\\\/#\\\/schema\\\/logo\\\/image\\\/\"}}]}<\/script>\n<!-- \/ Yoast SEO plugin. -->","yoast_head_json":{"title":"Hannover Airport: Gateway till de 9 st\u00e4derna - 9 St\u00e4dte in Niedersachsen","description":"Hannover Airport: Tack vare n\u00e4rheten till motorv\u00e4garna A7 och A2 och till S-Bahn (f\u00f6rortst\u00e5g) \u00e4r flygplatsen den perfekta utg\u00e5ngspunkten f\u00f6r vidare resor. till de 9 st\u00e4derna","robots":{"index":"index","follow":"follow","max-snippet":"max-snippet:-1","max-image-preview":"max-image-preview:large","max-video-preview":"max-video-preview:-1"},"canonical":"https:\/\/9staedte.de\/sv\/hannover-airport-gateway-till-de-9-staederna\/","og_locale":"sv_SE","og_type":"article","og_title":"Hannover Airport: Gateway till de 9 st\u00e4derna - 9 St\u00e4dte in Niedersachsen","og_description":"Hannover Airport: Tack vare n\u00e4rheten till motorv\u00e4garna A7 och A2 och till S-Bahn (f\u00f6rortst\u00e5g) \u00e4r flygplatsen den perfekta utg\u00e5ngspunkten f\u00f6r vidare resor. till de 9 st\u00e4derna","og_url":"https:\/\/9staedte.de\/sv\/hannover-airport-gateway-till-de-9-staederna\/","og_site_name":"9 St\u00e4dte in Niedersachsen","og_image":[{"width":1020,"height":560,"url":"https:\/\/9staedte.de\/wp-content\/uploads\/2023\/08\/Hannover-Airport-c-Michael-Thomas.jpg","type":"image\/jpeg"}],"twitter_card":"summary_large_image","twitter_misc":{"Ber\u00e4knad l\u00e4stid":"1 minut"},"schema":{"@context":"https:\/\/schema.org","@graph":[{"@type":"WebPage","@id":"https:\/\/9staedte.de\/sv\/hannover-airport-gateway-till-de-9-staederna\/","url":"https:\/\/9staedte.de\/sv\/hannover-airport-gateway-till-de-9-staederna\/","name":"Hannover Airport: Gateway till de 9 st\u00e4derna - 9 St\u00e4dte in Niedersachsen","isPartOf":{"@id":"https:\/\/9staedte.de\/sv\/#website"},"primaryImageOfPage":{"@id":"https:\/\/9staedte.de\/sv\/hannover-airport-gateway-till-de-9-staederna\/#primaryimage"},"image":{"@id":"https:\/\/9staedte.de\/sv\/hannover-airport-gateway-till-de-9-staederna\/#primaryimage"},"thumbnailUrl":"https:\/\/9staedte.de\/wp-content\/uploads\/2023\/08\/Hannover-Airport-c-Michael-Thomas.jpg","datePublished":"2023-10-25T14:23:59+00:00","description":"Hannover Airport: Tack vare n\u00e4rheten till motorv\u00e4garna A7 och A2 och till S-Bahn (f\u00f6rortst\u00e5g) \u00e4r flygplatsen den perfekta utg\u00e5ngspunkten f\u00f6r vidare resor. till de 9 st\u00e4derna","breadcrumb":{"@id":"https:\/\/9staedte.de\/sv\/hannover-airport-gateway-till-de-9-staederna\/#breadcrumb"},"inLanguage":"sv-SE","potentialAction":[{"@type":"ReadAction","target":["https:\/\/9staedte.de\/sv\/hannover-airport-gateway-till-de-9-staederna\/"]}]},{"@type":"ImageObject","inLanguage":"sv-SE","@id":"https:\/\/9staedte.de\/sv\/hannover-airport-gateway-till-de-9-staederna\/#primaryimage","url":"https:\/\/9staedte.de\/wp-content\/uploads\/2023\/08\/Hannover-Airport-c-Michael-Thomas.jpg","contentUrl":"https:\/\/9staedte.de\/wp-content\/uploads\/2023\/08\/Hannover-Airport-c-Michael-Thomas.jpg","width":1020,"height":560,"caption":"Hannover Airport Luftbild Foto: Michael Thomas"},{"@type":"BreadcrumbList","@id":"https:\/\/9staedte.de\/sv\/hannover-airport-gateway-till-de-9-staederna\/#breadcrumb","itemListElement":[{"@type":"ListItem","position":1,"name":"Startseite","item":"https:\/\/9staedte.de\/sv\/"},{"@type":"ListItem","position":2,"name":"Hannover Airport: Gateway till de 9 st\u00e4derna"}]},{"@type":"WebSite","@id":"https:\/\/9staedte.de\/sv\/#website","url":"https:\/\/9staedte.de\/sv\/","name":"9 St\u00e4dte in Niedersachsen","description":"","publisher":{"@id":"https:\/\/9staedte.de\/sv\/#organization"},"potentialAction":[{"@type":"SearchAction","target":{"@type":"EntryPoint","urlTemplate":"https:\/\/9staedte.de\/sv\/?s={search_term_string}"},"query-input":{"@type":"PropertyValueSpecification","valueRequired":true,"valueName":"search_term_string"}}],"inLanguage":"sv-SE"},{"@type":"Organization","@id":"https:\/\/9staedte.de\/sv\/#organization","name":"9 St\u00e4dte in Niedersachsen","url":"https:\/\/9staedte.de\/sv\/","logo":{"@type":"ImageObject","inLanguage":"sv-SE","@id":"https:\/\/9staedte.de\/sv\/#\/schema\/logo\/image\/","url":"https:\/\/9staedte.de\/wp-content\/uploads\/2025\/01\/9-neg-deutsch-2-1.png","contentUrl":"https:\/\/9staedte.de\/wp-content\/uploads\/2025\/01\/9-neg-deutsch-2-1.png","width":190,"height":114,"caption":"9 St\u00e4dte in Niedersachsen"},"image":{"@id":"https:\/\/9staedte.de\/sv\/#\/schema\/logo\/image\/"}}]}},"_links":{"self":[{"href":"https:\/\/9staedte.de\/sv\/wp-json\/wp\/v2\/pages\/14502","targetHints":{"allow":["GET"]}}],"collection":[{"href":"https:\/\/9staedte.de\/sv\/wp-json\/wp\/v2\/pages"}],"about":[{"href":"https:\/\/9staedte.de\/sv\/wp-json\/wp\/v2\/types\/page"}],"author":[{"embeddable":true,"href":"https:\/\/9staedte.de\/sv\/wp-json\/wp\/v2\/users\/1"}],"replies":[{"embeddable":true,"href":"https:\/\/9staedte.de\/sv\/wp-json\/wp\/v2\/comments?post=14502"}],"version-history":[{"count":1,"href":"https:\/\/9staedte.de\/sv\/wp-json\/wp\/v2\/pages\/14502\/revisions"}],"predecessor-version":[{"id":14506,"href":"https:\/\/9staedte.de\/sv\/wp-json\/wp\/v2\/pages\/14502\/revisions\/14506"}],"wp:featuredmedia":[{"embeddable":true,"href":"https:\/\/9staedte.de\/sv\/wp-json\/wp\/v2\/media\/14504"}],"wp:attachment":[{"href":"https:\/\/9staedte.de\/sv\/wp-json\/wp\/v2\/media?parent=14502"}],"wp:term":[{"taxonomy":"category","embeddable":true,"href":"https:\/\/9staedte.de\/sv\/wp-json\/wp\/v2\/categories?post=14502"},{"taxonomy":"post_tag","embeddable":true,"href":"https:\/\/9staedte.de\/sv\/wp-json\/wp\/v2\/tags?post=14502"},{"taxonomy":"ncap_cities_tax","embeddable":true,"href":"https:\/\/9staedte.de\/sv\/wp-json\/wp\/v2\/ncap_cities_tax?post=14502"}],"curies":[{"name":"wp","href":"https:\/\/api.w.org\/{rel}","templated":true}]}}