{"id":14499,"date":"2023-10-25T16:24:43","date_gmt":"2023-10-25T14:24:43","guid":{"rendered":"https:\/\/9staedte.de\/stadsrundturer-i-de-9-staederna\/"},"modified":"2025-09-05T10:27:27","modified_gmt":"2025-09-05T08:27:27","slug":"stadsrundturer-i-de-9-staederna","status":"publish","type":"page","link":"https:\/\/9staedte.de\/sv\/stadsrundturer-i-de-9-staederna\/","title":{"rendered":"Stadsrundturer i de 9 st\u00e4derna"},"content":{"rendered":"\n<h2 class=\"wp-block-heading\">Upplev historien p\u00e5 n\u00e4ra h\u00e5ll<\/h2>\n","protected":false},"excerpt":{"rendered":"<p>Upplev historien p\u00e5 n\u00e4ra h\u00e5ll<\/p>\n","protected":false},"author":1,"featured_media":13397,"parent":0,"menu_order":0,"comment_status":"closed","ping_status":"closed","template":"pagetemplates\/template-thema.php","meta":{"_acf_changed":false,"footnotes":""},"categories":[],"tags":[],"ncap_cities_tax":[],"class_list":["post-14499","page","type-page","status-publish","has-post-thumbnail","hentry"],"acf":[],"yoast_head":"<!-- This site is optimized with the Yoast SEO plugin v26.8 - https:\/\/yoast.com\/product\/yoast-seo-wordpress\/ -->\n<title>Stadsrundturer i de 9 st\u00e4derna - 9 St\u00e4dte in Niedersachsen<\/title>\n<meta name=\"robots\" content=\"index, follow, max-snippet:-1, max-image-preview:large, max-video-preview:-1\" \/>\n<link rel=\"canonical\" href=\"https:\/\/9staedte.de\/sv\/stadsrundturer-i-de-9-staederna\/\" \/>\n<meta property=\"og:locale\" content=\"sv_SE\" \/>\n<meta property=\"og:type\" content=\"article\" \/>\n<meta property=\"og:title\" content=\"Stadsrundturer i de 9 st\u00e4derna - 9 St\u00e4dte in Niedersachsen\" \/>\n<meta property=\"og:description\" content=\"Upplev historien p\u00e5 n\u00e4ra h\u00e5ll\" \/>\n<meta property=\"og:url\" content=\"https:\/\/9staedte.de\/sv\/stadsrundturer-i-de-9-staederna\/\" \/>\n<meta property=\"og:site_name\" content=\"9 St\u00e4dte in Niedersachsen\" \/>\n<meta property=\"article:modified_time\" content=\"2025-09-05T08:27:27+00:00\" \/>\n<meta property=\"og:image\" content=\"https:\/\/9staedte.de\/wp-content\/uploads\/2023\/06\/Hameln-Stadtfuehrung-c-Hameln-Marketing-und-Tourismus-GmbH.jpg\" \/>\n\t<meta property=\"og:image:width\" content=\"1020\" \/>\n\t<meta property=\"og:image:height\" content=\"558\" \/>\n\t<meta property=\"og:image:type\" content=\"image\/jpeg\" \/>\n<meta name=\"twitter:card\" content=\"summary_large_image\" \/>\n<meta name=\"twitter:label1\" content=\"Ber\u00e4knad l\u00e4stid\" \/>\n\t<meta name=\"twitter:data1\" content=\"1 minut\" \/>\n<script type=\"application\/ld+json\" class=\"yoast-schema-graph\">{\"@context\":\"https:\/\/schema.org\",\"@graph\":[{\"@type\":\"WebPage\",\"@id\":\"https:\/\/9staedte.de\/sv\/stadsrundturer-i-de-9-staederna\/\",\"url\":\"https:\/\/9staedte.de\/sv\/stadsrundturer-i-de-9-staederna\/\",\"name\":\"Stadsrundturer i de 9 st\u00e4derna - 9 St\u00e4dte in Niedersachsen\",\"isPartOf\":{\"@id\":\"https:\/\/9staedte.de\/sv\/#website\"},\"primaryImageOfPage\":{\"@id\":\"https:\/\/9staedte.de\/sv\/stadsrundturer-i-de-9-staederna\/#primaryimage\"},\"image\":{\"@id\":\"https:\/\/9staedte.de\/sv\/stadsrundturer-i-de-9-staederna\/#primaryimage\"},\"thumbnailUrl\":\"https:\/\/9staedte.de\/wp-content\/uploads\/2023\/06\/Hameln-Stadtfuehrung-c-Hameln-Marketing-und-Tourismus-GmbH.jpg\",\"datePublished\":\"2023-10-25T14:24:43+00:00\",\"dateModified\":\"2025-09-05T08:27:27+00:00\",\"breadcrumb\":{\"@id\":\"https:\/\/9staedte.de\/sv\/stadsrundturer-i-de-9-staederna\/#breadcrumb\"},\"inLanguage\":\"sv-SE\",\"potentialAction\":[{\"@type\":\"ReadAction\",\"target\":[\"https:\/\/9staedte.de\/sv\/stadsrundturer-i-de-9-staederna\/\"]}]},{\"@type\":\"ImageObject\",\"inLanguage\":\"sv-SE\",\"@id\":\"https:\/\/9staedte.de\/sv\/stadsrundturer-i-de-9-staederna\/#primaryimage\",\"url\":\"https:\/\/9staedte.de\/wp-content\/uploads\/2023\/06\/Hameln-Stadtfuehrung-c-Hameln-Marketing-und-Tourismus-GmbH.jpg\",\"contentUrl\":\"https:\/\/9staedte.de\/wp-content\/uploads\/2023\/06\/Hameln-Stadtfuehrung-c-Hameln-Marketing-und-Tourismus-GmbH.jpg\",\"width\":1020,\"height\":558,\"caption\":\"Hameln Stadtfuehrung c) Hameln Marketing und Tourismus GmbH\"},{\"@type\":\"BreadcrumbList\",\"@id\":\"https:\/\/9staedte.de\/sv\/stadsrundturer-i-de-9-staederna\/#breadcrumb\",\"itemListElement\":[{\"@type\":\"ListItem\",\"position\":1,\"name\":\"Startseite\",\"item\":\"https:\/\/9staedte.de\/sv\/\"},{\"@type\":\"ListItem\",\"position\":2,\"name\":\"Stadsrundturer i de 9 st\u00e4derna\"}]},{\"@type\":\"WebSite\",\"@id\":\"https:\/\/9staedte.de\/sv\/#website\",\"url\":\"https:\/\/9staedte.de\/sv\/\",\"name\":\"9 St\u00e4dte in Niedersachsen\",\"description\":\"\",\"publisher\":{\"@id\":\"https:\/\/9staedte.de\/sv\/#organization\"},\"potentialAction\":[{\"@type\":\"SearchAction\",\"target\":{\"@type\":\"EntryPoint\",\"urlTemplate\":\"https:\/\/9staedte.de\/sv\/?s={search_term_string}\"},\"query-input\":{\"@type\":\"PropertyValueSpecification\",\"valueRequired\":true,\"valueName\":\"search_term_string\"}}],\"inLanguage\":\"sv-SE\"},{\"@type\":\"Organization\",\"@id\":\"https:\/\/9staedte.de\/sv\/#organization\",\"name\":\"9 St\u00e4dte in Niedersachsen\",\"url\":\"https:\/\/9staedte.de\/sv\/\",\"logo\":{\"@type\":\"ImageObject\",\"inLanguage\":\"sv-SE\",\"@id\":\"https:\/\/9staedte.de\/sv\/#\/schema\/logo\/image\/\",\"url\":\"https:\/\/9staedte.de\/wp-content\/uploads\/2025\/01\/9-neg-deutsch-2-1.png\",\"contentUrl\":\"https:\/\/9staedte.de\/wp-content\/uploads\/2025\/01\/9-neg-deutsch-2-1.png\",\"width\":190,\"height\":114,\"caption\":\"9 St\u00e4dte in Niedersachsen\"},\"image\":{\"@id\":\"https:\/\/9staedte.de\/sv\/#\/schema\/logo\/image\/\"}}]}<\/script>\n<!-- \/ Yoast SEO plugin. -->","yoast_head_json":{"title":"Stadsrundturer i de 9 st\u00e4derna - 9 St\u00e4dte in Niedersachsen","robots":{"index":"index","follow":"follow","max-snippet":"max-snippet:-1","max-image-preview":"max-image-preview:large","max-video-preview":"max-video-preview:-1"},"canonical":"https:\/\/9staedte.de\/sv\/stadsrundturer-i-de-9-staederna\/","og_locale":"sv_SE","og_type":"article","og_title":"Stadsrundturer i de 9 st\u00e4derna - 9 St\u00e4dte in Niedersachsen","og_description":"Upplev historien p\u00e5 n\u00e4ra h\u00e5ll","og_url":"https:\/\/9staedte.de\/sv\/stadsrundturer-i-de-9-staederna\/","og_site_name":"9 St\u00e4dte in Niedersachsen","article_modified_time":"2025-09-05T08:27:27+00:00","og_image":[{"width":1020,"height":558,"url":"https:\/\/9staedte.de\/wp-content\/uploads\/2023\/06\/Hameln-Stadtfuehrung-c-Hameln-Marketing-und-Tourismus-GmbH.jpg","type":"image\/jpeg"}],"twitter_card":"summary_large_image","twitter_misc":{"Ber\u00e4knad l\u00e4stid":"1 minut"},"schema":{"@context":"https:\/\/schema.org","@graph":[{"@type":"WebPage","@id":"https:\/\/9staedte.de\/sv\/stadsrundturer-i-de-9-staederna\/","url":"https:\/\/9staedte.de\/sv\/stadsrundturer-i-de-9-staederna\/","name":"Stadsrundturer i de 9 st\u00e4derna - 9 St\u00e4dte in Niedersachsen","isPartOf":{"@id":"https:\/\/9staedte.de\/sv\/#website"},"primaryImageOfPage":{"@id":"https:\/\/9staedte.de\/sv\/stadsrundturer-i-de-9-staederna\/#primaryimage"},"image":{"@id":"https:\/\/9staedte.de\/sv\/stadsrundturer-i-de-9-staederna\/#primaryimage"},"thumbnailUrl":"https:\/\/9staedte.de\/wp-content\/uploads\/2023\/06\/Hameln-Stadtfuehrung-c-Hameln-Marketing-und-Tourismus-GmbH.jpg","datePublished":"2023-10-25T14:24:43+00:00","dateModified":"2025-09-05T08:27:27+00:00","breadcrumb":{"@id":"https:\/\/9staedte.de\/sv\/stadsrundturer-i-de-9-staederna\/#breadcrumb"},"inLanguage":"sv-SE","potentialAction":[{"@type":"ReadAction","target":["https:\/\/9staedte.de\/sv\/stadsrundturer-i-de-9-staederna\/"]}]},{"@type":"ImageObject","inLanguage":"sv-SE","@id":"https:\/\/9staedte.de\/sv\/stadsrundturer-i-de-9-staederna\/#primaryimage","url":"https:\/\/9staedte.de\/wp-content\/uploads\/2023\/06\/Hameln-Stadtfuehrung-c-Hameln-Marketing-und-Tourismus-GmbH.jpg","contentUrl":"https:\/\/9staedte.de\/wp-content\/uploads\/2023\/06\/Hameln-Stadtfuehrung-c-Hameln-Marketing-und-Tourismus-GmbH.jpg","width":1020,"height":558,"caption":"Hameln Stadtfuehrung c) Hameln Marketing und Tourismus GmbH"},{"@type":"BreadcrumbList","@id":"https:\/\/9staedte.de\/sv\/stadsrundturer-i-de-9-staederna\/#breadcrumb","itemListElement":[{"@type":"ListItem","position":1,"name":"Startseite","item":"https:\/\/9staedte.de\/sv\/"},{"@type":"ListItem","position":2,"name":"Stadsrundturer i de 9 st\u00e4derna"}]},{"@type":"WebSite","@id":"https:\/\/9staedte.de\/sv\/#website","url":"https:\/\/9staedte.de\/sv\/","name":"9 St\u00e4dte in Niedersachsen","description":"","publisher":{"@id":"https:\/\/9staedte.de\/sv\/#organization"},"potentialAction":[{"@type":"SearchAction","target":{"@type":"EntryPoint","urlTemplate":"https:\/\/9staedte.de\/sv\/?s={search_term_string}"},"query-input":{"@type":"PropertyValueSpecification","valueRequired":true,"valueName":"search_term_string"}}],"inLanguage":"sv-SE"},{"@type":"Organization","@id":"https:\/\/9staedte.de\/sv\/#organization","name":"9 St\u00e4dte in Niedersachsen","url":"https:\/\/9staedte.de\/sv\/","logo":{"@type":"ImageObject","inLanguage":"sv-SE","@id":"https:\/\/9staedte.de\/sv\/#\/schema\/logo\/image\/","url":"https:\/\/9staedte.de\/wp-content\/uploads\/2025\/01\/9-neg-deutsch-2-1.png","contentUrl":"https:\/\/9staedte.de\/wp-content\/uploads\/2025\/01\/9-neg-deutsch-2-1.png","width":190,"height":114,"caption":"9 St\u00e4dte in Niedersachsen"},"image":{"@id":"https:\/\/9staedte.de\/sv\/#\/schema\/logo\/image\/"}}]}},"_links":{"self":[{"href":"https:\/\/9staedte.de\/sv\/wp-json\/wp\/v2\/pages\/14499","targetHints":{"allow":["GET"]}}],"collection":[{"href":"https:\/\/9staedte.de\/sv\/wp-json\/wp\/v2\/pages"}],"about":[{"href":"https:\/\/9staedte.de\/sv\/wp-json\/wp\/v2\/types\/page"}],"author":[{"embeddable":true,"href":"https:\/\/9staedte.de\/sv\/wp-json\/wp\/v2\/users\/1"}],"replies":[{"embeddable":true,"href":"https:\/\/9staedte.de\/sv\/wp-json\/wp\/v2\/comments?post=14499"}],"version-history":[{"count":2,"href":"https:\/\/9staedte.de\/sv\/wp-json\/wp\/v2\/pages\/14499\/revisions"}],"predecessor-version":[{"id":26937,"href":"https:\/\/9staedte.de\/sv\/wp-json\/wp\/v2\/pages\/14499\/revisions\/26937"}],"wp:featuredmedia":[{"embeddable":true,"href":"https:\/\/9staedte.de\/sv\/wp-json\/wp\/v2\/media\/13397"}],"wp:attachment":[{"href":"https:\/\/9staedte.de\/sv\/wp-json\/wp\/v2\/media?parent=14499"}],"wp:term":[{"taxonomy":"category","embeddable":true,"href":"https:\/\/9staedte.de\/sv\/wp-json\/wp\/v2\/categories?post=14499"},{"taxonomy":"post_tag","embeddable":true,"href":"https:\/\/9staedte.de\/sv\/wp-json\/wp\/v2\/tags?post=14499"},{"taxonomy":"ncap_cities_tax","embeddable":true,"href":"https:\/\/9staedte.de\/sv\/wp-json\/wp\/v2\/ncap_cities_tax?post=14499"}],"curies":[{"name":"wp","href":"https:\/\/api.w.org\/{rel}","templated":true}]}}