{"id":14490,"date":"2023-10-25T16:22:06","date_gmt":"2023-10-25T14:22:06","guid":{"rendered":"https:\/\/9staedte.de\/boende-i-de-9-staederna\/"},"modified":"2025-12-02T12:58:10","modified_gmt":"2025-12-02T11:58:10","slug":"boende-i-de-9-staederna","status":"publish","type":"page","link":"https:\/\/9staedte.de\/sv\/boende-i-de-9-staederna\/","title":{"rendered":"Bokning av boende i de 9 st\u00e4derna"},"content":{"rendered":"\n<h2 class=\"wp-block-heading\"><a href=\"http:\/\/www.visit-hannover.com\/9-staedte-hotelportal\">Till den centrala bokningsportalen 9 st\u00e4der + 2 <\/a><br\/><a href=\"http:\/\/www.visit-hannover.com\/9-staedte-hotelportal\">av Hannover Marketing och Tourismus GmbH<\/a><\/h2>\n\n<figure class=\"wp-block-image size-large\"><a href=\"http:\/\/www.visit-hannover.com\/9-staedte-hotelportal\"><img loading=\"lazy\" decoding=\"async\" width=\"1024\" height=\"295\" src=\"https:\/\/9staedte.de\/wp-content\/smush-webp\/2025\/12\/grafik-1024x295.png.webp\" alt=\"\" class=\"wp-image-27523\" srcset=\"https:\/\/9staedte.de\/wp-content\/smush-webp\/2025\/12\/grafik-1024x295.png.webp 1024w, https:\/\/9staedte.de\/wp-content\/smush-webp\/2025\/12\/grafik-300x86.png.webp 300w, https:\/\/9staedte.de\/wp-content\/smush-webp\/2025\/12\/grafik-768x221.png.webp 768w, https:\/\/9staedte.de\/wp-content\/smush-webp\/2025\/12\/grafik-scaled.png.webp 1200w\" sizes=\"auto, (max-width: 1024px) 100vw, 1024px\" \/><\/a><\/figure>\n\n<div style=\"height:140px\" aria-hidden=\"true\" class=\"wp-block-spacer\"><\/div>\n\n<p><\/p>\n\n<h2 class=\"wp-block-heading\">Rumsbokning direkt i de 9 st\u00e4derna<\/h2>\n","protected":false},"excerpt":{"rendered":"<p>Till den centrala bokningsportalen 9 st\u00e4der + 2 av Hannover Marketing och Tourismus GmbH Rumsbokning direkt i de 9 st\u00e4derna<\/p>\n","protected":false},"author":1,"featured_media":0,"parent":0,"menu_order":0,"comment_status":"closed","ping_status":"closed","template":"pagetemplates\/template-thema.php","meta":{"_acf_changed":false,"footnotes":""},"categories":[],"tags":[],"ncap_cities_tax":[],"class_list":["post-14490","page","type-page","status-publish","hentry"],"acf":[],"yoast_head":"<!-- This site is optimized with the Yoast SEO plugin v26.8 - https:\/\/yoast.com\/product\/yoast-seo-wordpress\/ -->\n<title>Bokning av boende i de 9 st\u00e4derna - 9 St\u00e4dte in Niedersachsen<\/title>\n<meta name=\"robots\" content=\"index, follow, max-snippet:-1, max-image-preview:large, max-video-preview:-1\" \/>\n<link rel=\"canonical\" href=\"https:\/\/9staedte.de\/sv\/boende-i-de-9-staederna\/\" \/>\n<meta property=\"og:locale\" content=\"sv_SE\" \/>\n<meta property=\"og:type\" content=\"article\" \/>\n<meta property=\"og:title\" content=\"Bokning av boende i de 9 st\u00e4derna - 9 St\u00e4dte in Niedersachsen\" \/>\n<meta property=\"og:description\" content=\"Till den centrala bokningsportalen 9 st\u00e4der + 2 av Hannover Marketing och Tourismus GmbH Rumsbokning direkt i de 9 st\u00e4derna\" \/>\n<meta property=\"og:url\" content=\"https:\/\/9staedte.de\/sv\/boende-i-de-9-staederna\/\" \/>\n<meta property=\"og:site_name\" content=\"9 St\u00e4dte in Niedersachsen\" \/>\n<meta property=\"article:modified_time\" content=\"2025-12-02T11:58:10+00:00\" \/>\n<meta property=\"og:image\" content=\"https:\/\/9staedte.de\/wp-content\/uploads\/2025\/12\/grafik-scaled.png\" \/>\n\t<meta property=\"og:image:width\" content=\"1200\" \/>\n\t<meta property=\"og:image:height\" content=\"345\" \/>\n\t<meta property=\"og:image:type\" content=\"image\/png\" \/>\n<meta name=\"twitter:card\" content=\"summary_large_image\" \/>\n<meta name=\"twitter:label1\" content=\"Ber\u00e4knad l\u00e4stid\" \/>\n\t<meta name=\"twitter:data1\" content=\"1 minut\" \/>\n<script type=\"application\/ld+json\" class=\"yoast-schema-graph\">{\"@context\":\"https:\/\/schema.org\",\"@graph\":[{\"@type\":\"WebPage\",\"@id\":\"https:\/\/9staedte.de\/sv\/boende-i-de-9-staederna\/\",\"url\":\"https:\/\/9staedte.de\/sv\/boende-i-de-9-staederna\/\",\"name\":\"Bokning av boende i de 9 st\u00e4derna - 9 St\u00e4dte in Niedersachsen\",\"isPartOf\":{\"@id\":\"https:\/\/9staedte.de\/sv\/#website\"},\"primaryImageOfPage\":{\"@id\":\"https:\/\/9staedte.de\/sv\/boende-i-de-9-staederna\/#primaryimage\"},\"image\":{\"@id\":\"https:\/\/9staedte.de\/sv\/boende-i-de-9-staederna\/#primaryimage\"},\"thumbnailUrl\":\"https:\/\/9staedte.de\/wp-content\/uploads\/2025\/12\/grafik-1024x295.png\",\"datePublished\":\"2023-10-25T14:22:06+00:00\",\"dateModified\":\"2025-12-02T11:58:10+00:00\",\"breadcrumb\":{\"@id\":\"https:\/\/9staedte.de\/sv\/boende-i-de-9-staederna\/#breadcrumb\"},\"inLanguage\":\"sv-SE\",\"potentialAction\":[{\"@type\":\"ReadAction\",\"target\":[\"https:\/\/9staedte.de\/sv\/boende-i-de-9-staederna\/\"]}]},{\"@type\":\"ImageObject\",\"inLanguage\":\"sv-SE\",\"@id\":\"https:\/\/9staedte.de\/sv\/boende-i-de-9-staederna\/#primaryimage\",\"url\":\"https:\/\/9staedte.de\/wp-content\/uploads\/2025\/12\/grafik-1024x295.png\",\"contentUrl\":\"https:\/\/9staedte.de\/wp-content\/uploads\/2025\/12\/grafik-1024x295.png\"},{\"@type\":\"BreadcrumbList\",\"@id\":\"https:\/\/9staedte.de\/sv\/boende-i-de-9-staederna\/#breadcrumb\",\"itemListElement\":[{\"@type\":\"ListItem\",\"position\":1,\"name\":\"Startseite\",\"item\":\"https:\/\/9staedte.de\/sv\/\"},{\"@type\":\"ListItem\",\"position\":2,\"name\":\"Bokning av boende i de 9 st\u00e4derna\"}]},{\"@type\":\"WebSite\",\"@id\":\"https:\/\/9staedte.de\/sv\/#website\",\"url\":\"https:\/\/9staedte.de\/sv\/\",\"name\":\"9 St\u00e4dte in Niedersachsen\",\"description\":\"\",\"publisher\":{\"@id\":\"https:\/\/9staedte.de\/sv\/#organization\"},\"potentialAction\":[{\"@type\":\"SearchAction\",\"target\":{\"@type\":\"EntryPoint\",\"urlTemplate\":\"https:\/\/9staedte.de\/sv\/?s={search_term_string}\"},\"query-input\":{\"@type\":\"PropertyValueSpecification\",\"valueRequired\":true,\"valueName\":\"search_term_string\"}}],\"inLanguage\":\"sv-SE\"},{\"@type\":\"Organization\",\"@id\":\"https:\/\/9staedte.de\/sv\/#organization\",\"name\":\"9 St\u00e4dte in Niedersachsen\",\"url\":\"https:\/\/9staedte.de\/sv\/\",\"logo\":{\"@type\":\"ImageObject\",\"inLanguage\":\"sv-SE\",\"@id\":\"https:\/\/9staedte.de\/sv\/#\/schema\/logo\/image\/\",\"url\":\"https:\/\/9staedte.de\/wp-content\/uploads\/2025\/01\/9-neg-deutsch-2-1.png\",\"contentUrl\":\"https:\/\/9staedte.de\/wp-content\/uploads\/2025\/01\/9-neg-deutsch-2-1.png\",\"width\":190,\"height\":114,\"caption\":\"9 St\u00e4dte in Niedersachsen\"},\"image\":{\"@id\":\"https:\/\/9staedte.de\/sv\/#\/schema\/logo\/image\/\"}}]}<\/script>\n<!-- \/ Yoast SEO plugin. -->","yoast_head_json":{"title":"Bokning av boende i de 9 st\u00e4derna - 9 St\u00e4dte in Niedersachsen","robots":{"index":"index","follow":"follow","max-snippet":"max-snippet:-1","max-image-preview":"max-image-preview:large","max-video-preview":"max-video-preview:-1"},"canonical":"https:\/\/9staedte.de\/sv\/boende-i-de-9-staederna\/","og_locale":"sv_SE","og_type":"article","og_title":"Bokning av boende i de 9 st\u00e4derna - 9 St\u00e4dte in Niedersachsen","og_description":"Till den centrala bokningsportalen 9 st\u00e4der + 2 av Hannover Marketing och Tourismus GmbH Rumsbokning direkt i de 9 st\u00e4derna","og_url":"https:\/\/9staedte.de\/sv\/boende-i-de-9-staederna\/","og_site_name":"9 St\u00e4dte in Niedersachsen","article_modified_time":"2025-12-02T11:58:10+00:00","og_image":[{"width":1200,"height":345,"url":"https:\/\/9staedte.de\/wp-content\/uploads\/2025\/12\/grafik-scaled.png","type":"image\/png"}],"twitter_card":"summary_large_image","twitter_misc":{"Ber\u00e4knad l\u00e4stid":"1 minut"},"schema":{"@context":"https:\/\/schema.org","@graph":[{"@type":"WebPage","@id":"https:\/\/9staedte.de\/sv\/boende-i-de-9-staederna\/","url":"https:\/\/9staedte.de\/sv\/boende-i-de-9-staederna\/","name":"Bokning av boende i de 9 st\u00e4derna - 9 St\u00e4dte in Niedersachsen","isPartOf":{"@id":"https:\/\/9staedte.de\/sv\/#website"},"primaryImageOfPage":{"@id":"https:\/\/9staedte.de\/sv\/boende-i-de-9-staederna\/#primaryimage"},"image":{"@id":"https:\/\/9staedte.de\/sv\/boende-i-de-9-staederna\/#primaryimage"},"thumbnailUrl":"https:\/\/9staedte.de\/wp-content\/uploads\/2025\/12\/grafik-1024x295.png","datePublished":"2023-10-25T14:22:06+00:00","dateModified":"2025-12-02T11:58:10+00:00","breadcrumb":{"@id":"https:\/\/9staedte.de\/sv\/boende-i-de-9-staederna\/#breadcrumb"},"inLanguage":"sv-SE","potentialAction":[{"@type":"ReadAction","target":["https:\/\/9staedte.de\/sv\/boende-i-de-9-staederna\/"]}]},{"@type":"ImageObject","inLanguage":"sv-SE","@id":"https:\/\/9staedte.de\/sv\/boende-i-de-9-staederna\/#primaryimage","url":"https:\/\/9staedte.de\/wp-content\/uploads\/2025\/12\/grafik-1024x295.png","contentUrl":"https:\/\/9staedte.de\/wp-content\/uploads\/2025\/12\/grafik-1024x295.png"},{"@type":"BreadcrumbList","@id":"https:\/\/9staedte.de\/sv\/boende-i-de-9-staederna\/#breadcrumb","itemListElement":[{"@type":"ListItem","position":1,"name":"Startseite","item":"https:\/\/9staedte.de\/sv\/"},{"@type":"ListItem","position":2,"name":"Bokning av boende i de 9 st\u00e4derna"}]},{"@type":"WebSite","@id":"https:\/\/9staedte.de\/sv\/#website","url":"https:\/\/9staedte.de\/sv\/","name":"9 St\u00e4dte in Niedersachsen","description":"","publisher":{"@id":"https:\/\/9staedte.de\/sv\/#organization"},"potentialAction":[{"@type":"SearchAction","target":{"@type":"EntryPoint","urlTemplate":"https:\/\/9staedte.de\/sv\/?s={search_term_string}"},"query-input":{"@type":"PropertyValueSpecification","valueRequired":true,"valueName":"search_term_string"}}],"inLanguage":"sv-SE"},{"@type":"Organization","@id":"https:\/\/9staedte.de\/sv\/#organization","name":"9 St\u00e4dte in Niedersachsen","url":"https:\/\/9staedte.de\/sv\/","logo":{"@type":"ImageObject","inLanguage":"sv-SE","@id":"https:\/\/9staedte.de\/sv\/#\/schema\/logo\/image\/","url":"https:\/\/9staedte.de\/wp-content\/uploads\/2025\/01\/9-neg-deutsch-2-1.png","contentUrl":"https:\/\/9staedte.de\/wp-content\/uploads\/2025\/01\/9-neg-deutsch-2-1.png","width":190,"height":114,"caption":"9 St\u00e4dte in Niedersachsen"},"image":{"@id":"https:\/\/9staedte.de\/sv\/#\/schema\/logo\/image\/"}}]}},"_links":{"self":[{"href":"https:\/\/9staedte.de\/sv\/wp-json\/wp\/v2\/pages\/14490","targetHints":{"allow":["GET"]}}],"collection":[{"href":"https:\/\/9staedte.de\/sv\/wp-json\/wp\/v2\/pages"}],"about":[{"href":"https:\/\/9staedte.de\/sv\/wp-json\/wp\/v2\/types\/page"}],"author":[{"embeddable":true,"href":"https:\/\/9staedte.de\/sv\/wp-json\/wp\/v2\/users\/1"}],"replies":[{"embeddable":true,"href":"https:\/\/9staedte.de\/sv\/wp-json\/wp\/v2\/comments?post=14490"}],"version-history":[{"count":3,"href":"https:\/\/9staedte.de\/sv\/wp-json\/wp\/v2\/pages\/14490\/revisions"}],"predecessor-version":[{"id":27555,"href":"https:\/\/9staedte.de\/sv\/wp-json\/wp\/v2\/pages\/14490\/revisions\/27555"}],"wp:attachment":[{"href":"https:\/\/9staedte.de\/sv\/wp-json\/wp\/v2\/media?parent=14490"}],"wp:term":[{"taxonomy":"category","embeddable":true,"href":"https:\/\/9staedte.de\/sv\/wp-json\/wp\/v2\/categories?post=14490"},{"taxonomy":"post_tag","embeddable":true,"href":"https:\/\/9staedte.de\/sv\/wp-json\/wp\/v2\/tags?post=14490"},{"taxonomy":"ncap_cities_tax","embeddable":true,"href":"https:\/\/9staedte.de\/sv\/wp-json\/wp\/v2\/ncap_cities_tax?post=14490"}],"curies":[{"name":"wp","href":"https:\/\/api.w.org\/{rel}","templated":true}]}}