{"id":14448,"date":"2023-10-25T16:23:15","date_gmt":"2023-10-25T14:23:15","guid":{"rendered":"https:\/\/9staedte.de\/intryck-fraan-goettingen\/"},"modified":"2025-05-15T16:56:01","modified_gmt":"2025-05-15T14:56:01","slug":"intryck-fraan-goettingen","status":"publish","type":"page","link":"https:\/\/9staedte.de\/sv\/goettingen-staden-som-skapar-kunskap\/intryck-fraan-goettingen\/","title":{"rendered":"Intryck fr\u00e5n G\u00f6ttingen"},"content":{"rendered":"\n<h2 class=\"wp-block-heading\">Staden som skapar kunskap<\/h2>\n\n\n\n<h3 class=\"wp-block-heading\">En \u00f6versikt:<\/h3>\n","protected":false},"excerpt":{"rendered":"<p>Staden som skapar kunskap En \u00f6versikt:<\/p>\n","protected":false},"author":1,"featured_media":13910,"parent":14552,"menu_order":0,"comment_status":"closed","ping_status":"closed","template":"pagetemplates\/template-stadtimpressionen.php","meta":{"_acf_changed":false,"footnotes":""},"categories":[],"tags":[],"ncap_cities_tax":[435,575],"class_list":["post-14448","page","type-page","status-publish","has-post-thumbnail","hentry","ncap_cities_tax-goettingen-sv","ncap_cities_tax-impressionen-goettingen-sv"],"acf":[],"yoast_head":"<!-- This site is optimized with the Yoast SEO plugin v26.8 - https:\/\/yoast.com\/product\/yoast-seo-wordpress\/ -->\n<title>Intryck fr\u00e5n G\u00f6ttingen - 9 St\u00e4dte in Niedersachsen<\/title>\n<meta name=\"robots\" content=\"index, follow, max-snippet:-1, max-image-preview:large, max-video-preview:-1\" \/>\n<link rel=\"canonical\" href=\"https:\/\/9staedte.de\/sv\/goettingen-staden-som-skapar-kunskap\/intryck-fraan-goettingen\/\" \/>\n<meta property=\"og:locale\" content=\"sv_SE\" \/>\n<meta property=\"og:type\" content=\"article\" \/>\n<meta property=\"og:title\" content=\"Intryck fr\u00e5n G\u00f6ttingen - 9 St\u00e4dte in Niedersachsen\" \/>\n<meta property=\"og:description\" content=\"Staden som skapar kunskap En \u00f6versikt:\" \/>\n<meta property=\"og:url\" content=\"https:\/\/9staedte.de\/sv\/goettingen-staden-som-skapar-kunskap\/intryck-fraan-goettingen\/\" \/>\n<meta property=\"og:site_name\" content=\"9 St\u00e4dte in Niedersachsen\" \/>\n<meta property=\"article:modified_time\" content=\"2025-05-15T14:56:01+00:00\" \/>\n<meta property=\"og:image\" content=\"https:\/\/9staedte.de\/wp-content\/uploads\/2022\/03\/Goettingen-Impressionen-Altes_Rathaus_Abendstimmung.jpg\" \/>\n\t<meta property=\"og:image:width\" content=\"1200\" \/>\n\t<meta property=\"og:image:height\" content=\"674\" \/>\n\t<meta property=\"og:image:type\" content=\"image\/jpeg\" \/>\n<meta name=\"twitter:card\" content=\"summary_large_image\" \/>\n<meta name=\"twitter:label1\" content=\"Ber\u00e4knad l\u00e4stid\" \/>\n\t<meta name=\"twitter:data1\" content=\"1 minut\" \/>\n<script type=\"application\/ld+json\" class=\"yoast-schema-graph\">{\"@context\":\"https:\/\/schema.org\",\"@graph\":[{\"@type\":\"WebPage\",\"@id\":\"https:\/\/9staedte.de\/sv\/goettingen-staden-som-skapar-kunskap\/intryck-fraan-goettingen\/\",\"url\":\"https:\/\/9staedte.de\/sv\/goettingen-staden-som-skapar-kunskap\/intryck-fraan-goettingen\/\",\"name\":\"Intryck fr\u00e5n G\u00f6ttingen - 9 St\u00e4dte in Niedersachsen\",\"isPartOf\":{\"@id\":\"https:\/\/9staedte.de\/sv\/#website\"},\"primaryImageOfPage\":{\"@id\":\"https:\/\/9staedte.de\/sv\/goettingen-staden-som-skapar-kunskap\/intryck-fraan-goettingen\/#primaryimage\"},\"image\":{\"@id\":\"https:\/\/9staedte.de\/sv\/goettingen-staden-som-skapar-kunskap\/intryck-fraan-goettingen\/#primaryimage\"},\"thumbnailUrl\":\"https:\/\/9staedte.de\/wp-content\/uploads\/2022\/03\/Goettingen-Impressionen-Altes_Rathaus_Abendstimmung.jpg\",\"datePublished\":\"2023-10-25T14:23:15+00:00\",\"dateModified\":\"2025-05-15T14:56:01+00:00\",\"breadcrumb\":{\"@id\":\"https:\/\/9staedte.de\/sv\/goettingen-staden-som-skapar-kunskap\/intryck-fraan-goettingen\/#breadcrumb\"},\"inLanguage\":\"sv-SE\",\"potentialAction\":[{\"@type\":\"ReadAction\",\"target\":[\"https:\/\/9staedte.de\/sv\/goettingen-staden-som-skapar-kunskap\/intryck-fraan-goettingen\/\"]}]},{\"@type\":\"ImageObject\",\"inLanguage\":\"sv-SE\",\"@id\":\"https:\/\/9staedte.de\/sv\/goettingen-staden-som-skapar-kunskap\/intryck-fraan-goettingen\/#primaryimage\",\"url\":\"https:\/\/9staedte.de\/wp-content\/uploads\/2022\/03\/Goettingen-Impressionen-Altes_Rathaus_Abendstimmung.jpg\",\"contentUrl\":\"https:\/\/9staedte.de\/wp-content\/uploads\/2022\/03\/Goettingen-Impressionen-Altes_Rathaus_Abendstimmung.jpg\",\"width\":1200,\"height\":674,\"caption\":\"Goettingen-Impressionen-Altes_Rathaus_Abendstimmung\"},{\"@type\":\"BreadcrumbList\",\"@id\":\"https:\/\/9staedte.de\/sv\/goettingen-staden-som-skapar-kunskap\/intryck-fraan-goettingen\/#breadcrumb\",\"itemListElement\":[{\"@type\":\"ListItem\",\"position\":1,\"name\":\"Startseite\",\"item\":\"https:\/\/9staedte.de\/sv\/\"},{\"@type\":\"ListItem\",\"position\":2,\"name\":\"G\u00f6ttingen &#8211; Staden som skapar kunskap\",\"item\":\"https:\/\/9staedte.de\/sv\/goettingen-staden-som-skapar-kunskap\/\"},{\"@type\":\"ListItem\",\"position\":3,\"name\":\"Intryck fr\u00e5n G\u00f6ttingen\"}]},{\"@type\":\"WebSite\",\"@id\":\"https:\/\/9staedte.de\/sv\/#website\",\"url\":\"https:\/\/9staedte.de\/sv\/\",\"name\":\"9 St\u00e4dte in Niedersachsen\",\"description\":\"\",\"publisher\":{\"@id\":\"https:\/\/9staedte.de\/sv\/#organization\"},\"potentialAction\":[{\"@type\":\"SearchAction\",\"target\":{\"@type\":\"EntryPoint\",\"urlTemplate\":\"https:\/\/9staedte.de\/sv\/?s={search_term_string}\"},\"query-input\":{\"@type\":\"PropertyValueSpecification\",\"valueRequired\":true,\"valueName\":\"search_term_string\"}}],\"inLanguage\":\"sv-SE\"},{\"@type\":\"Organization\",\"@id\":\"https:\/\/9staedte.de\/sv\/#organization\",\"name\":\"9 St\u00e4dte in Niedersachsen\",\"url\":\"https:\/\/9staedte.de\/sv\/\",\"logo\":{\"@type\":\"ImageObject\",\"inLanguage\":\"sv-SE\",\"@id\":\"https:\/\/9staedte.de\/sv\/#\/schema\/logo\/image\/\",\"url\":\"https:\/\/9staedte.de\/wp-content\/uploads\/2025\/01\/9-neg-deutsch-2-1.png\",\"contentUrl\":\"https:\/\/9staedte.de\/wp-content\/uploads\/2025\/01\/9-neg-deutsch-2-1.png\",\"width\":190,\"height\":114,\"caption\":\"9 St\u00e4dte in Niedersachsen\"},\"image\":{\"@id\":\"https:\/\/9staedte.de\/sv\/#\/schema\/logo\/image\/\"}}]}<\/script>\n<!-- \/ Yoast SEO plugin. -->","yoast_head_json":{"title":"Intryck fr\u00e5n G\u00f6ttingen - 9 St\u00e4dte in Niedersachsen","robots":{"index":"index","follow":"follow","max-snippet":"max-snippet:-1","max-image-preview":"max-image-preview:large","max-video-preview":"max-video-preview:-1"},"canonical":"https:\/\/9staedte.de\/sv\/goettingen-staden-som-skapar-kunskap\/intryck-fraan-goettingen\/","og_locale":"sv_SE","og_type":"article","og_title":"Intryck fr\u00e5n G\u00f6ttingen - 9 St\u00e4dte in Niedersachsen","og_description":"Staden som skapar kunskap En \u00f6versikt:","og_url":"https:\/\/9staedte.de\/sv\/goettingen-staden-som-skapar-kunskap\/intryck-fraan-goettingen\/","og_site_name":"9 St\u00e4dte in Niedersachsen","article_modified_time":"2025-05-15T14:56:01+00:00","og_image":[{"width":1200,"height":674,"url":"https:\/\/9staedte.de\/wp-content\/uploads\/2022\/03\/Goettingen-Impressionen-Altes_Rathaus_Abendstimmung.jpg","type":"image\/jpeg"}],"twitter_card":"summary_large_image","twitter_misc":{"Ber\u00e4knad l\u00e4stid":"1 minut"},"schema":{"@context":"https:\/\/schema.org","@graph":[{"@type":"WebPage","@id":"https:\/\/9staedte.de\/sv\/goettingen-staden-som-skapar-kunskap\/intryck-fraan-goettingen\/","url":"https:\/\/9staedte.de\/sv\/goettingen-staden-som-skapar-kunskap\/intryck-fraan-goettingen\/","name":"Intryck fr\u00e5n G\u00f6ttingen - 9 St\u00e4dte in Niedersachsen","isPartOf":{"@id":"https:\/\/9staedte.de\/sv\/#website"},"primaryImageOfPage":{"@id":"https:\/\/9staedte.de\/sv\/goettingen-staden-som-skapar-kunskap\/intryck-fraan-goettingen\/#primaryimage"},"image":{"@id":"https:\/\/9staedte.de\/sv\/goettingen-staden-som-skapar-kunskap\/intryck-fraan-goettingen\/#primaryimage"},"thumbnailUrl":"https:\/\/9staedte.de\/wp-content\/uploads\/2022\/03\/Goettingen-Impressionen-Altes_Rathaus_Abendstimmung.jpg","datePublished":"2023-10-25T14:23:15+00:00","dateModified":"2025-05-15T14:56:01+00:00","breadcrumb":{"@id":"https:\/\/9staedte.de\/sv\/goettingen-staden-som-skapar-kunskap\/intryck-fraan-goettingen\/#breadcrumb"},"inLanguage":"sv-SE","potentialAction":[{"@type":"ReadAction","target":["https:\/\/9staedte.de\/sv\/goettingen-staden-som-skapar-kunskap\/intryck-fraan-goettingen\/"]}]},{"@type":"ImageObject","inLanguage":"sv-SE","@id":"https:\/\/9staedte.de\/sv\/goettingen-staden-som-skapar-kunskap\/intryck-fraan-goettingen\/#primaryimage","url":"https:\/\/9staedte.de\/wp-content\/uploads\/2022\/03\/Goettingen-Impressionen-Altes_Rathaus_Abendstimmung.jpg","contentUrl":"https:\/\/9staedte.de\/wp-content\/uploads\/2022\/03\/Goettingen-Impressionen-Altes_Rathaus_Abendstimmung.jpg","width":1200,"height":674,"caption":"Goettingen-Impressionen-Altes_Rathaus_Abendstimmung"},{"@type":"BreadcrumbList","@id":"https:\/\/9staedte.de\/sv\/goettingen-staden-som-skapar-kunskap\/intryck-fraan-goettingen\/#breadcrumb","itemListElement":[{"@type":"ListItem","position":1,"name":"Startseite","item":"https:\/\/9staedte.de\/sv\/"},{"@type":"ListItem","position":2,"name":"G\u00f6ttingen &#8211; Staden som skapar kunskap","item":"https:\/\/9staedte.de\/sv\/goettingen-staden-som-skapar-kunskap\/"},{"@type":"ListItem","position":3,"name":"Intryck fr\u00e5n G\u00f6ttingen"}]},{"@type":"WebSite","@id":"https:\/\/9staedte.de\/sv\/#website","url":"https:\/\/9staedte.de\/sv\/","name":"9 St\u00e4dte in Niedersachsen","description":"","publisher":{"@id":"https:\/\/9staedte.de\/sv\/#organization"},"potentialAction":[{"@type":"SearchAction","target":{"@type":"EntryPoint","urlTemplate":"https:\/\/9staedte.de\/sv\/?s={search_term_string}"},"query-input":{"@type":"PropertyValueSpecification","valueRequired":true,"valueName":"search_term_string"}}],"inLanguage":"sv-SE"},{"@type":"Organization","@id":"https:\/\/9staedte.de\/sv\/#organization","name":"9 St\u00e4dte in Niedersachsen","url":"https:\/\/9staedte.de\/sv\/","logo":{"@type":"ImageObject","inLanguage":"sv-SE","@id":"https:\/\/9staedte.de\/sv\/#\/schema\/logo\/image\/","url":"https:\/\/9staedte.de\/wp-content\/uploads\/2025\/01\/9-neg-deutsch-2-1.png","contentUrl":"https:\/\/9staedte.de\/wp-content\/uploads\/2025\/01\/9-neg-deutsch-2-1.png","width":190,"height":114,"caption":"9 St\u00e4dte in Niedersachsen"},"image":{"@id":"https:\/\/9staedte.de\/sv\/#\/schema\/logo\/image\/"}}]}},"_links":{"self":[{"href":"https:\/\/9staedte.de\/sv\/wp-json\/wp\/v2\/pages\/14448","targetHints":{"allow":["GET"]}}],"collection":[{"href":"https:\/\/9staedte.de\/sv\/wp-json\/wp\/v2\/pages"}],"about":[{"href":"https:\/\/9staedte.de\/sv\/wp-json\/wp\/v2\/types\/page"}],"author":[{"embeddable":true,"href":"https:\/\/9staedte.de\/sv\/wp-json\/wp\/v2\/users\/1"}],"replies":[{"embeddable":true,"href":"https:\/\/9staedte.de\/sv\/wp-json\/wp\/v2\/comments?post=14448"}],"version-history":[{"count":3,"href":"https:\/\/9staedte.de\/sv\/wp-json\/wp\/v2\/pages\/14448\/revisions"}],"predecessor-version":[{"id":25869,"href":"https:\/\/9staedte.de\/sv\/wp-json\/wp\/v2\/pages\/14448\/revisions\/25869"}],"up":[{"embeddable":true,"href":"https:\/\/9staedte.de\/sv\/wp-json\/wp\/v2\/pages\/14552"}],"wp:featuredmedia":[{"embeddable":true,"href":"https:\/\/9staedte.de\/sv\/wp-json\/wp\/v2\/media\/13910"}],"wp:attachment":[{"href":"https:\/\/9staedte.de\/sv\/wp-json\/wp\/v2\/media?parent=14448"}],"wp:term":[{"taxonomy":"category","embeddable":true,"href":"https:\/\/9staedte.de\/sv\/wp-json\/wp\/v2\/categories?post=14448"},{"taxonomy":"post_tag","embeddable":true,"href":"https:\/\/9staedte.de\/sv\/wp-json\/wp\/v2\/tags?post=14448"},{"taxonomy":"ncap_cities_tax","embeddable":true,"href":"https:\/\/9staedte.de\/sv\/wp-json\/wp\/v2\/ncap_cities_tax?post=14448"}],"curies":[{"name":"wp","href":"https:\/\/api.w.org\/{rel}","templated":true}]}}