{"id":14424,"date":"2023-10-25T16:22:25","date_gmt":"2023-10-25T14:22:25","guid":{"rendered":"https:\/\/9staedte.de\/braunschweig-lejonstaden\/slott-och-traedgaardar-i-brunswick\/"},"modified":"2023-10-25T17:41:13","modified_gmt":"2023-10-25T15:41:13","slug":"slott-och-traedgaardar-i-brunswick","status":"publish","type":"page","link":"https:\/\/9staedte.de\/sv\/braunschweig-lejonstaden\/slott-och-traedgaardar-i-brunswick\/","title":{"rendered":"Slott och tr\u00e4dg\u00e5rdar i Brunswick"},"content":{"rendered":"\r\n\r\n    <div class=\"filter-posts\">\r\n            <div  id=\"filterContent\">\r\n                                                        \n<div class=\"contentKachel filtr-item\" data-category=\"braunschweig-sv\">\n    <a href=\"https:\/\/9staedte.de\/sv\/senbarock-arkitektur-paa-richmond-castle\/\">\n        <div class=\"contentKachel-inner\">\n                            <div class=\"contentKachel-thumbnail\">\n                    <img loading=\"lazy\" decoding=\"async\" width=\"300\" height=\"165\" src=\"https:\/\/9staedte.de\/wp-content\/smush-webp\/2022\/06\/Braunschweig-Richmond-palace-c-Braunschweig-Stadtmarketing-GmbH-300x165.jpg.webp\" class=\"objectfitcover withfilters wp-post-image\" alt=\"Bilden visar ett litet slott. Slottet \u00e4r runt och har stora f\u00f6nster. Framf\u00f6r slottet blommar m\u00e5nga r\u00f6da blommor. Bakom slottet finns stora tr\u00e4d. Himlen \u00e4r bl\u00e5 med n\u00e5gra moln.em Schloss stehen gro\u00dfe B\u00e4ume.Der Himmel ist blau mit ein paar Wolken.\" srcset=\"https:\/\/9staedte.de\/wp-content\/smush-webp\/2022\/06\/Braunschweig-Richmond-palace-c-Braunschweig-Stadtmarketing-GmbH-300x165.jpg.webp 300w, https:\/\/9staedte.de\/wp-content\/smush-webp\/2022\/06\/Braunschweig-Richmond-palace-c-Braunschweig-Stadtmarketing-GmbH-768x422.jpg.webp 768w, https:\/\/9staedte.de\/wp-content\/smush-webp\/2022\/06\/Braunschweig-Richmond-palace-c-Braunschweig-Stadtmarketing-GmbH.jpg.webp 1020w\" sizes=\"auto, (max-width: 300px) 100vw, 300px\" \/>                    <img loading=\"lazy\" decoding=\"async\" width=\"300\" height=\"165\" src=\"https:\/\/9staedte.de\/wp-content\/smush-webp\/2022\/06\/Braunschweig-Richmond-palace-c-Braunschweig-Stadtmarketing-GmbH-300x165.jpg.webp\" class=\"objectfitcontain wp-post-image\" alt=\"Bilden visar ett litet slott. Slottet \u00e4r runt och har stora f\u00f6nster. Framf\u00f6r slottet blommar m\u00e5nga r\u00f6da blommor. Bakom slottet finns stora tr\u00e4d. Himlen \u00e4r bl\u00e5 med n\u00e5gra moln.em Schloss stehen gro\u00dfe B\u00e4ume.Der Himmel ist blau mit ein paar Wolken.\" srcset=\"https:\/\/9staedte.de\/wp-content\/smush-webp\/2022\/06\/Braunschweig-Richmond-palace-c-Braunschweig-Stadtmarketing-GmbH-300x165.jpg.webp 300w, https:\/\/9staedte.de\/wp-content\/smush-webp\/2022\/06\/Braunschweig-Richmond-palace-c-Braunschweig-Stadtmarketing-GmbH-768x422.jpg.webp 768w, https:\/\/9staedte.de\/wp-content\/smush-webp\/2022\/06\/Braunschweig-Richmond-palace-c-Braunschweig-Stadtmarketing-GmbH.jpg.webp 1020w\" sizes=\"auto, (max-width: 300px) 100vw, 300px\" \/>                        <div class=\"thumbnail-label\">\n    <span>Braunschweig Richmond palace c) Braunschweig Stadtmarketing GmbH<\/span>\n    <\/div>\n                <\/div>\n                        <div class=\"contentKachel-content\">\n                                    <div class=\"city-tag bg-braunschweig\">\n                        Braunschweig                    <\/div>\n                \n                <div class=\"title\">\n\n                    Senbarock arkitektur p\u00e5 Richmond Castle                    \n                <\/div>\n\n                            <\/div>\n\n        <\/div>\n    <\/a>\n<\/div>                                                        \n<div class=\"contentKachel filtr-item\" data-category=\"braunschweig-sv\">\n    <a href=\"https:\/\/9staedte.de\/sv\/residenspalats-med-quadriga-och-palatsmuseum-i-braunschweig\/\">\n        <div class=\"contentKachel-inner\">\n                            <div class=\"contentKachel-thumbnail\">\n                    <img loading=\"lazy\" decoding=\"async\" width=\"300\" height=\"164\" src=\"https:\/\/9staedte.de\/wp-content\/smush-webp\/2022\/03\/Braunschweig-Schloss-c-Braunschweig-Stadtmarketing-Christian-Bierwagen-1-300x164.jpg.webp\" class=\"objectfitcover withfilters wp-post-image\" alt=\"\" srcset=\"https:\/\/9staedte.de\/wp-content\/smush-webp\/2022\/03\/Braunschweig-Schloss-c-Braunschweig-Stadtmarketing-Christian-Bierwagen-1-300x164.jpg.webp 300w, https:\/\/9staedte.de\/wp-content\/smush-webp\/2022\/03\/Braunschweig-Schloss-c-Braunschweig-Stadtmarketing-Christian-Bierwagen-1-768x419.jpg.webp 768w, https:\/\/9staedte.de\/wp-content\/smush-webp\/2022\/03\/Braunschweig-Schloss-c-Braunschweig-Stadtmarketing-Christian-Bierwagen-1.jpg.webp 1020w\" sizes=\"auto, (max-width: 300px) 100vw, 300px\" \/>                    <img loading=\"lazy\" decoding=\"async\" width=\"300\" height=\"164\" src=\"https:\/\/9staedte.de\/wp-content\/smush-webp\/2022\/03\/Braunschweig-Schloss-c-Braunschweig-Stadtmarketing-Christian-Bierwagen-1-300x164.jpg.webp\" class=\"objectfitcontain wp-post-image\" alt=\"\" srcset=\"https:\/\/9staedte.de\/wp-content\/smush-webp\/2022\/03\/Braunschweig-Schloss-c-Braunschweig-Stadtmarketing-Christian-Bierwagen-1-300x164.jpg.webp 300w, https:\/\/9staedte.de\/wp-content\/smush-webp\/2022\/03\/Braunschweig-Schloss-c-Braunschweig-Stadtmarketing-Christian-Bierwagen-1-768x419.jpg.webp 768w, https:\/\/9staedte.de\/wp-content\/smush-webp\/2022\/03\/Braunschweig-Schloss-c-Braunschweig-Stadtmarketing-Christian-Bierwagen-1.jpg.webp 1020w\" sizes=\"auto, (max-width: 300px) 100vw, 300px\" \/>                        <div class=\"thumbnail-label\">\n    <span>Braunschweig Schloss c) Braunschweig Stadtmarketing Christian Bierwagen<\/span>\n    <\/div>\n                <\/div>\n                        <div class=\"contentKachel-content\">\n                                    <div class=\"city-tag bg-braunschweig\">\n                        Braunschweig                    <\/div>\n                \n                <div class=\"title\">\n\n                    Residenspalats med Quadriga och palatsmuseum i Braunschweig                    \n                <\/div>\n\n                            <\/div>\n\n        <\/div>\n    <\/a>\n<\/div>                                                        \n<div class=\"contentKachel filtr-item\" data-category=\"braunschweig-sv\">\n    <a href=\"https:\/\/9staedte.de\/sv\/brunswicks-parker-och-traedgaardar-runt-floden-oker\/\">\n        <div class=\"contentKachel-inner\">\n                            <div class=\"contentKachel-thumbnail\">\n                    <img loading=\"lazy\" decoding=\"async\" width=\"300\" height=\"163\" src=\"https:\/\/9staedte.de\/wp-content\/smush-webp\/2023\/02\/Braunschweig_Buergerpark_Oker_Paddeln_Braunschweig-Stadtmarketing-GmbH_Daniel-Moeller-2-300x163.jpg.webp\" class=\"objectfitcover withfilters wp-post-image\" alt=\"Bilden visar m\u00e4nniskor som paddlar p\u00e5 floden Oker i Braunschweig. Tv\u00e5 kanoter glider fram p\u00e5 en lugn flod. B\u00e5tarna \u00e4r omgivna av gr\u00f6nska och tr\u00e4d. I bakgrunden syns en liten bro. Det \u00e4r en solig dag.\" srcset=\"https:\/\/9staedte.de\/wp-content\/smush-webp\/2023\/02\/Braunschweig_Buergerpark_Oker_Paddeln_Braunschweig-Stadtmarketing-GmbH_Daniel-Moeller-2-300x163.jpg.webp 300w, https:\/\/9staedte.de\/wp-content\/smush-webp\/2023\/02\/Braunschweig_Buergerpark_Oker_Paddeln_Braunschweig-Stadtmarketing-GmbH_Daniel-Moeller-2-768x416.jpg.webp 768w, https:\/\/9staedte.de\/wp-content\/smush-webp\/2023\/02\/Braunschweig_Buergerpark_Oker_Paddeln_Braunschweig-Stadtmarketing-GmbH_Daniel-Moeller-2.jpg.webp 1020w\" sizes=\"auto, (max-width: 300px) 100vw, 300px\" \/>                    <img loading=\"lazy\" decoding=\"async\" width=\"300\" height=\"163\" src=\"https:\/\/9staedte.de\/wp-content\/smush-webp\/2023\/02\/Braunschweig_Buergerpark_Oker_Paddeln_Braunschweig-Stadtmarketing-GmbH_Daniel-Moeller-2-300x163.jpg.webp\" class=\"objectfitcontain wp-post-image\" alt=\"Bilden visar m\u00e4nniskor som paddlar p\u00e5 floden Oker i Braunschweig. Tv\u00e5 kanoter glider fram p\u00e5 en lugn flod. B\u00e5tarna \u00e4r omgivna av gr\u00f6nska och tr\u00e4d. I bakgrunden syns en liten bro. Det \u00e4r en solig dag.\" srcset=\"https:\/\/9staedte.de\/wp-content\/smush-webp\/2023\/02\/Braunschweig_Buergerpark_Oker_Paddeln_Braunschweig-Stadtmarketing-GmbH_Daniel-Moeller-2-300x163.jpg.webp 300w, https:\/\/9staedte.de\/wp-content\/smush-webp\/2023\/02\/Braunschweig_Buergerpark_Oker_Paddeln_Braunschweig-Stadtmarketing-GmbH_Daniel-Moeller-2-768x416.jpg.webp 768w, https:\/\/9staedte.de\/wp-content\/smush-webp\/2023\/02\/Braunschweig_Buergerpark_Oker_Paddeln_Braunschweig-Stadtmarketing-GmbH_Daniel-Moeller-2.jpg.webp 1020w\" sizes=\"auto, (max-width: 300px) 100vw, 300px\" \/>                        <div class=\"thumbnail-label\">\n    <span>Braunschweig_B\u00fcrgerpark_Oker_Paddeln_Braunschweig Stadtmarketing GmbH_Daniel M\u00f6ller (2)<\/span>\n    <\/div>\n                <\/div>\n                        <div class=\"contentKachel-content\">\n                                    <div class=\"city-tag bg-braunschweig\">\n                        Braunschweig                    <\/div>\n                \n                <div class=\"title\">\n\n                    Brunswicks parker och tr\u00e4dg\u00e5rdar runt floden Oker                    \n                <\/div>\n\n                            <\/div>\n\n        <\/div>\n    <\/a>\n<\/div>                                                        \n<div class=\"contentKachel filtr-item\" data-category=\"braunschweig-sv\">\n    <a href=\"https:\/\/9staedte.de\/sv\/dankwarderode-slott\/\">\n        <div class=\"contentKachel-inner\">\n                            <div class=\"contentKachel-thumbnail\">\n                    <img loading=\"lazy\" decoding=\"async\" width=\"300\" height=\"165\" src=\"https:\/\/9staedte.de\/wp-content\/smush-webp\/2023\/01\/Burgplatz_cc-by-nd-Braunschweig-Stadtmarketing-GmbH-Christian-Bierwagen--300x165.jpg.webp\" class=\"objectfitcover withfilters wp-post-image\" alt=\"Bilden visar Burgplatz i Braunschweig. I mitten st\u00e5r en staty av ett lejon p\u00e5 en h\u00f6g sockel. Till v\u00e4nster finns en gammal byggnad med b\u00e5gar. Till h\u00f6ger syns en stor kyrka med m\u00e5nga f\u00f6nster. I bakgrunden syns ett h\u00f6gt torn med en gr\u00f6n spets. Folk promenerar p\u00e5 torget. Himlen \u00e4r ljus med n\u00e5gra moln. St\u00e4mningen \u00e4r lugn och v\u00e4nlig.\" srcset=\"https:\/\/9staedte.de\/wp-content\/smush-webp\/2023\/01\/Burgplatz_cc-by-nd-Braunschweig-Stadtmarketing-GmbH-Christian-Bierwagen--300x165.jpg.webp 300w, https:\/\/9staedte.de\/wp-content\/smush-webp\/2023\/01\/Burgplatz_cc-by-nd-Braunschweig-Stadtmarketing-GmbH-Christian-Bierwagen--768x422.jpg.webp 768w, https:\/\/9staedte.de\/wp-content\/smush-webp\/2023\/01\/Burgplatz_cc-by-nd-Braunschweig-Stadtmarketing-GmbH-Christian-Bierwagen-.jpg.webp 1020w\" sizes=\"auto, (max-width: 300px) 100vw, 300px\" \/>                    <img loading=\"lazy\" decoding=\"async\" width=\"300\" height=\"165\" src=\"https:\/\/9staedte.de\/wp-content\/smush-webp\/2023\/01\/Burgplatz_cc-by-nd-Braunschweig-Stadtmarketing-GmbH-Christian-Bierwagen--300x165.jpg.webp\" class=\"objectfitcontain wp-post-image\" alt=\"Bilden visar Burgplatz i Braunschweig. I mitten st\u00e5r en staty av ett lejon p\u00e5 en h\u00f6g sockel. Till v\u00e4nster finns en gammal byggnad med b\u00e5gar. Till h\u00f6ger syns en stor kyrka med m\u00e5nga f\u00f6nster. I bakgrunden syns ett h\u00f6gt torn med en gr\u00f6n spets. Folk promenerar p\u00e5 torget. Himlen \u00e4r ljus med n\u00e5gra moln. St\u00e4mningen \u00e4r lugn och v\u00e4nlig.\" srcset=\"https:\/\/9staedte.de\/wp-content\/smush-webp\/2023\/01\/Burgplatz_cc-by-nd-Braunschweig-Stadtmarketing-GmbH-Christian-Bierwagen--300x165.jpg.webp 300w, https:\/\/9staedte.de\/wp-content\/smush-webp\/2023\/01\/Burgplatz_cc-by-nd-Braunschweig-Stadtmarketing-GmbH-Christian-Bierwagen--768x422.jpg.webp 768w, https:\/\/9staedte.de\/wp-content\/smush-webp\/2023\/01\/Burgplatz_cc-by-nd-Braunschweig-Stadtmarketing-GmbH-Christian-Bierwagen-.jpg.webp 1020w\" sizes=\"auto, (max-width: 300px) 100vw, 300px\" \/>                        <div class=\"thumbnail-label\">\n    <span>Braunschweig Burgplatz c) Braunschweig Stadtmarketing \/ Christian Bierwagen<\/span>\n    <\/div>\n                <\/div>\n                        <div class=\"contentKachel-content\">\n                                    <div class=\"city-tag bg-braunschweig\">\n                        Braunschweig                    <\/div>\n                \n                <div class=\"title\">\n\n                    Dankwarderode slott                    \n                <\/div>\n\n                            <\/div>\n\n        <\/div>\n    <\/a>\n<\/div>                                            <\/div>\r\n    <\/div>\r\n","protected":false},"excerpt":{"rendered":"","protected":false},"author":1,"featured_media":14427,"parent":14382,"menu_order":0,"comment_status":"closed","ping_status":"closed","template":"pagetemplates\/template-stadtthema.php","meta":{"_acf_changed":false,"footnotes":""},"categories":[],"tags":[],"ncap_cities_tax":[421,701],"class_list":["post-14424","page","type-page","status-publish","has-post-thumbnail","hentry","ncap_cities_tax-braunschweig-sv","ncap_cities_tax-schlosser-und-garten-braunschweig-sv"],"acf":[],"yoast_head":"<!-- This site is optimized with the Yoast SEO plugin v27.4 - https:\/\/yoast.com\/product\/yoast-seo-wordpress\/ -->\n<title>Slott och tr\u00e4dg\u00e5rdar i Brunswick - 9 St\u00e4dte in Niedersachsen<\/title>\n<meta name=\"robots\" content=\"index, follow, max-snippet:-1, max-image-preview:large, max-video-preview:-1\" \/>\n<link rel=\"canonical\" href=\"https:\/\/9staedte.de\/sv\/braunschweig-lejonstaden\/slott-och-traedgaardar-i-brunswick\/\" \/>\n<meta property=\"og:locale\" content=\"sv_SE\" \/>\n<meta property=\"og:type\" content=\"article\" \/>\n<meta property=\"og:title\" content=\"Slott och tr\u00e4dg\u00e5rdar i Brunswick - 9 St\u00e4dte in Niedersachsen\" \/>\n<meta property=\"og:url\" content=\"https:\/\/9staedte.de\/sv\/braunschweig-lejonstaden\/slott-och-traedgaardar-i-brunswick\/\" \/>\n<meta property=\"og:site_name\" content=\"9 St\u00e4dte in Niedersachsen\" \/>\n<meta property=\"article:modified_time\" content=\"2023-10-25T15:41:13+00:00\" \/>\n<meta property=\"og:image\" content=\"https:\/\/9staedte.de\/wp-content\/uploads\/2023\/06\/Braunschweig-Residenzschloss-c-BSM-Christian-Bierwagen-1.jpg\" \/>\n\t<meta property=\"og:image:width\" content=\"1019\" \/>\n\t<meta property=\"og:image:height\" content=\"562\" \/>\n\t<meta property=\"og:image:type\" content=\"image\/jpeg\" \/>\n<meta name=\"twitter:card\" content=\"summary_large_image\" \/>\n<script type=\"application\/ld+json\" class=\"yoast-schema-graph\">{\"@context\":\"https:\\\/\\\/schema.org\",\"@graph\":[{\"@type\":\"WebPage\",\"@id\":\"https:\\\/\\\/9staedte.de\\\/sv\\\/braunschweig-lejonstaden\\\/slott-och-traedgaardar-i-brunswick\\\/\",\"url\":\"https:\\\/\\\/9staedte.de\\\/sv\\\/braunschweig-lejonstaden\\\/slott-och-traedgaardar-i-brunswick\\\/\",\"name\":\"Slott och tr\u00e4dg\u00e5rdar i Brunswick - 9 St\u00e4dte in Niedersachsen\",\"isPartOf\":{\"@id\":\"https:\\\/\\\/9staedte.de\\\/sv\\\/#website\"},\"primaryImageOfPage\":{\"@id\":\"https:\\\/\\\/9staedte.de\\\/sv\\\/braunschweig-lejonstaden\\\/slott-och-traedgaardar-i-brunswick\\\/#primaryimage\"},\"image\":{\"@id\":\"https:\\\/\\\/9staedte.de\\\/sv\\\/braunschweig-lejonstaden\\\/slott-och-traedgaardar-i-brunswick\\\/#primaryimage\"},\"thumbnailUrl\":\"https:\\\/\\\/9staedte.de\\\/wp-content\\\/uploads\\\/2023\\\/06\\\/Braunschweig-Residenzschloss-c-BSM-Christian-Bierwagen-1.jpg\",\"datePublished\":\"2023-10-25T14:22:25+00:00\",\"dateModified\":\"2023-10-25T15:41:13+00:00\",\"breadcrumb\":{\"@id\":\"https:\\\/\\\/9staedte.de\\\/sv\\\/braunschweig-lejonstaden\\\/slott-och-traedgaardar-i-brunswick\\\/#breadcrumb\"},\"inLanguage\":\"sv-SE\",\"potentialAction\":[{\"@type\":\"ReadAction\",\"target\":[\"https:\\\/\\\/9staedte.de\\\/sv\\\/braunschweig-lejonstaden\\\/slott-och-traedgaardar-i-brunswick\\\/\"]}]},{\"@type\":\"ImageObject\",\"inLanguage\":\"sv-SE\",\"@id\":\"https:\\\/\\\/9staedte.de\\\/sv\\\/braunschweig-lejonstaden\\\/slott-och-traedgaardar-i-brunswick\\\/#primaryimage\",\"url\":\"https:\\\/\\\/9staedte.de\\\/wp-content\\\/uploads\\\/2023\\\/06\\\/Braunschweig-Residenzschloss-c-BSM-Christian-Bierwagen-1.jpg\",\"contentUrl\":\"https:\\\/\\\/9staedte.de\\\/wp-content\\\/uploads\\\/2023\\\/06\\\/Braunschweig-Residenzschloss-c-BSM-Christian-Bierwagen-1.jpg\",\"width\":1019,\"height\":562,\"caption\":\"Braunschweig Residenzschloss c) BSM Christian Bierwagen\"},{\"@type\":\"BreadcrumbList\",\"@id\":\"https:\\\/\\\/9staedte.de\\\/sv\\\/braunschweig-lejonstaden\\\/slott-och-traedgaardar-i-brunswick\\\/#breadcrumb\",\"itemListElement\":[{\"@type\":\"ListItem\",\"position\":1,\"name\":\"Startseite\",\"item\":\"https:\\\/\\\/9staedte.de\\\/sv\\\/\"},{\"@type\":\"ListItem\",\"position\":2,\"name\":\"Braunschweig &#8211; City of Lions\",\"item\":\"https:\\\/\\\/9staedte.de\\\/sv\\\/braunschweig-lejonstaden\\\/\"},{\"@type\":\"ListItem\",\"position\":3,\"name\":\"Slott och tr\u00e4dg\u00e5rdar i Brunswick\"}]},{\"@type\":\"WebSite\",\"@id\":\"https:\\\/\\\/9staedte.de\\\/sv\\\/#website\",\"url\":\"https:\\\/\\\/9staedte.de\\\/sv\\\/\",\"name\":\"9 St\u00e4dte in Niedersachsen\",\"description\":\"\",\"publisher\":{\"@id\":\"https:\\\/\\\/9staedte.de\\\/sv\\\/#organization\"},\"potentialAction\":[{\"@type\":\"SearchAction\",\"target\":{\"@type\":\"EntryPoint\",\"urlTemplate\":\"https:\\\/\\\/9staedte.de\\\/sv\\\/?s={search_term_string}\"},\"query-input\":{\"@type\":\"PropertyValueSpecification\",\"valueRequired\":true,\"valueName\":\"search_term_string\"}}],\"inLanguage\":\"sv-SE\"},{\"@type\":\"Organization\",\"@id\":\"https:\\\/\\\/9staedte.de\\\/sv\\\/#organization\",\"name\":\"9 St\u00e4dte in Niedersachsen\",\"url\":\"https:\\\/\\\/9staedte.de\\\/sv\\\/\",\"logo\":{\"@type\":\"ImageObject\",\"inLanguage\":\"sv-SE\",\"@id\":\"https:\\\/\\\/9staedte.de\\\/sv\\\/#\\\/schema\\\/logo\\\/image\\\/\",\"url\":\"https:\\\/\\\/9staedte.de\\\/wp-content\\\/uploads\\\/2025\\\/01\\\/9-neg-deutsch-2-1.png\",\"contentUrl\":\"https:\\\/\\\/9staedte.de\\\/wp-content\\\/uploads\\\/2025\\\/01\\\/9-neg-deutsch-2-1.png\",\"width\":190,\"height\":114,\"caption\":\"9 St\u00e4dte in Niedersachsen\"},\"image\":{\"@id\":\"https:\\\/\\\/9staedte.de\\\/sv\\\/#\\\/schema\\\/logo\\\/image\\\/\"}}]}<\/script>\n<!-- \/ Yoast SEO plugin. -->","yoast_head_json":{"title":"Slott och tr\u00e4dg\u00e5rdar i Brunswick - 9 St\u00e4dte in Niedersachsen","robots":{"index":"index","follow":"follow","max-snippet":"max-snippet:-1","max-image-preview":"max-image-preview:large","max-video-preview":"max-video-preview:-1"},"canonical":"https:\/\/9staedte.de\/sv\/braunschweig-lejonstaden\/slott-och-traedgaardar-i-brunswick\/","og_locale":"sv_SE","og_type":"article","og_title":"Slott och tr\u00e4dg\u00e5rdar i Brunswick - 9 St\u00e4dte in Niedersachsen","og_url":"https:\/\/9staedte.de\/sv\/braunschweig-lejonstaden\/slott-och-traedgaardar-i-brunswick\/","og_site_name":"9 St\u00e4dte in Niedersachsen","article_modified_time":"2023-10-25T15:41:13+00:00","og_image":[{"width":1019,"height":562,"url":"https:\/\/9staedte.de\/wp-content\/uploads\/2023\/06\/Braunschweig-Residenzschloss-c-BSM-Christian-Bierwagen-1.jpg","type":"image\/jpeg"}],"twitter_card":"summary_large_image","schema":{"@context":"https:\/\/schema.org","@graph":[{"@type":"WebPage","@id":"https:\/\/9staedte.de\/sv\/braunschweig-lejonstaden\/slott-och-traedgaardar-i-brunswick\/","url":"https:\/\/9staedte.de\/sv\/braunschweig-lejonstaden\/slott-och-traedgaardar-i-brunswick\/","name":"Slott och tr\u00e4dg\u00e5rdar i Brunswick - 9 St\u00e4dte in Niedersachsen","isPartOf":{"@id":"https:\/\/9staedte.de\/sv\/#website"},"primaryImageOfPage":{"@id":"https:\/\/9staedte.de\/sv\/braunschweig-lejonstaden\/slott-och-traedgaardar-i-brunswick\/#primaryimage"},"image":{"@id":"https:\/\/9staedte.de\/sv\/braunschweig-lejonstaden\/slott-och-traedgaardar-i-brunswick\/#primaryimage"},"thumbnailUrl":"https:\/\/9staedte.de\/wp-content\/uploads\/2023\/06\/Braunschweig-Residenzschloss-c-BSM-Christian-Bierwagen-1.jpg","datePublished":"2023-10-25T14:22:25+00:00","dateModified":"2023-10-25T15:41:13+00:00","breadcrumb":{"@id":"https:\/\/9staedte.de\/sv\/braunschweig-lejonstaden\/slott-och-traedgaardar-i-brunswick\/#breadcrumb"},"inLanguage":"sv-SE","potentialAction":[{"@type":"ReadAction","target":["https:\/\/9staedte.de\/sv\/braunschweig-lejonstaden\/slott-och-traedgaardar-i-brunswick\/"]}]},{"@type":"ImageObject","inLanguage":"sv-SE","@id":"https:\/\/9staedte.de\/sv\/braunschweig-lejonstaden\/slott-och-traedgaardar-i-brunswick\/#primaryimage","url":"https:\/\/9staedte.de\/wp-content\/uploads\/2023\/06\/Braunschweig-Residenzschloss-c-BSM-Christian-Bierwagen-1.jpg","contentUrl":"https:\/\/9staedte.de\/wp-content\/uploads\/2023\/06\/Braunschweig-Residenzschloss-c-BSM-Christian-Bierwagen-1.jpg","width":1019,"height":562,"caption":"Braunschweig Residenzschloss c) BSM Christian Bierwagen"},{"@type":"BreadcrumbList","@id":"https:\/\/9staedte.de\/sv\/braunschweig-lejonstaden\/slott-och-traedgaardar-i-brunswick\/#breadcrumb","itemListElement":[{"@type":"ListItem","position":1,"name":"Startseite","item":"https:\/\/9staedte.de\/sv\/"},{"@type":"ListItem","position":2,"name":"Braunschweig &#8211; City of Lions","item":"https:\/\/9staedte.de\/sv\/braunschweig-lejonstaden\/"},{"@type":"ListItem","position":3,"name":"Slott och tr\u00e4dg\u00e5rdar i Brunswick"}]},{"@type":"WebSite","@id":"https:\/\/9staedte.de\/sv\/#website","url":"https:\/\/9staedte.de\/sv\/","name":"9 St\u00e4dte in Niedersachsen","description":"","publisher":{"@id":"https:\/\/9staedte.de\/sv\/#organization"},"potentialAction":[{"@type":"SearchAction","target":{"@type":"EntryPoint","urlTemplate":"https:\/\/9staedte.de\/sv\/?s={search_term_string}"},"query-input":{"@type":"PropertyValueSpecification","valueRequired":true,"valueName":"search_term_string"}}],"inLanguage":"sv-SE"},{"@type":"Organization","@id":"https:\/\/9staedte.de\/sv\/#organization","name":"9 St\u00e4dte in Niedersachsen","url":"https:\/\/9staedte.de\/sv\/","logo":{"@type":"ImageObject","inLanguage":"sv-SE","@id":"https:\/\/9staedte.de\/sv\/#\/schema\/logo\/image\/","url":"https:\/\/9staedte.de\/wp-content\/uploads\/2025\/01\/9-neg-deutsch-2-1.png","contentUrl":"https:\/\/9staedte.de\/wp-content\/uploads\/2025\/01\/9-neg-deutsch-2-1.png","width":190,"height":114,"caption":"9 St\u00e4dte in Niedersachsen"},"image":{"@id":"https:\/\/9staedte.de\/sv\/#\/schema\/logo\/image\/"}}]}},"_links":{"self":[{"href":"https:\/\/9staedte.de\/sv\/wp-json\/wp\/v2\/pages\/14424","targetHints":{"allow":["GET"]}}],"collection":[{"href":"https:\/\/9staedte.de\/sv\/wp-json\/wp\/v2\/pages"}],"about":[{"href":"https:\/\/9staedte.de\/sv\/wp-json\/wp\/v2\/types\/page"}],"author":[{"embeddable":true,"href":"https:\/\/9staedte.de\/sv\/wp-json\/wp\/v2\/users\/1"}],"replies":[{"embeddable":true,"href":"https:\/\/9staedte.de\/sv\/wp-json\/wp\/v2\/comments?post=14424"}],"version-history":[{"count":1,"href":"https:\/\/9staedte.de\/sv\/wp-json\/wp\/v2\/pages\/14424\/revisions"}],"predecessor-version":[{"id":14431,"href":"https:\/\/9staedte.de\/sv\/wp-json\/wp\/v2\/pages\/14424\/revisions\/14431"}],"up":[{"embeddable":true,"href":"https:\/\/9staedte.de\/sv\/wp-json\/wp\/v2\/pages\/14382"}],"wp:featuredmedia":[{"embeddable":true,"href":"https:\/\/9staedte.de\/sv\/wp-json\/wp\/v2\/media\/14427"}],"wp:attachment":[{"href":"https:\/\/9staedte.de\/sv\/wp-json\/wp\/v2\/media?parent=14424"}],"wp:term":[{"taxonomy":"category","embeddable":true,"href":"https:\/\/9staedte.de\/sv\/wp-json\/wp\/v2\/categories?post=14424"},{"taxonomy":"post_tag","embeddable":true,"href":"https:\/\/9staedte.de\/sv\/wp-json\/wp\/v2\/tags?post=14424"},{"taxonomy":"ncap_cities_tax","embeddable":true,"href":"https:\/\/9staedte.de\/sv\/wp-json\/wp\/v2\/ncap_cities_tax?post=14424"}],"curies":[{"name":"wp","href":"https:\/\/api.w.org\/{rel}","templated":true}]}}