{"id":14408,"date":"2023-10-25T16:23:12","date_gmt":"2023-10-25T14:23:12","guid":{"rendered":"https:\/\/9staedte.de\/slott-och-traedgaardar-i-goslar\/"},"modified":"2023-10-25T17:50:44","modified_gmt":"2023-10-25T15:50:44","slug":"slott-och-traedgaardar-i-goslar","status":"publish","type":"page","link":"https:\/\/9staedte.de\/sv\/goslar-vaerldsarv-i-harzbergen\/slott-och-traedgaardar-i-goslar\/","title":{"rendered":"Slott och tr\u00e4dg\u00e5rdar i Goslar"},"content":{"rendered":"\r\n\r\n    <div class=\"filter-posts\">\r\n            <div  id=\"filterContent\">\r\n                                                        \n<div class=\"contentKachel filtr-item\" data-category=\"goslar-sv\">\n    <a href=\"https:\/\/9staedte.de\/sv\/det-loenar-sig-att-besoeka-den-romanska-traedgaarden-i-goslar\/\">\n        <div class=\"contentKachel-inner\">\n                            <div class=\"contentKachel-thumbnail\">\n                    <img decoding=\"async\" src=\"\/wp-content\/themes\/nine-cities\/site\/img\/Placeholder.png\" alt=\"Placeholder\">\n                <\/div>\n                        <div class=\"contentKachel-content\">\n                                    <div class=\"city-tag bg-goslar\">\n                        Goslar                    <\/div>\n                \n                <div class=\"title\">\n\n                    Det l\u00f6nar sig att bes\u00f6ka den romanska tr\u00e4dg\u00e5rden i Goslar                    \n                <\/div>\n\n                            <\/div>\n\n        <\/div>\n    <\/a>\n<\/div>                                            <\/div>\r\n    <\/div>\r\n","protected":false},"excerpt":{"rendered":"","protected":false},"author":1,"featured_media":14171,"parent":14563,"menu_order":0,"comment_status":"closed","ping_status":"closed","template":"pagetemplates\/template-stadtthema.php","meta":{"_acf_changed":false,"footnotes":""},"categories":[],"tags":[],"ncap_cities_tax":[442,722],"class_list":["post-14408","page","type-page","status-publish","has-post-thumbnail","hentry","ncap_cities_tax-goslar-sv","ncap_cities_tax-schlosser-und-garten-goslar-sv"],"acf":[],"yoast_head":"<!-- This site is optimized with the Yoast SEO plugin v26.8 - https:\/\/yoast.com\/product\/yoast-seo-wordpress\/ -->\n<title>Slott och tr\u00e4dg\u00e5rdar i Goslar - 9 St\u00e4dte in Niedersachsen<\/title>\n<meta name=\"robots\" content=\"index, follow, max-snippet:-1, max-image-preview:large, max-video-preview:-1\" \/>\n<link rel=\"canonical\" href=\"https:\/\/9staedte.de\/sv\/goslar-vaerldsarv-i-harzbergen\/slott-och-traedgaardar-i-goslar\/\" \/>\n<meta property=\"og:locale\" content=\"sv_SE\" \/>\n<meta property=\"og:type\" content=\"article\" \/>\n<meta property=\"og:title\" content=\"Slott och tr\u00e4dg\u00e5rdar i Goslar - 9 St\u00e4dte in Niedersachsen\" \/>\n<meta property=\"og:url\" content=\"https:\/\/9staedte.de\/sv\/goslar-vaerldsarv-i-harzbergen\/slott-och-traedgaardar-i-goslar\/\" \/>\n<meta property=\"og:site_name\" content=\"9 St\u00e4dte in Niedersachsen\" \/>\n<meta property=\"article:modified_time\" content=\"2023-10-25T15:50:44+00:00\" \/>\n<meta property=\"og:image\" content=\"https:\/\/9staedte.de\/wp-content\/uploads\/2023\/02\/Goslar-Kaiserpfalz-c-GOSLAR-marketing-gmbh-Fotograf-Stefan-Schiefer.jpg\" \/>\n\t<meta property=\"og:image:width\" content=\"1020\" \/>\n\t<meta property=\"og:image:height\" content=\"559\" \/>\n\t<meta property=\"og:image:type\" content=\"image\/jpeg\" \/>\n<meta name=\"twitter:card\" content=\"summary_large_image\" \/>\n<script type=\"application\/ld+json\" class=\"yoast-schema-graph\">{\"@context\":\"https:\/\/schema.org\",\"@graph\":[{\"@type\":\"WebPage\",\"@id\":\"https:\/\/9staedte.de\/sv\/goslar-vaerldsarv-i-harzbergen\/slott-och-traedgaardar-i-goslar\/\",\"url\":\"https:\/\/9staedte.de\/sv\/goslar-vaerldsarv-i-harzbergen\/slott-och-traedgaardar-i-goslar\/\",\"name\":\"Slott och tr\u00e4dg\u00e5rdar i Goslar - 9 St\u00e4dte in Niedersachsen\",\"isPartOf\":{\"@id\":\"https:\/\/9staedte.de\/sv\/#website\"},\"primaryImageOfPage\":{\"@id\":\"https:\/\/9staedte.de\/sv\/goslar-vaerldsarv-i-harzbergen\/slott-och-traedgaardar-i-goslar\/#primaryimage\"},\"image\":{\"@id\":\"https:\/\/9staedte.de\/sv\/goslar-vaerldsarv-i-harzbergen\/slott-och-traedgaardar-i-goslar\/#primaryimage\"},\"thumbnailUrl\":\"https:\/\/9staedte.de\/wp-content\/uploads\/2023\/02\/Goslar-Kaiserpfalz-c-GOSLAR-marketing-gmbh-Fotograf-Stefan-Schiefer.jpg\",\"datePublished\":\"2023-10-25T14:23:12+00:00\",\"dateModified\":\"2023-10-25T15:50:44+00:00\",\"breadcrumb\":{\"@id\":\"https:\/\/9staedte.de\/sv\/goslar-vaerldsarv-i-harzbergen\/slott-och-traedgaardar-i-goslar\/#breadcrumb\"},\"inLanguage\":\"sv-SE\",\"potentialAction\":[{\"@type\":\"ReadAction\",\"target\":[\"https:\/\/9staedte.de\/sv\/goslar-vaerldsarv-i-harzbergen\/slott-och-traedgaardar-i-goslar\/\"]}]},{\"@type\":\"ImageObject\",\"inLanguage\":\"sv-SE\",\"@id\":\"https:\/\/9staedte.de\/sv\/goslar-vaerldsarv-i-harzbergen\/slott-och-traedgaardar-i-goslar\/#primaryimage\",\"url\":\"https:\/\/9staedte.de\/wp-content\/uploads\/2023\/02\/Goslar-Kaiserpfalz-c-GOSLAR-marketing-gmbh-Fotograf-Stefan-Schiefer.jpg\",\"contentUrl\":\"https:\/\/9staedte.de\/wp-content\/uploads\/2023\/02\/Goslar-Kaiserpfalz-c-GOSLAR-marketing-gmbh-Fotograf-Stefan-Schiefer.jpg\",\"width\":1020,\"height\":559,\"caption\":\"Goslar Kaiserpfalz c) GOSLAR marketing gmbh Fotograf Stefan Schiefer\"},{\"@type\":\"BreadcrumbList\",\"@id\":\"https:\/\/9staedte.de\/sv\/goslar-vaerldsarv-i-harzbergen\/slott-och-traedgaardar-i-goslar\/#breadcrumb\",\"itemListElement\":[{\"@type\":\"ListItem\",\"position\":1,\"name\":\"Startseite\",\"item\":\"https:\/\/9staedte.de\/sv\/\"},{\"@type\":\"ListItem\",\"position\":2,\"name\":\"Goslar &#8211; v\u00e4rldsarv i Harzbergen\",\"item\":\"https:\/\/9staedte.de\/sv\/goslar-vaerldsarv-i-harzbergen\/\"},{\"@type\":\"ListItem\",\"position\":3,\"name\":\"Slott och tr\u00e4dg\u00e5rdar i Goslar\"}]},{\"@type\":\"WebSite\",\"@id\":\"https:\/\/9staedte.de\/sv\/#website\",\"url\":\"https:\/\/9staedte.de\/sv\/\",\"name\":\"9 St\u00e4dte in Niedersachsen\",\"description\":\"\",\"publisher\":{\"@id\":\"https:\/\/9staedte.de\/sv\/#organization\"},\"potentialAction\":[{\"@type\":\"SearchAction\",\"target\":{\"@type\":\"EntryPoint\",\"urlTemplate\":\"https:\/\/9staedte.de\/sv\/?s={search_term_string}\"},\"query-input\":{\"@type\":\"PropertyValueSpecification\",\"valueRequired\":true,\"valueName\":\"search_term_string\"}}],\"inLanguage\":\"sv-SE\"},{\"@type\":\"Organization\",\"@id\":\"https:\/\/9staedte.de\/sv\/#organization\",\"name\":\"9 St\u00e4dte in Niedersachsen\",\"url\":\"https:\/\/9staedte.de\/sv\/\",\"logo\":{\"@type\":\"ImageObject\",\"inLanguage\":\"sv-SE\",\"@id\":\"https:\/\/9staedte.de\/sv\/#\/schema\/logo\/image\/\",\"url\":\"https:\/\/9staedte.de\/wp-content\/uploads\/2025\/01\/9-neg-deutsch-2-1.png\",\"contentUrl\":\"https:\/\/9staedte.de\/wp-content\/uploads\/2025\/01\/9-neg-deutsch-2-1.png\",\"width\":190,\"height\":114,\"caption\":\"9 St\u00e4dte in Niedersachsen\"},\"image\":{\"@id\":\"https:\/\/9staedte.de\/sv\/#\/schema\/logo\/image\/\"}}]}<\/script>\n<!-- \/ Yoast SEO plugin. -->","yoast_head_json":{"title":"Slott och tr\u00e4dg\u00e5rdar i Goslar - 9 St\u00e4dte in Niedersachsen","robots":{"index":"index","follow":"follow","max-snippet":"max-snippet:-1","max-image-preview":"max-image-preview:large","max-video-preview":"max-video-preview:-1"},"canonical":"https:\/\/9staedte.de\/sv\/goslar-vaerldsarv-i-harzbergen\/slott-och-traedgaardar-i-goslar\/","og_locale":"sv_SE","og_type":"article","og_title":"Slott och tr\u00e4dg\u00e5rdar i Goslar - 9 St\u00e4dte in Niedersachsen","og_url":"https:\/\/9staedte.de\/sv\/goslar-vaerldsarv-i-harzbergen\/slott-och-traedgaardar-i-goslar\/","og_site_name":"9 St\u00e4dte in Niedersachsen","article_modified_time":"2023-10-25T15:50:44+00:00","og_image":[{"width":1020,"height":559,"url":"https:\/\/9staedte.de\/wp-content\/uploads\/2023\/02\/Goslar-Kaiserpfalz-c-GOSLAR-marketing-gmbh-Fotograf-Stefan-Schiefer.jpg","type":"image\/jpeg"}],"twitter_card":"summary_large_image","schema":{"@context":"https:\/\/schema.org","@graph":[{"@type":"WebPage","@id":"https:\/\/9staedte.de\/sv\/goslar-vaerldsarv-i-harzbergen\/slott-och-traedgaardar-i-goslar\/","url":"https:\/\/9staedte.de\/sv\/goslar-vaerldsarv-i-harzbergen\/slott-och-traedgaardar-i-goslar\/","name":"Slott och tr\u00e4dg\u00e5rdar i Goslar - 9 St\u00e4dte in Niedersachsen","isPartOf":{"@id":"https:\/\/9staedte.de\/sv\/#website"},"primaryImageOfPage":{"@id":"https:\/\/9staedte.de\/sv\/goslar-vaerldsarv-i-harzbergen\/slott-och-traedgaardar-i-goslar\/#primaryimage"},"image":{"@id":"https:\/\/9staedte.de\/sv\/goslar-vaerldsarv-i-harzbergen\/slott-och-traedgaardar-i-goslar\/#primaryimage"},"thumbnailUrl":"https:\/\/9staedte.de\/wp-content\/uploads\/2023\/02\/Goslar-Kaiserpfalz-c-GOSLAR-marketing-gmbh-Fotograf-Stefan-Schiefer.jpg","datePublished":"2023-10-25T14:23:12+00:00","dateModified":"2023-10-25T15:50:44+00:00","breadcrumb":{"@id":"https:\/\/9staedte.de\/sv\/goslar-vaerldsarv-i-harzbergen\/slott-och-traedgaardar-i-goslar\/#breadcrumb"},"inLanguage":"sv-SE","potentialAction":[{"@type":"ReadAction","target":["https:\/\/9staedte.de\/sv\/goslar-vaerldsarv-i-harzbergen\/slott-och-traedgaardar-i-goslar\/"]}]},{"@type":"ImageObject","inLanguage":"sv-SE","@id":"https:\/\/9staedte.de\/sv\/goslar-vaerldsarv-i-harzbergen\/slott-och-traedgaardar-i-goslar\/#primaryimage","url":"https:\/\/9staedte.de\/wp-content\/uploads\/2023\/02\/Goslar-Kaiserpfalz-c-GOSLAR-marketing-gmbh-Fotograf-Stefan-Schiefer.jpg","contentUrl":"https:\/\/9staedte.de\/wp-content\/uploads\/2023\/02\/Goslar-Kaiserpfalz-c-GOSLAR-marketing-gmbh-Fotograf-Stefan-Schiefer.jpg","width":1020,"height":559,"caption":"Goslar Kaiserpfalz c) GOSLAR marketing gmbh Fotograf Stefan Schiefer"},{"@type":"BreadcrumbList","@id":"https:\/\/9staedte.de\/sv\/goslar-vaerldsarv-i-harzbergen\/slott-och-traedgaardar-i-goslar\/#breadcrumb","itemListElement":[{"@type":"ListItem","position":1,"name":"Startseite","item":"https:\/\/9staedte.de\/sv\/"},{"@type":"ListItem","position":2,"name":"Goslar &#8211; v\u00e4rldsarv i Harzbergen","item":"https:\/\/9staedte.de\/sv\/goslar-vaerldsarv-i-harzbergen\/"},{"@type":"ListItem","position":3,"name":"Slott och tr\u00e4dg\u00e5rdar i Goslar"}]},{"@type":"WebSite","@id":"https:\/\/9staedte.de\/sv\/#website","url":"https:\/\/9staedte.de\/sv\/","name":"9 St\u00e4dte in Niedersachsen","description":"","publisher":{"@id":"https:\/\/9staedte.de\/sv\/#organization"},"potentialAction":[{"@type":"SearchAction","target":{"@type":"EntryPoint","urlTemplate":"https:\/\/9staedte.de\/sv\/?s={search_term_string}"},"query-input":{"@type":"PropertyValueSpecification","valueRequired":true,"valueName":"search_term_string"}}],"inLanguage":"sv-SE"},{"@type":"Organization","@id":"https:\/\/9staedte.de\/sv\/#organization","name":"9 St\u00e4dte in Niedersachsen","url":"https:\/\/9staedte.de\/sv\/","logo":{"@type":"ImageObject","inLanguage":"sv-SE","@id":"https:\/\/9staedte.de\/sv\/#\/schema\/logo\/image\/","url":"https:\/\/9staedte.de\/wp-content\/uploads\/2025\/01\/9-neg-deutsch-2-1.png","contentUrl":"https:\/\/9staedte.de\/wp-content\/uploads\/2025\/01\/9-neg-deutsch-2-1.png","width":190,"height":114,"caption":"9 St\u00e4dte in Niedersachsen"},"image":{"@id":"https:\/\/9staedte.de\/sv\/#\/schema\/logo\/image\/"}}]}},"_links":{"self":[{"href":"https:\/\/9staedte.de\/sv\/wp-json\/wp\/v2\/pages\/14408","targetHints":{"allow":["GET"]}}],"collection":[{"href":"https:\/\/9staedte.de\/sv\/wp-json\/wp\/v2\/pages"}],"about":[{"href":"https:\/\/9staedte.de\/sv\/wp-json\/wp\/v2\/types\/page"}],"author":[{"embeddable":true,"href":"https:\/\/9staedte.de\/sv\/wp-json\/wp\/v2\/users\/1"}],"replies":[{"embeddable":true,"href":"https:\/\/9staedte.de\/sv\/wp-json\/wp\/v2\/comments?post=14408"}],"version-history":[{"count":1,"href":"https:\/\/9staedte.de\/sv\/wp-json\/wp\/v2\/pages\/14408\/revisions"}],"predecessor-version":[{"id":14413,"href":"https:\/\/9staedte.de\/sv\/wp-json\/wp\/v2\/pages\/14408\/revisions\/14413"}],"up":[{"embeddable":true,"href":"https:\/\/9staedte.de\/sv\/wp-json\/wp\/v2\/pages\/14563"}],"wp:featuredmedia":[{"embeddable":true,"href":"https:\/\/9staedte.de\/sv\/wp-json\/wp\/v2\/media\/14171"}],"wp:attachment":[{"href":"https:\/\/9staedte.de\/sv\/wp-json\/wp\/v2\/media?parent=14408"}],"wp:term":[{"taxonomy":"category","embeddable":true,"href":"https:\/\/9staedte.de\/sv\/wp-json\/wp\/v2\/categories?post=14408"},{"taxonomy":"post_tag","embeddable":true,"href":"https:\/\/9staedte.de\/sv\/wp-json\/wp\/v2\/tags?post=14408"},{"taxonomy":"ncap_cities_tax","embeddable":true,"href":"https:\/\/9staedte.de\/sv\/wp-json\/wp\/v2\/ncap_cities_tax?post=14408"}],"curies":[{"name":"wp","href":"https:\/\/api.w.org\/{rel}","templated":true}]}}