{"id":14407,"date":"2023-10-25T16:22:28","date_gmt":"2023-10-25T14:22:28","guid":{"rendered":"https:\/\/9staedte.de\/shopping-och-noejen-i-celle\/"},"modified":"2025-05-08T15:40:24","modified_gmt":"2025-05-08T13:40:24","slug":"shopping-och-noejen-i-celle","status":"publish","type":"page","link":"https:\/\/9staedte.de\/sv\/celle-vacker-residensstad\/shopping-och-noejen-i-celle\/","title":{"rendered":"Shopping och n\u00f6jen i Celle"},"content":{"rendered":"\n<h1 class=\"wp-block-heading\">Shoppingupplevelse Celle &#8211; traditionell och modern shopping<\/h1>\n\n\n\n<h3 class=\"wp-block-heading\">Shoppingupplevelse Celle &#8211; shopping och promenader med&nbsp;atmosf\u00e4r<\/h3>\n\n\n\n<p>Celle grundades f\u00f6r \u00f6ver 700 \u00e5r sedan och \u00e4r idag en modern bostads- och korsvirkesstad full av liv, aktualitet och tradition. Bakom de historiska, f\u00e4rgglada fasaderna p\u00e5 de mer \u00e4n 500 korsvirkeshusen finns individuella butiker och aff\u00e4rer som lockar till shopping. I sm\u00e5, omsorgsfullt inredda och dekorerade butiker kan var och en hitta sitt individuella &#8221;fynd&#8221;. Med tid och ro f\u00f6r individuell r\u00e5dgivning och en liten pratstund vid sidan av blir shopping i Celle en verklig upplevelse.<\/p>\n\n\n\n\n<div class=\"banner-wrapper\">\n  <div class=\"banner-inner \">\n      <div class=\"img-container\">\n      <div class=\"img-wrapper\">\n        <img decoding=\"async\" src=\"https:\/\/9staedte.de\/wp-content\/smush-webp\/2023\/02\/Celle-Huths-kaffee-c-Celle-Tourismus-und-Marketing-GmbH.jpg.webp\" alt=\"Bilden visar ett gammalt korsvirkeshus i Celle. P\u00e5 v\u00e4ggen h\u00e4nger en svart skylt med ett gyllene vapen. P\u00e5 skylten st\u00e5r det \u201cHuths Kaffee\u201d. Under st\u00e5r det: \u201cGrundat 1851\u201d. Ovanf\u00f6r skylten blommar r\u00f6da blommor i en bloml\u00e5da. Huset har vita f\u00f6nster med bl\u00e5 f\u00f6nsterramar.\" \/>\n                  <div class=\"thumbnail-label\">\n            <span>Celle-Huths-kaffee c) Celle Tourismus und Marketing GmbH<\/span>\n          <\/div>\n              <\/div>\n    <\/div>\n        <div class=\"text-container\">\n      <div class=\"content\">\n        <p><strong>Tipps f\u00fcr Kultur und Delikatessen in der Residenzstadt Celle: <\/strong><\/p>\n<p>\u2013 Huths Kaffeer\u00f6sterei und Delikatessen<\/p>\n<p>&#8211;  Alter Provisor Ladengesch\u00e4ft<\/p>\n<p>\u2013 Weinstube und Weinkeller Postmeister von Hin\u00fcber<\/p>\n<p>\u2013 Hehlentorstra\u00dfe: Teekanzlei<\/p>\n<p>\u2013 Kneipe Herzog Ernst<\/p>\n<p>\u2013 Kleinkunstb\u00fchne Kunst &amp; B\u00fchne<\/p>\n<p>\u2013 Residenzschloss Celle: Schlosstheater<\/p>\n<p>&#8211;  <a href=\"https:\/\/www.celle.de\/Tourismus\/Das-ist-Celle\/Nachhaltiger-Tourismus\/In-Celle-nachhaltig-einkaufen\">In Celle nachhaltig einkaufen:<\/a><\/p>\n      <\/div>\n    <\/div>\n    <\/div>\n<\/div>\n\n","protected":false},"excerpt":{"rendered":"<p>Shoppingupplevelse Celle &#8211; traditionell och modern shopping Shoppingupplevelse Celle &#8211; shopping och promenader med&nbsp;atmosf\u00e4r Celle grundades f\u00f6r \u00f6ver 700 \u00e5r sedan och \u00e4r idag en modern bostads- och korsvirkesstad full av liv, aktualitet och tradition. Bakom de historiska, f\u00e4rgglada fasaderna p\u00e5 de mer \u00e4n 500 korsvirkeshusen finns individuella butiker och aff\u00e4rer som lockar till shopping. [&hellip;]<\/p>\n","protected":false},"author":1,"featured_media":14414,"parent":14588,"menu_order":0,"comment_status":"closed","ping_status":"closed","template":"pagetemplates\/template-stadtthema.php","meta":{"_acf_changed":false,"footnotes":""},"categories":[],"tags":[],"ncap_cities_tax":[428,764],"class_list":["post-14407","page","type-page","status-publish","has-post-thumbnail","hentry","ncap_cities_tax-celle-sv","ncap_cities_tax-shopping-und-ausgehen-celle-sv"],"acf":[],"yoast_head":"<!-- This site is optimized with the Yoast SEO plugin v26.8 - https:\/\/yoast.com\/product\/yoast-seo-wordpress\/ -->\n<title>Shopping och n\u00f6jen i Celle - 9 St\u00e4dte in Niedersachsen<\/title>\n<meta name=\"robots\" content=\"index, follow, max-snippet:-1, max-image-preview:large, max-video-preview:-1\" \/>\n<link rel=\"canonical\" href=\"https:\/\/9staedte.de\/sv\/celle-vacker-residensstad\/shopping-och-noejen-i-celle\/\" \/>\n<meta property=\"og:locale\" content=\"sv_SE\" \/>\n<meta property=\"og:type\" content=\"article\" \/>\n<meta property=\"og:title\" content=\"Shopping och n\u00f6jen i Celle - 9 St\u00e4dte in Niedersachsen\" \/>\n<meta property=\"og:description\" content=\"Shoppingupplevelse Celle &#8211; traditionell och modern shopping Shoppingupplevelse Celle &#8211; shopping och promenader med&nbsp;atmosf\u00e4r Celle grundades f\u00f6r \u00f6ver 700 \u00e5r sedan och \u00e4r idag en modern bostads- och korsvirkesstad full av liv, aktualitet och tradition. Bakom de historiska, f\u00e4rgglada fasaderna p\u00e5 de mer \u00e4n 500 korsvirkeshusen finns individuella butiker och aff\u00e4rer som lockar till shopping. [&hellip;]\" \/>\n<meta property=\"og:url\" content=\"https:\/\/9staedte.de\/sv\/celle-vacker-residensstad\/shopping-och-noejen-i-celle\/\" \/>\n<meta property=\"og:site_name\" content=\"9 St\u00e4dte in Niedersachsen\" \/>\n<meta property=\"article:modified_time\" content=\"2025-05-08T13:40:24+00:00\" \/>\n<meta property=\"og:image\" content=\"https:\/\/9staedte.de\/wp-content\/uploads\/2023\/02\/Shopping-in-Celle-c-Celle-Tourimsus-4.jpg\" \/>\n\t<meta property=\"og:image:width\" content=\"1020\" \/>\n\t<meta property=\"og:image:height\" content=\"560\" \/>\n\t<meta property=\"og:image:type\" content=\"image\/jpeg\" \/>\n<meta name=\"twitter:card\" content=\"summary_large_image\" \/>\n<meta name=\"twitter:label1\" content=\"Ber\u00e4knad l\u00e4stid\" \/>\n\t<meta name=\"twitter:data1\" content=\"1 minut\" \/>\n<script type=\"application\/ld+json\" class=\"yoast-schema-graph\">{\"@context\":\"https:\/\/schema.org\",\"@graph\":[{\"@type\":\"WebPage\",\"@id\":\"https:\/\/9staedte.de\/sv\/celle-vacker-residensstad\/shopping-och-noejen-i-celle\/\",\"url\":\"https:\/\/9staedte.de\/sv\/celle-vacker-residensstad\/shopping-och-noejen-i-celle\/\",\"name\":\"Shopping och n\u00f6jen i Celle - 9 St\u00e4dte in Niedersachsen\",\"isPartOf\":{\"@id\":\"https:\/\/9staedte.de\/sv\/#website\"},\"primaryImageOfPage\":{\"@id\":\"https:\/\/9staedte.de\/sv\/celle-vacker-residensstad\/shopping-och-noejen-i-celle\/#primaryimage\"},\"image\":{\"@id\":\"https:\/\/9staedte.de\/sv\/celle-vacker-residensstad\/shopping-och-noejen-i-celle\/#primaryimage\"},\"thumbnailUrl\":\"https:\/\/9staedte.de\/wp-content\/uploads\/2023\/02\/Shopping-in-Celle-c-Celle-Tourimsus-4.jpg\",\"datePublished\":\"2023-10-25T14:22:28+00:00\",\"dateModified\":\"2025-05-08T13:40:24+00:00\",\"breadcrumb\":{\"@id\":\"https:\/\/9staedte.de\/sv\/celle-vacker-residensstad\/shopping-och-noejen-i-celle\/#breadcrumb\"},\"inLanguage\":\"sv-SE\",\"potentialAction\":[{\"@type\":\"ReadAction\",\"target\":[\"https:\/\/9staedte.de\/sv\/celle-vacker-residensstad\/shopping-och-noejen-i-celle\/\"]}]},{\"@type\":\"ImageObject\",\"inLanguage\":\"sv-SE\",\"@id\":\"https:\/\/9staedte.de\/sv\/celle-vacker-residensstad\/shopping-och-noejen-i-celle\/#primaryimage\",\"url\":\"https:\/\/9staedte.de\/wp-content\/uploads\/2023\/02\/Shopping-in-Celle-c-Celle-Tourimsus-4.jpg\",\"contentUrl\":\"https:\/\/9staedte.de\/wp-content\/uploads\/2023\/02\/Shopping-in-Celle-c-Celle-Tourimsus-4.jpg\",\"width\":1020,\"height\":560,\"caption\":\"Shopping in Celle c) Celle Tourismus\"},{\"@type\":\"BreadcrumbList\",\"@id\":\"https:\/\/9staedte.de\/sv\/celle-vacker-residensstad\/shopping-och-noejen-i-celle\/#breadcrumb\",\"itemListElement\":[{\"@type\":\"ListItem\",\"position\":1,\"name\":\"Startseite\",\"item\":\"https:\/\/9staedte.de\/sv\/\"},{\"@type\":\"ListItem\",\"position\":2,\"name\":\"Celle &#8211; Vacker residensstad\",\"item\":\"https:\/\/9staedte.de\/sv\/celle-vacker-residensstad\/\"},{\"@type\":\"ListItem\",\"position\":3,\"name\":\"Shopping och n\u00f6jen i Celle\"}]},{\"@type\":\"WebSite\",\"@id\":\"https:\/\/9staedte.de\/sv\/#website\",\"url\":\"https:\/\/9staedte.de\/sv\/\",\"name\":\"9 St\u00e4dte in Niedersachsen\",\"description\":\"\",\"publisher\":{\"@id\":\"https:\/\/9staedte.de\/sv\/#organization\"},\"potentialAction\":[{\"@type\":\"SearchAction\",\"target\":{\"@type\":\"EntryPoint\",\"urlTemplate\":\"https:\/\/9staedte.de\/sv\/?s={search_term_string}\"},\"query-input\":{\"@type\":\"PropertyValueSpecification\",\"valueRequired\":true,\"valueName\":\"search_term_string\"}}],\"inLanguage\":\"sv-SE\"},{\"@type\":\"Organization\",\"@id\":\"https:\/\/9staedte.de\/sv\/#organization\",\"name\":\"9 St\u00e4dte in Niedersachsen\",\"url\":\"https:\/\/9staedte.de\/sv\/\",\"logo\":{\"@type\":\"ImageObject\",\"inLanguage\":\"sv-SE\",\"@id\":\"https:\/\/9staedte.de\/sv\/#\/schema\/logo\/image\/\",\"url\":\"https:\/\/9staedte.de\/wp-content\/uploads\/2025\/01\/9-neg-deutsch-2-1.png\",\"contentUrl\":\"https:\/\/9staedte.de\/wp-content\/uploads\/2025\/01\/9-neg-deutsch-2-1.png\",\"width\":190,\"height\":114,\"caption\":\"9 St\u00e4dte in Niedersachsen\"},\"image\":{\"@id\":\"https:\/\/9staedte.de\/sv\/#\/schema\/logo\/image\/\"}}]}<\/script>\n<!-- \/ Yoast SEO plugin. -->","yoast_head_json":{"title":"Shopping och n\u00f6jen i Celle - 9 St\u00e4dte in Niedersachsen","robots":{"index":"index","follow":"follow","max-snippet":"max-snippet:-1","max-image-preview":"max-image-preview:large","max-video-preview":"max-video-preview:-1"},"canonical":"https:\/\/9staedte.de\/sv\/celle-vacker-residensstad\/shopping-och-noejen-i-celle\/","og_locale":"sv_SE","og_type":"article","og_title":"Shopping och n\u00f6jen i Celle - 9 St\u00e4dte in Niedersachsen","og_description":"Shoppingupplevelse Celle &#8211; traditionell och modern shopping Shoppingupplevelse Celle &#8211; shopping och promenader med&nbsp;atmosf\u00e4r Celle grundades f\u00f6r \u00f6ver 700 \u00e5r sedan och \u00e4r idag en modern bostads- och korsvirkesstad full av liv, aktualitet och tradition. Bakom de historiska, f\u00e4rgglada fasaderna p\u00e5 de mer \u00e4n 500 korsvirkeshusen finns individuella butiker och aff\u00e4rer som lockar till shopping. [&hellip;]","og_url":"https:\/\/9staedte.de\/sv\/celle-vacker-residensstad\/shopping-och-noejen-i-celle\/","og_site_name":"9 St\u00e4dte in Niedersachsen","article_modified_time":"2025-05-08T13:40:24+00:00","og_image":[{"width":1020,"height":560,"url":"https:\/\/9staedte.de\/wp-content\/uploads\/2023\/02\/Shopping-in-Celle-c-Celle-Tourimsus-4.jpg","type":"image\/jpeg"}],"twitter_card":"summary_large_image","twitter_misc":{"Ber\u00e4knad l\u00e4stid":"1 minut"},"schema":{"@context":"https:\/\/schema.org","@graph":[{"@type":"WebPage","@id":"https:\/\/9staedte.de\/sv\/celle-vacker-residensstad\/shopping-och-noejen-i-celle\/","url":"https:\/\/9staedte.de\/sv\/celle-vacker-residensstad\/shopping-och-noejen-i-celle\/","name":"Shopping och n\u00f6jen i Celle - 9 St\u00e4dte in Niedersachsen","isPartOf":{"@id":"https:\/\/9staedte.de\/sv\/#website"},"primaryImageOfPage":{"@id":"https:\/\/9staedte.de\/sv\/celle-vacker-residensstad\/shopping-och-noejen-i-celle\/#primaryimage"},"image":{"@id":"https:\/\/9staedte.de\/sv\/celle-vacker-residensstad\/shopping-och-noejen-i-celle\/#primaryimage"},"thumbnailUrl":"https:\/\/9staedte.de\/wp-content\/uploads\/2023\/02\/Shopping-in-Celle-c-Celle-Tourimsus-4.jpg","datePublished":"2023-10-25T14:22:28+00:00","dateModified":"2025-05-08T13:40:24+00:00","breadcrumb":{"@id":"https:\/\/9staedte.de\/sv\/celle-vacker-residensstad\/shopping-och-noejen-i-celle\/#breadcrumb"},"inLanguage":"sv-SE","potentialAction":[{"@type":"ReadAction","target":["https:\/\/9staedte.de\/sv\/celle-vacker-residensstad\/shopping-och-noejen-i-celle\/"]}]},{"@type":"ImageObject","inLanguage":"sv-SE","@id":"https:\/\/9staedte.de\/sv\/celle-vacker-residensstad\/shopping-och-noejen-i-celle\/#primaryimage","url":"https:\/\/9staedte.de\/wp-content\/uploads\/2023\/02\/Shopping-in-Celle-c-Celle-Tourimsus-4.jpg","contentUrl":"https:\/\/9staedte.de\/wp-content\/uploads\/2023\/02\/Shopping-in-Celle-c-Celle-Tourimsus-4.jpg","width":1020,"height":560,"caption":"Shopping in Celle c) Celle Tourismus"},{"@type":"BreadcrumbList","@id":"https:\/\/9staedte.de\/sv\/celle-vacker-residensstad\/shopping-och-noejen-i-celle\/#breadcrumb","itemListElement":[{"@type":"ListItem","position":1,"name":"Startseite","item":"https:\/\/9staedte.de\/sv\/"},{"@type":"ListItem","position":2,"name":"Celle &#8211; Vacker residensstad","item":"https:\/\/9staedte.de\/sv\/celle-vacker-residensstad\/"},{"@type":"ListItem","position":3,"name":"Shopping och n\u00f6jen i Celle"}]},{"@type":"WebSite","@id":"https:\/\/9staedte.de\/sv\/#website","url":"https:\/\/9staedte.de\/sv\/","name":"9 St\u00e4dte in Niedersachsen","description":"","publisher":{"@id":"https:\/\/9staedte.de\/sv\/#organization"},"potentialAction":[{"@type":"SearchAction","target":{"@type":"EntryPoint","urlTemplate":"https:\/\/9staedte.de\/sv\/?s={search_term_string}"},"query-input":{"@type":"PropertyValueSpecification","valueRequired":true,"valueName":"search_term_string"}}],"inLanguage":"sv-SE"},{"@type":"Organization","@id":"https:\/\/9staedte.de\/sv\/#organization","name":"9 St\u00e4dte in Niedersachsen","url":"https:\/\/9staedte.de\/sv\/","logo":{"@type":"ImageObject","inLanguage":"sv-SE","@id":"https:\/\/9staedte.de\/sv\/#\/schema\/logo\/image\/","url":"https:\/\/9staedte.de\/wp-content\/uploads\/2025\/01\/9-neg-deutsch-2-1.png","contentUrl":"https:\/\/9staedte.de\/wp-content\/uploads\/2025\/01\/9-neg-deutsch-2-1.png","width":190,"height":114,"caption":"9 St\u00e4dte in Niedersachsen"},"image":{"@id":"https:\/\/9staedte.de\/sv\/#\/schema\/logo\/image\/"}}]}},"_links":{"self":[{"href":"https:\/\/9staedte.de\/sv\/wp-json\/wp\/v2\/pages\/14407","targetHints":{"allow":["GET"]}}],"collection":[{"href":"https:\/\/9staedte.de\/sv\/wp-json\/wp\/v2\/pages"}],"about":[{"href":"https:\/\/9staedte.de\/sv\/wp-json\/wp\/v2\/types\/page"}],"author":[{"embeddable":true,"href":"https:\/\/9staedte.de\/sv\/wp-json\/wp\/v2\/users\/1"}],"replies":[{"embeddable":true,"href":"https:\/\/9staedte.de\/sv\/wp-json\/wp\/v2\/comments?post=14407"}],"version-history":[{"count":2,"href":"https:\/\/9staedte.de\/sv\/wp-json\/wp\/v2\/pages\/14407\/revisions"}],"predecessor-version":[{"id":25466,"href":"https:\/\/9staedte.de\/sv\/wp-json\/wp\/v2\/pages\/14407\/revisions\/25466"}],"up":[{"embeddable":true,"href":"https:\/\/9staedte.de\/sv\/wp-json\/wp\/v2\/pages\/14588"}],"wp:featuredmedia":[{"embeddable":true,"href":"https:\/\/9staedte.de\/sv\/wp-json\/wp\/v2\/media\/14414"}],"wp:attachment":[{"href":"https:\/\/9staedte.de\/sv\/wp-json\/wp\/v2\/media?parent=14407"}],"wp:term":[{"taxonomy":"category","embeddable":true,"href":"https:\/\/9staedte.de\/sv\/wp-json\/wp\/v2\/categories?post=14407"},{"taxonomy":"post_tag","embeddable":true,"href":"https:\/\/9staedte.de\/sv\/wp-json\/wp\/v2\/tags?post=14407"},{"taxonomy":"ncap_cities_tax","embeddable":true,"href":"https:\/\/9staedte.de\/sv\/wp-json\/wp\/v2\/ncap_cities_tax?post=14407"}],"curies":[{"name":"wp","href":"https:\/\/api.w.org\/{rel}","templated":true}]}}