{"id":14405,"date":"2023-10-25T16:22:48","date_gmt":"2023-10-25T14:22:48","guid":{"rendered":"https:\/\/9staedte.de\/shopping-och-noejen-i-einbeck\/"},"modified":"2024-07-03T15:48:23","modified_gmt":"2024-07-03T13:48:23","slug":"shopping-och-noejen-i-einbeck","status":"publish","type":"page","link":"https:\/\/9staedte.de\/sv\/einbeck-klassiska-bilar-korsvirkeshus-oel\/shopping-och-noejen-i-einbeck\/","title":{"rendered":"Shopping och n\u00f6jen i Einbeck"},"content":{"rendered":"\n<h2 class=\"wp-block-heading\">Einbecker ritning och specialiteter<\/h2>\n\n\n\n<p>M\u00e5nga av Einbecks delikatesser \u00e4r handgjorda. I Einbecks senapsfabrik tillverkas mer \u00e4n tio senapssorter med hj\u00e4lp av den klassiska stenmalningsprocessen. Kaffet \u00e4r handrostat i Einbecks kafferosteri. Nymalet kaffe kan avnjutas i kafferosteriet direkt p\u00e5 torget.<br>P\u00e5 en shoppingtur genom gamla stan finns det m\u00e5nga sm\u00e5 butiker som erbjuder specialerbjudanden och massor av stil. Passa p\u00e5 att bes\u00f6ka Einbecker Blaudruck. \u00c5r 1638 grundades f\u00e4rgeriverkstaden. Einbecks Blueprint-verkstad och butik ligger i ett\u00a0historiskt korsvirkeshus\u00a0p\u00e5\u00a0M\u00f6ncheplatz.<br>Einbecks restauranger och pubar erbjuder mer \u00e4n 14 olika sorters Einbeck-\u00f6l. Under bock\u00f6ls\u00e5ret finns det naturligtvis ocks\u00e5 s\u00e4songsbetonade bock\u00f6l och Ainp\u00f6ckisch enligt originalreceptet.<\/p>\n\n\n\n<p><\/p>\n\n\n\n\n<div class=\"banner-wrapper\">\n  <div class=\"banner-inner \">\n      <div class=\"img-container\">\n      <div class=\"img-wrapper\">\n        <img decoding=\"async\" src=\"https:\/\/9staedte.de\/wp-content\/smush-webp\/2023\/05\/Senfkoeprner-\u00a9Einbecker-Senfmuehle.jpg.webp\" alt=\"Tv\u00e5 h\u00e4nder h\u00e5ller en sk\u00e5l med m\u00e5nga gula senapsfr\u00f6n. Ena handen l\u00e5ter fr\u00f6na falla ner i sk\u00e5len. I bakgrunden syns en pappersp\u00e5se.\" \/>\n                  <div class=\"thumbnail-label\">\n            <span>Senfk\u00f6prner, \u00a9Einbecker Senfm\u00fchle<\/span>\n          <\/div>\n              <\/div>\n    <\/div>\n        <div class=\"text-container\">\n      <div class=\"content\">\n        <p><strong>9 tips:<\/strong><\/p>\n<ol>\n<li>Prova Einbecks \u00f6l<\/li>\n<li>Einbecks senapskvarn<\/li>\n<li>Einbecker Blaudruck &#8211; traditionellt hantverk sedan 1638<\/li>\n<li>Korsvirkeshus Hurra: konst, kreativa och bisarra saker att g\u00f6ra med korsvirkeshus<\/li>\n<li>Einbecker Jung: krydd- och spritmanufaktur fr\u00e5n Einbeck<\/li>\n<li>Veckovis marknad i Einbecks gamla stad (varje onsdag och l\u00f6rdag)<\/li>\n<li>Shopping med Einbecker Zehner<\/li>\n<li>Kv\u00e4llstur: Ljus \u00f6l och m\u00f6rka skuggor<\/li>\n<li>Einbecks \u00f6ldiplom<\/li>\n<\/ol>\n      <\/div>\n    <\/div>\n    <\/div>\n<\/div>\n\n\n\n\n<p><a href=\"https:\/\/www.einbeck-tourismus.de\/einbecker-koestlichkeiten\">Mer information om specialiteter fr\u00e5n Einbeck:<\/a><\/p>\n","protected":false},"excerpt":{"rendered":"<p>Einbecker ritning och specialiteter M\u00e5nga av Einbecks delikatesser \u00e4r handgjorda. I Einbecks senapsfabrik tillverkas mer \u00e4n tio senapssorter med hj\u00e4lp av den klassiska stenmalningsprocessen. Kaffet \u00e4r handrostat i Einbecks kafferosteri. Nymalet kaffe kan avnjutas i kafferosteriet direkt p\u00e5 torget.P\u00e5 en shoppingtur genom gamla stan finns det m\u00e5nga sm\u00e5 butiker som erbjuder specialerbjudanden och massor av [&hellip;]<\/p>\n","protected":false},"author":1,"featured_media":14409,"parent":14526,"menu_order":0,"comment_status":"closed","ping_status":"closed","template":"pagetemplates\/template-stadtthema.php","meta":{"_acf_changed":false,"footnotes":""},"categories":[],"tags":[],"ncap_cities_tax":[477,813],"class_list":["post-14405","page","type-page","status-publish","has-post-thumbnail","hentry","ncap_cities_tax-einbeck-sv","ncap_cities_tax-shopping-und-ausgehen-einbeck-sv"],"acf":[],"yoast_head":"<!-- This site is optimized with the Yoast SEO plugin v26.8 - https:\/\/yoast.com\/product\/yoast-seo-wordpress\/ -->\n<title>Shopping och n\u00f6jen i Einbeck - 9 St\u00e4dte in Niedersachsen<\/title>\n<meta name=\"robots\" content=\"index, follow, max-snippet:-1, max-image-preview:large, max-video-preview:-1\" \/>\n<link rel=\"canonical\" href=\"https:\/\/9staedte.de\/sv\/einbeck-klassiska-bilar-korsvirkeshus-oel\/shopping-och-noejen-i-einbeck\/\" \/>\n<meta property=\"og:locale\" content=\"sv_SE\" \/>\n<meta property=\"og:type\" content=\"article\" \/>\n<meta property=\"og:title\" content=\"Shopping och n\u00f6jen i Einbeck - 9 St\u00e4dte in Niedersachsen\" \/>\n<meta property=\"og:description\" content=\"Einbecker ritning och specialiteter M\u00e5nga av Einbecks delikatesser \u00e4r handgjorda. I Einbecks senapsfabrik tillverkas mer \u00e4n tio senapssorter med hj\u00e4lp av den klassiska stenmalningsprocessen. Kaffet \u00e4r handrostat i Einbecks kafferosteri. Nymalet kaffe kan avnjutas i kafferosteriet direkt p\u00e5 torget.P\u00e5 en shoppingtur genom gamla stan finns det m\u00e5nga sm\u00e5 butiker som erbjuder specialerbjudanden och massor av [&hellip;]\" \/>\n<meta property=\"og:url\" content=\"https:\/\/9staedte.de\/sv\/einbeck-klassiska-bilar-korsvirkeshus-oel\/shopping-och-noejen-i-einbeck\/\" \/>\n<meta property=\"og:site_name\" content=\"9 St\u00e4dte in Niedersachsen\" \/>\n<meta property=\"article:modified_time\" content=\"2024-07-03T13:48:23+00:00\" \/>\n<meta property=\"og:image\" content=\"https:\/\/9staedte.de\/wp-content\/uploads\/2023\/07\/Einbecker-Blaudruck-\u00a9mehle-hundertmark-Fotografie-scaled.jpg\" \/>\n\t<meta property=\"og:image:width\" content=\"2560\" \/>\n\t<meta property=\"og:image:height\" content=\"1707\" \/>\n\t<meta property=\"og:image:type\" content=\"image\/jpeg\" \/>\n<meta name=\"twitter:card\" content=\"summary_large_image\" \/>\n<meta name=\"twitter:label1\" content=\"Ber\u00e4knad l\u00e4stid\" \/>\n\t<meta name=\"twitter:data1\" content=\"1 minut\" \/>\n<script type=\"application\/ld+json\" class=\"yoast-schema-graph\">{\"@context\":\"https:\/\/schema.org\",\"@graph\":[{\"@type\":\"WebPage\",\"@id\":\"https:\/\/9staedte.de\/sv\/einbeck-klassiska-bilar-korsvirkeshus-oel\/shopping-och-noejen-i-einbeck\/\",\"url\":\"https:\/\/9staedte.de\/sv\/einbeck-klassiska-bilar-korsvirkeshus-oel\/shopping-och-noejen-i-einbeck\/\",\"name\":\"Shopping och n\u00f6jen i Einbeck - 9 St\u00e4dte in Niedersachsen\",\"isPartOf\":{\"@id\":\"https:\/\/9staedte.de\/sv\/#website\"},\"primaryImageOfPage\":{\"@id\":\"https:\/\/9staedte.de\/sv\/einbeck-klassiska-bilar-korsvirkeshus-oel\/shopping-och-noejen-i-einbeck\/#primaryimage\"},\"image\":{\"@id\":\"https:\/\/9staedte.de\/sv\/einbeck-klassiska-bilar-korsvirkeshus-oel\/shopping-och-noejen-i-einbeck\/#primaryimage\"},\"thumbnailUrl\":\"https:\/\/9staedte.de\/wp-content\/uploads\/2023\/07\/Einbecker-Blaudruck-\u00a9mehle-hundertmark-Fotografie-scaled.jpg\",\"datePublished\":\"2023-10-25T14:22:48+00:00\",\"dateModified\":\"2024-07-03T13:48:23+00:00\",\"breadcrumb\":{\"@id\":\"https:\/\/9staedte.de\/sv\/einbeck-klassiska-bilar-korsvirkeshus-oel\/shopping-och-noejen-i-einbeck\/#breadcrumb\"},\"inLanguage\":\"sv-SE\",\"potentialAction\":[{\"@type\":\"ReadAction\",\"target\":[\"https:\/\/9staedte.de\/sv\/einbeck-klassiska-bilar-korsvirkeshus-oel\/shopping-och-noejen-i-einbeck\/\"]}]},{\"@type\":\"ImageObject\",\"inLanguage\":\"sv-SE\",\"@id\":\"https:\/\/9staedte.de\/sv\/einbeck-klassiska-bilar-korsvirkeshus-oel\/shopping-och-noejen-i-einbeck\/#primaryimage\",\"url\":\"https:\/\/9staedte.de\/wp-content\/uploads\/2023\/07\/Einbecker-Blaudruck-\u00a9mehle-hundertmark-Fotografie-scaled.jpg\",\"contentUrl\":\"https:\/\/9staedte.de\/wp-content\/uploads\/2023\/07\/Einbecker-Blaudruck-\u00a9mehle-hundertmark-Fotografie-scaled.jpg\",\"width\":2560,\"height\":1707,\"caption\":\"Einbecker Blaudruck Foto: Michaela Hundertmark, Michael Mehle\"},{\"@type\":\"BreadcrumbList\",\"@id\":\"https:\/\/9staedte.de\/sv\/einbeck-klassiska-bilar-korsvirkeshus-oel\/shopping-och-noejen-i-einbeck\/#breadcrumb\",\"itemListElement\":[{\"@type\":\"ListItem\",\"position\":1,\"name\":\"Startseite\",\"item\":\"https:\/\/9staedte.de\/sv\/\"},{\"@type\":\"ListItem\",\"position\":2,\"name\":\"Einbeck &#8211; klassiska bilar, korsvirkeshus, \u00f6l\",\"item\":\"https:\/\/9staedte.de\/sv\/einbeck-klassiska-bilar-korsvirkeshus-oel\/\"},{\"@type\":\"ListItem\",\"position\":3,\"name\":\"Shopping och n\u00f6jen i Einbeck\"}]},{\"@type\":\"WebSite\",\"@id\":\"https:\/\/9staedte.de\/sv\/#website\",\"url\":\"https:\/\/9staedte.de\/sv\/\",\"name\":\"9 St\u00e4dte in Niedersachsen\",\"description\":\"\",\"publisher\":{\"@id\":\"https:\/\/9staedte.de\/sv\/#organization\"},\"potentialAction\":[{\"@type\":\"SearchAction\",\"target\":{\"@type\":\"EntryPoint\",\"urlTemplate\":\"https:\/\/9staedte.de\/sv\/?s={search_term_string}\"},\"query-input\":{\"@type\":\"PropertyValueSpecification\",\"valueRequired\":true,\"valueName\":\"search_term_string\"}}],\"inLanguage\":\"sv-SE\"},{\"@type\":\"Organization\",\"@id\":\"https:\/\/9staedte.de\/sv\/#organization\",\"name\":\"9 St\u00e4dte in Niedersachsen\",\"url\":\"https:\/\/9staedte.de\/sv\/\",\"logo\":{\"@type\":\"ImageObject\",\"inLanguage\":\"sv-SE\",\"@id\":\"https:\/\/9staedte.de\/sv\/#\/schema\/logo\/image\/\",\"url\":\"https:\/\/9staedte.de\/wp-content\/uploads\/2025\/01\/9-neg-deutsch-2-1.png\",\"contentUrl\":\"https:\/\/9staedte.de\/wp-content\/uploads\/2025\/01\/9-neg-deutsch-2-1.png\",\"width\":190,\"height\":114,\"caption\":\"9 St\u00e4dte in Niedersachsen\"},\"image\":{\"@id\":\"https:\/\/9staedte.de\/sv\/#\/schema\/logo\/image\/\"}}]}<\/script>\n<!-- \/ Yoast SEO plugin. -->","yoast_head_json":{"title":"Shopping och n\u00f6jen i Einbeck - 9 St\u00e4dte in Niedersachsen","robots":{"index":"index","follow":"follow","max-snippet":"max-snippet:-1","max-image-preview":"max-image-preview:large","max-video-preview":"max-video-preview:-1"},"canonical":"https:\/\/9staedte.de\/sv\/einbeck-klassiska-bilar-korsvirkeshus-oel\/shopping-och-noejen-i-einbeck\/","og_locale":"sv_SE","og_type":"article","og_title":"Shopping och n\u00f6jen i Einbeck - 9 St\u00e4dte in Niedersachsen","og_description":"Einbecker ritning och specialiteter M\u00e5nga av Einbecks delikatesser \u00e4r handgjorda. I Einbecks senapsfabrik tillverkas mer \u00e4n tio senapssorter med hj\u00e4lp av den klassiska stenmalningsprocessen. Kaffet \u00e4r handrostat i Einbecks kafferosteri. Nymalet kaffe kan avnjutas i kafferosteriet direkt p\u00e5 torget.P\u00e5 en shoppingtur genom gamla stan finns det m\u00e5nga sm\u00e5 butiker som erbjuder specialerbjudanden och massor av [&hellip;]","og_url":"https:\/\/9staedte.de\/sv\/einbeck-klassiska-bilar-korsvirkeshus-oel\/shopping-och-noejen-i-einbeck\/","og_site_name":"9 St\u00e4dte in Niedersachsen","article_modified_time":"2024-07-03T13:48:23+00:00","og_image":[{"width":2560,"height":1707,"url":"https:\/\/9staedte.de\/wp-content\/uploads\/2023\/07\/Einbecker-Blaudruck-\u00a9mehle-hundertmark-Fotografie-scaled.jpg","type":"image\/jpeg"}],"twitter_card":"summary_large_image","twitter_misc":{"Ber\u00e4knad l\u00e4stid":"1 minut"},"schema":{"@context":"https:\/\/schema.org","@graph":[{"@type":"WebPage","@id":"https:\/\/9staedte.de\/sv\/einbeck-klassiska-bilar-korsvirkeshus-oel\/shopping-och-noejen-i-einbeck\/","url":"https:\/\/9staedte.de\/sv\/einbeck-klassiska-bilar-korsvirkeshus-oel\/shopping-och-noejen-i-einbeck\/","name":"Shopping och n\u00f6jen i Einbeck - 9 St\u00e4dte in Niedersachsen","isPartOf":{"@id":"https:\/\/9staedte.de\/sv\/#website"},"primaryImageOfPage":{"@id":"https:\/\/9staedte.de\/sv\/einbeck-klassiska-bilar-korsvirkeshus-oel\/shopping-och-noejen-i-einbeck\/#primaryimage"},"image":{"@id":"https:\/\/9staedte.de\/sv\/einbeck-klassiska-bilar-korsvirkeshus-oel\/shopping-och-noejen-i-einbeck\/#primaryimage"},"thumbnailUrl":"https:\/\/9staedte.de\/wp-content\/uploads\/2023\/07\/Einbecker-Blaudruck-\u00a9mehle-hundertmark-Fotografie-scaled.jpg","datePublished":"2023-10-25T14:22:48+00:00","dateModified":"2024-07-03T13:48:23+00:00","breadcrumb":{"@id":"https:\/\/9staedte.de\/sv\/einbeck-klassiska-bilar-korsvirkeshus-oel\/shopping-och-noejen-i-einbeck\/#breadcrumb"},"inLanguage":"sv-SE","potentialAction":[{"@type":"ReadAction","target":["https:\/\/9staedte.de\/sv\/einbeck-klassiska-bilar-korsvirkeshus-oel\/shopping-och-noejen-i-einbeck\/"]}]},{"@type":"ImageObject","inLanguage":"sv-SE","@id":"https:\/\/9staedte.de\/sv\/einbeck-klassiska-bilar-korsvirkeshus-oel\/shopping-och-noejen-i-einbeck\/#primaryimage","url":"https:\/\/9staedte.de\/wp-content\/uploads\/2023\/07\/Einbecker-Blaudruck-\u00a9mehle-hundertmark-Fotografie-scaled.jpg","contentUrl":"https:\/\/9staedte.de\/wp-content\/uploads\/2023\/07\/Einbecker-Blaudruck-\u00a9mehle-hundertmark-Fotografie-scaled.jpg","width":2560,"height":1707,"caption":"Einbecker Blaudruck Foto: Michaela Hundertmark, Michael Mehle"},{"@type":"BreadcrumbList","@id":"https:\/\/9staedte.de\/sv\/einbeck-klassiska-bilar-korsvirkeshus-oel\/shopping-och-noejen-i-einbeck\/#breadcrumb","itemListElement":[{"@type":"ListItem","position":1,"name":"Startseite","item":"https:\/\/9staedte.de\/sv\/"},{"@type":"ListItem","position":2,"name":"Einbeck &#8211; klassiska bilar, korsvirkeshus, \u00f6l","item":"https:\/\/9staedte.de\/sv\/einbeck-klassiska-bilar-korsvirkeshus-oel\/"},{"@type":"ListItem","position":3,"name":"Shopping och n\u00f6jen i Einbeck"}]},{"@type":"WebSite","@id":"https:\/\/9staedte.de\/sv\/#website","url":"https:\/\/9staedte.de\/sv\/","name":"9 St\u00e4dte in Niedersachsen","description":"","publisher":{"@id":"https:\/\/9staedte.de\/sv\/#organization"},"potentialAction":[{"@type":"SearchAction","target":{"@type":"EntryPoint","urlTemplate":"https:\/\/9staedte.de\/sv\/?s={search_term_string}"},"query-input":{"@type":"PropertyValueSpecification","valueRequired":true,"valueName":"search_term_string"}}],"inLanguage":"sv-SE"},{"@type":"Organization","@id":"https:\/\/9staedte.de\/sv\/#organization","name":"9 St\u00e4dte in Niedersachsen","url":"https:\/\/9staedte.de\/sv\/","logo":{"@type":"ImageObject","inLanguage":"sv-SE","@id":"https:\/\/9staedte.de\/sv\/#\/schema\/logo\/image\/","url":"https:\/\/9staedte.de\/wp-content\/uploads\/2025\/01\/9-neg-deutsch-2-1.png","contentUrl":"https:\/\/9staedte.de\/wp-content\/uploads\/2025\/01\/9-neg-deutsch-2-1.png","width":190,"height":114,"caption":"9 St\u00e4dte in Niedersachsen"},"image":{"@id":"https:\/\/9staedte.de\/sv\/#\/schema\/logo\/image\/"}}]}},"_links":{"self":[{"href":"https:\/\/9staedte.de\/sv\/wp-json\/wp\/v2\/pages\/14405","targetHints":{"allow":["GET"]}}],"collection":[{"href":"https:\/\/9staedte.de\/sv\/wp-json\/wp\/v2\/pages"}],"about":[{"href":"https:\/\/9staedte.de\/sv\/wp-json\/wp\/v2\/types\/page"}],"author":[{"embeddable":true,"href":"https:\/\/9staedte.de\/sv\/wp-json\/wp\/v2\/users\/1"}],"replies":[{"embeddable":true,"href":"https:\/\/9staedte.de\/sv\/wp-json\/wp\/v2\/comments?post=14405"}],"version-history":[{"count":4,"href":"https:\/\/9staedte.de\/sv\/wp-json\/wp\/v2\/pages\/14405\/revisions"}],"predecessor-version":[{"id":22798,"href":"https:\/\/9staedte.de\/sv\/wp-json\/wp\/v2\/pages\/14405\/revisions\/22798"}],"up":[{"embeddable":true,"href":"https:\/\/9staedte.de\/sv\/wp-json\/wp\/v2\/pages\/14526"}],"wp:featuredmedia":[{"embeddable":true,"href":"https:\/\/9staedte.de\/sv\/wp-json\/wp\/v2\/media\/14409"}],"wp:attachment":[{"href":"https:\/\/9staedte.de\/sv\/wp-json\/wp\/v2\/media?parent=14405"}],"wp:term":[{"taxonomy":"category","embeddable":true,"href":"https:\/\/9staedte.de\/sv\/wp-json\/wp\/v2\/categories?post=14405"},{"taxonomy":"post_tag","embeddable":true,"href":"https:\/\/9staedte.de\/sv\/wp-json\/wp\/v2\/tags?post=14405"},{"taxonomy":"ncap_cities_tax","embeddable":true,"href":"https:\/\/9staedte.de\/sv\/wp-json\/wp\/v2\/ncap_cities_tax?post=14405"}],"curies":[{"name":"wp","href":"https:\/\/api.w.org\/{rel}","templated":true}]}}