{"id":14394,"date":"2023-10-25T16:24:16","date_gmt":"2023-10-25T14:24:16","guid":{"rendered":"https:\/\/9staedte.de\/hildesheim-slott-och-traedgaardar\/"},"modified":"2023-10-25T17:56:47","modified_gmt":"2023-10-25T15:56:47","slug":"hildesheim-slott-och-traedgaardar","status":"publish","type":"page","link":"https:\/\/9staedte.de\/sv\/hildesheim-stad-paa-unescos-vaerldsarvslista\/hildesheim-slott-och-traedgaardar\/","title":{"rendered":"Hildesheim slott och tr\u00e4dg\u00e5rdar"},"content":{"rendered":"\r\n\r\n    <div class=\"filter-posts\">\r\n            <div  id=\"filterContent\">\r\n                                                        \n<div class=\"contentKachel filtr-item\" data-category=\"hildesheim-sv\">\n    <a href=\"https:\/\/9staedte.de\/sv\/besoek-slotten-och-traedgaardarna-i-regionen-hildesheim\/\">\n        <div class=\"contentKachel-inner\">\n                            <div class=\"contentKachel-thumbnail\">\n                    <img loading=\"lazy\" decoding=\"async\" width=\"300\" height=\"163\" src=\"https:\/\/9staedte.de\/wp-content\/smush-webp\/2022\/03\/Schloss-Marienburg-c-HMTG-Michael-Abid-300x163.jpg.webp\" class=\"objectfitcover withfilters wp-post-image\" alt=\"P\u00e5 bilden syns ett slott p\u00e5 en kulle. Det heter Marienburgs slott. Det ligger mitt i en skog. Till h\u00f6ger syns en lugn flod. Det \u00e4r morgon eller kv\u00e4ll. Himlen \u00e4r orange och dimmig. Det ser mycket vackert ut.\" srcset=\"https:\/\/9staedte.de\/wp-content\/smush-webp\/2022\/03\/Schloss-Marienburg-c-HMTG-Michael-Abid-300x163.jpg.webp 300w, https:\/\/9staedte.de\/wp-content\/smush-webp\/2022\/03\/Schloss-Marienburg-c-HMTG-Michael-Abid-768x418.jpg.webp 768w, https:\/\/9staedte.de\/wp-content\/smush-webp\/2022\/03\/Schloss-Marienburg-c-HMTG-Michael-Abid.jpg.webp 1019w\" sizes=\"auto, (max-width: 300px) 100vw, 300px\" \/>                    <img loading=\"lazy\" decoding=\"async\" width=\"300\" height=\"163\" src=\"https:\/\/9staedte.de\/wp-content\/smush-webp\/2022\/03\/Schloss-Marienburg-c-HMTG-Michael-Abid-300x163.jpg.webp\" class=\"objectfitcontain wp-post-image\" alt=\"P\u00e5 bilden syns ett slott p\u00e5 en kulle. Det heter Marienburgs slott. Det ligger mitt i en skog. Till h\u00f6ger syns en lugn flod. Det \u00e4r morgon eller kv\u00e4ll. Himlen \u00e4r orange och dimmig. Det ser mycket vackert ut.\" srcset=\"https:\/\/9staedte.de\/wp-content\/smush-webp\/2022\/03\/Schloss-Marienburg-c-HMTG-Michael-Abid-300x163.jpg.webp 300w, https:\/\/9staedte.de\/wp-content\/smush-webp\/2022\/03\/Schloss-Marienburg-c-HMTG-Michael-Abid-768x418.jpg.webp 768w, https:\/\/9staedte.de\/wp-content\/smush-webp\/2022\/03\/Schloss-Marienburg-c-HMTG-Michael-Abid.jpg.webp 1019w\" sizes=\"auto, (max-width: 300px) 100vw, 300px\" \/>                        <div class=\"thumbnail-label\">\n    <span>Schloss Marienburg c) HMTG Michael Abid<\/span>\n    <\/div>\n                <\/div>\n                        <div class=\"contentKachel-content\">\n                                    <div class=\"city-tag bg-hildesheim\">\n                        Hildesheim                    <\/div>\n                \n                <div class=\"title\">\n\n                    Bes\u00f6k slotten och tr\u00e4dg\u00e5rdarna i regionen Hildesheim                    \n                <\/div>\n\n                            <\/div>\n\n        <\/div>\n    <\/a>\n<\/div>                                                        \n<div class=\"contentKachel filtr-item\" data-category=\"hildesheim-sv\">\n    <a href=\"https:\/\/9staedte.de\/sv\/ernst-ehrlicher-park-hildesheim\/\">\n        <div class=\"contentKachel-inner\">\n                            <div class=\"contentKachel-thumbnail\">\n                    <img loading=\"lazy\" decoding=\"async\" width=\"300\" height=\"165\" src=\"https:\/\/9staedte.de\/wp-content\/smush-webp\/2022\/03\/Ehrlicher-Parkc_Hildesheim_Marketing-300x165.jpg.webp\" class=\"objectfitcover withfilters wp-post-image\" alt=\"Bilden visar en park med m\u00e5nga tr\u00e4d. I mitten finns en liten flod eller damm. I bakgrunden ser man en vit bro. Tr\u00e4den \u00e4r gr\u00f6na och ger skugga. Det \u00e4r v\u00e5r eller sommar. Allt ser lugnt och naturligt ut. Platsen heter: Ehrlicher Park i Hildesheim.\" srcset=\"https:\/\/9staedte.de\/wp-content\/smush-webp\/2022\/03\/Ehrlicher-Parkc_Hildesheim_Marketing-300x165.jpg.webp 300w, https:\/\/9staedte.de\/wp-content\/smush-webp\/2022\/03\/Ehrlicher-Parkc_Hildesheim_Marketing-768x422.jpg.webp 768w, https:\/\/9staedte.de\/wp-content\/smush-webp\/2022\/03\/Ehrlicher-Parkc_Hildesheim_Marketing.jpg.webp 1020w\" sizes=\"auto, (max-width: 300px) 100vw, 300px\" \/>                    <img loading=\"lazy\" decoding=\"async\" width=\"300\" height=\"165\" src=\"https:\/\/9staedte.de\/wp-content\/smush-webp\/2022\/03\/Ehrlicher-Parkc_Hildesheim_Marketing-300x165.jpg.webp\" class=\"objectfitcontain wp-post-image\" alt=\"Bilden visar en park med m\u00e5nga tr\u00e4d. I mitten finns en liten flod eller damm. I bakgrunden ser man en vit bro. Tr\u00e4den \u00e4r gr\u00f6na och ger skugga. Det \u00e4r v\u00e5r eller sommar. Allt ser lugnt och naturligt ut. Platsen heter: Ehrlicher Park i Hildesheim.\" srcset=\"https:\/\/9staedte.de\/wp-content\/smush-webp\/2022\/03\/Ehrlicher-Parkc_Hildesheim_Marketing-300x165.jpg.webp 300w, https:\/\/9staedte.de\/wp-content\/smush-webp\/2022\/03\/Ehrlicher-Parkc_Hildesheim_Marketing-768x422.jpg.webp 768w, https:\/\/9staedte.de\/wp-content\/smush-webp\/2022\/03\/Ehrlicher-Parkc_Hildesheim_Marketing.jpg.webp 1020w\" sizes=\"auto, (max-width: 300px) 100vw, 300px\" \/>                        <div class=\"thumbnail-label\">\n    <span>Ehrlicher Park Hildesheim c) Hildesheim Marketing GmbH<\/span>\n    <\/div>\n                <\/div>\n                        <div class=\"contentKachel-content\">\n                                    <div class=\"city-tag bg-hildesheim\">\n                        Hildesheim                    <\/div>\n                \n                <div class=\"title\">\n\n                    Ernst Ehrlicher Park Hildesheim                    \n                <\/div>\n\n                            <\/div>\n\n        <\/div>\n    <\/a>\n<\/div>                                                        \n<div class=\"contentKachel filtr-item\" data-category=\"hildesheim-sv\">\n    <a href=\"https:\/\/9staedte.de\/sv\/magdalenengarten-hildesheim-foerundras-oever-rosornas-prakt\/\">\n        <div class=\"contentKachel-inner\">\n                            <div class=\"contentKachel-thumbnail\">\n                    <img loading=\"lazy\" decoding=\"async\" width=\"300\" height=\"165\" src=\"https:\/\/9staedte.de\/wp-content\/smush-webp\/2022\/03\/Magdalenengarten-Hildesheim-c-Hildesheim-Marketing-300x165.jpg.webp\" class=\"objectfitcover withfilters wp-post-image\" alt=\"Bilden visar en f\u00e4rgglad sommartr\u00e4dg\u00e5rd. Det finns stora b\u00e5gar med rosa rosor. Rosorna blommar vackert. L\u00e4ngs stigen v\u00e4xer lavendel. I bakgrunden finns ett litet lusthus. Himlen \u00e4r bl\u00e5 med n\u00e5gra moln. Tr\u00e4dg\u00e5rden heter: Magdalenengarten i Hildesheim.\" srcset=\"https:\/\/9staedte.de\/wp-content\/smush-webp\/2022\/03\/Magdalenengarten-Hildesheim-c-Hildesheim-Marketing-300x165.jpg.webp 300w, https:\/\/9staedte.de\/wp-content\/smush-webp\/2022\/03\/Magdalenengarten-Hildesheim-c-Hildesheim-Marketing-768x422.jpg.webp 768w, https:\/\/9staedte.de\/wp-content\/smush-webp\/2022\/03\/Magdalenengarten-Hildesheim-c-Hildesheim-Marketing.jpg.webp 1020w\" sizes=\"auto, (max-width: 300px) 100vw, 300px\" \/>                    <img loading=\"lazy\" decoding=\"async\" width=\"300\" height=\"165\" src=\"https:\/\/9staedte.de\/wp-content\/smush-webp\/2022\/03\/Magdalenengarten-Hildesheim-c-Hildesheim-Marketing-300x165.jpg.webp\" class=\"objectfitcontain wp-post-image\" alt=\"Bilden visar en f\u00e4rgglad sommartr\u00e4dg\u00e5rd. Det finns stora b\u00e5gar med rosa rosor. Rosorna blommar vackert. L\u00e4ngs stigen v\u00e4xer lavendel. I bakgrunden finns ett litet lusthus. Himlen \u00e4r bl\u00e5 med n\u00e5gra moln. Tr\u00e4dg\u00e5rden heter: Magdalenengarten i Hildesheim.\" srcset=\"https:\/\/9staedte.de\/wp-content\/smush-webp\/2022\/03\/Magdalenengarten-Hildesheim-c-Hildesheim-Marketing-300x165.jpg.webp 300w, https:\/\/9staedte.de\/wp-content\/smush-webp\/2022\/03\/Magdalenengarten-Hildesheim-c-Hildesheim-Marketing-768x422.jpg.webp 768w, https:\/\/9staedte.de\/wp-content\/smush-webp\/2022\/03\/Magdalenengarten-Hildesheim-c-Hildesheim-Marketing.jpg.webp 1020w\" sizes=\"auto, (max-width: 300px) 100vw, 300px\" \/>                        <div class=\"thumbnail-label\">\n    <span>Rosenpracht im Magdalenengarten Hildesheim c) Hildesheim Marketing<\/span>\n    <\/div>\n                <\/div>\n                        <div class=\"contentKachel-content\">\n                                    <div class=\"city-tag bg-hildesheim\">\n                        Hildesheim                    <\/div>\n                \n                <div class=\"title\">\n\n                    Magdalenengarten Hildesheim &#8211; F\u00f6rundras \u00f6ver rosornas prakt                    \n                <\/div>\n\n                            <\/div>\n\n        <\/div>\n    <\/a>\n<\/div>                                                        \n<div class=\"contentKachel filtr-item\" data-category=\"hildesheim-sv\">\n    <a href=\"https:\/\/9staedte.de\/sv\/domaenen-marienburg\/\">\n        <div class=\"contentKachel-inner\">\n                            <div class=\"contentKachel-thumbnail\">\n                    <img loading=\"lazy\" decoding=\"async\" width=\"300\" height=\"200\" src=\"https:\/\/9staedte.de\/wp-content\/smush-webp\/2022\/03\/Domaene_Marienburg\u00a9Hildesheim-Marketing-300x200.jpg.webp\" class=\"objectfitcover withfilters wp-post-image\" alt=\"Bilden visar en gammal slottsanl\u00e4ggning. Byggnaderna \u00e4r av sten och tr\u00e4. Taken \u00e4r r\u00f6da och spetsiga. I mitten finns en port och en g\u00e5rd. Man ser n\u00e5gra m\u00e4nniskor och bilar. Himlen \u00e4r bl\u00e5 och v\u00e4dret \u00e4r fint. Platsen heter: Dom\u00e4ne Marienburg.\" srcset=\"https:\/\/9staedte.de\/wp-content\/smush-webp\/2022\/03\/Domaene_Marienburg\u00a9Hildesheim-Marketing-300x200.jpg.webp 300w, https:\/\/9staedte.de\/wp-content\/smush-webp\/2022\/03\/Domaene_Marienburg\u00a9Hildesheim-Marketing.jpg.webp 580w\" sizes=\"auto, (max-width: 300px) 100vw, 300px\" \/>                    <img loading=\"lazy\" decoding=\"async\" width=\"300\" height=\"200\" src=\"https:\/\/9staedte.de\/wp-content\/smush-webp\/2022\/03\/Domaene_Marienburg\u00a9Hildesheim-Marketing-300x200.jpg.webp\" class=\"objectfitcontain wp-post-image\" alt=\"Bilden visar en gammal slottsanl\u00e4ggning. Byggnaderna \u00e4r av sten och tr\u00e4. Taken \u00e4r r\u00f6da och spetsiga. I mitten finns en port och en g\u00e5rd. Man ser n\u00e5gra m\u00e4nniskor och bilar. Himlen \u00e4r bl\u00e5 och v\u00e4dret \u00e4r fint. Platsen heter: Dom\u00e4ne Marienburg.\" srcset=\"https:\/\/9staedte.de\/wp-content\/smush-webp\/2022\/03\/Domaene_Marienburg\u00a9Hildesheim-Marketing-300x200.jpg.webp 300w, https:\/\/9staedte.de\/wp-content\/smush-webp\/2022\/03\/Domaene_Marienburg\u00a9Hildesheim-Marketing.jpg.webp 580w\" sizes=\"auto, (max-width: 300px) 100vw, 300px\" \/>                        <div class=\"thumbnail-label\">\n    <span>Dom\u00e4ne Marienburg c) Hildesheim Marketing<\/span>\n    <\/div>\n                <\/div>\n                        <div class=\"contentKachel-content\">\n                                    <div class=\"city-tag bg-hildesheim\">\n                        Hildesheim                    <\/div>\n                \n                <div class=\"title\">\n\n                    Dom\u00e4nen Marienburg                    \n                <\/div>\n\n                            <\/div>\n\n        <\/div>\n    <\/a>\n<\/div>                                            <\/div>\r\n    <\/div>\r\n","protected":false},"excerpt":{"rendered":"","protected":false},"author":1,"featured_media":14400,"parent":14541,"menu_order":0,"comment_status":"closed","ping_status":"closed","template":"pagetemplates\/template-stadtthema.php","meta":{"_acf_changed":false,"footnotes":""},"categories":[],"tags":[],"ncap_cities_tax":[463,743],"class_list":["post-14394","page","type-page","status-publish","has-post-thumbnail","hentry","ncap_cities_tax-hildesheim-sv","ncap_cities_tax-schlosser-und-garten-hildesheim-sv"],"acf":[],"yoast_head":"<!-- This site is optimized with the Yoast SEO plugin v26.8 - https:\/\/yoast.com\/product\/yoast-seo-wordpress\/ -->\n<title>Hildesheim slott och tr\u00e4dg\u00e5rdar - 9 St\u00e4dte in Niedersachsen<\/title>\n<meta name=\"robots\" content=\"index, follow, max-snippet:-1, max-image-preview:large, max-video-preview:-1\" \/>\n<link rel=\"canonical\" href=\"https:\/\/9staedte.de\/sv\/hildesheim-stad-paa-unescos-vaerldsarvslista\/hildesheim-slott-och-traedgaardar\/\" \/>\n<meta property=\"og:locale\" content=\"sv_SE\" \/>\n<meta property=\"og:type\" content=\"article\" \/>\n<meta property=\"og:title\" content=\"Hildesheim slott och tr\u00e4dg\u00e5rdar - 9 St\u00e4dte in Niedersachsen\" \/>\n<meta property=\"og:url\" content=\"https:\/\/9staedte.de\/sv\/hildesheim-stad-paa-unescos-vaerldsarvslista\/hildesheim-slott-och-traedgaardar\/\" \/>\n<meta property=\"og:site_name\" content=\"9 St\u00e4dte in Niedersachsen\" \/>\n<meta property=\"article:modified_time\" content=\"2023-10-25T15:56:47+00:00\" \/>\n<meta property=\"og:image\" content=\"https:\/\/9staedte.de\/wp-content\/uploads\/2023\/06\/Magdalenengarten-\u00a9-Hildesheim-Marketing-GmbH-Foto-Dagmar-Schwelle.jpg\" \/>\n\t<meta property=\"og:image:width\" content=\"1020\" \/>\n\t<meta property=\"og:image:height\" content=\"560\" \/>\n\t<meta property=\"og:image:type\" content=\"image\/jpeg\" \/>\n<meta name=\"twitter:card\" content=\"summary_large_image\" \/>\n<script type=\"application\/ld+json\" class=\"yoast-schema-graph\">{\"@context\":\"https:\/\/schema.org\",\"@graph\":[{\"@type\":\"WebPage\",\"@id\":\"https:\/\/9staedte.de\/sv\/hildesheim-stad-paa-unescos-vaerldsarvslista\/hildesheim-slott-och-traedgaardar\/\",\"url\":\"https:\/\/9staedte.de\/sv\/hildesheim-stad-paa-unescos-vaerldsarvslista\/hildesheim-slott-och-traedgaardar\/\",\"name\":\"Hildesheim slott och tr\u00e4dg\u00e5rdar - 9 St\u00e4dte in Niedersachsen\",\"isPartOf\":{\"@id\":\"https:\/\/9staedte.de\/sv\/#website\"},\"primaryImageOfPage\":{\"@id\":\"https:\/\/9staedte.de\/sv\/hildesheim-stad-paa-unescos-vaerldsarvslista\/hildesheim-slott-och-traedgaardar\/#primaryimage\"},\"image\":{\"@id\":\"https:\/\/9staedte.de\/sv\/hildesheim-stad-paa-unescos-vaerldsarvslista\/hildesheim-slott-och-traedgaardar\/#primaryimage\"},\"thumbnailUrl\":\"https:\/\/9staedte.de\/wp-content\/uploads\/2023\/06\/Magdalenengarten-\u00a9-Hildesheim-Marketing-GmbH-Foto-Dagmar-Schwelle.jpg\",\"datePublished\":\"2023-10-25T14:24:16+00:00\",\"dateModified\":\"2023-10-25T15:56:47+00:00\",\"breadcrumb\":{\"@id\":\"https:\/\/9staedte.de\/sv\/hildesheim-stad-paa-unescos-vaerldsarvslista\/hildesheim-slott-och-traedgaardar\/#breadcrumb\"},\"inLanguage\":\"sv-SE\",\"potentialAction\":[{\"@type\":\"ReadAction\",\"target\":[\"https:\/\/9staedte.de\/sv\/hildesheim-stad-paa-unescos-vaerldsarvslista\/hildesheim-slott-och-traedgaardar\/\"]}]},{\"@type\":\"ImageObject\",\"inLanguage\":\"sv-SE\",\"@id\":\"https:\/\/9staedte.de\/sv\/hildesheim-stad-paa-unescos-vaerldsarvslista\/hildesheim-slott-och-traedgaardar\/#primaryimage\",\"url\":\"https:\/\/9staedte.de\/wp-content\/uploads\/2023\/06\/Magdalenengarten-\u00a9-Hildesheim-Marketing-GmbH-Foto-Dagmar-Schwelle.jpg\",\"contentUrl\":\"https:\/\/9staedte.de\/wp-content\/uploads\/2023\/06\/Magdalenengarten-\u00a9-Hildesheim-Marketing-GmbH-Foto-Dagmar-Schwelle.jpg\",\"width\":1020,\"height\":560,\"caption\":\"Hildesheim Magdalenengarten \u00a9 Hildesheim Marketing GmbH, Foto Dagmar Schwelle\"},{\"@type\":\"BreadcrumbList\",\"@id\":\"https:\/\/9staedte.de\/sv\/hildesheim-stad-paa-unescos-vaerldsarvslista\/hildesheim-slott-och-traedgaardar\/#breadcrumb\",\"itemListElement\":[{\"@type\":\"ListItem\",\"position\":1,\"name\":\"Startseite\",\"item\":\"https:\/\/9staedte.de\/sv\/\"},{\"@type\":\"ListItem\",\"position\":2,\"name\":\"Hildesheim &#8211; stad p\u00e5 UNESCO:s v\u00e4rldsarvslista\",\"item\":\"https:\/\/9staedte.de\/sv\/hildesheim-stad-paa-unescos-vaerldsarvslista\/\"},{\"@type\":\"ListItem\",\"position\":3,\"name\":\"Hildesheim slott och tr\u00e4dg\u00e5rdar\"}]},{\"@type\":\"WebSite\",\"@id\":\"https:\/\/9staedte.de\/sv\/#website\",\"url\":\"https:\/\/9staedte.de\/sv\/\",\"name\":\"9 St\u00e4dte in Niedersachsen\",\"description\":\"\",\"publisher\":{\"@id\":\"https:\/\/9staedte.de\/sv\/#organization\"},\"potentialAction\":[{\"@type\":\"SearchAction\",\"target\":{\"@type\":\"EntryPoint\",\"urlTemplate\":\"https:\/\/9staedte.de\/sv\/?s={search_term_string}\"},\"query-input\":{\"@type\":\"PropertyValueSpecification\",\"valueRequired\":true,\"valueName\":\"search_term_string\"}}],\"inLanguage\":\"sv-SE\"},{\"@type\":\"Organization\",\"@id\":\"https:\/\/9staedte.de\/sv\/#organization\",\"name\":\"9 St\u00e4dte in Niedersachsen\",\"url\":\"https:\/\/9staedte.de\/sv\/\",\"logo\":{\"@type\":\"ImageObject\",\"inLanguage\":\"sv-SE\",\"@id\":\"https:\/\/9staedte.de\/sv\/#\/schema\/logo\/image\/\",\"url\":\"https:\/\/9staedte.de\/wp-content\/uploads\/2025\/01\/9-neg-deutsch-2-1.png\",\"contentUrl\":\"https:\/\/9staedte.de\/wp-content\/uploads\/2025\/01\/9-neg-deutsch-2-1.png\",\"width\":190,\"height\":114,\"caption\":\"9 St\u00e4dte in Niedersachsen\"},\"image\":{\"@id\":\"https:\/\/9staedte.de\/sv\/#\/schema\/logo\/image\/\"}}]}<\/script>\n<!-- \/ Yoast SEO plugin. -->","yoast_head_json":{"title":"Hildesheim slott och tr\u00e4dg\u00e5rdar - 9 St\u00e4dte in Niedersachsen","robots":{"index":"index","follow":"follow","max-snippet":"max-snippet:-1","max-image-preview":"max-image-preview:large","max-video-preview":"max-video-preview:-1"},"canonical":"https:\/\/9staedte.de\/sv\/hildesheim-stad-paa-unescos-vaerldsarvslista\/hildesheim-slott-och-traedgaardar\/","og_locale":"sv_SE","og_type":"article","og_title":"Hildesheim slott och tr\u00e4dg\u00e5rdar - 9 St\u00e4dte in Niedersachsen","og_url":"https:\/\/9staedte.de\/sv\/hildesheim-stad-paa-unescos-vaerldsarvslista\/hildesheim-slott-och-traedgaardar\/","og_site_name":"9 St\u00e4dte in Niedersachsen","article_modified_time":"2023-10-25T15:56:47+00:00","og_image":[{"width":1020,"height":560,"url":"https:\/\/9staedte.de\/wp-content\/uploads\/2023\/06\/Magdalenengarten-\u00a9-Hildesheim-Marketing-GmbH-Foto-Dagmar-Schwelle.jpg","type":"image\/jpeg"}],"twitter_card":"summary_large_image","schema":{"@context":"https:\/\/schema.org","@graph":[{"@type":"WebPage","@id":"https:\/\/9staedte.de\/sv\/hildesheim-stad-paa-unescos-vaerldsarvslista\/hildesheim-slott-och-traedgaardar\/","url":"https:\/\/9staedte.de\/sv\/hildesheim-stad-paa-unescos-vaerldsarvslista\/hildesheim-slott-och-traedgaardar\/","name":"Hildesheim slott och tr\u00e4dg\u00e5rdar - 9 St\u00e4dte in Niedersachsen","isPartOf":{"@id":"https:\/\/9staedte.de\/sv\/#website"},"primaryImageOfPage":{"@id":"https:\/\/9staedte.de\/sv\/hildesheim-stad-paa-unescos-vaerldsarvslista\/hildesheim-slott-och-traedgaardar\/#primaryimage"},"image":{"@id":"https:\/\/9staedte.de\/sv\/hildesheim-stad-paa-unescos-vaerldsarvslista\/hildesheim-slott-och-traedgaardar\/#primaryimage"},"thumbnailUrl":"https:\/\/9staedte.de\/wp-content\/uploads\/2023\/06\/Magdalenengarten-\u00a9-Hildesheim-Marketing-GmbH-Foto-Dagmar-Schwelle.jpg","datePublished":"2023-10-25T14:24:16+00:00","dateModified":"2023-10-25T15:56:47+00:00","breadcrumb":{"@id":"https:\/\/9staedte.de\/sv\/hildesheim-stad-paa-unescos-vaerldsarvslista\/hildesheim-slott-och-traedgaardar\/#breadcrumb"},"inLanguage":"sv-SE","potentialAction":[{"@type":"ReadAction","target":["https:\/\/9staedte.de\/sv\/hildesheim-stad-paa-unescos-vaerldsarvslista\/hildesheim-slott-och-traedgaardar\/"]}]},{"@type":"ImageObject","inLanguage":"sv-SE","@id":"https:\/\/9staedte.de\/sv\/hildesheim-stad-paa-unescos-vaerldsarvslista\/hildesheim-slott-och-traedgaardar\/#primaryimage","url":"https:\/\/9staedte.de\/wp-content\/uploads\/2023\/06\/Magdalenengarten-\u00a9-Hildesheim-Marketing-GmbH-Foto-Dagmar-Schwelle.jpg","contentUrl":"https:\/\/9staedte.de\/wp-content\/uploads\/2023\/06\/Magdalenengarten-\u00a9-Hildesheim-Marketing-GmbH-Foto-Dagmar-Schwelle.jpg","width":1020,"height":560,"caption":"Hildesheim Magdalenengarten \u00a9 Hildesheim Marketing GmbH, Foto Dagmar Schwelle"},{"@type":"BreadcrumbList","@id":"https:\/\/9staedte.de\/sv\/hildesheim-stad-paa-unescos-vaerldsarvslista\/hildesheim-slott-och-traedgaardar\/#breadcrumb","itemListElement":[{"@type":"ListItem","position":1,"name":"Startseite","item":"https:\/\/9staedte.de\/sv\/"},{"@type":"ListItem","position":2,"name":"Hildesheim &#8211; stad p\u00e5 UNESCO:s v\u00e4rldsarvslista","item":"https:\/\/9staedte.de\/sv\/hildesheim-stad-paa-unescos-vaerldsarvslista\/"},{"@type":"ListItem","position":3,"name":"Hildesheim slott och tr\u00e4dg\u00e5rdar"}]},{"@type":"WebSite","@id":"https:\/\/9staedte.de\/sv\/#website","url":"https:\/\/9staedte.de\/sv\/","name":"9 St\u00e4dte in Niedersachsen","description":"","publisher":{"@id":"https:\/\/9staedte.de\/sv\/#organization"},"potentialAction":[{"@type":"SearchAction","target":{"@type":"EntryPoint","urlTemplate":"https:\/\/9staedte.de\/sv\/?s={search_term_string}"},"query-input":{"@type":"PropertyValueSpecification","valueRequired":true,"valueName":"search_term_string"}}],"inLanguage":"sv-SE"},{"@type":"Organization","@id":"https:\/\/9staedte.de\/sv\/#organization","name":"9 St\u00e4dte in Niedersachsen","url":"https:\/\/9staedte.de\/sv\/","logo":{"@type":"ImageObject","inLanguage":"sv-SE","@id":"https:\/\/9staedte.de\/sv\/#\/schema\/logo\/image\/","url":"https:\/\/9staedte.de\/wp-content\/uploads\/2025\/01\/9-neg-deutsch-2-1.png","contentUrl":"https:\/\/9staedte.de\/wp-content\/uploads\/2025\/01\/9-neg-deutsch-2-1.png","width":190,"height":114,"caption":"9 St\u00e4dte in Niedersachsen"},"image":{"@id":"https:\/\/9staedte.de\/sv\/#\/schema\/logo\/image\/"}}]}},"_links":{"self":[{"href":"https:\/\/9staedte.de\/sv\/wp-json\/wp\/v2\/pages\/14394","targetHints":{"allow":["GET"]}}],"collection":[{"href":"https:\/\/9staedte.de\/sv\/wp-json\/wp\/v2\/pages"}],"about":[{"href":"https:\/\/9staedte.de\/sv\/wp-json\/wp\/v2\/types\/page"}],"author":[{"embeddable":true,"href":"https:\/\/9staedte.de\/sv\/wp-json\/wp\/v2\/users\/1"}],"replies":[{"embeddable":true,"href":"https:\/\/9staedte.de\/sv\/wp-json\/wp\/v2\/comments?post=14394"}],"version-history":[{"count":1,"href":"https:\/\/9staedte.de\/sv\/wp-json\/wp\/v2\/pages\/14394\/revisions"}],"predecessor-version":[{"id":14404,"href":"https:\/\/9staedte.de\/sv\/wp-json\/wp\/v2\/pages\/14394\/revisions\/14404"}],"up":[{"embeddable":true,"href":"https:\/\/9staedte.de\/sv\/wp-json\/wp\/v2\/pages\/14541"}],"wp:featuredmedia":[{"embeddable":true,"href":"https:\/\/9staedte.de\/sv\/wp-json\/wp\/v2\/media\/14400"}],"wp:attachment":[{"href":"https:\/\/9staedte.de\/sv\/wp-json\/wp\/v2\/media?parent=14394"}],"wp:term":[{"taxonomy":"category","embeddable":true,"href":"https:\/\/9staedte.de\/sv\/wp-json\/wp\/v2\/categories?post=14394"},{"taxonomy":"post_tag","embeddable":true,"href":"https:\/\/9staedte.de\/sv\/wp-json\/wp\/v2\/tags?post=14394"},{"taxonomy":"ncap_cities_tax","embeddable":true,"href":"https:\/\/9staedte.de\/sv\/wp-json\/wp\/v2\/ncap_cities_tax?post=14394"}],"curies":[{"name":"wp","href":"https:\/\/api.w.org\/{rel}","templated":true}]}}