{"id":14393,"date":"2023-10-25T16:23:37","date_gmt":"2023-10-25T14:23:37","guid":{"rendered":"https:\/\/9staedte.de\/shopping-och-noejen-i-hameln\/"},"modified":"2024-10-21T10:15:34","modified_gmt":"2024-10-21T08:15:34","slug":"shopping-och-noejen-i-hameln","status":"publish","type":"page","link":"https:\/\/9staedte.de\/sv\/hameln-legendarisk-raattfaangarstad\/shopping-och-noejen-i-hameln\/","title":{"rendered":"Shopping och n\u00f6jen i Hameln"},"content":{"rendered":"\n<h2 class=\"wp-block-heading\">Shopping i Pied Piper-staden Hameln<\/h2>\n\n\n\n<p>Med sina 60.000 inv\u00e5nare \u00e4r staden inte bara ett ekonomiskt, kulturellt och turistiskt centrum, utan ocks\u00e5 k\u00f6pcentrum i Weserbergland och erbjuder shoppinggl\u00e4dje i Pied Piper-staden Hameln. J\u00e4mf\u00f6r den unika shoppingatmosf\u00e4ren i den historiska stadsk\u00e4rnan med andra st\u00e4der. Ta dig tid f\u00f6r en lugn shoppingrunda, njut av en f\u00f6rfriskning p\u00e5 ett kaf\u00e9 eller bara titta p\u00e5 det livliga folklivet framf\u00f6r de magnifika sandstens- och korsvirkesbyggnaderna fr\u00e5n 16- till 1700-talet.<\/p>\n\n\n\n\n<div class=\"banner-wrapper\">\n  <div class=\"banner-inner \">\n      <div class=\"img-container\">\n      <div class=\"img-wrapper\">\n        <img decoding=\"async\" src=\"https:\/\/9staedte.de\/wp-content\/smush-webp\/2023\/02\/Altstadt-mit-Flair-c-HMT.jpg.webp\" alt=\"Bilden visar ett caf\u00e9 i Hamelns gamla stad. Tre unga kvinnor sitter ute och skrattar. En servitris kommer med drycker. I bakgrunden finns ett gammalt tr\u00e4hus med fina detaljer. Man ser m\u00e5nga f\u00f6nster och en stor d\u00f6rr. Solen skiner, det \u00e4r varmt.\" \/>\n                  <div class=\"thumbnail-label\">\n            <span>Hameln Altstadt mit Flair c) HMT<\/span>\n          <\/div>\n              <\/div>\n    <\/div>\n        <div class=\"text-container\">\n      <div class=\"content\">\n        <h3>Tipps rund ums Einkaufen und Ausgehen in Hameln:<\/h3>\n<h4>Shoppen:<\/h4>\n<ul>\n<li>Altstadt mit ausgedehnter Fu\u00dfg\u00e4ngerzone und charmanten, kleinen Gassen<\/li>\n<li>Hefehof: Sch\u00f6nes, altes Industriegeb\u00e4ude mit Einzelhandel u.v.m.<\/li>\n<li>Stadtgalerie<\/li>\n<\/ul>\n<h4>Ausgehen:<\/h4>\n<ul>\n<li>Die Insel, Biergarten auf dem Werder<\/li>\n<li>Touch (Bar und Cocktails)<\/li>\n<li>Mo\u2019s (Cocktailbar)<\/li>\n<li>Maxx Filmtheater<\/li>\n<li>Brecke (Kneipe und mehr)<\/li>\n<\/ul>\n<p><a href=\"https:\/\/www.hameln.de\/\">Gerne mal hier schauen<\/a><\/p>\n      <\/div>\n    <\/div>\n    <\/div>\n<\/div>\n\n","protected":false},"excerpt":{"rendered":"<p>Shopping i Pied Piper-staden Hameln Med sina 60.000 inv\u00e5nare \u00e4r staden inte bara ett ekonomiskt, kulturellt och turistiskt centrum, utan ocks\u00e5 k\u00f6pcentrum i Weserbergland och erbjuder shoppinggl\u00e4dje i Pied Piper-staden Hameln. J\u00e4mf\u00f6r den unika shoppingatmosf\u00e4ren i den historiska stadsk\u00e4rnan med andra st\u00e4der. Ta dig tid f\u00f6r en lugn shoppingrunda, njut av en f\u00f6rfriskning p\u00e5 ett [&hellip;]<\/p>\n","protected":false},"author":1,"featured_media":14396,"parent":14554,"menu_order":0,"comment_status":"closed","ping_status":"closed","template":"pagetemplates\/template-stadtthema.php","meta":{"_acf_changed":false,"footnotes":""},"categories":[],"tags":[],"ncap_cities_tax":[449,785],"class_list":["post-14393","page","type-page","status-publish","has-post-thumbnail","hentry","ncap_cities_tax-hameln-sv","ncap_cities_tax-shopping-und-ausgehen-hameln-sv"],"acf":[],"yoast_head":"<!-- This site is optimized with the Yoast SEO plugin v27.4 - https:\/\/yoast.com\/product\/yoast-seo-wordpress\/ -->\n<title>Shopping och n\u00f6jen i Hameln - 9 St\u00e4dte in Niedersachsen<\/title>\n<meta name=\"robots\" content=\"index, follow, max-snippet:-1, max-image-preview:large, max-video-preview:-1\" \/>\n<link rel=\"canonical\" href=\"https:\/\/9staedte.de\/sv\/hameln-legendarisk-raattfaangarstad\/shopping-och-noejen-i-hameln\/\" \/>\n<meta property=\"og:locale\" content=\"sv_SE\" \/>\n<meta property=\"og:type\" content=\"article\" \/>\n<meta property=\"og:title\" content=\"Shopping och n\u00f6jen i Hameln - 9 St\u00e4dte in Niedersachsen\" \/>\n<meta property=\"og:description\" content=\"Shopping i Pied Piper-staden Hameln Med sina 60.000 inv\u00e5nare \u00e4r staden inte bara ett ekonomiskt, kulturellt och turistiskt centrum, utan ocks\u00e5 k\u00f6pcentrum i Weserbergland och erbjuder shoppinggl\u00e4dje i Pied Piper-staden Hameln. J\u00e4mf\u00f6r den unika shoppingatmosf\u00e4ren i den historiska stadsk\u00e4rnan med andra st\u00e4der. Ta dig tid f\u00f6r en lugn shoppingrunda, njut av en f\u00f6rfriskning p\u00e5 ett [&hellip;]\" \/>\n<meta property=\"og:url\" content=\"https:\/\/9staedte.de\/sv\/hameln-legendarisk-raattfaangarstad\/shopping-och-noejen-i-hameln\/\" \/>\n<meta property=\"og:site_name\" content=\"9 St\u00e4dte in Niedersachsen\" \/>\n<meta property=\"article:modified_time\" content=\"2024-10-21T08:15:34+00:00\" \/>\n<meta property=\"og:image\" content=\"https:\/\/9staedte.de\/wp-content\/uploads\/2023\/02\/Einkaufen-in-Hameln-c-HMT-Sabrina-Stoeckli.jpg\" \/>\n\t<meta property=\"og:image:width\" content=\"1020\" \/>\n\t<meta property=\"og:image:height\" content=\"561\" \/>\n\t<meta property=\"og:image:type\" content=\"image\/jpeg\" \/>\n<meta name=\"twitter:card\" content=\"summary_large_image\" \/>\n<meta name=\"twitter:label1\" content=\"Ber\u00e4knad l\u00e4stid\" \/>\n\t<meta name=\"twitter:data1\" content=\"1 minut\" \/>\n<script type=\"application\/ld+json\" class=\"yoast-schema-graph\">{\"@context\":\"https:\\\/\\\/schema.org\",\"@graph\":[{\"@type\":\"WebPage\",\"@id\":\"https:\\\/\\\/9staedte.de\\\/sv\\\/hameln-legendarisk-raattfaangarstad\\\/shopping-och-noejen-i-hameln\\\/\",\"url\":\"https:\\\/\\\/9staedte.de\\\/sv\\\/hameln-legendarisk-raattfaangarstad\\\/shopping-och-noejen-i-hameln\\\/\",\"name\":\"Shopping och n\u00f6jen i Hameln - 9 St\u00e4dte in Niedersachsen\",\"isPartOf\":{\"@id\":\"https:\\\/\\\/9staedte.de\\\/sv\\\/#website\"},\"primaryImageOfPage\":{\"@id\":\"https:\\\/\\\/9staedte.de\\\/sv\\\/hameln-legendarisk-raattfaangarstad\\\/shopping-och-noejen-i-hameln\\\/#primaryimage\"},\"image\":{\"@id\":\"https:\\\/\\\/9staedte.de\\\/sv\\\/hameln-legendarisk-raattfaangarstad\\\/shopping-och-noejen-i-hameln\\\/#primaryimage\"},\"thumbnailUrl\":\"https:\\\/\\\/9staedte.de\\\/wp-content\\\/uploads\\\/2023\\\/02\\\/Einkaufen-in-Hameln-c-HMT-Sabrina-Stoeckli.jpg\",\"datePublished\":\"2023-10-25T14:23:37+00:00\",\"dateModified\":\"2024-10-21T08:15:34+00:00\",\"breadcrumb\":{\"@id\":\"https:\\\/\\\/9staedte.de\\\/sv\\\/hameln-legendarisk-raattfaangarstad\\\/shopping-och-noejen-i-hameln\\\/#breadcrumb\"},\"inLanguage\":\"sv-SE\",\"potentialAction\":[{\"@type\":\"ReadAction\",\"target\":[\"https:\\\/\\\/9staedte.de\\\/sv\\\/hameln-legendarisk-raattfaangarstad\\\/shopping-och-noejen-i-hameln\\\/\"]}]},{\"@type\":\"ImageObject\",\"inLanguage\":\"sv-SE\",\"@id\":\"https:\\\/\\\/9staedte.de\\\/sv\\\/hameln-legendarisk-raattfaangarstad\\\/shopping-och-noejen-i-hameln\\\/#primaryimage\",\"url\":\"https:\\\/\\\/9staedte.de\\\/wp-content\\\/uploads\\\/2023\\\/02\\\/Einkaufen-in-Hameln-c-HMT-Sabrina-Stoeckli.jpg\",\"contentUrl\":\"https:\\\/\\\/9staedte.de\\\/wp-content\\\/uploads\\\/2023\\\/02\\\/Einkaufen-in-Hameln-c-HMT-Sabrina-Stoeckli.jpg\",\"width\":1020,\"height\":561,\"caption\":\"Einkaufen in Hameln c) HMT Sabrina Stoeckli\"},{\"@type\":\"BreadcrumbList\",\"@id\":\"https:\\\/\\\/9staedte.de\\\/sv\\\/hameln-legendarisk-raattfaangarstad\\\/shopping-och-noejen-i-hameln\\\/#breadcrumb\",\"itemListElement\":[{\"@type\":\"ListItem\",\"position\":1,\"name\":\"Startseite\",\"item\":\"https:\\\/\\\/9staedte.de\\\/sv\\\/\"},{\"@type\":\"ListItem\",\"position\":2,\"name\":\"Hameln &#8211; Legendarisk R\u00e5ttf\u00e5ngarstad\",\"item\":\"https:\\\/\\\/9staedte.de\\\/sv\\\/hameln-legendarisk-raattfaangarstad\\\/\"},{\"@type\":\"ListItem\",\"position\":3,\"name\":\"Shopping och n\u00f6jen i Hameln\"}]},{\"@type\":\"WebSite\",\"@id\":\"https:\\\/\\\/9staedte.de\\\/sv\\\/#website\",\"url\":\"https:\\\/\\\/9staedte.de\\\/sv\\\/\",\"name\":\"9 St\u00e4dte in Niedersachsen\",\"description\":\"\",\"publisher\":{\"@id\":\"https:\\\/\\\/9staedte.de\\\/sv\\\/#organization\"},\"potentialAction\":[{\"@type\":\"SearchAction\",\"target\":{\"@type\":\"EntryPoint\",\"urlTemplate\":\"https:\\\/\\\/9staedte.de\\\/sv\\\/?s={search_term_string}\"},\"query-input\":{\"@type\":\"PropertyValueSpecification\",\"valueRequired\":true,\"valueName\":\"search_term_string\"}}],\"inLanguage\":\"sv-SE\"},{\"@type\":\"Organization\",\"@id\":\"https:\\\/\\\/9staedte.de\\\/sv\\\/#organization\",\"name\":\"9 St\u00e4dte in Niedersachsen\",\"url\":\"https:\\\/\\\/9staedte.de\\\/sv\\\/\",\"logo\":{\"@type\":\"ImageObject\",\"inLanguage\":\"sv-SE\",\"@id\":\"https:\\\/\\\/9staedte.de\\\/sv\\\/#\\\/schema\\\/logo\\\/image\\\/\",\"url\":\"https:\\\/\\\/9staedte.de\\\/wp-content\\\/uploads\\\/2025\\\/01\\\/9-neg-deutsch-2-1.png\",\"contentUrl\":\"https:\\\/\\\/9staedte.de\\\/wp-content\\\/uploads\\\/2025\\\/01\\\/9-neg-deutsch-2-1.png\",\"width\":190,\"height\":114,\"caption\":\"9 St\u00e4dte in Niedersachsen\"},\"image\":{\"@id\":\"https:\\\/\\\/9staedte.de\\\/sv\\\/#\\\/schema\\\/logo\\\/image\\\/\"}}]}<\/script>\n<!-- \/ Yoast SEO plugin. -->","yoast_head_json":{"title":"Shopping och n\u00f6jen i Hameln - 9 St\u00e4dte in Niedersachsen","robots":{"index":"index","follow":"follow","max-snippet":"max-snippet:-1","max-image-preview":"max-image-preview:large","max-video-preview":"max-video-preview:-1"},"canonical":"https:\/\/9staedte.de\/sv\/hameln-legendarisk-raattfaangarstad\/shopping-och-noejen-i-hameln\/","og_locale":"sv_SE","og_type":"article","og_title":"Shopping och n\u00f6jen i Hameln - 9 St\u00e4dte in Niedersachsen","og_description":"Shopping i Pied Piper-staden Hameln Med sina 60.000 inv\u00e5nare \u00e4r staden inte bara ett ekonomiskt, kulturellt och turistiskt centrum, utan ocks\u00e5 k\u00f6pcentrum i Weserbergland och erbjuder shoppinggl\u00e4dje i Pied Piper-staden Hameln. J\u00e4mf\u00f6r den unika shoppingatmosf\u00e4ren i den historiska stadsk\u00e4rnan med andra st\u00e4der. Ta dig tid f\u00f6r en lugn shoppingrunda, njut av en f\u00f6rfriskning p\u00e5 ett [&hellip;]","og_url":"https:\/\/9staedte.de\/sv\/hameln-legendarisk-raattfaangarstad\/shopping-och-noejen-i-hameln\/","og_site_name":"9 St\u00e4dte in Niedersachsen","article_modified_time":"2024-10-21T08:15:34+00:00","og_image":[{"width":1020,"height":561,"url":"https:\/\/9staedte.de\/wp-content\/uploads\/2023\/02\/Einkaufen-in-Hameln-c-HMT-Sabrina-Stoeckli.jpg","type":"image\/jpeg"}],"twitter_card":"summary_large_image","twitter_misc":{"Ber\u00e4knad l\u00e4stid":"1 minut"},"schema":{"@context":"https:\/\/schema.org","@graph":[{"@type":"WebPage","@id":"https:\/\/9staedte.de\/sv\/hameln-legendarisk-raattfaangarstad\/shopping-och-noejen-i-hameln\/","url":"https:\/\/9staedte.de\/sv\/hameln-legendarisk-raattfaangarstad\/shopping-och-noejen-i-hameln\/","name":"Shopping och n\u00f6jen i Hameln - 9 St\u00e4dte in Niedersachsen","isPartOf":{"@id":"https:\/\/9staedte.de\/sv\/#website"},"primaryImageOfPage":{"@id":"https:\/\/9staedte.de\/sv\/hameln-legendarisk-raattfaangarstad\/shopping-och-noejen-i-hameln\/#primaryimage"},"image":{"@id":"https:\/\/9staedte.de\/sv\/hameln-legendarisk-raattfaangarstad\/shopping-och-noejen-i-hameln\/#primaryimage"},"thumbnailUrl":"https:\/\/9staedte.de\/wp-content\/uploads\/2023\/02\/Einkaufen-in-Hameln-c-HMT-Sabrina-Stoeckli.jpg","datePublished":"2023-10-25T14:23:37+00:00","dateModified":"2024-10-21T08:15:34+00:00","breadcrumb":{"@id":"https:\/\/9staedte.de\/sv\/hameln-legendarisk-raattfaangarstad\/shopping-och-noejen-i-hameln\/#breadcrumb"},"inLanguage":"sv-SE","potentialAction":[{"@type":"ReadAction","target":["https:\/\/9staedte.de\/sv\/hameln-legendarisk-raattfaangarstad\/shopping-och-noejen-i-hameln\/"]}]},{"@type":"ImageObject","inLanguage":"sv-SE","@id":"https:\/\/9staedte.de\/sv\/hameln-legendarisk-raattfaangarstad\/shopping-och-noejen-i-hameln\/#primaryimage","url":"https:\/\/9staedte.de\/wp-content\/uploads\/2023\/02\/Einkaufen-in-Hameln-c-HMT-Sabrina-Stoeckli.jpg","contentUrl":"https:\/\/9staedte.de\/wp-content\/uploads\/2023\/02\/Einkaufen-in-Hameln-c-HMT-Sabrina-Stoeckli.jpg","width":1020,"height":561,"caption":"Einkaufen in Hameln c) HMT Sabrina Stoeckli"},{"@type":"BreadcrumbList","@id":"https:\/\/9staedte.de\/sv\/hameln-legendarisk-raattfaangarstad\/shopping-och-noejen-i-hameln\/#breadcrumb","itemListElement":[{"@type":"ListItem","position":1,"name":"Startseite","item":"https:\/\/9staedte.de\/sv\/"},{"@type":"ListItem","position":2,"name":"Hameln &#8211; Legendarisk R\u00e5ttf\u00e5ngarstad","item":"https:\/\/9staedte.de\/sv\/hameln-legendarisk-raattfaangarstad\/"},{"@type":"ListItem","position":3,"name":"Shopping och n\u00f6jen i Hameln"}]},{"@type":"WebSite","@id":"https:\/\/9staedte.de\/sv\/#website","url":"https:\/\/9staedte.de\/sv\/","name":"9 St\u00e4dte in Niedersachsen","description":"","publisher":{"@id":"https:\/\/9staedte.de\/sv\/#organization"},"potentialAction":[{"@type":"SearchAction","target":{"@type":"EntryPoint","urlTemplate":"https:\/\/9staedte.de\/sv\/?s={search_term_string}"},"query-input":{"@type":"PropertyValueSpecification","valueRequired":true,"valueName":"search_term_string"}}],"inLanguage":"sv-SE"},{"@type":"Organization","@id":"https:\/\/9staedte.de\/sv\/#organization","name":"9 St\u00e4dte in Niedersachsen","url":"https:\/\/9staedte.de\/sv\/","logo":{"@type":"ImageObject","inLanguage":"sv-SE","@id":"https:\/\/9staedte.de\/sv\/#\/schema\/logo\/image\/","url":"https:\/\/9staedte.de\/wp-content\/uploads\/2025\/01\/9-neg-deutsch-2-1.png","contentUrl":"https:\/\/9staedte.de\/wp-content\/uploads\/2025\/01\/9-neg-deutsch-2-1.png","width":190,"height":114,"caption":"9 St\u00e4dte in Niedersachsen"},"image":{"@id":"https:\/\/9staedte.de\/sv\/#\/schema\/logo\/image\/"}}]}},"_links":{"self":[{"href":"https:\/\/9staedte.de\/sv\/wp-json\/wp\/v2\/pages\/14393","targetHints":{"allow":["GET"]}}],"collection":[{"href":"https:\/\/9staedte.de\/sv\/wp-json\/wp\/v2\/pages"}],"about":[{"href":"https:\/\/9staedte.de\/sv\/wp-json\/wp\/v2\/types\/page"}],"author":[{"embeddable":true,"href":"https:\/\/9staedte.de\/sv\/wp-json\/wp\/v2\/users\/1"}],"replies":[{"embeddable":true,"href":"https:\/\/9staedte.de\/sv\/wp-json\/wp\/v2\/comments?post=14393"}],"version-history":[{"count":2,"href":"https:\/\/9staedte.de\/sv\/wp-json\/wp\/v2\/pages\/14393\/revisions"}],"predecessor-version":[{"id":23980,"href":"https:\/\/9staedte.de\/sv\/wp-json\/wp\/v2\/pages\/14393\/revisions\/23980"}],"up":[{"embeddable":true,"href":"https:\/\/9staedte.de\/sv\/wp-json\/wp\/v2\/pages\/14554"}],"wp:featuredmedia":[{"embeddable":true,"href":"https:\/\/9staedte.de\/sv\/wp-json\/wp\/v2\/media\/14396"}],"wp:attachment":[{"href":"https:\/\/9staedte.de\/sv\/wp-json\/wp\/v2\/media?parent=14393"}],"wp:term":[{"taxonomy":"category","embeddable":true,"href":"https:\/\/9staedte.de\/sv\/wp-json\/wp\/v2\/categories?post=14393"},{"taxonomy":"post_tag","embeddable":true,"href":"https:\/\/9staedte.de\/sv\/wp-json\/wp\/v2\/tags?post=14393"},{"taxonomy":"ncap_cities_tax","embeddable":true,"href":"https:\/\/9staedte.de\/sv\/wp-json\/wp\/v2\/ncap_cities_tax?post=14393"}],"curies":[{"name":"wp","href":"https:\/\/api.w.org\/{rel}","templated":true}]}}