{"id":14383,"date":"2023-10-25T16:22:24","date_gmt":"2023-10-25T14:22:24","guid":{"rendered":"https:\/\/9staedte.de\/shopping-och-noejen-i-braunschweig\/"},"modified":"2024-08-30T09:19:45","modified_gmt":"2024-08-30T07:19:45","slug":"shopping-och-noejen-i-braunschweig","status":"publish","type":"page","link":"https:\/\/9staedte.de\/sv\/braunschweig-lejonstaden\/shopping-och-noejen-i-braunschweig\/","title":{"rendered":"Shopping och n\u00f6jen i Braunschweig"},"content":{"rendered":"\n<h2 class=\"wp-block-heading\">Uppt\u00e4ck shoppingmetropolen Braunschweig<\/h2>\n\n<p>Bes\u00f6k stadsk\u00e4rnan eller de sm\u00e5 butikerna och l\u00e5t dig inspireras av shoppingmetropolen Braunschweig.<\/p>\n\n<p>Floden Oker omger hela stadsk\u00e4rnan i Braunschweig &#8211; fr\u00e5n v\u00e4st till \u00f6st \u00e4r det bara tv\u00e5 kilometer emellan. Tv\u00e5 kilometer som inbjuder till att strosa, dr\u00f6ja sig kvar, botanisera eller shoppa loss. H\u00e4r kan bes\u00f6karna v\u00e4lja och vraka: Fr\u00e5n mysiga sm\u00e5 butiker med charmiga specialiteter och samlarobjekt till hippa \u00e4garledda butiker med de senaste trenderna och stilid\u00e9erna till moderna k\u00f6pcentrum och arkader med internationella m\u00e4rkesnamn och allroundservice. Och f\u00f6r den som inte vill best\u00e4mma sig utan vill uppleva hela shoppingspektrat \u00e4r Braunschweigs stadsk\u00e4rna med sina korta avst\u00e5nd ett enkelt val.<\/p>\n\n\n<div class=\"banner-wrapper\">\n  <div class=\"banner-inner \">\n      <div class=\"img-container\">\n      <div class=\"img-wrapper\">\n        <img decoding=\"async\" src=\"https:\/\/9staedte.de\/wp-content\/smush-webp\/2022\/03\/Braunschweig-Magniviertel-c-Braunschweig-Stadtmarketing-Christian-Bierwagen.jpg.webp\" alt=\"Bilden visar Magniviertel i Braunschweig. Till h\u00f6ger finns vackra gamla hus med m\u00e5nga f\u00f6nster. Nere finns ett caf\u00e9 med bord och stolar utanf\u00f6r. Folk g\u00e5r p\u00e5 gatan. Gatan \u00e4r gjord av sm\u00e5 stenar. Till v\u00e4nster finns ett stort tr\u00e4d med gr\u00f6na blad. St\u00e4mningen \u00e4r lugn och v\u00e4nlig. Det ser ut som en fin dag.\" \/>\n                  <div class=\"thumbnail-label\">\n            <span>Braunschweig Magniviertel c) Braunschweig Stadtmarketing Christian Bierwagen<\/span>\n          <\/div>\n              <\/div>\n    <\/div>\n        <div class=\"text-container\">\n      <div class=\"content\">\n        <h2>9 tips f\u00f6r shopping och utflykter i Braunschweig<\/h2>\n<ul>\n<li><a href=\"https:\/\/www.braunschweig.de\/leben\/innenstadt\/einkaufserlebnis\/index.php\"><a href=\"https:\/\/www.braunschweig.de\/leben\/innenstadt\/einkaufserlebnis\/index.php\">Stadsvoucher Braunschweig<\/a><\/a><\/li>\n<li>G\u00e5gata med m\u00e5nga specialbutiker, \u00e4garledda butiker och ledande kedjebutiker<\/li>\n<li>Shopping i Schloss Arkaden<\/li>\n<li>Shopping och utflykter med en speciell charm i det medeltida Magni-kvarteret<\/li>\n<li>M\u00e5nga kaf\u00e9er l\u00e4ngs floden Oker inbjuder dig att dr\u00f6ja dig kvar mitt i stadsk\u00e4rnan<\/li>\n<li>Ta en paus fr\u00e5n den hektiska shoppingen p\u00e5 ett av stadsk\u00e4rnans m\u00e5nga museer<\/li>\n<li>Livlig pubscen i universitetskvarteren<\/li>\n<li>V\u00e4lj bland m\u00e5nga tips f\u00f6r att g\u00e5 ut: <a href=\"http:\/\/www.braunschweig.de\/veranstaltungen\" target=\"_blank\" rel=\"noopener\">www.braunschweig.de\/veranstaltungen<\/a><\/li>\n<li>Alltid v\u00e4linformerad, \u00e4ven p\u00e5 resande fot, till <abbr lang=\"de\" title=\"t.ex.\">exempel<\/abbr> om lediga parkeringsplatser: m.braunschweig.de<\/li>\n<\/ul>\n      <\/div>\n    <\/div>\n    <\/div>\n<\/div>\n\n","protected":false},"excerpt":{"rendered":"<p>Uppt\u00e4ck shoppingmetropolen Braunschweig Bes\u00f6k stadsk\u00e4rnan eller de sm\u00e5 butikerna och l\u00e5t dig inspireras av shoppingmetropolen Braunschweig. Floden Oker omger hela stadsk\u00e4rnan i Braunschweig &#8211; fr\u00e5n v\u00e4st till \u00f6st \u00e4r det bara tv\u00e5 kilometer emellan. Tv\u00e5 kilometer som inbjuder till att strosa, dr\u00f6ja sig kvar, botanisera eller shoppa loss. H\u00e4r kan bes\u00f6karna v\u00e4lja och vraka: Fr\u00e5n [&hellip;]<\/p>\n","protected":false},"author":1,"featured_media":13674,"parent":14382,"menu_order":0,"comment_status":"closed","ping_status":"closed","template":"pagetemplates\/template-stadtthema.php","meta":{"_acf_changed":false,"footnotes":""},"categories":[],"tags":[],"ncap_cities_tax":[421,757],"class_list":["post-14383","page","type-page","status-publish","has-post-thumbnail","hentry","ncap_cities_tax-braunschweig-sv","ncap_cities_tax-shopping-und-ausgehen-braunschweig-sv"],"acf":[],"yoast_head":"<!-- This site is optimized with the Yoast SEO plugin v26.8 - https:\/\/yoast.com\/product\/yoast-seo-wordpress\/ -->\n<title>Shopping och n\u00f6jen i Braunschweig - 9 St\u00e4dte in Niedersachsen<\/title>\n<meta name=\"robots\" content=\"index, follow, max-snippet:-1, max-image-preview:large, max-video-preview:-1\" \/>\n<link rel=\"canonical\" href=\"https:\/\/9staedte.de\/sv\/braunschweig-lejonstaden\/shopping-och-noejen-i-braunschweig\/\" \/>\n<meta property=\"og:locale\" content=\"sv_SE\" \/>\n<meta property=\"og:type\" content=\"article\" \/>\n<meta property=\"og:title\" content=\"Shopping och n\u00f6jen i Braunschweig - 9 St\u00e4dte in Niedersachsen\" \/>\n<meta property=\"og:description\" content=\"Uppt\u00e4ck shoppingmetropolen Braunschweig Bes\u00f6k stadsk\u00e4rnan eller de sm\u00e5 butikerna och l\u00e5t dig inspireras av shoppingmetropolen Braunschweig. Floden Oker omger hela stadsk\u00e4rnan i Braunschweig &#8211; fr\u00e5n v\u00e4st till \u00f6st \u00e4r det bara tv\u00e5 kilometer emellan. Tv\u00e5 kilometer som inbjuder till att strosa, dr\u00f6ja sig kvar, botanisera eller shoppa loss. H\u00e4r kan bes\u00f6karna v\u00e4lja och vraka: Fr\u00e5n [&hellip;]\" \/>\n<meta property=\"og:url\" content=\"https:\/\/9staedte.de\/sv\/braunschweig-lejonstaden\/shopping-och-noejen-i-braunschweig\/\" \/>\n<meta property=\"og:site_name\" content=\"9 St\u00e4dte in Niedersachsen\" \/>\n<meta property=\"article:modified_time\" content=\"2024-08-30T07:19:45+00:00\" \/>\n<meta property=\"og:image\" content=\"https:\/\/9staedte.de\/wp-content\/uploads\/2022\/03\/Einkaufsstadt-Braunschweig-c-Braunschweig-Stadtmarketing-Gramann.jpg\" \/>\n\t<meta property=\"og:image:width\" content=\"1021\" \/>\n\t<meta property=\"og:image:height\" content=\"559\" \/>\n\t<meta property=\"og:image:type\" content=\"image\/jpeg\" \/>\n<meta name=\"twitter:card\" content=\"summary_large_image\" \/>\n<meta name=\"twitter:label1\" content=\"Ber\u00e4knad l\u00e4stid\" \/>\n\t<meta name=\"twitter:data1\" content=\"1 minut\" \/>\n<script type=\"application\/ld+json\" class=\"yoast-schema-graph\">{\"@context\":\"https:\/\/schema.org\",\"@graph\":[{\"@type\":\"WebPage\",\"@id\":\"https:\/\/9staedte.de\/sv\/braunschweig-lejonstaden\/shopping-och-noejen-i-braunschweig\/\",\"url\":\"https:\/\/9staedte.de\/sv\/braunschweig-lejonstaden\/shopping-och-noejen-i-braunschweig\/\",\"name\":\"Shopping och n\u00f6jen i Braunschweig - 9 St\u00e4dte in Niedersachsen\",\"isPartOf\":{\"@id\":\"https:\/\/9staedte.de\/sv\/#website\"},\"primaryImageOfPage\":{\"@id\":\"https:\/\/9staedte.de\/sv\/braunschweig-lejonstaden\/shopping-och-noejen-i-braunschweig\/#primaryimage\"},\"image\":{\"@id\":\"https:\/\/9staedte.de\/sv\/braunschweig-lejonstaden\/shopping-och-noejen-i-braunschweig\/#primaryimage\"},\"thumbnailUrl\":\"https:\/\/9staedte.de\/wp-content\/uploads\/2022\/03\/Einkaufsstadt-Braunschweig-c-Braunschweig-Stadtmarketing-Gramann.jpg\",\"datePublished\":\"2023-10-25T14:22:24+00:00\",\"dateModified\":\"2024-08-30T07:19:45+00:00\",\"breadcrumb\":{\"@id\":\"https:\/\/9staedte.de\/sv\/braunschweig-lejonstaden\/shopping-och-noejen-i-braunschweig\/#breadcrumb\"},\"inLanguage\":\"sv-SE\",\"potentialAction\":[{\"@type\":\"ReadAction\",\"target\":[\"https:\/\/9staedte.de\/sv\/braunschweig-lejonstaden\/shopping-och-noejen-i-braunschweig\/\"]}]},{\"@type\":\"ImageObject\",\"inLanguage\":\"sv-SE\",\"@id\":\"https:\/\/9staedte.de\/sv\/braunschweig-lejonstaden\/shopping-och-noejen-i-braunschweig\/#primaryimage\",\"url\":\"https:\/\/9staedte.de\/wp-content\/uploads\/2022\/03\/Einkaufsstadt-Braunschweig-c-Braunschweig-Stadtmarketing-Gramann.jpg\",\"contentUrl\":\"https:\/\/9staedte.de\/wp-content\/uploads\/2022\/03\/Einkaufsstadt-Braunschweig-c-Braunschweig-Stadtmarketing-Gramann.jpg\",\"width\":1021,\"height\":559,\"caption\":\"Einkaufsstadt Braunschweig c) Braunschweig Stadtmarketing Gramann\"},{\"@type\":\"BreadcrumbList\",\"@id\":\"https:\/\/9staedte.de\/sv\/braunschweig-lejonstaden\/shopping-och-noejen-i-braunschweig\/#breadcrumb\",\"itemListElement\":[{\"@type\":\"ListItem\",\"position\":1,\"name\":\"Startseite\",\"item\":\"https:\/\/9staedte.de\/sv\/\"},{\"@type\":\"ListItem\",\"position\":2,\"name\":\"Braunschweig &#8211; City of Lions\",\"item\":\"https:\/\/9staedte.de\/sv\/braunschweig-lejonstaden\/\"},{\"@type\":\"ListItem\",\"position\":3,\"name\":\"Shopping och n\u00f6jen i Braunschweig\"}]},{\"@type\":\"WebSite\",\"@id\":\"https:\/\/9staedte.de\/sv\/#website\",\"url\":\"https:\/\/9staedte.de\/sv\/\",\"name\":\"9 St\u00e4dte in Niedersachsen\",\"description\":\"\",\"publisher\":{\"@id\":\"https:\/\/9staedte.de\/sv\/#organization\"},\"potentialAction\":[{\"@type\":\"SearchAction\",\"target\":{\"@type\":\"EntryPoint\",\"urlTemplate\":\"https:\/\/9staedte.de\/sv\/?s={search_term_string}\"},\"query-input\":{\"@type\":\"PropertyValueSpecification\",\"valueRequired\":true,\"valueName\":\"search_term_string\"}}],\"inLanguage\":\"sv-SE\"},{\"@type\":\"Organization\",\"@id\":\"https:\/\/9staedte.de\/sv\/#organization\",\"name\":\"9 St\u00e4dte in Niedersachsen\",\"url\":\"https:\/\/9staedte.de\/sv\/\",\"logo\":{\"@type\":\"ImageObject\",\"inLanguage\":\"sv-SE\",\"@id\":\"https:\/\/9staedte.de\/sv\/#\/schema\/logo\/image\/\",\"url\":\"https:\/\/9staedte.de\/wp-content\/uploads\/2025\/01\/9-neg-deutsch-2-1.png\",\"contentUrl\":\"https:\/\/9staedte.de\/wp-content\/uploads\/2025\/01\/9-neg-deutsch-2-1.png\",\"width\":190,\"height\":114,\"caption\":\"9 St\u00e4dte in Niedersachsen\"},\"image\":{\"@id\":\"https:\/\/9staedte.de\/sv\/#\/schema\/logo\/image\/\"}}]}<\/script>\n<!-- \/ Yoast SEO plugin. -->","yoast_head_json":{"title":"Shopping och n\u00f6jen i Braunschweig - 9 St\u00e4dte in Niedersachsen","robots":{"index":"index","follow":"follow","max-snippet":"max-snippet:-1","max-image-preview":"max-image-preview:large","max-video-preview":"max-video-preview:-1"},"canonical":"https:\/\/9staedte.de\/sv\/braunschweig-lejonstaden\/shopping-och-noejen-i-braunschweig\/","og_locale":"sv_SE","og_type":"article","og_title":"Shopping och n\u00f6jen i Braunschweig - 9 St\u00e4dte in Niedersachsen","og_description":"Uppt\u00e4ck shoppingmetropolen Braunschweig Bes\u00f6k stadsk\u00e4rnan eller de sm\u00e5 butikerna och l\u00e5t dig inspireras av shoppingmetropolen Braunschweig. Floden Oker omger hela stadsk\u00e4rnan i Braunschweig &#8211; fr\u00e5n v\u00e4st till \u00f6st \u00e4r det bara tv\u00e5 kilometer emellan. Tv\u00e5 kilometer som inbjuder till att strosa, dr\u00f6ja sig kvar, botanisera eller shoppa loss. H\u00e4r kan bes\u00f6karna v\u00e4lja och vraka: Fr\u00e5n [&hellip;]","og_url":"https:\/\/9staedte.de\/sv\/braunschweig-lejonstaden\/shopping-och-noejen-i-braunschweig\/","og_site_name":"9 St\u00e4dte in Niedersachsen","article_modified_time":"2024-08-30T07:19:45+00:00","og_image":[{"width":1021,"height":559,"url":"https:\/\/9staedte.de\/wp-content\/uploads\/2022\/03\/Einkaufsstadt-Braunschweig-c-Braunschweig-Stadtmarketing-Gramann.jpg","type":"image\/jpeg"}],"twitter_card":"summary_large_image","twitter_misc":{"Ber\u00e4knad l\u00e4stid":"1 minut"},"schema":{"@context":"https:\/\/schema.org","@graph":[{"@type":"WebPage","@id":"https:\/\/9staedte.de\/sv\/braunschweig-lejonstaden\/shopping-och-noejen-i-braunschweig\/","url":"https:\/\/9staedte.de\/sv\/braunschweig-lejonstaden\/shopping-och-noejen-i-braunschweig\/","name":"Shopping och n\u00f6jen i Braunschweig - 9 St\u00e4dte in Niedersachsen","isPartOf":{"@id":"https:\/\/9staedte.de\/sv\/#website"},"primaryImageOfPage":{"@id":"https:\/\/9staedte.de\/sv\/braunschweig-lejonstaden\/shopping-och-noejen-i-braunschweig\/#primaryimage"},"image":{"@id":"https:\/\/9staedte.de\/sv\/braunschweig-lejonstaden\/shopping-och-noejen-i-braunschweig\/#primaryimage"},"thumbnailUrl":"https:\/\/9staedte.de\/wp-content\/uploads\/2022\/03\/Einkaufsstadt-Braunschweig-c-Braunschweig-Stadtmarketing-Gramann.jpg","datePublished":"2023-10-25T14:22:24+00:00","dateModified":"2024-08-30T07:19:45+00:00","breadcrumb":{"@id":"https:\/\/9staedte.de\/sv\/braunschweig-lejonstaden\/shopping-och-noejen-i-braunschweig\/#breadcrumb"},"inLanguage":"sv-SE","potentialAction":[{"@type":"ReadAction","target":["https:\/\/9staedte.de\/sv\/braunschweig-lejonstaden\/shopping-och-noejen-i-braunschweig\/"]}]},{"@type":"ImageObject","inLanguage":"sv-SE","@id":"https:\/\/9staedte.de\/sv\/braunschweig-lejonstaden\/shopping-och-noejen-i-braunschweig\/#primaryimage","url":"https:\/\/9staedte.de\/wp-content\/uploads\/2022\/03\/Einkaufsstadt-Braunschweig-c-Braunschweig-Stadtmarketing-Gramann.jpg","contentUrl":"https:\/\/9staedte.de\/wp-content\/uploads\/2022\/03\/Einkaufsstadt-Braunschweig-c-Braunschweig-Stadtmarketing-Gramann.jpg","width":1021,"height":559,"caption":"Einkaufsstadt Braunschweig c) Braunschweig Stadtmarketing Gramann"},{"@type":"BreadcrumbList","@id":"https:\/\/9staedte.de\/sv\/braunschweig-lejonstaden\/shopping-och-noejen-i-braunschweig\/#breadcrumb","itemListElement":[{"@type":"ListItem","position":1,"name":"Startseite","item":"https:\/\/9staedte.de\/sv\/"},{"@type":"ListItem","position":2,"name":"Braunschweig &#8211; City of Lions","item":"https:\/\/9staedte.de\/sv\/braunschweig-lejonstaden\/"},{"@type":"ListItem","position":3,"name":"Shopping och n\u00f6jen i Braunschweig"}]},{"@type":"WebSite","@id":"https:\/\/9staedte.de\/sv\/#website","url":"https:\/\/9staedte.de\/sv\/","name":"9 St\u00e4dte in Niedersachsen","description":"","publisher":{"@id":"https:\/\/9staedte.de\/sv\/#organization"},"potentialAction":[{"@type":"SearchAction","target":{"@type":"EntryPoint","urlTemplate":"https:\/\/9staedte.de\/sv\/?s={search_term_string}"},"query-input":{"@type":"PropertyValueSpecification","valueRequired":true,"valueName":"search_term_string"}}],"inLanguage":"sv-SE"},{"@type":"Organization","@id":"https:\/\/9staedte.de\/sv\/#organization","name":"9 St\u00e4dte in Niedersachsen","url":"https:\/\/9staedte.de\/sv\/","logo":{"@type":"ImageObject","inLanguage":"sv-SE","@id":"https:\/\/9staedte.de\/sv\/#\/schema\/logo\/image\/","url":"https:\/\/9staedte.de\/wp-content\/uploads\/2025\/01\/9-neg-deutsch-2-1.png","contentUrl":"https:\/\/9staedte.de\/wp-content\/uploads\/2025\/01\/9-neg-deutsch-2-1.png","width":190,"height":114,"caption":"9 St\u00e4dte in Niedersachsen"},"image":{"@id":"https:\/\/9staedte.de\/sv\/#\/schema\/logo\/image\/"}}]}},"_links":{"self":[{"href":"https:\/\/9staedte.de\/sv\/wp-json\/wp\/v2\/pages\/14383","targetHints":{"allow":["GET"]}}],"collection":[{"href":"https:\/\/9staedte.de\/sv\/wp-json\/wp\/v2\/pages"}],"about":[{"href":"https:\/\/9staedte.de\/sv\/wp-json\/wp\/v2\/types\/page"}],"author":[{"embeddable":true,"href":"https:\/\/9staedte.de\/sv\/wp-json\/wp\/v2\/users\/1"}],"replies":[{"embeddable":true,"href":"https:\/\/9staedte.de\/sv\/wp-json\/wp\/v2\/comments?post=14383"}],"version-history":[{"count":2,"href":"https:\/\/9staedte.de\/sv\/wp-json\/wp\/v2\/pages\/14383\/revisions"}],"predecessor-version":[{"id":23549,"href":"https:\/\/9staedte.de\/sv\/wp-json\/wp\/v2\/pages\/14383\/revisions\/23549"}],"up":[{"embeddable":true,"href":"https:\/\/9staedte.de\/sv\/wp-json\/wp\/v2\/pages\/14382"}],"wp:featuredmedia":[{"embeddable":true,"href":"https:\/\/9staedte.de\/sv\/wp-json\/wp\/v2\/media\/13674"}],"wp:attachment":[{"href":"https:\/\/9staedte.de\/sv\/wp-json\/wp\/v2\/media?parent=14383"}],"wp:term":[{"taxonomy":"category","embeddable":true,"href":"https:\/\/9staedte.de\/sv\/wp-json\/wp\/v2\/categories?post=14383"},{"taxonomy":"post_tag","embeddable":true,"href":"https:\/\/9staedte.de\/sv\/wp-json\/wp\/v2\/tags?post=14383"},{"taxonomy":"ncap_cities_tax","embeddable":true,"href":"https:\/\/9staedte.de\/sv\/wp-json\/wp\/v2\/ncap_cities_tax?post=14383"}],"curies":[{"name":"wp","href":"https:\/\/api.w.org\/{rel}","templated":true}]}}