{"id":14382,"date":"2023-10-25T16:22:09","date_gmt":"2023-10-25T14:22:09","guid":{"rendered":"https:\/\/9staedte.de\/braunschweig-lejonstaden\/"},"modified":"2025-07-31T09:40:35","modified_gmt":"2025-07-31T07:40:35","slug":"braunschweig-lejonstaden","status":"publish","type":"page","link":"https:\/\/9staedte.de\/sv\/braunschweig-lejonstaden\/","title":{"rendered":"Braunschweig &#8211; City of Lions"},"content":{"rendered":"\n<h2 class=\"wp-block-heading\">Levande stad med historia<\/h2>\n\n\n\n<p>De m\u00e5ngsidiga m\u00f6jligheterna i en storstad, inb\u00e4ddad i en rik historia &#8211; i Braunschweig kan du uppleva mycket inom ett kort avst\u00e5nd: Kulturupplevelser i toppklass, evenemangsh\u00f6jdpunkter under alla \u00e5rstider och varierade fritidsm\u00f6jligheter fyller den historiska stadsbilden med livsstilen i en livlig metropol. P\u00e5 torget Burgplatz kan du fortfarande k\u00e4nna den medeltida k\u00e4nslan, mer \u00e4n 4 000 verk fr\u00e5n 3 000 \u00e5r av konsthistoria v\u00e4ntar p\u00e5 dig i Herzog Anton Ulrich Museum och den m\u00e5ngsidiga stadsk\u00e4rnan inbjuder dig att g\u00e5 p\u00e5 shopping. De gr\u00f6na oaserna l\u00e4ngs innerstadsfloden Oker erbjuder avkoppling.<\/p>\n\n\n\n<p><\/p>\n\n\n\n<p><a href=\"http:\/\/www.braunschweig.de\/tourismus\">www.braunschweig.de\/tourismus<\/a><\/p>\n\n\n\n<p><\/p>\n\n\n\n\n<div class=\"banner-wrapper\">\n  <div class=\"banner-inner \">\n      <div class=\"img-container\">\n      <div class=\"img-wrapper\">\n        <img decoding=\"async\" src=\"https:\/\/9staedte.de\/wp-content\/smush-webp\/2023\/07\/2-Braunschweig-Ressidenschloss-c-Braunschweig-Stadtmarketing-Christian-Bierwagen-1-scaled.jpg.webp\" alt=\"Bilden visar residensslottet i Braunschweig p\u00e5 kv\u00e4llen. Byggnaden \u00e4r stor och upplyst. Framf\u00f6r byggnaden st\u00e5r en ryttarstaty. Himlen \u00e4r bl\u00e5 med m\u00e5nga moln. Bilar k\u00f6r f\u00f6rbi och deras ljus l\u00e4mnar sp\u00e5r. St\u00e4mningen \u00e4r lugn och h\u00f6gtidlig.\" \/>\n                  <div class=\"thumbnail-label\">\n            <span>Braunschweig Residenzschloss c) Braunschweig Stadtmarketing Christian Bierwagen<\/span>\n          <\/div>\n              <\/div>\n    <\/div>\n        <div class=\"text-container\">\n      <div class=\"content\">\n        <p><strong>S\u00e4rskilda tips:<\/strong><\/p>\n<ul>\n<li>Bes\u00f6k den statliga teatern eller en av de m\u00e5nga sm\u00e5 teatrarna<\/li>\n<li>Njut av naturen runt Oker p\u00e5 en promenad<\/li>\n<li>Ta en guidad flottf\u00e4rd eller kanottur under de varmare m\u00e5naderna<\/li>\n<li>Uppt\u00e4ck staden p\u00e5 en guidad tur<\/li>\n<li>Upplev historia och kultur p\u00e5 n\u00e4ra h\u00e5ll p\u00e5 v\u00e4lk\u00e4nda museer<\/li>\n<li>Strosa \u00f6ver den traditionella julmarknaden i historiska omgivningar under adventstiden<\/li>\n<\/ul>\n      <\/div>\n    <\/div>\n    <\/div>\n<\/div>\n\n\n\n\n<div style=\"height:30px\" aria-hidden=\"true\" class=\"wp-block-spacer\"><\/div>\n\n\n\n<div class=\"wp-block-columns is-layout-flex wp-container-core-columns-is-layout-9d6595d7 wp-block-columns-is-layout-flex\">\n<div class=\"wp-block-column is-layout-flow wp-block-column-is-layout-flow\" style=\"flex-basis:66.66%\">\n <div class=\"brlbs-cmpnt-container brlbs-cmpnt-content-blocker brlbs-cmpnt-with-individual-styles\" data-borlabs-cookie-content-blocker-id=\"google-maps\" data-borlabs-cookie-content=\"PGlmcmFtZSBzcmM9Imh0dHBzOi8vd3d3Lmdvb2dsZS5jb20vbWFwcy9kL2VtYmVkP21pZD0xVUhGU181Zkw2aUhISy1qbXdmMHhVTkNtQU9XY1lsQSZhbXA7ZWhiYz0yRTMxMkYiIHdpZHRoPSIxMDAlIiBoZWlnaHQ9IjQ1MCI+PC9pZnJhbWU+\"><div class=\"brlbs-cmpnt-cb-preset-b brlbs-cmpnt-cb-google-maps\"> <div class=\"brlbs-cmpnt-cb-thumbnail\" style=\"background-image: url('https:\/\/9staedte.de\/wp-content\/uploads\/borlabs-cookie\/1\/brlbs-cb-google-maps-main.png')\"><\/div> <div class=\"brlbs-cmpnt-cb-main\"> <div class=\"brlbs-cmpnt-cb-content\"> <p class=\"brlbs-cmpnt-cb-description\">You are currently viewing a placeholder content from <strong>Google Maps<\/strong>. To access the actual content, click the button below. Please note that doing so will share data with third-party providers.<\/p> <a class=\"brlbs-cmpnt-cb-provider-toggle\" href=\"#\" data-borlabs-cookie-show-provider-information role=\"button\">More Information<\/a> <\/div> <div class=\"brlbs-cmpnt-cb-buttons\"> <a class=\"brlbs-cmpnt-cb-btn\" href=\"#\" data-borlabs-cookie-unblock role=\"button\">Unblock content<\/a> <a class=\"brlbs-cmpnt-cb-btn\" href=\"#\" data-borlabs-cookie-accept-service role=\"button\" style=\"display: inherit\">Accept required service and unblock content<\/a> <\/div> <\/div> <\/div><\/div>\n<\/div>\n\n\n\n<div class=\"wp-block-column is-layout-flow wp-block-column-is-layout-flow\">\n<p><strong>Intressanta platser:<\/strong><\/p>\n\n\n\n<ul class=\"map-legend main-legend wp-block-list\">\n<li>Slottstorget med Slottslejonet, Dankwarderodes slott och S:t Blasii katedralen  <\/li>\n\n\n\n<li class=\"legend\">Residence Palace, Quadriga och Palace Museum  <\/li>\n\n\n\n<li>Hertig Anton Ulrichs museum <\/li>\n\n\n\n<li>Magniviertel med kommunalt museum &#8211; Haus am L\u00f6wenwall  <\/li>\n\n\n\n<li>M\u00e5ngsidig stadsk\u00e4rna med inbjudande torg  <\/li>\n\n\n\n<li>Gamla stadens marknad med stadsmuseum &#8211; Gamla stadshuset  <\/li>\n\n\n\n<li>Oker och botaniska tr\u00e4dg\u00e5rden  <\/li>\n\n\n\n<li>Richmond Castle med engelsk landskapstr\u00e4dg\u00e5rd  <\/li>\n\n\n\n<li>Naturvandring runt cistercienserklostret i Riddagshausen<\/li>\n<\/ul>\n<\/div>\n<\/div>\n\n\n\n<div style=\"height:60px\" aria-hidden=\"true\" class=\"wp-block-spacer\"><\/div>\n\n\n\n<div class=\"content-grid\">\n\n\n  \n  <div class=\"grid\">\n                        \n                    \n          <div class=\"featured-themen-single\">\n            <div class=\"featured-themen-single-inner\" style=\"background-image: url('https:\/\/9staedte.de\/wp-content\/smush-webp\/2024\/04\/Braunschweig-Stadtspaziergang-\u00a9-Braunschweig-Stadtmarketing-GmbH-Moritz-Kuestner.jpg.webp')\">\n              \n              <a href=\"https:\/\/9staedte.de\/sv\/braunschweig-lejonstaden\/guidade-stadsvandringar-i-braunschweig\/\">\n                <span>Guidade stadsvandringar i Braunschweig<\/span>\n              <\/a>\n            <\/div>\n          <\/div>\n    \n          \n                  \n                    \n          <div class=\"featured-themen-single\">\n            <div class=\"featured-themen-single-inner\" style=\"background-image: url('https:\/\/9staedte.de\/wp-content\/smush-webp\/2023\/01\/Burgplatz-bei-Nacht-c-Braunschweig-Stadtmarketing-Steffen-und-Bach.jpg.webp')\">\n              \n              <a href=\"https:\/\/9staedte.de\/sv\/braunschweig-lejonstaden\/boende-i-braunschweig\/\">\n                <span>Boende i Braunschweig<\/span>\n              <\/a>\n            <\/div>\n          <\/div>\n    \n          \n                  \n                    \n          <div class=\"featured-themen-single\">\n            <div class=\"featured-themen-single-inner\" style=\"background-image: url('https:\/\/9staedte.de\/wp-content\/smush-webp\/2023\/10\/Braunschweig-Weihnachtsmarkt-c-Braunschweig-Stadtmarketing-Philipp-Ziebart.jpg.webp')\">\n              \n              <a href=\"https:\/\/9staedte.de\/sv\/braunschweig-lejonstaden\/julmarknad-i-braunschweig\/\">\n                <span>Julmarknad i Braunschweig<\/span>\n              <\/a>\n            <\/div>\n          <\/div>\n    \n          \n                  \n                    \n          <div class=\"featured-themen-single\">\n            <div class=\"featured-themen-single-inner\" style=\"background-image: url('https:\/\/9staedte.de\/wp-content\/smush-webp\/2022\/03\/Braunschweig_Landesmuseum-c-Braunschweig-Stadtmarketing-GmbH-Gerald-Grote.jpg.webp')\">\n              \n              <a href=\"https:\/\/9staedte.de\/sv\/braunschweig-lejonstaden\/museer-och-utstaellningar-i-braunschweig\/\">\n                <span>Museer och utst\u00e4llningar i Braunschweig<\/span>\n              <\/a>\n            <\/div>\n          <\/div>\n    \n          \n                  \n                    \n          <div class=\"featured-themen-single\">\n            <div class=\"featured-themen-single-inner\" style=\"background-image: url('https:\/\/9staedte.de\/wp-content\/smush-webp\/2022\/02\/Braunschweig-Burgplatz-c-Braunschweig-Stadtmarketing-_Steffen-und-Bach.jpg.webp')\">\n              \n              <a href=\"https:\/\/9staedte.de\/sv\/braunschweig-lejonstaden\/intryck-fraan-braunschweig\/\">\n                <span>Intryck fr\u00e5n Braunschweig<\/span>\n              <\/a>\n            <\/div>\n          <\/div>\n    \n          \n                          \n        <\/div>\n<\/div>","protected":false},"excerpt":{"rendered":"<p>Levande stad med historia De m\u00e5ngsidiga m\u00f6jligheterna i en storstad, inb\u00e4ddad i en rik historia &#8211; i Braunschweig kan du uppleva mycket inom ett kort avst\u00e5nd: Kulturupplevelser i toppklass, evenemangsh\u00f6jdpunkter under alla \u00e5rstider och varierade fritidsm\u00f6jligheter fyller den historiska stadsbilden med livsstilen i en livlig metropol. P\u00e5 torget Burgplatz kan du fortfarande k\u00e4nna den medeltida [&hellip;]<\/p>\n","protected":false},"author":1,"featured_media":13376,"parent":0,"menu_order":0,"comment_status":"closed","ping_status":"closed","template":"pagetemplates\/template-stadtseite.php","meta":{"_acf_changed":false,"footnotes":""},"categories":[],"tags":[],"ncap_cities_tax":[421],"class_list":["post-14382","page","type-page","status-publish","has-post-thumbnail","hentry","ncap_cities_tax-braunschweig-sv"],"acf":[],"yoast_head":"<!-- This site is optimized with the Yoast SEO plugin v26.8 - https:\/\/yoast.com\/product\/yoast-seo-wordpress\/ -->\n<title>Braunschweig - City of Lions - 9 St\u00e4dte in Niedersachsen<\/title>\n<meta name=\"description\" content=\"Braunschweig - en livlig stad med historia, f\u00f6rstklassiga kulturupplevelser och evenemangsh\u00f6jdpunkter under alla \u00e5rstider.\" \/>\n<meta name=\"robots\" content=\"index, follow, max-snippet:-1, max-image-preview:large, max-video-preview:-1\" \/>\n<link rel=\"canonical\" href=\"https:\/\/9staedte.de\/sv\/braunschweig-lejonstaden\/\" \/>\n<meta property=\"og:locale\" content=\"sv_SE\" \/>\n<meta property=\"og:type\" content=\"article\" \/>\n<meta property=\"og:title\" content=\"Braunschweig - City of Lions - 9 St\u00e4dte in Niedersachsen\" \/>\n<meta property=\"og:description\" content=\"Braunschweig - en livlig stad med historia, f\u00f6rstklassiga kulturupplevelser och evenemangsh\u00f6jdpunkter under alla \u00e5rstider.\" \/>\n<meta property=\"og:url\" content=\"https:\/\/9staedte.de\/sv\/braunschweig-lejonstaden\/\" \/>\n<meta property=\"og:site_name\" content=\"9 St\u00e4dte in Niedersachsen\" \/>\n<meta property=\"article:modified_time\" content=\"2025-07-31T07:40:35+00:00\" \/>\n<meta property=\"og:image\" content=\"https:\/\/9staedte.de\/wp-content\/uploads\/2023\/07\/3-Braunschweig-Altstadtmarkt-c-BSM-Christian-Bierwagen-1.jpg\" \/>\n\t<meta property=\"og:image:width\" content=\"2500\" \/>\n\t<meta property=\"og:image:height\" content=\"1666\" \/>\n\t<meta property=\"og:image:type\" content=\"image\/jpeg\" \/>\n<meta name=\"twitter:card\" content=\"summary_large_image\" \/>\n<meta name=\"twitter:label1\" content=\"Ber\u00e4knad l\u00e4stid\" \/>\n\t<meta name=\"twitter:data1\" content=\"2 minuter\" \/>\n<script type=\"application\/ld+json\" class=\"yoast-schema-graph\">{\"@context\":\"https:\/\/schema.org\",\"@graph\":[{\"@type\":\"WebPage\",\"@id\":\"https:\/\/9staedte.de\/sv\/braunschweig-lejonstaden\/\",\"url\":\"https:\/\/9staedte.de\/sv\/braunschweig-lejonstaden\/\",\"name\":\"Braunschweig - City of Lions - 9 St\u00e4dte in Niedersachsen\",\"isPartOf\":{\"@id\":\"https:\/\/9staedte.de\/sv\/#website\"},\"primaryImageOfPage\":{\"@id\":\"https:\/\/9staedte.de\/sv\/braunschweig-lejonstaden\/#primaryimage\"},\"image\":{\"@id\":\"https:\/\/9staedte.de\/sv\/braunschweig-lejonstaden\/#primaryimage\"},\"thumbnailUrl\":\"https:\/\/9staedte.de\/wp-content\/uploads\/2023\/01\/Braunschweig-Oldtown-Market-c-Braunschweig-Stadtmarketing-Christian-Bierwagen-1.jpg\",\"datePublished\":\"2023-10-25T14:22:09+00:00\",\"dateModified\":\"2025-07-31T07:40:35+00:00\",\"description\":\"Braunschweig - en livlig stad med historia, f\u00f6rstklassiga kulturupplevelser och evenemangsh\u00f6jdpunkter under alla \u00e5rstider.\",\"breadcrumb\":{\"@id\":\"https:\/\/9staedte.de\/sv\/braunschweig-lejonstaden\/#breadcrumb\"},\"inLanguage\":\"sv-SE\",\"potentialAction\":[{\"@type\":\"ReadAction\",\"target\":[\"https:\/\/9staedte.de\/sv\/braunschweig-lejonstaden\/\"]}]},{\"@type\":\"ImageObject\",\"inLanguage\":\"sv-SE\",\"@id\":\"https:\/\/9staedte.de\/sv\/braunschweig-lejonstaden\/#primaryimage\",\"url\":\"https:\/\/9staedte.de\/wp-content\/uploads\/2023\/01\/Braunschweig-Oldtown-Market-c-Braunschweig-Stadtmarketing-Christian-Bierwagen-1.jpg\",\"contentUrl\":\"https:\/\/9staedte.de\/wp-content\/uploads\/2023\/01\/Braunschweig-Oldtown-Market-c-Braunschweig-Stadtmarketing-Christian-Bierwagen-1.jpg\",\"width\":1020,\"height\":560,\"caption\":\"Braunschweig Oldtown Market c) Braunschweig Stadtmarketing Christian Bierwagen\"},{\"@type\":\"BreadcrumbList\",\"@id\":\"https:\/\/9staedte.de\/sv\/braunschweig-lejonstaden\/#breadcrumb\",\"itemListElement\":[{\"@type\":\"ListItem\",\"position\":1,\"name\":\"Startseite\",\"item\":\"https:\/\/9staedte.de\/sv\/\"},{\"@type\":\"ListItem\",\"position\":2,\"name\":\"Braunschweig &#8211; City of Lions\"}]},{\"@type\":\"WebSite\",\"@id\":\"https:\/\/9staedte.de\/sv\/#website\",\"url\":\"https:\/\/9staedte.de\/sv\/\",\"name\":\"9 St\u00e4dte in Niedersachsen\",\"description\":\"\",\"publisher\":{\"@id\":\"https:\/\/9staedte.de\/sv\/#organization\"},\"potentialAction\":[{\"@type\":\"SearchAction\",\"target\":{\"@type\":\"EntryPoint\",\"urlTemplate\":\"https:\/\/9staedte.de\/sv\/?s={search_term_string}\"},\"query-input\":{\"@type\":\"PropertyValueSpecification\",\"valueRequired\":true,\"valueName\":\"search_term_string\"}}],\"inLanguage\":\"sv-SE\"},{\"@type\":\"Organization\",\"@id\":\"https:\/\/9staedte.de\/sv\/#organization\",\"name\":\"9 St\u00e4dte in Niedersachsen\",\"url\":\"https:\/\/9staedte.de\/sv\/\",\"logo\":{\"@type\":\"ImageObject\",\"inLanguage\":\"sv-SE\",\"@id\":\"https:\/\/9staedte.de\/sv\/#\/schema\/logo\/image\/\",\"url\":\"https:\/\/9staedte.de\/wp-content\/uploads\/2025\/01\/9-neg-deutsch-2-1.png\",\"contentUrl\":\"https:\/\/9staedte.de\/wp-content\/uploads\/2025\/01\/9-neg-deutsch-2-1.png\",\"width\":190,\"height\":114,\"caption\":\"9 St\u00e4dte in Niedersachsen\"},\"image\":{\"@id\":\"https:\/\/9staedte.de\/sv\/#\/schema\/logo\/image\/\"}}]}<\/script>\n<!-- \/ Yoast SEO plugin. -->","yoast_head_json":{"title":"Braunschweig - City of Lions - 9 St\u00e4dte in Niedersachsen","description":"Braunschweig - en livlig stad med historia, f\u00f6rstklassiga kulturupplevelser och evenemangsh\u00f6jdpunkter under alla \u00e5rstider.","robots":{"index":"index","follow":"follow","max-snippet":"max-snippet:-1","max-image-preview":"max-image-preview:large","max-video-preview":"max-video-preview:-1"},"canonical":"https:\/\/9staedte.de\/sv\/braunschweig-lejonstaden\/","og_locale":"sv_SE","og_type":"article","og_title":"Braunschweig - City of Lions - 9 St\u00e4dte in Niedersachsen","og_description":"Braunschweig - en livlig stad med historia, f\u00f6rstklassiga kulturupplevelser och evenemangsh\u00f6jdpunkter under alla \u00e5rstider.","og_url":"https:\/\/9staedte.de\/sv\/braunschweig-lejonstaden\/","og_site_name":"9 St\u00e4dte in Niedersachsen","article_modified_time":"2025-07-31T07:40:35+00:00","og_image":[{"width":2500,"height":1666,"url":"https:\/\/9staedte.de\/wp-content\/uploads\/2023\/07\/3-Braunschweig-Altstadtmarkt-c-BSM-Christian-Bierwagen-1.jpg","type":"image\/jpeg"}],"twitter_card":"summary_large_image","twitter_misc":{"Ber\u00e4knad l\u00e4stid":"2 minuter"},"schema":{"@context":"https:\/\/schema.org","@graph":[{"@type":"WebPage","@id":"https:\/\/9staedte.de\/sv\/braunschweig-lejonstaden\/","url":"https:\/\/9staedte.de\/sv\/braunschweig-lejonstaden\/","name":"Braunschweig - City of Lions - 9 St\u00e4dte in Niedersachsen","isPartOf":{"@id":"https:\/\/9staedte.de\/sv\/#website"},"primaryImageOfPage":{"@id":"https:\/\/9staedte.de\/sv\/braunschweig-lejonstaden\/#primaryimage"},"image":{"@id":"https:\/\/9staedte.de\/sv\/braunschweig-lejonstaden\/#primaryimage"},"thumbnailUrl":"https:\/\/9staedte.de\/wp-content\/uploads\/2023\/01\/Braunschweig-Oldtown-Market-c-Braunschweig-Stadtmarketing-Christian-Bierwagen-1.jpg","datePublished":"2023-10-25T14:22:09+00:00","dateModified":"2025-07-31T07:40:35+00:00","description":"Braunschweig - en livlig stad med historia, f\u00f6rstklassiga kulturupplevelser och evenemangsh\u00f6jdpunkter under alla \u00e5rstider.","breadcrumb":{"@id":"https:\/\/9staedte.de\/sv\/braunschweig-lejonstaden\/#breadcrumb"},"inLanguage":"sv-SE","potentialAction":[{"@type":"ReadAction","target":["https:\/\/9staedte.de\/sv\/braunschweig-lejonstaden\/"]}]},{"@type":"ImageObject","inLanguage":"sv-SE","@id":"https:\/\/9staedte.de\/sv\/braunschweig-lejonstaden\/#primaryimage","url":"https:\/\/9staedte.de\/wp-content\/uploads\/2023\/01\/Braunschweig-Oldtown-Market-c-Braunschweig-Stadtmarketing-Christian-Bierwagen-1.jpg","contentUrl":"https:\/\/9staedte.de\/wp-content\/uploads\/2023\/01\/Braunschweig-Oldtown-Market-c-Braunschweig-Stadtmarketing-Christian-Bierwagen-1.jpg","width":1020,"height":560,"caption":"Braunschweig Oldtown Market c) Braunschweig Stadtmarketing Christian Bierwagen"},{"@type":"BreadcrumbList","@id":"https:\/\/9staedte.de\/sv\/braunschweig-lejonstaden\/#breadcrumb","itemListElement":[{"@type":"ListItem","position":1,"name":"Startseite","item":"https:\/\/9staedte.de\/sv\/"},{"@type":"ListItem","position":2,"name":"Braunschweig &#8211; City of Lions"}]},{"@type":"WebSite","@id":"https:\/\/9staedte.de\/sv\/#website","url":"https:\/\/9staedte.de\/sv\/","name":"9 St\u00e4dte in Niedersachsen","description":"","publisher":{"@id":"https:\/\/9staedte.de\/sv\/#organization"},"potentialAction":[{"@type":"SearchAction","target":{"@type":"EntryPoint","urlTemplate":"https:\/\/9staedte.de\/sv\/?s={search_term_string}"},"query-input":{"@type":"PropertyValueSpecification","valueRequired":true,"valueName":"search_term_string"}}],"inLanguage":"sv-SE"},{"@type":"Organization","@id":"https:\/\/9staedte.de\/sv\/#organization","name":"9 St\u00e4dte in Niedersachsen","url":"https:\/\/9staedte.de\/sv\/","logo":{"@type":"ImageObject","inLanguage":"sv-SE","@id":"https:\/\/9staedte.de\/sv\/#\/schema\/logo\/image\/","url":"https:\/\/9staedte.de\/wp-content\/uploads\/2025\/01\/9-neg-deutsch-2-1.png","contentUrl":"https:\/\/9staedte.de\/wp-content\/uploads\/2025\/01\/9-neg-deutsch-2-1.png","width":190,"height":114,"caption":"9 St\u00e4dte in Niedersachsen"},"image":{"@id":"https:\/\/9staedte.de\/sv\/#\/schema\/logo\/image\/"}}]}},"_links":{"self":[{"href":"https:\/\/9staedte.de\/sv\/wp-json\/wp\/v2\/pages\/14382","targetHints":{"allow":["GET"]}}],"collection":[{"href":"https:\/\/9staedte.de\/sv\/wp-json\/wp\/v2\/pages"}],"about":[{"href":"https:\/\/9staedte.de\/sv\/wp-json\/wp\/v2\/types\/page"}],"author":[{"embeddable":true,"href":"https:\/\/9staedte.de\/sv\/wp-json\/wp\/v2\/users\/1"}],"replies":[{"embeddable":true,"href":"https:\/\/9staedte.de\/sv\/wp-json\/wp\/v2\/comments?post=14382"}],"version-history":[{"count":6,"href":"https:\/\/9staedte.de\/sv\/wp-json\/wp\/v2\/pages\/14382\/revisions"}],"predecessor-version":[{"id":26765,"href":"https:\/\/9staedte.de\/sv\/wp-json\/wp\/v2\/pages\/14382\/revisions\/26765"}],"wp:featuredmedia":[{"embeddable":true,"href":"https:\/\/9staedte.de\/sv\/wp-json\/wp\/v2\/media\/13376"}],"wp:attachment":[{"href":"https:\/\/9staedte.de\/sv\/wp-json\/wp\/v2\/media?parent=14382"}],"wp:term":[{"taxonomy":"category","embeddable":true,"href":"https:\/\/9staedte.de\/sv\/wp-json\/wp\/v2\/categories?post=14382"},{"taxonomy":"post_tag","embeddable":true,"href":"https:\/\/9staedte.de\/sv\/wp-json\/wp\/v2\/tags?post=14382"},{"taxonomy":"ncap_cities_tax","embeddable":true,"href":"https:\/\/9staedte.de\/sv\/wp-json\/wp\/v2\/ncap_cities_tax?post=14382"}],"curies":[{"name":"wp","href":"https:\/\/api.w.org\/{rel}","templated":true}]}}