{"id":14381,"date":"2023-10-25T16:22:29","date_gmt":"2023-10-25T14:22:29","guid":{"rendered":"https:\/\/9staedte.de\/slott-och-traedgaardar-i-celle\/"},"modified":"2025-05-08T15:05:28","modified_gmt":"2025-05-08T13:05:28","slug":"slott-och-traedgaardar-i-celle","status":"publish","type":"page","link":"https:\/\/9staedte.de\/sv\/celle-vacker-residensstad\/slott-och-traedgaardar-i-celle\/","title":{"rendered":"Slott och tr\u00e4dg\u00e5rdar i Celle"},"content":{"rendered":"\r\n\r\n    <div class=\"filter-posts\">\r\n            <div  id=\"filterContent\">\r\n                                                        \n<div class=\"contentKachel filtr-item\" data-category=\"celle-sv\">\n    <a href=\"https:\/\/9staedte.de\/sv\/traedgaard-foer-medicinalvaexter-celle\/\">\n        <div class=\"contentKachel-inner\">\n                            <div class=\"contentKachel-thumbnail\">\n                    <img loading=\"lazy\" decoding=\"async\" width=\"300\" height=\"166\" src=\"https:\/\/9staedte.de\/wp-content\/smush-webp\/2022\/03\/Heilpflanzengarten-Plan-c-Celle-Tourismus-300x166.jpg.webp\" class=\"objectfitcover withfilters wp-post-image\" alt=\"Bilden visar en ritning av \u00f6rttr\u00e4dg\u00e5rden i Celle. I mitten finns en rund plats med en font\u00e4n. M\u00e5nga stigar leder fr\u00e5n font\u00e4nen till sm\u00e5 rabatter. I rabatterna v\u00e4xer medicinalv\u00e4xter. Det finns m\u00e5nga tr\u00e4d och buskar. Uppe till h\u00f6ger finns ett omr\u00e5de med bord och stolar. Nere till v\u00e4nster finns en liten paviljong. Ritningen visar tr\u00e4dg\u00e5rden uppifr\u00e5n.\" srcset=\"https:\/\/9staedte.de\/wp-content\/smush-webp\/2022\/03\/Heilpflanzengarten-Plan-c-Celle-Tourismus-300x166.jpg.webp 300w, https:\/\/9staedte.de\/wp-content\/smush-webp\/2022\/03\/Heilpflanzengarten-Plan-c-Celle-Tourismus-768x426.jpg.webp 768w, https:\/\/9staedte.de\/wp-content\/smush-webp\/2022\/03\/Heilpflanzengarten-Plan-c-Celle-Tourismus.jpg.webp 1020w\" sizes=\"auto, (max-width: 300px) 100vw, 300px\" \/>                    <img loading=\"lazy\" decoding=\"async\" width=\"300\" height=\"166\" src=\"https:\/\/9staedte.de\/wp-content\/smush-webp\/2022\/03\/Heilpflanzengarten-Plan-c-Celle-Tourismus-300x166.jpg.webp\" class=\"objectfitcontain wp-post-image\" alt=\"Bilden visar en ritning av \u00f6rttr\u00e4dg\u00e5rden i Celle. I mitten finns en rund plats med en font\u00e4n. M\u00e5nga stigar leder fr\u00e5n font\u00e4nen till sm\u00e5 rabatter. I rabatterna v\u00e4xer medicinalv\u00e4xter. Det finns m\u00e5nga tr\u00e4d och buskar. Uppe till h\u00f6ger finns ett omr\u00e5de med bord och stolar. Nere till v\u00e4nster finns en liten paviljong. Ritningen visar tr\u00e4dg\u00e5rden uppifr\u00e5n.\" srcset=\"https:\/\/9staedte.de\/wp-content\/smush-webp\/2022\/03\/Heilpflanzengarten-Plan-c-Celle-Tourismus-300x166.jpg.webp 300w, https:\/\/9staedte.de\/wp-content\/smush-webp\/2022\/03\/Heilpflanzengarten-Plan-c-Celle-Tourismus-768x426.jpg.webp 768w, https:\/\/9staedte.de\/wp-content\/smush-webp\/2022\/03\/Heilpflanzengarten-Plan-c-Celle-Tourismus.jpg.webp 1020w\" sizes=\"auto, (max-width: 300px) 100vw, 300px\" \/>                        <div class=\"thumbnail-label\">\n    <span>Heilpflanzengarten Plan c) Celle Tourismus<\/span>\n    <\/div>\n                <\/div>\n                        <div class=\"contentKachel-content\">\n                                    <div class=\"city-tag bg-celle\">\n                        Celle                    <\/div>\n                \n                <div class=\"title\">\n\n                    Tr\u00e4dg\u00e5rd f\u00f6r medicinalv\u00e4xter Celle                    \n                <\/div>\n\n                            <\/div>\n\n        <\/div>\n    <\/a>\n<\/div>                                                        \n<div class=\"contentKachel filtr-item\" data-category=\"celle-sv\">\n    <a href=\"https:\/\/9staedte.de\/sv\/herzogschloss-celle-den-aeldsta-byggnaden-i-staden\/\">\n        <div class=\"contentKachel-inner\">\n                            <div class=\"contentKachel-thumbnail\">\n                    <img loading=\"lazy\" decoding=\"async\" width=\"300\" height=\"164\" src=\"https:\/\/9staedte.de\/wp-content\/smush-webp\/2022\/03\/Celle_Schloss-c-Martin-Kirchner-300x164.jpg.webp\" class=\"objectfitcover withfilters wp-post-image\" alt=\"Bilden visar slottet i Celle p\u00e5 kv\u00e4llen. Slottet \u00e4r upplyst med starkt ljus. Det har m\u00e5nga f\u00f6nster och torn. Det finns lyktor p\u00e5 b\u00e5da sidor. Himlen \u00e4r m\u00f6rkbl\u00e5. Tr\u00e4d omger slottet.\" srcset=\"https:\/\/9staedte.de\/wp-content\/smush-webp\/2022\/03\/Celle_Schloss-c-Martin-Kirchner-300x164.jpg.webp 300w, https:\/\/9staedte.de\/wp-content\/smush-webp\/2022\/03\/Celle_Schloss-c-Martin-Kirchner-768x421.jpg.webp 768w, https:\/\/9staedte.de\/wp-content\/smush-webp\/2022\/03\/Celle_Schloss-c-Martin-Kirchner.jpg.webp 1020w\" sizes=\"auto, (max-width: 300px) 100vw, 300px\" \/>                    <img loading=\"lazy\" decoding=\"async\" width=\"300\" height=\"164\" src=\"https:\/\/9staedte.de\/wp-content\/smush-webp\/2022\/03\/Celle_Schloss-c-Martin-Kirchner-300x164.jpg.webp\" class=\"objectfitcontain wp-post-image\" alt=\"Bilden visar slottet i Celle p\u00e5 kv\u00e4llen. Slottet \u00e4r upplyst med starkt ljus. Det har m\u00e5nga f\u00f6nster och torn. Det finns lyktor p\u00e5 b\u00e5da sidor. Himlen \u00e4r m\u00f6rkbl\u00e5. Tr\u00e4d omger slottet.\" srcset=\"https:\/\/9staedte.de\/wp-content\/smush-webp\/2022\/03\/Celle_Schloss-c-Martin-Kirchner-300x164.jpg.webp 300w, https:\/\/9staedte.de\/wp-content\/smush-webp\/2022\/03\/Celle_Schloss-c-Martin-Kirchner-768x421.jpg.webp 768w, https:\/\/9staedte.de\/wp-content\/smush-webp\/2022\/03\/Celle_Schloss-c-Martin-Kirchner.jpg.webp 1020w\" sizes=\"auto, (max-width: 300px) 100vw, 300px\" \/>                        <div class=\"thumbnail-label\">\n    <span>Celle, Schloss, Schlosspark c) Martin Kirchner<\/span>\n    <\/div>\n                <\/div>\n                        <div class=\"contentKachel-content\">\n                                    <div class=\"city-tag bg-celle\">\n                        Celle                    <\/div>\n                \n                <div class=\"title\">\n\n                    Herzogschloss Celle &#8211; den \u00e4ldsta byggnaden i staden                    \n                <\/div>\n\n                            <\/div>\n\n        <\/div>\n    <\/a>\n<\/div>                                                        \n<div class=\"contentKachel filtr-item\" data-category=\"celle-sv\">\n    <a href=\"https:\/\/9staedte.de\/sv\/fransk-traedgaard-celle\/\">\n        <div class=\"contentKachel-inner\">\n                            <div class=\"contentKachel-thumbnail\">\n                    <img loading=\"lazy\" decoding=\"async\" width=\"300\" height=\"173\" src=\"https:\/\/9staedte.de\/wp-content\/smush-webp\/2023\/02\/celle-franzoeischer-garten-fruehling-c-Stadt-Celle-300x173.jpg.webp\" class=\"objectfitcover withfilters wp-post-image\" alt=\"Bilden visar en damm i Franska tr\u00e4dg\u00e5rden i Celle. I mitten av dammen sprutar en font\u00e4n vatten upp i luften. Ett regnb\u00e5ge syns i vattnet. Till h\u00f6ger h\u00e4nger ett stort tr\u00e4d med l\u00e5nga grenar \u00f6ver vattnet. Rosa k\u00f6rsb\u00e4rsblommor blommar l\u00e4ngs stigen.\" srcset=\"https:\/\/9staedte.de\/wp-content\/smush-webp\/2023\/02\/celle-franzoeischer-garten-fruehling-c-Stadt-Celle-300x173.jpg.webp 300w, https:\/\/9staedte.de\/wp-content\/smush-webp\/2023\/02\/celle-franzoeischer-garten-fruehling-c-Stadt-Celle-768x442.jpg.webp 768w, https:\/\/9staedte.de\/wp-content\/smush-webp\/2023\/02\/celle-franzoeischer-garten-fruehling-c-Stadt-Celle.jpg.webp 1020w\" sizes=\"auto, (max-width: 300px) 100vw, 300px\" \/>                    <img loading=\"lazy\" decoding=\"async\" width=\"300\" height=\"173\" src=\"https:\/\/9staedte.de\/wp-content\/smush-webp\/2023\/02\/celle-franzoeischer-garten-fruehling-c-Stadt-Celle-300x173.jpg.webp\" class=\"objectfitcontain wp-post-image\" alt=\"Bilden visar en damm i Franska tr\u00e4dg\u00e5rden i Celle. I mitten av dammen sprutar en font\u00e4n vatten upp i luften. Ett regnb\u00e5ge syns i vattnet. Till h\u00f6ger h\u00e4nger ett stort tr\u00e4d med l\u00e5nga grenar \u00f6ver vattnet. Rosa k\u00f6rsb\u00e4rsblommor blommar l\u00e4ngs stigen.\" srcset=\"https:\/\/9staedte.de\/wp-content\/smush-webp\/2023\/02\/celle-franzoeischer-garten-fruehling-c-Stadt-Celle-300x173.jpg.webp 300w, https:\/\/9staedte.de\/wp-content\/smush-webp\/2023\/02\/celle-franzoeischer-garten-fruehling-c-Stadt-Celle-768x442.jpg.webp 768w, https:\/\/9staedte.de\/wp-content\/smush-webp\/2023\/02\/celle-franzoeischer-garten-fruehling-c-Stadt-Celle.jpg.webp 1020w\" sizes=\"auto, (max-width: 300px) 100vw, 300px\" \/>                        <div class=\"thumbnail-label\">\n    <span>celle-franzoeischer-garten-fruehling c) Stadt Celle<\/span>\n    <\/div>\n                <\/div>\n                        <div class=\"contentKachel-content\">\n                                    <div class=\"city-tag bg-celle\">\n                        Celle                    <\/div>\n                \n                <div class=\"title\">\n\n                    Fransk tr\u00e4dg\u00e5rd Celle                    \n                <\/div>\n\n                            <\/div>\n\n        <\/div>\n    <\/a>\n<\/div>                                                        \n<div class=\"contentKachel filtr-item\" data-category=\"celle-sv\">\n    <a href=\"https:\/\/9staedte.de\/sv\/slottsparken-i-celle\/\">\n        <div class=\"contentKachel-inner\">\n                            <div class=\"contentKachel-thumbnail\">\n                    <img loading=\"lazy\" decoding=\"async\" width=\"300\" height=\"165\" src=\"https:\/\/9staedte.de\/wp-content\/smush-webp\/2022\/03\/Celler-Schloss-und-Schlosspark-c-Celle-Tourismus-300x165.jpg.webp\" class=\"objectfitcover withfilters wp-post-image\" alt=\"Bilden visar slottsparken i Celle. I bakgrunden st\u00e5r slottet i Celle. Det \u00e4r en stor vit byggnad med m\u00e5nga f\u00f6nster och gr\u00f6na torn. I f\u00f6rgrunden st\u00e5r en staty. Statyn visar en h\u00e4st och en m\u00e4nniska. Himlen \u00e4r bl\u00e5 och solen skiner. Det finns m\u00e5nga tr\u00e4d och gr\u00e4smattor i parken.\" srcset=\"https:\/\/9staedte.de\/wp-content\/smush-webp\/2022\/03\/Celler-Schloss-und-Schlosspark-c-Celle-Tourismus-300x165.jpg.webp 300w, https:\/\/9staedte.de\/wp-content\/smush-webp\/2022\/03\/Celler-Schloss-und-Schlosspark-c-Celle-Tourismus-768x422.jpg.webp 768w, https:\/\/9staedte.de\/wp-content\/smush-webp\/2022\/03\/Celler-Schloss-und-Schlosspark-c-Celle-Tourismus.jpg.webp 1020w\" sizes=\"auto, (max-width: 300px) 100vw, 300px\" \/>                    <img loading=\"lazy\" decoding=\"async\" width=\"300\" height=\"165\" src=\"https:\/\/9staedte.de\/wp-content\/smush-webp\/2022\/03\/Celler-Schloss-und-Schlosspark-c-Celle-Tourismus-300x165.jpg.webp\" class=\"objectfitcontain wp-post-image\" alt=\"Bilden visar slottsparken i Celle. I bakgrunden st\u00e5r slottet i Celle. Det \u00e4r en stor vit byggnad med m\u00e5nga f\u00f6nster och gr\u00f6na torn. I f\u00f6rgrunden st\u00e5r en staty. Statyn visar en h\u00e4st och en m\u00e4nniska. Himlen \u00e4r bl\u00e5 och solen skiner. Det finns m\u00e5nga tr\u00e4d och gr\u00e4smattor i parken.\" srcset=\"https:\/\/9staedte.de\/wp-content\/smush-webp\/2022\/03\/Celler-Schloss-und-Schlosspark-c-Celle-Tourismus-300x165.jpg.webp 300w, https:\/\/9staedte.de\/wp-content\/smush-webp\/2022\/03\/Celler-Schloss-und-Schlosspark-c-Celle-Tourismus-768x422.jpg.webp 768w, https:\/\/9staedte.de\/wp-content\/smush-webp\/2022\/03\/Celler-Schloss-und-Schlosspark-c-Celle-Tourismus.jpg.webp 1020w\" sizes=\"auto, (max-width: 300px) 100vw, 300px\" \/>                        <div class=\"thumbnail-label\">\n    <span>Celler Schloss und Schlosspark c) Celle Tourismus<\/span>\n    <\/div>\n                <\/div>\n                        <div class=\"contentKachel-content\">\n                                    <div class=\"city-tag bg-celle\">\n                        Celle                    <\/div>\n                \n                <div class=\"title\">\n\n                    Slottsparken i Celle                    \n                <\/div>\n\n                            <\/div>\n\n        <\/div>\n    <\/a>\n<\/div>                                                        \n<div class=\"contentKachel filtr-item\" data-category=\"celle-sv\">\n    <a href=\"https:\/\/9staedte.de\/sv\/trivs-bland-blommor-och-groenska-i-stadtpark-celle\/\">\n        <div class=\"contentKachel-inner\">\n                            <div class=\"contentKachel-thumbnail\">\n                    <img decoding=\"async\" src=\"\/wp-content\/themes\/nine-cities\/site\/img\/Placeholder.png\" alt=\"Placeholder\">\n                <\/div>\n                        <div class=\"contentKachel-content\">\n                                    <div class=\"city-tag bg-celle\">\n                        Celle                    <\/div>\n                \n                <div class=\"title\">\n\n                    Trivs bland blommor och gr\u00f6nska &#8211; i Stadtpark Celle                    \n                <\/div>\n\n                            <\/div>\n\n        <\/div>\n    <\/a>\n<\/div>                                            <\/div>\r\n    <\/div>\r\n","protected":false},"excerpt":{"rendered":"","protected":false},"author":1,"featured_media":14386,"parent":14588,"menu_order":0,"comment_status":"closed","ping_status":"closed","template":"pagetemplates\/template-stadtthema.php","meta":{"_acf_changed":false,"footnotes":""},"categories":[],"tags":[],"ncap_cities_tax":[428,708],"class_list":["post-14381","page","type-page","status-publish","has-post-thumbnail","hentry","ncap_cities_tax-celle-sv","ncap_cities_tax-schlosser-und-garten-celle-sv"],"acf":[],"yoast_head":"<!-- This site is optimized with the Yoast SEO plugin v27.4 - https:\/\/yoast.com\/product\/yoast-seo-wordpress\/ -->\n<title>Slott och tr\u00e4dg\u00e5rdar i Celle - 9 St\u00e4dte in Niedersachsen<\/title>\n<meta name=\"robots\" content=\"index, follow, max-snippet:-1, max-image-preview:large, max-video-preview:-1\" \/>\n<link rel=\"canonical\" href=\"https:\/\/9staedte.de\/sv\/celle-vacker-residensstad\/slott-och-traedgaardar-i-celle\/\" \/>\n<meta property=\"og:locale\" content=\"sv_SE\" \/>\n<meta property=\"og:type\" content=\"article\" \/>\n<meta property=\"og:title\" content=\"Slott och tr\u00e4dg\u00e5rdar i Celle - 9 St\u00e4dte in Niedersachsen\" \/>\n<meta property=\"og:url\" content=\"https:\/\/9staedte.de\/sv\/celle-vacker-residensstad\/slott-och-traedgaardar-i-celle\/\" \/>\n<meta property=\"og:site_name\" content=\"9 St\u00e4dte in Niedersachsen\" \/>\n<meta property=\"article:modified_time\" content=\"2025-05-08T13:05:28+00:00\" \/>\n<meta property=\"og:image\" content=\"https:\/\/9staedte.de\/wp-content\/uploads\/2023\/06\/Celle-Schloss-c-Celle-Tourismus.jpg\" \/>\n\t<meta property=\"og:image:width\" content=\"1020\" \/>\n\t<meta property=\"og:image:height\" content=\"561\" \/>\n\t<meta property=\"og:image:type\" content=\"image\/jpeg\" \/>\n<meta name=\"twitter:card\" content=\"summary_large_image\" \/>\n<script type=\"application\/ld+json\" class=\"yoast-schema-graph\">{\"@context\":\"https:\\\/\\\/schema.org\",\"@graph\":[{\"@type\":\"WebPage\",\"@id\":\"https:\\\/\\\/9staedte.de\\\/sv\\\/celle-vacker-residensstad\\\/slott-och-traedgaardar-i-celle\\\/\",\"url\":\"https:\\\/\\\/9staedte.de\\\/sv\\\/celle-vacker-residensstad\\\/slott-och-traedgaardar-i-celle\\\/\",\"name\":\"Slott och tr\u00e4dg\u00e5rdar i Celle - 9 St\u00e4dte in Niedersachsen\",\"isPartOf\":{\"@id\":\"https:\\\/\\\/9staedte.de\\\/sv\\\/#website\"},\"primaryImageOfPage\":{\"@id\":\"https:\\\/\\\/9staedte.de\\\/sv\\\/celle-vacker-residensstad\\\/slott-och-traedgaardar-i-celle\\\/#primaryimage\"},\"image\":{\"@id\":\"https:\\\/\\\/9staedte.de\\\/sv\\\/celle-vacker-residensstad\\\/slott-och-traedgaardar-i-celle\\\/#primaryimage\"},\"thumbnailUrl\":\"https:\\\/\\\/9staedte.de\\\/wp-content\\\/uploads\\\/2023\\\/06\\\/Celle-Schloss-c-Celle-Tourismus.jpg\",\"datePublished\":\"2023-10-25T14:22:29+00:00\",\"dateModified\":\"2025-05-08T13:05:28+00:00\",\"breadcrumb\":{\"@id\":\"https:\\\/\\\/9staedte.de\\\/sv\\\/celle-vacker-residensstad\\\/slott-och-traedgaardar-i-celle\\\/#breadcrumb\"},\"inLanguage\":\"sv-SE\",\"potentialAction\":[{\"@type\":\"ReadAction\",\"target\":[\"https:\\\/\\\/9staedte.de\\\/sv\\\/celle-vacker-residensstad\\\/slott-och-traedgaardar-i-celle\\\/\"]}]},{\"@type\":\"ImageObject\",\"inLanguage\":\"sv-SE\",\"@id\":\"https:\\\/\\\/9staedte.de\\\/sv\\\/celle-vacker-residensstad\\\/slott-och-traedgaardar-i-celle\\\/#primaryimage\",\"url\":\"https:\\\/\\\/9staedte.de\\\/wp-content\\\/uploads\\\/2023\\\/06\\\/Celle-Schloss-c-Celle-Tourismus.jpg\",\"contentUrl\":\"https:\\\/\\\/9staedte.de\\\/wp-content\\\/uploads\\\/2023\\\/06\\\/Celle-Schloss-c-Celle-Tourismus.jpg\",\"width\":1020,\"height\":561,\"caption\":\"Celle Schloss c) Celle Tourismus\"},{\"@type\":\"BreadcrumbList\",\"@id\":\"https:\\\/\\\/9staedte.de\\\/sv\\\/celle-vacker-residensstad\\\/slott-och-traedgaardar-i-celle\\\/#breadcrumb\",\"itemListElement\":[{\"@type\":\"ListItem\",\"position\":1,\"name\":\"Startseite\",\"item\":\"https:\\\/\\\/9staedte.de\\\/sv\\\/\"},{\"@type\":\"ListItem\",\"position\":2,\"name\":\"Celle &#8211; Vacker residensstad\",\"item\":\"https:\\\/\\\/9staedte.de\\\/sv\\\/celle-vacker-residensstad\\\/\"},{\"@type\":\"ListItem\",\"position\":3,\"name\":\"Slott och tr\u00e4dg\u00e5rdar i Celle\"}]},{\"@type\":\"WebSite\",\"@id\":\"https:\\\/\\\/9staedte.de\\\/sv\\\/#website\",\"url\":\"https:\\\/\\\/9staedte.de\\\/sv\\\/\",\"name\":\"9 St\u00e4dte in Niedersachsen\",\"description\":\"\",\"publisher\":{\"@id\":\"https:\\\/\\\/9staedte.de\\\/sv\\\/#organization\"},\"potentialAction\":[{\"@type\":\"SearchAction\",\"target\":{\"@type\":\"EntryPoint\",\"urlTemplate\":\"https:\\\/\\\/9staedte.de\\\/sv\\\/?s={search_term_string}\"},\"query-input\":{\"@type\":\"PropertyValueSpecification\",\"valueRequired\":true,\"valueName\":\"search_term_string\"}}],\"inLanguage\":\"sv-SE\"},{\"@type\":\"Organization\",\"@id\":\"https:\\\/\\\/9staedte.de\\\/sv\\\/#organization\",\"name\":\"9 St\u00e4dte in Niedersachsen\",\"url\":\"https:\\\/\\\/9staedte.de\\\/sv\\\/\",\"logo\":{\"@type\":\"ImageObject\",\"inLanguage\":\"sv-SE\",\"@id\":\"https:\\\/\\\/9staedte.de\\\/sv\\\/#\\\/schema\\\/logo\\\/image\\\/\",\"url\":\"https:\\\/\\\/9staedte.de\\\/wp-content\\\/uploads\\\/2025\\\/01\\\/9-neg-deutsch-2-1.png\",\"contentUrl\":\"https:\\\/\\\/9staedte.de\\\/wp-content\\\/uploads\\\/2025\\\/01\\\/9-neg-deutsch-2-1.png\",\"width\":190,\"height\":114,\"caption\":\"9 St\u00e4dte in Niedersachsen\"},\"image\":{\"@id\":\"https:\\\/\\\/9staedte.de\\\/sv\\\/#\\\/schema\\\/logo\\\/image\\\/\"}}]}<\/script>\n<!-- \/ Yoast SEO plugin. -->","yoast_head_json":{"title":"Slott och tr\u00e4dg\u00e5rdar i Celle - 9 St\u00e4dte in Niedersachsen","robots":{"index":"index","follow":"follow","max-snippet":"max-snippet:-1","max-image-preview":"max-image-preview:large","max-video-preview":"max-video-preview:-1"},"canonical":"https:\/\/9staedte.de\/sv\/celle-vacker-residensstad\/slott-och-traedgaardar-i-celle\/","og_locale":"sv_SE","og_type":"article","og_title":"Slott och tr\u00e4dg\u00e5rdar i Celle - 9 St\u00e4dte in Niedersachsen","og_url":"https:\/\/9staedte.de\/sv\/celle-vacker-residensstad\/slott-och-traedgaardar-i-celle\/","og_site_name":"9 St\u00e4dte in Niedersachsen","article_modified_time":"2025-05-08T13:05:28+00:00","og_image":[{"width":1020,"height":561,"url":"https:\/\/9staedte.de\/wp-content\/uploads\/2023\/06\/Celle-Schloss-c-Celle-Tourismus.jpg","type":"image\/jpeg"}],"twitter_card":"summary_large_image","schema":{"@context":"https:\/\/schema.org","@graph":[{"@type":"WebPage","@id":"https:\/\/9staedte.de\/sv\/celle-vacker-residensstad\/slott-och-traedgaardar-i-celle\/","url":"https:\/\/9staedte.de\/sv\/celle-vacker-residensstad\/slott-och-traedgaardar-i-celle\/","name":"Slott och tr\u00e4dg\u00e5rdar i Celle - 9 St\u00e4dte in Niedersachsen","isPartOf":{"@id":"https:\/\/9staedte.de\/sv\/#website"},"primaryImageOfPage":{"@id":"https:\/\/9staedte.de\/sv\/celle-vacker-residensstad\/slott-och-traedgaardar-i-celle\/#primaryimage"},"image":{"@id":"https:\/\/9staedte.de\/sv\/celle-vacker-residensstad\/slott-och-traedgaardar-i-celle\/#primaryimage"},"thumbnailUrl":"https:\/\/9staedte.de\/wp-content\/uploads\/2023\/06\/Celle-Schloss-c-Celle-Tourismus.jpg","datePublished":"2023-10-25T14:22:29+00:00","dateModified":"2025-05-08T13:05:28+00:00","breadcrumb":{"@id":"https:\/\/9staedte.de\/sv\/celle-vacker-residensstad\/slott-och-traedgaardar-i-celle\/#breadcrumb"},"inLanguage":"sv-SE","potentialAction":[{"@type":"ReadAction","target":["https:\/\/9staedte.de\/sv\/celle-vacker-residensstad\/slott-och-traedgaardar-i-celle\/"]}]},{"@type":"ImageObject","inLanguage":"sv-SE","@id":"https:\/\/9staedte.de\/sv\/celle-vacker-residensstad\/slott-och-traedgaardar-i-celle\/#primaryimage","url":"https:\/\/9staedte.de\/wp-content\/uploads\/2023\/06\/Celle-Schloss-c-Celle-Tourismus.jpg","contentUrl":"https:\/\/9staedte.de\/wp-content\/uploads\/2023\/06\/Celle-Schloss-c-Celle-Tourismus.jpg","width":1020,"height":561,"caption":"Celle Schloss c) Celle Tourismus"},{"@type":"BreadcrumbList","@id":"https:\/\/9staedte.de\/sv\/celle-vacker-residensstad\/slott-och-traedgaardar-i-celle\/#breadcrumb","itemListElement":[{"@type":"ListItem","position":1,"name":"Startseite","item":"https:\/\/9staedte.de\/sv\/"},{"@type":"ListItem","position":2,"name":"Celle &#8211; Vacker residensstad","item":"https:\/\/9staedte.de\/sv\/celle-vacker-residensstad\/"},{"@type":"ListItem","position":3,"name":"Slott och tr\u00e4dg\u00e5rdar i Celle"}]},{"@type":"WebSite","@id":"https:\/\/9staedte.de\/sv\/#website","url":"https:\/\/9staedte.de\/sv\/","name":"9 St\u00e4dte in Niedersachsen","description":"","publisher":{"@id":"https:\/\/9staedte.de\/sv\/#organization"},"potentialAction":[{"@type":"SearchAction","target":{"@type":"EntryPoint","urlTemplate":"https:\/\/9staedte.de\/sv\/?s={search_term_string}"},"query-input":{"@type":"PropertyValueSpecification","valueRequired":true,"valueName":"search_term_string"}}],"inLanguage":"sv-SE"},{"@type":"Organization","@id":"https:\/\/9staedte.de\/sv\/#organization","name":"9 St\u00e4dte in Niedersachsen","url":"https:\/\/9staedte.de\/sv\/","logo":{"@type":"ImageObject","inLanguage":"sv-SE","@id":"https:\/\/9staedte.de\/sv\/#\/schema\/logo\/image\/","url":"https:\/\/9staedte.de\/wp-content\/uploads\/2025\/01\/9-neg-deutsch-2-1.png","contentUrl":"https:\/\/9staedte.de\/wp-content\/uploads\/2025\/01\/9-neg-deutsch-2-1.png","width":190,"height":114,"caption":"9 St\u00e4dte in Niedersachsen"},"image":{"@id":"https:\/\/9staedte.de\/sv\/#\/schema\/logo\/image\/"}}]}},"_links":{"self":[{"href":"https:\/\/9staedte.de\/sv\/wp-json\/wp\/v2\/pages\/14381","targetHints":{"allow":["GET"]}}],"collection":[{"href":"https:\/\/9staedte.de\/sv\/wp-json\/wp\/v2\/pages"}],"about":[{"href":"https:\/\/9staedte.de\/sv\/wp-json\/wp\/v2\/types\/page"}],"author":[{"embeddable":true,"href":"https:\/\/9staedte.de\/sv\/wp-json\/wp\/v2\/users\/1"}],"replies":[{"embeddable":true,"href":"https:\/\/9staedte.de\/sv\/wp-json\/wp\/v2\/comments?post=14381"}],"version-history":[{"count":1,"href":"https:\/\/9staedte.de\/sv\/wp-json\/wp\/v2\/pages\/14381\/revisions"}],"predecessor-version":[{"id":14390,"href":"https:\/\/9staedte.de\/sv\/wp-json\/wp\/v2\/pages\/14381\/revisions\/14390"}],"up":[{"embeddable":true,"href":"https:\/\/9staedte.de\/sv\/wp-json\/wp\/v2\/pages\/14588"}],"wp:featuredmedia":[{"embeddable":true,"href":"https:\/\/9staedte.de\/sv\/wp-json\/wp\/v2\/media\/14386"}],"wp:attachment":[{"href":"https:\/\/9staedte.de\/sv\/wp-json\/wp\/v2\/media?parent=14381"}],"wp:term":[{"taxonomy":"category","embeddable":true,"href":"https:\/\/9staedte.de\/sv\/wp-json\/wp\/v2\/categories?post=14381"},{"taxonomy":"post_tag","embeddable":true,"href":"https:\/\/9staedte.de\/sv\/wp-json\/wp\/v2\/tags?post=14381"},{"taxonomy":"ncap_cities_tax","embeddable":true,"href":"https:\/\/9staedte.de\/sv\/wp-json\/wp\/v2\/ncap_cities_tax?post=14381"}],"curies":[{"name":"wp","href":"https:\/\/api.w.org\/{rel}","templated":true}]}}