{"id":14380,"date":"2023-10-25T16:25:03","date_gmt":"2023-10-25T14:25:03","guid":{"rendered":"https:\/\/9staedte.de\/shopping-och-noejen-i-wolfenbuettel\/"},"modified":"2023-10-25T17:59:23","modified_gmt":"2023-10-25T15:59:23","slug":"shopping-och-noejen-i-wolfenbuettel","status":"publish","type":"page","link":"https:\/\/9staedte.de\/sv\/wolfenbuettel-lessings-stad\/shopping-och-noejen-i-wolfenbuettel\/","title":{"rendered":"Shopping och n\u00f6jen i Wolfenb\u00fcttel"},"content":{"rendered":"\n<h2 class=\"wp-block-heading\">Handla regionalt, festa och njut i Wolfenb\u00fcttel<\/h2>\n\n\n\n<p>Lessingstaden Wolfenb\u00fcttel lockar bes\u00f6kare med sin charmiga g\u00e5gata, som p\u00e5 sommaren pryds av en rik blomsterprakt. En speciell egenskap \u00e4r de lokala butikerna och regionala produkter, som b\u00e5de bes\u00f6kare och lokalbefolkningen uppskattar mycket i Wolfenb\u00fcttel. L\u00e5t dig smittas av handlarnas entusiasm f\u00f6r produkter fr\u00e5n v\u00e5r region under en promenad genom veckomarknaden (varje onsdag och l\u00f6rdag) p\u00e5 den historiska stadsmarknaden. Mysiga, sm\u00e5 kaf\u00e9er och restauranger inbjuder till socialt umg\u00e4nge.<br><a href=\"http:\/\/www.lessingstadt-wolfenbuettel.de\/Tourismus\/Geniessen\">Ytterligare information:<\/a><\/p>\n\n\n\n\n<div class=\"banner-wrapper\">\n  <div class=\"banner-inner \">\n      <div class=\"img-container\">\n      <div class=\"img-wrapper\">\n        <img decoding=\"async\" src=\"https:\/\/9staedte.de\/wp-content\/smush-webp\/2023\/03\/Einkaufen-in-Wolfenbuettel-c-Stadt-Wolfenbuettel-Christian-Bierwagen.jpg.webp\" alt=\"Tv\u00e5 kvinnor g\u00e5r p\u00e5 en shoppinggata. De ler och ser glada ut. En kvinna b\u00e4r en shoppingp\u00e5se. I bakgrunden sitter folk vid ett caf\u00e9. Det \u00e4r en solig dag. Det finns m\u00e5nga blommor p\u00e5 gatan.\" \/>\n                  <div class=\"thumbnail-label\">\n            <span>Einkaufen in Wolfenbuettel c) Stadt Wolfenbuettel Christian Bierwagen<\/span>\n          <\/div>\n              <\/div>\n    <\/div>\n        <div class=\"text-container\">\n      <div class=\"content\">\n        <p><strong>9 Tipps rund ums Einkaufen und Ausgehen in Wolfenb\u00fcttel:<\/strong><\/p>\n<ul>\n<li>Heimische Fachgesch\u00e4fte mit regionalen Produkten<\/li>\n<li>Wochenmarkt auf dem historischen Stadtmarkt (jeden Mittwoch und Samstag)<\/li>\n<li>Erstklassige internationale Restaurants<\/li>\n<li>Gem\u00fctliche Lokale und Caf\u00e9s<\/li>\n<li>Lessingtheater<\/li>\n<li>J\u00e4germeister Shop-in-Shop in der Tourist-Info<\/li>\n<li>Herzog August Bibliothek, Lessinghaus, Welfenschloss<\/li>\n<li>zahlreiche kulturelle Veranstaltungen<\/li>\n<li>Filmpalast, CineStar<\/li>\n<\/ul>\n      <\/div>\n    <\/div>\n    <\/div>\n<\/div>\n\n","protected":false},"excerpt":{"rendered":"<p>Handla regionalt, festa och njut i Wolfenb\u00fcttel Lessingstaden Wolfenb\u00fcttel lockar bes\u00f6kare med sin charmiga g\u00e5gata, som p\u00e5 sommaren pryds av en rik blomsterprakt. En speciell egenskap \u00e4r de lokala butikerna och regionala produkter, som b\u00e5de bes\u00f6kare och lokalbefolkningen uppskattar mycket i Wolfenb\u00fcttel. L\u00e5t dig smittas av handlarnas entusiasm f\u00f6r produkter fr\u00e5n v\u00e5r region under en [&hellip;]<\/p>\n","protected":false},"author":1,"featured_media":14384,"parent":14542,"menu_order":0,"comment_status":"closed","ping_status":"closed","template":"pagetemplates\/template-stadtthema.php","meta":{"_acf_changed":false,"footnotes":""},"categories":[],"tags":[],"ncap_cities_tax":[806,470],"class_list":["post-14380","page","type-page","status-publish","has-post-thumbnail","hentry","ncap_cities_tax-shopping-und-ausgehen-wolfenbuettel-sv-wolfenbuettel-sv","ncap_cities_tax-wolfenbuettel-sv"],"acf":[],"yoast_head":"<!-- This site is optimized with the Yoast SEO plugin v26.8 - https:\/\/yoast.com\/product\/yoast-seo-wordpress\/ -->\n<title>Shopping och n\u00f6jen i Wolfenb\u00fcttel - 9 St\u00e4dte in Niedersachsen<\/title>\n<meta name=\"robots\" content=\"index, follow, max-snippet:-1, max-image-preview:large, max-video-preview:-1\" \/>\n<link rel=\"canonical\" href=\"https:\/\/9staedte.de\/sv\/wolfenbuettel-lessings-stad\/shopping-och-noejen-i-wolfenbuettel\/\" \/>\n<meta property=\"og:locale\" content=\"sv_SE\" \/>\n<meta property=\"og:type\" content=\"article\" \/>\n<meta property=\"og:title\" content=\"Shopping och n\u00f6jen i Wolfenb\u00fcttel - 9 St\u00e4dte in Niedersachsen\" \/>\n<meta property=\"og:description\" content=\"Handla regionalt, festa och njut i Wolfenb\u00fcttel Lessingstaden Wolfenb\u00fcttel lockar bes\u00f6kare med sin charmiga g\u00e5gata, som p\u00e5 sommaren pryds av en rik blomsterprakt. En speciell egenskap \u00e4r de lokala butikerna och regionala produkter, som b\u00e5de bes\u00f6kare och lokalbefolkningen uppskattar mycket i Wolfenb\u00fcttel. L\u00e5t dig smittas av handlarnas entusiasm f\u00f6r produkter fr\u00e5n v\u00e5r region under en [&hellip;]\" \/>\n<meta property=\"og:url\" content=\"https:\/\/9staedte.de\/sv\/wolfenbuettel-lessings-stad\/shopping-och-noejen-i-wolfenbuettel\/\" \/>\n<meta property=\"og:site_name\" content=\"9 St\u00e4dte in Niedersachsen\" \/>\n<meta property=\"article:modified_time\" content=\"2023-10-25T15:59:23+00:00\" \/>\n<meta property=\"og:image\" content=\"https:\/\/9staedte.de\/wp-content\/uploads\/2023\/03\/Ausgehen-in-Wolfenbuettel-c-Stadt-Wolfenbuettel-Christian-Bierwagen.jpg\" \/>\n\t<meta property=\"og:image:width\" content=\"1020\" \/>\n\t<meta property=\"og:image:height\" content=\"560\" \/>\n\t<meta property=\"og:image:type\" content=\"image\/jpeg\" \/>\n<meta name=\"twitter:card\" content=\"summary_large_image\" \/>\n<meta name=\"twitter:label1\" content=\"Ber\u00e4knad l\u00e4stid\" \/>\n\t<meta name=\"twitter:data1\" content=\"1 minut\" \/>\n<script type=\"application\/ld+json\" class=\"yoast-schema-graph\">{\"@context\":\"https:\/\/schema.org\",\"@graph\":[{\"@type\":\"WebPage\",\"@id\":\"https:\/\/9staedte.de\/sv\/wolfenbuettel-lessings-stad\/shopping-och-noejen-i-wolfenbuettel\/\",\"url\":\"https:\/\/9staedte.de\/sv\/wolfenbuettel-lessings-stad\/shopping-och-noejen-i-wolfenbuettel\/\",\"name\":\"Shopping och n\u00f6jen i Wolfenb\u00fcttel - 9 St\u00e4dte in Niedersachsen\",\"isPartOf\":{\"@id\":\"https:\/\/9staedte.de\/sv\/#website\"},\"primaryImageOfPage\":{\"@id\":\"https:\/\/9staedte.de\/sv\/wolfenbuettel-lessings-stad\/shopping-och-noejen-i-wolfenbuettel\/#primaryimage\"},\"image\":{\"@id\":\"https:\/\/9staedte.de\/sv\/wolfenbuettel-lessings-stad\/shopping-och-noejen-i-wolfenbuettel\/#primaryimage\"},\"thumbnailUrl\":\"https:\/\/9staedte.de\/wp-content\/uploads\/2023\/03\/Ausgehen-in-Wolfenbuettel-c-Stadt-Wolfenbuettel-Christian-Bierwagen.jpg\",\"datePublished\":\"2023-10-25T14:25:03+00:00\",\"dateModified\":\"2023-10-25T15:59:23+00:00\",\"breadcrumb\":{\"@id\":\"https:\/\/9staedte.de\/sv\/wolfenbuettel-lessings-stad\/shopping-och-noejen-i-wolfenbuettel\/#breadcrumb\"},\"inLanguage\":\"sv-SE\",\"potentialAction\":[{\"@type\":\"ReadAction\",\"target\":[\"https:\/\/9staedte.de\/sv\/wolfenbuettel-lessings-stad\/shopping-och-noejen-i-wolfenbuettel\/\"]}]},{\"@type\":\"ImageObject\",\"inLanguage\":\"sv-SE\",\"@id\":\"https:\/\/9staedte.de\/sv\/wolfenbuettel-lessings-stad\/shopping-och-noejen-i-wolfenbuettel\/#primaryimage\",\"url\":\"https:\/\/9staedte.de\/wp-content\/uploads\/2023\/03\/Ausgehen-in-Wolfenbuettel-c-Stadt-Wolfenbuettel-Christian-Bierwagen.jpg\",\"contentUrl\":\"https:\/\/9staedte.de\/wp-content\/uploads\/2023\/03\/Ausgehen-in-Wolfenbuettel-c-Stadt-Wolfenbuettel-Christian-Bierwagen.jpg\",\"width\":1020,\"height\":560,\"caption\":\"Ausgehen in Wolfenb\u00fcttel c) Stadt Wolfenb\u00fcttel Christian Bierwagen\"},{\"@type\":\"BreadcrumbList\",\"@id\":\"https:\/\/9staedte.de\/sv\/wolfenbuettel-lessings-stad\/shopping-och-noejen-i-wolfenbuettel\/#breadcrumb\",\"itemListElement\":[{\"@type\":\"ListItem\",\"position\":1,\"name\":\"Startseite\",\"item\":\"https:\/\/9staedte.de\/sv\/\"},{\"@type\":\"ListItem\",\"position\":2,\"name\":\"Wolfenb\u00fcttel &#8211; Lessings stad\",\"item\":\"https:\/\/9staedte.de\/sv\/wolfenbuettel-lessings-stad\/\"},{\"@type\":\"ListItem\",\"position\":3,\"name\":\"Shopping och n\u00f6jen i Wolfenb\u00fcttel\"}]},{\"@type\":\"WebSite\",\"@id\":\"https:\/\/9staedte.de\/sv\/#website\",\"url\":\"https:\/\/9staedte.de\/sv\/\",\"name\":\"9 St\u00e4dte in Niedersachsen\",\"description\":\"\",\"publisher\":{\"@id\":\"https:\/\/9staedte.de\/sv\/#organization\"},\"potentialAction\":[{\"@type\":\"SearchAction\",\"target\":{\"@type\":\"EntryPoint\",\"urlTemplate\":\"https:\/\/9staedte.de\/sv\/?s={search_term_string}\"},\"query-input\":{\"@type\":\"PropertyValueSpecification\",\"valueRequired\":true,\"valueName\":\"search_term_string\"}}],\"inLanguage\":\"sv-SE\"},{\"@type\":\"Organization\",\"@id\":\"https:\/\/9staedte.de\/sv\/#organization\",\"name\":\"9 St\u00e4dte in Niedersachsen\",\"url\":\"https:\/\/9staedte.de\/sv\/\",\"logo\":{\"@type\":\"ImageObject\",\"inLanguage\":\"sv-SE\",\"@id\":\"https:\/\/9staedte.de\/sv\/#\/schema\/logo\/image\/\",\"url\":\"https:\/\/9staedte.de\/wp-content\/uploads\/2025\/01\/9-neg-deutsch-2-1.png\",\"contentUrl\":\"https:\/\/9staedte.de\/wp-content\/uploads\/2025\/01\/9-neg-deutsch-2-1.png\",\"width\":190,\"height\":114,\"caption\":\"9 St\u00e4dte in Niedersachsen\"},\"image\":{\"@id\":\"https:\/\/9staedte.de\/sv\/#\/schema\/logo\/image\/\"}}]}<\/script>\n<!-- \/ Yoast SEO plugin. -->","yoast_head_json":{"title":"Shopping och n\u00f6jen i Wolfenb\u00fcttel - 9 St\u00e4dte in Niedersachsen","robots":{"index":"index","follow":"follow","max-snippet":"max-snippet:-1","max-image-preview":"max-image-preview:large","max-video-preview":"max-video-preview:-1"},"canonical":"https:\/\/9staedte.de\/sv\/wolfenbuettel-lessings-stad\/shopping-och-noejen-i-wolfenbuettel\/","og_locale":"sv_SE","og_type":"article","og_title":"Shopping och n\u00f6jen i Wolfenb\u00fcttel - 9 St\u00e4dte in Niedersachsen","og_description":"Handla regionalt, festa och njut i Wolfenb\u00fcttel Lessingstaden Wolfenb\u00fcttel lockar bes\u00f6kare med sin charmiga g\u00e5gata, som p\u00e5 sommaren pryds av en rik blomsterprakt. En speciell egenskap \u00e4r de lokala butikerna och regionala produkter, som b\u00e5de bes\u00f6kare och lokalbefolkningen uppskattar mycket i Wolfenb\u00fcttel. L\u00e5t dig smittas av handlarnas entusiasm f\u00f6r produkter fr\u00e5n v\u00e5r region under en [&hellip;]","og_url":"https:\/\/9staedte.de\/sv\/wolfenbuettel-lessings-stad\/shopping-och-noejen-i-wolfenbuettel\/","og_site_name":"9 St\u00e4dte in Niedersachsen","article_modified_time":"2023-10-25T15:59:23+00:00","og_image":[{"width":1020,"height":560,"url":"https:\/\/9staedte.de\/wp-content\/uploads\/2023\/03\/Ausgehen-in-Wolfenbuettel-c-Stadt-Wolfenbuettel-Christian-Bierwagen.jpg","type":"image\/jpeg"}],"twitter_card":"summary_large_image","twitter_misc":{"Ber\u00e4knad l\u00e4stid":"1 minut"},"schema":{"@context":"https:\/\/schema.org","@graph":[{"@type":"WebPage","@id":"https:\/\/9staedte.de\/sv\/wolfenbuettel-lessings-stad\/shopping-och-noejen-i-wolfenbuettel\/","url":"https:\/\/9staedte.de\/sv\/wolfenbuettel-lessings-stad\/shopping-och-noejen-i-wolfenbuettel\/","name":"Shopping och n\u00f6jen i Wolfenb\u00fcttel - 9 St\u00e4dte in Niedersachsen","isPartOf":{"@id":"https:\/\/9staedte.de\/sv\/#website"},"primaryImageOfPage":{"@id":"https:\/\/9staedte.de\/sv\/wolfenbuettel-lessings-stad\/shopping-och-noejen-i-wolfenbuettel\/#primaryimage"},"image":{"@id":"https:\/\/9staedte.de\/sv\/wolfenbuettel-lessings-stad\/shopping-och-noejen-i-wolfenbuettel\/#primaryimage"},"thumbnailUrl":"https:\/\/9staedte.de\/wp-content\/uploads\/2023\/03\/Ausgehen-in-Wolfenbuettel-c-Stadt-Wolfenbuettel-Christian-Bierwagen.jpg","datePublished":"2023-10-25T14:25:03+00:00","dateModified":"2023-10-25T15:59:23+00:00","breadcrumb":{"@id":"https:\/\/9staedte.de\/sv\/wolfenbuettel-lessings-stad\/shopping-och-noejen-i-wolfenbuettel\/#breadcrumb"},"inLanguage":"sv-SE","potentialAction":[{"@type":"ReadAction","target":["https:\/\/9staedte.de\/sv\/wolfenbuettel-lessings-stad\/shopping-och-noejen-i-wolfenbuettel\/"]}]},{"@type":"ImageObject","inLanguage":"sv-SE","@id":"https:\/\/9staedte.de\/sv\/wolfenbuettel-lessings-stad\/shopping-och-noejen-i-wolfenbuettel\/#primaryimage","url":"https:\/\/9staedte.de\/wp-content\/uploads\/2023\/03\/Ausgehen-in-Wolfenbuettel-c-Stadt-Wolfenbuettel-Christian-Bierwagen.jpg","contentUrl":"https:\/\/9staedte.de\/wp-content\/uploads\/2023\/03\/Ausgehen-in-Wolfenbuettel-c-Stadt-Wolfenbuettel-Christian-Bierwagen.jpg","width":1020,"height":560,"caption":"Ausgehen in Wolfenb\u00fcttel c) Stadt Wolfenb\u00fcttel Christian Bierwagen"},{"@type":"BreadcrumbList","@id":"https:\/\/9staedte.de\/sv\/wolfenbuettel-lessings-stad\/shopping-och-noejen-i-wolfenbuettel\/#breadcrumb","itemListElement":[{"@type":"ListItem","position":1,"name":"Startseite","item":"https:\/\/9staedte.de\/sv\/"},{"@type":"ListItem","position":2,"name":"Wolfenb\u00fcttel &#8211; Lessings stad","item":"https:\/\/9staedte.de\/sv\/wolfenbuettel-lessings-stad\/"},{"@type":"ListItem","position":3,"name":"Shopping och n\u00f6jen i Wolfenb\u00fcttel"}]},{"@type":"WebSite","@id":"https:\/\/9staedte.de\/sv\/#website","url":"https:\/\/9staedte.de\/sv\/","name":"9 St\u00e4dte in Niedersachsen","description":"","publisher":{"@id":"https:\/\/9staedte.de\/sv\/#organization"},"potentialAction":[{"@type":"SearchAction","target":{"@type":"EntryPoint","urlTemplate":"https:\/\/9staedte.de\/sv\/?s={search_term_string}"},"query-input":{"@type":"PropertyValueSpecification","valueRequired":true,"valueName":"search_term_string"}}],"inLanguage":"sv-SE"},{"@type":"Organization","@id":"https:\/\/9staedte.de\/sv\/#organization","name":"9 St\u00e4dte in Niedersachsen","url":"https:\/\/9staedte.de\/sv\/","logo":{"@type":"ImageObject","inLanguage":"sv-SE","@id":"https:\/\/9staedte.de\/sv\/#\/schema\/logo\/image\/","url":"https:\/\/9staedte.de\/wp-content\/uploads\/2025\/01\/9-neg-deutsch-2-1.png","contentUrl":"https:\/\/9staedte.de\/wp-content\/uploads\/2025\/01\/9-neg-deutsch-2-1.png","width":190,"height":114,"caption":"9 St\u00e4dte in Niedersachsen"},"image":{"@id":"https:\/\/9staedte.de\/sv\/#\/schema\/logo\/image\/"}}]}},"_links":{"self":[{"href":"https:\/\/9staedte.de\/sv\/wp-json\/wp\/v2\/pages\/14380","targetHints":{"allow":["GET"]}}],"collection":[{"href":"https:\/\/9staedte.de\/sv\/wp-json\/wp\/v2\/pages"}],"about":[{"href":"https:\/\/9staedte.de\/sv\/wp-json\/wp\/v2\/types\/page"}],"author":[{"embeddable":true,"href":"https:\/\/9staedte.de\/sv\/wp-json\/wp\/v2\/users\/1"}],"replies":[{"embeddable":true,"href":"https:\/\/9staedte.de\/sv\/wp-json\/wp\/v2\/comments?post=14380"}],"version-history":[{"count":1,"href":"https:\/\/9staedte.de\/sv\/wp-json\/wp\/v2\/pages\/14380\/revisions"}],"predecessor-version":[{"id":14389,"href":"https:\/\/9staedte.de\/sv\/wp-json\/wp\/v2\/pages\/14380\/revisions\/14389"}],"up":[{"embeddable":true,"href":"https:\/\/9staedte.de\/sv\/wp-json\/wp\/v2\/pages\/14542"}],"wp:featuredmedia":[{"embeddable":true,"href":"https:\/\/9staedte.de\/sv\/wp-json\/wp\/v2\/media\/14384"}],"wp:attachment":[{"href":"https:\/\/9staedte.de\/sv\/wp-json\/wp\/v2\/media?parent=14380"}],"wp:term":[{"taxonomy":"category","embeddable":true,"href":"https:\/\/9staedte.de\/sv\/wp-json\/wp\/v2\/categories?post=14380"},{"taxonomy":"post_tag","embeddable":true,"href":"https:\/\/9staedte.de\/sv\/wp-json\/wp\/v2\/tags?post=14380"},{"taxonomy":"ncap_cities_tax","embeddable":true,"href":"https:\/\/9staedte.de\/sv\/wp-json\/wp\/v2\/ncap_cities_tax?post=14380"}],"curies":[{"name":"wp","href":"https:\/\/api.w.org\/{rel}","templated":true}]}}