{"id":14370,"date":"2023-10-25T16:23:12","date_gmt":"2023-10-25T14:23:12","guid":{"rendered":"https:\/\/9staedte.de\/shopping-och-noejen-i-goslar\/"},"modified":"2024-05-08T16:23:34","modified_gmt":"2024-05-08T14:23:34","slug":"shopping-och-noejen-i-goslar","status":"publish","type":"page","link":"https:\/\/9staedte.de\/sv\/goslar-vaerldsarv-i-harzbergen\/shopping-och-noejen-i-goslar\/","title":{"rendered":"Shopping och n\u00f6jen i Goslar"},"content":{"rendered":"\n<h2 class=\"wp-block-heading\">Bes\u00f6k Goslar &#8211; shoppingstaden vid Harzbergen<\/h2>\n\n\n\n<p><strong>Shoppingstaden&nbsp;i regionen Harz erbjuder allt du beh\u00f6ver f\u00f6r en sk\u00f6n promenad genom Goslars stadsk\u00e4rna&nbsp;.&nbsp;<\/strong><\/p>\n\n\n\n<p>I Goslars vackra stadsk\u00e4rna kan du strosa runt och shoppa loss bland den unika arkitekturen. P\u00e5 en kvadratkilometer i gamla stan finns det cirka hundra butiker p\u00e5 en mycket liten yta. Lika m\u00e5nga pittoreska restauranger, mysiga kaf\u00e9er och trendiga barer erbjuder dig allt f\u00f6r att inspirera gommen och sinnena.<\/p>\n\n\n\n\n<div class=\"banner-wrapper\">\n  <div class=\"banner-inner \">\n      <div class=\"img-container\">\n      <div class=\"img-wrapper\">\n        <img decoding=\"async\" src=\"https:\/\/9staedte.de\/wp-content\/smush-webp\/2023\/02\/Schuhhof-Haeuserfassade_GOSLAR-marketing-gmbh_Fotograf-Stefan-Schiefer-1.jpg.webp\" alt=\"Bilden visar Schuhhof i staden Goslar. M\u00e5nga gamla korsvirkeshus st\u00e5r sida vid sida. Husen \u00e4r f\u00e4rgglada och vackert dekorerade. Framf\u00f6r husen sitter m\u00e4nniskor p\u00e5 ett caf\u00e9. De dricker n\u00e5got och njuter av solen. Det \u00e4r en solig dag och st\u00e4mningen \u00e4r avslappnad.\" \/>\n                  <div class=\"thumbnail-label\">\n            <span>Schuhhof H\u00e4userfassade_GOSLAR marketing gmbh_Fotograf Stefan Schiefer<\/span>\n          <\/div>\n              <\/div>\n    <\/div>\n        <div class=\"text-container\">\n      <div class=\"content\">\n        <h3>Tipps rund ums Einkaufen und Ausgehen in Goslar<\/h3>\n<ul>\n<li>Moderne Gesch\u00e4fte in historischer Architektur<\/li>\n<li>H\u00f6chste Gastronomiedichte in Niedersachsen<\/li>\n<li>Hervorragendes Kulturangebot<\/li>\n<li>Wochenm\u00e4rkte<\/li>\n<li>Kunsthandwerkermarkt<\/li>\n<li>Einzigartiger Weihnachtsmarkt &amp; Weihnachtswald<\/li>\n<\/ul>\n      <\/div>\n    <\/div>\n    <\/div>\n<\/div>\n\n","protected":false},"excerpt":{"rendered":"<p>Bes\u00f6k Goslar &#8211; shoppingstaden vid Harzbergen Shoppingstaden&nbsp;i regionen Harz erbjuder allt du beh\u00f6ver f\u00f6r en sk\u00f6n promenad genom Goslars stadsk\u00e4rna&nbsp;.&nbsp; I Goslars vackra stadsk\u00e4rna kan du strosa runt och shoppa loss bland den unika arkitekturen. P\u00e5 en kvadratkilometer i gamla stan finns det cirka hundra butiker p\u00e5 en mycket liten yta. Lika m\u00e5nga pittoreska restauranger, [&hellip;]<\/p>\n","protected":false},"author":1,"featured_media":14375,"parent":14563,"menu_order":0,"comment_status":"closed","ping_status":"closed","template":"pagetemplates\/template-stadtthema.php","meta":{"_acf_changed":false,"footnotes":""},"categories":[],"tags":[],"ncap_cities_tax":[442,778],"class_list":["post-14370","page","type-page","status-publish","has-post-thumbnail","hentry","ncap_cities_tax-goslar-sv","ncap_cities_tax-shopping-und-ausgehen-goslar-sv"],"acf":[],"yoast_head":"<!-- This site is optimized with the Yoast SEO plugin v26.8 - https:\/\/yoast.com\/product\/yoast-seo-wordpress\/ -->\n<title>Shopping och n\u00f6jen i Goslar - 9 St\u00e4dte in Niedersachsen<\/title>\n<meta name=\"robots\" content=\"index, follow, max-snippet:-1, max-image-preview:large, max-video-preview:-1\" \/>\n<link rel=\"canonical\" href=\"https:\/\/9staedte.de\/sv\/goslar-vaerldsarv-i-harzbergen\/shopping-och-noejen-i-goslar\/\" \/>\n<meta property=\"og:locale\" content=\"sv_SE\" \/>\n<meta property=\"og:type\" content=\"article\" \/>\n<meta property=\"og:title\" content=\"Shopping och n\u00f6jen i Goslar - 9 St\u00e4dte in Niedersachsen\" \/>\n<meta property=\"og:description\" content=\"Bes\u00f6k Goslar &#8211; shoppingstaden vid Harzbergen Shoppingstaden&nbsp;i regionen Harz erbjuder allt du beh\u00f6ver f\u00f6r en sk\u00f6n promenad genom Goslars stadsk\u00e4rna&nbsp;.&nbsp; I Goslars vackra stadsk\u00e4rna kan du strosa runt och shoppa loss bland den unika arkitekturen. P\u00e5 en kvadratkilometer i gamla stan finns det cirka hundra butiker p\u00e5 en mycket liten yta. Lika m\u00e5nga pittoreska restauranger, [&hellip;]\" \/>\n<meta property=\"og:url\" content=\"https:\/\/9staedte.de\/sv\/goslar-vaerldsarv-i-harzbergen\/shopping-och-noejen-i-goslar\/\" \/>\n<meta property=\"og:site_name\" content=\"9 St\u00e4dte in Niedersachsen\" \/>\n<meta property=\"article:modified_time\" content=\"2024-05-08T14:23:34+00:00\" \/>\n<meta property=\"og:image\" content=\"https:\/\/9staedte.de\/wp-content\/uploads\/2023\/02\/Belebter-Marktplatz_Quelle-GOSLAR-marketing-gmbh_Fotograf-Stefan-Schiefer.jpg\" \/>\n\t<meta property=\"og:image:width\" content=\"1020\" \/>\n\t<meta property=\"og:image:height\" content=\"560\" \/>\n\t<meta property=\"og:image:type\" content=\"image\/jpeg\" \/>\n<meta name=\"twitter:card\" content=\"summary_large_image\" \/>\n<meta name=\"twitter:label1\" content=\"Ber\u00e4knad l\u00e4stid\" \/>\n\t<meta name=\"twitter:data1\" content=\"1 minut\" \/>\n<script type=\"application\/ld+json\" class=\"yoast-schema-graph\">{\"@context\":\"https:\/\/schema.org\",\"@graph\":[{\"@type\":\"WebPage\",\"@id\":\"https:\/\/9staedte.de\/sv\/goslar-vaerldsarv-i-harzbergen\/shopping-och-noejen-i-goslar\/\",\"url\":\"https:\/\/9staedte.de\/sv\/goslar-vaerldsarv-i-harzbergen\/shopping-och-noejen-i-goslar\/\",\"name\":\"Shopping och n\u00f6jen i Goslar - 9 St\u00e4dte in Niedersachsen\",\"isPartOf\":{\"@id\":\"https:\/\/9staedte.de\/sv\/#website\"},\"primaryImageOfPage\":{\"@id\":\"https:\/\/9staedte.de\/sv\/goslar-vaerldsarv-i-harzbergen\/shopping-och-noejen-i-goslar\/#primaryimage\"},\"image\":{\"@id\":\"https:\/\/9staedte.de\/sv\/goslar-vaerldsarv-i-harzbergen\/shopping-och-noejen-i-goslar\/#primaryimage\"},\"thumbnailUrl\":\"https:\/\/9staedte.de\/wp-content\/uploads\/2023\/02\/Belebter-Marktplatz_Quelle-GOSLAR-marketing-gmbh_Fotograf-Stefan-Schiefer.jpg\",\"datePublished\":\"2023-10-25T14:23:12+00:00\",\"dateModified\":\"2024-05-08T14:23:34+00:00\",\"breadcrumb\":{\"@id\":\"https:\/\/9staedte.de\/sv\/goslar-vaerldsarv-i-harzbergen\/shopping-och-noejen-i-goslar\/#breadcrumb\"},\"inLanguage\":\"sv-SE\",\"potentialAction\":[{\"@type\":\"ReadAction\",\"target\":[\"https:\/\/9staedte.de\/sv\/goslar-vaerldsarv-i-harzbergen\/shopping-och-noejen-i-goslar\/\"]}]},{\"@type\":\"ImageObject\",\"inLanguage\":\"sv-SE\",\"@id\":\"https:\/\/9staedte.de\/sv\/goslar-vaerldsarv-i-harzbergen\/shopping-och-noejen-i-goslar\/#primaryimage\",\"url\":\"https:\/\/9staedte.de\/wp-content\/uploads\/2023\/02\/Belebter-Marktplatz_Quelle-GOSLAR-marketing-gmbh_Fotograf-Stefan-Schiefer.jpg\",\"contentUrl\":\"https:\/\/9staedte.de\/wp-content\/uploads\/2023\/02\/Belebter-Marktplatz_Quelle-GOSLAR-marketing-gmbh_Fotograf-Stefan-Schiefer.jpg\",\"width\":1020,\"height\":560,\"caption\":\"Belebter Marktplatz_Quelle GOSLAR marketing gmbh_Fotograf Stefan Schiefer\"},{\"@type\":\"BreadcrumbList\",\"@id\":\"https:\/\/9staedte.de\/sv\/goslar-vaerldsarv-i-harzbergen\/shopping-och-noejen-i-goslar\/#breadcrumb\",\"itemListElement\":[{\"@type\":\"ListItem\",\"position\":1,\"name\":\"Startseite\",\"item\":\"https:\/\/9staedte.de\/sv\/\"},{\"@type\":\"ListItem\",\"position\":2,\"name\":\"Goslar &#8211; v\u00e4rldsarv i Harzbergen\",\"item\":\"https:\/\/9staedte.de\/sv\/goslar-vaerldsarv-i-harzbergen\/\"},{\"@type\":\"ListItem\",\"position\":3,\"name\":\"Shopping och n\u00f6jen i Goslar\"}]},{\"@type\":\"WebSite\",\"@id\":\"https:\/\/9staedte.de\/sv\/#website\",\"url\":\"https:\/\/9staedte.de\/sv\/\",\"name\":\"9 St\u00e4dte in Niedersachsen\",\"description\":\"\",\"publisher\":{\"@id\":\"https:\/\/9staedte.de\/sv\/#organization\"},\"potentialAction\":[{\"@type\":\"SearchAction\",\"target\":{\"@type\":\"EntryPoint\",\"urlTemplate\":\"https:\/\/9staedte.de\/sv\/?s={search_term_string}\"},\"query-input\":{\"@type\":\"PropertyValueSpecification\",\"valueRequired\":true,\"valueName\":\"search_term_string\"}}],\"inLanguage\":\"sv-SE\"},{\"@type\":\"Organization\",\"@id\":\"https:\/\/9staedte.de\/sv\/#organization\",\"name\":\"9 St\u00e4dte in Niedersachsen\",\"url\":\"https:\/\/9staedte.de\/sv\/\",\"logo\":{\"@type\":\"ImageObject\",\"inLanguage\":\"sv-SE\",\"@id\":\"https:\/\/9staedte.de\/sv\/#\/schema\/logo\/image\/\",\"url\":\"https:\/\/9staedte.de\/wp-content\/uploads\/2025\/01\/9-neg-deutsch-2-1.png\",\"contentUrl\":\"https:\/\/9staedte.de\/wp-content\/uploads\/2025\/01\/9-neg-deutsch-2-1.png\",\"width\":190,\"height\":114,\"caption\":\"9 St\u00e4dte in Niedersachsen\"},\"image\":{\"@id\":\"https:\/\/9staedte.de\/sv\/#\/schema\/logo\/image\/\"}}]}<\/script>\n<!-- \/ Yoast SEO plugin. -->","yoast_head_json":{"title":"Shopping och n\u00f6jen i Goslar - 9 St\u00e4dte in Niedersachsen","robots":{"index":"index","follow":"follow","max-snippet":"max-snippet:-1","max-image-preview":"max-image-preview:large","max-video-preview":"max-video-preview:-1"},"canonical":"https:\/\/9staedte.de\/sv\/goslar-vaerldsarv-i-harzbergen\/shopping-och-noejen-i-goslar\/","og_locale":"sv_SE","og_type":"article","og_title":"Shopping och n\u00f6jen i Goslar - 9 St\u00e4dte in Niedersachsen","og_description":"Bes\u00f6k Goslar &#8211; shoppingstaden vid Harzbergen Shoppingstaden&nbsp;i regionen Harz erbjuder allt du beh\u00f6ver f\u00f6r en sk\u00f6n promenad genom Goslars stadsk\u00e4rna&nbsp;.&nbsp; I Goslars vackra stadsk\u00e4rna kan du strosa runt och shoppa loss bland den unika arkitekturen. P\u00e5 en kvadratkilometer i gamla stan finns det cirka hundra butiker p\u00e5 en mycket liten yta. Lika m\u00e5nga pittoreska restauranger, [&hellip;]","og_url":"https:\/\/9staedte.de\/sv\/goslar-vaerldsarv-i-harzbergen\/shopping-och-noejen-i-goslar\/","og_site_name":"9 St\u00e4dte in Niedersachsen","article_modified_time":"2024-05-08T14:23:34+00:00","og_image":[{"width":1020,"height":560,"url":"https:\/\/9staedte.de\/wp-content\/uploads\/2023\/02\/Belebter-Marktplatz_Quelle-GOSLAR-marketing-gmbh_Fotograf-Stefan-Schiefer.jpg","type":"image\/jpeg"}],"twitter_card":"summary_large_image","twitter_misc":{"Ber\u00e4knad l\u00e4stid":"1 minut"},"schema":{"@context":"https:\/\/schema.org","@graph":[{"@type":"WebPage","@id":"https:\/\/9staedte.de\/sv\/goslar-vaerldsarv-i-harzbergen\/shopping-och-noejen-i-goslar\/","url":"https:\/\/9staedte.de\/sv\/goslar-vaerldsarv-i-harzbergen\/shopping-och-noejen-i-goslar\/","name":"Shopping och n\u00f6jen i Goslar - 9 St\u00e4dte in Niedersachsen","isPartOf":{"@id":"https:\/\/9staedte.de\/sv\/#website"},"primaryImageOfPage":{"@id":"https:\/\/9staedte.de\/sv\/goslar-vaerldsarv-i-harzbergen\/shopping-och-noejen-i-goslar\/#primaryimage"},"image":{"@id":"https:\/\/9staedte.de\/sv\/goslar-vaerldsarv-i-harzbergen\/shopping-och-noejen-i-goslar\/#primaryimage"},"thumbnailUrl":"https:\/\/9staedte.de\/wp-content\/uploads\/2023\/02\/Belebter-Marktplatz_Quelle-GOSLAR-marketing-gmbh_Fotograf-Stefan-Schiefer.jpg","datePublished":"2023-10-25T14:23:12+00:00","dateModified":"2024-05-08T14:23:34+00:00","breadcrumb":{"@id":"https:\/\/9staedte.de\/sv\/goslar-vaerldsarv-i-harzbergen\/shopping-och-noejen-i-goslar\/#breadcrumb"},"inLanguage":"sv-SE","potentialAction":[{"@type":"ReadAction","target":["https:\/\/9staedte.de\/sv\/goslar-vaerldsarv-i-harzbergen\/shopping-och-noejen-i-goslar\/"]}]},{"@type":"ImageObject","inLanguage":"sv-SE","@id":"https:\/\/9staedte.de\/sv\/goslar-vaerldsarv-i-harzbergen\/shopping-och-noejen-i-goslar\/#primaryimage","url":"https:\/\/9staedte.de\/wp-content\/uploads\/2023\/02\/Belebter-Marktplatz_Quelle-GOSLAR-marketing-gmbh_Fotograf-Stefan-Schiefer.jpg","contentUrl":"https:\/\/9staedte.de\/wp-content\/uploads\/2023\/02\/Belebter-Marktplatz_Quelle-GOSLAR-marketing-gmbh_Fotograf-Stefan-Schiefer.jpg","width":1020,"height":560,"caption":"Belebter Marktplatz_Quelle GOSLAR marketing gmbh_Fotograf Stefan Schiefer"},{"@type":"BreadcrumbList","@id":"https:\/\/9staedte.de\/sv\/goslar-vaerldsarv-i-harzbergen\/shopping-och-noejen-i-goslar\/#breadcrumb","itemListElement":[{"@type":"ListItem","position":1,"name":"Startseite","item":"https:\/\/9staedte.de\/sv\/"},{"@type":"ListItem","position":2,"name":"Goslar &#8211; v\u00e4rldsarv i Harzbergen","item":"https:\/\/9staedte.de\/sv\/goslar-vaerldsarv-i-harzbergen\/"},{"@type":"ListItem","position":3,"name":"Shopping och n\u00f6jen i Goslar"}]},{"@type":"WebSite","@id":"https:\/\/9staedte.de\/sv\/#website","url":"https:\/\/9staedte.de\/sv\/","name":"9 St\u00e4dte in Niedersachsen","description":"","publisher":{"@id":"https:\/\/9staedte.de\/sv\/#organization"},"potentialAction":[{"@type":"SearchAction","target":{"@type":"EntryPoint","urlTemplate":"https:\/\/9staedte.de\/sv\/?s={search_term_string}"},"query-input":{"@type":"PropertyValueSpecification","valueRequired":true,"valueName":"search_term_string"}}],"inLanguage":"sv-SE"},{"@type":"Organization","@id":"https:\/\/9staedte.de\/sv\/#organization","name":"9 St\u00e4dte in Niedersachsen","url":"https:\/\/9staedte.de\/sv\/","logo":{"@type":"ImageObject","inLanguage":"sv-SE","@id":"https:\/\/9staedte.de\/sv\/#\/schema\/logo\/image\/","url":"https:\/\/9staedte.de\/wp-content\/uploads\/2025\/01\/9-neg-deutsch-2-1.png","contentUrl":"https:\/\/9staedte.de\/wp-content\/uploads\/2025\/01\/9-neg-deutsch-2-1.png","width":190,"height":114,"caption":"9 St\u00e4dte in Niedersachsen"},"image":{"@id":"https:\/\/9staedte.de\/sv\/#\/schema\/logo\/image\/"}}]}},"_links":{"self":[{"href":"https:\/\/9staedte.de\/sv\/wp-json\/wp\/v2\/pages\/14370","targetHints":{"allow":["GET"]}}],"collection":[{"href":"https:\/\/9staedte.de\/sv\/wp-json\/wp\/v2\/pages"}],"about":[{"href":"https:\/\/9staedte.de\/sv\/wp-json\/wp\/v2\/types\/page"}],"author":[{"embeddable":true,"href":"https:\/\/9staedte.de\/sv\/wp-json\/wp\/v2\/users\/1"}],"replies":[{"embeddable":true,"href":"https:\/\/9staedte.de\/sv\/wp-json\/wp\/v2\/comments?post=14370"}],"version-history":[{"count":3,"href":"https:\/\/9staedte.de\/sv\/wp-json\/wp\/v2\/pages\/14370\/revisions"}],"predecessor-version":[{"id":22297,"href":"https:\/\/9staedte.de\/sv\/wp-json\/wp\/v2\/pages\/14370\/revisions\/22297"}],"up":[{"embeddable":true,"href":"https:\/\/9staedte.de\/sv\/wp-json\/wp\/v2\/pages\/14563"}],"wp:featuredmedia":[{"embeddable":true,"href":"https:\/\/9staedte.de\/sv\/wp-json\/wp\/v2\/media\/14375"}],"wp:attachment":[{"href":"https:\/\/9staedte.de\/sv\/wp-json\/wp\/v2\/media?parent=14370"}],"wp:term":[{"taxonomy":"category","embeddable":true,"href":"https:\/\/9staedte.de\/sv\/wp-json\/wp\/v2\/categories?post=14370"},{"taxonomy":"post_tag","embeddable":true,"href":"https:\/\/9staedte.de\/sv\/wp-json\/wp\/v2\/tags?post=14370"},{"taxonomy":"ncap_cities_tax","embeddable":true,"href":"https:\/\/9staedte.de\/sv\/wp-json\/wp\/v2\/ncap_cities_tax?post=14370"}],"curies":[{"name":"wp","href":"https:\/\/api.w.org\/{rel}","templated":true}]}}