{"id":14369,"date":"2023-10-25T16:23:37","date_gmt":"2023-10-25T14:23:37","guid":{"rendered":"https:\/\/9staedte.de\/slott-och-traedgaardar-i-hameln\/"},"modified":"2023-10-25T17:52:48","modified_gmt":"2023-10-25T15:52:48","slug":"slott-och-traedgaardar-i-hameln","status":"publish","type":"page","link":"https:\/\/9staedte.de\/sv\/hameln-legendarisk-raattfaangarstad\/slott-och-traedgaardar-i-hameln\/","title":{"rendered":"Slott och tr\u00e4dg\u00e5rdar i Hameln"},"content":{"rendered":"\r\n\r\n    <div class=\"filter-posts\">\r\n            <div  id=\"filterContent\">\r\n                                                        \n<div class=\"contentKachel filtr-item\" data-category=\"hameln-sv\">\n    <a href=\"https:\/\/9staedte.de\/sv\/schweineberg-ohrbergpark-kluet-och-buergerpark-hameln\/\">\n        <div class=\"contentKachel-inner\">\n                            <div class=\"contentKachel-thumbnail\">\n                    <img loading=\"lazy\" decoding=\"async\" width=\"300\" height=\"165\" src=\"https:\/\/9staedte.de\/wp-content\/smush-webp\/2022\/03\/Blick-vom-Kluet-c-HMT-300x165.jpg.webp\" class=\"objectfitcover withfilters wp-post-image\" alt=\"Bilden visar m\u00e5nga m\u00e4nniskor p\u00e5 en kulle. Platsen heter: Kl\u00fct i Hameln. M\u00e4nniskorna tittar ner p\u00e5 staden. Man ser hus, tr\u00e4d och kullar. Vissa l\u00e4ser p\u00e5 informationsskyltar. Andra tar bilder eller njuter av utsikten. Det \u00e4r en solig dag. Det finns b\u00e4nkar l\u00e4ngst fram.\" srcset=\"https:\/\/9staedte.de\/wp-content\/smush-webp\/2022\/03\/Blick-vom-Kluet-c-HMT-300x165.jpg.webp 300w, https:\/\/9staedte.de\/wp-content\/smush-webp\/2022\/03\/Blick-vom-Kluet-c-HMT-768x422.jpg.webp 768w, https:\/\/9staedte.de\/wp-content\/smush-webp\/2022\/03\/Blick-vom-Kluet-c-HMT.jpg.webp 1020w\" sizes=\"auto, (max-width: 300px) 100vw, 300px\" \/>                    <img loading=\"lazy\" decoding=\"async\" width=\"300\" height=\"165\" src=\"https:\/\/9staedte.de\/wp-content\/smush-webp\/2022\/03\/Blick-vom-Kluet-c-HMT-300x165.jpg.webp\" class=\"objectfitcontain wp-post-image\" alt=\"Bilden visar m\u00e5nga m\u00e4nniskor p\u00e5 en kulle. Platsen heter: Kl\u00fct i Hameln. M\u00e4nniskorna tittar ner p\u00e5 staden. Man ser hus, tr\u00e4d och kullar. Vissa l\u00e4ser p\u00e5 informationsskyltar. Andra tar bilder eller njuter av utsikten. Det \u00e4r en solig dag. Det finns b\u00e4nkar l\u00e4ngst fram.\" srcset=\"https:\/\/9staedte.de\/wp-content\/smush-webp\/2022\/03\/Blick-vom-Kluet-c-HMT-300x165.jpg.webp 300w, https:\/\/9staedte.de\/wp-content\/smush-webp\/2022\/03\/Blick-vom-Kluet-c-HMT-768x422.jpg.webp 768w, https:\/\/9staedte.de\/wp-content\/smush-webp\/2022\/03\/Blick-vom-Kluet-c-HMT.jpg.webp 1020w\" sizes=\"auto, (max-width: 300px) 100vw, 300px\" \/>                        <div class=\"thumbnail-label\">\n    <span>Hameln Blick vom Kl\u00fct c) HMT<\/span>\n    <\/div>\n                <\/div>\n                        <div class=\"contentKachel-content\">\n                                    <div class=\"city-tag bg-hameln\">\n                        Hameln                    <\/div>\n                \n                <div class=\"title\">\n\n                    Schweineberg, Ohrbergpark, Kl\u00fct och B\u00fcrgerpark Hameln                    \n                <\/div>\n\n                            <\/div>\n\n        <\/div>\n    <\/a>\n<\/div>                                                        \n<div class=\"contentKachel filtr-item\" data-category=\"hameln-sv\">\n    <a href=\"https:\/\/9staedte.de\/sv\/upplev-weserrenaessansen-paa-slottet-haemelschenburg\/\">\n        <div class=\"contentKachel-inner\">\n                            <div class=\"contentKachel-thumbnail\">\n                    <img loading=\"lazy\" decoding=\"async\" width=\"300\" height=\"165\" src=\"https:\/\/9staedte.de\/wp-content\/smush-webp\/2022\/03\/Schloss-Haemelschenburg-c-HMT-300x165.jpg.webp\" class=\"objectfitcover withfilters wp-post-image\" alt=\"Bilden visar ett stort gammalt slott. Det heter: Schloss H\u00e4melschenburg. Slottet ligger vid en flod. Man ser slottet speglas i vattnet. Till v\u00e4nster finns en v\u00e4g med en liten bro. Slottet har m\u00e5nga f\u00f6nster och torn. Solen lyser p\u00e5 byggnaden. Det finns mycket gr\u00f6nska runt omkring.\" srcset=\"https:\/\/9staedte.de\/wp-content\/smush-webp\/2022\/03\/Schloss-Haemelschenburg-c-HMT-300x165.jpg.webp 300w, https:\/\/9staedte.de\/wp-content\/smush-webp\/2022\/03\/Schloss-Haemelschenburg-c-HMT-768x422.jpg.webp 768w, https:\/\/9staedte.de\/wp-content\/smush-webp\/2022\/03\/Schloss-Haemelschenburg-c-HMT.jpg.webp 1019w\" sizes=\"auto, (max-width: 300px) 100vw, 300px\" \/>                    <img loading=\"lazy\" decoding=\"async\" width=\"300\" height=\"165\" src=\"https:\/\/9staedte.de\/wp-content\/smush-webp\/2022\/03\/Schloss-Haemelschenburg-c-HMT-300x165.jpg.webp\" class=\"objectfitcontain wp-post-image\" alt=\"Bilden visar ett stort gammalt slott. Det heter: Schloss H\u00e4melschenburg. Slottet ligger vid en flod. Man ser slottet speglas i vattnet. Till v\u00e4nster finns en v\u00e4g med en liten bro. Slottet har m\u00e5nga f\u00f6nster och torn. Solen lyser p\u00e5 byggnaden. Det finns mycket gr\u00f6nska runt omkring.\" srcset=\"https:\/\/9staedte.de\/wp-content\/smush-webp\/2022\/03\/Schloss-Haemelschenburg-c-HMT-300x165.jpg.webp 300w, https:\/\/9staedte.de\/wp-content\/smush-webp\/2022\/03\/Schloss-Haemelschenburg-c-HMT-768x422.jpg.webp 768w, https:\/\/9staedte.de\/wp-content\/smush-webp\/2022\/03\/Schloss-Haemelschenburg-c-HMT.jpg.webp 1019w\" sizes=\"auto, (max-width: 300px) 100vw, 300px\" \/>                        <div class=\"thumbnail-label\">\n    <span>Schloss Haemelschenburg c) HMT<\/span>\n    <\/div>\n                <\/div>\n                        <div class=\"contentKachel-content\">\n                                    <div class=\"city-tag bg-hameln\">\n                        Hameln                    <\/div>\n                \n                <div class=\"title\">\n\n                    Upplev Weserren\u00e4ssansen p\u00e5 slottet H\u00e4melschenburg                    \n                <\/div>\n\n                            <\/div>\n\n        <\/div>\n    <\/a>\n<\/div>                                            <\/div>\r\n    <\/div>\r\n","protected":false},"excerpt":{"rendered":"","protected":false},"author":1,"featured_media":13673,"parent":14554,"menu_order":0,"comment_status":"closed","ping_status":"closed","template":"pagetemplates\/template-stadtthema.php","meta":{"_acf_changed":false,"footnotes":""},"categories":[],"tags":[],"ncap_cities_tax":[449,729],"class_list":["post-14369","page","type-page","status-publish","has-post-thumbnail","hentry","ncap_cities_tax-hameln-sv","ncap_cities_tax-schlosser-und-garten-hameln-sv"],"acf":[],"yoast_head":"<!-- This site is optimized with the Yoast SEO plugin v26.8 - https:\/\/yoast.com\/product\/yoast-seo-wordpress\/ -->\n<title>Slott och tr\u00e4dg\u00e5rdar i Hameln - 9 St\u00e4dte in Niedersachsen<\/title>\n<meta name=\"robots\" content=\"index, follow, max-snippet:-1, max-image-preview:large, max-video-preview:-1\" \/>\n<link rel=\"canonical\" href=\"https:\/\/9staedte.de\/sv\/hameln-legendarisk-raattfaangarstad\/slott-och-traedgaardar-i-hameln\/\" \/>\n<meta property=\"og:locale\" content=\"sv_SE\" \/>\n<meta property=\"og:type\" content=\"article\" \/>\n<meta property=\"og:title\" content=\"Slott och tr\u00e4dg\u00e5rdar i Hameln - 9 St\u00e4dte in Niedersachsen\" \/>\n<meta property=\"og:url\" content=\"https:\/\/9staedte.de\/sv\/hameln-legendarisk-raattfaangarstad\/slott-och-traedgaardar-i-hameln\/\" \/>\n<meta property=\"og:site_name\" content=\"9 St\u00e4dte in Niedersachsen\" \/>\n<meta property=\"article:modified_time\" content=\"2023-10-25T15:52:48+00:00\" \/>\n<meta property=\"og:image\" content=\"https:\/\/9staedte.de\/wp-content\/uploads\/2022\/03\/Blick-vom-Kluet-c-HMT.jpg\" \/>\n\t<meta property=\"og:image:width\" content=\"1020\" \/>\n\t<meta property=\"og:image:height\" content=\"560\" \/>\n\t<meta property=\"og:image:type\" content=\"image\/jpeg\" \/>\n<meta name=\"twitter:card\" content=\"summary_large_image\" \/>\n<script type=\"application\/ld+json\" class=\"yoast-schema-graph\">{\"@context\":\"https:\/\/schema.org\",\"@graph\":[{\"@type\":\"WebPage\",\"@id\":\"https:\/\/9staedte.de\/sv\/hameln-legendarisk-raattfaangarstad\/slott-och-traedgaardar-i-hameln\/\",\"url\":\"https:\/\/9staedte.de\/sv\/hameln-legendarisk-raattfaangarstad\/slott-och-traedgaardar-i-hameln\/\",\"name\":\"Slott och tr\u00e4dg\u00e5rdar i Hameln - 9 St\u00e4dte in Niedersachsen\",\"isPartOf\":{\"@id\":\"https:\/\/9staedte.de\/sv\/#website\"},\"primaryImageOfPage\":{\"@id\":\"https:\/\/9staedte.de\/sv\/hameln-legendarisk-raattfaangarstad\/slott-och-traedgaardar-i-hameln\/#primaryimage\"},\"image\":{\"@id\":\"https:\/\/9staedte.de\/sv\/hameln-legendarisk-raattfaangarstad\/slott-och-traedgaardar-i-hameln\/#primaryimage\"},\"thumbnailUrl\":\"https:\/\/9staedte.de\/wp-content\/uploads\/2022\/03\/Blick-vom-Kluet-c-HMT.jpg\",\"datePublished\":\"2023-10-25T14:23:37+00:00\",\"dateModified\":\"2023-10-25T15:52:48+00:00\",\"breadcrumb\":{\"@id\":\"https:\/\/9staedte.de\/sv\/hameln-legendarisk-raattfaangarstad\/slott-och-traedgaardar-i-hameln\/#breadcrumb\"},\"inLanguage\":\"sv-SE\",\"potentialAction\":[{\"@type\":\"ReadAction\",\"target\":[\"https:\/\/9staedte.de\/sv\/hameln-legendarisk-raattfaangarstad\/slott-och-traedgaardar-i-hameln\/\"]}]},{\"@type\":\"ImageObject\",\"inLanguage\":\"sv-SE\",\"@id\":\"https:\/\/9staedte.de\/sv\/hameln-legendarisk-raattfaangarstad\/slott-och-traedgaardar-i-hameln\/#primaryimage\",\"url\":\"https:\/\/9staedte.de\/wp-content\/uploads\/2022\/03\/Blick-vom-Kluet-c-HMT.jpg\",\"contentUrl\":\"https:\/\/9staedte.de\/wp-content\/uploads\/2022\/03\/Blick-vom-Kluet-c-HMT.jpg\",\"width\":1020,\"height\":560,\"caption\":\"Hameln Blick vom Kl\u00fct c) HMT\"},{\"@type\":\"BreadcrumbList\",\"@id\":\"https:\/\/9staedte.de\/sv\/hameln-legendarisk-raattfaangarstad\/slott-och-traedgaardar-i-hameln\/#breadcrumb\",\"itemListElement\":[{\"@type\":\"ListItem\",\"position\":1,\"name\":\"Startseite\",\"item\":\"https:\/\/9staedte.de\/sv\/\"},{\"@type\":\"ListItem\",\"position\":2,\"name\":\"Hameln &#8211; Legendarisk R\u00e5ttf\u00e5ngarstad\",\"item\":\"https:\/\/9staedte.de\/sv\/hameln-legendarisk-raattfaangarstad\/\"},{\"@type\":\"ListItem\",\"position\":3,\"name\":\"Slott och tr\u00e4dg\u00e5rdar i Hameln\"}]},{\"@type\":\"WebSite\",\"@id\":\"https:\/\/9staedte.de\/sv\/#website\",\"url\":\"https:\/\/9staedte.de\/sv\/\",\"name\":\"9 St\u00e4dte in Niedersachsen\",\"description\":\"\",\"publisher\":{\"@id\":\"https:\/\/9staedte.de\/sv\/#organization\"},\"potentialAction\":[{\"@type\":\"SearchAction\",\"target\":{\"@type\":\"EntryPoint\",\"urlTemplate\":\"https:\/\/9staedte.de\/sv\/?s={search_term_string}\"},\"query-input\":{\"@type\":\"PropertyValueSpecification\",\"valueRequired\":true,\"valueName\":\"search_term_string\"}}],\"inLanguage\":\"sv-SE\"},{\"@type\":\"Organization\",\"@id\":\"https:\/\/9staedte.de\/sv\/#organization\",\"name\":\"9 St\u00e4dte in Niedersachsen\",\"url\":\"https:\/\/9staedte.de\/sv\/\",\"logo\":{\"@type\":\"ImageObject\",\"inLanguage\":\"sv-SE\",\"@id\":\"https:\/\/9staedte.de\/sv\/#\/schema\/logo\/image\/\",\"url\":\"https:\/\/9staedte.de\/wp-content\/uploads\/2025\/01\/9-neg-deutsch-2-1.png\",\"contentUrl\":\"https:\/\/9staedte.de\/wp-content\/uploads\/2025\/01\/9-neg-deutsch-2-1.png\",\"width\":190,\"height\":114,\"caption\":\"9 St\u00e4dte in Niedersachsen\"},\"image\":{\"@id\":\"https:\/\/9staedte.de\/sv\/#\/schema\/logo\/image\/\"}}]}<\/script>\n<!-- \/ Yoast SEO plugin. -->","yoast_head_json":{"title":"Slott och tr\u00e4dg\u00e5rdar i Hameln - 9 St\u00e4dte in Niedersachsen","robots":{"index":"index","follow":"follow","max-snippet":"max-snippet:-1","max-image-preview":"max-image-preview:large","max-video-preview":"max-video-preview:-1"},"canonical":"https:\/\/9staedte.de\/sv\/hameln-legendarisk-raattfaangarstad\/slott-och-traedgaardar-i-hameln\/","og_locale":"sv_SE","og_type":"article","og_title":"Slott och tr\u00e4dg\u00e5rdar i Hameln - 9 St\u00e4dte in Niedersachsen","og_url":"https:\/\/9staedte.de\/sv\/hameln-legendarisk-raattfaangarstad\/slott-och-traedgaardar-i-hameln\/","og_site_name":"9 St\u00e4dte in Niedersachsen","article_modified_time":"2023-10-25T15:52:48+00:00","og_image":[{"width":1020,"height":560,"url":"https:\/\/9staedte.de\/wp-content\/uploads\/2022\/03\/Blick-vom-Kluet-c-HMT.jpg","type":"image\/jpeg"}],"twitter_card":"summary_large_image","schema":{"@context":"https:\/\/schema.org","@graph":[{"@type":"WebPage","@id":"https:\/\/9staedte.de\/sv\/hameln-legendarisk-raattfaangarstad\/slott-och-traedgaardar-i-hameln\/","url":"https:\/\/9staedte.de\/sv\/hameln-legendarisk-raattfaangarstad\/slott-och-traedgaardar-i-hameln\/","name":"Slott och tr\u00e4dg\u00e5rdar i Hameln - 9 St\u00e4dte in Niedersachsen","isPartOf":{"@id":"https:\/\/9staedte.de\/sv\/#website"},"primaryImageOfPage":{"@id":"https:\/\/9staedte.de\/sv\/hameln-legendarisk-raattfaangarstad\/slott-och-traedgaardar-i-hameln\/#primaryimage"},"image":{"@id":"https:\/\/9staedte.de\/sv\/hameln-legendarisk-raattfaangarstad\/slott-och-traedgaardar-i-hameln\/#primaryimage"},"thumbnailUrl":"https:\/\/9staedte.de\/wp-content\/uploads\/2022\/03\/Blick-vom-Kluet-c-HMT.jpg","datePublished":"2023-10-25T14:23:37+00:00","dateModified":"2023-10-25T15:52:48+00:00","breadcrumb":{"@id":"https:\/\/9staedte.de\/sv\/hameln-legendarisk-raattfaangarstad\/slott-och-traedgaardar-i-hameln\/#breadcrumb"},"inLanguage":"sv-SE","potentialAction":[{"@type":"ReadAction","target":["https:\/\/9staedte.de\/sv\/hameln-legendarisk-raattfaangarstad\/slott-och-traedgaardar-i-hameln\/"]}]},{"@type":"ImageObject","inLanguage":"sv-SE","@id":"https:\/\/9staedte.de\/sv\/hameln-legendarisk-raattfaangarstad\/slott-och-traedgaardar-i-hameln\/#primaryimage","url":"https:\/\/9staedte.de\/wp-content\/uploads\/2022\/03\/Blick-vom-Kluet-c-HMT.jpg","contentUrl":"https:\/\/9staedte.de\/wp-content\/uploads\/2022\/03\/Blick-vom-Kluet-c-HMT.jpg","width":1020,"height":560,"caption":"Hameln Blick vom Kl\u00fct c) HMT"},{"@type":"BreadcrumbList","@id":"https:\/\/9staedte.de\/sv\/hameln-legendarisk-raattfaangarstad\/slott-och-traedgaardar-i-hameln\/#breadcrumb","itemListElement":[{"@type":"ListItem","position":1,"name":"Startseite","item":"https:\/\/9staedte.de\/sv\/"},{"@type":"ListItem","position":2,"name":"Hameln &#8211; Legendarisk R\u00e5ttf\u00e5ngarstad","item":"https:\/\/9staedte.de\/sv\/hameln-legendarisk-raattfaangarstad\/"},{"@type":"ListItem","position":3,"name":"Slott och tr\u00e4dg\u00e5rdar i Hameln"}]},{"@type":"WebSite","@id":"https:\/\/9staedte.de\/sv\/#website","url":"https:\/\/9staedte.de\/sv\/","name":"9 St\u00e4dte in Niedersachsen","description":"","publisher":{"@id":"https:\/\/9staedte.de\/sv\/#organization"},"potentialAction":[{"@type":"SearchAction","target":{"@type":"EntryPoint","urlTemplate":"https:\/\/9staedte.de\/sv\/?s={search_term_string}"},"query-input":{"@type":"PropertyValueSpecification","valueRequired":true,"valueName":"search_term_string"}}],"inLanguage":"sv-SE"},{"@type":"Organization","@id":"https:\/\/9staedte.de\/sv\/#organization","name":"9 St\u00e4dte in Niedersachsen","url":"https:\/\/9staedte.de\/sv\/","logo":{"@type":"ImageObject","inLanguage":"sv-SE","@id":"https:\/\/9staedte.de\/sv\/#\/schema\/logo\/image\/","url":"https:\/\/9staedte.de\/wp-content\/uploads\/2025\/01\/9-neg-deutsch-2-1.png","contentUrl":"https:\/\/9staedte.de\/wp-content\/uploads\/2025\/01\/9-neg-deutsch-2-1.png","width":190,"height":114,"caption":"9 St\u00e4dte in Niedersachsen"},"image":{"@id":"https:\/\/9staedte.de\/sv\/#\/schema\/logo\/image\/"}}]}},"_links":{"self":[{"href":"https:\/\/9staedte.de\/sv\/wp-json\/wp\/v2\/pages\/14369","targetHints":{"allow":["GET"]}}],"collection":[{"href":"https:\/\/9staedte.de\/sv\/wp-json\/wp\/v2\/pages"}],"about":[{"href":"https:\/\/9staedte.de\/sv\/wp-json\/wp\/v2\/types\/page"}],"author":[{"embeddable":true,"href":"https:\/\/9staedte.de\/sv\/wp-json\/wp\/v2\/users\/1"}],"replies":[{"embeddable":true,"href":"https:\/\/9staedte.de\/sv\/wp-json\/wp\/v2\/comments?post=14369"}],"version-history":[{"count":1,"href":"https:\/\/9staedte.de\/sv\/wp-json\/wp\/v2\/pages\/14369\/revisions"}],"predecessor-version":[{"id":14377,"href":"https:\/\/9staedte.de\/sv\/wp-json\/wp\/v2\/pages\/14369\/revisions\/14377"}],"up":[{"embeddable":true,"href":"https:\/\/9staedte.de\/sv\/wp-json\/wp\/v2\/pages\/14554"}],"wp:featuredmedia":[{"embeddable":true,"href":"https:\/\/9staedte.de\/sv\/wp-json\/wp\/v2\/media\/13673"}],"wp:attachment":[{"href":"https:\/\/9staedte.de\/sv\/wp-json\/wp\/v2\/media?parent=14369"}],"wp:term":[{"taxonomy":"category","embeddable":true,"href":"https:\/\/9staedte.de\/sv\/wp-json\/wp\/v2\/categories?post=14369"},{"taxonomy":"post_tag","embeddable":true,"href":"https:\/\/9staedte.de\/sv\/wp-json\/wp\/v2\/tags?post=14369"},{"taxonomy":"ncap_cities_tax","embeddable":true,"href":"https:\/\/9staedte.de\/sv\/wp-json\/wp\/v2\/ncap_cities_tax?post=14369"}],"curies":[{"name":"wp","href":"https:\/\/api.w.org\/{rel}","templated":true}]}}