{"id":14368,"date":"2023-10-25T16:23:31","date_gmt":"2023-10-25T14:23:31","guid":{"rendered":"https:\/\/9staedte.de\/shopping-och-noejen-i-goettingen\/"},"modified":"2025-05-15T17:04:21","modified_gmt":"2025-05-15T15:04:21","slug":"shopping-och-noejen-i-goettingen","status":"publish","type":"page","link":"https:\/\/9staedte.de\/sv\/goettingen-staden-som-skapar-kunskap\/shopping-och-noejen-i-goettingen\/","title":{"rendered":"Shopping och n\u00f6jen i G\u00f6ttingen"},"content":{"rendered":"\n<h2 class=\"wp-block-heading\">G\u00f6ttingen shoppingupplevelse &#8211; shopping med k\u00e4nsla<\/h2>\n\n<p>Shoppa och njut: \u00e5ret runt kan du njuta av den r\u00e4tta atmosf\u00e4ren f\u00f6r en stressfri shoppingupplevelse i G\u00f6ttingen. Den historiska gamla staden med sitt medeltida r\u00e5dhus, kyrkor, korsvirkeshus, pubar och gatukaf\u00e9er \u00e4r en inbjudande plats f\u00f6r promenader och bes\u00f6k. Stora och sm\u00e5 specialbutiker erbjuder variation och service. Teatrar, festivaler, friluftsevenemang och biografer utlovar konstn\u00e4rlig njutning och avkoppling f\u00f6r alla smaker.   <\/p>\n\n\n<div class=\"banner-wrapper\">\n  <div class=\"banner-inner \">\n      <div class=\"img-container\">\n      <div class=\"img-wrapper\">\n        <img decoding=\"async\" src=\"https:\/\/9staedte.de\/wp-content\/smush-webp\/2023\/02\/aboutcities-goettingen-shopping-woggon7.jpg.webp\" alt=\"Bilden visar en kl\u00e4dbutik. M\u00e5nga f\u00e4rgglada skjortor och blusar h\u00e4nger p\u00e5 st\u00e4llningar. I bakgrunden ligger vikta kl\u00e4der. Butiken har varmt ljus och tegelv\u00e4ggar.\" \/>\n                  <div class=\"thumbnail-label\">\n            <span>goettingen-shopping-woggon7<\/span>\n          <\/div>\n              <\/div>\n    <\/div>\n        <div class=\"text-container\">\n      <div class=\"content\">\n        <h3>9 tips f\u00f6r shopping och utflykter<\/h3>\n<p><strong>Shopping och utflykter i G\u00f6ttingen &#8211; kulturell m\u00e5ngfald och tradition<\/strong><\/p>\n<ul>\n<li>Specialbutiker i gamla stan<\/li>\n<li>Traditionella och trendiga restauranger, studentpubar<\/li>\n<li>Veckans marknader<\/li>\n<li>G\u00e4nselieselfest &#8211; S\u00f6ndags\u00f6ppet f\u00f6r aff\u00e4rer<\/li>\n<li>Internationella H\u00e4ndelfestivalen<\/li>\n<li>Jazzfestival<\/li>\n<li>Litter\u00e4r h\u00f6st<\/li>\n<li>Kulturens natt<\/li>\n<li>Stor julmarknad<\/li>\n<\/ul>\n      <\/div>\n    <\/div>\n    <\/div>\n<\/div>\n\n\n<p><a href=\"https:\/\/www.goettingen-tourismus.de\/uebernachten\/pauschalen-angebote\/bummeln-geniessen\/#\/de\/goettingen-tourismus\/default\/detail\/Package\/k_7663\/x\" target=\"_blank\" rel=\"noreferrer noopener\">Ytterligare information:<\/a><\/p>\n","protected":false},"excerpt":{"rendered":"<p>G\u00f6ttingen shoppingupplevelse &#8211; shopping med k\u00e4nsla Shoppa och njut: \u00e5ret runt kan du njuta av den r\u00e4tta atmosf\u00e4ren f\u00f6r en stressfri shoppingupplevelse i G\u00f6ttingen. Den historiska gamla staden med sitt medeltida r\u00e5dhus, kyrkor, korsvirkeshus, pubar och gatukaf\u00e9er \u00e4r en inbjudande plats f\u00f6r promenader och bes\u00f6k. Stora och sm\u00e5 specialbutiker erbjuder variation och service. Teatrar, festivaler, [&hellip;]<\/p>\n","protected":false},"author":1,"featured_media":14371,"parent":14552,"menu_order":0,"comment_status":"closed","ping_status":"closed","template":"pagetemplates\/template-stadtthema.php","meta":{"_acf_changed":false,"footnotes":""},"categories":[],"tags":[],"ncap_cities_tax":[435,771],"class_list":["post-14368","page","type-page","status-publish","has-post-thumbnail","hentry","ncap_cities_tax-goettingen-sv","ncap_cities_tax-shopping-und-ausgehen-goettingen-sv"],"acf":[],"yoast_head":"<!-- This site is optimized with the Yoast SEO plugin v26.8 - https:\/\/yoast.com\/product\/yoast-seo-wordpress\/ -->\n<title>Shopping och n\u00f6jen i G\u00f6ttingen - 9 St\u00e4dte in Niedersachsen<\/title>\n<meta name=\"robots\" content=\"index, follow, max-snippet:-1, max-image-preview:large, max-video-preview:-1\" \/>\n<link rel=\"canonical\" href=\"https:\/\/9staedte.de\/sv\/goettingen-staden-som-skapar-kunskap\/shopping-och-noejen-i-goettingen\/\" \/>\n<meta property=\"og:locale\" content=\"sv_SE\" \/>\n<meta property=\"og:type\" content=\"article\" \/>\n<meta property=\"og:title\" content=\"Shopping och n\u00f6jen i G\u00f6ttingen - 9 St\u00e4dte in Niedersachsen\" \/>\n<meta property=\"og:description\" content=\"G\u00f6ttingen shoppingupplevelse &#8211; shopping med k\u00e4nsla Shoppa och njut: \u00e5ret runt kan du njuta av den r\u00e4tta atmosf\u00e4ren f\u00f6r en stressfri shoppingupplevelse i G\u00f6ttingen. Den historiska gamla staden med sitt medeltida r\u00e5dhus, kyrkor, korsvirkeshus, pubar och gatukaf\u00e9er \u00e4r en inbjudande plats f\u00f6r promenader och bes\u00f6k. Stora och sm\u00e5 specialbutiker erbjuder variation och service. Teatrar, festivaler, [&hellip;]\" \/>\n<meta property=\"og:url\" content=\"https:\/\/9staedte.de\/sv\/goettingen-staden-som-skapar-kunskap\/shopping-och-noejen-i-goettingen\/\" \/>\n<meta property=\"og:site_name\" content=\"9 St\u00e4dte in Niedersachsen\" \/>\n<meta property=\"article:modified_time\" content=\"2025-05-15T15:04:21+00:00\" \/>\n<meta property=\"og:image\" content=\"https:\/\/9staedte.de\/wp-content\/uploads\/2023\/02\/Ausgehen-in-Goettingen-c-Goettingen-Tourismus-Lars-Gerhardts.jpg\" \/>\n\t<meta property=\"og:image:width\" content=\"1020\" \/>\n\t<meta property=\"og:image:height\" content=\"560\" \/>\n\t<meta property=\"og:image:type\" content=\"image\/jpeg\" \/>\n<meta name=\"twitter:card\" content=\"summary_large_image\" \/>\n<meta name=\"twitter:label1\" content=\"Ber\u00e4knad l\u00e4stid\" \/>\n\t<meta name=\"twitter:data1\" content=\"1 minut\" \/>\n<script type=\"application\/ld+json\" class=\"yoast-schema-graph\">{\"@context\":\"https:\/\/schema.org\",\"@graph\":[{\"@type\":\"WebPage\",\"@id\":\"https:\/\/9staedte.de\/sv\/goettingen-staden-som-skapar-kunskap\/shopping-och-noejen-i-goettingen\/\",\"url\":\"https:\/\/9staedte.de\/sv\/goettingen-staden-som-skapar-kunskap\/shopping-och-noejen-i-goettingen\/\",\"name\":\"Shopping och n\u00f6jen i G\u00f6ttingen - 9 St\u00e4dte in Niedersachsen\",\"isPartOf\":{\"@id\":\"https:\/\/9staedte.de\/sv\/#website\"},\"primaryImageOfPage\":{\"@id\":\"https:\/\/9staedte.de\/sv\/goettingen-staden-som-skapar-kunskap\/shopping-och-noejen-i-goettingen\/#primaryimage\"},\"image\":{\"@id\":\"https:\/\/9staedte.de\/sv\/goettingen-staden-som-skapar-kunskap\/shopping-och-noejen-i-goettingen\/#primaryimage\"},\"thumbnailUrl\":\"https:\/\/9staedte.de\/wp-content\/uploads\/2023\/02\/Ausgehen-in-Goettingen-c-Goettingen-Tourismus-Lars-Gerhardts.jpg\",\"datePublished\":\"2023-10-25T14:23:31+00:00\",\"dateModified\":\"2025-05-15T15:04:21+00:00\",\"breadcrumb\":{\"@id\":\"https:\/\/9staedte.de\/sv\/goettingen-staden-som-skapar-kunskap\/shopping-och-noejen-i-goettingen\/#breadcrumb\"},\"inLanguage\":\"sv-SE\",\"potentialAction\":[{\"@type\":\"ReadAction\",\"target\":[\"https:\/\/9staedte.de\/sv\/goettingen-staden-som-skapar-kunskap\/shopping-och-noejen-i-goettingen\/\"]}]},{\"@type\":\"ImageObject\",\"inLanguage\":\"sv-SE\",\"@id\":\"https:\/\/9staedte.de\/sv\/goettingen-staden-som-skapar-kunskap\/shopping-och-noejen-i-goettingen\/#primaryimage\",\"url\":\"https:\/\/9staedte.de\/wp-content\/uploads\/2023\/02\/Ausgehen-in-Goettingen-c-Goettingen-Tourismus-Lars-Gerhardts.jpg\",\"contentUrl\":\"https:\/\/9staedte.de\/wp-content\/uploads\/2023\/02\/Ausgehen-in-Goettingen-c-Goettingen-Tourismus-Lars-Gerhardts.jpg\",\"width\":1020,\"height\":560,\"caption\":\"Ausgehen in G\u00f6ttingen c) G\u00f6ttingen Tourismus Lars Gerhardts\"},{\"@type\":\"BreadcrumbList\",\"@id\":\"https:\/\/9staedte.de\/sv\/goettingen-staden-som-skapar-kunskap\/shopping-och-noejen-i-goettingen\/#breadcrumb\",\"itemListElement\":[{\"@type\":\"ListItem\",\"position\":1,\"name\":\"Startseite\",\"item\":\"https:\/\/9staedte.de\/sv\/\"},{\"@type\":\"ListItem\",\"position\":2,\"name\":\"G\u00f6ttingen &#8211; Staden som skapar kunskap\",\"item\":\"https:\/\/9staedte.de\/sv\/goettingen-staden-som-skapar-kunskap\/\"},{\"@type\":\"ListItem\",\"position\":3,\"name\":\"Shopping och n\u00f6jen i G\u00f6ttingen\"}]},{\"@type\":\"WebSite\",\"@id\":\"https:\/\/9staedte.de\/sv\/#website\",\"url\":\"https:\/\/9staedte.de\/sv\/\",\"name\":\"9 St\u00e4dte in Niedersachsen\",\"description\":\"\",\"publisher\":{\"@id\":\"https:\/\/9staedte.de\/sv\/#organization\"},\"potentialAction\":[{\"@type\":\"SearchAction\",\"target\":{\"@type\":\"EntryPoint\",\"urlTemplate\":\"https:\/\/9staedte.de\/sv\/?s={search_term_string}\"},\"query-input\":{\"@type\":\"PropertyValueSpecification\",\"valueRequired\":true,\"valueName\":\"search_term_string\"}}],\"inLanguage\":\"sv-SE\"},{\"@type\":\"Organization\",\"@id\":\"https:\/\/9staedte.de\/sv\/#organization\",\"name\":\"9 St\u00e4dte in Niedersachsen\",\"url\":\"https:\/\/9staedte.de\/sv\/\",\"logo\":{\"@type\":\"ImageObject\",\"inLanguage\":\"sv-SE\",\"@id\":\"https:\/\/9staedte.de\/sv\/#\/schema\/logo\/image\/\",\"url\":\"https:\/\/9staedte.de\/wp-content\/uploads\/2025\/01\/9-neg-deutsch-2-1.png\",\"contentUrl\":\"https:\/\/9staedte.de\/wp-content\/uploads\/2025\/01\/9-neg-deutsch-2-1.png\",\"width\":190,\"height\":114,\"caption\":\"9 St\u00e4dte in Niedersachsen\"},\"image\":{\"@id\":\"https:\/\/9staedte.de\/sv\/#\/schema\/logo\/image\/\"}}]}<\/script>\n<!-- \/ Yoast SEO plugin. -->","yoast_head_json":{"title":"Shopping och n\u00f6jen i G\u00f6ttingen - 9 St\u00e4dte in Niedersachsen","robots":{"index":"index","follow":"follow","max-snippet":"max-snippet:-1","max-image-preview":"max-image-preview:large","max-video-preview":"max-video-preview:-1"},"canonical":"https:\/\/9staedte.de\/sv\/goettingen-staden-som-skapar-kunskap\/shopping-och-noejen-i-goettingen\/","og_locale":"sv_SE","og_type":"article","og_title":"Shopping och n\u00f6jen i G\u00f6ttingen - 9 St\u00e4dte in Niedersachsen","og_description":"G\u00f6ttingen shoppingupplevelse &#8211; shopping med k\u00e4nsla Shoppa och njut: \u00e5ret runt kan du njuta av den r\u00e4tta atmosf\u00e4ren f\u00f6r en stressfri shoppingupplevelse i G\u00f6ttingen. Den historiska gamla staden med sitt medeltida r\u00e5dhus, kyrkor, korsvirkeshus, pubar och gatukaf\u00e9er \u00e4r en inbjudande plats f\u00f6r promenader och bes\u00f6k. Stora och sm\u00e5 specialbutiker erbjuder variation och service. Teatrar, festivaler, [&hellip;]","og_url":"https:\/\/9staedte.de\/sv\/goettingen-staden-som-skapar-kunskap\/shopping-och-noejen-i-goettingen\/","og_site_name":"9 St\u00e4dte in Niedersachsen","article_modified_time":"2025-05-15T15:04:21+00:00","og_image":[{"width":1020,"height":560,"url":"https:\/\/9staedte.de\/wp-content\/uploads\/2023\/02\/Ausgehen-in-Goettingen-c-Goettingen-Tourismus-Lars-Gerhardts.jpg","type":"image\/jpeg"}],"twitter_card":"summary_large_image","twitter_misc":{"Ber\u00e4knad l\u00e4stid":"1 minut"},"schema":{"@context":"https:\/\/schema.org","@graph":[{"@type":"WebPage","@id":"https:\/\/9staedte.de\/sv\/goettingen-staden-som-skapar-kunskap\/shopping-och-noejen-i-goettingen\/","url":"https:\/\/9staedte.de\/sv\/goettingen-staden-som-skapar-kunskap\/shopping-och-noejen-i-goettingen\/","name":"Shopping och n\u00f6jen i G\u00f6ttingen - 9 St\u00e4dte in Niedersachsen","isPartOf":{"@id":"https:\/\/9staedte.de\/sv\/#website"},"primaryImageOfPage":{"@id":"https:\/\/9staedte.de\/sv\/goettingen-staden-som-skapar-kunskap\/shopping-och-noejen-i-goettingen\/#primaryimage"},"image":{"@id":"https:\/\/9staedte.de\/sv\/goettingen-staden-som-skapar-kunskap\/shopping-och-noejen-i-goettingen\/#primaryimage"},"thumbnailUrl":"https:\/\/9staedte.de\/wp-content\/uploads\/2023\/02\/Ausgehen-in-Goettingen-c-Goettingen-Tourismus-Lars-Gerhardts.jpg","datePublished":"2023-10-25T14:23:31+00:00","dateModified":"2025-05-15T15:04:21+00:00","breadcrumb":{"@id":"https:\/\/9staedte.de\/sv\/goettingen-staden-som-skapar-kunskap\/shopping-och-noejen-i-goettingen\/#breadcrumb"},"inLanguage":"sv-SE","potentialAction":[{"@type":"ReadAction","target":["https:\/\/9staedte.de\/sv\/goettingen-staden-som-skapar-kunskap\/shopping-och-noejen-i-goettingen\/"]}]},{"@type":"ImageObject","inLanguage":"sv-SE","@id":"https:\/\/9staedte.de\/sv\/goettingen-staden-som-skapar-kunskap\/shopping-och-noejen-i-goettingen\/#primaryimage","url":"https:\/\/9staedte.de\/wp-content\/uploads\/2023\/02\/Ausgehen-in-Goettingen-c-Goettingen-Tourismus-Lars-Gerhardts.jpg","contentUrl":"https:\/\/9staedte.de\/wp-content\/uploads\/2023\/02\/Ausgehen-in-Goettingen-c-Goettingen-Tourismus-Lars-Gerhardts.jpg","width":1020,"height":560,"caption":"Ausgehen in G\u00f6ttingen c) G\u00f6ttingen Tourismus Lars Gerhardts"},{"@type":"BreadcrumbList","@id":"https:\/\/9staedte.de\/sv\/goettingen-staden-som-skapar-kunskap\/shopping-och-noejen-i-goettingen\/#breadcrumb","itemListElement":[{"@type":"ListItem","position":1,"name":"Startseite","item":"https:\/\/9staedte.de\/sv\/"},{"@type":"ListItem","position":2,"name":"G\u00f6ttingen &#8211; Staden som skapar kunskap","item":"https:\/\/9staedte.de\/sv\/goettingen-staden-som-skapar-kunskap\/"},{"@type":"ListItem","position":3,"name":"Shopping och n\u00f6jen i G\u00f6ttingen"}]},{"@type":"WebSite","@id":"https:\/\/9staedte.de\/sv\/#website","url":"https:\/\/9staedte.de\/sv\/","name":"9 St\u00e4dte in Niedersachsen","description":"","publisher":{"@id":"https:\/\/9staedte.de\/sv\/#organization"},"potentialAction":[{"@type":"SearchAction","target":{"@type":"EntryPoint","urlTemplate":"https:\/\/9staedte.de\/sv\/?s={search_term_string}"},"query-input":{"@type":"PropertyValueSpecification","valueRequired":true,"valueName":"search_term_string"}}],"inLanguage":"sv-SE"},{"@type":"Organization","@id":"https:\/\/9staedte.de\/sv\/#organization","name":"9 St\u00e4dte in Niedersachsen","url":"https:\/\/9staedte.de\/sv\/","logo":{"@type":"ImageObject","inLanguage":"sv-SE","@id":"https:\/\/9staedte.de\/sv\/#\/schema\/logo\/image\/","url":"https:\/\/9staedte.de\/wp-content\/uploads\/2025\/01\/9-neg-deutsch-2-1.png","contentUrl":"https:\/\/9staedte.de\/wp-content\/uploads\/2025\/01\/9-neg-deutsch-2-1.png","width":190,"height":114,"caption":"9 St\u00e4dte in Niedersachsen"},"image":{"@id":"https:\/\/9staedte.de\/sv\/#\/schema\/logo\/image\/"}}]}},"_links":{"self":[{"href":"https:\/\/9staedte.de\/sv\/wp-json\/wp\/v2\/pages\/14368","targetHints":{"allow":["GET"]}}],"collection":[{"href":"https:\/\/9staedte.de\/sv\/wp-json\/wp\/v2\/pages"}],"about":[{"href":"https:\/\/9staedte.de\/sv\/wp-json\/wp\/v2\/types\/page"}],"author":[{"embeddable":true,"href":"https:\/\/9staedte.de\/sv\/wp-json\/wp\/v2\/users\/1"}],"replies":[{"embeddable":true,"href":"https:\/\/9staedte.de\/sv\/wp-json\/wp\/v2\/comments?post=14368"}],"version-history":[{"count":6,"href":"https:\/\/9staedte.de\/sv\/wp-json\/wp\/v2\/pages\/14368\/revisions"}],"predecessor-version":[{"id":25893,"href":"https:\/\/9staedte.de\/sv\/wp-json\/wp\/v2\/pages\/14368\/revisions\/25893"}],"up":[{"embeddable":true,"href":"https:\/\/9staedte.de\/sv\/wp-json\/wp\/v2\/pages\/14552"}],"wp:featuredmedia":[{"embeddable":true,"href":"https:\/\/9staedte.de\/sv\/wp-json\/wp\/v2\/media\/14371"}],"wp:attachment":[{"href":"https:\/\/9staedte.de\/sv\/wp-json\/wp\/v2\/media?parent=14368"}],"wp:term":[{"taxonomy":"category","embeddable":true,"href":"https:\/\/9staedte.de\/sv\/wp-json\/wp\/v2\/categories?post=14368"},{"taxonomy":"post_tag","embeddable":true,"href":"https:\/\/9staedte.de\/sv\/wp-json\/wp\/v2\/tags?post=14368"},{"taxonomy":"ncap_cities_tax","embeddable":true,"href":"https:\/\/9staedte.de\/sv\/wp-json\/wp\/v2\/ncap_cities_tax?post=14368"}],"curies":[{"name":"wp","href":"https:\/\/api.w.org\/{rel}","templated":true}]}}