{"id":14354,"date":"2023-10-25T16:25:03","date_gmt":"2023-10-25T14:25:03","guid":{"rendered":"https:\/\/9staedte.de\/slott-och-traedgaardar-i-wolfenbuettel\/"},"modified":"2023-10-25T17:59:01","modified_gmt":"2023-10-25T15:59:01","slug":"slott-och-traedgaardar-i-wolfenbuettel","status":"publish","type":"page","link":"https:\/\/9staedte.de\/sv\/wolfenbuettel-lessings-stad\/slott-och-traedgaardar-i-wolfenbuettel\/","title":{"rendered":"Slott och tr\u00e4dg\u00e5rdar i Wolfenb\u00fcttel"},"content":{"rendered":"\r\n\r\n    <div class=\"filter-posts\">\r\n            <div  id=\"filterContent\">\r\n                                                        \n<div class=\"contentKachel filtr-item\" data-category=\"wolfenbuettel-sv\">\n    <a href=\"https:\/\/9staedte.de\/sv\/murar-diken-parker-wolfenbuettels-groena-baelte\/\">\n        <div class=\"contentKachel-inner\">\n                            <div class=\"contentKachel-thumbnail\">\n                    <img loading=\"lazy\" decoding=\"async\" width=\"300\" height=\"165\" src=\"https:\/\/9staedte.de\/wp-content\/smush-webp\/2022\/03\/Wallanlagen-Wolfenbuettel-c-Achim-Meurer-300x165.jpg.webp\" class=\"objectfitcover withfilters wp-post-image\" alt=\"Bilden visar en lugn park med vatten. Det finns m\u00e5nga tr\u00e4d p\u00e5 b\u00e5da sidor. I mitten \u00e4r en damm eller en flod. Tr\u00e4den speglar sig i vattnet. P\u00e5 himlen finns l\u00e5nga, fina moln. Det \u00e4r en lugn och fridfull k\u00e4nsla.\" srcset=\"https:\/\/9staedte.de\/wp-content\/smush-webp\/2022\/03\/Wallanlagen-Wolfenbuettel-c-Achim-Meurer-300x165.jpg.webp 300w, https:\/\/9staedte.de\/wp-content\/smush-webp\/2022\/03\/Wallanlagen-Wolfenbuettel-c-Achim-Meurer-768x422.jpg.webp 768w, https:\/\/9staedte.de\/wp-content\/smush-webp\/2022\/03\/Wallanlagen-Wolfenbuettel-c-Achim-Meurer.jpg.webp 1020w\" sizes=\"auto, (max-width: 300px) 100vw, 300px\" \/>                    <img loading=\"lazy\" decoding=\"async\" width=\"300\" height=\"165\" src=\"https:\/\/9staedte.de\/wp-content\/smush-webp\/2022\/03\/Wallanlagen-Wolfenbuettel-c-Achim-Meurer-300x165.jpg.webp\" class=\"objectfitcontain wp-post-image\" alt=\"Bilden visar en lugn park med vatten. Det finns m\u00e5nga tr\u00e4d p\u00e5 b\u00e5da sidor. I mitten \u00e4r en damm eller en flod. Tr\u00e4den speglar sig i vattnet. P\u00e5 himlen finns l\u00e5nga, fina moln. Det \u00e4r en lugn och fridfull k\u00e4nsla.\" srcset=\"https:\/\/9staedte.de\/wp-content\/smush-webp\/2022\/03\/Wallanlagen-Wolfenbuettel-c-Achim-Meurer-300x165.jpg.webp 300w, https:\/\/9staedte.de\/wp-content\/smush-webp\/2022\/03\/Wallanlagen-Wolfenbuettel-c-Achim-Meurer-768x422.jpg.webp 768w, https:\/\/9staedte.de\/wp-content\/smush-webp\/2022\/03\/Wallanlagen-Wolfenbuettel-c-Achim-Meurer.jpg.webp 1020w\" sizes=\"auto, (max-width: 300px) 100vw, 300px\" \/>                        <div class=\"thumbnail-label\">\n    <span>Wallanlagen Wolfenb\u00fcttel c) Stadt Wolfenb\u00fcttel Achim Meurer<\/span>\n    <\/div>\n                <\/div>\n                        <div class=\"contentKachel-content\">\n                                    <div class=\"city-tag bg-wolfenbuettel\">\n                        Wolfenb\u00fcttel                    <\/div>\n                \n                <div class=\"title\">\n\n                    Murar, diken, parker &#8211; Wolfenb\u00fcttels gr\u00f6na b\u00e4lte                    \n                <\/div>\n\n                            <\/div>\n\n        <\/div>\n    <\/a>\n<\/div>                                                        \n<div class=\"contentKachel filtr-item\" data-category=\"wolfenbuettel-sv\">\n    <a href=\"https:\/\/9staedte.de\/sv\/hertigpalatset-i-wolfenbuettel-utsoekta-konstskatter-i-historiska-salonger\/\">\n        <div class=\"contentKachel-inner\">\n                            <div class=\"contentKachel-thumbnail\">\n                    <img loading=\"lazy\" decoding=\"async\" width=\"300\" height=\"163\" src=\"https:\/\/9staedte.de\/wp-content\/smush-webp\/2022\/03\/Schloss-Wolfenbuettel-Fotograf-Christian-Bierwagen-Rechte-Stadt-Wolfenbuettel-300x163.jpg.webp\" class=\"objectfitcover withfilters wp-post-image\" alt=\"Bilden visar ett stort slott. Slottet har m\u00e5nga f\u00f6nster och ett h\u00f6gt torn. P\u00e5 kv\u00e4llen lyser det vackert. Slottet ligger i staden Wolfenb\u00fcttel. F\u00f6rr bodde hertigar h\u00e4r. Nu kan man bes\u00f6ka slottet.\" srcset=\"https:\/\/9staedte.de\/wp-content\/smush-webp\/2022\/03\/Schloss-Wolfenbuettel-Fotograf-Christian-Bierwagen-Rechte-Stadt-Wolfenbuettel-300x163.jpg.webp 300w, https:\/\/9staedte.de\/wp-content\/smush-webp\/2022\/03\/Schloss-Wolfenbuettel-Fotograf-Christian-Bierwagen-Rechte-Stadt-Wolfenbuettel-768x418.jpg.webp 768w, https:\/\/9staedte.de\/wp-content\/smush-webp\/2022\/03\/Schloss-Wolfenbuettel-Fotograf-Christian-Bierwagen-Rechte-Stadt-Wolfenbuettel.jpg.webp 1019w\" sizes=\"auto, (max-width: 300px) 100vw, 300px\" \/>                    <img loading=\"lazy\" decoding=\"async\" width=\"300\" height=\"163\" src=\"https:\/\/9staedte.de\/wp-content\/smush-webp\/2022\/03\/Schloss-Wolfenbuettel-Fotograf-Christian-Bierwagen-Rechte-Stadt-Wolfenbuettel-300x163.jpg.webp\" class=\"objectfitcontain wp-post-image\" alt=\"Bilden visar ett stort slott. Slottet har m\u00e5nga f\u00f6nster och ett h\u00f6gt torn. P\u00e5 kv\u00e4llen lyser det vackert. Slottet ligger i staden Wolfenb\u00fcttel. F\u00f6rr bodde hertigar h\u00e4r. Nu kan man bes\u00f6ka slottet.\" srcset=\"https:\/\/9staedte.de\/wp-content\/smush-webp\/2022\/03\/Schloss-Wolfenbuettel-Fotograf-Christian-Bierwagen-Rechte-Stadt-Wolfenbuettel-300x163.jpg.webp 300w, https:\/\/9staedte.de\/wp-content\/smush-webp\/2022\/03\/Schloss-Wolfenbuettel-Fotograf-Christian-Bierwagen-Rechte-Stadt-Wolfenbuettel-768x418.jpg.webp 768w, https:\/\/9staedte.de\/wp-content\/smush-webp\/2022\/03\/Schloss-Wolfenbuettel-Fotograf-Christian-Bierwagen-Rechte-Stadt-Wolfenbuettel.jpg.webp 1019w\" sizes=\"auto, (max-width: 300px) 100vw, 300px\" \/>                        <div class=\"thumbnail-label\">\n    <span>Schloss Wolfenb\u00fcttel, Fotograf Christian Bierwagen, Rechte Stadt Wolfenb\u00fcttel<\/span>\n    <\/div>\n                <\/div>\n                        <div class=\"contentKachel-content\">\n                                    <div class=\"city-tag bg-wolfenbuettel\">\n                        Wolfenb\u00fcttel                    <\/div>\n                \n                <div class=\"title\">\n\n                    Hertigpalatset i Wolfenb\u00fcttel &#8211; uts\u00f6kta konstskatter i historiska salonger                    \n                <\/div>\n\n                            <\/div>\n\n        <\/div>\n    <\/a>\n<\/div>                                            <\/div>\r\n    <\/div>\r\n","protected":false},"excerpt":{"rendered":"","protected":false},"author":1,"featured_media":14360,"parent":14542,"menu_order":0,"comment_status":"closed","ping_status":"closed","template":"pagetemplates\/template-stadtthema.php","meta":{"_acf_changed":false,"footnotes":""},"categories":[],"tags":[],"ncap_cities_tax":[750,470],"class_list":["post-14354","page","type-page","status-publish","has-post-thumbnail","hentry","ncap_cities_tax-schlosser-und-garten-wolfenbuettel-sv-wolfenbuettel-sv","ncap_cities_tax-wolfenbuettel-sv"],"acf":[],"yoast_head":"<!-- This site is optimized with the Yoast SEO plugin v26.8 - https:\/\/yoast.com\/product\/yoast-seo-wordpress\/ -->\n<title>Slott och tr\u00e4dg\u00e5rdar i Wolfenb\u00fcttel - 9 St\u00e4dte in Niedersachsen<\/title>\n<meta name=\"robots\" content=\"index, follow, max-snippet:-1, max-image-preview:large, max-video-preview:-1\" \/>\n<link rel=\"canonical\" href=\"https:\/\/9staedte.de\/sv\/wolfenbuettel-lessings-stad\/slott-och-traedgaardar-i-wolfenbuettel\/\" \/>\n<meta property=\"og:locale\" content=\"sv_SE\" \/>\n<meta property=\"og:type\" content=\"article\" \/>\n<meta property=\"og:title\" content=\"Slott och tr\u00e4dg\u00e5rdar i Wolfenb\u00fcttel - 9 St\u00e4dte in Niedersachsen\" \/>\n<meta property=\"og:url\" content=\"https:\/\/9staedte.de\/sv\/wolfenbuettel-lessings-stad\/slott-och-traedgaardar-i-wolfenbuettel\/\" \/>\n<meta property=\"og:site_name\" content=\"9 St\u00e4dte in Niedersachsen\" \/>\n<meta property=\"article:modified_time\" content=\"2023-10-25T15:59:01+00:00\" \/>\n<meta property=\"og:image\" content=\"https:\/\/9staedte.de\/wp-content\/uploads\/2023\/02\/Lessinghaus-und-Schloss-Fotograf-Christian-Bierwagen-Rechte-Stadt-Wolfenbuettel.jpg\" \/>\n\t<meta property=\"og:image:width\" content=\"1020\" \/>\n\t<meta property=\"og:image:height\" content=\"560\" \/>\n\t<meta property=\"og:image:type\" content=\"image\/jpeg\" \/>\n<meta name=\"twitter:card\" content=\"summary_large_image\" \/>\n<script type=\"application\/ld+json\" class=\"yoast-schema-graph\">{\"@context\":\"https:\/\/schema.org\",\"@graph\":[{\"@type\":\"WebPage\",\"@id\":\"https:\/\/9staedte.de\/sv\/wolfenbuettel-lessings-stad\/slott-och-traedgaardar-i-wolfenbuettel\/\",\"url\":\"https:\/\/9staedte.de\/sv\/wolfenbuettel-lessings-stad\/slott-och-traedgaardar-i-wolfenbuettel\/\",\"name\":\"Slott och tr\u00e4dg\u00e5rdar i Wolfenb\u00fcttel - 9 St\u00e4dte in Niedersachsen\",\"isPartOf\":{\"@id\":\"https:\/\/9staedte.de\/sv\/#website\"},\"primaryImageOfPage\":{\"@id\":\"https:\/\/9staedte.de\/sv\/wolfenbuettel-lessings-stad\/slott-och-traedgaardar-i-wolfenbuettel\/#primaryimage\"},\"image\":{\"@id\":\"https:\/\/9staedte.de\/sv\/wolfenbuettel-lessings-stad\/slott-och-traedgaardar-i-wolfenbuettel\/#primaryimage\"},\"thumbnailUrl\":\"https:\/\/9staedte.de\/wp-content\/uploads\/2023\/02\/Lessinghaus-und-Schloss-Fotograf-Christian-Bierwagen-Rechte-Stadt-Wolfenbuettel.jpg\",\"datePublished\":\"2023-10-25T14:25:03+00:00\",\"dateModified\":\"2023-10-25T15:59:01+00:00\",\"breadcrumb\":{\"@id\":\"https:\/\/9staedte.de\/sv\/wolfenbuettel-lessings-stad\/slott-och-traedgaardar-i-wolfenbuettel\/#breadcrumb\"},\"inLanguage\":\"sv-SE\",\"potentialAction\":[{\"@type\":\"ReadAction\",\"target\":[\"https:\/\/9staedte.de\/sv\/wolfenbuettel-lessings-stad\/slott-och-traedgaardar-i-wolfenbuettel\/\"]}]},{\"@type\":\"ImageObject\",\"inLanguage\":\"sv-SE\",\"@id\":\"https:\/\/9staedte.de\/sv\/wolfenbuettel-lessings-stad\/slott-och-traedgaardar-i-wolfenbuettel\/#primaryimage\",\"url\":\"https:\/\/9staedte.de\/wp-content\/uploads\/2023\/02\/Lessinghaus-und-Schloss-Fotograf-Christian-Bierwagen-Rechte-Stadt-Wolfenbuettel.jpg\",\"contentUrl\":\"https:\/\/9staedte.de\/wp-content\/uploads\/2023\/02\/Lessinghaus-und-Schloss-Fotograf-Christian-Bierwagen-Rechte-Stadt-Wolfenbuettel.jpg\",\"width\":1020,\"height\":560,\"caption\":\"Lessinghaus und Schloss, Fotograf Christian Bierwagen, Rechte Stadt Wolfenb\u00fcttel\"},{\"@type\":\"BreadcrumbList\",\"@id\":\"https:\/\/9staedte.de\/sv\/wolfenbuettel-lessings-stad\/slott-och-traedgaardar-i-wolfenbuettel\/#breadcrumb\",\"itemListElement\":[{\"@type\":\"ListItem\",\"position\":1,\"name\":\"Startseite\",\"item\":\"https:\/\/9staedte.de\/sv\/\"},{\"@type\":\"ListItem\",\"position\":2,\"name\":\"Wolfenb\u00fcttel &#8211; Lessings stad\",\"item\":\"https:\/\/9staedte.de\/sv\/wolfenbuettel-lessings-stad\/\"},{\"@type\":\"ListItem\",\"position\":3,\"name\":\"Slott och tr\u00e4dg\u00e5rdar i Wolfenb\u00fcttel\"}]},{\"@type\":\"WebSite\",\"@id\":\"https:\/\/9staedte.de\/sv\/#website\",\"url\":\"https:\/\/9staedte.de\/sv\/\",\"name\":\"9 St\u00e4dte in Niedersachsen\",\"description\":\"\",\"publisher\":{\"@id\":\"https:\/\/9staedte.de\/sv\/#organization\"},\"potentialAction\":[{\"@type\":\"SearchAction\",\"target\":{\"@type\":\"EntryPoint\",\"urlTemplate\":\"https:\/\/9staedte.de\/sv\/?s={search_term_string}\"},\"query-input\":{\"@type\":\"PropertyValueSpecification\",\"valueRequired\":true,\"valueName\":\"search_term_string\"}}],\"inLanguage\":\"sv-SE\"},{\"@type\":\"Organization\",\"@id\":\"https:\/\/9staedte.de\/sv\/#organization\",\"name\":\"9 St\u00e4dte in Niedersachsen\",\"url\":\"https:\/\/9staedte.de\/sv\/\",\"logo\":{\"@type\":\"ImageObject\",\"inLanguage\":\"sv-SE\",\"@id\":\"https:\/\/9staedte.de\/sv\/#\/schema\/logo\/image\/\",\"url\":\"https:\/\/9staedte.de\/wp-content\/uploads\/2025\/01\/9-neg-deutsch-2-1.png\",\"contentUrl\":\"https:\/\/9staedte.de\/wp-content\/uploads\/2025\/01\/9-neg-deutsch-2-1.png\",\"width\":190,\"height\":114,\"caption\":\"9 St\u00e4dte in Niedersachsen\"},\"image\":{\"@id\":\"https:\/\/9staedte.de\/sv\/#\/schema\/logo\/image\/\"}}]}<\/script>\n<!-- \/ Yoast SEO plugin. -->","yoast_head_json":{"title":"Slott och tr\u00e4dg\u00e5rdar i Wolfenb\u00fcttel - 9 St\u00e4dte in Niedersachsen","robots":{"index":"index","follow":"follow","max-snippet":"max-snippet:-1","max-image-preview":"max-image-preview:large","max-video-preview":"max-video-preview:-1"},"canonical":"https:\/\/9staedte.de\/sv\/wolfenbuettel-lessings-stad\/slott-och-traedgaardar-i-wolfenbuettel\/","og_locale":"sv_SE","og_type":"article","og_title":"Slott och tr\u00e4dg\u00e5rdar i Wolfenb\u00fcttel - 9 St\u00e4dte in Niedersachsen","og_url":"https:\/\/9staedte.de\/sv\/wolfenbuettel-lessings-stad\/slott-och-traedgaardar-i-wolfenbuettel\/","og_site_name":"9 St\u00e4dte in Niedersachsen","article_modified_time":"2023-10-25T15:59:01+00:00","og_image":[{"width":1020,"height":560,"url":"https:\/\/9staedte.de\/wp-content\/uploads\/2023\/02\/Lessinghaus-und-Schloss-Fotograf-Christian-Bierwagen-Rechte-Stadt-Wolfenbuettel.jpg","type":"image\/jpeg"}],"twitter_card":"summary_large_image","schema":{"@context":"https:\/\/schema.org","@graph":[{"@type":"WebPage","@id":"https:\/\/9staedte.de\/sv\/wolfenbuettel-lessings-stad\/slott-och-traedgaardar-i-wolfenbuettel\/","url":"https:\/\/9staedte.de\/sv\/wolfenbuettel-lessings-stad\/slott-och-traedgaardar-i-wolfenbuettel\/","name":"Slott och tr\u00e4dg\u00e5rdar i Wolfenb\u00fcttel - 9 St\u00e4dte in Niedersachsen","isPartOf":{"@id":"https:\/\/9staedte.de\/sv\/#website"},"primaryImageOfPage":{"@id":"https:\/\/9staedte.de\/sv\/wolfenbuettel-lessings-stad\/slott-och-traedgaardar-i-wolfenbuettel\/#primaryimage"},"image":{"@id":"https:\/\/9staedte.de\/sv\/wolfenbuettel-lessings-stad\/slott-och-traedgaardar-i-wolfenbuettel\/#primaryimage"},"thumbnailUrl":"https:\/\/9staedte.de\/wp-content\/uploads\/2023\/02\/Lessinghaus-und-Schloss-Fotograf-Christian-Bierwagen-Rechte-Stadt-Wolfenbuettel.jpg","datePublished":"2023-10-25T14:25:03+00:00","dateModified":"2023-10-25T15:59:01+00:00","breadcrumb":{"@id":"https:\/\/9staedte.de\/sv\/wolfenbuettel-lessings-stad\/slott-och-traedgaardar-i-wolfenbuettel\/#breadcrumb"},"inLanguage":"sv-SE","potentialAction":[{"@type":"ReadAction","target":["https:\/\/9staedte.de\/sv\/wolfenbuettel-lessings-stad\/slott-och-traedgaardar-i-wolfenbuettel\/"]}]},{"@type":"ImageObject","inLanguage":"sv-SE","@id":"https:\/\/9staedte.de\/sv\/wolfenbuettel-lessings-stad\/slott-och-traedgaardar-i-wolfenbuettel\/#primaryimage","url":"https:\/\/9staedte.de\/wp-content\/uploads\/2023\/02\/Lessinghaus-und-Schloss-Fotograf-Christian-Bierwagen-Rechte-Stadt-Wolfenbuettel.jpg","contentUrl":"https:\/\/9staedte.de\/wp-content\/uploads\/2023\/02\/Lessinghaus-und-Schloss-Fotograf-Christian-Bierwagen-Rechte-Stadt-Wolfenbuettel.jpg","width":1020,"height":560,"caption":"Lessinghaus und Schloss, Fotograf Christian Bierwagen, Rechte Stadt Wolfenb\u00fcttel"},{"@type":"BreadcrumbList","@id":"https:\/\/9staedte.de\/sv\/wolfenbuettel-lessings-stad\/slott-och-traedgaardar-i-wolfenbuettel\/#breadcrumb","itemListElement":[{"@type":"ListItem","position":1,"name":"Startseite","item":"https:\/\/9staedte.de\/sv\/"},{"@type":"ListItem","position":2,"name":"Wolfenb\u00fcttel &#8211; Lessings stad","item":"https:\/\/9staedte.de\/sv\/wolfenbuettel-lessings-stad\/"},{"@type":"ListItem","position":3,"name":"Slott och tr\u00e4dg\u00e5rdar i Wolfenb\u00fcttel"}]},{"@type":"WebSite","@id":"https:\/\/9staedte.de\/sv\/#website","url":"https:\/\/9staedte.de\/sv\/","name":"9 St\u00e4dte in Niedersachsen","description":"","publisher":{"@id":"https:\/\/9staedte.de\/sv\/#organization"},"potentialAction":[{"@type":"SearchAction","target":{"@type":"EntryPoint","urlTemplate":"https:\/\/9staedte.de\/sv\/?s={search_term_string}"},"query-input":{"@type":"PropertyValueSpecification","valueRequired":true,"valueName":"search_term_string"}}],"inLanguage":"sv-SE"},{"@type":"Organization","@id":"https:\/\/9staedte.de\/sv\/#organization","name":"9 St\u00e4dte in Niedersachsen","url":"https:\/\/9staedte.de\/sv\/","logo":{"@type":"ImageObject","inLanguage":"sv-SE","@id":"https:\/\/9staedte.de\/sv\/#\/schema\/logo\/image\/","url":"https:\/\/9staedte.de\/wp-content\/uploads\/2025\/01\/9-neg-deutsch-2-1.png","contentUrl":"https:\/\/9staedte.de\/wp-content\/uploads\/2025\/01\/9-neg-deutsch-2-1.png","width":190,"height":114,"caption":"9 St\u00e4dte in Niedersachsen"},"image":{"@id":"https:\/\/9staedte.de\/sv\/#\/schema\/logo\/image\/"}}]}},"_links":{"self":[{"href":"https:\/\/9staedte.de\/sv\/wp-json\/wp\/v2\/pages\/14354","targetHints":{"allow":["GET"]}}],"collection":[{"href":"https:\/\/9staedte.de\/sv\/wp-json\/wp\/v2\/pages"}],"about":[{"href":"https:\/\/9staedte.de\/sv\/wp-json\/wp\/v2\/types\/page"}],"author":[{"embeddable":true,"href":"https:\/\/9staedte.de\/sv\/wp-json\/wp\/v2\/users\/1"}],"replies":[{"embeddable":true,"href":"https:\/\/9staedte.de\/sv\/wp-json\/wp\/v2\/comments?post=14354"}],"version-history":[{"count":1,"href":"https:\/\/9staedte.de\/sv\/wp-json\/wp\/v2\/pages\/14354\/revisions"}],"predecessor-version":[{"id":14363,"href":"https:\/\/9staedte.de\/sv\/wp-json\/wp\/v2\/pages\/14354\/revisions\/14363"}],"up":[{"embeddable":true,"href":"https:\/\/9staedte.de\/sv\/wp-json\/wp\/v2\/pages\/14542"}],"wp:featuredmedia":[{"embeddable":true,"href":"https:\/\/9staedte.de\/sv\/wp-json\/wp\/v2\/media\/14360"}],"wp:attachment":[{"href":"https:\/\/9staedte.de\/sv\/wp-json\/wp\/v2\/media?parent=14354"}],"wp:term":[{"taxonomy":"category","embeddable":true,"href":"https:\/\/9staedte.de\/sv\/wp-json\/wp\/v2\/categories?post=14354"},{"taxonomy":"post_tag","embeddable":true,"href":"https:\/\/9staedte.de\/sv\/wp-json\/wp\/v2\/tags?post=14354"},{"taxonomy":"ncap_cities_tax","embeddable":true,"href":"https:\/\/9staedte.de\/sv\/wp-json\/wp\/v2\/ncap_cities_tax?post=14354"}],"curies":[{"name":"wp","href":"https:\/\/api.w.org\/{rel}","templated":true}]}}