{"id":14353,"date":"2023-10-25T16:22:24","date_gmt":"2023-10-25T14:22:24","guid":{"rendered":"https:\/\/9staedte.de\/julmarknad-i-braunschweig\/"},"modified":"2026-03-23T12:29:07","modified_gmt":"2026-03-23T11:29:07","slug":"julmarknad-i-braunschweig","status":"publish","type":"page","link":"https:\/\/9staedte.de\/sv\/braunschweig-lejonstaden\/julmarknad-i-braunschweig\/","title":{"rendered":"Julmarknad i Braunschweig"},"content":{"rendered":"\n<h2 class=\"wp-block-heading\">St\u00e4mningsfull julmarknad i Braunschweig<\/h2>\n\n<p><strong>En traditionell julmarknad med ett gratis barn- och kulturprogram, en stadsk\u00e4rna full av julaktiviteter och massor av atmosf\u00e4r: detta \u00e4r adventsmagi i Braunschweig, Lions stad.<\/strong><\/p>\n\n<p>Fr\u00e5n slutet av november till slutet av december fyller julmarknaden det historiska omr\u00e5det runt S:t Blasii katedral med julens magi. Gl\u00f6m tiden n\u00e4r du strosar runt bland de 140 k\u00e4rleksfullt dekorerade st\u00e5nden. H\u00e4r finns konstfullt utformade presentid\u00e9er att uppt\u00e4cka och regional mat och dryck som Braunkohl och Mumme-gl\u00f6gg att avnjuta. Lyssna p\u00e5 festliga konserter, f\u00f6rundras tillsammans med barnen \u00f6ver teaterf\u00f6rest\u00e4llningar eller ta en titt p\u00e5 ljushavet fr\u00e5n 61 meters h\u00f6jd. Promenera genom den festligt dekorerade stadsk\u00e4rnan, \u00e5teruppt\u00e4ck julber\u00e4ttelsen i vinterteatern och ta en sv\u00e4ngom p\u00e5 isbanan.    <\/p>\n\n<p><a href=\"https:\/\/www.braunschweig.de\/weihnachtsmarkt\/index.php\" target=\"_blank\" rel=\"noreferrer noopener\">Ytterligare information<\/a><\/p>\n\n\n<div class=\"banner-wrapper\">\n  <div class=\"banner-inner \">\n      <div class=\"img-container\">\n      <div class=\"img-wrapper\">\n        <img decoding=\"async\" src=\"https:\/\/9staedte.de\/wp-content\/smush-webp\/2023\/10\/Braunschweig-Weihnachtsmarkt-2-c-Braunschweig-Stadtmarketing-Philipp-Ziebart.jpg.webp\" alt=\"Bilden visar julmarknaden i Braunschweig. M\u00e5nga m\u00e4nniskor g\u00e5r mellan st\u00e5nden. Det h\u00e4nger m\u00e5nga ljus \u00f6ver torget. En kyrka syns i bakgrunden. St\u00e4mningen \u00e4r festlig och glad.\" \/>\n                  <div class=\"thumbnail-label\">\n            <span>Braunschweig Weihnachtsmarkt 2 c) Braunschweig Stadtmarketing Philipp Ziebart<\/span>\n          <\/div>\n              <\/div>\n    <\/div>\n        <div class=\"text-container\">\n      <div class=\"content\">\n        <p><strong>9 tips inf\u00f6r ditt julmarknadsbes\u00f6k i Braunschweig<\/strong><\/p>\n<p>&#8211; adventskonserter i St. Blasii katedral<br \/>\n&#8211; provsmakning av Braunschweig Mumme<br \/>\n&#8211; gratis barnprogram<br \/>\n&#8211; julkrubba med skulpturer i naturlig storlek<br \/>\n&#8211; shoppingrunda i den attraktiva stadsk\u00e4rnan<br \/>\n&#8211; utsikt fr\u00e5n r\u00e5dhustornet<br \/>\n&#8211; skridskobana p\u00e5 Kohlmarkt<br \/>\n&#8211; bes\u00f6k p\u00e5 Herzog Anton Ulrich-museet<\/p>\n      <\/div>\n    <\/div>\n    <\/div>\n<\/div>\n\n\n<p class=\"h3\"><strong>Julmarknad i Braunschweig<\/strong><\/p>\n\n <div class=\"brlbs-cmpnt-container brlbs-cmpnt-content-blocker brlbs-cmpnt-with-individual-styles\" data-borlabs-cookie-content-blocker-id=\"google-maps\" data-borlabs-cookie-content=\"PGlmcmFtZSBzcmM9Imh0dHBzOi8vd3d3Lmdvb2dsZS5jb20vbWFwcy9lbWJlZD9wYj0hMW0xOCExbTEyITFtMyExZDg4OC42MTM5MTc0NTEzMDc5ITJkMTAuNTI0Mjg1NTQwMDgyMDgxITNkNTIuMjY0NjU3NzgwMzUwNjc0ITJtMyExZjAhMmYwITNmMCEzbTIhMWkxMDI0ITJpNzY4ITRmMTMuMSEzbTMhMW0yITFzMHg0N2FmZjdlNmUxMjI0ODU5JTNBMHg0MjU4MTliMWRhOTgzOTVhITJzV2VpaG5hY2h0c21hcmt0JTIwQnJhdW5zY2h3ZWlnJTIwYW0lMjBEb21wbGF0eiE1ZTAhM20yITFzZGUhMnNkZSE0djE2OTIxODQ3Nzg0NzchNW0yITFzZGUhMnNkZSIgd2lkdGg9IjYwMCIgaGVpZ2h0PSI0NTAiIHN0eWxlPSJib3JkZXI6MDsiIGFsbG93ZnVsbHNjcmVlbj0iIiBsb2FkaW5nPSJsYXp5IiByZWZlcnJlcnBvbGljeT0ibm8tcmVmZXJyZXItd2hlbi1kb3duZ3JhZGUiPjwvaWZyYW1lPg==\"><div class=\"brlbs-cmpnt-cb-preset-b brlbs-cmpnt-cb-google-maps\"> <div class=\"brlbs-cmpnt-cb-thumbnail\" style=\"background-image: url('https:\/\/9staedte.de\/wp-content\/uploads\/borlabs-cookie\/1\/brlbs-cb-google-maps-main.png')\"><\/div> <div class=\"brlbs-cmpnt-cb-main\"> <div class=\"brlbs-cmpnt-cb-content\"> <p class=\"brlbs-cmpnt-cb-description\">You are currently viewing a placeholder content from <strong>Google Maps<\/strong>. To access the actual content, click the button below. Please note that doing so will share data with third-party providers.<\/p> <a class=\"brlbs-cmpnt-cb-provider-toggle\" href=\"#\" data-borlabs-cookie-show-provider-information role=\"button\">More Information<\/a> <\/div> <div class=\"brlbs-cmpnt-cb-buttons\"> <a class=\"brlbs-cmpnt-cb-btn\" href=\"#\" data-borlabs-cookie-unblock role=\"button\">Unblock content<\/a> <a class=\"brlbs-cmpnt-cb-btn\" href=\"#\" data-borlabs-cookie-accept-service role=\"button\" style=\"display: inherit\">Accept required service and unblock content<\/a> <\/div> <\/div> <\/div><\/div>\n\n<div style=\"height:35px\" aria-hidden=\"true\" class=\"wp-block-spacer\"><\/div>\n","protected":false},"excerpt":{"rendered":"<p>St\u00e4mningsfull julmarknad i Braunschweig En traditionell julmarknad med ett gratis barn- och kulturprogram, en stadsk\u00e4rna full av julaktiviteter och massor av atmosf\u00e4r: detta \u00e4r adventsmagi i Braunschweig, Lions stad. Fr\u00e5n slutet av november till slutet av december fyller julmarknaden det historiska omr\u00e5det runt S:t Blasii katedral med julens magi. Gl\u00f6m tiden n\u00e4r du strosar runt [&hellip;]<\/p>\n","protected":false},"author":1,"featured_media":14364,"parent":14382,"menu_order":0,"comment_status":"closed","ping_status":"closed","template":"pagetemplates\/template-stadtthema.php","meta":{"_acf_changed":false,"footnotes":""},"categories":[],"tags":[],"ncap_cities_tax":[421,491],"class_list":["post-14353","page","type-page","status-publish","has-post-thumbnail","hentry","ncap_cities_tax-braunschweig-sv","ncap_cities_tax-weihnachtsmarkte-braunschweig-sv"],"acf":[],"yoast_head":"<!-- This site is optimized with the Yoast SEO plugin v26.8 - https:\/\/yoast.com\/product\/yoast-seo-wordpress\/ -->\n<title>Julmarknad i Braunschweig - 9 St\u00e4dte in Niedersachsen<\/title>\n<meta name=\"description\" content=\"Braunschweigs julmarknad: st\u00e4mningsfullt ljussken p\u00e5 det historiska torget Burgplatz runt St Blasii&#039;s Cathedral.\" \/>\n<meta name=\"robots\" content=\"index, follow, max-snippet:-1, max-image-preview:large, max-video-preview:-1\" \/>\n<link rel=\"canonical\" href=\"https:\/\/9staedte.de\/sv\/braunschweig-lejonstaden\/julmarknad-i-braunschweig\/\" \/>\n<meta property=\"og:locale\" content=\"sv_SE\" \/>\n<meta property=\"og:type\" content=\"article\" \/>\n<meta property=\"og:title\" content=\"Julmarknad i Braunschweig - 9 St\u00e4dte in Niedersachsen\" \/>\n<meta property=\"og:description\" content=\"Braunschweigs julmarknad: st\u00e4mningsfullt ljussken p\u00e5 det historiska torget Burgplatz runt St Blasii&#039;s Cathedral.\" \/>\n<meta property=\"og:url\" content=\"https:\/\/9staedte.de\/sv\/braunschweig-lejonstaden\/julmarknad-i-braunschweig\/\" \/>\n<meta property=\"og:site_name\" content=\"9 St\u00e4dte in Niedersachsen\" \/>\n<meta property=\"article:modified_time\" content=\"2026-03-23T11:29:07+00:00\" \/>\n<meta property=\"og:image\" content=\"https:\/\/9staedte.de\/wp-content\/uploads\/2023\/10\/Braunschweig-Weihnachtsmarkt-c-Braunschweig-Stadtmarketing-Philipp-Ziebart.jpg\" \/>\n\t<meta property=\"og:image:width\" content=\"1020\" \/>\n\t<meta property=\"og:image:height\" content=\"560\" \/>\n\t<meta property=\"og:image:type\" content=\"image\/jpeg\" \/>\n<meta name=\"twitter:card\" content=\"summary_large_image\" \/>\n<meta name=\"twitter:label1\" content=\"Ber\u00e4knad l\u00e4stid\" \/>\n\t<meta name=\"twitter:data1\" content=\"1 minut\" \/>\n<script type=\"application\/ld+json\" class=\"yoast-schema-graph\">{\"@context\":\"https:\/\/schema.org\",\"@graph\":[{\"@type\":\"WebPage\",\"@id\":\"https:\/\/9staedte.de\/sv\/braunschweig-lejonstaden\/julmarknad-i-braunschweig\/\",\"url\":\"https:\/\/9staedte.de\/sv\/braunschweig-lejonstaden\/julmarknad-i-braunschweig\/\",\"name\":\"Julmarknad i Braunschweig - 9 St\u00e4dte in Niedersachsen\",\"isPartOf\":{\"@id\":\"https:\/\/9staedte.de\/sv\/#website\"},\"primaryImageOfPage\":{\"@id\":\"https:\/\/9staedte.de\/sv\/braunschweig-lejonstaden\/julmarknad-i-braunschweig\/#primaryimage\"},\"image\":{\"@id\":\"https:\/\/9staedte.de\/sv\/braunschweig-lejonstaden\/julmarknad-i-braunschweig\/#primaryimage\"},\"thumbnailUrl\":\"https:\/\/9staedte.de\/wp-content\/uploads\/2023\/10\/Braunschweig-Weihnachtsmarkt-c-Braunschweig-Stadtmarketing-Philipp-Ziebart.jpg\",\"datePublished\":\"2023-10-25T14:22:24+00:00\",\"dateModified\":\"2026-03-23T11:29:07+00:00\",\"description\":\"Braunschweigs julmarknad: st\u00e4mningsfullt ljussken p\u00e5 det historiska torget Burgplatz runt St Blasii's Cathedral.\",\"breadcrumb\":{\"@id\":\"https:\/\/9staedte.de\/sv\/braunschweig-lejonstaden\/julmarknad-i-braunschweig\/#breadcrumb\"},\"inLanguage\":\"sv-SE\",\"potentialAction\":[{\"@type\":\"ReadAction\",\"target\":[\"https:\/\/9staedte.de\/sv\/braunschweig-lejonstaden\/julmarknad-i-braunschweig\/\"]}]},{\"@type\":\"ImageObject\",\"inLanguage\":\"sv-SE\",\"@id\":\"https:\/\/9staedte.de\/sv\/braunschweig-lejonstaden\/julmarknad-i-braunschweig\/#primaryimage\",\"url\":\"https:\/\/9staedte.de\/wp-content\/uploads\/2023\/10\/Braunschweig-Weihnachtsmarkt-c-Braunschweig-Stadtmarketing-Philipp-Ziebart.jpg\",\"contentUrl\":\"https:\/\/9staedte.de\/wp-content\/uploads\/2023\/10\/Braunschweig-Weihnachtsmarkt-c-Braunschweig-Stadtmarketing-Philipp-Ziebart.jpg\",\"width\":1020,\"height\":560,\"caption\":\"Braunschweig Weihnachtsmarkt c) Braunschweig Stadtmarketing Philipp Ziebart\"},{\"@type\":\"BreadcrumbList\",\"@id\":\"https:\/\/9staedte.de\/sv\/braunschweig-lejonstaden\/julmarknad-i-braunschweig\/#breadcrumb\",\"itemListElement\":[{\"@type\":\"ListItem\",\"position\":1,\"name\":\"Startseite\",\"item\":\"https:\/\/9staedte.de\/sv\/\"},{\"@type\":\"ListItem\",\"position\":2,\"name\":\"Braunschweig &#8211; City of Lions\",\"item\":\"https:\/\/9staedte.de\/sv\/braunschweig-lejonstaden\/\"},{\"@type\":\"ListItem\",\"position\":3,\"name\":\"Julmarknad i Braunschweig\"}]},{\"@type\":\"WebSite\",\"@id\":\"https:\/\/9staedte.de\/sv\/#website\",\"url\":\"https:\/\/9staedte.de\/sv\/\",\"name\":\"9 St\u00e4dte in Niedersachsen\",\"description\":\"\",\"publisher\":{\"@id\":\"https:\/\/9staedte.de\/sv\/#organization\"},\"potentialAction\":[{\"@type\":\"SearchAction\",\"target\":{\"@type\":\"EntryPoint\",\"urlTemplate\":\"https:\/\/9staedte.de\/sv\/?s={search_term_string}\"},\"query-input\":{\"@type\":\"PropertyValueSpecification\",\"valueRequired\":true,\"valueName\":\"search_term_string\"}}],\"inLanguage\":\"sv-SE\"},{\"@type\":\"Organization\",\"@id\":\"https:\/\/9staedte.de\/sv\/#organization\",\"name\":\"9 St\u00e4dte in Niedersachsen\",\"url\":\"https:\/\/9staedte.de\/sv\/\",\"logo\":{\"@type\":\"ImageObject\",\"inLanguage\":\"sv-SE\",\"@id\":\"https:\/\/9staedte.de\/sv\/#\/schema\/logo\/image\/\",\"url\":\"https:\/\/9staedte.de\/wp-content\/uploads\/2025\/01\/9-neg-deutsch-2-1.png\",\"contentUrl\":\"https:\/\/9staedte.de\/wp-content\/uploads\/2025\/01\/9-neg-deutsch-2-1.png\",\"width\":190,\"height\":114,\"caption\":\"9 St\u00e4dte in Niedersachsen\"},\"image\":{\"@id\":\"https:\/\/9staedte.de\/sv\/#\/schema\/logo\/image\/\"}}]}<\/script>\n<!-- \/ Yoast SEO plugin. -->","yoast_head_json":{"title":"Julmarknad i Braunschweig - 9 St\u00e4dte in Niedersachsen","description":"Braunschweigs julmarknad: st\u00e4mningsfullt ljussken p\u00e5 det historiska torget Burgplatz runt St Blasii's Cathedral.","robots":{"index":"index","follow":"follow","max-snippet":"max-snippet:-1","max-image-preview":"max-image-preview:large","max-video-preview":"max-video-preview:-1"},"canonical":"https:\/\/9staedte.de\/sv\/braunschweig-lejonstaden\/julmarknad-i-braunschweig\/","og_locale":"sv_SE","og_type":"article","og_title":"Julmarknad i Braunschweig - 9 St\u00e4dte in Niedersachsen","og_description":"Braunschweigs julmarknad: st\u00e4mningsfullt ljussken p\u00e5 det historiska torget Burgplatz runt St Blasii's Cathedral.","og_url":"https:\/\/9staedte.de\/sv\/braunschweig-lejonstaden\/julmarknad-i-braunschweig\/","og_site_name":"9 St\u00e4dte in Niedersachsen","article_modified_time":"2026-03-23T11:29:07+00:00","og_image":[{"width":1020,"height":560,"url":"https:\/\/9staedte.de\/wp-content\/uploads\/2023\/10\/Braunschweig-Weihnachtsmarkt-c-Braunschweig-Stadtmarketing-Philipp-Ziebart.jpg","type":"image\/jpeg"}],"twitter_card":"summary_large_image","twitter_misc":{"Ber\u00e4knad l\u00e4stid":"1 minut"},"schema":{"@context":"https:\/\/schema.org","@graph":[{"@type":"WebPage","@id":"https:\/\/9staedte.de\/sv\/braunschweig-lejonstaden\/julmarknad-i-braunschweig\/","url":"https:\/\/9staedte.de\/sv\/braunschweig-lejonstaden\/julmarknad-i-braunschweig\/","name":"Julmarknad i Braunschweig - 9 St\u00e4dte in Niedersachsen","isPartOf":{"@id":"https:\/\/9staedte.de\/sv\/#website"},"primaryImageOfPage":{"@id":"https:\/\/9staedte.de\/sv\/braunschweig-lejonstaden\/julmarknad-i-braunschweig\/#primaryimage"},"image":{"@id":"https:\/\/9staedte.de\/sv\/braunschweig-lejonstaden\/julmarknad-i-braunschweig\/#primaryimage"},"thumbnailUrl":"https:\/\/9staedte.de\/wp-content\/uploads\/2023\/10\/Braunschweig-Weihnachtsmarkt-c-Braunschweig-Stadtmarketing-Philipp-Ziebart.jpg","datePublished":"2023-10-25T14:22:24+00:00","dateModified":"2026-03-23T11:29:07+00:00","description":"Braunschweigs julmarknad: st\u00e4mningsfullt ljussken p\u00e5 det historiska torget Burgplatz runt St Blasii's Cathedral.","breadcrumb":{"@id":"https:\/\/9staedte.de\/sv\/braunschweig-lejonstaden\/julmarknad-i-braunschweig\/#breadcrumb"},"inLanguage":"sv-SE","potentialAction":[{"@type":"ReadAction","target":["https:\/\/9staedte.de\/sv\/braunschweig-lejonstaden\/julmarknad-i-braunschweig\/"]}]},{"@type":"ImageObject","inLanguage":"sv-SE","@id":"https:\/\/9staedte.de\/sv\/braunschweig-lejonstaden\/julmarknad-i-braunschweig\/#primaryimage","url":"https:\/\/9staedte.de\/wp-content\/uploads\/2023\/10\/Braunschweig-Weihnachtsmarkt-c-Braunschweig-Stadtmarketing-Philipp-Ziebart.jpg","contentUrl":"https:\/\/9staedte.de\/wp-content\/uploads\/2023\/10\/Braunschweig-Weihnachtsmarkt-c-Braunschweig-Stadtmarketing-Philipp-Ziebart.jpg","width":1020,"height":560,"caption":"Braunschweig Weihnachtsmarkt c) Braunschweig Stadtmarketing Philipp Ziebart"},{"@type":"BreadcrumbList","@id":"https:\/\/9staedte.de\/sv\/braunschweig-lejonstaden\/julmarknad-i-braunschweig\/#breadcrumb","itemListElement":[{"@type":"ListItem","position":1,"name":"Startseite","item":"https:\/\/9staedte.de\/sv\/"},{"@type":"ListItem","position":2,"name":"Braunschweig &#8211; City of Lions","item":"https:\/\/9staedte.de\/sv\/braunschweig-lejonstaden\/"},{"@type":"ListItem","position":3,"name":"Julmarknad i Braunschweig"}]},{"@type":"WebSite","@id":"https:\/\/9staedte.de\/sv\/#website","url":"https:\/\/9staedte.de\/sv\/","name":"9 St\u00e4dte in Niedersachsen","description":"","publisher":{"@id":"https:\/\/9staedte.de\/sv\/#organization"},"potentialAction":[{"@type":"SearchAction","target":{"@type":"EntryPoint","urlTemplate":"https:\/\/9staedte.de\/sv\/?s={search_term_string}"},"query-input":{"@type":"PropertyValueSpecification","valueRequired":true,"valueName":"search_term_string"}}],"inLanguage":"sv-SE"},{"@type":"Organization","@id":"https:\/\/9staedte.de\/sv\/#organization","name":"9 St\u00e4dte in Niedersachsen","url":"https:\/\/9staedte.de\/sv\/","logo":{"@type":"ImageObject","inLanguage":"sv-SE","@id":"https:\/\/9staedte.de\/sv\/#\/schema\/logo\/image\/","url":"https:\/\/9staedte.de\/wp-content\/uploads\/2025\/01\/9-neg-deutsch-2-1.png","contentUrl":"https:\/\/9staedte.de\/wp-content\/uploads\/2025\/01\/9-neg-deutsch-2-1.png","width":190,"height":114,"caption":"9 St\u00e4dte in Niedersachsen"},"image":{"@id":"https:\/\/9staedte.de\/sv\/#\/schema\/logo\/image\/"}}]}},"_links":{"self":[{"href":"https:\/\/9staedte.de\/sv\/wp-json\/wp\/v2\/pages\/14353","targetHints":{"allow":["GET"]}}],"collection":[{"href":"https:\/\/9staedte.de\/sv\/wp-json\/wp\/v2\/pages"}],"about":[{"href":"https:\/\/9staedte.de\/sv\/wp-json\/wp\/v2\/types\/page"}],"author":[{"embeddable":true,"href":"https:\/\/9staedte.de\/sv\/wp-json\/wp\/v2\/users\/1"}],"replies":[{"embeddable":true,"href":"https:\/\/9staedte.de\/sv\/wp-json\/wp\/v2\/comments?post=14353"}],"version-history":[{"count":12,"href":"https:\/\/9staedte.de\/sv\/wp-json\/wp\/v2\/pages\/14353\/revisions"}],"predecessor-version":[{"id":27606,"href":"https:\/\/9staedte.de\/sv\/wp-json\/wp\/v2\/pages\/14353\/revisions\/27606"}],"up":[{"embeddable":true,"href":"https:\/\/9staedte.de\/sv\/wp-json\/wp\/v2\/pages\/14382"}],"wp:featuredmedia":[{"embeddable":true,"href":"https:\/\/9staedte.de\/sv\/wp-json\/wp\/v2\/media\/14364"}],"wp:attachment":[{"href":"https:\/\/9staedte.de\/sv\/wp-json\/wp\/v2\/media?parent=14353"}],"wp:term":[{"taxonomy":"category","embeddable":true,"href":"https:\/\/9staedte.de\/sv\/wp-json\/wp\/v2\/categories?post=14353"},{"taxonomy":"post_tag","embeddable":true,"href":"https:\/\/9staedte.de\/sv\/wp-json\/wp\/v2\/tags?post=14353"},{"taxonomy":"ncap_cities_tax","embeddable":true,"href":"https:\/\/9staedte.de\/sv\/wp-json\/wp\/v2\/ncap_cities_tax?post=14353"}],"curies":[{"name":"wp","href":"https:\/\/api.w.org\/{rel}","templated":true}]}}