{"id":14352,"date":"2023-10-25T16:24:19","date_gmt":"2023-10-25T14:24:19","guid":{"rendered":"https:\/\/9staedte.de\/shopping-och-noejen-i-hildesheim\/"},"modified":"2023-10-25T17:56:58","modified_gmt":"2023-10-25T15:56:58","slug":"shopping-och-noejen-i-hildesheim","status":"publish","type":"page","link":"https:\/\/9staedte.de\/sv\/hildesheim-stad-paa-unescos-vaerldsarvslista\/shopping-och-noejen-i-hildesheim\/","title":{"rendered":"Shopping och n\u00f6jen i Hildesheim"},"content":{"rendered":"\n<h3 class=\"wp-block-heading\">Shopping i Hildesheim &#8211; Njut av n\u00e5got alldeles speciellt<\/h3>\n\n\n\n<p>Litet men gott &#8211; shoppingm\u00f6jligheterna i Hildesheim erbjuder korta avst\u00e5nd men ett stort urval&nbsp;. Och&nbsp;\u00e4r till och med&nbsp;st\u00f6rre tack vare k\u00f6pcentret &#8221;Arneken-Galerie&#8221;. Oavsett om det \u00e4r \u00e4garledda specialbutiker, trendiga och exklusiva modebutiker, v\u00e4lk\u00e4nda butikskedjor eller mysiga souvenirbutiker &#8211; utbudet i de sex olika stadsdelarna l\u00e4mnar inget \u00f6vrigt att \u00f6nska och erbjuder n\u00e5got f\u00f6r alla. Varje kvarter har sin egen charm och individuell och v\u00e4nlig r\u00e5dgivning samt centralt bel\u00e4gna parkeringsplatser \u00e4r vad som g\u00f6r Hildesheim s\u00e5 tilltalande.<br>M\u00e5nga gatukaf\u00e9er, barer och restauranger rekommenderas f\u00f6r trevliga pauser &#8211; till exempel mot bakgrund av det historiska marknadstorget. Och m\u00e5nga kulturinstitutioner och sev\u00e4rdheter i stadsk\u00e4rnan ger m\u00f6jlighet att kombinera en lugn shoppingtur med kulturella aktiviteter.<\/p>\n\n\n\n\n<div class=\"banner-wrapper\">\n  <div class=\"banner-inner \">\n      <div class=\"img-container\">\n      <div class=\"img-wrapper\">\n        <img decoding=\"async\" src=\"https:\/\/9staedte.de\/wp-content\/smush-webp\/2023\/03\/Marktplatz-\u00a9-Hildesheim-Marketing-Foto-Bierwagen.jpg.webp\" alt=\"AP\u00e5 bilden sitter en man och en kvinna p\u00e5 ett caf\u00e9 utomhus. De dricker kaffe och mj\u00f6lk. De ler och pratar med varandra. Solen skiner. I bakgrunden syns gamla hus p\u00e5 marknadsplatsen i Hildesheim. Andra m\u00e4nniskor g\u00e5r f\u00f6rbi.\" \/>\n                  <div class=\"thumbnail-label\">\n            <span>Marktplatz \u00a9 Hildesheim Marketing, Foto Bierwagen<\/span>\n          <\/div>\n              <\/div>\n    <\/div>\n        <div class=\"text-container\">\n      <div class=\"content\">\n        <p><strong>9 Tipps rund ums Einkaufen und Ausgehen in Hildesheim: <\/strong><\/p>\n<ul>\n<li>Theater f\u00fcr Niedersachsen-Schauspiel, Musiktheater, Tanz, Konzerte und Lesungen<\/li>\n<li>Almsstra\u00dfe \u2013 Exklusivit\u00e4t erleben<\/li>\n<li>Hoher Weg \u2013 die reizvolle Mitte<\/li>\n<li>Osterstra\u00dfe und Scheelenstra\u00dfe \u2013 Boutiquen und Spezialgesch\u00e4fte<\/li>\n<li>Schuhstra\u00dfe \u2013 sch\u00f6ner Wohnen und mehr<\/li>\n<li>Andreaspassage \u2013 stilvolles Leben<\/li>\n<li>Bernwardstra\u00dfe \u2013 attraktive Begegnungen<\/li>\n<li>Kulturfabrik\/Veranstaltungszentren<\/li>\n<li>Stadtfeste und verkaufsoffene Sonntage an vielen Wochenenden<\/li>\n<\/ul>\n      <\/div>\n    <\/div>\n    <\/div>\n<\/div>\n\n","protected":false},"excerpt":{"rendered":"<p>Shopping i Hildesheim &#8211; Njut av n\u00e5got alldeles speciellt Litet men gott &#8211; shoppingm\u00f6jligheterna i Hildesheim erbjuder korta avst\u00e5nd men ett stort urval&nbsp;. Och&nbsp;\u00e4r till och med&nbsp;st\u00f6rre tack vare k\u00f6pcentret &#8221;Arneken-Galerie&#8221;. Oavsett om det \u00e4r \u00e4garledda specialbutiker, trendiga och exklusiva modebutiker, v\u00e4lk\u00e4nda butikskedjor eller mysiga souvenirbutiker &#8211; utbudet i de sex olika stadsdelarna l\u00e4mnar inget [&hellip;]<\/p>\n","protected":false},"author":1,"featured_media":14358,"parent":14541,"menu_order":0,"comment_status":"closed","ping_status":"closed","template":"pagetemplates\/template-stadtthema.php","meta":{"_acf_changed":false,"footnotes":""},"categories":[],"tags":[],"ncap_cities_tax":[463,799],"class_list":["post-14352","page","type-page","status-publish","has-post-thumbnail","hentry","ncap_cities_tax-hildesheim-sv","ncap_cities_tax-shopping-und-ausgehen-hildesheim-sv"],"acf":[],"yoast_head":"<!-- This site is optimized with the Yoast SEO plugin v26.8 - https:\/\/yoast.com\/product\/yoast-seo-wordpress\/ -->\n<title>Shopping och n\u00f6jen i Hildesheim - 9 St\u00e4dte in Niedersachsen<\/title>\n<meta name=\"robots\" content=\"index, follow, max-snippet:-1, max-image-preview:large, max-video-preview:-1\" \/>\n<link rel=\"canonical\" href=\"https:\/\/9staedte.de\/sv\/hildesheim-stad-paa-unescos-vaerldsarvslista\/shopping-och-noejen-i-hildesheim\/\" \/>\n<meta property=\"og:locale\" content=\"sv_SE\" \/>\n<meta property=\"og:type\" content=\"article\" \/>\n<meta property=\"og:title\" content=\"Shopping och n\u00f6jen i Hildesheim - 9 St\u00e4dte in Niedersachsen\" \/>\n<meta property=\"og:description\" content=\"Shopping i Hildesheim &#8211; Njut av n\u00e5got alldeles speciellt Litet men gott &#8211; shoppingm\u00f6jligheterna i Hildesheim erbjuder korta avst\u00e5nd men ett stort urval&nbsp;. Och&nbsp;\u00e4r till och med&nbsp;st\u00f6rre tack vare k\u00f6pcentret &#8221;Arneken-Galerie&#8221;. Oavsett om det \u00e4r \u00e4garledda specialbutiker, trendiga och exklusiva modebutiker, v\u00e4lk\u00e4nda butikskedjor eller mysiga souvenirbutiker &#8211; utbudet i de sex olika stadsdelarna l\u00e4mnar inget [&hellip;]\" \/>\n<meta property=\"og:url\" content=\"https:\/\/9staedte.de\/sv\/hildesheim-stad-paa-unescos-vaerldsarvslista\/shopping-och-noejen-i-hildesheim\/\" \/>\n<meta property=\"og:site_name\" content=\"9 St\u00e4dte in Niedersachsen\" \/>\n<meta property=\"article:modified_time\" content=\"2023-10-25T15:56:58+00:00\" \/>\n<meta property=\"og:image\" content=\"https:\/\/9staedte.de\/wp-content\/uploads\/2023\/03\/Shopping-\u00a9Hildesheim-Marketing-Foto-Bierwagen.jpg\" \/>\n\t<meta property=\"og:image:width\" content=\"1020\" \/>\n\t<meta property=\"og:image:height\" content=\"560\" \/>\n\t<meta property=\"og:image:type\" content=\"image\/jpeg\" \/>\n<meta name=\"twitter:card\" content=\"summary_large_image\" \/>\n<meta name=\"twitter:label1\" content=\"Ber\u00e4knad l\u00e4stid\" \/>\n\t<meta name=\"twitter:data1\" content=\"1 minut\" \/>\n<script type=\"application\/ld+json\" class=\"yoast-schema-graph\">{\"@context\":\"https:\/\/schema.org\",\"@graph\":[{\"@type\":\"WebPage\",\"@id\":\"https:\/\/9staedte.de\/sv\/hildesheim-stad-paa-unescos-vaerldsarvslista\/shopping-och-noejen-i-hildesheim\/\",\"url\":\"https:\/\/9staedte.de\/sv\/hildesheim-stad-paa-unescos-vaerldsarvslista\/shopping-och-noejen-i-hildesheim\/\",\"name\":\"Shopping och n\u00f6jen i Hildesheim - 9 St\u00e4dte in Niedersachsen\",\"isPartOf\":{\"@id\":\"https:\/\/9staedte.de\/sv\/#website\"},\"primaryImageOfPage\":{\"@id\":\"https:\/\/9staedte.de\/sv\/hildesheim-stad-paa-unescos-vaerldsarvslista\/shopping-och-noejen-i-hildesheim\/#primaryimage\"},\"image\":{\"@id\":\"https:\/\/9staedte.de\/sv\/hildesheim-stad-paa-unescos-vaerldsarvslista\/shopping-och-noejen-i-hildesheim\/#primaryimage\"},\"thumbnailUrl\":\"https:\/\/9staedte.de\/wp-content\/uploads\/2023\/03\/Shopping-\u00a9Hildesheim-Marketing-Foto-Bierwagen.jpg\",\"datePublished\":\"2023-10-25T14:24:19+00:00\",\"dateModified\":\"2023-10-25T15:56:58+00:00\",\"breadcrumb\":{\"@id\":\"https:\/\/9staedte.de\/sv\/hildesheim-stad-paa-unescos-vaerldsarvslista\/shopping-och-noejen-i-hildesheim\/#breadcrumb\"},\"inLanguage\":\"sv-SE\",\"potentialAction\":[{\"@type\":\"ReadAction\",\"target\":[\"https:\/\/9staedte.de\/sv\/hildesheim-stad-paa-unescos-vaerldsarvslista\/shopping-och-noejen-i-hildesheim\/\"]}]},{\"@type\":\"ImageObject\",\"inLanguage\":\"sv-SE\",\"@id\":\"https:\/\/9staedte.de\/sv\/hildesheim-stad-paa-unescos-vaerldsarvslista\/shopping-och-noejen-i-hildesheim\/#primaryimage\",\"url\":\"https:\/\/9staedte.de\/wp-content\/uploads\/2023\/03\/Shopping-\u00a9Hildesheim-Marketing-Foto-Bierwagen.jpg\",\"contentUrl\":\"https:\/\/9staedte.de\/wp-content\/uploads\/2023\/03\/Shopping-\u00a9Hildesheim-Marketing-Foto-Bierwagen.jpg\",\"width\":1020,\"height\":560,\"caption\":\"Shopping \u00a9Hildesheim Marketing, Foto Bierwagen\"},{\"@type\":\"BreadcrumbList\",\"@id\":\"https:\/\/9staedte.de\/sv\/hildesheim-stad-paa-unescos-vaerldsarvslista\/shopping-och-noejen-i-hildesheim\/#breadcrumb\",\"itemListElement\":[{\"@type\":\"ListItem\",\"position\":1,\"name\":\"Startseite\",\"item\":\"https:\/\/9staedte.de\/sv\/\"},{\"@type\":\"ListItem\",\"position\":2,\"name\":\"Hildesheim &#8211; stad p\u00e5 UNESCO:s v\u00e4rldsarvslista\",\"item\":\"https:\/\/9staedte.de\/sv\/hildesheim-stad-paa-unescos-vaerldsarvslista\/\"},{\"@type\":\"ListItem\",\"position\":3,\"name\":\"Shopping och n\u00f6jen i Hildesheim\"}]},{\"@type\":\"WebSite\",\"@id\":\"https:\/\/9staedte.de\/sv\/#website\",\"url\":\"https:\/\/9staedte.de\/sv\/\",\"name\":\"9 St\u00e4dte in Niedersachsen\",\"description\":\"\",\"publisher\":{\"@id\":\"https:\/\/9staedte.de\/sv\/#organization\"},\"potentialAction\":[{\"@type\":\"SearchAction\",\"target\":{\"@type\":\"EntryPoint\",\"urlTemplate\":\"https:\/\/9staedte.de\/sv\/?s={search_term_string}\"},\"query-input\":{\"@type\":\"PropertyValueSpecification\",\"valueRequired\":true,\"valueName\":\"search_term_string\"}}],\"inLanguage\":\"sv-SE\"},{\"@type\":\"Organization\",\"@id\":\"https:\/\/9staedte.de\/sv\/#organization\",\"name\":\"9 St\u00e4dte in Niedersachsen\",\"url\":\"https:\/\/9staedte.de\/sv\/\",\"logo\":{\"@type\":\"ImageObject\",\"inLanguage\":\"sv-SE\",\"@id\":\"https:\/\/9staedte.de\/sv\/#\/schema\/logo\/image\/\",\"url\":\"https:\/\/9staedte.de\/wp-content\/uploads\/2025\/01\/9-neg-deutsch-2-1.png\",\"contentUrl\":\"https:\/\/9staedte.de\/wp-content\/uploads\/2025\/01\/9-neg-deutsch-2-1.png\",\"width\":190,\"height\":114,\"caption\":\"9 St\u00e4dte in Niedersachsen\"},\"image\":{\"@id\":\"https:\/\/9staedte.de\/sv\/#\/schema\/logo\/image\/\"}}]}<\/script>\n<!-- \/ Yoast SEO plugin. -->","yoast_head_json":{"title":"Shopping och n\u00f6jen i Hildesheim - 9 St\u00e4dte in Niedersachsen","robots":{"index":"index","follow":"follow","max-snippet":"max-snippet:-1","max-image-preview":"max-image-preview:large","max-video-preview":"max-video-preview:-1"},"canonical":"https:\/\/9staedte.de\/sv\/hildesheim-stad-paa-unescos-vaerldsarvslista\/shopping-och-noejen-i-hildesheim\/","og_locale":"sv_SE","og_type":"article","og_title":"Shopping och n\u00f6jen i Hildesheim - 9 St\u00e4dte in Niedersachsen","og_description":"Shopping i Hildesheim &#8211; Njut av n\u00e5got alldeles speciellt Litet men gott &#8211; shoppingm\u00f6jligheterna i Hildesheim erbjuder korta avst\u00e5nd men ett stort urval&nbsp;. Och&nbsp;\u00e4r till och med&nbsp;st\u00f6rre tack vare k\u00f6pcentret &#8221;Arneken-Galerie&#8221;. Oavsett om det \u00e4r \u00e4garledda specialbutiker, trendiga och exklusiva modebutiker, v\u00e4lk\u00e4nda butikskedjor eller mysiga souvenirbutiker &#8211; utbudet i de sex olika stadsdelarna l\u00e4mnar inget [&hellip;]","og_url":"https:\/\/9staedte.de\/sv\/hildesheim-stad-paa-unescos-vaerldsarvslista\/shopping-och-noejen-i-hildesheim\/","og_site_name":"9 St\u00e4dte in Niedersachsen","article_modified_time":"2023-10-25T15:56:58+00:00","og_image":[{"width":1020,"height":560,"url":"https:\/\/9staedte.de\/wp-content\/uploads\/2023\/03\/Shopping-\u00a9Hildesheim-Marketing-Foto-Bierwagen.jpg","type":"image\/jpeg"}],"twitter_card":"summary_large_image","twitter_misc":{"Ber\u00e4knad l\u00e4stid":"1 minut"},"schema":{"@context":"https:\/\/schema.org","@graph":[{"@type":"WebPage","@id":"https:\/\/9staedte.de\/sv\/hildesheim-stad-paa-unescos-vaerldsarvslista\/shopping-och-noejen-i-hildesheim\/","url":"https:\/\/9staedte.de\/sv\/hildesheim-stad-paa-unescos-vaerldsarvslista\/shopping-och-noejen-i-hildesheim\/","name":"Shopping och n\u00f6jen i Hildesheim - 9 St\u00e4dte in Niedersachsen","isPartOf":{"@id":"https:\/\/9staedte.de\/sv\/#website"},"primaryImageOfPage":{"@id":"https:\/\/9staedte.de\/sv\/hildesheim-stad-paa-unescos-vaerldsarvslista\/shopping-och-noejen-i-hildesheim\/#primaryimage"},"image":{"@id":"https:\/\/9staedte.de\/sv\/hildesheim-stad-paa-unescos-vaerldsarvslista\/shopping-och-noejen-i-hildesheim\/#primaryimage"},"thumbnailUrl":"https:\/\/9staedte.de\/wp-content\/uploads\/2023\/03\/Shopping-\u00a9Hildesheim-Marketing-Foto-Bierwagen.jpg","datePublished":"2023-10-25T14:24:19+00:00","dateModified":"2023-10-25T15:56:58+00:00","breadcrumb":{"@id":"https:\/\/9staedte.de\/sv\/hildesheim-stad-paa-unescos-vaerldsarvslista\/shopping-och-noejen-i-hildesheim\/#breadcrumb"},"inLanguage":"sv-SE","potentialAction":[{"@type":"ReadAction","target":["https:\/\/9staedte.de\/sv\/hildesheim-stad-paa-unescos-vaerldsarvslista\/shopping-och-noejen-i-hildesheim\/"]}]},{"@type":"ImageObject","inLanguage":"sv-SE","@id":"https:\/\/9staedte.de\/sv\/hildesheim-stad-paa-unescos-vaerldsarvslista\/shopping-och-noejen-i-hildesheim\/#primaryimage","url":"https:\/\/9staedte.de\/wp-content\/uploads\/2023\/03\/Shopping-\u00a9Hildesheim-Marketing-Foto-Bierwagen.jpg","contentUrl":"https:\/\/9staedte.de\/wp-content\/uploads\/2023\/03\/Shopping-\u00a9Hildesheim-Marketing-Foto-Bierwagen.jpg","width":1020,"height":560,"caption":"Shopping \u00a9Hildesheim Marketing, Foto Bierwagen"},{"@type":"BreadcrumbList","@id":"https:\/\/9staedte.de\/sv\/hildesheim-stad-paa-unescos-vaerldsarvslista\/shopping-och-noejen-i-hildesheim\/#breadcrumb","itemListElement":[{"@type":"ListItem","position":1,"name":"Startseite","item":"https:\/\/9staedte.de\/sv\/"},{"@type":"ListItem","position":2,"name":"Hildesheim &#8211; stad p\u00e5 UNESCO:s v\u00e4rldsarvslista","item":"https:\/\/9staedte.de\/sv\/hildesheim-stad-paa-unescos-vaerldsarvslista\/"},{"@type":"ListItem","position":3,"name":"Shopping och n\u00f6jen i Hildesheim"}]},{"@type":"WebSite","@id":"https:\/\/9staedte.de\/sv\/#website","url":"https:\/\/9staedte.de\/sv\/","name":"9 St\u00e4dte in Niedersachsen","description":"","publisher":{"@id":"https:\/\/9staedte.de\/sv\/#organization"},"potentialAction":[{"@type":"SearchAction","target":{"@type":"EntryPoint","urlTemplate":"https:\/\/9staedte.de\/sv\/?s={search_term_string}"},"query-input":{"@type":"PropertyValueSpecification","valueRequired":true,"valueName":"search_term_string"}}],"inLanguage":"sv-SE"},{"@type":"Organization","@id":"https:\/\/9staedte.de\/sv\/#organization","name":"9 St\u00e4dte in Niedersachsen","url":"https:\/\/9staedte.de\/sv\/","logo":{"@type":"ImageObject","inLanguage":"sv-SE","@id":"https:\/\/9staedte.de\/sv\/#\/schema\/logo\/image\/","url":"https:\/\/9staedte.de\/wp-content\/uploads\/2025\/01\/9-neg-deutsch-2-1.png","contentUrl":"https:\/\/9staedte.de\/wp-content\/uploads\/2025\/01\/9-neg-deutsch-2-1.png","width":190,"height":114,"caption":"9 St\u00e4dte in Niedersachsen"},"image":{"@id":"https:\/\/9staedte.de\/sv\/#\/schema\/logo\/image\/"}}]}},"_links":{"self":[{"href":"https:\/\/9staedte.de\/sv\/wp-json\/wp\/v2\/pages\/14352","targetHints":{"allow":["GET"]}}],"collection":[{"href":"https:\/\/9staedte.de\/sv\/wp-json\/wp\/v2\/pages"}],"about":[{"href":"https:\/\/9staedte.de\/sv\/wp-json\/wp\/v2\/types\/page"}],"author":[{"embeddable":true,"href":"https:\/\/9staedte.de\/sv\/wp-json\/wp\/v2\/users\/1"}],"replies":[{"embeddable":true,"href":"https:\/\/9staedte.de\/sv\/wp-json\/wp\/v2\/comments?post=14352"}],"version-history":[{"count":2,"href":"https:\/\/9staedte.de\/sv\/wp-json\/wp\/v2\/pages\/14352\/revisions"}],"predecessor-version":[{"id":15154,"href":"https:\/\/9staedte.de\/sv\/wp-json\/wp\/v2\/pages\/14352\/revisions\/15154"}],"up":[{"embeddable":true,"href":"https:\/\/9staedte.de\/sv\/wp-json\/wp\/v2\/pages\/14541"}],"wp:featuredmedia":[{"embeddable":true,"href":"https:\/\/9staedte.de\/sv\/wp-json\/wp\/v2\/media\/14358"}],"wp:attachment":[{"href":"https:\/\/9staedte.de\/sv\/wp-json\/wp\/v2\/media?parent=14352"}],"wp:term":[{"taxonomy":"category","embeddable":true,"href":"https:\/\/9staedte.de\/sv\/wp-json\/wp\/v2\/categories?post=14352"},{"taxonomy":"post_tag","embeddable":true,"href":"https:\/\/9staedte.de\/sv\/wp-json\/wp\/v2\/tags?post=14352"},{"taxonomy":"ncap_cities_tax","embeddable":true,"href":"https:\/\/9staedte.de\/sv\/wp-json\/wp\/v2\/ncap_cities_tax?post=14352"}],"curies":[{"name":"wp","href":"https:\/\/api.w.org\/{rel}","templated":true}]}}