{"id":14350,"date":"2023-10-25T16:24:20","date_gmt":"2023-10-25T14:24:20","guid":{"rendered":"https:\/\/9staedte.de\/imprint-9-staeder-i-niedersachsen\/"},"modified":"2023-10-25T16:24:20","modified_gmt":"2023-10-25T14:24:20","slug":"imprint-9-staeder-i-niedersachsen","status":"publish","type":"page","link":"https:\/\/9staedte.de\/sv\/imprint-9-staeder-i-niedersachsen\/","title":{"rendered":"Imprint &#8211; 9 st\u00e4der i Niedersachsen"},"content":{"rendered":"\n<p>9 st\u00e4der +2 i Niedersachsen<br>Hannover marknadsf\u00f6ring och turism GmbH<br>Vahrenwalder Strasse 7<br>30165 Hanover<\/p>\n\n\n\n<p>Tel.: +49 (0) 511\/168-49746<br>Fax:&nbsp; +49 (0) 511\/168-49779<br>E-post: <a href=\"mailto:9cities@hannover-tourismus.de\" target=\"_blank\" rel=\"noreferrer noopener\">9cities@hannover-tourismus.de<\/a><\/p>\n\n\n\n<p>Hannover marknadsf\u00f6ring och turism GmbH<br>Hannovers lokala domstol: avdelningen f\u00f6r handelsregister. B. nr 59223<br>F\u00f6retagets s\u00e4te: Hannover<br>Verkst\u00e4llande direkt\u00f6r: Hans Christian Nolte<br>Momsregistreringsnummer: DE211133985<\/p>\n\n\n\n<p>Ansvarig f\u00f6r inneh\u00e5llet: Petra Sievers<\/p>\n\n\n\n<h3 class=\"wp-block-heading\">Meddelande om ansvarsskyldighet<\/h3>\n\n\n\n<p>Vi ansvarar inte f\u00f6r inneh\u00e5llet p\u00e5 de sidor som h\u00e4nvisas till via l\u00e4nkar p\u00e5 v\u00e5r webbplats. Inneh\u00e5llet omfattas av upphovsr\u00e4tten f\u00f6r respektive leverant\u00f6r. Inneh\u00e5llet speglar inte v\u00e5r uppfattning och vi har inget inflytande \u00f6ver inneh\u00e5llet. V\u00e4nligen kontakta respektive leverant\u00f6r. Vi g\u00f6r dig uttryckligen uppm\u00e4rksam p\u00e5 att vi inte tar n\u00e5got som helst ansvar f\u00f6r skador av n\u00e5got slag som kan h\u00e4nf\u00f6ras till anv\u00e4ndningen av v\u00e5rt Interneterbjudande. Om du via l\u00e4nkar fr\u00e5n v\u00e5r webbplats kommer till sidor som strider mot g\u00e4llande lagstiftning, ber vi dig att omedelbart meddela oss. Vi kommer d\u00e5 att ta bort motsvarande l\u00e4nk fr\u00e5n v\u00e5rt erbjudande. Om du vill att en l\u00e4nk till din webbplats ska tas bort, v\u00e4nligen kontakta webbansvarig. Vi kommer sedan att ta bort l\u00e4nken. Vi garanterar inte tillg\u00e4ngligheten och aktualiteten f\u00f6r de l\u00e4nkar som anges p\u00e5 v\u00e5r webbplats eller f\u00f6r v\u00e5rt interneterbjudande.<\/p>\n\n\n\n<h3 class=\"wp-block-heading\">Analys av tj\u00e4nster<\/h3>\n\n\n\n<p>V\u00e5r webbplats anv\u00e4nder MATOMO (tidigare Piwik), en s\u00e5 kallad webbanalystj\u00e4nst. MATOMO anv\u00e4nder &#8221;cookies&#8221;, som \u00e4r textfiler som placeras p\u00e5 din dator, f\u00f6r att hj\u00e4lpa webbplatsen att analysera hur anv\u00e4ndarna anv\u00e4nder webbplatsen. F\u00f6r detta \u00e4ndam\u00e5l \u00f6verf\u00f6rs den anv\u00e4ndningsinformation som genereras av cookien (inklusive din f\u00f6rkortade IP-adress) till v\u00e5r server och lagras f\u00f6r anv\u00e4ndningsanalys\u00e4ndam\u00e5l, vilket tj\u00e4nar till att optimera webbplatsen fr\u00e5n v\u00e5r sida. Din IP-adress anonymiseras omedelbart under denna process, s\u00e5 att du som anv\u00e4ndare f\u00f6rblir anonym f\u00f6r oss. Den information som genereras av cookien om din anv\u00e4ndning av denna webbplats vidarebefordras inte till tredje part. Du kan neka anv\u00e4ndningen av cookies genom att v\u00e4lja l\u00e4mpliga inst\u00e4llningar i din webbl\u00e4sare, men observera att om du g\u00f6r detta kanske du inte kan anv\u00e4nda alla funktioner p\u00e5 denna webbplats.<\/p>\n\n\n\n<p>Om du inte samtycker till lagring och analys av dessa uppgifter fr\u00e5n ditt bes\u00f6k, kan du n\u00e4r som helst inv\u00e4nda mot lagring och anv\u00e4ndning genom att klicka p\u00e5 f\u00f6ljande l\u00e4nk. I detta fall lagras en s\u00e5 kallad opt-out-cookie i din webbl\u00e4sare, vilket inneb\u00e4r att MATOMO inte samlar in n\u00e5gra sessionsdata. Observera: Om du raderar dina cookies kommer detta att leda till att opt-out-cookien ocks\u00e5 raderas och du kan beh\u00f6va aktivera den igen.<\/p>\n\n\n\n<p>K\u00e4lla: datenschutzbeauftragter-info.de<\/p>\n","protected":false},"excerpt":{"rendered":"<p>9 st\u00e4der +2 i NiedersachsenHannover marknadsf\u00f6ring och turism GmbHVahrenwalder Strasse 730165 Hanover Tel.: +49 (0) 511\/168-49746Fax:&nbsp; +49 (0) 511\/168-49779E-post: 9cities@hannover-tourismus.de Hannover marknadsf\u00f6ring och turism GmbHHannovers lokala domstol: avdelningen f\u00f6r handelsregister. B. nr 59223F\u00f6retagets s\u00e4te: HannoverVerkst\u00e4llande direkt\u00f6r: Hans Christian NolteMomsregistreringsnummer: DE211133985 Ansvarig f\u00f6r inneh\u00e5llet: Petra Sievers Meddelande om ansvarsskyldighet Vi ansvarar inte f\u00f6r inneh\u00e5llet p\u00e5 de [&hellip;]<\/p>\n","protected":false},"author":1,"featured_media":0,"parent":0,"menu_order":0,"comment_status":"closed","ping_status":"closed","template":"","meta":{"_acf_changed":false,"footnotes":""},"categories":[],"tags":[],"ncap_cities_tax":[],"class_list":["post-14350","page","type-page","status-publish","hentry"],"acf":[],"yoast_head":"<!-- This site is optimized with the Yoast SEO plugin v27.4 - https:\/\/yoast.com\/product\/yoast-seo-wordpress\/ -->\n<title>Imprint - 9 st\u00e4der i Niedersachsen - 9 St\u00e4dte in Niedersachsen<\/title>\n<meta name=\"robots\" content=\"index, follow, max-snippet:-1, max-image-preview:large, max-video-preview:-1\" \/>\n<link rel=\"canonical\" href=\"https:\/\/9staedte.de\/sv\/imprint-9-staeder-i-niedersachsen\/\" \/>\n<meta property=\"og:locale\" content=\"sv_SE\" \/>\n<meta property=\"og:type\" content=\"article\" \/>\n<meta property=\"og:title\" content=\"Imprint - 9 st\u00e4der i Niedersachsen - 9 St\u00e4dte in Niedersachsen\" \/>\n<meta property=\"og:description\" content=\"9 st\u00e4der +2 i NiedersachsenHannover marknadsf\u00f6ring och turism GmbHVahrenwalder Strasse 730165 Hanover Tel.: +49 (0) 511\/168-49746Fax:&nbsp; +49 (0) 511\/168-49779E-post: 9cities@hannover-tourismus.de Hannover marknadsf\u00f6ring och turism GmbHHannovers lokala domstol: avdelningen f\u00f6r handelsregister. B. nr 59223F\u00f6retagets s\u00e4te: HannoverVerkst\u00e4llande direkt\u00f6r: Hans Christian NolteMomsregistreringsnummer: DE211133985 Ansvarig f\u00f6r inneh\u00e5llet: Petra Sievers Meddelande om ansvarsskyldighet Vi ansvarar inte f\u00f6r inneh\u00e5llet p\u00e5 de [&hellip;]\" \/>\n<meta property=\"og:url\" content=\"https:\/\/9staedte.de\/sv\/imprint-9-staeder-i-niedersachsen\/\" \/>\n<meta property=\"og:site_name\" content=\"9 St\u00e4dte in Niedersachsen\" \/>\n<meta name=\"twitter:card\" content=\"summary_large_image\" \/>\n<meta name=\"twitter:label1\" content=\"Ber\u00e4knad l\u00e4stid\" \/>\n\t<meta name=\"twitter:data1\" content=\"2 minuter\" \/>\n<script type=\"application\/ld+json\" class=\"yoast-schema-graph\">{\"@context\":\"https:\\\/\\\/schema.org\",\"@graph\":[{\"@type\":\"WebPage\",\"@id\":\"https:\\\/\\\/9staedte.de\\\/sv\\\/imprint-9-staeder-i-niedersachsen\\\/\",\"url\":\"https:\\\/\\\/9staedte.de\\\/sv\\\/imprint-9-staeder-i-niedersachsen\\\/\",\"name\":\"Imprint - 9 st\u00e4der i Niedersachsen - 9 St\u00e4dte in Niedersachsen\",\"isPartOf\":{\"@id\":\"https:\\\/\\\/9staedte.de\\\/sv\\\/#website\"},\"datePublished\":\"2023-10-25T14:24:20+00:00\",\"breadcrumb\":{\"@id\":\"https:\\\/\\\/9staedte.de\\\/sv\\\/imprint-9-staeder-i-niedersachsen\\\/#breadcrumb\"},\"inLanguage\":\"sv-SE\",\"potentialAction\":[{\"@type\":\"ReadAction\",\"target\":[\"https:\\\/\\\/9staedte.de\\\/sv\\\/imprint-9-staeder-i-niedersachsen\\\/\"]}]},{\"@type\":\"BreadcrumbList\",\"@id\":\"https:\\\/\\\/9staedte.de\\\/sv\\\/imprint-9-staeder-i-niedersachsen\\\/#breadcrumb\",\"itemListElement\":[{\"@type\":\"ListItem\",\"position\":1,\"name\":\"Startseite\",\"item\":\"https:\\\/\\\/9staedte.de\\\/sv\\\/\"},{\"@type\":\"ListItem\",\"position\":2,\"name\":\"Imprint &#8211; 9 st\u00e4der i Niedersachsen\"}]},{\"@type\":\"WebSite\",\"@id\":\"https:\\\/\\\/9staedte.de\\\/sv\\\/#website\",\"url\":\"https:\\\/\\\/9staedte.de\\\/sv\\\/\",\"name\":\"9 St\u00e4dte in Niedersachsen\",\"description\":\"\",\"publisher\":{\"@id\":\"https:\\\/\\\/9staedte.de\\\/sv\\\/#organization\"},\"potentialAction\":[{\"@type\":\"SearchAction\",\"target\":{\"@type\":\"EntryPoint\",\"urlTemplate\":\"https:\\\/\\\/9staedte.de\\\/sv\\\/?s={search_term_string}\"},\"query-input\":{\"@type\":\"PropertyValueSpecification\",\"valueRequired\":true,\"valueName\":\"search_term_string\"}}],\"inLanguage\":\"sv-SE\"},{\"@type\":\"Organization\",\"@id\":\"https:\\\/\\\/9staedte.de\\\/sv\\\/#organization\",\"name\":\"9 St\u00e4dte in Niedersachsen\",\"url\":\"https:\\\/\\\/9staedte.de\\\/sv\\\/\",\"logo\":{\"@type\":\"ImageObject\",\"inLanguage\":\"sv-SE\",\"@id\":\"https:\\\/\\\/9staedte.de\\\/sv\\\/#\\\/schema\\\/logo\\\/image\\\/\",\"url\":\"https:\\\/\\\/9staedte.de\\\/wp-content\\\/uploads\\\/2025\\\/01\\\/9-neg-deutsch-2-1.png\",\"contentUrl\":\"https:\\\/\\\/9staedte.de\\\/wp-content\\\/uploads\\\/2025\\\/01\\\/9-neg-deutsch-2-1.png\",\"width\":190,\"height\":114,\"caption\":\"9 St\u00e4dte in Niedersachsen\"},\"image\":{\"@id\":\"https:\\\/\\\/9staedte.de\\\/sv\\\/#\\\/schema\\\/logo\\\/image\\\/\"}}]}<\/script>\n<!-- \/ Yoast SEO plugin. -->","yoast_head_json":{"title":"Imprint - 9 st\u00e4der i Niedersachsen - 9 St\u00e4dte in Niedersachsen","robots":{"index":"index","follow":"follow","max-snippet":"max-snippet:-1","max-image-preview":"max-image-preview:large","max-video-preview":"max-video-preview:-1"},"canonical":"https:\/\/9staedte.de\/sv\/imprint-9-staeder-i-niedersachsen\/","og_locale":"sv_SE","og_type":"article","og_title":"Imprint - 9 st\u00e4der i Niedersachsen - 9 St\u00e4dte in Niedersachsen","og_description":"9 st\u00e4der +2 i NiedersachsenHannover marknadsf\u00f6ring och turism GmbHVahrenwalder Strasse 730165 Hanover Tel.: +49 (0) 511\/168-49746Fax:&nbsp; +49 (0) 511\/168-49779E-post: 9cities@hannover-tourismus.de Hannover marknadsf\u00f6ring och turism GmbHHannovers lokala domstol: avdelningen f\u00f6r handelsregister. B. nr 59223F\u00f6retagets s\u00e4te: HannoverVerkst\u00e4llande direkt\u00f6r: Hans Christian NolteMomsregistreringsnummer: DE211133985 Ansvarig f\u00f6r inneh\u00e5llet: Petra Sievers Meddelande om ansvarsskyldighet Vi ansvarar inte f\u00f6r inneh\u00e5llet p\u00e5 de [&hellip;]","og_url":"https:\/\/9staedte.de\/sv\/imprint-9-staeder-i-niedersachsen\/","og_site_name":"9 St\u00e4dte in Niedersachsen","twitter_card":"summary_large_image","twitter_misc":{"Ber\u00e4knad l\u00e4stid":"2 minuter"},"schema":{"@context":"https:\/\/schema.org","@graph":[{"@type":"WebPage","@id":"https:\/\/9staedte.de\/sv\/imprint-9-staeder-i-niedersachsen\/","url":"https:\/\/9staedte.de\/sv\/imprint-9-staeder-i-niedersachsen\/","name":"Imprint - 9 st\u00e4der i Niedersachsen - 9 St\u00e4dte in Niedersachsen","isPartOf":{"@id":"https:\/\/9staedte.de\/sv\/#website"},"datePublished":"2023-10-25T14:24:20+00:00","breadcrumb":{"@id":"https:\/\/9staedte.de\/sv\/imprint-9-staeder-i-niedersachsen\/#breadcrumb"},"inLanguage":"sv-SE","potentialAction":[{"@type":"ReadAction","target":["https:\/\/9staedte.de\/sv\/imprint-9-staeder-i-niedersachsen\/"]}]},{"@type":"BreadcrumbList","@id":"https:\/\/9staedte.de\/sv\/imprint-9-staeder-i-niedersachsen\/#breadcrumb","itemListElement":[{"@type":"ListItem","position":1,"name":"Startseite","item":"https:\/\/9staedte.de\/sv\/"},{"@type":"ListItem","position":2,"name":"Imprint &#8211; 9 st\u00e4der i Niedersachsen"}]},{"@type":"WebSite","@id":"https:\/\/9staedte.de\/sv\/#website","url":"https:\/\/9staedte.de\/sv\/","name":"9 St\u00e4dte in Niedersachsen","description":"","publisher":{"@id":"https:\/\/9staedte.de\/sv\/#organization"},"potentialAction":[{"@type":"SearchAction","target":{"@type":"EntryPoint","urlTemplate":"https:\/\/9staedte.de\/sv\/?s={search_term_string}"},"query-input":{"@type":"PropertyValueSpecification","valueRequired":true,"valueName":"search_term_string"}}],"inLanguage":"sv-SE"},{"@type":"Organization","@id":"https:\/\/9staedte.de\/sv\/#organization","name":"9 St\u00e4dte in Niedersachsen","url":"https:\/\/9staedte.de\/sv\/","logo":{"@type":"ImageObject","inLanguage":"sv-SE","@id":"https:\/\/9staedte.de\/sv\/#\/schema\/logo\/image\/","url":"https:\/\/9staedte.de\/wp-content\/uploads\/2025\/01\/9-neg-deutsch-2-1.png","contentUrl":"https:\/\/9staedte.de\/wp-content\/uploads\/2025\/01\/9-neg-deutsch-2-1.png","width":190,"height":114,"caption":"9 St\u00e4dte in Niedersachsen"},"image":{"@id":"https:\/\/9staedte.de\/sv\/#\/schema\/logo\/image\/"}}]}},"_links":{"self":[{"href":"https:\/\/9staedte.de\/sv\/wp-json\/wp\/v2\/pages\/14350","targetHints":{"allow":["GET"]}}],"collection":[{"href":"https:\/\/9staedte.de\/sv\/wp-json\/wp\/v2\/pages"}],"about":[{"href":"https:\/\/9staedte.de\/sv\/wp-json\/wp\/v2\/types\/page"}],"author":[{"embeddable":true,"href":"https:\/\/9staedte.de\/sv\/wp-json\/wp\/v2\/users\/1"}],"replies":[{"embeddable":true,"href":"https:\/\/9staedte.de\/sv\/wp-json\/wp\/v2\/comments?post=14350"}],"version-history":[{"count":1,"href":"https:\/\/9staedte.de\/sv\/wp-json\/wp\/v2\/pages\/14350\/revisions"}],"predecessor-version":[{"id":14351,"href":"https:\/\/9staedte.de\/sv\/wp-json\/wp\/v2\/pages\/14350\/revisions\/14351"}],"wp:attachment":[{"href":"https:\/\/9staedte.de\/sv\/wp-json\/wp\/v2\/media?parent=14350"}],"wp:term":[{"taxonomy":"category","embeddable":true,"href":"https:\/\/9staedte.de\/sv\/wp-json\/wp\/v2\/categories?post=14350"},{"taxonomy":"post_tag","embeddable":true,"href":"https:\/\/9staedte.de\/sv\/wp-json\/wp\/v2\/tags?post=14350"},{"taxonomy":"ncap_cities_tax","embeddable":true,"href":"https:\/\/9staedte.de\/sv\/wp-json\/wp\/v2\/ncap_cities_tax?post=14350"}],"curies":[{"name":"wp","href":"https:\/\/api.w.org\/{rel}","templated":true}]}}