{"id":14341,"date":"2023-10-25T16:13:30","date_gmt":"2023-10-25T14:13:30","guid":{"rendered":"https:\/\/9staedte.de\/dagsprogram-i-braunschweig\/"},"modified":"2023-10-25T17:41:19","modified_gmt":"2023-10-25T15:41:19","slug":"dagsprogram-i-braunschweig","status":"publish","type":"page","link":"https:\/\/9staedte.de\/sv\/braunschweig-lejonstaden\/dagsprogram-i-braunschweig\/","title":{"rendered":"Dagsprogram i Braunschweig"},"content":{"rendered":"\n<p>Du vill tillbringa en dag i Braunschweig och vet inte riktigt hur du ska planera? D\u00e5 hj\u00e4lper turistinformationen dig g\u00e4rna att s\u00e4tta ihop ett l\u00e4mpligt dagsprogram f\u00f6r ett bes\u00f6k i Lejonstaden &#8211; oavsett om det handlar om sightseeing och en promenad genom staden, en tur p\u00e5 floden Oker eller ett bes\u00f6k i de omgivande slotten &#8211; eller alla ovanst\u00e5ende.<\/p>\n\n\n\n<p>Ytterligare information finns p\u00e5 <a href=\"http:\/\/www.braunschweig.de\/reiseangebote\" target=\"_blank\" rel=\"noreferrer noopener\">www.braunschweig.de\/reiseangebote<\/a><\/p>\n\n\n\n<div style=\"height:13px\" aria-hidden=\"true\" class=\"wp-block-spacer\"><\/div>\n\n\n\n<p><strong>Tips<\/strong>: Erbjudandena i juletid \u00e4r ocks\u00e5 intressanta f\u00f6r alla resen\u00e4rer och grupper som vill l\u00e4ra k\u00e4nna Braunschweigs julmarknad fr\u00e5n en annan vinkel. F\u00f6r mer information om <a href=\"https:\/\/www.braunschweig.de\/weihnachtsmarkt\/besuchen.php\">julrundturerna, klicka h\u00e4r<\/a>.<\/p>\n","protected":false},"excerpt":{"rendered":"<p>Du vill tillbringa en dag i Braunschweig och vet inte riktigt hur du ska planera? D\u00e5 hj\u00e4lper turistinformationen dig g\u00e4rna att s\u00e4tta ihop ett l\u00e4mpligt dagsprogram f\u00f6r ett bes\u00f6k i Lejonstaden &#8211; oavsett om det handlar om sightseeing och en promenad genom staden, en tur p\u00e5 floden Oker eller ett bes\u00f6k i de omgivande slotten [&hellip;]<\/p>\n","protected":false},"author":1,"featured_media":13376,"parent":14382,"menu_order":0,"comment_status":"closed","ping_status":"closed","template":"pagetemplates\/template-stadtthema.php","meta":{"_acf_changed":false,"footnotes":""},"categories":[],"tags":[],"ncap_cities_tax":[421,890],"class_list":["post-14341","page","type-page","status-publish","has-post-thumbnail","hentry","ncap_cities_tax-braunschweig-sv","ncap_cities_tax-tagesprogramme-braunschweig-sv"],"acf":[],"yoast_head":"<!-- This site is optimized with the Yoast SEO plugin v26.8 - https:\/\/yoast.com\/product\/yoast-seo-wordpress\/ -->\n<title>Dagsprogram i Braunschweig - 9 St\u00e4dte in Niedersachsen<\/title>\n<meta name=\"robots\" content=\"index, follow, max-snippet:-1, max-image-preview:large, max-video-preview:-1\" \/>\n<link rel=\"canonical\" href=\"https:\/\/9staedte.de\/sv\/braunschweig-lejonstaden\/dagsprogram-i-braunschweig\/\" \/>\n<meta property=\"og:locale\" content=\"sv_SE\" \/>\n<meta property=\"og:type\" content=\"article\" \/>\n<meta property=\"og:title\" content=\"Dagsprogram i Braunschweig - 9 St\u00e4dte in Niedersachsen\" \/>\n<meta property=\"og:description\" content=\"Du vill tillbringa en dag i Braunschweig och vet inte riktigt hur du ska planera? D\u00e5 hj\u00e4lper turistinformationen dig g\u00e4rna att s\u00e4tta ihop ett l\u00e4mpligt dagsprogram f\u00f6r ett bes\u00f6k i Lejonstaden &#8211; oavsett om det handlar om sightseeing och en promenad genom staden, en tur p\u00e5 floden Oker eller ett bes\u00f6k i de omgivande slotten [&hellip;]\" \/>\n<meta property=\"og:url\" content=\"https:\/\/9staedte.de\/sv\/braunschweig-lejonstaden\/dagsprogram-i-braunschweig\/\" \/>\n<meta property=\"og:site_name\" content=\"9 St\u00e4dte in Niedersachsen\" \/>\n<meta property=\"article:modified_time\" content=\"2023-10-25T15:41:19+00:00\" \/>\n<meta property=\"og:image\" content=\"https:\/\/9staedte.de\/wp-content\/uploads\/2023\/01\/Braunschweig-Oldtown-Market-c-Braunschweig-Stadtmarketing-Christian-Bierwagen-1.jpg\" \/>\n\t<meta property=\"og:image:width\" content=\"1020\" \/>\n\t<meta property=\"og:image:height\" content=\"560\" \/>\n\t<meta property=\"og:image:type\" content=\"image\/jpeg\" \/>\n<meta name=\"twitter:card\" content=\"summary_large_image\" \/>\n<meta name=\"twitter:label1\" content=\"Ber\u00e4knad l\u00e4stid\" \/>\n\t<meta name=\"twitter:data1\" content=\"1 minut\" \/>\n<script type=\"application\/ld+json\" class=\"yoast-schema-graph\">{\"@context\":\"https:\/\/schema.org\",\"@graph\":[{\"@type\":\"WebPage\",\"@id\":\"https:\/\/9staedte.de\/sv\/braunschweig-lejonstaden\/dagsprogram-i-braunschweig\/\",\"url\":\"https:\/\/9staedte.de\/sv\/braunschweig-lejonstaden\/dagsprogram-i-braunschweig\/\",\"name\":\"Dagsprogram i Braunschweig - 9 St\u00e4dte in Niedersachsen\",\"isPartOf\":{\"@id\":\"https:\/\/9staedte.de\/sv\/#website\"},\"primaryImageOfPage\":{\"@id\":\"https:\/\/9staedte.de\/sv\/braunschweig-lejonstaden\/dagsprogram-i-braunschweig\/#primaryimage\"},\"image\":{\"@id\":\"https:\/\/9staedte.de\/sv\/braunschweig-lejonstaden\/dagsprogram-i-braunschweig\/#primaryimage\"},\"thumbnailUrl\":\"https:\/\/9staedte.de\/wp-content\/uploads\/2023\/01\/Braunschweig-Oldtown-Market-c-Braunschweig-Stadtmarketing-Christian-Bierwagen-1.jpg\",\"datePublished\":\"2023-10-25T14:13:30+00:00\",\"dateModified\":\"2023-10-25T15:41:19+00:00\",\"breadcrumb\":{\"@id\":\"https:\/\/9staedte.de\/sv\/braunschweig-lejonstaden\/dagsprogram-i-braunschweig\/#breadcrumb\"},\"inLanguage\":\"sv-SE\",\"potentialAction\":[{\"@type\":\"ReadAction\",\"target\":[\"https:\/\/9staedte.de\/sv\/braunschweig-lejonstaden\/dagsprogram-i-braunschweig\/\"]}]},{\"@type\":\"ImageObject\",\"inLanguage\":\"sv-SE\",\"@id\":\"https:\/\/9staedte.de\/sv\/braunschweig-lejonstaden\/dagsprogram-i-braunschweig\/#primaryimage\",\"url\":\"https:\/\/9staedte.de\/wp-content\/uploads\/2023\/01\/Braunschweig-Oldtown-Market-c-Braunschweig-Stadtmarketing-Christian-Bierwagen-1.jpg\",\"contentUrl\":\"https:\/\/9staedte.de\/wp-content\/uploads\/2023\/01\/Braunschweig-Oldtown-Market-c-Braunschweig-Stadtmarketing-Christian-Bierwagen-1.jpg\",\"width\":1020,\"height\":560,\"caption\":\"Braunschweig Oldtown Market c) Braunschweig Stadtmarketing Christian Bierwagen\"},{\"@type\":\"BreadcrumbList\",\"@id\":\"https:\/\/9staedte.de\/sv\/braunschweig-lejonstaden\/dagsprogram-i-braunschweig\/#breadcrumb\",\"itemListElement\":[{\"@type\":\"ListItem\",\"position\":1,\"name\":\"Startseite\",\"item\":\"https:\/\/9staedte.de\/sv\/\"},{\"@type\":\"ListItem\",\"position\":2,\"name\":\"Braunschweig &#8211; City of Lions\",\"item\":\"https:\/\/9staedte.de\/sv\/braunschweig-lejonstaden\/\"},{\"@type\":\"ListItem\",\"position\":3,\"name\":\"Dagsprogram i Braunschweig\"}]},{\"@type\":\"WebSite\",\"@id\":\"https:\/\/9staedte.de\/sv\/#website\",\"url\":\"https:\/\/9staedte.de\/sv\/\",\"name\":\"9 St\u00e4dte in Niedersachsen\",\"description\":\"\",\"publisher\":{\"@id\":\"https:\/\/9staedte.de\/sv\/#organization\"},\"potentialAction\":[{\"@type\":\"SearchAction\",\"target\":{\"@type\":\"EntryPoint\",\"urlTemplate\":\"https:\/\/9staedte.de\/sv\/?s={search_term_string}\"},\"query-input\":{\"@type\":\"PropertyValueSpecification\",\"valueRequired\":true,\"valueName\":\"search_term_string\"}}],\"inLanguage\":\"sv-SE\"},{\"@type\":\"Organization\",\"@id\":\"https:\/\/9staedte.de\/sv\/#organization\",\"name\":\"9 St\u00e4dte in Niedersachsen\",\"url\":\"https:\/\/9staedte.de\/sv\/\",\"logo\":{\"@type\":\"ImageObject\",\"inLanguage\":\"sv-SE\",\"@id\":\"https:\/\/9staedte.de\/sv\/#\/schema\/logo\/image\/\",\"url\":\"https:\/\/9staedte.de\/wp-content\/uploads\/2025\/01\/9-neg-deutsch-2-1.png\",\"contentUrl\":\"https:\/\/9staedte.de\/wp-content\/uploads\/2025\/01\/9-neg-deutsch-2-1.png\",\"width\":190,\"height\":114,\"caption\":\"9 St\u00e4dte in Niedersachsen\"},\"image\":{\"@id\":\"https:\/\/9staedte.de\/sv\/#\/schema\/logo\/image\/\"}}]}<\/script>\n<!-- \/ Yoast SEO plugin. -->","yoast_head_json":{"title":"Dagsprogram i Braunschweig - 9 St\u00e4dte in Niedersachsen","robots":{"index":"index","follow":"follow","max-snippet":"max-snippet:-1","max-image-preview":"max-image-preview:large","max-video-preview":"max-video-preview:-1"},"canonical":"https:\/\/9staedte.de\/sv\/braunschweig-lejonstaden\/dagsprogram-i-braunschweig\/","og_locale":"sv_SE","og_type":"article","og_title":"Dagsprogram i Braunschweig - 9 St\u00e4dte in Niedersachsen","og_description":"Du vill tillbringa en dag i Braunschweig och vet inte riktigt hur du ska planera? D\u00e5 hj\u00e4lper turistinformationen dig g\u00e4rna att s\u00e4tta ihop ett l\u00e4mpligt dagsprogram f\u00f6r ett bes\u00f6k i Lejonstaden &#8211; oavsett om det handlar om sightseeing och en promenad genom staden, en tur p\u00e5 floden Oker eller ett bes\u00f6k i de omgivande slotten [&hellip;]","og_url":"https:\/\/9staedte.de\/sv\/braunschweig-lejonstaden\/dagsprogram-i-braunschweig\/","og_site_name":"9 St\u00e4dte in Niedersachsen","article_modified_time":"2023-10-25T15:41:19+00:00","og_image":[{"width":1020,"height":560,"url":"https:\/\/9staedte.de\/wp-content\/uploads\/2023\/01\/Braunschweig-Oldtown-Market-c-Braunschweig-Stadtmarketing-Christian-Bierwagen-1.jpg","type":"image\/jpeg"}],"twitter_card":"summary_large_image","twitter_misc":{"Ber\u00e4knad l\u00e4stid":"1 minut"},"schema":{"@context":"https:\/\/schema.org","@graph":[{"@type":"WebPage","@id":"https:\/\/9staedte.de\/sv\/braunschweig-lejonstaden\/dagsprogram-i-braunschweig\/","url":"https:\/\/9staedte.de\/sv\/braunschweig-lejonstaden\/dagsprogram-i-braunschweig\/","name":"Dagsprogram i Braunschweig - 9 St\u00e4dte in Niedersachsen","isPartOf":{"@id":"https:\/\/9staedte.de\/sv\/#website"},"primaryImageOfPage":{"@id":"https:\/\/9staedte.de\/sv\/braunschweig-lejonstaden\/dagsprogram-i-braunschweig\/#primaryimage"},"image":{"@id":"https:\/\/9staedte.de\/sv\/braunschweig-lejonstaden\/dagsprogram-i-braunschweig\/#primaryimage"},"thumbnailUrl":"https:\/\/9staedte.de\/wp-content\/uploads\/2023\/01\/Braunschweig-Oldtown-Market-c-Braunschweig-Stadtmarketing-Christian-Bierwagen-1.jpg","datePublished":"2023-10-25T14:13:30+00:00","dateModified":"2023-10-25T15:41:19+00:00","breadcrumb":{"@id":"https:\/\/9staedte.de\/sv\/braunschweig-lejonstaden\/dagsprogram-i-braunschweig\/#breadcrumb"},"inLanguage":"sv-SE","potentialAction":[{"@type":"ReadAction","target":["https:\/\/9staedte.de\/sv\/braunschweig-lejonstaden\/dagsprogram-i-braunschweig\/"]}]},{"@type":"ImageObject","inLanguage":"sv-SE","@id":"https:\/\/9staedte.de\/sv\/braunschweig-lejonstaden\/dagsprogram-i-braunschweig\/#primaryimage","url":"https:\/\/9staedte.de\/wp-content\/uploads\/2023\/01\/Braunschweig-Oldtown-Market-c-Braunschweig-Stadtmarketing-Christian-Bierwagen-1.jpg","contentUrl":"https:\/\/9staedte.de\/wp-content\/uploads\/2023\/01\/Braunschweig-Oldtown-Market-c-Braunschweig-Stadtmarketing-Christian-Bierwagen-1.jpg","width":1020,"height":560,"caption":"Braunschweig Oldtown Market c) Braunschweig Stadtmarketing Christian Bierwagen"},{"@type":"BreadcrumbList","@id":"https:\/\/9staedte.de\/sv\/braunschweig-lejonstaden\/dagsprogram-i-braunschweig\/#breadcrumb","itemListElement":[{"@type":"ListItem","position":1,"name":"Startseite","item":"https:\/\/9staedte.de\/sv\/"},{"@type":"ListItem","position":2,"name":"Braunschweig &#8211; City of Lions","item":"https:\/\/9staedte.de\/sv\/braunschweig-lejonstaden\/"},{"@type":"ListItem","position":3,"name":"Dagsprogram i Braunschweig"}]},{"@type":"WebSite","@id":"https:\/\/9staedte.de\/sv\/#website","url":"https:\/\/9staedte.de\/sv\/","name":"9 St\u00e4dte in Niedersachsen","description":"","publisher":{"@id":"https:\/\/9staedte.de\/sv\/#organization"},"potentialAction":[{"@type":"SearchAction","target":{"@type":"EntryPoint","urlTemplate":"https:\/\/9staedte.de\/sv\/?s={search_term_string}"},"query-input":{"@type":"PropertyValueSpecification","valueRequired":true,"valueName":"search_term_string"}}],"inLanguage":"sv-SE"},{"@type":"Organization","@id":"https:\/\/9staedte.de\/sv\/#organization","name":"9 St\u00e4dte in Niedersachsen","url":"https:\/\/9staedte.de\/sv\/","logo":{"@type":"ImageObject","inLanguage":"sv-SE","@id":"https:\/\/9staedte.de\/sv\/#\/schema\/logo\/image\/","url":"https:\/\/9staedte.de\/wp-content\/uploads\/2025\/01\/9-neg-deutsch-2-1.png","contentUrl":"https:\/\/9staedte.de\/wp-content\/uploads\/2025\/01\/9-neg-deutsch-2-1.png","width":190,"height":114,"caption":"9 St\u00e4dte in Niedersachsen"},"image":{"@id":"https:\/\/9staedte.de\/sv\/#\/schema\/logo\/image\/"}}]}},"_links":{"self":[{"href":"https:\/\/9staedte.de\/sv\/wp-json\/wp\/v2\/pages\/14341","targetHints":{"allow":["GET"]}}],"collection":[{"href":"https:\/\/9staedte.de\/sv\/wp-json\/wp\/v2\/pages"}],"about":[{"href":"https:\/\/9staedte.de\/sv\/wp-json\/wp\/v2\/types\/page"}],"author":[{"embeddable":true,"href":"https:\/\/9staedte.de\/sv\/wp-json\/wp\/v2\/users\/1"}],"replies":[{"embeddable":true,"href":"https:\/\/9staedte.de\/sv\/wp-json\/wp\/v2\/comments?post=14341"}],"version-history":[{"count":1,"href":"https:\/\/9staedte.de\/sv\/wp-json\/wp\/v2\/pages\/14341\/revisions"}],"predecessor-version":[{"id":14347,"href":"https:\/\/9staedte.de\/sv\/wp-json\/wp\/v2\/pages\/14341\/revisions\/14347"}],"up":[{"embeddable":true,"href":"https:\/\/9staedte.de\/sv\/wp-json\/wp\/v2\/pages\/14382"}],"wp:featuredmedia":[{"embeddable":true,"href":"https:\/\/9staedte.de\/sv\/wp-json\/wp\/v2\/media\/13376"}],"wp:attachment":[{"href":"https:\/\/9staedte.de\/sv\/wp-json\/wp\/v2\/media?parent=14341"}],"wp:term":[{"taxonomy":"category","embeddable":true,"href":"https:\/\/9staedte.de\/sv\/wp-json\/wp\/v2\/categories?post=14341"},{"taxonomy":"post_tag","embeddable":true,"href":"https:\/\/9staedte.de\/sv\/wp-json\/wp\/v2\/tags?post=14341"},{"taxonomy":"ncap_cities_tax","embeddable":true,"href":"https:\/\/9staedte.de\/sv\/wp-json\/wp\/v2\/ncap_cities_tax?post=14341"}],"curies":[{"name":"wp","href":"https:\/\/api.w.org\/{rel}","templated":true}]}}