{"id":14326,"date":"2023-10-25T16:22:03","date_gmt":"2023-10-25T14:22:03","guid":{"rendered":"https:\/\/9staedte.de\/9-staeder-i-niedersachsen-tips-och-information-2\/"},"modified":"2023-10-25T16:22:03","modified_gmt":"2023-10-25T14:22:03","slug":"9-staeder-i-niedersachsen-tips-och-information-2","status":"publish","type":"page","link":"https:\/\/9staedte.de\/sv\/9-staeder-i-niedersachsen-tips-och-information-2\/","title":{"rendered":"9 St\u00e4der i Niedersachsen &#8211; Tips och information"},"content":{"rendered":"\n<p>Anledningar till att bes\u00f6ka&nbsp;de 9 st\u00e4derna i Niedersachsen? Listan \u00e4r o\u00e4ndlig! Extraordin\u00e4ra evenemang, UNESCO:s v\u00e4rldsarv, medeltida stadsk\u00e4rnor, idylliska ensembler av korsvirkeshus, l\u00e4ttsam g\u00e4stfrihet, moderna shoppinggallerior, en livlig r\u00f6relse &#8230;<\/p>\n\n\n\n<h4 class=\"wp-block-heading\">TIP<\/h4>\n\n\n\n<p>Kombinera din resa in i historien med en resa till den inspirerande Autostadt-v\u00e4rlden i Wolfsburg. Upplev expeditioner in i framtidens mobilitet, tidsresor genom bilens historia och uppt\u00e4cktsf\u00e4rder in i teknikens och innovationens kosmos.<\/p>\n\n\n\n<p>Tips och information om de 9 st\u00e4derna + 2 i Niedersachsen:<\/p>\n\n\n\n<div style=\"height:60px\" aria-hidden=\"true\" class=\"wp-block-spacer\"><\/div>\n\n\n\n<div class=\"content-grid\">\n\n\n  \n  <div class=\"grid\">\n                        \n                    \n          <div class=\"featured-themen-single\">\n            <div class=\"featured-themen-single-inner\" style=\"background-image: url('')\">\n              \n              <a href=\"https:\/\/9staedte.de\/braunschweig-a-lively-city-with-lots-of-history\/\">\n                <span>Braunschweig \u2013  A lively city with lots of history<\/span>\n              <\/a>\n            <\/div>\n          <\/div>\n    \n          \n                  \n                    \n          <div class=\"featured-themen-single\">\n            <div class=\"featured-themen-single-inner\" style=\"background-image: url('')\">\n              \n              <a href=\"https:\/\/9staedte.de\/celle-lovable-ducal-residence-with-europes-largest-ensemble-of-half-timbered-houses\/\">\n                <span>Celle \u2013 Lovable ducal residence with Europe\u2019s largest ensemble of half-timbered houses<\/span>\n              <\/a>\n            <\/div>\n          <\/div>\n    \n          \n                  \n                    \n          <div class=\"featured-themen-single\">\n            <div class=\"featured-themen-single-inner\" style=\"background-image: url('')\">\n              \n              <a href=\"https:\/\/9staedte.de\/einbeck-vintage-cars-half-timbered-houses-and-beer\/\">\n                <span>Einbeck \u2013 Vintage cars, half-timbered houses and beer<\/span>\n              <\/a>\n            <\/div>\n          <\/div>\n    \n          \n                  \n                    \n          <div class=\"featured-themen-single\">\n            <div class=\"featured-themen-single-inner\" style=\"background-image: url('')\">\n              \n              <a href=\"https:\/\/9staedte.de\/goettingen-the-city-that-creates-knowledge\/\">\n                <span>G\u00f6ttingen \u2013 The city that creates knowledge<\/span>\n              <\/a>\n            <\/div>\n          <\/div>\n    \n          \n                  \n                    \n          <div class=\"featured-themen-single\">\n            <div class=\"featured-themen-single-inner\" style=\"background-image: url('')\">\n              \n              <a href=\"https:\/\/9staedte.de\/goslar-world-heritage-sites-in-the-harz-mountains\/\">\n                <span>Goslar \u2013 World Heritage Sites in the Harz mountains<\/span>\n              <\/a>\n            <\/div>\n          <\/div>\n    \n          \n                  \n                    \n          <div class=\"featured-themen-single\">\n            <div class=\"featured-themen-single-inner\" style=\"background-image: url('')\">\n              \n              <a href=\"https:\/\/9staedte.de\/hameln-the-pied-piper-town\/\">\n                <span>Hameln \u2013 The Pied Piper town<\/span>\n              <\/a>\n            <\/div>\n          <\/div>\n    \n          \n                  \n                    \n          <div class=\"featured-themen-single\">\n            <div class=\"featured-themen-single-inner\" style=\"background-image: url('')\">\n              \n              <a href=\"https:\/\/9staedte.de\/hannover-lovable-and-liveable\/\">\n                <span>Hannover \u2013 Lovable and liveable<\/span>\n              <\/a>\n            <\/div>\n          <\/div>\n    \n          \n                  \n                    \n          <div class=\"featured-themen-single\">\n            <div class=\"featured-themen-single-inner\" style=\"background-image: url('')\">\n              \n              <a href=\"https:\/\/9staedte.de\/hildesheim-half-timbered-city-packed-with-culture-and-history\/\">\n                <span>Hildesheim \u2013 Half-timbered city packed with culture and history<\/span>\n              <\/a>\n            <\/div>\n          <\/div>\n    \n          \n                  \n                    \n          <div class=\"featured-themen-single\">\n            <div class=\"featured-themen-single-inner\" style=\"background-image: url('')\">\n              \n              <a href=\"https:\/\/9staedte.de\/wolfenbuettel-1000-half-timbered-houses-and-jaegermeister\/\">\n                <span>Wolfenb\u00fcttel \u2013 1000 half-timbered houses and J\u00e4germeister<\/span>\n              <\/a>\n            <\/div>\n          <\/div>\n    \n          \n                  \n                    \n          <div class=\"featured-themen-single\">\n            <div class=\"featured-themen-single-inner\" style=\"background-image: url('')\">\n              \n              <a href=\"https:\/\/9staedte.de\/autostadt-in-wolfsburg-discover-the-world-of-mobility\/\">\n                <span>Autostadt in Wolfsburg \u2013 Discover the world of mobility<\/span>\n              <\/a>\n            <\/div>\n          <\/div>\n    \n          \n                          \n        <\/div>\n<\/div>","protected":false},"excerpt":{"rendered":"<p>Anledningar till att bes\u00f6ka&nbsp;de 9 st\u00e4derna i Niedersachsen? Listan \u00e4r o\u00e4ndlig! Extraordin\u00e4ra evenemang, UNESCO:s v\u00e4rldsarv, medeltida stadsk\u00e4rnor, idylliska ensembler av korsvirkeshus, l\u00e4ttsam g\u00e4stfrihet, moderna shoppinggallerior, en livlig r\u00f6relse &#8230; TIP Kombinera din resa in i historien med en resa till den inspirerande Autostadt-v\u00e4rlden i Wolfsburg. Upplev expeditioner in i framtidens mobilitet, tidsresor genom bilens historia [&hellip;]<\/p>\n","protected":false},"author":1,"featured_media":0,"parent":0,"menu_order":0,"comment_status":"closed","ping_status":"closed","template":"","meta":{"_acf_changed":false,"footnotes":""},"categories":[],"tags":[],"ncap_cities_tax":[],"class_list":["post-14326","page","type-page","status-publish","hentry"],"acf":[],"yoast_head":"<!-- This site is optimized with the Yoast SEO plugin v26.8 - https:\/\/yoast.com\/product\/yoast-seo-wordpress\/ -->\n<title>9 St\u00e4der i Niedersachsen - Tips och information - 9 St\u00e4dte in Niedersachsen<\/title>\n<meta name=\"robots\" content=\"index, follow, max-snippet:-1, max-image-preview:large, max-video-preview:-1\" \/>\n<link rel=\"canonical\" href=\"https:\/\/9staedte.de\/sv\/9-staeder-i-niedersachsen-tips-och-information-2\/\" \/>\n<meta property=\"og:locale\" content=\"sv_SE\" \/>\n<meta property=\"og:type\" content=\"article\" \/>\n<meta property=\"og:title\" content=\"9 St\u00e4der i Niedersachsen - Tips och information - 9 St\u00e4dte in Niedersachsen\" \/>\n<meta property=\"og:description\" content=\"Anledningar till att bes\u00f6ka&nbsp;de 9 st\u00e4derna i Niedersachsen? Listan \u00e4r o\u00e4ndlig! Extraordin\u00e4ra evenemang, UNESCO:s v\u00e4rldsarv, medeltida stadsk\u00e4rnor, idylliska ensembler av korsvirkeshus, l\u00e4ttsam g\u00e4stfrihet, moderna shoppinggallerior, en livlig r\u00f6relse &#8230; TIP Kombinera din resa in i historien med en resa till den inspirerande Autostadt-v\u00e4rlden i Wolfsburg. Upplev expeditioner in i framtidens mobilitet, tidsresor genom bilens historia [&hellip;]\" \/>\n<meta property=\"og:url\" content=\"https:\/\/9staedte.de\/sv\/9-staeder-i-niedersachsen-tips-och-information-2\/\" \/>\n<meta property=\"og:site_name\" content=\"9 St\u00e4dte in Niedersachsen\" \/>\n<meta name=\"twitter:card\" content=\"summary_large_image\" \/>\n<script type=\"application\/ld+json\" class=\"yoast-schema-graph\">{\"@context\":\"https:\/\/schema.org\",\"@graph\":[{\"@type\":\"WebPage\",\"@id\":\"https:\/\/9staedte.de\/sv\/9-staeder-i-niedersachsen-tips-och-information-2\/\",\"url\":\"https:\/\/9staedte.de\/sv\/9-staeder-i-niedersachsen-tips-och-information-2\/\",\"name\":\"9 St\u00e4der i Niedersachsen - Tips och information - 9 St\u00e4dte in Niedersachsen\",\"isPartOf\":{\"@id\":\"https:\/\/9staedte.de\/sv\/#website\"},\"datePublished\":\"2023-10-25T14:22:03+00:00\",\"breadcrumb\":{\"@id\":\"https:\/\/9staedte.de\/sv\/9-staeder-i-niedersachsen-tips-och-information-2\/#breadcrumb\"},\"inLanguage\":\"sv-SE\",\"potentialAction\":[{\"@type\":\"ReadAction\",\"target\":[\"https:\/\/9staedte.de\/sv\/9-staeder-i-niedersachsen-tips-och-information-2\/\"]}]},{\"@type\":\"BreadcrumbList\",\"@id\":\"https:\/\/9staedte.de\/sv\/9-staeder-i-niedersachsen-tips-och-information-2\/#breadcrumb\",\"itemListElement\":[{\"@type\":\"ListItem\",\"position\":1,\"name\":\"Startseite\",\"item\":\"https:\/\/9staedte.de\/sv\/\"},{\"@type\":\"ListItem\",\"position\":2,\"name\":\"9 St\u00e4der i Niedersachsen &#8211; Tips och information\"}]},{\"@type\":\"WebSite\",\"@id\":\"https:\/\/9staedte.de\/sv\/#website\",\"url\":\"https:\/\/9staedte.de\/sv\/\",\"name\":\"9 St\u00e4dte in Niedersachsen\",\"description\":\"\",\"publisher\":{\"@id\":\"https:\/\/9staedte.de\/sv\/#organization\"},\"potentialAction\":[{\"@type\":\"SearchAction\",\"target\":{\"@type\":\"EntryPoint\",\"urlTemplate\":\"https:\/\/9staedte.de\/sv\/?s={search_term_string}\"},\"query-input\":{\"@type\":\"PropertyValueSpecification\",\"valueRequired\":true,\"valueName\":\"search_term_string\"}}],\"inLanguage\":\"sv-SE\"},{\"@type\":\"Organization\",\"@id\":\"https:\/\/9staedte.de\/sv\/#organization\",\"name\":\"9 St\u00e4dte in Niedersachsen\",\"url\":\"https:\/\/9staedte.de\/sv\/\",\"logo\":{\"@type\":\"ImageObject\",\"inLanguage\":\"sv-SE\",\"@id\":\"https:\/\/9staedte.de\/sv\/#\/schema\/logo\/image\/\",\"url\":\"https:\/\/9staedte.de\/wp-content\/uploads\/2025\/01\/9-neg-deutsch-2-1.png\",\"contentUrl\":\"https:\/\/9staedte.de\/wp-content\/uploads\/2025\/01\/9-neg-deutsch-2-1.png\",\"width\":190,\"height\":114,\"caption\":\"9 St\u00e4dte in Niedersachsen\"},\"image\":{\"@id\":\"https:\/\/9staedte.de\/sv\/#\/schema\/logo\/image\/\"}}]}<\/script>\n<!-- \/ Yoast SEO plugin. -->","yoast_head_json":{"title":"9 St\u00e4der i Niedersachsen - Tips och information - 9 St\u00e4dte in Niedersachsen","robots":{"index":"index","follow":"follow","max-snippet":"max-snippet:-1","max-image-preview":"max-image-preview:large","max-video-preview":"max-video-preview:-1"},"canonical":"https:\/\/9staedte.de\/sv\/9-staeder-i-niedersachsen-tips-och-information-2\/","og_locale":"sv_SE","og_type":"article","og_title":"9 St\u00e4der i Niedersachsen - Tips och information - 9 St\u00e4dte in Niedersachsen","og_description":"Anledningar till att bes\u00f6ka&nbsp;de 9 st\u00e4derna i Niedersachsen? Listan \u00e4r o\u00e4ndlig! Extraordin\u00e4ra evenemang, UNESCO:s v\u00e4rldsarv, medeltida stadsk\u00e4rnor, idylliska ensembler av korsvirkeshus, l\u00e4ttsam g\u00e4stfrihet, moderna shoppinggallerior, en livlig r\u00f6relse &#8230; TIP Kombinera din resa in i historien med en resa till den inspirerande Autostadt-v\u00e4rlden i Wolfsburg. Upplev expeditioner in i framtidens mobilitet, tidsresor genom bilens historia [&hellip;]","og_url":"https:\/\/9staedte.de\/sv\/9-staeder-i-niedersachsen-tips-och-information-2\/","og_site_name":"9 St\u00e4dte in Niedersachsen","twitter_card":"summary_large_image","schema":{"@context":"https:\/\/schema.org","@graph":[{"@type":"WebPage","@id":"https:\/\/9staedte.de\/sv\/9-staeder-i-niedersachsen-tips-och-information-2\/","url":"https:\/\/9staedte.de\/sv\/9-staeder-i-niedersachsen-tips-och-information-2\/","name":"9 St\u00e4der i Niedersachsen - Tips och information - 9 St\u00e4dte in Niedersachsen","isPartOf":{"@id":"https:\/\/9staedte.de\/sv\/#website"},"datePublished":"2023-10-25T14:22:03+00:00","breadcrumb":{"@id":"https:\/\/9staedte.de\/sv\/9-staeder-i-niedersachsen-tips-och-information-2\/#breadcrumb"},"inLanguage":"sv-SE","potentialAction":[{"@type":"ReadAction","target":["https:\/\/9staedte.de\/sv\/9-staeder-i-niedersachsen-tips-och-information-2\/"]}]},{"@type":"BreadcrumbList","@id":"https:\/\/9staedte.de\/sv\/9-staeder-i-niedersachsen-tips-och-information-2\/#breadcrumb","itemListElement":[{"@type":"ListItem","position":1,"name":"Startseite","item":"https:\/\/9staedte.de\/sv\/"},{"@type":"ListItem","position":2,"name":"9 St\u00e4der i Niedersachsen &#8211; Tips och information"}]},{"@type":"WebSite","@id":"https:\/\/9staedte.de\/sv\/#website","url":"https:\/\/9staedte.de\/sv\/","name":"9 St\u00e4dte in Niedersachsen","description":"","publisher":{"@id":"https:\/\/9staedte.de\/sv\/#organization"},"potentialAction":[{"@type":"SearchAction","target":{"@type":"EntryPoint","urlTemplate":"https:\/\/9staedte.de\/sv\/?s={search_term_string}"},"query-input":{"@type":"PropertyValueSpecification","valueRequired":true,"valueName":"search_term_string"}}],"inLanguage":"sv-SE"},{"@type":"Organization","@id":"https:\/\/9staedte.de\/sv\/#organization","name":"9 St\u00e4dte in Niedersachsen","url":"https:\/\/9staedte.de\/sv\/","logo":{"@type":"ImageObject","inLanguage":"sv-SE","@id":"https:\/\/9staedte.de\/sv\/#\/schema\/logo\/image\/","url":"https:\/\/9staedte.de\/wp-content\/uploads\/2025\/01\/9-neg-deutsch-2-1.png","contentUrl":"https:\/\/9staedte.de\/wp-content\/uploads\/2025\/01\/9-neg-deutsch-2-1.png","width":190,"height":114,"caption":"9 St\u00e4dte in Niedersachsen"},"image":{"@id":"https:\/\/9staedte.de\/sv\/#\/schema\/logo\/image\/"}}]}},"_links":{"self":[{"href":"https:\/\/9staedte.de\/sv\/wp-json\/wp\/v2\/pages\/14326","targetHints":{"allow":["GET"]}}],"collection":[{"href":"https:\/\/9staedte.de\/sv\/wp-json\/wp\/v2\/pages"}],"about":[{"href":"https:\/\/9staedte.de\/sv\/wp-json\/wp\/v2\/types\/page"}],"author":[{"embeddable":true,"href":"https:\/\/9staedte.de\/sv\/wp-json\/wp\/v2\/users\/1"}],"replies":[{"embeddable":true,"href":"https:\/\/9staedte.de\/sv\/wp-json\/wp\/v2\/comments?post=14326"}],"version-history":[{"count":1,"href":"https:\/\/9staedte.de\/sv\/wp-json\/wp\/v2\/pages\/14326\/revisions"}],"predecessor-version":[{"id":14331,"href":"https:\/\/9staedte.de\/sv\/wp-json\/wp\/v2\/pages\/14326\/revisions\/14331"}],"wp:attachment":[{"href":"https:\/\/9staedte.de\/sv\/wp-json\/wp\/v2\/media?parent=14326"}],"wp:term":[{"taxonomy":"category","embeddable":true,"href":"https:\/\/9staedte.de\/sv\/wp-json\/wp\/v2\/categories?post=14326"},{"taxonomy":"post_tag","embeddable":true,"href":"https:\/\/9staedte.de\/sv\/wp-json\/wp\/v2\/tags?post=14326"},{"taxonomy":"ncap_cities_tax","embeddable":true,"href":"https:\/\/9staedte.de\/sv\/wp-json\/wp\/v2\/ncap_cities_tax?post=14326"}],"curies":[{"name":"wp","href":"https:\/\/api.w.org\/{rel}","templated":true}]}}