{"id":14316,"date":"2023-10-25T16:22:24","date_gmt":"2023-10-25T14:22:24","guid":{"rendered":"https:\/\/9staedte.de\/konferenser-och-kongresser-i-braunschweig\/"},"modified":"2023-10-25T17:41:59","modified_gmt":"2023-10-25T15:41:59","slug":"konferenser-och-kongresser-i-braunschweig","status":"publish","type":"page","link":"https:\/\/9staedte.de\/sv\/braunschweig-lejonstaden\/konferenser-och-kongresser-i-braunschweig\/","title":{"rendered":"Konferenser och kongresser i Braunschweig"},"content":{"rendered":"\n<h2 class=\"wp-block-heading\">M\u00f6ten i Lejonstaden<\/h2>\n\n\n\n<p>H\u00e5ll dina konferenser och kongresser i Braunschweig &#8211; staden f\u00f6r vetenskap, forskning och teknik. En kongresstad med optimala f\u00f6ruts\u00e4ttningar f\u00f6r m\u00f6ten.<\/p>\n\n\n\n<p>Braunschweig \u00e4r \u00f6verraskande: den stora staden med 250 000 inv\u00e5nare \u00e4r en av de mest forskningsintensiva regionerna i Europa. Mer \u00e4n 15 000 m\u00e4nniskor arbetar och forskar h\u00e4r i 250 f\u00f6retag inom den h\u00f6gteknologiska sektorn och 27 internationellt viktiga forskningsinstitutioner. I en rikst\u00e4ckande j\u00e4mf\u00f6relse av regioner ligger Braunschweig p\u00e5 f\u00f6rsta plats n\u00e4r det g\u00e4ller andelen personer som arbetar med vetenskap. P\u00e5 denna livliga forskningsort erbjuder Convention Bureau Braunschweig omfattande st\u00f6d vid planering och genomf\u00f6rande av m\u00f6ten och kongresser och lovar, genom kreativa id\u00e9er och intensiva f\u00f6rberedelser, att varje evenemang kommer att bli en upplevelse.<\/p>\n\n\n\n<p>Och det finns gott om upplevelser h\u00e4r! Braunschweig \u00e4r en storstad som har vuxit historiskt och har ett omfattande st\u00f6dprogram att erbjuda. Konferensdeltagarna kommer att bli h\u00e4nf\u00f6rda av de m\u00e5nga sev\u00e4rdheterna och det attraktiva fritidsutbudet. Detta s\u00e4kerst\u00e4lls ocks\u00e5 av det varierade kulturutbudet med k\u00e4nda museer, enast\u00e5ende teater- och konsertevenemang, konstutst\u00e4llningar och sportevenemang. Dessutom finns det restauranger med ett varierat utbud: fr\u00e5n vegan till Wagyu-biff. P\u00e5 kv\u00e4llen erbjuder olika klubbar och barer med olika musikgenrer tillr\u00e4ckligt med alternativ f\u00f6r att l\u00e5ta dig falla in i natten efter en huvudtung dag. Charmiga utflyktsm\u00e5l i n\u00e4romr\u00e5det avrundar programutbudet.<\/p>\n\n\n\n<div class=\"content-grid\">\n\n\n  \n  <div class=\"grid\">\n                        \n                    \n          <div class=\"featured-themen-single\">\n            <div class=\"featured-themen-single-inner\" style=\"background-image: url('https:\/\/9staedte.de\/wp-content\/smush-webp\/2022\/06\/Flossfahrt-Oker-c-Braunschweig-Stadtmarketing-Gerald-Grote1.jpg.webp')\">\n              \n              <a href=\"https:\/\/9staedte.de\/sv\/boka-dina-naesta-moeten-och-kongresser-i-braunschweig\/\">\n                <span>Boka dina n\u00e4sta m\u00f6ten och kongresser i Braunschweig<\/span>\n              <\/a>\n            <\/div>\n          <\/div>\n    \n          \n                  \n                    \n          <div class=\"featured-themen-single\">\n            <div class=\"featured-themen-single-inner\" style=\"background-image: url('https:\/\/9staedte.de\/wp-content\/smush-webp\/2022\/07\/Staatstheater-Braunschweig-c-Staatstheater-Braunshweig-Stefan-Koch.jpg.webp')\">\n              \n              <a href=\"https:\/\/9staedte.de\/sv\/erbjudanden-och-tjaenster-fraan-convention-bureau-braunschweig\/\">\n                <span>Erbjudanden och tj\u00e4nster fr\u00e5n Convention Bureau Braunschweig<\/span>\n              <\/a>\n            <\/div>\n          <\/div>\n    \n          \n                  \n                    \n          <div class=\"featured-themen-single\">\n            <div class=\"featured-themen-single-inner\" style=\"background-image: url('https:\/\/9staedte.de\/wp-content\/smush-webp\/2022\/07\/Stadthalle-Braunschweig-c-Stadthalle-Braunschweig.jpg.webp')\">\n              \n              <a href=\"https:\/\/9staedte.de\/sv\/vaara-9-tips-foer-konferenser-och-kongresser-i-braunschweig\/\">\n                <span>V\u00e5ra 9 tips f\u00f6r konferenser och kongresser i Braunschweig<\/span>\n              <\/a>\n            <\/div>\n          <\/div>\n    \n          \n                          \n        <\/div>\n<\/div>","protected":false},"excerpt":{"rendered":"<p>M\u00f6ten i Lejonstaden H\u00e5ll dina konferenser och kongresser i Braunschweig &#8211; staden f\u00f6r vetenskap, forskning och teknik. En kongresstad med optimala f\u00f6ruts\u00e4ttningar f\u00f6r m\u00f6ten. Braunschweig \u00e4r \u00f6verraskande: den stora staden med 250 000 inv\u00e5nare \u00e4r en av de mest forskningsintensiva regionerna i Europa. Mer \u00e4n 15 000 m\u00e4nniskor arbetar och forskar h\u00e4r i 250 f\u00f6retag [&hellip;]<\/p>\n","protected":false},"author":1,"featured_media":14320,"parent":14382,"menu_order":0,"comment_status":"closed","ping_status":"closed","template":"pagetemplates\/template-stadtthema.php","meta":{"_acf_changed":false,"footnotes":""},"categories":[],"tags":[],"ncap_cities_tax":[421,1128],"class_list":["post-14316","page","type-page","status-publish","has-post-thumbnail","hentry","ncap_cities_tax-braunschweig-sv","ncap_cities_tax-tagungen-und-kongresse-braunschweig-sv"],"acf":[],"yoast_head":"<!-- This site is optimized with the Yoast SEO plugin v27.4 - https:\/\/yoast.com\/product\/yoast-seo-wordpress\/ -->\n<title>Konferenser och kongresser i Braunschweig - 9 St\u00e4dte in Niedersachsen<\/title>\n<meta name=\"robots\" content=\"index, follow, max-snippet:-1, max-image-preview:large, max-video-preview:-1\" \/>\n<link rel=\"canonical\" href=\"https:\/\/9staedte.de\/sv\/braunschweig-lejonstaden\/konferenser-och-kongresser-i-braunschweig\/\" \/>\n<meta property=\"og:locale\" content=\"sv_SE\" \/>\n<meta property=\"og:type\" content=\"article\" \/>\n<meta property=\"og:title\" content=\"Konferenser och kongresser i Braunschweig - 9 St\u00e4dte in Niedersachsen\" \/>\n<meta property=\"og:description\" content=\"M\u00f6ten i Lejonstaden H\u00e5ll dina konferenser och kongresser i Braunschweig &#8211; staden f\u00f6r vetenskap, forskning och teknik. En kongresstad med optimala f\u00f6ruts\u00e4ttningar f\u00f6r m\u00f6ten. Braunschweig \u00e4r \u00f6verraskande: den stora staden med 250 000 inv\u00e5nare \u00e4r en av de mest forskningsintensiva regionerna i Europa. Mer \u00e4n 15 000 m\u00e4nniskor arbetar och forskar h\u00e4r i 250 f\u00f6retag [&hellip;]\" \/>\n<meta property=\"og:url\" content=\"https:\/\/9staedte.de\/sv\/braunschweig-lejonstaden\/konferenser-och-kongresser-i-braunschweig\/\" \/>\n<meta property=\"og:site_name\" content=\"9 St\u00e4dte in Niedersachsen\" \/>\n<meta property=\"article:modified_time\" content=\"2023-10-25T15:41:59+00:00\" \/>\n<meta property=\"og:image\" content=\"https:\/\/9staedte.de\/wp-content\/uploads\/2023\/01\/Burgplatz-bei-Nacht-c-Braunschweig-Stadtmarketing-Steffen-und-Bach.jpg\" \/>\n\t<meta property=\"og:image:width\" content=\"1020\" \/>\n\t<meta property=\"og:image:height\" content=\"558\" \/>\n\t<meta property=\"og:image:type\" content=\"image\/jpeg\" \/>\n<meta name=\"twitter:card\" content=\"summary_large_image\" \/>\n<meta name=\"twitter:label1\" content=\"Ber\u00e4knad l\u00e4stid\" \/>\n\t<meta name=\"twitter:data1\" content=\"2 minuter\" \/>\n<script type=\"application\/ld+json\" class=\"yoast-schema-graph\">{\"@context\":\"https:\\\/\\\/schema.org\",\"@graph\":[{\"@type\":\"WebPage\",\"@id\":\"https:\\\/\\\/9staedte.de\\\/sv\\\/braunschweig-lejonstaden\\\/konferenser-och-kongresser-i-braunschweig\\\/\",\"url\":\"https:\\\/\\\/9staedte.de\\\/sv\\\/braunschweig-lejonstaden\\\/konferenser-och-kongresser-i-braunschweig\\\/\",\"name\":\"Konferenser och kongresser i Braunschweig - 9 St\u00e4dte in Niedersachsen\",\"isPartOf\":{\"@id\":\"https:\\\/\\\/9staedte.de\\\/sv\\\/#website\"},\"primaryImageOfPage\":{\"@id\":\"https:\\\/\\\/9staedte.de\\\/sv\\\/braunschweig-lejonstaden\\\/konferenser-och-kongresser-i-braunschweig\\\/#primaryimage\"},\"image\":{\"@id\":\"https:\\\/\\\/9staedte.de\\\/sv\\\/braunschweig-lejonstaden\\\/konferenser-och-kongresser-i-braunschweig\\\/#primaryimage\"},\"thumbnailUrl\":\"https:\\\/\\\/9staedte.de\\\/wp-content\\\/uploads\\\/2023\\\/01\\\/Burgplatz-bei-Nacht-c-Braunschweig-Stadtmarketing-Steffen-und-Bach.jpg\",\"datePublished\":\"2023-10-25T14:22:24+00:00\",\"dateModified\":\"2023-10-25T15:41:59+00:00\",\"breadcrumb\":{\"@id\":\"https:\\\/\\\/9staedte.de\\\/sv\\\/braunschweig-lejonstaden\\\/konferenser-och-kongresser-i-braunschweig\\\/#breadcrumb\"},\"inLanguage\":\"sv-SE\",\"potentialAction\":[{\"@type\":\"ReadAction\",\"target\":[\"https:\\\/\\\/9staedte.de\\\/sv\\\/braunschweig-lejonstaden\\\/konferenser-och-kongresser-i-braunschweig\\\/\"]}]},{\"@type\":\"ImageObject\",\"inLanguage\":\"sv-SE\",\"@id\":\"https:\\\/\\\/9staedte.de\\\/sv\\\/braunschweig-lejonstaden\\\/konferenser-och-kongresser-i-braunschweig\\\/#primaryimage\",\"url\":\"https:\\\/\\\/9staedte.de\\\/wp-content\\\/uploads\\\/2023\\\/01\\\/Burgplatz-bei-Nacht-c-Braunschweig-Stadtmarketing-Steffen-und-Bach.jpg\",\"contentUrl\":\"https:\\\/\\\/9staedte.de\\\/wp-content\\\/uploads\\\/2023\\\/01\\\/Burgplatz-bei-Nacht-c-Braunschweig-Stadtmarketing-Steffen-und-Bach.jpg\",\"width\":1020,\"height\":558,\"caption\":\"Burgplatz bei Nacht c) Braunschweig Stadtmarketing Steffen und Bach\"},{\"@type\":\"BreadcrumbList\",\"@id\":\"https:\\\/\\\/9staedte.de\\\/sv\\\/braunschweig-lejonstaden\\\/konferenser-och-kongresser-i-braunschweig\\\/#breadcrumb\",\"itemListElement\":[{\"@type\":\"ListItem\",\"position\":1,\"name\":\"Startseite\",\"item\":\"https:\\\/\\\/9staedte.de\\\/sv\\\/\"},{\"@type\":\"ListItem\",\"position\":2,\"name\":\"Braunschweig &#8211; City of Lions\",\"item\":\"https:\\\/\\\/9staedte.de\\\/sv\\\/braunschweig-lejonstaden\\\/\"},{\"@type\":\"ListItem\",\"position\":3,\"name\":\"Konferenser och kongresser i Braunschweig\"}]},{\"@type\":\"WebSite\",\"@id\":\"https:\\\/\\\/9staedte.de\\\/sv\\\/#website\",\"url\":\"https:\\\/\\\/9staedte.de\\\/sv\\\/\",\"name\":\"9 St\u00e4dte in Niedersachsen\",\"description\":\"\",\"publisher\":{\"@id\":\"https:\\\/\\\/9staedte.de\\\/sv\\\/#organization\"},\"potentialAction\":[{\"@type\":\"SearchAction\",\"target\":{\"@type\":\"EntryPoint\",\"urlTemplate\":\"https:\\\/\\\/9staedte.de\\\/sv\\\/?s={search_term_string}\"},\"query-input\":{\"@type\":\"PropertyValueSpecification\",\"valueRequired\":true,\"valueName\":\"search_term_string\"}}],\"inLanguage\":\"sv-SE\"},{\"@type\":\"Organization\",\"@id\":\"https:\\\/\\\/9staedte.de\\\/sv\\\/#organization\",\"name\":\"9 St\u00e4dte in Niedersachsen\",\"url\":\"https:\\\/\\\/9staedte.de\\\/sv\\\/\",\"logo\":{\"@type\":\"ImageObject\",\"inLanguage\":\"sv-SE\",\"@id\":\"https:\\\/\\\/9staedte.de\\\/sv\\\/#\\\/schema\\\/logo\\\/image\\\/\",\"url\":\"https:\\\/\\\/9staedte.de\\\/wp-content\\\/uploads\\\/2025\\\/01\\\/9-neg-deutsch-2-1.png\",\"contentUrl\":\"https:\\\/\\\/9staedte.de\\\/wp-content\\\/uploads\\\/2025\\\/01\\\/9-neg-deutsch-2-1.png\",\"width\":190,\"height\":114,\"caption\":\"9 St\u00e4dte in Niedersachsen\"},\"image\":{\"@id\":\"https:\\\/\\\/9staedte.de\\\/sv\\\/#\\\/schema\\\/logo\\\/image\\\/\"}}]}<\/script>\n<!-- \/ Yoast SEO plugin. -->","yoast_head_json":{"title":"Konferenser och kongresser i Braunschweig - 9 St\u00e4dte in Niedersachsen","robots":{"index":"index","follow":"follow","max-snippet":"max-snippet:-1","max-image-preview":"max-image-preview:large","max-video-preview":"max-video-preview:-1"},"canonical":"https:\/\/9staedte.de\/sv\/braunschweig-lejonstaden\/konferenser-och-kongresser-i-braunschweig\/","og_locale":"sv_SE","og_type":"article","og_title":"Konferenser och kongresser i Braunschweig - 9 St\u00e4dte in Niedersachsen","og_description":"M\u00f6ten i Lejonstaden H\u00e5ll dina konferenser och kongresser i Braunschweig &#8211; staden f\u00f6r vetenskap, forskning och teknik. En kongresstad med optimala f\u00f6ruts\u00e4ttningar f\u00f6r m\u00f6ten. Braunschweig \u00e4r \u00f6verraskande: den stora staden med 250 000 inv\u00e5nare \u00e4r en av de mest forskningsintensiva regionerna i Europa. Mer \u00e4n 15 000 m\u00e4nniskor arbetar och forskar h\u00e4r i 250 f\u00f6retag [&hellip;]","og_url":"https:\/\/9staedte.de\/sv\/braunschweig-lejonstaden\/konferenser-och-kongresser-i-braunschweig\/","og_site_name":"9 St\u00e4dte in Niedersachsen","article_modified_time":"2023-10-25T15:41:59+00:00","og_image":[{"width":1020,"height":558,"url":"https:\/\/9staedte.de\/wp-content\/uploads\/2023\/01\/Burgplatz-bei-Nacht-c-Braunschweig-Stadtmarketing-Steffen-und-Bach.jpg","type":"image\/jpeg"}],"twitter_card":"summary_large_image","twitter_misc":{"Ber\u00e4knad l\u00e4stid":"2 minuter"},"schema":{"@context":"https:\/\/schema.org","@graph":[{"@type":"WebPage","@id":"https:\/\/9staedte.de\/sv\/braunschweig-lejonstaden\/konferenser-och-kongresser-i-braunschweig\/","url":"https:\/\/9staedte.de\/sv\/braunschweig-lejonstaden\/konferenser-och-kongresser-i-braunschweig\/","name":"Konferenser och kongresser i Braunschweig - 9 St\u00e4dte in Niedersachsen","isPartOf":{"@id":"https:\/\/9staedte.de\/sv\/#website"},"primaryImageOfPage":{"@id":"https:\/\/9staedte.de\/sv\/braunschweig-lejonstaden\/konferenser-och-kongresser-i-braunschweig\/#primaryimage"},"image":{"@id":"https:\/\/9staedte.de\/sv\/braunschweig-lejonstaden\/konferenser-och-kongresser-i-braunschweig\/#primaryimage"},"thumbnailUrl":"https:\/\/9staedte.de\/wp-content\/uploads\/2023\/01\/Burgplatz-bei-Nacht-c-Braunschweig-Stadtmarketing-Steffen-und-Bach.jpg","datePublished":"2023-10-25T14:22:24+00:00","dateModified":"2023-10-25T15:41:59+00:00","breadcrumb":{"@id":"https:\/\/9staedte.de\/sv\/braunschweig-lejonstaden\/konferenser-och-kongresser-i-braunschweig\/#breadcrumb"},"inLanguage":"sv-SE","potentialAction":[{"@type":"ReadAction","target":["https:\/\/9staedte.de\/sv\/braunschweig-lejonstaden\/konferenser-och-kongresser-i-braunschweig\/"]}]},{"@type":"ImageObject","inLanguage":"sv-SE","@id":"https:\/\/9staedte.de\/sv\/braunschweig-lejonstaden\/konferenser-och-kongresser-i-braunschweig\/#primaryimage","url":"https:\/\/9staedte.de\/wp-content\/uploads\/2023\/01\/Burgplatz-bei-Nacht-c-Braunschweig-Stadtmarketing-Steffen-und-Bach.jpg","contentUrl":"https:\/\/9staedte.de\/wp-content\/uploads\/2023\/01\/Burgplatz-bei-Nacht-c-Braunschweig-Stadtmarketing-Steffen-und-Bach.jpg","width":1020,"height":558,"caption":"Burgplatz bei Nacht c) Braunschweig Stadtmarketing Steffen und Bach"},{"@type":"BreadcrumbList","@id":"https:\/\/9staedte.de\/sv\/braunschweig-lejonstaden\/konferenser-och-kongresser-i-braunschweig\/#breadcrumb","itemListElement":[{"@type":"ListItem","position":1,"name":"Startseite","item":"https:\/\/9staedte.de\/sv\/"},{"@type":"ListItem","position":2,"name":"Braunschweig &#8211; City of Lions","item":"https:\/\/9staedte.de\/sv\/braunschweig-lejonstaden\/"},{"@type":"ListItem","position":3,"name":"Konferenser och kongresser i Braunschweig"}]},{"@type":"WebSite","@id":"https:\/\/9staedte.de\/sv\/#website","url":"https:\/\/9staedte.de\/sv\/","name":"9 St\u00e4dte in Niedersachsen","description":"","publisher":{"@id":"https:\/\/9staedte.de\/sv\/#organization"},"potentialAction":[{"@type":"SearchAction","target":{"@type":"EntryPoint","urlTemplate":"https:\/\/9staedte.de\/sv\/?s={search_term_string}"},"query-input":{"@type":"PropertyValueSpecification","valueRequired":true,"valueName":"search_term_string"}}],"inLanguage":"sv-SE"},{"@type":"Organization","@id":"https:\/\/9staedte.de\/sv\/#organization","name":"9 St\u00e4dte in Niedersachsen","url":"https:\/\/9staedte.de\/sv\/","logo":{"@type":"ImageObject","inLanguage":"sv-SE","@id":"https:\/\/9staedte.de\/sv\/#\/schema\/logo\/image\/","url":"https:\/\/9staedte.de\/wp-content\/uploads\/2025\/01\/9-neg-deutsch-2-1.png","contentUrl":"https:\/\/9staedte.de\/wp-content\/uploads\/2025\/01\/9-neg-deutsch-2-1.png","width":190,"height":114,"caption":"9 St\u00e4dte in Niedersachsen"},"image":{"@id":"https:\/\/9staedte.de\/sv\/#\/schema\/logo\/image\/"}}]}},"_links":{"self":[{"href":"https:\/\/9staedte.de\/sv\/wp-json\/wp\/v2\/pages\/14316","targetHints":{"allow":["GET"]}}],"collection":[{"href":"https:\/\/9staedte.de\/sv\/wp-json\/wp\/v2\/pages"}],"about":[{"href":"https:\/\/9staedte.de\/sv\/wp-json\/wp\/v2\/types\/page"}],"author":[{"embeddable":true,"href":"https:\/\/9staedte.de\/sv\/wp-json\/wp\/v2\/users\/1"}],"replies":[{"embeddable":true,"href":"https:\/\/9staedte.de\/sv\/wp-json\/wp\/v2\/comments?post=14316"}],"version-history":[{"count":1,"href":"https:\/\/9staedte.de\/sv\/wp-json\/wp\/v2\/pages\/14316\/revisions"}],"predecessor-version":[{"id":14324,"href":"https:\/\/9staedte.de\/sv\/wp-json\/wp\/v2\/pages\/14316\/revisions\/14324"}],"up":[{"embeddable":true,"href":"https:\/\/9staedte.de\/sv\/wp-json\/wp\/v2\/pages\/14382"}],"wp:featuredmedia":[{"embeddable":true,"href":"https:\/\/9staedte.de\/sv\/wp-json\/wp\/v2\/media\/14320"}],"wp:attachment":[{"href":"https:\/\/9staedte.de\/sv\/wp-json\/wp\/v2\/media?parent=14316"}],"wp:term":[{"taxonomy":"category","embeddable":true,"href":"https:\/\/9staedte.de\/sv\/wp-json\/wp\/v2\/categories?post=14316"},{"taxonomy":"post_tag","embeddable":true,"href":"https:\/\/9staedte.de\/sv\/wp-json\/wp\/v2\/tags?post=14316"},{"taxonomy":"ncap_cities_tax","embeddable":true,"href":"https:\/\/9staedte.de\/sv\/wp-json\/wp\/v2\/ncap_cities_tax?post=14316"}],"curies":[{"name":"wp","href":"https:\/\/api.w.org\/{rel}","templated":true}]}}