{"id":14315,"date":"2023-10-25T16:22:04","date_gmt":"2023-10-25T14:22:04","guid":{"rendered":"https:\/\/9staedte.de\/9-staeder-i-niedersachsen-basse-saxe\/"},"modified":"2023-10-25T16:22:04","modified_gmt":"2023-10-25T14:22:04","slug":"9-staeder-i-niedersachsen-basse-saxe","status":"publish","type":"page","link":"https:\/\/9staedte.de\/sv\/9-staeder-i-niedersachsen-basse-saxe\/","title":{"rendered":"9 st\u00e4der i Niedersachsen (Basse-Saxe)"},"content":{"rendered":"\n<p><strong>9 st\u00e4der i Niedersachsen:<\/strong><\/p>\n\n\n\n<p>Il y a une infinit\u00e9 de visiter les 9 villes! De traditionsrika kulturevenemangen, UNESCO:s v\u00e4rldsarvslista, de historiska medeltidsst\u00e4derna, de idylliska ensemblerna av colombagehus, den trevliga g\u00e4stfriheten, de moderna marknadsst\u00e5nden, den f\u00f6rtrollande underh\u00e5llningen&#8230;<\/p>\n\n\n\n<p>Planera ditt bes\u00f6k i de 9 st\u00e4derna. Var och en av dessa st\u00e4der har en unik och s\u00e4regen charm som g\u00f6r var och en av dem fascinerande. Bes\u00f6ket i en eller flera av dessa st\u00e4der kompletteras med en vandring i Lunebourg, i Harzbergen eller i den bergiga regionen Weser. Den centrala flygplatsen i norra Tyskland, Hanovre Airport, samt de optimala motorv\u00e4gs- och j\u00e4rnv\u00e4gsf\u00f6rbindelserna g\u00f6r resan till en njutbar upplevelse.<\/p>\n\n\n\n<p>Conectez votre voyage au travers de l&#8217;histoire avec un d\u00e9tour dans le monde inspir\u00e9 de l&#8217;Autostadt de Wolfsbourg. Upplev framtidens mobilitet, res i bilhistoriens tid och utforska teknikens och innovationernas universum.<\/p>\n\n\n\n<div style=\"height:60px\" aria-hidden=\"true\" class=\"wp-block-spacer\"><\/div>\n\n\n\n<div class=\"content-grid\">\n\n\n  \n  <div class=\"grid\">\n                        \n                    \n          <div class=\"featured-themen-single\">\n            <div class=\"featured-themen-single-inner\" style=\"background-image: url('')\">\n              \n              <a href=\"https:\/\/9staedte.de\/braunschweig-brunswick-grande-ville-animee-et-historique\/\">\n                <span>Braunschweig (Brunswick) \u2013 Grande ville anim\u00e9e et historique<\/span>\n              <\/a>\n            <\/div>\n          <\/div>\n    \n          \n                  \n                    \n          <div class=\"featured-themen-single\">\n            <div class=\"featured-themen-single-inner\" style=\"background-image: url('')\">\n              \n              <a href=\"https:\/\/9staedte.de\/celle-charmante-ville-residentielle-comptant-le-plus-grand-nombre-de-maisons-a-colombages-deurope\/\">\n                <span>Celle \u2013 Charmante ville r\u00e9sidentielle comptant le plus grand nombre de maisons \u00e0 colombages d\u2019Europe<\/span>\n              <\/a>\n            <\/div>\n          <\/div>\n    \n          \n                  \n                    \n          <div class=\"featured-themen-single\">\n            <div class=\"featured-themen-single-inner\" style=\"background-image: url('')\">\n              \n              <a href=\"https:\/\/9staedte.de\/einbeck-vehicules-anciens-maisons-a-colombages-et-biere\/\">\n                <span>Einbeck \u2013 V\u00e9hicules anciens, maisons \u00e0 colombages et bi\u00e8re<\/span>\n              <\/a>\n            <\/div>\n          <\/div>\n    \n          \n                  \n                    \n          <div class=\"featured-themen-single\">\n            <div class=\"featured-themen-single-inner\" style=\"background-image: url('')\">\n              \n              <a href=\"https:\/\/9staedte.de\/goettingen-ville-creatrice-de-savoir\/\">\n                <span>G\u00f6ttingen \u2013 Ville cr\u00e9atrice de savoir<\/span>\n              <\/a>\n            <\/div>\n          <\/div>\n    \n          \n                  \n                    \n          <div class=\"featured-themen-single\">\n            <div class=\"featured-themen-single-inner\" style=\"background-image: url('')\">\n              \n              <a href=\"https:\/\/9staedte.de\/goslar-patrimoine-culturel-mondial-au-coeur-du-harz\/\">\n                <span>Goslar \u2013 Patrimoine culturel mondial au coeur du Harz<\/span>\n              <\/a>\n            <\/div>\n          <\/div>\n    \n          \n                  \n                    \n          <div class=\"featured-themen-single\">\n            <div class=\"featured-themen-single-inner\" style=\"background-image: url('')\">\n              \n              <a href=\"https:\/\/9staedte.de\/hameln-hamelin-la-ville-du-joueur-de-flute\/\">\n                <span>Hameln (Hamelin) \u2013 La ville du Joueur de fl\u00fbte<\/span>\n              <\/a>\n            <\/div>\n          <\/div>\n    \n          \n                  \n                    \n          <div class=\"featured-themen-single\">\n            <div class=\"featured-themen-single-inner\" style=\"background-image: url('')\">\n              \n              <a href=\"https:\/\/9staedte.de\/hannover-hanovre-une-ville-attachante-ou-il-fait-bon-vivre\/\">\n                <span>Hannover (Hanovre) \u2013 Une ville attachante o\u00f9 il fait bon vivre<\/span>\n              <\/a>\n            <\/div>\n          <\/div>\n    \n          \n                  \n                    \n          <div class=\"featured-themen-single\">\n            <div class=\"featured-themen-single-inner\" style=\"background-image: url('')\">\n              \n              <a href=\"https:\/\/9staedte.de\/hildesheim-une-ville-empreinte-de-culture-et-dhistoire-connue-pour-ses-maisons-a-colombages\/\">\n                <span>Hildesheim \u2013 Une ville empreinte de culture et d\u2019histoire connue pour ses maisons \u00e0 colombages<\/span>\n              <\/a>\n            <\/div>\n          <\/div>\n    \n          \n                  \n                    \n          <div class=\"featured-themen-single\">\n            <div class=\"featured-themen-single-inner\" style=\"background-image: url('')\">\n              \n              <a href=\"https:\/\/9staedte.de\/wolfenbuettel-maisons-a-colombages-et-jaegermeister\/\">\n                <span>Wolfenb\u00fcttel \u2013 Maisons \u00e0 colombages et J\u00e4germeister<\/span>\n              <\/a>\n            <\/div>\n          <\/div>\n    \n          \n                  \n                    \n          <div class=\"featured-themen-single\">\n            <div class=\"featured-themen-single-inner\" style=\"background-image: url('')\">\n              \n              <a href=\"https:\/\/9staedte.de\/autostadt-a-wolfsburg-une-immersion-dans-lunivers-de-la-mobilite\/\">\n                <span>Autostadt \u00e0 Wolfsburg \u2013 Une immersion dans l\u2019univers de la mobilit\u00e9<\/span>\n              <\/a>\n            <\/div>\n          <\/div>\n    \n          \n                          \n        <\/div>\n<\/div>","protected":false},"excerpt":{"rendered":"<p>9 st\u00e4der i Niedersachsen: Il y a une infinit\u00e9 de visiter les 9 villes! De traditionsrika kulturevenemangen, UNESCO:s v\u00e4rldsarvslista, de historiska medeltidsst\u00e4derna, de idylliska ensemblerna av colombagehus, den trevliga g\u00e4stfriheten, de moderna marknadsst\u00e5nden, den f\u00f6rtrollande underh\u00e5llningen&#8230; Planera ditt bes\u00f6k i de 9 st\u00e4derna. Var och en av dessa st\u00e4der har en unik och s\u00e4regen charm [&hellip;]<\/p>\n","protected":false},"author":1,"featured_media":0,"parent":0,"menu_order":0,"comment_status":"closed","ping_status":"closed","template":"","meta":{"_acf_changed":false,"footnotes":""},"categories":[],"tags":[],"ncap_cities_tax":[],"class_list":["post-14315","page","type-page","status-publish","hentry"],"acf":[],"yoast_head":"<!-- This site is optimized with the Yoast SEO plugin v26.8 - https:\/\/yoast.com\/product\/yoast-seo-wordpress\/ -->\n<title>9 st\u00e4der i Niedersachsen (Basse-Saxe) - 9 St\u00e4dte in Niedersachsen<\/title>\n<meta name=\"robots\" content=\"index, follow, max-snippet:-1, max-image-preview:large, max-video-preview:-1\" \/>\n<link rel=\"canonical\" href=\"https:\/\/9staedte.de\/sv\/9-staeder-i-niedersachsen-basse-saxe\/\" \/>\n<meta property=\"og:locale\" content=\"sv_SE\" \/>\n<meta property=\"og:type\" content=\"article\" \/>\n<meta property=\"og:title\" content=\"9 st\u00e4der i Niedersachsen (Basse-Saxe) - 9 St\u00e4dte in Niedersachsen\" \/>\n<meta property=\"og:description\" content=\"9 st\u00e4der i Niedersachsen: Il y a une infinit\u00e9 de visiter les 9 villes! De traditionsrika kulturevenemangen, UNESCO:s v\u00e4rldsarvslista, de historiska medeltidsst\u00e4derna, de idylliska ensemblerna av colombagehus, den trevliga g\u00e4stfriheten, de moderna marknadsst\u00e5nden, den f\u00f6rtrollande underh\u00e5llningen&#8230; Planera ditt bes\u00f6k i de 9 st\u00e4derna. Var och en av dessa st\u00e4der har en unik och s\u00e4regen charm [&hellip;]\" \/>\n<meta property=\"og:url\" content=\"https:\/\/9staedte.de\/sv\/9-staeder-i-niedersachsen-basse-saxe\/\" \/>\n<meta property=\"og:site_name\" content=\"9 St\u00e4dte in Niedersachsen\" \/>\n<meta name=\"twitter:card\" content=\"summary_large_image\" \/>\n<meta name=\"twitter:label1\" content=\"Ber\u00e4knad l\u00e4stid\" \/>\n\t<meta name=\"twitter:data1\" content=\"1 minut\" \/>\n<script type=\"application\/ld+json\" class=\"yoast-schema-graph\">{\"@context\":\"https:\/\/schema.org\",\"@graph\":[{\"@type\":\"WebPage\",\"@id\":\"https:\/\/9staedte.de\/sv\/9-staeder-i-niedersachsen-basse-saxe\/\",\"url\":\"https:\/\/9staedte.de\/sv\/9-staeder-i-niedersachsen-basse-saxe\/\",\"name\":\"9 st\u00e4der i Niedersachsen (Basse-Saxe) - 9 St\u00e4dte in Niedersachsen\",\"isPartOf\":{\"@id\":\"https:\/\/9staedte.de\/sv\/#website\"},\"datePublished\":\"2023-10-25T14:22:04+00:00\",\"breadcrumb\":{\"@id\":\"https:\/\/9staedte.de\/sv\/9-staeder-i-niedersachsen-basse-saxe\/#breadcrumb\"},\"inLanguage\":\"sv-SE\",\"potentialAction\":[{\"@type\":\"ReadAction\",\"target\":[\"https:\/\/9staedte.de\/sv\/9-staeder-i-niedersachsen-basse-saxe\/\"]}]},{\"@type\":\"BreadcrumbList\",\"@id\":\"https:\/\/9staedte.de\/sv\/9-staeder-i-niedersachsen-basse-saxe\/#breadcrumb\",\"itemListElement\":[{\"@type\":\"ListItem\",\"position\":1,\"name\":\"Startseite\",\"item\":\"https:\/\/9staedte.de\/sv\/\"},{\"@type\":\"ListItem\",\"position\":2,\"name\":\"9 st\u00e4der i Niedersachsen (Basse-Saxe)\"}]},{\"@type\":\"WebSite\",\"@id\":\"https:\/\/9staedte.de\/sv\/#website\",\"url\":\"https:\/\/9staedte.de\/sv\/\",\"name\":\"9 St\u00e4dte in Niedersachsen\",\"description\":\"\",\"publisher\":{\"@id\":\"https:\/\/9staedte.de\/sv\/#organization\"},\"potentialAction\":[{\"@type\":\"SearchAction\",\"target\":{\"@type\":\"EntryPoint\",\"urlTemplate\":\"https:\/\/9staedte.de\/sv\/?s={search_term_string}\"},\"query-input\":{\"@type\":\"PropertyValueSpecification\",\"valueRequired\":true,\"valueName\":\"search_term_string\"}}],\"inLanguage\":\"sv-SE\"},{\"@type\":\"Organization\",\"@id\":\"https:\/\/9staedte.de\/sv\/#organization\",\"name\":\"9 St\u00e4dte in Niedersachsen\",\"url\":\"https:\/\/9staedte.de\/sv\/\",\"logo\":{\"@type\":\"ImageObject\",\"inLanguage\":\"sv-SE\",\"@id\":\"https:\/\/9staedte.de\/sv\/#\/schema\/logo\/image\/\",\"url\":\"https:\/\/9staedte.de\/wp-content\/uploads\/2025\/01\/9-neg-deutsch-2-1.png\",\"contentUrl\":\"https:\/\/9staedte.de\/wp-content\/uploads\/2025\/01\/9-neg-deutsch-2-1.png\",\"width\":190,\"height\":114,\"caption\":\"9 St\u00e4dte in Niedersachsen\"},\"image\":{\"@id\":\"https:\/\/9staedte.de\/sv\/#\/schema\/logo\/image\/\"}}]}<\/script>\n<!-- \/ Yoast SEO plugin. -->","yoast_head_json":{"title":"9 st\u00e4der i Niedersachsen (Basse-Saxe) - 9 St\u00e4dte in Niedersachsen","robots":{"index":"index","follow":"follow","max-snippet":"max-snippet:-1","max-image-preview":"max-image-preview:large","max-video-preview":"max-video-preview:-1"},"canonical":"https:\/\/9staedte.de\/sv\/9-staeder-i-niedersachsen-basse-saxe\/","og_locale":"sv_SE","og_type":"article","og_title":"9 st\u00e4der i Niedersachsen (Basse-Saxe) - 9 St\u00e4dte in Niedersachsen","og_description":"9 st\u00e4der i Niedersachsen: Il y a une infinit\u00e9 de visiter les 9 villes! De traditionsrika kulturevenemangen, UNESCO:s v\u00e4rldsarvslista, de historiska medeltidsst\u00e4derna, de idylliska ensemblerna av colombagehus, den trevliga g\u00e4stfriheten, de moderna marknadsst\u00e5nden, den f\u00f6rtrollande underh\u00e5llningen&#8230; Planera ditt bes\u00f6k i de 9 st\u00e4derna. Var och en av dessa st\u00e4der har en unik och s\u00e4regen charm [&hellip;]","og_url":"https:\/\/9staedte.de\/sv\/9-staeder-i-niedersachsen-basse-saxe\/","og_site_name":"9 St\u00e4dte in Niedersachsen","twitter_card":"summary_large_image","twitter_misc":{"Ber\u00e4knad l\u00e4stid":"1 minut"},"schema":{"@context":"https:\/\/schema.org","@graph":[{"@type":"WebPage","@id":"https:\/\/9staedte.de\/sv\/9-staeder-i-niedersachsen-basse-saxe\/","url":"https:\/\/9staedte.de\/sv\/9-staeder-i-niedersachsen-basse-saxe\/","name":"9 st\u00e4der i Niedersachsen (Basse-Saxe) - 9 St\u00e4dte in Niedersachsen","isPartOf":{"@id":"https:\/\/9staedte.de\/sv\/#website"},"datePublished":"2023-10-25T14:22:04+00:00","breadcrumb":{"@id":"https:\/\/9staedte.de\/sv\/9-staeder-i-niedersachsen-basse-saxe\/#breadcrumb"},"inLanguage":"sv-SE","potentialAction":[{"@type":"ReadAction","target":["https:\/\/9staedte.de\/sv\/9-staeder-i-niedersachsen-basse-saxe\/"]}]},{"@type":"BreadcrumbList","@id":"https:\/\/9staedte.de\/sv\/9-staeder-i-niedersachsen-basse-saxe\/#breadcrumb","itemListElement":[{"@type":"ListItem","position":1,"name":"Startseite","item":"https:\/\/9staedte.de\/sv\/"},{"@type":"ListItem","position":2,"name":"9 st\u00e4der i Niedersachsen (Basse-Saxe)"}]},{"@type":"WebSite","@id":"https:\/\/9staedte.de\/sv\/#website","url":"https:\/\/9staedte.de\/sv\/","name":"9 St\u00e4dte in Niedersachsen","description":"","publisher":{"@id":"https:\/\/9staedte.de\/sv\/#organization"},"potentialAction":[{"@type":"SearchAction","target":{"@type":"EntryPoint","urlTemplate":"https:\/\/9staedte.de\/sv\/?s={search_term_string}"},"query-input":{"@type":"PropertyValueSpecification","valueRequired":true,"valueName":"search_term_string"}}],"inLanguage":"sv-SE"},{"@type":"Organization","@id":"https:\/\/9staedte.de\/sv\/#organization","name":"9 St\u00e4dte in Niedersachsen","url":"https:\/\/9staedte.de\/sv\/","logo":{"@type":"ImageObject","inLanguage":"sv-SE","@id":"https:\/\/9staedte.de\/sv\/#\/schema\/logo\/image\/","url":"https:\/\/9staedte.de\/wp-content\/uploads\/2025\/01\/9-neg-deutsch-2-1.png","contentUrl":"https:\/\/9staedte.de\/wp-content\/uploads\/2025\/01\/9-neg-deutsch-2-1.png","width":190,"height":114,"caption":"9 St\u00e4dte in Niedersachsen"},"image":{"@id":"https:\/\/9staedte.de\/sv\/#\/schema\/logo\/image\/"}}]}},"_links":{"self":[{"href":"https:\/\/9staedte.de\/sv\/wp-json\/wp\/v2\/pages\/14315","targetHints":{"allow":["GET"]}}],"collection":[{"href":"https:\/\/9staedte.de\/sv\/wp-json\/wp\/v2\/pages"}],"about":[{"href":"https:\/\/9staedte.de\/sv\/wp-json\/wp\/v2\/types\/page"}],"author":[{"embeddable":true,"href":"https:\/\/9staedte.de\/sv\/wp-json\/wp\/v2\/users\/1"}],"replies":[{"embeddable":true,"href":"https:\/\/9staedte.de\/sv\/wp-json\/wp\/v2\/comments?post=14315"}],"version-history":[{"count":1,"href":"https:\/\/9staedte.de\/sv\/wp-json\/wp\/v2\/pages\/14315\/revisions"}],"predecessor-version":[{"id":14321,"href":"https:\/\/9staedte.de\/sv\/wp-json\/wp\/v2\/pages\/14315\/revisions\/14321"}],"wp:attachment":[{"href":"https:\/\/9staedte.de\/sv\/wp-json\/wp\/v2\/media?parent=14315"}],"wp:term":[{"taxonomy":"category","embeddable":true,"href":"https:\/\/9staedte.de\/sv\/wp-json\/wp\/v2\/categories?post=14315"},{"taxonomy":"post_tag","embeddable":true,"href":"https:\/\/9staedte.de\/sv\/wp-json\/wp\/v2\/tags?post=14315"},{"taxonomy":"ncap_cities_tax","embeddable":true,"href":"https:\/\/9staedte.de\/sv\/wp-json\/wp\/v2\/ncap_cities_tax?post=14315"}],"curies":[{"name":"wp","href":"https:\/\/api.w.org\/{rel}","templated":true}]}}