{"id":14306,"date":"2023-10-25T16:24:40","date_gmt":"2023-10-25T14:24:40","guid":{"rendered":"https:\/\/9staedte.de\/prachtige-belevenissen-i-9-steden\/"},"modified":"2023-10-25T16:24:40","modified_gmt":"2023-10-25T14:24:40","slug":"prachtige-belevenissen-i-9-steden","status":"publish","type":"page","link":"https:\/\/9staedte.de\/sv\/prachtige-belevenissen-i-9-steden\/","title":{"rendered":"Prachtige belevenissen i 9 steden"},"content":{"rendered":"\n<p>9 historiska st\u00e4der i Nedersaksen \u00e4r den perfekta destinationen f\u00f6r en&nbsp;weekendresa med en speciell atmosf\u00e4r!<\/p>\n\n\n\n<p>Braunschweig, Celle, G\u00f6ttingen, Goslar, Hameln, Hannover, Hildesheim och Wolfenb\u00fcttel erbjuder bes\u00f6kare ett mycket varierat utbud med Unescowerelderfgoed, historiska wijken med vakwerkhuizen, idylliska marktpleinen, luisterrijke herenhuizen, prachtige sloten, parken och tuinen. H\u00e4r kommer historien till liv vid de talrika traditionella evenemangen. Moderna winkelgalerijen och historiska binnensteden nodigen uit tot shoppen en relaxen. Heerlijke spijzen en verfrissende dranken worden geserveerd op rustige pleinen, in idyllische biergartens en natuurlijk ook tijdens de vele zomerse festiviteiten.<\/p>\n\n\n\n<p>En fantastisk h\u00f6jdpunkt i Hannover \u00e4r Herrenh\u00e4user G\u00e4rten, som p\u00e5 sommaren utg\u00f6r den fantastiska inredningen f\u00f6r eldverk, teater och kleinkonst. Med sina naturtrogna omgivningar i sju attraktiva temav\u00e4rldar \u00e4r Zoo Hannover det mest popul\u00e4ra djurparken. Evenemang som den internationella vuurwerkwedstrijd, konstfestivalen Herrenhausen, Maschseefest eller den st\u00f6rsta schuttersfeest ter wereld trekken in de zomer massa&#8217;s bezoekers naar Hannover.<\/p>\n\n\n\n<p>Om du nu v\u00e4ljer bilen, t\u00e5get eller flygplanet \u00e4r resan alltid snabb och bekv\u00e4m. Ett bes\u00f6k p\u00e5 en eller flera av de historiska platserna kan med f\u00f6rdel kombineras med en resa genom L\u00fcneburger Heide, Harz eller Weserbergland.<\/p>\n\n\n\n<div style=\"height:60px\" aria-hidden=\"true\" class=\"wp-block-spacer\"><\/div>\n\n\n\n<div class=\"content-grid\">\n\n\n  \n  <div class=\"grid\">\n                        \n                    \n          <div class=\"featured-themen-single\">\n            <div class=\"featured-themen-single-inner\" style=\"background-image: url('https:\/\/9staedte.de\/wp-content\/smush-webp\/2022\/02\/Altstadtmarkt_Quelle_Braunschweig_Stadtmarketing_GmbH_-_Marek_Kruszewski.jpg.webp')\">\n              \n              <a href=\"https:\/\/9staedte.de\/braunschweig-welfen-hanze-knappe-koppen\/\">\n                <span>Braunschweig \u2013 Levendige grote stad met geschiedenis<\/span>\n              <\/a>\n            <\/div>\n          <\/div>\n    \n          \n                  \n                    \n          <div class=\"featured-themen-single\">\n            <div class=\"featured-themen-single-inner\" style=\"background-image: url('https:\/\/9staedte.de\/wp-content\/smush-webp\/2023\/04\/Was-ihr-wollt.jpg.webp')\">\n              \n              <a href=\"https:\/\/9staedte.de\/celle-vorstelijke-residentiestad-met-het-grootste-vakwerkensemble-van-europa\/\">\n                <span>Celle \u2013 Een sympathieke residentiestad met het grootste complex van vakwerkhuizen van Europa<\/span>\n              <\/a>\n            <\/div>\n          <\/div>\n    \n          \n                  \n                    \n          <div class=\"featured-themen-single\">\n            <div class=\"featured-themen-single-inner\" style=\"background-image: url('')\">\n              \n              <a href=\"https:\/\/9staedte.de\/einbeck-oldtimers-vakwerk-en-bier\/\">\n                <span>Einbeck \u2013 Oldtimers, vakwerk en bier<\/span>\n              <\/a>\n            <\/div>\n          <\/div>\n    \n          \n                  \n                    \n          <div class=\"featured-themen-single\">\n            <div class=\"featured-themen-single-inner\" style=\"background-image: url('https:\/\/9staedte.de\/wp-content\/smush-webp\/2023\/04\/Kulturgut_Goettingen_NDR2_Soundcheck_03c-Christoph-Mischke.jpg.webp')\">\n              \n              <a href=\"https:\/\/9staedte.de\/goettingen-stad-die-kennis-bijbrengt\/\">\n                <span>G\u00f6ttingen \u2013 Een stad die kennis bijbrengt<\/span>\n              <\/a>\n            <\/div>\n          <\/div>\n    \n          \n                  \n                    \n          <div class=\"featured-themen-single\">\n            <div class=\"featured-themen-single-inner\" style=\"background-image: url('https:\/\/9staedte.de\/wp-content\/smush-webp\/2023\/04\/Goslar_Walpurgisnacht.jpg.webp')\">\n              \n              <a href=\"https:\/\/9staedte.de\/goslar-ontdek-een-werelderfgoed\/\">\n                <span>Goslar \u2013 Wereldcultuurerfgoed in de Harz<\/span>\n              <\/a>\n            <\/div>\n          <\/div>\n    \n          \n                  \n                    \n          <div class=\"featured-themen-single\">\n            <div class=\"featured-themen-single-inner\" style=\"background-image: url('https:\/\/9staedte.de\/wp-content\/smush-webp\/2023\/04\/Sagenhaftes-Festwochenende-Wilhelm-Robin-Pfeifer.jpg.webp')\">\n              \n              <a href=\"https:\/\/9staedte.de\/hameln-legendarische-rattenvangerstad\/\">\n                <span>Hameln (Hamelen) \u2013 De stad van de rattenvanger<\/span>\n              <\/a>\n            <\/div>\n          <\/div>\n    \n          \n                  \n                    \n          <div class=\"featured-themen-single\">\n            <div class=\"featured-themen-single-inner\" style=\"background-image: url('https:\/\/9staedte.de\/wp-content\/smush-webp\/2023\/04\/Hannover-Herrenhaeuser-Gaerten-im-Herbst-c-Lars-Gerhardts.jpg.webp')\">\n              \n              <a href=\"https:\/\/9staedte.de\/hannovers-mooiste-kanten\/\">\n                <span>Hannover \u2013 Sympathiek en bruisend<\/span>\n              <\/a>\n            <\/div>\n          <\/div>\n    \n          \n                  \n                    \n          <div class=\"featured-themen-single\">\n            <div class=\"featured-themen-single-inner\" style=\"background-image: url('https:\/\/9staedte.de\/wp-content\/smush-webp\/2023\/04\/HildesheimMarktplatz2_Fotograph-Obornik\u00a9Hildesheim-Marketing.jpg.webp')\">\n              \n              <a href=\"https:\/\/9staedte.de\/hildesheim-uniek-unesco-werelderfgoed\/\">\n                <span>Hildesheim \u2013 Vakwerkstad vol cultuur en geschiedenis<\/span>\n              <\/a>\n            <\/div>\n          <\/div>\n    \n          \n                  \n                    \n          <div class=\"featured-themen-single\">\n            <div class=\"featured-themen-single-inner\" style=\"background-image: url('https:\/\/9staedte.de\/wp-content\/smush-webp\/2022\/03\/Lessinghaus-Wolfenbuettel-Bierwagen-c-Stadt-Wolfenbuettel-1-scaled.jpg.webp')\">\n              \n              <a href=\"https:\/\/9staedte.de\/wolfenbuettel-welkom-in-de-residentie-van-de-welfengertogen-en-de-stad-van-de-jaegermeister\/\">\n                <span>Wolfenb\u00fcttel \u2013 1000 vakwerkhuizen en J\u00e4germeister<\/span>\n              <\/a>\n            <\/div>\n          <\/div>\n    \n          \n                  \n                    \n          <div class=\"featured-themen-single\">\n            <div class=\"featured-themen-single-inner\" style=\"background-image: url('https:\/\/9staedte.de\/wp-content\/smush-webp\/2022\/03\/Autostadt-Uebersicht-Tag-c-Nils-Hendrick-Mueller-1.jpg.webp')\">\n              \n              <a href=\"https:\/\/9staedte.de\/de-autostadt-in-niedersachsen\/\">\n                <span>Autostadt in Wolfsburg \u2013 Op reis in de wereld van mobiliteit<\/span>\n              <\/a>\n            <\/div>\n          <\/div>\n    \n          \n                          \n        <\/div>\n<\/div>","protected":false},"excerpt":{"rendered":"<p>9 historiska st\u00e4der i Nedersaksen \u00e4r den perfekta destinationen f\u00f6r en&nbsp;weekendresa med en speciell atmosf\u00e4r! Braunschweig, Celle, G\u00f6ttingen, Goslar, Hameln, Hannover, Hildesheim och Wolfenb\u00fcttel erbjuder bes\u00f6kare ett mycket varierat utbud med Unescowerelderfgoed, historiska wijken med vakwerkhuizen, idylliska marktpleinen, luisterrijke herenhuizen, prachtige sloten, parken och tuinen. H\u00e4r kommer historien till liv vid de talrika traditionella evenemangen. [&hellip;]<\/p>\n","protected":false},"author":1,"featured_media":14312,"parent":0,"menu_order":0,"comment_status":"closed","ping_status":"closed","template":"","meta":{"_acf_changed":false,"footnotes":""},"categories":[],"tags":[],"ncap_cities_tax":[],"class_list":["post-14306","page","type-page","status-publish","has-post-thumbnail","hentry"],"acf":[],"yoast_head":"<!-- This site is optimized with the Yoast SEO plugin v26.8 - https:\/\/yoast.com\/product\/yoast-seo-wordpress\/ -->\n<title>Prachtige belevenissen i 9 steden - 9 St\u00e4dte in Niedersachsen<\/title>\n<meta name=\"robots\" content=\"index, follow, max-snippet:-1, max-image-preview:large, max-video-preview:-1\" \/>\n<link rel=\"canonical\" href=\"https:\/\/9staedte.de\/sv\/prachtige-belevenissen-i-9-steden\/\" \/>\n<meta property=\"og:locale\" content=\"sv_SE\" \/>\n<meta property=\"og:type\" content=\"article\" \/>\n<meta property=\"og:title\" content=\"Prachtige belevenissen i 9 steden - 9 St\u00e4dte in Niedersachsen\" \/>\n<meta property=\"og:description\" content=\"9 historiska st\u00e4der i Nedersaksen \u00e4r den perfekta destinationen f\u00f6r en&nbsp;weekendresa med en speciell atmosf\u00e4r! Braunschweig, Celle, G\u00f6ttingen, Goslar, Hameln, Hannover, Hildesheim och Wolfenb\u00fcttel erbjuder bes\u00f6kare ett mycket varierat utbud med Unescowerelderfgoed, historiska wijken med vakwerkhuizen, idylliska marktpleinen, luisterrijke herenhuizen, prachtige sloten, parken och tuinen. H\u00e4r kommer historien till liv vid de talrika traditionella evenemangen. [&hellip;]\" \/>\n<meta property=\"og:url\" content=\"https:\/\/9staedte.de\/sv\/prachtige-belevenissen-i-9-steden\/\" \/>\n<meta property=\"og:site_name\" content=\"9 St\u00e4dte in Niedersachsen\" \/>\n<meta property=\"og:image\" content=\"https:\/\/9staedte.de\/wp-content\/uploads\/2023\/04\/Braunschweig-Kohlmarkt-c-Braunschweig-Stadtmarketing-Danienl-Moeller.jpg\" \/>\n\t<meta property=\"og:image:width\" content=\"860\" \/>\n\t<meta property=\"og:image:height\" content=\"365\" \/>\n\t<meta property=\"og:image:type\" content=\"image\/jpeg\" \/>\n<meta name=\"twitter:card\" content=\"summary_large_image\" \/>\n<meta name=\"twitter:label1\" content=\"Ber\u00e4knad l\u00e4stid\" \/>\n\t<meta name=\"twitter:data1\" content=\"1 minut\" \/>\n<script type=\"application\/ld+json\" class=\"yoast-schema-graph\">{\"@context\":\"https:\/\/schema.org\",\"@graph\":[{\"@type\":\"WebPage\",\"@id\":\"https:\/\/9staedte.de\/sv\/prachtige-belevenissen-i-9-steden\/\",\"url\":\"https:\/\/9staedte.de\/sv\/prachtige-belevenissen-i-9-steden\/\",\"name\":\"Prachtige belevenissen i 9 steden - 9 St\u00e4dte in Niedersachsen\",\"isPartOf\":{\"@id\":\"https:\/\/9staedte.de\/sv\/#website\"},\"primaryImageOfPage\":{\"@id\":\"https:\/\/9staedte.de\/sv\/prachtige-belevenissen-i-9-steden\/#primaryimage\"},\"image\":{\"@id\":\"https:\/\/9staedte.de\/sv\/prachtige-belevenissen-i-9-steden\/#primaryimage\"},\"thumbnailUrl\":\"https:\/\/9staedte.de\/wp-content\/uploads\/2023\/04\/Braunschweig-Kohlmarkt-c-Braunschweig-Stadtmarketing-Danienl-Moeller.jpg\",\"datePublished\":\"2023-10-25T14:24:40+00:00\",\"breadcrumb\":{\"@id\":\"https:\/\/9staedte.de\/sv\/prachtige-belevenissen-i-9-steden\/#breadcrumb\"},\"inLanguage\":\"sv-SE\",\"potentialAction\":[{\"@type\":\"ReadAction\",\"target\":[\"https:\/\/9staedte.de\/sv\/prachtige-belevenissen-i-9-steden\/\"]}]},{\"@type\":\"ImageObject\",\"inLanguage\":\"sv-SE\",\"@id\":\"https:\/\/9staedte.de\/sv\/prachtige-belevenissen-i-9-steden\/#primaryimage\",\"url\":\"https:\/\/9staedte.de\/wp-content\/uploads\/2023\/04\/Braunschweig-Kohlmarkt-c-Braunschweig-Stadtmarketing-Danienl-Moeller.jpg\",\"contentUrl\":\"https:\/\/9staedte.de\/wp-content\/uploads\/2023\/04\/Braunschweig-Kohlmarkt-c-Braunschweig-Stadtmarketing-Danienl-Moeller.jpg\",\"width\":860,\"height\":365},{\"@type\":\"BreadcrumbList\",\"@id\":\"https:\/\/9staedte.de\/sv\/prachtige-belevenissen-i-9-steden\/#breadcrumb\",\"itemListElement\":[{\"@type\":\"ListItem\",\"position\":1,\"name\":\"Startseite\",\"item\":\"https:\/\/9staedte.de\/sv\/\"},{\"@type\":\"ListItem\",\"position\":2,\"name\":\"Prachtige belevenissen i 9 steden\"}]},{\"@type\":\"WebSite\",\"@id\":\"https:\/\/9staedte.de\/sv\/#website\",\"url\":\"https:\/\/9staedte.de\/sv\/\",\"name\":\"9 St\u00e4dte in Niedersachsen\",\"description\":\"\",\"publisher\":{\"@id\":\"https:\/\/9staedte.de\/sv\/#organization\"},\"potentialAction\":[{\"@type\":\"SearchAction\",\"target\":{\"@type\":\"EntryPoint\",\"urlTemplate\":\"https:\/\/9staedte.de\/sv\/?s={search_term_string}\"},\"query-input\":{\"@type\":\"PropertyValueSpecification\",\"valueRequired\":true,\"valueName\":\"search_term_string\"}}],\"inLanguage\":\"sv-SE\"},{\"@type\":\"Organization\",\"@id\":\"https:\/\/9staedte.de\/sv\/#organization\",\"name\":\"9 St\u00e4dte in Niedersachsen\",\"url\":\"https:\/\/9staedte.de\/sv\/\",\"logo\":{\"@type\":\"ImageObject\",\"inLanguage\":\"sv-SE\",\"@id\":\"https:\/\/9staedte.de\/sv\/#\/schema\/logo\/image\/\",\"url\":\"https:\/\/9staedte.de\/wp-content\/uploads\/2025\/01\/9-neg-deutsch-2-1.png\",\"contentUrl\":\"https:\/\/9staedte.de\/wp-content\/uploads\/2025\/01\/9-neg-deutsch-2-1.png\",\"width\":190,\"height\":114,\"caption\":\"9 St\u00e4dte in Niedersachsen\"},\"image\":{\"@id\":\"https:\/\/9staedte.de\/sv\/#\/schema\/logo\/image\/\"}}]}<\/script>\n<!-- \/ Yoast SEO plugin. -->","yoast_head_json":{"title":"Prachtige belevenissen i 9 steden - 9 St\u00e4dte in Niedersachsen","robots":{"index":"index","follow":"follow","max-snippet":"max-snippet:-1","max-image-preview":"max-image-preview:large","max-video-preview":"max-video-preview:-1"},"canonical":"https:\/\/9staedte.de\/sv\/prachtige-belevenissen-i-9-steden\/","og_locale":"sv_SE","og_type":"article","og_title":"Prachtige belevenissen i 9 steden - 9 St\u00e4dte in Niedersachsen","og_description":"9 historiska st\u00e4der i Nedersaksen \u00e4r den perfekta destinationen f\u00f6r en&nbsp;weekendresa med en speciell atmosf\u00e4r! Braunschweig, Celle, G\u00f6ttingen, Goslar, Hameln, Hannover, Hildesheim och Wolfenb\u00fcttel erbjuder bes\u00f6kare ett mycket varierat utbud med Unescowerelderfgoed, historiska wijken med vakwerkhuizen, idylliska marktpleinen, luisterrijke herenhuizen, prachtige sloten, parken och tuinen. H\u00e4r kommer historien till liv vid de talrika traditionella evenemangen. [&hellip;]","og_url":"https:\/\/9staedte.de\/sv\/prachtige-belevenissen-i-9-steden\/","og_site_name":"9 St\u00e4dte in Niedersachsen","og_image":[{"width":860,"height":365,"url":"https:\/\/9staedte.de\/wp-content\/uploads\/2023\/04\/Braunschweig-Kohlmarkt-c-Braunschweig-Stadtmarketing-Danienl-Moeller.jpg","type":"image\/jpeg"}],"twitter_card":"summary_large_image","twitter_misc":{"Ber\u00e4knad l\u00e4stid":"1 minut"},"schema":{"@context":"https:\/\/schema.org","@graph":[{"@type":"WebPage","@id":"https:\/\/9staedte.de\/sv\/prachtige-belevenissen-i-9-steden\/","url":"https:\/\/9staedte.de\/sv\/prachtige-belevenissen-i-9-steden\/","name":"Prachtige belevenissen i 9 steden - 9 St\u00e4dte in Niedersachsen","isPartOf":{"@id":"https:\/\/9staedte.de\/sv\/#website"},"primaryImageOfPage":{"@id":"https:\/\/9staedte.de\/sv\/prachtige-belevenissen-i-9-steden\/#primaryimage"},"image":{"@id":"https:\/\/9staedte.de\/sv\/prachtige-belevenissen-i-9-steden\/#primaryimage"},"thumbnailUrl":"https:\/\/9staedte.de\/wp-content\/uploads\/2023\/04\/Braunschweig-Kohlmarkt-c-Braunschweig-Stadtmarketing-Danienl-Moeller.jpg","datePublished":"2023-10-25T14:24:40+00:00","breadcrumb":{"@id":"https:\/\/9staedte.de\/sv\/prachtige-belevenissen-i-9-steden\/#breadcrumb"},"inLanguage":"sv-SE","potentialAction":[{"@type":"ReadAction","target":["https:\/\/9staedte.de\/sv\/prachtige-belevenissen-i-9-steden\/"]}]},{"@type":"ImageObject","inLanguage":"sv-SE","@id":"https:\/\/9staedte.de\/sv\/prachtige-belevenissen-i-9-steden\/#primaryimage","url":"https:\/\/9staedte.de\/wp-content\/uploads\/2023\/04\/Braunschweig-Kohlmarkt-c-Braunschweig-Stadtmarketing-Danienl-Moeller.jpg","contentUrl":"https:\/\/9staedte.de\/wp-content\/uploads\/2023\/04\/Braunschweig-Kohlmarkt-c-Braunschweig-Stadtmarketing-Danienl-Moeller.jpg","width":860,"height":365},{"@type":"BreadcrumbList","@id":"https:\/\/9staedte.de\/sv\/prachtige-belevenissen-i-9-steden\/#breadcrumb","itemListElement":[{"@type":"ListItem","position":1,"name":"Startseite","item":"https:\/\/9staedte.de\/sv\/"},{"@type":"ListItem","position":2,"name":"Prachtige belevenissen i 9 steden"}]},{"@type":"WebSite","@id":"https:\/\/9staedte.de\/sv\/#website","url":"https:\/\/9staedte.de\/sv\/","name":"9 St\u00e4dte in Niedersachsen","description":"","publisher":{"@id":"https:\/\/9staedte.de\/sv\/#organization"},"potentialAction":[{"@type":"SearchAction","target":{"@type":"EntryPoint","urlTemplate":"https:\/\/9staedte.de\/sv\/?s={search_term_string}"},"query-input":{"@type":"PropertyValueSpecification","valueRequired":true,"valueName":"search_term_string"}}],"inLanguage":"sv-SE"},{"@type":"Organization","@id":"https:\/\/9staedte.de\/sv\/#organization","name":"9 St\u00e4dte in Niedersachsen","url":"https:\/\/9staedte.de\/sv\/","logo":{"@type":"ImageObject","inLanguage":"sv-SE","@id":"https:\/\/9staedte.de\/sv\/#\/schema\/logo\/image\/","url":"https:\/\/9staedte.de\/wp-content\/uploads\/2025\/01\/9-neg-deutsch-2-1.png","contentUrl":"https:\/\/9staedte.de\/wp-content\/uploads\/2025\/01\/9-neg-deutsch-2-1.png","width":190,"height":114,"caption":"9 St\u00e4dte in Niedersachsen"},"image":{"@id":"https:\/\/9staedte.de\/sv\/#\/schema\/logo\/image\/"}}]}},"_links":{"self":[{"href":"https:\/\/9staedte.de\/sv\/wp-json\/wp\/v2\/pages\/14306","targetHints":{"allow":["GET"]}}],"collection":[{"href":"https:\/\/9staedte.de\/sv\/wp-json\/wp\/v2\/pages"}],"about":[{"href":"https:\/\/9staedte.de\/sv\/wp-json\/wp\/v2\/types\/page"}],"author":[{"embeddable":true,"href":"https:\/\/9staedte.de\/sv\/wp-json\/wp\/v2\/users\/1"}],"replies":[{"embeddable":true,"href":"https:\/\/9staedte.de\/sv\/wp-json\/wp\/v2\/comments?post=14306"}],"version-history":[{"count":1,"href":"https:\/\/9staedte.de\/sv\/wp-json\/wp\/v2\/pages\/14306\/revisions"}],"predecessor-version":[{"id":14314,"href":"https:\/\/9staedte.de\/sv\/wp-json\/wp\/v2\/pages\/14306\/revisions\/14314"}],"wp:featuredmedia":[{"embeddable":true,"href":"https:\/\/9staedte.de\/sv\/wp-json\/wp\/v2\/media\/14312"}],"wp:attachment":[{"href":"https:\/\/9staedte.de\/sv\/wp-json\/wp\/v2\/media?parent=14306"}],"wp:term":[{"taxonomy":"category","embeddable":true,"href":"https:\/\/9staedte.de\/sv\/wp-json\/wp\/v2\/categories?post=14306"},{"taxonomy":"post_tag","embeddable":true,"href":"https:\/\/9staedte.de\/sv\/wp-json\/wp\/v2\/tags?post=14306"},{"taxonomy":"ncap_cities_tax","embeddable":true,"href":"https:\/\/9staedte.de\/sv\/wp-json\/wp\/v2\/ncap_cities_tax?post=14306"}],"curies":[{"name":"wp","href":"https:\/\/api.w.org\/{rel}","templated":true}]}}