{"id":14300,"date":"2023-10-25T16:22:03","date_gmt":"2023-10-25T14:22:03","guid":{"rendered":"https:\/\/9staedte.de\/9-staeder-i-niedersachsen-tips-och-information\/"},"modified":"2023-10-25T16:22:03","modified_gmt":"2023-10-25T14:22:03","slug":"9-staeder-i-niedersachsen-tips-och-information","status":"publish","type":"page","link":"https:\/\/9staedte.de\/sv\/9-staeder-i-niedersachsen-tips-och-information\/","title":{"rendered":"9 St\u00e4der i Niedersachsen &#8211; Tips och information"},"content":{"rendered":"\n<p>Det finns o\u00e4ndligt m\u00e5nga anledningar att bes\u00f6ka de 9 st\u00e4derna i Niedersachsen! Traditionella evenemang, UNESCO:s v\u00e4rldsarv, medeltida gamla st\u00e4der, idylliska korsvirkesmilj\u00f6er, lugn g\u00e4stfrihet, moderna shoppinggallerior, liv och r\u00f6relse &#8230;<\/p>\n\n\n\n<p>Planera din rundtur i 9 st\u00e4der. Varje stad fascinerar med sin egen alldeles speciella charm. Ett bes\u00f6k i en eller flera av de historiska st\u00e4derna kan med f\u00f6rdel kombineras med en rundtur i L\u00fcneburger Heide, Harz eller Weserbergland. Den centrala flygplatsen i norra Tyskland, Hannover Airport, samt goda t\u00e5g- och motorv\u00e4gsf\u00f6rbindelser garanterar en behaglig resa.<\/p>\n\n\n\n<p>Tips: Kombinera din resa i historien med en avstickare till den inspirerande v\u00e4rlden av Autostadt i Wolfsburg.<\/p>\n\n\n\n<div style=\"height:60px\" aria-hidden=\"true\" class=\"wp-block-spacer\"><\/div>\n\n\n\n<div class=\"content-grid\">\n\n\n  \n  <div class=\"grid\">\n                        \n                    \n          <div class=\"featured-themen-single\">\n            <div class=\"featured-themen-single-inner\" style=\"background-image: url('')\">\n              \n              <a href=\"https:\/\/9staedte.de\/braunschweig-lebendige-grossstadt-mit-geschichte\/\">\n                <span>Braunschweig \u2013 Lebendige Gro\u00dfstadt mit Geschichte<\/span>\n              <\/a>\n            <\/div>\n          <\/div>\n    \n          \n                  \n                    \n          <div class=\"featured-themen-single\">\n            <div class=\"featured-themen-single-inner\" style=\"background-image: url('')\">\n              \n              <a href=\"https:\/\/9staedte.de\/celle-liebenswerte-residenzstadt-mit-europas-groesstem-fachwerkensemble\/\">\n                <span>Celle \u2013 Liebenswerte Residenzstadt mit Europas gr\u00f6\u00dftem Fachwerkensemble<\/span>\n              <\/a>\n            <\/div>\n          <\/div>\n    \n          \n                  \n                    \n          <div class=\"featured-themen-single\">\n            <div class=\"featured-themen-single-inner\" style=\"background-image: url('')\">\n              \n              <a href=\"https:\/\/9staedte.de\/einbeck-oldtimer-fachwerk-und-bier\/\">\n                <span>Einbeck \u2013 Oldtimer, Fachwerk und Bier<\/span>\n              <\/a>\n            <\/div>\n          <\/div>\n    \n          \n                  \n                    \n          <div class=\"featured-themen-single\">\n            <div class=\"featured-themen-single-inner\" style=\"background-image: url('')\">\n              \n              <a href=\"https:\/\/9staedte.de\/goettingen-stadt-die-wissen-schafft\/\">\n                <span>G\u00f6ttingen \u2013 Stadt, die Wissen schafft<\/span>\n              <\/a>\n            <\/div>\n          <\/div>\n    \n          \n                  \n                    \n          <div class=\"featured-themen-single\">\n            <div class=\"featured-themen-single-inner\" style=\"background-image: url('')\">\n              \n              <a href=\"https:\/\/9staedte.de\/goslar-weltkulturerbe-im-harz\/\">\n                <span>Goslar \u2013 Weltkulturerbe im Harz<\/span>\n              <\/a>\n            <\/div>\n          <\/div>\n    \n          \n                  \n                    \n          <div class=\"featured-themen-single\">\n            <div class=\"featured-themen-single-inner\" style=\"background-image: url('')\">\n              \n              <a href=\"https:\/\/9staedte.de\/hameln-die-rattenfaengerstadt\/\">\n                <span>Hameln \u2013 Die Rattenf\u00e4ngerstadt<\/span>\n              <\/a>\n            <\/div>\n          <\/div>\n    \n          \n                  \n                    \n          <div class=\"featured-themen-single\">\n            <div class=\"featured-themen-single-inner\" style=\"background-image: url('')\">\n              \n              <a href=\"https:\/\/9staedte.de\/hannover-liebenswert-und-lebenswert\/\">\n                <span>Hannover \u2013 Liebenswert und lebenswert<\/span>\n              <\/a>\n            <\/div>\n          <\/div>\n    \n          \n                  \n                    \n          <div class=\"featured-themen-single\">\n            <div class=\"featured-themen-single-inner\" style=\"background-image: url('')\">\n              \n              <a href=\"https:\/\/9staedte.de\/hildesheim-fachwerkstadt-voller-kultur-und-geschichte\/\">\n                <span>Hildesheim \u2013 Fachwerkstadt voller Kultur und Geschichte<\/span>\n              <\/a>\n            <\/div>\n          <\/div>\n    \n          \n                  \n                    \n          <div class=\"featured-themen-single\">\n            <div class=\"featured-themen-single-inner\" style=\"background-image: url('')\">\n              \n              <a href=\"https:\/\/9staedte.de\/wolfenbuettel-1-000-fachwerkhaeuser-und-jaegermeister\/\">\n                <span>Wolfenb\u00fcttel \u2013 1.000 Fachwerkh\u00e4user und J\u00e4germeister<\/span>\n              <\/a>\n            <\/div>\n          <\/div>\n    \n          \n                  \n                    \n          <div class=\"featured-themen-single\">\n            <div class=\"featured-themen-single-inner\" style=\"background-image: url('')\">\n              \n              <a href=\"https:\/\/9staedte.de\/autostadt-in-wolfsburg-eine-reise-in-die-welt-der-mobilitaet\/\">\n                <span>Autostadt in Wolfsburg \u2013 Eine Reise in die Welt der Mobilit\u00e4t<\/span>\n              <\/a>\n            <\/div>\n          <\/div>\n    \n          \n                          \n        <\/div>\n<\/div>","protected":false},"excerpt":{"rendered":"<p>Det finns o\u00e4ndligt m\u00e5nga anledningar att bes\u00f6ka de 9 st\u00e4derna i Niedersachsen! Traditionella evenemang, UNESCO:s v\u00e4rldsarv, medeltida gamla st\u00e4der, idylliska korsvirkesmilj\u00f6er, lugn g\u00e4stfrihet, moderna shoppinggallerior, liv och r\u00f6relse &#8230; Planera din rundtur i 9 st\u00e4der. Varje stad fascinerar med sin egen alldeles speciella charm. Ett bes\u00f6k i en eller flera av de historiska st\u00e4derna kan [&hellip;]<\/p>\n","protected":false},"author":1,"featured_media":0,"parent":0,"menu_order":0,"comment_status":"closed","ping_status":"closed","template":"","meta":{"_acf_changed":false,"footnotes":""},"categories":[],"tags":[],"ncap_cities_tax":[],"class_list":["post-14300","page","type-page","status-publish","hentry"],"acf":[],"yoast_head":"<!-- This site is optimized with the Yoast SEO plugin v26.8 - https:\/\/yoast.com\/product\/yoast-seo-wordpress\/ -->\n<title>9 St\u00e4der i Niedersachsen - Tips och information - 9 St\u00e4dte in Niedersachsen<\/title>\n<meta name=\"robots\" content=\"index, follow, max-snippet:-1, max-image-preview:large, max-video-preview:-1\" \/>\n<link rel=\"canonical\" href=\"https:\/\/9staedte.de\/sv\/9-staeder-i-niedersachsen-tips-och-information\/\" \/>\n<meta property=\"og:locale\" content=\"sv_SE\" \/>\n<meta property=\"og:type\" content=\"article\" \/>\n<meta property=\"og:title\" content=\"9 St\u00e4der i Niedersachsen - Tips och information - 9 St\u00e4dte in Niedersachsen\" \/>\n<meta property=\"og:description\" content=\"Det finns o\u00e4ndligt m\u00e5nga anledningar att bes\u00f6ka de 9 st\u00e4derna i Niedersachsen! Traditionella evenemang, UNESCO:s v\u00e4rldsarv, medeltida gamla st\u00e4der, idylliska korsvirkesmilj\u00f6er, lugn g\u00e4stfrihet, moderna shoppinggallerior, liv och r\u00f6relse &#8230; Planera din rundtur i 9 st\u00e4der. Varje stad fascinerar med sin egen alldeles speciella charm. Ett bes\u00f6k i en eller flera av de historiska st\u00e4derna kan [&hellip;]\" \/>\n<meta property=\"og:url\" content=\"https:\/\/9staedte.de\/sv\/9-staeder-i-niedersachsen-tips-och-information\/\" \/>\n<meta property=\"og:site_name\" content=\"9 St\u00e4dte in Niedersachsen\" \/>\n<meta name=\"twitter:card\" content=\"summary_large_image\" \/>\n<meta name=\"twitter:label1\" content=\"Ber\u00e4knad l\u00e4stid\" \/>\n\t<meta name=\"twitter:data1\" content=\"1 minut\" \/>\n<script type=\"application\/ld+json\" class=\"yoast-schema-graph\">{\"@context\":\"https:\/\/schema.org\",\"@graph\":[{\"@type\":\"WebPage\",\"@id\":\"https:\/\/9staedte.de\/sv\/9-staeder-i-niedersachsen-tips-och-information\/\",\"url\":\"https:\/\/9staedte.de\/sv\/9-staeder-i-niedersachsen-tips-och-information\/\",\"name\":\"9 St\u00e4der i Niedersachsen - Tips och information - 9 St\u00e4dte in Niedersachsen\",\"isPartOf\":{\"@id\":\"https:\/\/9staedte.de\/sv\/#website\"},\"datePublished\":\"2023-10-25T14:22:03+00:00\",\"breadcrumb\":{\"@id\":\"https:\/\/9staedte.de\/sv\/9-staeder-i-niedersachsen-tips-och-information\/#breadcrumb\"},\"inLanguage\":\"sv-SE\",\"potentialAction\":[{\"@type\":\"ReadAction\",\"target\":[\"https:\/\/9staedte.de\/sv\/9-staeder-i-niedersachsen-tips-och-information\/\"]}]},{\"@type\":\"BreadcrumbList\",\"@id\":\"https:\/\/9staedte.de\/sv\/9-staeder-i-niedersachsen-tips-och-information\/#breadcrumb\",\"itemListElement\":[{\"@type\":\"ListItem\",\"position\":1,\"name\":\"Startseite\",\"item\":\"https:\/\/9staedte.de\/sv\/\"},{\"@type\":\"ListItem\",\"position\":2,\"name\":\"9 St\u00e4der i Niedersachsen &#8211; Tips och information\"}]},{\"@type\":\"WebSite\",\"@id\":\"https:\/\/9staedte.de\/sv\/#website\",\"url\":\"https:\/\/9staedte.de\/sv\/\",\"name\":\"9 St\u00e4dte in Niedersachsen\",\"description\":\"\",\"publisher\":{\"@id\":\"https:\/\/9staedte.de\/sv\/#organization\"},\"potentialAction\":[{\"@type\":\"SearchAction\",\"target\":{\"@type\":\"EntryPoint\",\"urlTemplate\":\"https:\/\/9staedte.de\/sv\/?s={search_term_string}\"},\"query-input\":{\"@type\":\"PropertyValueSpecification\",\"valueRequired\":true,\"valueName\":\"search_term_string\"}}],\"inLanguage\":\"sv-SE\"},{\"@type\":\"Organization\",\"@id\":\"https:\/\/9staedte.de\/sv\/#organization\",\"name\":\"9 St\u00e4dte in Niedersachsen\",\"url\":\"https:\/\/9staedte.de\/sv\/\",\"logo\":{\"@type\":\"ImageObject\",\"inLanguage\":\"sv-SE\",\"@id\":\"https:\/\/9staedte.de\/sv\/#\/schema\/logo\/image\/\",\"url\":\"https:\/\/9staedte.de\/wp-content\/uploads\/2025\/01\/9-neg-deutsch-2-1.png\",\"contentUrl\":\"https:\/\/9staedte.de\/wp-content\/uploads\/2025\/01\/9-neg-deutsch-2-1.png\",\"width\":190,\"height\":114,\"caption\":\"9 St\u00e4dte in Niedersachsen\"},\"image\":{\"@id\":\"https:\/\/9staedte.de\/sv\/#\/schema\/logo\/image\/\"}}]}<\/script>\n<!-- \/ Yoast SEO plugin. -->","yoast_head_json":{"title":"9 St\u00e4der i Niedersachsen - Tips och information - 9 St\u00e4dte in Niedersachsen","robots":{"index":"index","follow":"follow","max-snippet":"max-snippet:-1","max-image-preview":"max-image-preview:large","max-video-preview":"max-video-preview:-1"},"canonical":"https:\/\/9staedte.de\/sv\/9-staeder-i-niedersachsen-tips-och-information\/","og_locale":"sv_SE","og_type":"article","og_title":"9 St\u00e4der i Niedersachsen - Tips och information - 9 St\u00e4dte in Niedersachsen","og_description":"Det finns o\u00e4ndligt m\u00e5nga anledningar att bes\u00f6ka de 9 st\u00e4derna i Niedersachsen! Traditionella evenemang, UNESCO:s v\u00e4rldsarv, medeltida gamla st\u00e4der, idylliska korsvirkesmilj\u00f6er, lugn g\u00e4stfrihet, moderna shoppinggallerior, liv och r\u00f6relse &#8230; Planera din rundtur i 9 st\u00e4der. Varje stad fascinerar med sin egen alldeles speciella charm. Ett bes\u00f6k i en eller flera av de historiska st\u00e4derna kan [&hellip;]","og_url":"https:\/\/9staedte.de\/sv\/9-staeder-i-niedersachsen-tips-och-information\/","og_site_name":"9 St\u00e4dte in Niedersachsen","twitter_card":"summary_large_image","twitter_misc":{"Ber\u00e4knad l\u00e4stid":"1 minut"},"schema":{"@context":"https:\/\/schema.org","@graph":[{"@type":"WebPage","@id":"https:\/\/9staedte.de\/sv\/9-staeder-i-niedersachsen-tips-och-information\/","url":"https:\/\/9staedte.de\/sv\/9-staeder-i-niedersachsen-tips-och-information\/","name":"9 St\u00e4der i Niedersachsen - Tips och information - 9 St\u00e4dte in Niedersachsen","isPartOf":{"@id":"https:\/\/9staedte.de\/sv\/#website"},"datePublished":"2023-10-25T14:22:03+00:00","breadcrumb":{"@id":"https:\/\/9staedte.de\/sv\/9-staeder-i-niedersachsen-tips-och-information\/#breadcrumb"},"inLanguage":"sv-SE","potentialAction":[{"@type":"ReadAction","target":["https:\/\/9staedte.de\/sv\/9-staeder-i-niedersachsen-tips-och-information\/"]}]},{"@type":"BreadcrumbList","@id":"https:\/\/9staedte.de\/sv\/9-staeder-i-niedersachsen-tips-och-information\/#breadcrumb","itemListElement":[{"@type":"ListItem","position":1,"name":"Startseite","item":"https:\/\/9staedte.de\/sv\/"},{"@type":"ListItem","position":2,"name":"9 St\u00e4der i Niedersachsen &#8211; Tips och information"}]},{"@type":"WebSite","@id":"https:\/\/9staedte.de\/sv\/#website","url":"https:\/\/9staedte.de\/sv\/","name":"9 St\u00e4dte in Niedersachsen","description":"","publisher":{"@id":"https:\/\/9staedte.de\/sv\/#organization"},"potentialAction":[{"@type":"SearchAction","target":{"@type":"EntryPoint","urlTemplate":"https:\/\/9staedte.de\/sv\/?s={search_term_string}"},"query-input":{"@type":"PropertyValueSpecification","valueRequired":true,"valueName":"search_term_string"}}],"inLanguage":"sv-SE"},{"@type":"Organization","@id":"https:\/\/9staedte.de\/sv\/#organization","name":"9 St\u00e4dte in Niedersachsen","url":"https:\/\/9staedte.de\/sv\/","logo":{"@type":"ImageObject","inLanguage":"sv-SE","@id":"https:\/\/9staedte.de\/sv\/#\/schema\/logo\/image\/","url":"https:\/\/9staedte.de\/wp-content\/uploads\/2025\/01\/9-neg-deutsch-2-1.png","contentUrl":"https:\/\/9staedte.de\/wp-content\/uploads\/2025\/01\/9-neg-deutsch-2-1.png","width":190,"height":114,"caption":"9 St\u00e4dte in Niedersachsen"},"image":{"@id":"https:\/\/9staedte.de\/sv\/#\/schema\/logo\/image\/"}}]}},"_links":{"self":[{"href":"https:\/\/9staedte.de\/sv\/wp-json\/wp\/v2\/pages\/14300","targetHints":{"allow":["GET"]}}],"collection":[{"href":"https:\/\/9staedte.de\/sv\/wp-json\/wp\/v2\/pages"}],"about":[{"href":"https:\/\/9staedte.de\/sv\/wp-json\/wp\/v2\/types\/page"}],"author":[{"embeddable":true,"href":"https:\/\/9staedte.de\/sv\/wp-json\/wp\/v2\/users\/1"}],"replies":[{"embeddable":true,"href":"https:\/\/9staedte.de\/sv\/wp-json\/wp\/v2\/comments?post=14300"}],"version-history":[{"count":1,"href":"https:\/\/9staedte.de\/sv\/wp-json\/wp\/v2\/pages\/14300\/revisions"}],"predecessor-version":[{"id":14304,"href":"https:\/\/9staedte.de\/sv\/wp-json\/wp\/v2\/pages\/14300\/revisions\/14304"}],"wp:attachment":[{"href":"https:\/\/9staedte.de\/sv\/wp-json\/wp\/v2\/media?parent=14300"}],"wp:term":[{"taxonomy":"category","embeddable":true,"href":"https:\/\/9staedte.de\/sv\/wp-json\/wp\/v2\/categories?post=14300"},{"taxonomy":"post_tag","embeddable":true,"href":"https:\/\/9staedte.de\/sv\/wp-json\/wp\/v2\/tags?post=14300"},{"taxonomy":"ncap_cities_tax","embeddable":true,"href":"https:\/\/9staedte.de\/sv\/wp-json\/wp\/v2\/ncap_cities_tax?post=14300"}],"curies":[{"name":"wp","href":"https:\/\/api.w.org\/{rel}","templated":true}]}}