{"id":14298,"date":"2023-10-25T16:13:25","date_gmt":"2023-10-25T14:13:25","guid":{"rendered":"https:\/\/9staedte.de\/braunschweig-upptaeck-haallbart\/"},"modified":"2025-07-24T09:29:42","modified_gmt":"2025-07-24T07:29:42","slug":"braunschweig-upptaeck-haallbart","status":"publish","type":"page","link":"https:\/\/9staedte.de\/sv\/braunschweig-lejonstaden\/braunschweig-upptaeck-haallbart\/","title":{"rendered":"Braunschweig &#8211; uppt\u00e4ck h\u00e5llbart"},"content":{"rendered":"\n<h2 class=\"wp-block-heading\">Livlig shopping- och kulturstad<\/h2>\n\n<p>Sedan Braunschweig grundades av Henrik Lejonet har staden under \u00e5rhundradenas lopp formats av guelferna och hansaf\u00f6rbundet och imponerar idag som en attraktiv shoppingstad och ett livligt kulturcentrum. Uppt\u00e4ck Braunschweig p\u00e5 ett h\u00e5llbart s\u00e4tt: Allt som k\u00e4nnetecknar en storstad kan n\u00e5s p\u00e5 kort avst\u00e5nd: en charmig stadsk\u00e4rna med historiska torg, varierande butiker, restauranger, sev\u00e4rdheter och evenemangsh\u00f6jdpunkter samt det vackra parkomr\u00e5det l\u00e4ngs floden Oker, som flyter runt stadsk\u00e4rnan. Tack vare den goda anslutningen till det tyska j\u00e4rnv\u00e4gsn\u00e4tet kan Lejonstaden n\u00e5s bekv\u00e4mt med t\u00e5g. Fr\u00e5n huvudj\u00e4rnv\u00e4gsstationen kan bes\u00f6kare n\u00e5 den n\u00e4rliggande stadsk\u00e4rnan i Braunschweig p\u00e5 kort tid med kollektivtrafik, cykel eller till fots.   <\/p>\n\n<p><\/p>\n\n<figure class=\"wp-block-image size-full is-resized\"><img loading=\"lazy\" decoding=\"async\" width=\"1019\" height=\"563\" src=\"https:\/\/9staedte.de\/wp-content\/smush-webp\/2023\/02\/Wochenmarkt-in-Braunschweig-c-Braunschweig-Stadtmarketing-Phillip-Ziebart.jpg.webp\" alt=\"Bilden visar en marknad. M&#xE5;nga m&#xE4;nniskor handlar i st&#xE5;nden. Det finns frukt, gr&#xF6;nsaker och andra saker. St&#xE5;nden har f&#xE4;rgglada tak. I bakgrunden ser man en kyrka med tv&#xE5; torn. Himlen &#xE4;r bl&#xE5; med vita moln.     \" class=\"wp-image-3784\" style=\"width:497px;height:auto\" srcset=\"https:\/\/9staedte.de\/wp-content\/smush-webp\/2023\/02\/Wochenmarkt-in-Braunschweig-c-Braunschweig-Stadtmarketing-Phillip-Ziebart.jpg.webp 1019w, https:\/\/9staedte.de\/wp-content\/smush-webp\/2023\/02\/Wochenmarkt-in-Braunschweig-c-Braunschweig-Stadtmarketing-Phillip-Ziebart-300x166.jpg.webp 300w, https:\/\/9staedte.de\/wp-content\/smush-webp\/2023\/02\/Wochenmarkt-in-Braunschweig-c-Braunschweig-Stadtmarketing-Phillip-Ziebart-768x424.jpg.webp 768w\" sizes=\"auto, (max-width: 1019px) 100vw, 1019px\" \/><figcaption class=\"wp-element-caption\">Veckovis marknad p\u00e5 Altstadtmarkt c) Braunschweig Stadtmarketing Phillip Ziebart<\/figcaption><\/figure>\n\n<h4 class=\"wp-block-heading\">Uppt\u00e4ck Braunschweig p\u00e5 ett h\u00e5llbart s\u00e4tt:<br\/><br\/>9 tips:<\/h4>\n\n<p>&#8211; F\u00f6r att skapa incitament f\u00f6r anv\u00e4ndning av eldrivna fordon har staden Braunschweig installerat tillr\u00e4ckligt m\u00e5nga laddningsstationer i stadsomr\u00e5det. Dessutom kan du parkera din elbil gratis i upp till tre timmar p\u00e5 avgiftsbelagda allm\u00e4nna parkeringsplatser i stadsomr\u00e5det. <\/p>\n\n<p>&#8211; P\u00e5 cykel- och g\u00e5ngv\u00e4garna i Braunschweig Ringgleis kan du l\u00e4ra k\u00e4nna Lejonstaden p\u00e5 ett avslappnat s\u00e4tt. Rutten tar dig f\u00f6rbi flera rekreationsanl\u00e4ggningar och erbjuder ett h\u00f6gt rekreationsv\u00e4rde med sina olika formade sektioner. <\/p>\n\n<p>&#8211; I det mysiga Caf\u00e9 L\u00fcttes p\u00e5 Alte Waage, i makery, ett kaf\u00e9 mitt i det pittoreska Magniviertel, eller p\u00e5 n\u00e5got av de m\u00e5nga andra trevliga kaf\u00e9erna i stadsk\u00e4rnan kan du njuta av kaffespecialiteter, hembakade kakor eller matiga snacks. Det b\u00e4sta med det: alla ingredienser som anv\u00e4nds \u00e4r r\u00e4ttvisem\u00e4rkta eller kommer fr\u00e5n n\u00e4romr\u00e5det. <\/p>\n\n<p>&#8211; Att njuta av en kaffe &#8221;to go&#8221; p\u00e5 spr\u00e5ng utan d\u00e5ligt samvete &#8211; det \u00e4r vad det \u00e5teranv\u00e4ndbara pantsystemet RECUP g\u00f6r m\u00f6jligt. Fyll p\u00e5 din RECUP-mugg hos en av de deltagande cateringfirmorna och l\u00e4mna tillbaka den till valfri kampanjpartner efter anv\u00e4ndning. <\/p>\n\n<p>&#8211; P\u00e5 Naturalou, Jojeco eller Naturladen hittar du milj\u00f6v\u00e4nliga och r\u00e4ttvisem\u00e4rkta produkter som hush\u00e5llsredskap, prydnadsf\u00f6rem\u00e5l, smycken, kl\u00e4der och alla m\u00f6jliga andra h\u00e5llbara erbjudanden.<\/p>\n\n<p>&#8211; Varje l\u00f6rdag lockar veckomarknaden p\u00e5 det historiska torget i Gamla stan bes\u00f6kare med f\u00e4rska livsmedel fr\u00e5n regionen. De varor som erbjuds str\u00e4cker sig fr\u00e5n regionala livsmedel som frukt, gr\u00f6nsaker, ost och korv till honung fr\u00e5n lokala bin. <\/p>\n\n<p>&#8211; Om du \u00e4r ute efter r\u00e4ttvisem\u00e4rkta eller regionalt producerade lyxvaror som uts\u00f6kt choklad och aromatiskt kaffe b\u00f6r du bes\u00f6ka turistinformationen, Kleine Burg 14, eller Contigo, en charmig butik i stadens centrum.<\/p>\n\n<p>&#8211; En avkopplande promenad genom Riddagshausens naturreservat \u00e4r inte bara ett utm\u00e4rkt s\u00e4tt att observera v\u00e4xter och f\u00e5glar. En flock dovhjortar v\u00e4ntar ocks\u00e5 p\u00e5 ditt bes\u00f6k i skogsinh\u00e4gnaden. Om du vill kan du ocks\u00e5 delta i ranger-guidningen i naturupplevelsecentret Haus Entenfang och l\u00e4ra dig sp\u00e4nnande detaljer om den lokala floran och faunan.  <\/p>\n\n<p>&#8211; Fr\u00e5n slutet av november till slutet av december bjuder den traditionella julmarknaden i Braunschweig in dig till ett bes\u00f6k. D\u00e4r kan du njuta av ett brett urval av uts\u00f6kt mat och dryck, serverad p\u00e5 h\u00e5llbart eng\u00e5ngs- eller \u00e5teranv\u00e4ndbart porslin. Energisparande LED-belysning och anv\u00e4ndning av 100 procent naturlig el fr\u00e5n f\u00f6rnybara k\u00e4llor garanterar en festlig marknadsatmosf\u00e4r.  <\/p>\n","protected":false},"excerpt":{"rendered":"<p>Livlig shopping- och kulturstad Sedan Braunschweig grundades av Henrik Lejonet har staden under \u00e5rhundradenas lopp formats av guelferna och hansaf\u00f6rbundet och imponerar idag som en attraktiv shoppingstad och ett livligt kulturcentrum. Uppt\u00e4ck Braunschweig p\u00e5 ett h\u00e5llbart s\u00e4tt: Allt som k\u00e4nnetecknar en storstad kan n\u00e5s p\u00e5 kort avst\u00e5nd: en charmig stadsk\u00e4rna med historiska torg, varierande butiker, [&hellip;]<\/p>\n","protected":false},"author":1,"featured_media":13671,"parent":14382,"menu_order":0,"comment_status":"closed","ping_status":"closed","template":"pagetemplates\/template-stadtthema.php","meta":{"_acf_changed":false,"footnotes":""},"categories":[],"tags":[],"ncap_cities_tax":[421,897],"class_list":["post-14298","page","type-page","status-publish","has-post-thumbnail","hentry","ncap_cities_tax-braunschweig-sv","ncap_cities_tax-naturerlebnisse-und-nachhaltigkeit-braunschweig-sv"],"acf":[],"yoast_head":"<!-- This site is optimized with the Yoast SEO plugin v26.8 - https:\/\/yoast.com\/product\/yoast-seo-wordpress\/ -->\n<title>Braunschweig - uppt\u00e4ck h\u00e5llbart - 9 St\u00e4dte in Niedersachsen<\/title>\n<meta name=\"robots\" content=\"index, follow, max-snippet:-1, max-image-preview:large, max-video-preview:-1\" \/>\n<link rel=\"canonical\" href=\"https:\/\/9staedte.de\/sv\/braunschweig-lejonstaden\/braunschweig-upptaeck-haallbart\/\" \/>\n<meta property=\"og:locale\" content=\"sv_SE\" \/>\n<meta property=\"og:type\" content=\"article\" \/>\n<meta property=\"og:title\" content=\"Braunschweig - uppt\u00e4ck h\u00e5llbart - 9 St\u00e4dte in Niedersachsen\" \/>\n<meta property=\"og:description\" content=\"Livlig shopping- och kulturstad Sedan Braunschweig grundades av Henrik Lejonet har staden under \u00e5rhundradenas lopp formats av guelferna och hansaf\u00f6rbundet och imponerar idag som en attraktiv shoppingstad och ett livligt kulturcentrum. Uppt\u00e4ck Braunschweig p\u00e5 ett h\u00e5llbart s\u00e4tt: Allt som k\u00e4nnetecknar en storstad kan n\u00e5s p\u00e5 kort avst\u00e5nd: en charmig stadsk\u00e4rna med historiska torg, varierande butiker, [&hellip;]\" \/>\n<meta property=\"og:url\" content=\"https:\/\/9staedte.de\/sv\/braunschweig-lejonstaden\/braunschweig-upptaeck-haallbart\/\" \/>\n<meta property=\"og:site_name\" content=\"9 St\u00e4dte in Niedersachsen\" \/>\n<meta property=\"article:modified_time\" content=\"2025-07-24T07:29:42+00:00\" \/>\n<meta property=\"og:image\" content=\"https:\/\/9staedte.de\/wp-content\/uploads\/2023\/02\/Braunschweig_Buergerpark_Oker_Paddeln_Braunschweig-Stadtmarketing-GmbH_Daniel-Moeller-2.jpg\" \/>\n\t<meta property=\"og:image:width\" content=\"1020\" \/>\n\t<meta property=\"og:image:height\" content=\"553\" \/>\n\t<meta property=\"og:image:type\" content=\"image\/jpeg\" \/>\n<meta name=\"twitter:card\" content=\"summary_large_image\" \/>\n<meta name=\"twitter:label1\" content=\"Ber\u00e4knad l\u00e4stid\" \/>\n\t<meta name=\"twitter:data1\" content=\"1 minut\" \/>\n<script type=\"application\/ld+json\" class=\"yoast-schema-graph\">{\"@context\":\"https:\/\/schema.org\",\"@graph\":[{\"@type\":\"WebPage\",\"@id\":\"https:\/\/9staedte.de\/sv\/braunschweig-lejonstaden\/braunschweig-upptaeck-haallbart\/\",\"url\":\"https:\/\/9staedte.de\/sv\/braunschweig-lejonstaden\/braunschweig-upptaeck-haallbart\/\",\"name\":\"Braunschweig - uppt\u00e4ck h\u00e5llbart - 9 St\u00e4dte in Niedersachsen\",\"isPartOf\":{\"@id\":\"https:\/\/9staedte.de\/sv\/#website\"},\"primaryImageOfPage\":{\"@id\":\"https:\/\/9staedte.de\/sv\/braunschweig-lejonstaden\/braunschweig-upptaeck-haallbart\/#primaryimage\"},\"image\":{\"@id\":\"https:\/\/9staedte.de\/sv\/braunschweig-lejonstaden\/braunschweig-upptaeck-haallbart\/#primaryimage\"},\"thumbnailUrl\":\"https:\/\/9staedte.de\/wp-content\/uploads\/2023\/02\/Braunschweig_Buergerpark_Oker_Paddeln_Braunschweig-Stadtmarketing-GmbH_Daniel-Moeller-2.jpg\",\"datePublished\":\"2023-10-25T14:13:25+00:00\",\"dateModified\":\"2025-07-24T07:29:42+00:00\",\"breadcrumb\":{\"@id\":\"https:\/\/9staedte.de\/sv\/braunschweig-lejonstaden\/braunschweig-upptaeck-haallbart\/#breadcrumb\"},\"inLanguage\":\"sv-SE\",\"potentialAction\":[{\"@type\":\"ReadAction\",\"target\":[\"https:\/\/9staedte.de\/sv\/braunschweig-lejonstaden\/braunschweig-upptaeck-haallbart\/\"]}]},{\"@type\":\"ImageObject\",\"inLanguage\":\"sv-SE\",\"@id\":\"https:\/\/9staedte.de\/sv\/braunschweig-lejonstaden\/braunschweig-upptaeck-haallbart\/#primaryimage\",\"url\":\"https:\/\/9staedte.de\/wp-content\/uploads\/2023\/02\/Braunschweig_Buergerpark_Oker_Paddeln_Braunschweig-Stadtmarketing-GmbH_Daniel-Moeller-2.jpg\",\"contentUrl\":\"https:\/\/9staedte.de\/wp-content\/uploads\/2023\/02\/Braunschweig_Buergerpark_Oker_Paddeln_Braunschweig-Stadtmarketing-GmbH_Daniel-Moeller-2.jpg\",\"width\":1020,\"height\":553,\"caption\":\"Braunschweig_B\u00fcrgerpark_Oker_Paddeln_Braunschweig Stadtmarketing GmbH_Daniel M\u00f6ller (2)\"},{\"@type\":\"BreadcrumbList\",\"@id\":\"https:\/\/9staedte.de\/sv\/braunschweig-lejonstaden\/braunschweig-upptaeck-haallbart\/#breadcrumb\",\"itemListElement\":[{\"@type\":\"ListItem\",\"position\":1,\"name\":\"Startseite\",\"item\":\"https:\/\/9staedte.de\/sv\/\"},{\"@type\":\"ListItem\",\"position\":2,\"name\":\"Braunschweig &#8211; City of Lions\",\"item\":\"https:\/\/9staedte.de\/sv\/braunschweig-lejonstaden\/\"},{\"@type\":\"ListItem\",\"position\":3,\"name\":\"Braunschweig &#8211; uppt\u00e4ck h\u00e5llbart\"}]},{\"@type\":\"WebSite\",\"@id\":\"https:\/\/9staedte.de\/sv\/#website\",\"url\":\"https:\/\/9staedte.de\/sv\/\",\"name\":\"9 St\u00e4dte in Niedersachsen\",\"description\":\"\",\"publisher\":{\"@id\":\"https:\/\/9staedte.de\/sv\/#organization\"},\"potentialAction\":[{\"@type\":\"SearchAction\",\"target\":{\"@type\":\"EntryPoint\",\"urlTemplate\":\"https:\/\/9staedte.de\/sv\/?s={search_term_string}\"},\"query-input\":{\"@type\":\"PropertyValueSpecification\",\"valueRequired\":true,\"valueName\":\"search_term_string\"}}],\"inLanguage\":\"sv-SE\"},{\"@type\":\"Organization\",\"@id\":\"https:\/\/9staedte.de\/sv\/#organization\",\"name\":\"9 St\u00e4dte in Niedersachsen\",\"url\":\"https:\/\/9staedte.de\/sv\/\",\"logo\":{\"@type\":\"ImageObject\",\"inLanguage\":\"sv-SE\",\"@id\":\"https:\/\/9staedte.de\/sv\/#\/schema\/logo\/image\/\",\"url\":\"https:\/\/9staedte.de\/wp-content\/uploads\/2025\/01\/9-neg-deutsch-2-1.png\",\"contentUrl\":\"https:\/\/9staedte.de\/wp-content\/uploads\/2025\/01\/9-neg-deutsch-2-1.png\",\"width\":190,\"height\":114,\"caption\":\"9 St\u00e4dte in Niedersachsen\"},\"image\":{\"@id\":\"https:\/\/9staedte.de\/sv\/#\/schema\/logo\/image\/\"}}]}<\/script>\n<!-- \/ Yoast SEO plugin. -->","yoast_head_json":{"title":"Braunschweig - uppt\u00e4ck h\u00e5llbart - 9 St\u00e4dte in Niedersachsen","robots":{"index":"index","follow":"follow","max-snippet":"max-snippet:-1","max-image-preview":"max-image-preview:large","max-video-preview":"max-video-preview:-1"},"canonical":"https:\/\/9staedte.de\/sv\/braunschweig-lejonstaden\/braunschweig-upptaeck-haallbart\/","og_locale":"sv_SE","og_type":"article","og_title":"Braunschweig - uppt\u00e4ck h\u00e5llbart - 9 St\u00e4dte in Niedersachsen","og_description":"Livlig shopping- och kulturstad Sedan Braunschweig grundades av Henrik Lejonet har staden under \u00e5rhundradenas lopp formats av guelferna och hansaf\u00f6rbundet och imponerar idag som en attraktiv shoppingstad och ett livligt kulturcentrum. Uppt\u00e4ck Braunschweig p\u00e5 ett h\u00e5llbart s\u00e4tt: Allt som k\u00e4nnetecknar en storstad kan n\u00e5s p\u00e5 kort avst\u00e5nd: en charmig stadsk\u00e4rna med historiska torg, varierande butiker, [&hellip;]","og_url":"https:\/\/9staedte.de\/sv\/braunschweig-lejonstaden\/braunschweig-upptaeck-haallbart\/","og_site_name":"9 St\u00e4dte in Niedersachsen","article_modified_time":"2025-07-24T07:29:42+00:00","og_image":[{"width":1020,"height":553,"url":"https:\/\/9staedte.de\/wp-content\/uploads\/2023\/02\/Braunschweig_Buergerpark_Oker_Paddeln_Braunschweig-Stadtmarketing-GmbH_Daniel-Moeller-2.jpg","type":"image\/jpeg"}],"twitter_card":"summary_large_image","twitter_misc":{"Ber\u00e4knad l\u00e4stid":"1 minut"},"schema":{"@context":"https:\/\/schema.org","@graph":[{"@type":"WebPage","@id":"https:\/\/9staedte.de\/sv\/braunschweig-lejonstaden\/braunschweig-upptaeck-haallbart\/","url":"https:\/\/9staedte.de\/sv\/braunschweig-lejonstaden\/braunschweig-upptaeck-haallbart\/","name":"Braunschweig - uppt\u00e4ck h\u00e5llbart - 9 St\u00e4dte in Niedersachsen","isPartOf":{"@id":"https:\/\/9staedte.de\/sv\/#website"},"primaryImageOfPage":{"@id":"https:\/\/9staedte.de\/sv\/braunschweig-lejonstaden\/braunschweig-upptaeck-haallbart\/#primaryimage"},"image":{"@id":"https:\/\/9staedte.de\/sv\/braunschweig-lejonstaden\/braunschweig-upptaeck-haallbart\/#primaryimage"},"thumbnailUrl":"https:\/\/9staedte.de\/wp-content\/uploads\/2023\/02\/Braunschweig_Buergerpark_Oker_Paddeln_Braunschweig-Stadtmarketing-GmbH_Daniel-Moeller-2.jpg","datePublished":"2023-10-25T14:13:25+00:00","dateModified":"2025-07-24T07:29:42+00:00","breadcrumb":{"@id":"https:\/\/9staedte.de\/sv\/braunschweig-lejonstaden\/braunschweig-upptaeck-haallbart\/#breadcrumb"},"inLanguage":"sv-SE","potentialAction":[{"@type":"ReadAction","target":["https:\/\/9staedte.de\/sv\/braunschweig-lejonstaden\/braunschweig-upptaeck-haallbart\/"]}]},{"@type":"ImageObject","inLanguage":"sv-SE","@id":"https:\/\/9staedte.de\/sv\/braunschweig-lejonstaden\/braunschweig-upptaeck-haallbart\/#primaryimage","url":"https:\/\/9staedte.de\/wp-content\/uploads\/2023\/02\/Braunschweig_Buergerpark_Oker_Paddeln_Braunschweig-Stadtmarketing-GmbH_Daniel-Moeller-2.jpg","contentUrl":"https:\/\/9staedte.de\/wp-content\/uploads\/2023\/02\/Braunschweig_Buergerpark_Oker_Paddeln_Braunschweig-Stadtmarketing-GmbH_Daniel-Moeller-2.jpg","width":1020,"height":553,"caption":"Braunschweig_B\u00fcrgerpark_Oker_Paddeln_Braunschweig Stadtmarketing GmbH_Daniel M\u00f6ller (2)"},{"@type":"BreadcrumbList","@id":"https:\/\/9staedte.de\/sv\/braunschweig-lejonstaden\/braunschweig-upptaeck-haallbart\/#breadcrumb","itemListElement":[{"@type":"ListItem","position":1,"name":"Startseite","item":"https:\/\/9staedte.de\/sv\/"},{"@type":"ListItem","position":2,"name":"Braunschweig &#8211; City of Lions","item":"https:\/\/9staedte.de\/sv\/braunschweig-lejonstaden\/"},{"@type":"ListItem","position":3,"name":"Braunschweig &#8211; uppt\u00e4ck h\u00e5llbart"}]},{"@type":"WebSite","@id":"https:\/\/9staedte.de\/sv\/#website","url":"https:\/\/9staedte.de\/sv\/","name":"9 St\u00e4dte in Niedersachsen","description":"","publisher":{"@id":"https:\/\/9staedte.de\/sv\/#organization"},"potentialAction":[{"@type":"SearchAction","target":{"@type":"EntryPoint","urlTemplate":"https:\/\/9staedte.de\/sv\/?s={search_term_string}"},"query-input":{"@type":"PropertyValueSpecification","valueRequired":true,"valueName":"search_term_string"}}],"inLanguage":"sv-SE"},{"@type":"Organization","@id":"https:\/\/9staedte.de\/sv\/#organization","name":"9 St\u00e4dte in Niedersachsen","url":"https:\/\/9staedte.de\/sv\/","logo":{"@type":"ImageObject","inLanguage":"sv-SE","@id":"https:\/\/9staedte.de\/sv\/#\/schema\/logo\/image\/","url":"https:\/\/9staedte.de\/wp-content\/uploads\/2025\/01\/9-neg-deutsch-2-1.png","contentUrl":"https:\/\/9staedte.de\/wp-content\/uploads\/2025\/01\/9-neg-deutsch-2-1.png","width":190,"height":114,"caption":"9 St\u00e4dte in Niedersachsen"},"image":{"@id":"https:\/\/9staedte.de\/sv\/#\/schema\/logo\/image\/"}}]}},"_links":{"self":[{"href":"https:\/\/9staedte.de\/sv\/wp-json\/wp\/v2\/pages\/14298","targetHints":{"allow":["GET"]}}],"collection":[{"href":"https:\/\/9staedte.de\/sv\/wp-json\/wp\/v2\/pages"}],"about":[{"href":"https:\/\/9staedte.de\/sv\/wp-json\/wp\/v2\/types\/page"}],"author":[{"embeddable":true,"href":"https:\/\/9staedte.de\/sv\/wp-json\/wp\/v2\/users\/1"}],"replies":[{"embeddable":true,"href":"https:\/\/9staedte.de\/sv\/wp-json\/wp\/v2\/comments?post=14298"}],"version-history":[{"count":2,"href":"https:\/\/9staedte.de\/sv\/wp-json\/wp\/v2\/pages\/14298\/revisions"}],"predecessor-version":[{"id":26756,"href":"https:\/\/9staedte.de\/sv\/wp-json\/wp\/v2\/pages\/14298\/revisions\/26756"}],"up":[{"embeddable":true,"href":"https:\/\/9staedte.de\/sv\/wp-json\/wp\/v2\/pages\/14382"}],"wp:featuredmedia":[{"embeddable":true,"href":"https:\/\/9staedte.de\/sv\/wp-json\/wp\/v2\/media\/13671"}],"wp:attachment":[{"href":"https:\/\/9staedte.de\/sv\/wp-json\/wp\/v2\/media?parent=14298"}],"wp:term":[{"taxonomy":"category","embeddable":true,"href":"https:\/\/9staedte.de\/sv\/wp-json\/wp\/v2\/categories?post=14298"},{"taxonomy":"post_tag","embeddable":true,"href":"https:\/\/9staedte.de\/sv\/wp-json\/wp\/v2\/tags?post=14298"},{"taxonomy":"ncap_cities_tax","embeddable":true,"href":"https:\/\/9staedte.de\/sv\/wp-json\/wp\/v2\/ncap_cities_tax?post=14298"}],"curies":[{"name":"wp","href":"https:\/\/api.w.org\/{rel}","templated":true}]}}