{"id":14297,"date":"2023-10-25T16:13:25","date_gmt":"2023-10-25T14:13:25","guid":{"rendered":"https:\/\/9staedte.de\/information-om-reseledare-och-utflykter-braunschweig\/"},"modified":"2023-10-25T17:42:06","modified_gmt":"2023-10-25T15:42:06","slug":"information-om-reseledare-och-utflykter-braunschweig","status":"publish","type":"page","link":"https:\/\/9staedte.de\/sv\/braunschweig-lejonstaden\/information-om-reseledare-och-utflykter-braunschweig\/","title":{"rendered":"Information om reseledare och utflykter Braunschweig"},"content":{"rendered":"\n<h2 class=\"wp-block-heading\">F\u00f6r din gruppresa<\/h2>\n\n\n\n<h3 class=\"wp-block-heading\">Rundresor i regionen<\/h3>\n\n\n\n<p>Till fots, p\u00e5 cykel eller med buss &#8211; Braunschweig och dess omgivningar erbjuder ett brett utbud av m\u00f6jligheter att organisera utflyktsprogram.<\/p>\n\n\n\n<p>Rundresor arrangeras individuellt f\u00f6r grupper. Bes\u00f6ksm\u00f6jligheter, guideavgifter och intr\u00e4den ber\u00e4knas enligt \u00f6verenskommelse. Avdrag f\u00f6r barn kan beviljas efter \u00f6verenskommelse.<\/p>\n\n\n\n<h4 class=\"wp-block-heading\">Bokningar med:<\/h4>\n\n\n\n<p>Braunschweig City Marketing GmbH<br>Turistinformation<br>Litet slott&nbsp;14<br>38100 Brunswick<br>Tel.: +49 (0) 531\/4702040<br>Fax:&nbsp; +49 (0) 5 31\/4702044<br>E-post:&nbsp;<a href=\"mailto:touristinfo@braunschweig.de\" target=\"_blank\" rel=\"noreferrer noopener\">touristinfo@braunschweig.de<\/a><br>Internet:&nbsp;<a href=\"http:\/\/www.braunschweig.de\/\" target=\"_blank\" rel=\"noreferrer noopener\">www.braunschweig.de<\/a><\/p>\n","protected":false},"excerpt":{"rendered":"<p>F\u00f6r din gruppresa Rundresor i regionen Till fots, p\u00e5 cykel eller med buss &#8211; Braunschweig och dess omgivningar erbjuder ett brett utbud av m\u00f6jligheter att organisera utflyktsprogram. Rundresor arrangeras individuellt f\u00f6r grupper. Bes\u00f6ksm\u00f6jligheter, guideavgifter och intr\u00e4den ber\u00e4knas enligt \u00f6verenskommelse. Avdrag f\u00f6r barn kan beviljas efter \u00f6verenskommelse. Bokningar med: Braunschweig City Marketing GmbHTuristinformationLitet slott&nbsp;1438100 BrunswickTel.: +49 [&hellip;]<\/p>\n","protected":false},"author":1,"featured_media":13606,"parent":14382,"menu_order":0,"comment_status":"closed","ping_status":"closed","template":"pagetemplates\/template-stadtthema.php","meta":{"_acf_changed":false,"footnotes":""},"categories":[],"tags":[],"ncap_cities_tax":[421,1261],"class_list":["post-14297","page","type-page","status-publish","has-post-thumbnail","hentry","ncap_cities_tax-braunschweig-sv","ncap_cities_tax-reiseleitung-und-ausflugen-braunschweig-sv"],"acf":[],"yoast_head":"<!-- This site is optimized with the Yoast SEO plugin v26.8 - https:\/\/yoast.com\/product\/yoast-seo-wordpress\/ -->\n<title>Information om reseledare och utflykter Braunschweig - 9 St\u00e4dte in Niedersachsen<\/title>\n<meta name=\"robots\" content=\"index, follow, max-snippet:-1, max-image-preview:large, max-video-preview:-1\" \/>\n<link rel=\"canonical\" href=\"https:\/\/9staedte.de\/sv\/braunschweig-lejonstaden\/information-om-reseledare-och-utflykter-braunschweig\/\" \/>\n<meta property=\"og:locale\" content=\"sv_SE\" \/>\n<meta property=\"og:type\" content=\"article\" \/>\n<meta property=\"og:title\" content=\"Information om reseledare och utflykter Braunschweig - 9 St\u00e4dte in Niedersachsen\" \/>\n<meta property=\"og:description\" content=\"F\u00f6r din gruppresa Rundresor i regionen Till fots, p\u00e5 cykel eller med buss &#8211; Braunschweig och dess omgivningar erbjuder ett brett utbud av m\u00f6jligheter att organisera utflyktsprogram. Rundresor arrangeras individuellt f\u00f6r grupper. Bes\u00f6ksm\u00f6jligheter, guideavgifter och intr\u00e4den ber\u00e4knas enligt \u00f6verenskommelse. Avdrag f\u00f6r barn kan beviljas efter \u00f6verenskommelse. Bokningar med: Braunschweig City Marketing GmbHTuristinformationLitet slott&nbsp;1438100 BrunswickTel.: +49 [&hellip;]\" \/>\n<meta property=\"og:url\" content=\"https:\/\/9staedte.de\/sv\/braunschweig-lejonstaden\/information-om-reseledare-och-utflykter-braunschweig\/\" \/>\n<meta property=\"og:site_name\" content=\"9 St\u00e4dte in Niedersachsen\" \/>\n<meta property=\"article:modified_time\" content=\"2023-10-25T15:42:06+00:00\" \/>\n<meta property=\"og:image\" content=\"https:\/\/9staedte.de\/wp-content\/uploads\/2023\/02\/Kloster-Riddagshausen-c-Braunschweig-Stadtmarketing-Gerald-Grote.jpg\" \/>\n\t<meta property=\"og:image:width\" content=\"1020\" \/>\n\t<meta property=\"og:image:height\" content=\"560\" \/>\n\t<meta property=\"og:image:type\" content=\"image\/jpeg\" \/>\n<meta name=\"twitter:card\" content=\"summary_large_image\" \/>\n<meta name=\"twitter:label1\" content=\"Ber\u00e4knad l\u00e4stid\" \/>\n\t<meta name=\"twitter:data1\" content=\"1 minut\" \/>\n<script type=\"application\/ld+json\" class=\"yoast-schema-graph\">{\"@context\":\"https:\/\/schema.org\",\"@graph\":[{\"@type\":\"WebPage\",\"@id\":\"https:\/\/9staedte.de\/sv\/braunschweig-lejonstaden\/information-om-reseledare-och-utflykter-braunschweig\/\",\"url\":\"https:\/\/9staedte.de\/sv\/braunschweig-lejonstaden\/information-om-reseledare-och-utflykter-braunschweig\/\",\"name\":\"Information om reseledare och utflykter Braunschweig - 9 St\u00e4dte in Niedersachsen\",\"isPartOf\":{\"@id\":\"https:\/\/9staedte.de\/sv\/#website\"},\"primaryImageOfPage\":{\"@id\":\"https:\/\/9staedte.de\/sv\/braunschweig-lejonstaden\/information-om-reseledare-och-utflykter-braunschweig\/#primaryimage\"},\"image\":{\"@id\":\"https:\/\/9staedte.de\/sv\/braunschweig-lejonstaden\/information-om-reseledare-och-utflykter-braunschweig\/#primaryimage\"},\"thumbnailUrl\":\"https:\/\/9staedte.de\/wp-content\/uploads\/2023\/02\/Kloster-Riddagshausen-c-Braunschweig-Stadtmarketing-Gerald-Grote.jpg\",\"datePublished\":\"2023-10-25T14:13:25+00:00\",\"dateModified\":\"2023-10-25T15:42:06+00:00\",\"breadcrumb\":{\"@id\":\"https:\/\/9staedte.de\/sv\/braunschweig-lejonstaden\/information-om-reseledare-och-utflykter-braunschweig\/#breadcrumb\"},\"inLanguage\":\"sv-SE\",\"potentialAction\":[{\"@type\":\"ReadAction\",\"target\":[\"https:\/\/9staedte.de\/sv\/braunschweig-lejonstaden\/information-om-reseledare-och-utflykter-braunschweig\/\"]}]},{\"@type\":\"ImageObject\",\"inLanguage\":\"sv-SE\",\"@id\":\"https:\/\/9staedte.de\/sv\/braunschweig-lejonstaden\/information-om-reseledare-och-utflykter-braunschweig\/#primaryimage\",\"url\":\"https:\/\/9staedte.de\/wp-content\/uploads\/2023\/02\/Kloster-Riddagshausen-c-Braunschweig-Stadtmarketing-Gerald-Grote.jpg\",\"contentUrl\":\"https:\/\/9staedte.de\/wp-content\/uploads\/2023\/02\/Kloster-Riddagshausen-c-Braunschweig-Stadtmarketing-Gerald-Grote.jpg\",\"width\":1020,\"height\":560,\"caption\":\"Kloster Riddagshausen c) Braunschweig Stadtmarketing Gerald Grote\"},{\"@type\":\"BreadcrumbList\",\"@id\":\"https:\/\/9staedte.de\/sv\/braunschweig-lejonstaden\/information-om-reseledare-och-utflykter-braunschweig\/#breadcrumb\",\"itemListElement\":[{\"@type\":\"ListItem\",\"position\":1,\"name\":\"Startseite\",\"item\":\"https:\/\/9staedte.de\/sv\/\"},{\"@type\":\"ListItem\",\"position\":2,\"name\":\"Braunschweig &#8211; City of Lions\",\"item\":\"https:\/\/9staedte.de\/sv\/braunschweig-lejonstaden\/\"},{\"@type\":\"ListItem\",\"position\":3,\"name\":\"Information om reseledare och utflykter Braunschweig\"}]},{\"@type\":\"WebSite\",\"@id\":\"https:\/\/9staedte.de\/sv\/#website\",\"url\":\"https:\/\/9staedte.de\/sv\/\",\"name\":\"9 St\u00e4dte in Niedersachsen\",\"description\":\"\",\"publisher\":{\"@id\":\"https:\/\/9staedte.de\/sv\/#organization\"},\"potentialAction\":[{\"@type\":\"SearchAction\",\"target\":{\"@type\":\"EntryPoint\",\"urlTemplate\":\"https:\/\/9staedte.de\/sv\/?s={search_term_string}\"},\"query-input\":{\"@type\":\"PropertyValueSpecification\",\"valueRequired\":true,\"valueName\":\"search_term_string\"}}],\"inLanguage\":\"sv-SE\"},{\"@type\":\"Organization\",\"@id\":\"https:\/\/9staedte.de\/sv\/#organization\",\"name\":\"9 St\u00e4dte in Niedersachsen\",\"url\":\"https:\/\/9staedte.de\/sv\/\",\"logo\":{\"@type\":\"ImageObject\",\"inLanguage\":\"sv-SE\",\"@id\":\"https:\/\/9staedte.de\/sv\/#\/schema\/logo\/image\/\",\"url\":\"https:\/\/9staedte.de\/wp-content\/uploads\/2025\/01\/9-neg-deutsch-2-1.png\",\"contentUrl\":\"https:\/\/9staedte.de\/wp-content\/uploads\/2025\/01\/9-neg-deutsch-2-1.png\",\"width\":190,\"height\":114,\"caption\":\"9 St\u00e4dte in Niedersachsen\"},\"image\":{\"@id\":\"https:\/\/9staedte.de\/sv\/#\/schema\/logo\/image\/\"}}]}<\/script>\n<!-- \/ Yoast SEO plugin. -->","yoast_head_json":{"title":"Information om reseledare och utflykter Braunschweig - 9 St\u00e4dte in Niedersachsen","robots":{"index":"index","follow":"follow","max-snippet":"max-snippet:-1","max-image-preview":"max-image-preview:large","max-video-preview":"max-video-preview:-1"},"canonical":"https:\/\/9staedte.de\/sv\/braunschweig-lejonstaden\/information-om-reseledare-och-utflykter-braunschweig\/","og_locale":"sv_SE","og_type":"article","og_title":"Information om reseledare och utflykter Braunschweig - 9 St\u00e4dte in Niedersachsen","og_description":"F\u00f6r din gruppresa Rundresor i regionen Till fots, p\u00e5 cykel eller med buss &#8211; Braunschweig och dess omgivningar erbjuder ett brett utbud av m\u00f6jligheter att organisera utflyktsprogram. Rundresor arrangeras individuellt f\u00f6r grupper. Bes\u00f6ksm\u00f6jligheter, guideavgifter och intr\u00e4den ber\u00e4knas enligt \u00f6verenskommelse. Avdrag f\u00f6r barn kan beviljas efter \u00f6verenskommelse. Bokningar med: Braunschweig City Marketing GmbHTuristinformationLitet slott&nbsp;1438100 BrunswickTel.: +49 [&hellip;]","og_url":"https:\/\/9staedte.de\/sv\/braunschweig-lejonstaden\/information-om-reseledare-och-utflykter-braunschweig\/","og_site_name":"9 St\u00e4dte in Niedersachsen","article_modified_time":"2023-10-25T15:42:06+00:00","og_image":[{"width":1020,"height":560,"url":"https:\/\/9staedte.de\/wp-content\/uploads\/2023\/02\/Kloster-Riddagshausen-c-Braunschweig-Stadtmarketing-Gerald-Grote.jpg","type":"image\/jpeg"}],"twitter_card":"summary_large_image","twitter_misc":{"Ber\u00e4knad l\u00e4stid":"1 minut"},"schema":{"@context":"https:\/\/schema.org","@graph":[{"@type":"WebPage","@id":"https:\/\/9staedte.de\/sv\/braunschweig-lejonstaden\/information-om-reseledare-och-utflykter-braunschweig\/","url":"https:\/\/9staedte.de\/sv\/braunschweig-lejonstaden\/information-om-reseledare-och-utflykter-braunschweig\/","name":"Information om reseledare och utflykter Braunschweig - 9 St\u00e4dte in Niedersachsen","isPartOf":{"@id":"https:\/\/9staedte.de\/sv\/#website"},"primaryImageOfPage":{"@id":"https:\/\/9staedte.de\/sv\/braunschweig-lejonstaden\/information-om-reseledare-och-utflykter-braunschweig\/#primaryimage"},"image":{"@id":"https:\/\/9staedte.de\/sv\/braunschweig-lejonstaden\/information-om-reseledare-och-utflykter-braunschweig\/#primaryimage"},"thumbnailUrl":"https:\/\/9staedte.de\/wp-content\/uploads\/2023\/02\/Kloster-Riddagshausen-c-Braunschweig-Stadtmarketing-Gerald-Grote.jpg","datePublished":"2023-10-25T14:13:25+00:00","dateModified":"2023-10-25T15:42:06+00:00","breadcrumb":{"@id":"https:\/\/9staedte.de\/sv\/braunschweig-lejonstaden\/information-om-reseledare-och-utflykter-braunschweig\/#breadcrumb"},"inLanguage":"sv-SE","potentialAction":[{"@type":"ReadAction","target":["https:\/\/9staedte.de\/sv\/braunschweig-lejonstaden\/information-om-reseledare-och-utflykter-braunschweig\/"]}]},{"@type":"ImageObject","inLanguage":"sv-SE","@id":"https:\/\/9staedte.de\/sv\/braunschweig-lejonstaden\/information-om-reseledare-och-utflykter-braunschweig\/#primaryimage","url":"https:\/\/9staedte.de\/wp-content\/uploads\/2023\/02\/Kloster-Riddagshausen-c-Braunschweig-Stadtmarketing-Gerald-Grote.jpg","contentUrl":"https:\/\/9staedte.de\/wp-content\/uploads\/2023\/02\/Kloster-Riddagshausen-c-Braunschweig-Stadtmarketing-Gerald-Grote.jpg","width":1020,"height":560,"caption":"Kloster Riddagshausen c) Braunschweig Stadtmarketing Gerald Grote"},{"@type":"BreadcrumbList","@id":"https:\/\/9staedte.de\/sv\/braunschweig-lejonstaden\/information-om-reseledare-och-utflykter-braunschweig\/#breadcrumb","itemListElement":[{"@type":"ListItem","position":1,"name":"Startseite","item":"https:\/\/9staedte.de\/sv\/"},{"@type":"ListItem","position":2,"name":"Braunschweig &#8211; City of Lions","item":"https:\/\/9staedte.de\/sv\/braunschweig-lejonstaden\/"},{"@type":"ListItem","position":3,"name":"Information om reseledare och utflykter Braunschweig"}]},{"@type":"WebSite","@id":"https:\/\/9staedte.de\/sv\/#website","url":"https:\/\/9staedte.de\/sv\/","name":"9 St\u00e4dte in Niedersachsen","description":"","publisher":{"@id":"https:\/\/9staedte.de\/sv\/#organization"},"potentialAction":[{"@type":"SearchAction","target":{"@type":"EntryPoint","urlTemplate":"https:\/\/9staedte.de\/sv\/?s={search_term_string}"},"query-input":{"@type":"PropertyValueSpecification","valueRequired":true,"valueName":"search_term_string"}}],"inLanguage":"sv-SE"},{"@type":"Organization","@id":"https:\/\/9staedte.de\/sv\/#organization","name":"9 St\u00e4dte in Niedersachsen","url":"https:\/\/9staedte.de\/sv\/","logo":{"@type":"ImageObject","inLanguage":"sv-SE","@id":"https:\/\/9staedte.de\/sv\/#\/schema\/logo\/image\/","url":"https:\/\/9staedte.de\/wp-content\/uploads\/2025\/01\/9-neg-deutsch-2-1.png","contentUrl":"https:\/\/9staedte.de\/wp-content\/uploads\/2025\/01\/9-neg-deutsch-2-1.png","width":190,"height":114,"caption":"9 St\u00e4dte in Niedersachsen"},"image":{"@id":"https:\/\/9staedte.de\/sv\/#\/schema\/logo\/image\/"}}]}},"_links":{"self":[{"href":"https:\/\/9staedte.de\/sv\/wp-json\/wp\/v2\/pages\/14297","targetHints":{"allow":["GET"]}}],"collection":[{"href":"https:\/\/9staedte.de\/sv\/wp-json\/wp\/v2\/pages"}],"about":[{"href":"https:\/\/9staedte.de\/sv\/wp-json\/wp\/v2\/types\/page"}],"author":[{"embeddable":true,"href":"https:\/\/9staedte.de\/sv\/wp-json\/wp\/v2\/users\/1"}],"replies":[{"embeddable":true,"href":"https:\/\/9staedte.de\/sv\/wp-json\/wp\/v2\/comments?post=14297"}],"version-history":[{"count":1,"href":"https:\/\/9staedte.de\/sv\/wp-json\/wp\/v2\/pages\/14297\/revisions"}],"predecessor-version":[{"id":14301,"href":"https:\/\/9staedte.de\/sv\/wp-json\/wp\/v2\/pages\/14297\/revisions\/14301"}],"up":[{"embeddable":true,"href":"https:\/\/9staedte.de\/sv\/wp-json\/wp\/v2\/pages\/14382"}],"wp:featuredmedia":[{"embeddable":true,"href":"https:\/\/9staedte.de\/sv\/wp-json\/wp\/v2\/media\/13606"}],"wp:attachment":[{"href":"https:\/\/9staedte.de\/sv\/wp-json\/wp\/v2\/media?parent=14297"}],"wp:term":[{"taxonomy":"category","embeddable":true,"href":"https:\/\/9staedte.de\/sv\/wp-json\/wp\/v2\/categories?post=14297"},{"taxonomy":"post_tag","embeddable":true,"href":"https:\/\/9staedte.de\/sv\/wp-json\/wp\/v2\/tags?post=14297"},{"taxonomy":"ncap_cities_tax","embeddable":true,"href":"https:\/\/9staedte.de\/sv\/wp-json\/wp\/v2\/ncap_cities_tax?post=14297"}],"curies":[{"name":"wp","href":"https:\/\/api.w.org\/{rel}","templated":true}]}}