{"id":14292,"date":"2023-10-25T16:23:15","date_gmt":"2023-10-25T14:23:15","guid":{"rendered":"https:\/\/9staedte.de\/julmarknad-i-goettingen\/"},"modified":"2025-12-29T13:48:21","modified_gmt":"2025-12-29T12:48:21","slug":"julmarknad-i-goettingen","status":"publish","type":"page","link":"https:\/\/9staedte.de\/sv\/goettingen-staden-som-skapar-kunskap\/julmarknad-i-goettingen\/","title":{"rendered":"Julmarknad i G\u00f6ttingen"},"content":{"rendered":"\n<h2 class=\"wp-block-heading\"><strong>Julmarknad runt det gamla r\u00e5dhuset i G\u00f6ttingen<\/strong><\/h2>\n\n<p>Julmarknaden i universitetsstaden G\u00f6ttingen \u00e4ger rum runt det medeltida gamla r\u00e5dhuset och Johanneskyrkan. \u00d6ver 60 festligt dekorerade st\u00e5nd erbjuder typiska julartiklar som ljus och julgransdekorationer. Marknadsflan\u00f6rer kan njuta av juls\u00e4songen med julgodis och gl\u00f6gg. F\u00f6r barnen finns en historisk tivoliattraktion och en festligt dekorerad barnkarusell.    <\/p>\n\n<p><a href=\"https:\/\/www.goettingen-tourismus.de\/weihnachtsmarkt\/\" target=\"_blank\" rel=\"noreferrer noopener\">Ytterligare information<\/a><\/p>\n\n\n<div class=\"banner-wrapper\">\n  <div class=\"banner-inner \">\n      <div class=\"img-container\">\n      <div class=\"img-wrapper\">\n        <img decoding=\"async\" src=\"https:\/\/9staedte.de\/wp-content\/smush-webp\/2023\/02\/Goettingen-Gaenseliesel-Weihnachtszeit-c-Christoph-Mischke.jpg.webp\" alt=\"P\u00e5 bilden syns en bronsstaty av en flicka med g\u00e4ss. Bakom statyn st\u00e5r en julgran med lampor. Bakgrunden \u00e4r varmt orangebelyst. Det \u00e4r kv\u00e4ll eller natt.\" \/>\n                  <div class=\"thumbnail-label\">\n            <span>G\u00f6ttingen G\u00e4nseliesel Weihnachtszeit c) Christoph Mischke<\/span>\n          <\/div>\n              <\/div>\n    <\/div>\n        <div class=\"text-container\">\n      <div class=\"content\">\n        <p class=\"h3\"><strong>9 tips f\u00f6r att bes\u00f6ka julmarknaden i G\u00f6ttingen<\/strong><\/p>\n<ul>\n<li>Prova gl\u00f6gg med syltade k\u00f6rsb\u00e4r<\/li>\n<li>Bes\u00f6k julkrubbeutst\u00e4llningarna i G\u00f6ttingens kyrkor<\/li>\n<li>Ta en tur p\u00e5 den historiska penny-farthing<\/li>\n<li>Delta i rundturen &#8221;G\u00f6ttingen vid jultid&#8221;<\/li>\n<li>Prova G\u00f6ttingens gl\u00f6gg &#8211; en lokal specialitet<\/li>\n<li>Prova en av G\u00f6ttingens korvspecialiteter<\/li>\n<li>Uppt\u00e4ck de historiska k\u00e4llarvalven i gamla stan p\u00e5 en guidad tur<\/li>\n<li>Shopping i den festligt utsmyckade gamla stadsk\u00e4rnan<\/li>\n<li>Beundra adventskalendern i stadsbibliotekets f\u00f6nster<\/li>\n<\/ul>\n      <\/div>\n    <\/div>\n    <\/div>\n<\/div>\n\n\n<p class=\"h3\"><strong>Julmarknad i G\u00f6ttingen<\/strong><\/p>\n\n <div class=\"brlbs-cmpnt-container brlbs-cmpnt-content-blocker brlbs-cmpnt-with-individual-styles\" data-borlabs-cookie-content-blocker-id=\"google-maps\" data-borlabs-cookie-content=\"PGlmcmFtZSBzcmM9Imh0dHBzOi8vd3d3Lmdvb2dsZS5jb20vbWFwcy9kL3UvMC9lbWJlZD9taWQ9MVBlS2NRejdrRG5IU3d6bk5Pdzh0WVVMamZQV1BTLTQmZWhiYz0yRTMxMkYiIHdpZHRoPSI2NDAiIGhlaWdodD0iNDgwIj48L2lmcmFtZT4=\"><div class=\"brlbs-cmpnt-cb-preset-b brlbs-cmpnt-cb-google-maps\"> <div class=\"brlbs-cmpnt-cb-thumbnail\" style=\"background-image: url('https:\/\/9staedte.de\/wp-content\/uploads\/borlabs-cookie\/1\/brlbs-cb-google-maps-main.png')\"><\/div> <div class=\"brlbs-cmpnt-cb-main\"> <div class=\"brlbs-cmpnt-cb-content\"> <p class=\"brlbs-cmpnt-cb-description\">You are currently viewing a placeholder content from <strong>Google Maps<\/strong>. To access the actual content, click the button below. Please note that doing so will share data with third-party providers.<\/p> <a class=\"brlbs-cmpnt-cb-provider-toggle\" href=\"#\" data-borlabs-cookie-show-provider-information role=\"button\">More Information<\/a> <\/div> <div class=\"brlbs-cmpnt-cb-buttons\"> <a class=\"brlbs-cmpnt-cb-btn\" href=\"#\" data-borlabs-cookie-unblock role=\"button\">Unblock content<\/a> <a class=\"brlbs-cmpnt-cb-btn\" href=\"#\" data-borlabs-cookie-accept-service role=\"button\" style=\"display: inherit\">Accept required service and unblock content<\/a> <\/div> <\/div> <\/div><\/div>\n\n<div style=\"height:42px\" aria-hidden=\"true\" class=\"wp-block-spacer\"><\/div>\n\n<p><\/p>\n","protected":false},"excerpt":{"rendered":"<p>Julmarknad runt det gamla r\u00e5dhuset i G\u00f6ttingen Julmarknaden i universitetsstaden G\u00f6ttingen \u00e4ger rum runt det medeltida gamla r\u00e5dhuset och Johanneskyrkan. \u00d6ver 60 festligt dekorerade st\u00e5nd erbjuder typiska julartiklar som ljus och julgransdekorationer. Marknadsflan\u00f6rer kan njuta av juls\u00e4songen med julgodis och gl\u00f6gg. F\u00f6r barnen finns en historisk tivoliattraktion och en festligt dekorerad barnkarusell. Ytterligare information Julmarknad [&hellip;]<\/p>\n","protected":false},"author":1,"featured_media":14295,"parent":14552,"menu_order":0,"comment_status":"closed","ping_status":"closed","template":"pagetemplates\/template-stadtthema.php","meta":{"_acf_changed":false,"footnotes":""},"categories":[],"tags":[],"ncap_cities_tax":[435,505],"class_list":["post-14292","page","type-page","status-publish","has-post-thumbnail","hentry","ncap_cities_tax-goettingen-sv","ncap_cities_tax-weihnachtsmarkte-goettingen-sv"],"acf":[],"yoast_head":"<!-- This site is optimized with the Yoast SEO plugin v26.8 - https:\/\/yoast.com\/product\/yoast-seo-wordpress\/ -->\n<title>Julmarknad i G\u00f6ttingen - 9 St\u00e4dte in Niedersachsen<\/title>\n<meta name=\"description\" content=\"Julmarknaden i universitetsstaden G\u00f6ttingen \u00e4ger rum runt det medeltida gamla r\u00e5dhuset och Johanneskyrkan.\" \/>\n<meta name=\"robots\" content=\"index, follow, max-snippet:-1, max-image-preview:large, max-video-preview:-1\" \/>\n<link rel=\"canonical\" href=\"https:\/\/9staedte.de\/sv\/goettingen-staden-som-skapar-kunskap\/julmarknad-i-goettingen\/\" \/>\n<meta property=\"og:locale\" content=\"sv_SE\" \/>\n<meta property=\"og:type\" content=\"article\" \/>\n<meta property=\"og:title\" content=\"Julmarknad i G\u00f6ttingen - 9 St\u00e4dte in Niedersachsen\" \/>\n<meta property=\"og:description\" content=\"Julmarknaden i universitetsstaden G\u00f6ttingen \u00e4ger rum runt det medeltida gamla r\u00e5dhuset och Johanneskyrkan.\" \/>\n<meta property=\"og:url\" content=\"https:\/\/9staedte.de\/sv\/goettingen-staden-som-skapar-kunskap\/julmarknad-i-goettingen\/\" \/>\n<meta property=\"og:site_name\" content=\"9 St\u00e4dte in Niedersachsen\" \/>\n<meta property=\"article:modified_time\" content=\"2025-12-29T12:48:21+00:00\" \/>\n<meta property=\"og:image\" content=\"https:\/\/9staedte.de\/wp-content\/uploads\/2023\/02\/Goettingen-Weihnachtsmarkt-c-Christoph-Mischke.jpg\" \/>\n\t<meta property=\"og:image:width\" content=\"1020\" \/>\n\t<meta property=\"og:image:height\" content=\"561\" \/>\n\t<meta property=\"og:image:type\" content=\"image\/jpeg\" \/>\n<meta name=\"twitter:card\" content=\"summary_large_image\" \/>\n<meta name=\"twitter:label1\" content=\"Ber\u00e4knad l\u00e4stid\" \/>\n\t<meta name=\"twitter:data1\" content=\"1 minut\" \/>\n<script type=\"application\/ld+json\" class=\"yoast-schema-graph\">{\"@context\":\"https:\/\/schema.org\",\"@graph\":[{\"@type\":\"WebPage\",\"@id\":\"https:\/\/9staedte.de\/sv\/goettingen-staden-som-skapar-kunskap\/julmarknad-i-goettingen\/\",\"url\":\"https:\/\/9staedte.de\/sv\/goettingen-staden-som-skapar-kunskap\/julmarknad-i-goettingen\/\",\"name\":\"Julmarknad i G\u00f6ttingen - 9 St\u00e4dte in Niedersachsen\",\"isPartOf\":{\"@id\":\"https:\/\/9staedte.de\/sv\/#website\"},\"primaryImageOfPage\":{\"@id\":\"https:\/\/9staedte.de\/sv\/goettingen-staden-som-skapar-kunskap\/julmarknad-i-goettingen\/#primaryimage\"},\"image\":{\"@id\":\"https:\/\/9staedte.de\/sv\/goettingen-staden-som-skapar-kunskap\/julmarknad-i-goettingen\/#primaryimage\"},\"thumbnailUrl\":\"https:\/\/9staedte.de\/wp-content\/uploads\/2023\/02\/Goettingen-Weihnachtsmarkt-c-Christoph-Mischke.jpg\",\"datePublished\":\"2023-10-25T14:23:15+00:00\",\"dateModified\":\"2025-12-29T12:48:21+00:00\",\"description\":\"Julmarknaden i universitetsstaden G\u00f6ttingen \u00e4ger rum runt det medeltida gamla r\u00e5dhuset och Johanneskyrkan.\",\"breadcrumb\":{\"@id\":\"https:\/\/9staedte.de\/sv\/goettingen-staden-som-skapar-kunskap\/julmarknad-i-goettingen\/#breadcrumb\"},\"inLanguage\":\"sv-SE\",\"potentialAction\":[{\"@type\":\"ReadAction\",\"target\":[\"https:\/\/9staedte.de\/sv\/goettingen-staden-som-skapar-kunskap\/julmarknad-i-goettingen\/\"]}]},{\"@type\":\"ImageObject\",\"inLanguage\":\"sv-SE\",\"@id\":\"https:\/\/9staedte.de\/sv\/goettingen-staden-som-skapar-kunskap\/julmarknad-i-goettingen\/#primaryimage\",\"url\":\"https:\/\/9staedte.de\/wp-content\/uploads\/2023\/02\/Goettingen-Weihnachtsmarkt-c-Christoph-Mischke.jpg\",\"contentUrl\":\"https:\/\/9staedte.de\/wp-content\/uploads\/2023\/02\/Goettingen-Weihnachtsmarkt-c-Christoph-Mischke.jpg\",\"width\":1020,\"height\":561,\"caption\":\"Der G\u00f6ttinger Weihnachtsmarkt. c) Christoph Mischke\"},{\"@type\":\"BreadcrumbList\",\"@id\":\"https:\/\/9staedte.de\/sv\/goettingen-staden-som-skapar-kunskap\/julmarknad-i-goettingen\/#breadcrumb\",\"itemListElement\":[{\"@type\":\"ListItem\",\"position\":1,\"name\":\"Startseite\",\"item\":\"https:\/\/9staedte.de\/sv\/\"},{\"@type\":\"ListItem\",\"position\":2,\"name\":\"G\u00f6ttingen &#8211; Staden som skapar kunskap\",\"item\":\"https:\/\/9staedte.de\/sv\/goettingen-staden-som-skapar-kunskap\/\"},{\"@type\":\"ListItem\",\"position\":3,\"name\":\"Julmarknad i G\u00f6ttingen\"}]},{\"@type\":\"WebSite\",\"@id\":\"https:\/\/9staedte.de\/sv\/#website\",\"url\":\"https:\/\/9staedte.de\/sv\/\",\"name\":\"9 St\u00e4dte in Niedersachsen\",\"description\":\"\",\"publisher\":{\"@id\":\"https:\/\/9staedte.de\/sv\/#organization\"},\"potentialAction\":[{\"@type\":\"SearchAction\",\"target\":{\"@type\":\"EntryPoint\",\"urlTemplate\":\"https:\/\/9staedte.de\/sv\/?s={search_term_string}\"},\"query-input\":{\"@type\":\"PropertyValueSpecification\",\"valueRequired\":true,\"valueName\":\"search_term_string\"}}],\"inLanguage\":\"sv-SE\"},{\"@type\":\"Organization\",\"@id\":\"https:\/\/9staedte.de\/sv\/#organization\",\"name\":\"9 St\u00e4dte in Niedersachsen\",\"url\":\"https:\/\/9staedte.de\/sv\/\",\"logo\":{\"@type\":\"ImageObject\",\"inLanguage\":\"sv-SE\",\"@id\":\"https:\/\/9staedte.de\/sv\/#\/schema\/logo\/image\/\",\"url\":\"https:\/\/9staedte.de\/wp-content\/uploads\/2025\/01\/9-neg-deutsch-2-1.png\",\"contentUrl\":\"https:\/\/9staedte.de\/wp-content\/uploads\/2025\/01\/9-neg-deutsch-2-1.png\",\"width\":190,\"height\":114,\"caption\":\"9 St\u00e4dte in Niedersachsen\"},\"image\":{\"@id\":\"https:\/\/9staedte.de\/sv\/#\/schema\/logo\/image\/\"}}]}<\/script>\n<!-- \/ Yoast SEO plugin. -->","yoast_head_json":{"title":"Julmarknad i G\u00f6ttingen - 9 St\u00e4dte in Niedersachsen","description":"Julmarknaden i universitetsstaden G\u00f6ttingen \u00e4ger rum runt det medeltida gamla r\u00e5dhuset och Johanneskyrkan.","robots":{"index":"index","follow":"follow","max-snippet":"max-snippet:-1","max-image-preview":"max-image-preview:large","max-video-preview":"max-video-preview:-1"},"canonical":"https:\/\/9staedte.de\/sv\/goettingen-staden-som-skapar-kunskap\/julmarknad-i-goettingen\/","og_locale":"sv_SE","og_type":"article","og_title":"Julmarknad i G\u00f6ttingen - 9 St\u00e4dte in Niedersachsen","og_description":"Julmarknaden i universitetsstaden G\u00f6ttingen \u00e4ger rum runt det medeltida gamla r\u00e5dhuset och Johanneskyrkan.","og_url":"https:\/\/9staedte.de\/sv\/goettingen-staden-som-skapar-kunskap\/julmarknad-i-goettingen\/","og_site_name":"9 St\u00e4dte in Niedersachsen","article_modified_time":"2025-12-29T12:48:21+00:00","og_image":[{"width":1020,"height":561,"url":"https:\/\/9staedte.de\/wp-content\/uploads\/2023\/02\/Goettingen-Weihnachtsmarkt-c-Christoph-Mischke.jpg","type":"image\/jpeg"}],"twitter_card":"summary_large_image","twitter_misc":{"Ber\u00e4knad l\u00e4stid":"1 minut"},"schema":{"@context":"https:\/\/schema.org","@graph":[{"@type":"WebPage","@id":"https:\/\/9staedte.de\/sv\/goettingen-staden-som-skapar-kunskap\/julmarknad-i-goettingen\/","url":"https:\/\/9staedte.de\/sv\/goettingen-staden-som-skapar-kunskap\/julmarknad-i-goettingen\/","name":"Julmarknad i G\u00f6ttingen - 9 St\u00e4dte in Niedersachsen","isPartOf":{"@id":"https:\/\/9staedte.de\/sv\/#website"},"primaryImageOfPage":{"@id":"https:\/\/9staedte.de\/sv\/goettingen-staden-som-skapar-kunskap\/julmarknad-i-goettingen\/#primaryimage"},"image":{"@id":"https:\/\/9staedte.de\/sv\/goettingen-staden-som-skapar-kunskap\/julmarknad-i-goettingen\/#primaryimage"},"thumbnailUrl":"https:\/\/9staedte.de\/wp-content\/uploads\/2023\/02\/Goettingen-Weihnachtsmarkt-c-Christoph-Mischke.jpg","datePublished":"2023-10-25T14:23:15+00:00","dateModified":"2025-12-29T12:48:21+00:00","description":"Julmarknaden i universitetsstaden G\u00f6ttingen \u00e4ger rum runt det medeltida gamla r\u00e5dhuset och Johanneskyrkan.","breadcrumb":{"@id":"https:\/\/9staedte.de\/sv\/goettingen-staden-som-skapar-kunskap\/julmarknad-i-goettingen\/#breadcrumb"},"inLanguage":"sv-SE","potentialAction":[{"@type":"ReadAction","target":["https:\/\/9staedte.de\/sv\/goettingen-staden-som-skapar-kunskap\/julmarknad-i-goettingen\/"]}]},{"@type":"ImageObject","inLanguage":"sv-SE","@id":"https:\/\/9staedte.de\/sv\/goettingen-staden-som-skapar-kunskap\/julmarknad-i-goettingen\/#primaryimage","url":"https:\/\/9staedte.de\/wp-content\/uploads\/2023\/02\/Goettingen-Weihnachtsmarkt-c-Christoph-Mischke.jpg","contentUrl":"https:\/\/9staedte.de\/wp-content\/uploads\/2023\/02\/Goettingen-Weihnachtsmarkt-c-Christoph-Mischke.jpg","width":1020,"height":561,"caption":"Der G\u00f6ttinger Weihnachtsmarkt. c) Christoph Mischke"},{"@type":"BreadcrumbList","@id":"https:\/\/9staedte.de\/sv\/goettingen-staden-som-skapar-kunskap\/julmarknad-i-goettingen\/#breadcrumb","itemListElement":[{"@type":"ListItem","position":1,"name":"Startseite","item":"https:\/\/9staedte.de\/sv\/"},{"@type":"ListItem","position":2,"name":"G\u00f6ttingen &#8211; Staden som skapar kunskap","item":"https:\/\/9staedte.de\/sv\/goettingen-staden-som-skapar-kunskap\/"},{"@type":"ListItem","position":3,"name":"Julmarknad i G\u00f6ttingen"}]},{"@type":"WebSite","@id":"https:\/\/9staedte.de\/sv\/#website","url":"https:\/\/9staedte.de\/sv\/","name":"9 St\u00e4dte in Niedersachsen","description":"","publisher":{"@id":"https:\/\/9staedte.de\/sv\/#organization"},"potentialAction":[{"@type":"SearchAction","target":{"@type":"EntryPoint","urlTemplate":"https:\/\/9staedte.de\/sv\/?s={search_term_string}"},"query-input":{"@type":"PropertyValueSpecification","valueRequired":true,"valueName":"search_term_string"}}],"inLanguage":"sv-SE"},{"@type":"Organization","@id":"https:\/\/9staedte.de\/sv\/#organization","name":"9 St\u00e4dte in Niedersachsen","url":"https:\/\/9staedte.de\/sv\/","logo":{"@type":"ImageObject","inLanguage":"sv-SE","@id":"https:\/\/9staedte.de\/sv\/#\/schema\/logo\/image\/","url":"https:\/\/9staedte.de\/wp-content\/uploads\/2025\/01\/9-neg-deutsch-2-1.png","contentUrl":"https:\/\/9staedte.de\/wp-content\/uploads\/2025\/01\/9-neg-deutsch-2-1.png","width":190,"height":114,"caption":"9 St\u00e4dte in Niedersachsen"},"image":{"@id":"https:\/\/9staedte.de\/sv\/#\/schema\/logo\/image\/"}}]}},"_links":{"self":[{"href":"https:\/\/9staedte.de\/sv\/wp-json\/wp\/v2\/pages\/14292","targetHints":{"allow":["GET"]}}],"collection":[{"href":"https:\/\/9staedte.de\/sv\/wp-json\/wp\/v2\/pages"}],"about":[{"href":"https:\/\/9staedte.de\/sv\/wp-json\/wp\/v2\/types\/page"}],"author":[{"embeddable":true,"href":"https:\/\/9staedte.de\/sv\/wp-json\/wp\/v2\/users\/1"}],"replies":[{"embeddable":true,"href":"https:\/\/9staedte.de\/sv\/wp-json\/wp\/v2\/comments?post=14292"}],"version-history":[{"count":10,"href":"https:\/\/9staedte.de\/sv\/wp-json\/wp\/v2\/pages\/14292\/revisions"}],"predecessor-version":[{"id":27627,"href":"https:\/\/9staedte.de\/sv\/wp-json\/wp\/v2\/pages\/14292\/revisions\/27627"}],"up":[{"embeddable":true,"href":"https:\/\/9staedte.de\/sv\/wp-json\/wp\/v2\/pages\/14552"}],"wp:featuredmedia":[{"embeddable":true,"href":"https:\/\/9staedte.de\/sv\/wp-json\/wp\/v2\/media\/14295"}],"wp:attachment":[{"href":"https:\/\/9staedte.de\/sv\/wp-json\/wp\/v2\/media?parent=14292"}],"wp:term":[{"taxonomy":"category","embeddable":true,"href":"https:\/\/9staedte.de\/sv\/wp-json\/wp\/v2\/categories?post=14292"},{"taxonomy":"post_tag","embeddable":true,"href":"https:\/\/9staedte.de\/sv\/wp-json\/wp\/v2\/tags?post=14292"},{"taxonomy":"ncap_cities_tax","embeddable":true,"href":"https:\/\/9staedte.de\/sv\/wp-json\/wp\/v2\/ncap_cities_tax?post=14292"}],"curies":[{"name":"wp","href":"https:\/\/api.w.org\/{rel}","templated":true}]}}