{"id":14278,"date":"2023-10-25T16:23:31","date_gmt":"2023-10-25T14:23:31","guid":{"rendered":"https:\/\/9staedte.de\/stadsrundturer-i-goettingen\/"},"modified":"2025-07-22T11:53:14","modified_gmt":"2025-07-22T09:53:14","slug":"stadsrundturer-i-goettingen","status":"publish","type":"page","link":"https:\/\/9staedte.de\/sv\/goettingen-staden-som-skapar-kunskap\/stadsrundturer-i-goettingen\/","title":{"rendered":"Stadsrundturer i G\u00f6ttingen"},"content":{"rendered":"\r\n\r\n    <div class=\"filter-posts\">\r\n            <div  id=\"filterContent\">\r\n                                                        \n<div class=\"contentKachel filtr-item\" data-category=\"goettingen-sv\">\n    <a href=\"https:\/\/9staedte.de\/sv\/goettingen-korsvirkeshus\/\">\n        <div class=\"contentKachel-inner\">\n                            <div class=\"contentKachel-thumbnail\">\n                    <img loading=\"lazy\" decoding=\"async\" width=\"300\" height=\"165\" src=\"https:\/\/9staedte.de\/wp-content\/smush-webp\/2022\/06\/Goettingen-Fachwerk-c-Goettingen-Tourismus-und-Marketing-GmbH-Christoph-Mischke-300x165.jpg.webp\" class=\"objectfitcover withfilters wp-post-image\" alt=\"Bilden visar vackra korsvirkeshus i G\u00f6ttingen. Husen \u00e4r gamla och har f\u00e4rgglada tr\u00e4bj\u00e4lkar. N\u00e5gra f\u00f6nster \u00e4r \u00f6ppna. I bakgrunden syns ett kyrktorn med en klocka. Himlen \u00e4r bl\u00e5. Det \u00e4r en lugn och solig dag i gamla stan.\" srcset=\"https:\/\/9staedte.de\/wp-content\/smush-webp\/2022\/06\/Goettingen-Fachwerk-c-Goettingen-Tourismus-und-Marketing-GmbH-Christoph-Mischke-300x165.jpg.webp 300w, https:\/\/9staedte.de\/wp-content\/smush-webp\/2022\/06\/Goettingen-Fachwerk-c-Goettingen-Tourismus-und-Marketing-GmbH-Christoph-Mischke-768x422.jpg.webp 768w, https:\/\/9staedte.de\/wp-content\/smush-webp\/2022\/06\/Goettingen-Fachwerk-c-Goettingen-Tourismus-und-Marketing-GmbH-Christoph-Mischke.jpg.webp 1020w\" sizes=\"auto, (max-width: 300px) 100vw, 300px\" \/>                    <img loading=\"lazy\" decoding=\"async\" width=\"300\" height=\"165\" src=\"https:\/\/9staedte.de\/wp-content\/smush-webp\/2022\/06\/Goettingen-Fachwerk-c-Goettingen-Tourismus-und-Marketing-GmbH-Christoph-Mischke-300x165.jpg.webp\" class=\"objectfitcontain wp-post-image\" alt=\"Bilden visar vackra korsvirkeshus i G\u00f6ttingen. Husen \u00e4r gamla och har f\u00e4rgglada tr\u00e4bj\u00e4lkar. N\u00e5gra f\u00f6nster \u00e4r \u00f6ppna. I bakgrunden syns ett kyrktorn med en klocka. Himlen \u00e4r bl\u00e5. Det \u00e4r en lugn och solig dag i gamla stan.\" srcset=\"https:\/\/9staedte.de\/wp-content\/smush-webp\/2022\/06\/Goettingen-Fachwerk-c-Goettingen-Tourismus-und-Marketing-GmbH-Christoph-Mischke-300x165.jpg.webp 300w, https:\/\/9staedte.de\/wp-content\/smush-webp\/2022\/06\/Goettingen-Fachwerk-c-Goettingen-Tourismus-und-Marketing-GmbH-Christoph-Mischke-768x422.jpg.webp 768w, https:\/\/9staedte.de\/wp-content\/smush-webp\/2022\/06\/Goettingen-Fachwerk-c-Goettingen-Tourismus-und-Marketing-GmbH-Christoph-Mischke.jpg.webp 1020w\" sizes=\"auto, (max-width: 300px) 100vw, 300px\" \/>                        <div class=\"thumbnail-label\">\n    <span>G\u00f6ttingen Fachwerk c) G\u00f6ttingen Tourismus und Marketing GmbH Christoph Mischke<\/span>\n    <\/div>\n                <\/div>\n                        <div class=\"contentKachel-content\">\n                                    <div class=\"city-tag bg-goettingen\">\n                        G\u00f6ttingen                    <\/div>\n                \n                <div class=\"title\">\n\n                    G\u00f6ttingen korsvirkeshus                    \n                <\/div>\n\n                            <\/div>\n\n        <\/div>\n    <\/a>\n<\/div>                                                        \n<div class=\"contentKachel filtr-item\" data-category=\"goettingen-sv\">\n    <a href=\"https:\/\/9staedte.de\/sv\/runt-gaenseliesel\/\">\n        <div class=\"contentKachel-inner\">\n                            <div class=\"contentKachel-thumbnail\">\n                    <img loading=\"lazy\" decoding=\"async\" width=\"300\" height=\"164\" src=\"https:\/\/9staedte.de\/wp-content\/smush-webp\/2022\/06\/Goettingen-Doktor-Kuss-300x164.jpg.webp\" class=\"objectfitcover withfilters wp-post-image\" alt=\"En ung man har en svart doktorshatt. Han kysser en staty i brons. Statyn h\u00e5ller en f\u00e4rgglad bukett blommor. Mannen ser glad ut.\" srcset=\"https:\/\/9staedte.de\/wp-content\/smush-webp\/2022\/06\/Goettingen-Doktor-Kuss-300x164.jpg.webp 300w, https:\/\/9staedte.de\/wp-content\/smush-webp\/2022\/06\/Goettingen-Doktor-Kuss-768x420.jpg.webp 768w, https:\/\/9staedte.de\/wp-content\/smush-webp\/2022\/06\/Goettingen-Doktor-Kuss.jpg.webp 1020w\" sizes=\"auto, (max-width: 300px) 100vw, 300px\" \/>                    <img loading=\"lazy\" decoding=\"async\" width=\"300\" height=\"164\" src=\"https:\/\/9staedte.de\/wp-content\/smush-webp\/2022\/06\/Goettingen-Doktor-Kuss-300x164.jpg.webp\" class=\"objectfitcontain wp-post-image\" alt=\"En ung man har en svart doktorshatt. Han kysser en staty i brons. Statyn h\u00e5ller en f\u00e4rgglad bukett blommor. Mannen ser glad ut.\" srcset=\"https:\/\/9staedte.de\/wp-content\/smush-webp\/2022\/06\/Goettingen-Doktor-Kuss-300x164.jpg.webp 300w, https:\/\/9staedte.de\/wp-content\/smush-webp\/2022\/06\/Goettingen-Doktor-Kuss-768x420.jpg.webp 768w, https:\/\/9staedte.de\/wp-content\/smush-webp\/2022\/06\/Goettingen-Doktor-Kuss.jpg.webp 1020w\" sizes=\"auto, (max-width: 300px) 100vw, 300px\" \/>                        <div class=\"thumbnail-label\">\n    <span>G\u00f6ttingen Doktor Kuss c) G\u00f6ttingen Marketing GmbH<\/span>\n    <\/div>\n                <\/div>\n                        <div class=\"contentKachel-content\">\n                                    <div class=\"city-tag bg-goettingen\">\n                        G\u00f6ttingen                    <\/div>\n                \n                <div class=\"title\">\n\n                    Runt G\u00e4nseliesel                    \n                <\/div>\n\n                            <\/div>\n\n        <\/div>\n    <\/a>\n<\/div>                                                        \n<div class=\"contentKachel filtr-item\" data-category=\"goettingen-sv\">\n    <a href=\"https:\/\/9staedte.de\/sv\/paa-spaaren-efter-broederna-grimm-i-goettingen\/\">\n        <div class=\"contentKachel-inner\">\n                            <div class=\"contentKachel-thumbnail\">\n                    <img loading=\"lazy\" decoding=\"async\" width=\"300\" height=\"169\" src=\"https:\/\/9staedte.de\/wp-content\/smush-webp\/2022\/03\/Goettingen-Impressionen-Altes_Rathaus_Abendstimmung-300x169.jpg.webp\" class=\"objectfitcover withfilters wp-post-image\" alt=\"Bilden visar torget i G\u00f6ttingen vid skymning. Till v\u00e4nster st\u00e5r det gamla r\u00e5dhuset. I mitten finns en font\u00e4n med en staty. De korsvirkeshus \u00e4r vackert upplysta. Himlen \u00e4r bl\u00e5-lila. Det \u00e4r lugnt och fridfullt.\" srcset=\"https:\/\/9staedte.de\/wp-content\/smush-webp\/2022\/03\/Goettingen-Impressionen-Altes_Rathaus_Abendstimmung-300x169.jpg.webp 300w, https:\/\/9staedte.de\/wp-content\/smush-webp\/2022\/03\/Goettingen-Impressionen-Altes_Rathaus_Abendstimmung-1024x575.jpg.webp 1024w, https:\/\/9staedte.de\/wp-content\/smush-webp\/2022\/03\/Goettingen-Impressionen-Altes_Rathaus_Abendstimmung-768x431.jpg.webp 768w, https:\/\/9staedte.de\/wp-content\/smush-webp\/2022\/03\/Goettingen-Impressionen-Altes_Rathaus_Abendstimmung.jpg.webp 1200w\" sizes=\"auto, (max-width: 300px) 100vw, 300px\" \/>                    <img loading=\"lazy\" decoding=\"async\" width=\"300\" height=\"169\" src=\"https:\/\/9staedte.de\/wp-content\/smush-webp\/2022\/03\/Goettingen-Impressionen-Altes_Rathaus_Abendstimmung-300x169.jpg.webp\" class=\"objectfitcontain wp-post-image\" alt=\"Bilden visar torget i G\u00f6ttingen vid skymning. Till v\u00e4nster st\u00e5r det gamla r\u00e5dhuset. I mitten finns en font\u00e4n med en staty. De korsvirkeshus \u00e4r vackert upplysta. Himlen \u00e4r bl\u00e5-lila. Det \u00e4r lugnt och fridfullt.\" srcset=\"https:\/\/9staedte.de\/wp-content\/smush-webp\/2022\/03\/Goettingen-Impressionen-Altes_Rathaus_Abendstimmung-300x169.jpg.webp 300w, https:\/\/9staedte.de\/wp-content\/smush-webp\/2022\/03\/Goettingen-Impressionen-Altes_Rathaus_Abendstimmung-1024x575.jpg.webp 1024w, https:\/\/9staedte.de\/wp-content\/smush-webp\/2022\/03\/Goettingen-Impressionen-Altes_Rathaus_Abendstimmung-768x431.jpg.webp 768w, https:\/\/9staedte.de\/wp-content\/smush-webp\/2022\/03\/Goettingen-Impressionen-Altes_Rathaus_Abendstimmung.jpg.webp 1200w\" sizes=\"auto, (max-width: 300px) 100vw, 300px\" \/>                        <div class=\"thumbnail-label\">\n    <span>Goettingen-Impressionen-Altes_Rathaus_Abendstimmung<\/span>\n    <\/div>\n                <\/div>\n                        <div class=\"contentKachel-content\">\n                                    <div class=\"city-tag bg-goettingen\">\n                        G\u00f6ttingen                    <\/div>\n                \n                <div class=\"title\">\n\n                    P\u00e5 sp\u00e5ren efter br\u00f6derna Grimm i G\u00f6ttingen                    \n                <\/div>\n\n                            <\/div>\n\n        <\/div>\n    <\/a>\n<\/div>                                                        \n<div class=\"contentKachel filtr-item\" data-category=\"goettingen-sv\">\n    <a href=\"https:\/\/9staedte.de\/sv\/stadtfuehrungen-zum-graffiti-walk\/\">\n        <div class=\"contentKachel-inner\">\n                            <div class=\"contentKachel-thumbnail\">\n                    <img loading=\"lazy\" decoding=\"async\" width=\"300\" height=\"165\" src=\"https:\/\/9staedte.de\/wp-content\/smush-webp\/2025\/07\/Graffiti-Walk-2025-Foto-622-c-Goettingen-Marketing-GmbH-300x165.jpg.webp\" class=\"objectfitcover withfilters wp-post-image\" alt=\"Bilden visar graffiti p\u00e5 en stor container. En \u00e4ldre kvinna med glas\u00f6gon pekar med fingret. Bredvid st\u00e5r det: \u201cKein Plastik in die Biotonne.\u201d Det finns ocks\u00e5 en r\u00f6d cirkel med #ARFUIBIO. I bakgrunden syns m\u00f6rka byggnader. Budskapet \u00e4r: Plast ska inte l\u00e4ggas i matavfallet.\" srcset=\"https:\/\/9staedte.de\/wp-content\/smush-webp\/2025\/07\/Graffiti-Walk-2025-Foto-622-c-Goettingen-Marketing-GmbH-300x165.jpg.webp 300w, https:\/\/9staedte.de\/wp-content\/smush-webp\/2025\/07\/Graffiti-Walk-2025-Foto-622-c-Goettingen-Marketing-GmbH-768x422.jpg.webp 768w, https:\/\/9staedte.de\/wp-content\/smush-webp\/2025\/07\/Graffiti-Walk-2025-Foto-622-c-Goettingen-Marketing-GmbH.jpg.webp 1020w\" sizes=\"auto, (max-width: 300px) 100vw, 300px\" \/>                    <img loading=\"lazy\" decoding=\"async\" width=\"300\" height=\"165\" src=\"https:\/\/9staedte.de\/wp-content\/smush-webp\/2025\/07\/Graffiti-Walk-2025-Foto-622-c-Goettingen-Marketing-GmbH-300x165.jpg.webp\" class=\"objectfitcontain wp-post-image\" alt=\"Bilden visar graffiti p\u00e5 en stor container. En \u00e4ldre kvinna med glas\u00f6gon pekar med fingret. Bredvid st\u00e5r det: \u201cKein Plastik in die Biotonne.\u201d Det finns ocks\u00e5 en r\u00f6d cirkel med #ARFUIBIO. I bakgrunden syns m\u00f6rka byggnader. Budskapet \u00e4r: Plast ska inte l\u00e4ggas i matavfallet.\" srcset=\"https:\/\/9staedte.de\/wp-content\/smush-webp\/2025\/07\/Graffiti-Walk-2025-Foto-622-c-Goettingen-Marketing-GmbH-300x165.jpg.webp 300w, https:\/\/9staedte.de\/wp-content\/smush-webp\/2025\/07\/Graffiti-Walk-2025-Foto-622-c-Goettingen-Marketing-GmbH-768x422.jpg.webp 768w, https:\/\/9staedte.de\/wp-content\/smush-webp\/2025\/07\/Graffiti-Walk-2025-Foto-622-c-Goettingen-Marketing-GmbH.jpg.webp 1020w\" sizes=\"auto, (max-width: 300px) 100vw, 300px\" \/>                        <div class=\"thumbnail-label\">\n    <span>G\u00f6ttingen Graffiti-Walk 2025 &#8211; Foto 622 &#8211; (c) G\u00f6ttingen Marketing GmbH<\/span>\n    <\/div>\n                <\/div>\n                        <div class=\"contentKachel-content\">\n                                    <div class=\"city-tag bg-goettingen\">\n                        G\u00f6ttingen                    <\/div>\n                \n                <div class=\"title\">\n\n                    Stadsvandringar f\u00f6r Graffiti Walk                    \n                <\/div>\n\n                            <\/div>\n\n        <\/div>\n    <\/a>\n<\/div>                                            <\/div>\r\n    <\/div>\r\n","protected":false},"excerpt":{"rendered":"","protected":false},"author":1,"featured_media":14282,"parent":14552,"menu_order":0,"comment_status":"closed","ping_status":"closed","template":"pagetemplates\/template-stadtthema.php","meta":{"_acf_changed":false,"footnotes":""},"categories":[],"tags":[],"ncap_cities_tax":[435,1212],"class_list":["post-14278","page","type-page","status-publish","has-post-thumbnail","hentry","ncap_cities_tax-goettingen-sv","ncap_cities_tax-stadtfuhrungen-goettingen-sv"],"acf":[],"yoast_head":"<!-- This site is optimized with the Yoast SEO plugin v26.8 - https:\/\/yoast.com\/product\/yoast-seo-wordpress\/ -->\n<title>Stadsrundturer i G\u00f6ttingen - 9 St\u00e4dte in Niedersachsen<\/title>\n<meta name=\"robots\" content=\"index, follow, max-snippet:-1, max-image-preview:large, max-video-preview:-1\" \/>\n<link rel=\"canonical\" href=\"https:\/\/9staedte.de\/sv\/goettingen-staden-som-skapar-kunskap\/stadsrundturer-i-goettingen\/\" \/>\n<meta property=\"og:locale\" content=\"sv_SE\" \/>\n<meta property=\"og:type\" content=\"article\" \/>\n<meta property=\"og:title\" content=\"Stadsrundturer i G\u00f6ttingen - 9 St\u00e4dte in Niedersachsen\" \/>\n<meta property=\"og:url\" content=\"https:\/\/9staedte.de\/sv\/goettingen-staden-som-skapar-kunskap\/stadsrundturer-i-goettingen\/\" \/>\n<meta property=\"og:site_name\" content=\"9 St\u00e4dte in Niedersachsen\" \/>\n<meta property=\"article:modified_time\" content=\"2025-07-22T09:53:14+00:00\" \/>\n<meta property=\"og:image\" content=\"https:\/\/9staedte.de\/wp-content\/uploads\/2023\/02\/Goettingen-Paulinerstrasse-c-Lars-Gerhardts.jpg\" \/>\n\t<meta property=\"og:image:width\" content=\"1020\" \/>\n\t<meta property=\"og:image:height\" content=\"560\" \/>\n\t<meta property=\"og:image:type\" content=\"image\/jpeg\" \/>\n<meta name=\"twitter:card\" content=\"summary_large_image\" \/>\n<meta name=\"twitter:label1\" content=\"Ber\u00e4knad l\u00e4stid\" \/>\n\t<meta name=\"twitter:data1\" content=\"1 minut\" \/>\n<script type=\"application\/ld+json\" class=\"yoast-schema-graph\">{\"@context\":\"https:\/\/schema.org\",\"@graph\":[{\"@type\":\"WebPage\",\"@id\":\"https:\/\/9staedte.de\/sv\/goettingen-staden-som-skapar-kunskap\/stadsrundturer-i-goettingen\/\",\"url\":\"https:\/\/9staedte.de\/sv\/goettingen-staden-som-skapar-kunskap\/stadsrundturer-i-goettingen\/\",\"name\":\"Stadsrundturer i G\u00f6ttingen - 9 St\u00e4dte in Niedersachsen\",\"isPartOf\":{\"@id\":\"https:\/\/9staedte.de\/sv\/#website\"},\"primaryImageOfPage\":{\"@id\":\"https:\/\/9staedte.de\/sv\/goettingen-staden-som-skapar-kunskap\/stadsrundturer-i-goettingen\/#primaryimage\"},\"image\":{\"@id\":\"https:\/\/9staedte.de\/sv\/goettingen-staden-som-skapar-kunskap\/stadsrundturer-i-goettingen\/#primaryimage\"},\"thumbnailUrl\":\"https:\/\/9staedte.de\/wp-content\/uploads\/2023\/02\/Goettingen-Paulinerstrasse-c-Lars-Gerhardts.jpg\",\"datePublished\":\"2023-10-25T14:23:31+00:00\",\"dateModified\":\"2025-07-22T09:53:14+00:00\",\"breadcrumb\":{\"@id\":\"https:\/\/9staedte.de\/sv\/goettingen-staden-som-skapar-kunskap\/stadsrundturer-i-goettingen\/#breadcrumb\"},\"inLanguage\":\"sv-SE\",\"potentialAction\":[{\"@type\":\"ReadAction\",\"target\":[\"https:\/\/9staedte.de\/sv\/goettingen-staden-som-skapar-kunskap\/stadsrundturer-i-goettingen\/\"]}]},{\"@type\":\"ImageObject\",\"inLanguage\":\"sv-SE\",\"@id\":\"https:\/\/9staedte.de\/sv\/goettingen-staden-som-skapar-kunskap\/stadsrundturer-i-goettingen\/#primaryimage\",\"url\":\"https:\/\/9staedte.de\/wp-content\/uploads\/2023\/02\/Goettingen-Paulinerstrasse-c-Lars-Gerhardts.jpg\",\"contentUrl\":\"https:\/\/9staedte.de\/wp-content\/uploads\/2023\/02\/Goettingen-Paulinerstrasse-c-Lars-Gerhardts.jpg\",\"width\":1020,\"height\":560,\"caption\":\"G\u00f6ttingen Paulinerstra\u00dfe c) Lars Gerhardts\"},{\"@type\":\"BreadcrumbList\",\"@id\":\"https:\/\/9staedte.de\/sv\/goettingen-staden-som-skapar-kunskap\/stadsrundturer-i-goettingen\/#breadcrumb\",\"itemListElement\":[{\"@type\":\"ListItem\",\"position\":1,\"name\":\"Startseite\",\"item\":\"https:\/\/9staedte.de\/sv\/\"},{\"@type\":\"ListItem\",\"position\":2,\"name\":\"G\u00f6ttingen &#8211; Staden som skapar kunskap\",\"item\":\"https:\/\/9staedte.de\/sv\/goettingen-staden-som-skapar-kunskap\/\"},{\"@type\":\"ListItem\",\"position\":3,\"name\":\"Stadsrundturer i G\u00f6ttingen\"}]},{\"@type\":\"WebSite\",\"@id\":\"https:\/\/9staedte.de\/sv\/#website\",\"url\":\"https:\/\/9staedte.de\/sv\/\",\"name\":\"9 St\u00e4dte in Niedersachsen\",\"description\":\"\",\"publisher\":{\"@id\":\"https:\/\/9staedte.de\/sv\/#organization\"},\"potentialAction\":[{\"@type\":\"SearchAction\",\"target\":{\"@type\":\"EntryPoint\",\"urlTemplate\":\"https:\/\/9staedte.de\/sv\/?s={search_term_string}\"},\"query-input\":{\"@type\":\"PropertyValueSpecification\",\"valueRequired\":true,\"valueName\":\"search_term_string\"}}],\"inLanguage\":\"sv-SE\"},{\"@type\":\"Organization\",\"@id\":\"https:\/\/9staedte.de\/sv\/#organization\",\"name\":\"9 St\u00e4dte in Niedersachsen\",\"url\":\"https:\/\/9staedte.de\/sv\/\",\"logo\":{\"@type\":\"ImageObject\",\"inLanguage\":\"sv-SE\",\"@id\":\"https:\/\/9staedte.de\/sv\/#\/schema\/logo\/image\/\",\"url\":\"https:\/\/9staedte.de\/wp-content\/uploads\/2025\/01\/9-neg-deutsch-2-1.png\",\"contentUrl\":\"https:\/\/9staedte.de\/wp-content\/uploads\/2025\/01\/9-neg-deutsch-2-1.png\",\"width\":190,\"height\":114,\"caption\":\"9 St\u00e4dte in Niedersachsen\"},\"image\":{\"@id\":\"https:\/\/9staedte.de\/sv\/#\/schema\/logo\/image\/\"}}]}<\/script>\n<!-- \/ Yoast SEO plugin. -->","yoast_head_json":{"title":"Stadsrundturer i G\u00f6ttingen - 9 St\u00e4dte in Niedersachsen","robots":{"index":"index","follow":"follow","max-snippet":"max-snippet:-1","max-image-preview":"max-image-preview:large","max-video-preview":"max-video-preview:-1"},"canonical":"https:\/\/9staedte.de\/sv\/goettingen-staden-som-skapar-kunskap\/stadsrundturer-i-goettingen\/","og_locale":"sv_SE","og_type":"article","og_title":"Stadsrundturer i G\u00f6ttingen - 9 St\u00e4dte in Niedersachsen","og_url":"https:\/\/9staedte.de\/sv\/goettingen-staden-som-skapar-kunskap\/stadsrundturer-i-goettingen\/","og_site_name":"9 St\u00e4dte in Niedersachsen","article_modified_time":"2025-07-22T09:53:14+00:00","og_image":[{"width":1020,"height":560,"url":"https:\/\/9staedte.de\/wp-content\/uploads\/2023\/02\/Goettingen-Paulinerstrasse-c-Lars-Gerhardts.jpg","type":"image\/jpeg"}],"twitter_card":"summary_large_image","twitter_misc":{"Ber\u00e4knad l\u00e4stid":"1 minut"},"schema":{"@context":"https:\/\/schema.org","@graph":[{"@type":"WebPage","@id":"https:\/\/9staedte.de\/sv\/goettingen-staden-som-skapar-kunskap\/stadsrundturer-i-goettingen\/","url":"https:\/\/9staedte.de\/sv\/goettingen-staden-som-skapar-kunskap\/stadsrundturer-i-goettingen\/","name":"Stadsrundturer i G\u00f6ttingen - 9 St\u00e4dte in Niedersachsen","isPartOf":{"@id":"https:\/\/9staedte.de\/sv\/#website"},"primaryImageOfPage":{"@id":"https:\/\/9staedte.de\/sv\/goettingen-staden-som-skapar-kunskap\/stadsrundturer-i-goettingen\/#primaryimage"},"image":{"@id":"https:\/\/9staedte.de\/sv\/goettingen-staden-som-skapar-kunskap\/stadsrundturer-i-goettingen\/#primaryimage"},"thumbnailUrl":"https:\/\/9staedte.de\/wp-content\/uploads\/2023\/02\/Goettingen-Paulinerstrasse-c-Lars-Gerhardts.jpg","datePublished":"2023-10-25T14:23:31+00:00","dateModified":"2025-07-22T09:53:14+00:00","breadcrumb":{"@id":"https:\/\/9staedte.de\/sv\/goettingen-staden-som-skapar-kunskap\/stadsrundturer-i-goettingen\/#breadcrumb"},"inLanguage":"sv-SE","potentialAction":[{"@type":"ReadAction","target":["https:\/\/9staedte.de\/sv\/goettingen-staden-som-skapar-kunskap\/stadsrundturer-i-goettingen\/"]}]},{"@type":"ImageObject","inLanguage":"sv-SE","@id":"https:\/\/9staedte.de\/sv\/goettingen-staden-som-skapar-kunskap\/stadsrundturer-i-goettingen\/#primaryimage","url":"https:\/\/9staedte.de\/wp-content\/uploads\/2023\/02\/Goettingen-Paulinerstrasse-c-Lars-Gerhardts.jpg","contentUrl":"https:\/\/9staedte.de\/wp-content\/uploads\/2023\/02\/Goettingen-Paulinerstrasse-c-Lars-Gerhardts.jpg","width":1020,"height":560,"caption":"G\u00f6ttingen Paulinerstra\u00dfe c) Lars Gerhardts"},{"@type":"BreadcrumbList","@id":"https:\/\/9staedte.de\/sv\/goettingen-staden-som-skapar-kunskap\/stadsrundturer-i-goettingen\/#breadcrumb","itemListElement":[{"@type":"ListItem","position":1,"name":"Startseite","item":"https:\/\/9staedte.de\/sv\/"},{"@type":"ListItem","position":2,"name":"G\u00f6ttingen &#8211; Staden som skapar kunskap","item":"https:\/\/9staedte.de\/sv\/goettingen-staden-som-skapar-kunskap\/"},{"@type":"ListItem","position":3,"name":"Stadsrundturer i G\u00f6ttingen"}]},{"@type":"WebSite","@id":"https:\/\/9staedte.de\/sv\/#website","url":"https:\/\/9staedte.de\/sv\/","name":"9 St\u00e4dte in Niedersachsen","description":"","publisher":{"@id":"https:\/\/9staedte.de\/sv\/#organization"},"potentialAction":[{"@type":"SearchAction","target":{"@type":"EntryPoint","urlTemplate":"https:\/\/9staedte.de\/sv\/?s={search_term_string}"},"query-input":{"@type":"PropertyValueSpecification","valueRequired":true,"valueName":"search_term_string"}}],"inLanguage":"sv-SE"},{"@type":"Organization","@id":"https:\/\/9staedte.de\/sv\/#organization","name":"9 St\u00e4dte in Niedersachsen","url":"https:\/\/9staedte.de\/sv\/","logo":{"@type":"ImageObject","inLanguage":"sv-SE","@id":"https:\/\/9staedte.de\/sv\/#\/schema\/logo\/image\/","url":"https:\/\/9staedte.de\/wp-content\/uploads\/2025\/01\/9-neg-deutsch-2-1.png","contentUrl":"https:\/\/9staedte.de\/wp-content\/uploads\/2025\/01\/9-neg-deutsch-2-1.png","width":190,"height":114,"caption":"9 St\u00e4dte in Niedersachsen"},"image":{"@id":"https:\/\/9staedte.de\/sv\/#\/schema\/logo\/image\/"}}]}},"_links":{"self":[{"href":"https:\/\/9staedte.de\/sv\/wp-json\/wp\/v2\/pages\/14278","targetHints":{"allow":["GET"]}}],"collection":[{"href":"https:\/\/9staedte.de\/sv\/wp-json\/wp\/v2\/pages"}],"about":[{"href":"https:\/\/9staedte.de\/sv\/wp-json\/wp\/v2\/types\/page"}],"author":[{"embeddable":true,"href":"https:\/\/9staedte.de\/sv\/wp-json\/wp\/v2\/users\/1"}],"replies":[{"embeddable":true,"href":"https:\/\/9staedte.de\/sv\/wp-json\/wp\/v2\/comments?post=14278"}],"version-history":[{"count":4,"href":"https:\/\/9staedte.de\/sv\/wp-json\/wp\/v2\/pages\/14278\/revisions"}],"predecessor-version":[{"id":26706,"href":"https:\/\/9staedte.de\/sv\/wp-json\/wp\/v2\/pages\/14278\/revisions\/26706"}],"up":[{"embeddable":true,"href":"https:\/\/9staedte.de\/sv\/wp-json\/wp\/v2\/pages\/14552"}],"wp:featuredmedia":[{"embeddable":true,"href":"https:\/\/9staedte.de\/sv\/wp-json\/wp\/v2\/media\/14282"}],"wp:attachment":[{"href":"https:\/\/9staedte.de\/sv\/wp-json\/wp\/v2\/media?parent=14278"}],"wp:term":[{"taxonomy":"category","embeddable":true,"href":"https:\/\/9staedte.de\/sv\/wp-json\/wp\/v2\/categories?post=14278"},{"taxonomy":"post_tag","embeddable":true,"href":"https:\/\/9staedte.de\/sv\/wp-json\/wp\/v2\/tags?post=14278"},{"taxonomy":"ncap_cities_tax","embeddable":true,"href":"https:\/\/9staedte.de\/sv\/wp-json\/wp\/v2\/ncap_cities_tax?post=14278"}],"curies":[{"name":"wp","href":"https:\/\/api.w.org\/{rel}","templated":true}]}}