{"id":14274,"date":"2023-10-25T16:22:27","date_gmt":"2023-10-25T14:22:27","guid":{"rendered":"https:\/\/9staedte.de\/julmarknad-i-celle\/"},"modified":"2026-03-23T11:50:19","modified_gmt":"2026-03-23T10:50:19","slug":"julmarknad-i-celle","status":"publish","type":"page","link":"https:\/\/9staedte.de\/sv\/celle-vacker-residensstad\/julmarknad-i-celle\/","title":{"rendered":"Julmarknad i Celle"},"content":{"rendered":"\n<h2 class=\"wp-block-heading\">Julmagi med korsvirkesk\u00e4nsla<\/h2>\n\n<p><strong>N\u00e4r doften av rostade mandlar, cr\u00eapes och gl\u00f6gg fyller luften \u00f6ver den festligt upplysta gamla stan i Celle i slutet av november \u00e4r det \u00e4ntligen dags igen: Celles julmarknad \u00f6ppnar sina d\u00f6rrar!<\/strong><\/p>\n\n<p>Att i lugn och ro strosa runt p\u00e5 den idylliska julmarknaden och leta efter sm\u00e5 julklappar eller nya julgranskulor ger inte bara n\u00e4ring \u00e5t f\u00f6rv\u00e4ntningarna inf\u00f6r julen, utan l\u00e5ter ocks\u00e5 bes\u00f6karna v\u00e4xla ned. Med en gl\u00f6gg i handen kan du f\u00f6rdjupa dig i det varma ljusspelet p\u00e5 de historiska korsvirkesfasaderna i gr\u00e4nderna och p\u00e5 torgen i gamla stan och njuta av barnens lysande \u00f6gon &#8211; det \u00e4r s\u00e5 du stannar upp i Celle och firar den vackra vinters\u00e4songen. <\/p>\n\n<p>Som om inte det vore nog bjuder festliga evenemang och konserter p\u00e5 \u00e4nnu fler st\u00e4mningsfulla h\u00f6jdpunkter under adventstiden. Den stora ljusparaden \u00e4r efterl\u00e4ngtad av b\u00e5de unga och gamla och kommer att \u00e4ga rum i \u00e5r igen. Magiska julljusfigurer kommer att f\u00f6rtrolla hela stadsk\u00e4rnan under den f\u00f6rsta adventshelgen. Musikevenemangen i advent i St Mary&#8217;s Church \u00e4r ocks\u00e5 mycket popul\u00e4ra. En av vinterns speciella h\u00f6jdpunkter \u00e4r barockjulen i Celles slott i utkanten av gamla stan. I festlig barockdr\u00e4kt tar en guide med bes\u00f6karna p\u00e5 en st\u00e4mningsfull julpromenad genom de magnifika murarna.     <\/p>\n\n<p>Se fram emot ett f\u00e4rgsprakande program med karusell\u00e5kning, livemusik och bes\u00f6k av sj\u00e4lvaste jultomten.<\/p>\n\n<p>Kom med och upplev en of\u00f6rgl\u00f6mlig juls\u00e4song i Celle!<\/p>\n\n<p><a href=\"https:\/\/www.celle.de\/Kultur\/Veranstaltungen\/Celler-Weihnachtsmarkt\/\" target=\"_blank\" rel=\"noreferrer noopener\">Ytterligare information<\/a><\/p>\n\n<p><\/p>\n\n\n<div class=\"banner-wrapper\">\n  <div class=\"banner-inner \">\n      <div class=\"img-container\">\n      <div class=\"img-wrapper\">\n        <img decoding=\"async\" src=\"https:\/\/9staedte.de\/wp-content\/smush-webp\/2024\/03\/Weihnachtsmarkt-Celle-Stechbahn_CC0.jpg.webp\" alt=\"Bilden visar julmarknaden i Celle. Tr\u00e4husen har vacker belysning. M\u00e5nga m\u00e4nniskor g\u00e5r runt p\u00e5 marknaden. Det finns st\u00e5nd med mat, dryck och presenter. En stor julgran st\u00e5r i bakgrunden.\" \/>\n                  <div class=\"thumbnail-label\">\n            <span>Weihnachtsmarkt Celle Stechbahn_CC0<\/span>\n          <\/div>\n              <\/div>\n    <\/div>\n        <div class=\"text-container\">\n      <div class=\"content\">\n        <p>&nbsp;<\/p>\n<p><strong>Tips f\u00f6r att bes\u00f6ka julmarknaden i Celle<\/strong><\/p>\n<p>Under fyra veckor f\u00f6rvandlar olika bodar i den gamla stadsk\u00e4rnan residensstaden Celle till julstaden Celle.<\/p>\n<ul>\n<li>Lichterparade am 1.und 3. Adventssamstag<\/li>\n<li>Rysk sv\u00e4ngning p\u00e5 den stora planen<\/li>\n<li>14 meter h\u00f6g julpyramid p\u00e5 Robert-Meyer-Platz<\/li>\n<li>25 meter h\u00f6g julgran p\u00e5 k\u00f6rbanan<\/li>\n<li>Riktig smed<\/li>\n<li>J\u00e4rnv\u00e4g och karusell f\u00f6r barn<\/li>\n<\/ul>\n      <\/div>\n    <\/div>\n    <\/div>\n<\/div>\n\n\n<p class=\"h3\"><strong>Julmarknad i Celle<\/strong><\/p>\n\n <div class=\"brlbs-cmpnt-container brlbs-cmpnt-content-blocker brlbs-cmpnt-with-individual-styles\" data-borlabs-cookie-content-blocker-id=\"google-maps\" data-borlabs-cookie-content=\"PGlmcmFtZSBzcmM9Imh0dHBzOi8vd3d3Lmdvb2dsZS5jb20vbWFwcy9lbWJlZD9wYj0hMW0xOCExbTEyITFtMyExZDExNDMuMDU5NDY0NDI4MjYzMyEyZDEwLjA3OTk5MDEzNjc4MzAwMSEzZDUyLjYyNDM5NTQwMjkyOTA0ITJtMyExZjAhMmYwITNmMCEzbTIhMWkxMDI0ITJpNzY4ITRmMTMuMSEzbTMhMW0yITFzMHg0N2IwMjMyYzBhMmYyNWFmJTNBMHgzOGIxMTMxNjViMmNkOTQxITJzQ2VsbGUlMjBBbHRzdGFkdCE1ZTAhM20yITFzZGUhMnNkZSE0djE2OTIxODQyMzM4MTYhNW0yITFzZGUhMnNkZSIgd2lkdGg9IjYwMCIgaGVpZ2h0PSI0NTAiIHN0eWxlPSJib3JkZXI6MDsiIGFsbG93ZnVsbHNjcmVlbj0iIiBsb2FkaW5nPSJsYXp5IiByZWZlcnJlcnBvbGljeT0ibm8tcmVmZXJyZXItd2hlbi1kb3duZ3JhZGUiPjwvaWZyYW1lPg==\"><div class=\"brlbs-cmpnt-cb-preset-b brlbs-cmpnt-cb-google-maps\"> <div class=\"brlbs-cmpnt-cb-thumbnail\" style=\"background-image: url('https:\/\/9staedte.de\/wp-content\/uploads\/borlabs-cookie\/1\/brlbs-cb-google-maps-main.png')\"><\/div> <div class=\"brlbs-cmpnt-cb-main\"> <div class=\"brlbs-cmpnt-cb-content\"> <p class=\"brlbs-cmpnt-cb-description\">You are currently viewing a placeholder content from <strong>Google Maps<\/strong>. To access the actual content, click the button below. Please note that doing so will share data with third-party providers.<\/p> <a class=\"brlbs-cmpnt-cb-provider-toggle\" href=\"#\" data-borlabs-cookie-show-provider-information role=\"button\">More Information<\/a> <\/div> <div class=\"brlbs-cmpnt-cb-buttons\"> <a class=\"brlbs-cmpnt-cb-btn\" href=\"#\" data-borlabs-cookie-unblock role=\"button\">Unblock content<\/a> <a class=\"brlbs-cmpnt-cb-btn\" href=\"#\" data-borlabs-cookie-accept-service role=\"button\" style=\"display: inherit\">Accept required service and unblock content<\/a> <\/div> <\/div> <\/div><\/div>\n\n<div style=\"height:36px\" aria-hidden=\"true\" class=\"wp-block-spacer\"><\/div>\n","protected":false},"excerpt":{"rendered":"<p>Julmagi med korsvirkesk\u00e4nsla N\u00e4r doften av rostade mandlar, cr\u00eapes och gl\u00f6gg fyller luften \u00f6ver den festligt upplysta gamla stan i Celle i slutet av november \u00e4r det \u00e4ntligen dags igen: Celles julmarknad \u00f6ppnar sina d\u00f6rrar! Att i lugn och ro strosa runt p\u00e5 den idylliska julmarknaden och leta efter sm\u00e5 julklappar eller nya julgranskulor ger [&hellip;]<\/p>\n","protected":false},"author":1,"featured_media":24549,"parent":14588,"menu_order":0,"comment_status":"closed","ping_status":"closed","template":"pagetemplates\/template-stadtthema.php","meta":{"_acf_changed":false,"footnotes":""},"categories":[],"tags":[],"ncap_cities_tax":[428,498],"class_list":["post-14274","page","type-page","status-publish","has-post-thumbnail","hentry","ncap_cities_tax-celle-sv","ncap_cities_tax-weihnachtsmarkte-celle-sv"],"acf":[],"yoast_head":"<!-- This site is optimized with the Yoast SEO plugin v26.8 - https:\/\/yoast.com\/product\/yoast-seo-wordpress\/ -->\n<title>Julmarknad i Celle - 9 St\u00e4dte in Niedersachsen<\/title>\n<meta name=\"description\" content=\"Julmarknad i Celle: Julk\u00e4nsla och magi i korsvirkeshusen. Glittrande ljus och st\u00e4mningsfullt dekorerade st\u00e5nd i Celles gamla stadsk\u00e4rna.\" \/>\n<meta name=\"robots\" content=\"index, follow, max-snippet:-1, max-image-preview:large, max-video-preview:-1\" \/>\n<link rel=\"canonical\" href=\"https:\/\/9staedte.de\/sv\/celle-vacker-residensstad\/julmarknad-i-celle\/\" \/>\n<meta property=\"og:locale\" content=\"sv_SE\" \/>\n<meta property=\"og:type\" content=\"article\" \/>\n<meta property=\"og:title\" content=\"Julmarknad i Celle - 9 St\u00e4dte in Niedersachsen\" \/>\n<meta property=\"og:description\" content=\"Julmarknad i Celle: Julk\u00e4nsla och magi i korsvirkeshusen. Glittrande ljus och st\u00e4mningsfullt dekorerade st\u00e5nd i Celles gamla stadsk\u00e4rna.\" \/>\n<meta property=\"og:url\" content=\"https:\/\/9staedte.de\/sv\/celle-vacker-residensstad\/julmarknad-i-celle\/\" \/>\n<meta property=\"og:site_name\" content=\"9 St\u00e4dte in Niedersachsen\" \/>\n<meta property=\"article:modified_time\" content=\"2026-03-23T10:50:19+00:00\" \/>\n<meta property=\"og:image\" content=\"https:\/\/9staedte.de\/wp-content\/uploads\/2025\/02\/Celle-Christmas-Market-Grosser-Plan-cc0.jpg\" \/>\n\t<meta property=\"og:image:width\" content=\"1020\" \/>\n\t<meta property=\"og:image:height\" content=\"559\" \/>\n\t<meta property=\"og:image:type\" content=\"image\/jpeg\" \/>\n<meta name=\"twitter:card\" content=\"summary_large_image\" \/>\n<meta name=\"twitter:label1\" content=\"Ber\u00e4knad l\u00e4stid\" \/>\n\t<meta name=\"twitter:data1\" content=\"2 minuter\" \/>\n<script type=\"application\/ld+json\" class=\"yoast-schema-graph\">{\"@context\":\"https:\/\/schema.org\",\"@graph\":[{\"@type\":\"WebPage\",\"@id\":\"https:\/\/9staedte.de\/sv\/celle-vacker-residensstad\/julmarknad-i-celle\/\",\"url\":\"https:\/\/9staedte.de\/sv\/celle-vacker-residensstad\/julmarknad-i-celle\/\",\"name\":\"Julmarknad i Celle - 9 St\u00e4dte in Niedersachsen\",\"isPartOf\":{\"@id\":\"https:\/\/9staedte.de\/sv\/#website\"},\"primaryImageOfPage\":{\"@id\":\"https:\/\/9staedte.de\/sv\/celle-vacker-residensstad\/julmarknad-i-celle\/#primaryimage\"},\"image\":{\"@id\":\"https:\/\/9staedte.de\/sv\/celle-vacker-residensstad\/julmarknad-i-celle\/#primaryimage\"},\"thumbnailUrl\":\"https:\/\/9staedte.de\/wp-content\/uploads\/2025\/02\/Celle-Christmas-Market-Grosser-Plan-cc0.jpg\",\"datePublished\":\"2023-10-25T14:22:27+00:00\",\"dateModified\":\"2026-03-23T10:50:19+00:00\",\"description\":\"Julmarknad i Celle: Julk\u00e4nsla och magi i korsvirkeshusen. Glittrande ljus och st\u00e4mningsfullt dekorerade st\u00e5nd i Celles gamla stadsk\u00e4rna.\",\"breadcrumb\":{\"@id\":\"https:\/\/9staedte.de\/sv\/celle-vacker-residensstad\/julmarknad-i-celle\/#breadcrumb\"},\"inLanguage\":\"sv-SE\",\"potentialAction\":[{\"@type\":\"ReadAction\",\"target\":[\"https:\/\/9staedte.de\/sv\/celle-vacker-residensstad\/julmarknad-i-celle\/\"]}]},{\"@type\":\"ImageObject\",\"inLanguage\":\"sv-SE\",\"@id\":\"https:\/\/9staedte.de\/sv\/celle-vacker-residensstad\/julmarknad-i-celle\/#primaryimage\",\"url\":\"https:\/\/9staedte.de\/wp-content\/uploads\/2025\/02\/Celle-Christmas-Market-Grosser-Plan-cc0.jpg\",\"contentUrl\":\"https:\/\/9staedte.de\/wp-content\/uploads\/2025\/02\/Celle-Christmas-Market-Grosser-Plan-cc0.jpg\",\"width\":1020,\"height\":559,\"caption\":\"Celle Christmas Market, Gro\u00dfer Plan CC0\"},{\"@type\":\"BreadcrumbList\",\"@id\":\"https:\/\/9staedte.de\/sv\/celle-vacker-residensstad\/julmarknad-i-celle\/#breadcrumb\",\"itemListElement\":[{\"@type\":\"ListItem\",\"position\":1,\"name\":\"Startseite\",\"item\":\"https:\/\/9staedte.de\/sv\/\"},{\"@type\":\"ListItem\",\"position\":2,\"name\":\"Celle &#8211; Vacker residensstad\",\"item\":\"https:\/\/9staedte.de\/sv\/celle-vacker-residensstad\/\"},{\"@type\":\"ListItem\",\"position\":3,\"name\":\"Julmarknad i Celle\"}]},{\"@type\":\"WebSite\",\"@id\":\"https:\/\/9staedte.de\/sv\/#website\",\"url\":\"https:\/\/9staedte.de\/sv\/\",\"name\":\"9 St\u00e4dte in Niedersachsen\",\"description\":\"\",\"publisher\":{\"@id\":\"https:\/\/9staedte.de\/sv\/#organization\"},\"potentialAction\":[{\"@type\":\"SearchAction\",\"target\":{\"@type\":\"EntryPoint\",\"urlTemplate\":\"https:\/\/9staedte.de\/sv\/?s={search_term_string}\"},\"query-input\":{\"@type\":\"PropertyValueSpecification\",\"valueRequired\":true,\"valueName\":\"search_term_string\"}}],\"inLanguage\":\"sv-SE\"},{\"@type\":\"Organization\",\"@id\":\"https:\/\/9staedte.de\/sv\/#organization\",\"name\":\"9 St\u00e4dte in Niedersachsen\",\"url\":\"https:\/\/9staedte.de\/sv\/\",\"logo\":{\"@type\":\"ImageObject\",\"inLanguage\":\"sv-SE\",\"@id\":\"https:\/\/9staedte.de\/sv\/#\/schema\/logo\/image\/\",\"url\":\"https:\/\/9staedte.de\/wp-content\/uploads\/2025\/01\/9-neg-deutsch-2-1.png\",\"contentUrl\":\"https:\/\/9staedte.de\/wp-content\/uploads\/2025\/01\/9-neg-deutsch-2-1.png\",\"width\":190,\"height\":114,\"caption\":\"9 St\u00e4dte in Niedersachsen\"},\"image\":{\"@id\":\"https:\/\/9staedte.de\/sv\/#\/schema\/logo\/image\/\"}}]}<\/script>\n<!-- \/ Yoast SEO plugin. -->","yoast_head_json":{"title":"Julmarknad i Celle - 9 St\u00e4dte in Niedersachsen","description":"Julmarknad i Celle: Julk\u00e4nsla och magi i korsvirkeshusen. Glittrande ljus och st\u00e4mningsfullt dekorerade st\u00e5nd i Celles gamla stadsk\u00e4rna.","robots":{"index":"index","follow":"follow","max-snippet":"max-snippet:-1","max-image-preview":"max-image-preview:large","max-video-preview":"max-video-preview:-1"},"canonical":"https:\/\/9staedte.de\/sv\/celle-vacker-residensstad\/julmarknad-i-celle\/","og_locale":"sv_SE","og_type":"article","og_title":"Julmarknad i Celle - 9 St\u00e4dte in Niedersachsen","og_description":"Julmarknad i Celle: Julk\u00e4nsla och magi i korsvirkeshusen. Glittrande ljus och st\u00e4mningsfullt dekorerade st\u00e5nd i Celles gamla stadsk\u00e4rna.","og_url":"https:\/\/9staedte.de\/sv\/celle-vacker-residensstad\/julmarknad-i-celle\/","og_site_name":"9 St\u00e4dte in Niedersachsen","article_modified_time":"2026-03-23T10:50:19+00:00","og_image":[{"width":1020,"height":559,"url":"https:\/\/9staedte.de\/wp-content\/uploads\/2025\/02\/Celle-Christmas-Market-Grosser-Plan-cc0.jpg","type":"image\/jpeg"}],"twitter_card":"summary_large_image","twitter_misc":{"Ber\u00e4knad l\u00e4stid":"2 minuter"},"schema":{"@context":"https:\/\/schema.org","@graph":[{"@type":"WebPage","@id":"https:\/\/9staedte.de\/sv\/celle-vacker-residensstad\/julmarknad-i-celle\/","url":"https:\/\/9staedte.de\/sv\/celle-vacker-residensstad\/julmarknad-i-celle\/","name":"Julmarknad i Celle - 9 St\u00e4dte in Niedersachsen","isPartOf":{"@id":"https:\/\/9staedte.de\/sv\/#website"},"primaryImageOfPage":{"@id":"https:\/\/9staedte.de\/sv\/celle-vacker-residensstad\/julmarknad-i-celle\/#primaryimage"},"image":{"@id":"https:\/\/9staedte.de\/sv\/celle-vacker-residensstad\/julmarknad-i-celle\/#primaryimage"},"thumbnailUrl":"https:\/\/9staedte.de\/wp-content\/uploads\/2025\/02\/Celle-Christmas-Market-Grosser-Plan-cc0.jpg","datePublished":"2023-10-25T14:22:27+00:00","dateModified":"2026-03-23T10:50:19+00:00","description":"Julmarknad i Celle: Julk\u00e4nsla och magi i korsvirkeshusen. Glittrande ljus och st\u00e4mningsfullt dekorerade st\u00e5nd i Celles gamla stadsk\u00e4rna.","breadcrumb":{"@id":"https:\/\/9staedte.de\/sv\/celle-vacker-residensstad\/julmarknad-i-celle\/#breadcrumb"},"inLanguage":"sv-SE","potentialAction":[{"@type":"ReadAction","target":["https:\/\/9staedte.de\/sv\/celle-vacker-residensstad\/julmarknad-i-celle\/"]}]},{"@type":"ImageObject","inLanguage":"sv-SE","@id":"https:\/\/9staedte.de\/sv\/celle-vacker-residensstad\/julmarknad-i-celle\/#primaryimage","url":"https:\/\/9staedte.de\/wp-content\/uploads\/2025\/02\/Celle-Christmas-Market-Grosser-Plan-cc0.jpg","contentUrl":"https:\/\/9staedte.de\/wp-content\/uploads\/2025\/02\/Celle-Christmas-Market-Grosser-Plan-cc0.jpg","width":1020,"height":559,"caption":"Celle Christmas Market, Gro\u00dfer Plan CC0"},{"@type":"BreadcrumbList","@id":"https:\/\/9staedte.de\/sv\/celle-vacker-residensstad\/julmarknad-i-celle\/#breadcrumb","itemListElement":[{"@type":"ListItem","position":1,"name":"Startseite","item":"https:\/\/9staedte.de\/sv\/"},{"@type":"ListItem","position":2,"name":"Celle &#8211; Vacker residensstad","item":"https:\/\/9staedte.de\/sv\/celle-vacker-residensstad\/"},{"@type":"ListItem","position":3,"name":"Julmarknad i Celle"}]},{"@type":"WebSite","@id":"https:\/\/9staedte.de\/sv\/#website","url":"https:\/\/9staedte.de\/sv\/","name":"9 St\u00e4dte in Niedersachsen","description":"","publisher":{"@id":"https:\/\/9staedte.de\/sv\/#organization"},"potentialAction":[{"@type":"SearchAction","target":{"@type":"EntryPoint","urlTemplate":"https:\/\/9staedte.de\/sv\/?s={search_term_string}"},"query-input":{"@type":"PropertyValueSpecification","valueRequired":true,"valueName":"search_term_string"}}],"inLanguage":"sv-SE"},{"@type":"Organization","@id":"https:\/\/9staedte.de\/sv\/#organization","name":"9 St\u00e4dte in Niedersachsen","url":"https:\/\/9staedte.de\/sv\/","logo":{"@type":"ImageObject","inLanguage":"sv-SE","@id":"https:\/\/9staedte.de\/sv\/#\/schema\/logo\/image\/","url":"https:\/\/9staedte.de\/wp-content\/uploads\/2025\/01\/9-neg-deutsch-2-1.png","contentUrl":"https:\/\/9staedte.de\/wp-content\/uploads\/2025\/01\/9-neg-deutsch-2-1.png","width":190,"height":114,"caption":"9 St\u00e4dte in Niedersachsen"},"image":{"@id":"https:\/\/9staedte.de\/sv\/#\/schema\/logo\/image\/"}}]}},"_links":{"self":[{"href":"https:\/\/9staedte.de\/sv\/wp-json\/wp\/v2\/pages\/14274","targetHints":{"allow":["GET"]}}],"collection":[{"href":"https:\/\/9staedte.de\/sv\/wp-json\/wp\/v2\/pages"}],"about":[{"href":"https:\/\/9staedte.de\/sv\/wp-json\/wp\/v2\/types\/page"}],"author":[{"embeddable":true,"href":"https:\/\/9staedte.de\/sv\/wp-json\/wp\/v2\/users\/1"}],"replies":[{"embeddable":true,"href":"https:\/\/9staedte.de\/sv\/wp-json\/wp\/v2\/comments?post=14274"}],"version-history":[{"count":12,"href":"https:\/\/9staedte.de\/sv\/wp-json\/wp\/v2\/pages\/14274\/revisions"}],"predecessor-version":[{"id":27616,"href":"https:\/\/9staedte.de\/sv\/wp-json\/wp\/v2\/pages\/14274\/revisions\/27616"}],"up":[{"embeddable":true,"href":"https:\/\/9staedte.de\/sv\/wp-json\/wp\/v2\/pages\/14588"}],"wp:featuredmedia":[{"embeddable":true,"href":"https:\/\/9staedte.de\/sv\/wp-json\/wp\/v2\/media\/24549"}],"wp:attachment":[{"href":"https:\/\/9staedte.de\/sv\/wp-json\/wp\/v2\/media?parent=14274"}],"wp:term":[{"taxonomy":"category","embeddable":true,"href":"https:\/\/9staedte.de\/sv\/wp-json\/wp\/v2\/categories?post=14274"},{"taxonomy":"post_tag","embeddable":true,"href":"https:\/\/9staedte.de\/sv\/wp-json\/wp\/v2\/tags?post=14274"},{"taxonomy":"ncap_cities_tax","embeddable":true,"href":"https:\/\/9staedte.de\/sv\/wp-json\/wp\/v2\/ncap_cities_tax?post=14274"}],"curies":[{"name":"wp","href":"https:\/\/api.w.org\/{rel}","templated":true}]}}